{"id":704,"date":"2021-06-24T10:37:33","date_gmt":"2021-06-24T08:37:33","guid":{"rendered":"https:\/\/discover-culture.com\/partner\/\/touren\/"},"modified":"2023-04-14T11:25:08","modified_gmt":"2023-04-14T09:25:08","slug":"daniel-spoerri-der-k%c3%bcnstler-im-gespr%c3%a4ch","status":"publish","type":"product","link":"https:\/\/discover-culture.com\/partner\/bank-austria-kunstforum-wien\/touren\/daniel-spoerri-der-k%c3%bcnstler-im-gespr%c3%a4ch","title":{"rendered":"\u0414\u0430\u043d\u0438\u044d\u043b\u044c \u0428\u043f\u0435\u0440\u0440\u0438, \u0445\u0443\u0434\u043e\u0436\u043d\u0438\u043a \u0432 \u0431\u0435\u0441\u0435\u0434\u0435"},"content":{"rendered":"<section id='lightpress__section--block_3e01eedf9468c7166d3621ef2e3626c6' class='lightpress__section lightpress__section--content'><div class=\"content__grid content__grid--fifty-fifty\">\n    <div class=\"content__box content__box\">\n                                                        <h3 class=\"text-image__heading\">\"\u041f\u0440\u043e\u0435\u043a\u0442\u0438\u0440\u043e\u0432\u0430\u043d\u0438\u0435 \u0436\u0438\u0437\u043d\u0438 \u043a\u0430\u043a \u043f\u0440\u043e\u0438\u0437\u0432\u0435\u0434\u0435\u043d\u0438\u044f \u0438\u0441\u043a\u0443\u0441\u0441\u0442\u0432\u0430 \u043a\u0430\u0436\u0435\u0442\u0441\u044f \u043c\u043d\u0435 \u0434\u043e\u0432\u043e\u043b\u044c\u043d\u043e \u043f\u0440\u0438\u044f\u0442\u043d\u044b\u043c \u0437\u0430\u043d\u044f\u0442\u0438\u0435\u043c \u0432 \u0436\u0438\u0437\u043d\u0438\" (\u0414\u0430\u043d\u0438\u044d\u043b\u044c \u0428\u043f\u0435\u0440\u0440\u0438).<\/h3>\n<div class=\"text-image__excerpt\">\n<p>\u0412\u0442\u043e\u0440\u0430\u044f \u0436\u0438\u0432\u0430\u044f \u044d\u043a\u0441\u043a\u0443\u0440\u0441\u0438\u044f \u043f\u043e \u0432\u044b\u0441\u0442\u0430\u0432\u043a\u0435\u00a0<em>\u0414\u0430\u043d\u0438\u044d\u043b\u044c \u0428\u043f\u0435\u0440\u0440\u0438<\/em>\u00a0\u0434\u0430\u0435\u0442 \u0432\u0430\u043c \u0432\u043e\u0437\u043c\u043e\u0436\u043d\u043e\u0441\u0442\u044c \u0432\u0441\u0442\u0440\u0435\u0442\u0438\u0442\u044c\u0441\u044f \u0441 \u0441\u0430\u043c\u0438\u043c \u0445\u0443\u0434\u043e\u0436\u043d\u0438\u043a\u043e\u043c.<\/p>\n<p><span class=\"text-image__excerpt--small\"><em>\u0414\u0430\u043d\u0438\u044d\u043b\u044c \u0428\u043f\u0435\u0440\u0440\u0438<\/em>, \u00a9 \u0420\u0438\u0442\u0430 \u041d\u044c\u044e\u043c\u0430\u043d (\u0434\u0435\u0442\u0430\u043b\u044c)<\/span><\/p>\n<\/div>\n\n                                        <\/div>\n            <div class=\"content__box content__box\">\n                                                                    <img decoding=\"async\" class=\"content__image\" src=\"https:\/\/discover-culture.com\/wp-content\/uploads\/Daniel_Spoerri-1.jpg\" alt=\"\u0414\u0430\u043d\u0438\u044d\u043b\u044c \u0428\u043f\u0435\u0440\u0440\u0438 1\" loading=\"lazy\">\n                                                        <\/div>\n    <\/div><\/section>\n\n<section id='lightpress__section--block_7390a2c0bb88716f037f15ed272cc121' class='lightpress__section lightpress__section--content'><div class=\"content__grid content__grid--fifty-fifty\">\n    <div class=\"content__box content__box\">\n                                                    <img decoding=\"async\" class=\"content__image\" src=\"https:\/\/discover-culture.com\/wp-content\/uploads\/Se-laisser-1.jpg\" alt=\"Se laisser 1\" loading=\"lazy\">\n                                        <\/div>\n            <div class=\"content__box content__box\">\n                                                                        <p>&nbsp;<\/p>\n<p>&nbsp;<\/p>\n<p>&nbsp;<\/p>\n<p>&nbsp;<\/p>\n<p>\u0414\u0430\u043d\u0438\u044d\u043b\u044c \u0428\u043f\u0435\u0440\u0440\u0438 - \u0432 \u0434\u0438\u0430\u043b\u043e\u0433\u0435 \u0441 \u043a\u0443\u0440\u0430\u0442\u043e\u0440\u043e\u043c \u0412\u0435\u0440\u043e\u043d\u0438\u043a\u043e\u0439 \u0420\u0443\u0434\u043e\u0440\u0444\u0435\u0440 - \u043e\u0442\u043a\u0440\u044b\u0432\u0430\u0435\u0442 \u043e\u0447\u0435\u043d\u044c \u043b\u0438\u0447\u043d\u044b\u0439 \u0432\u0437\u0433\u043b\u044f\u0434 \u043d\u0430 \u0441\u0432\u043e\u0439 \u043c\u0438\u0440, \u0432 \u043a\u043e\u0442\u043e\u0440\u043e\u043c \u0433\u0440\u0430\u043d\u0438\u0446\u0430 \u043c\u0435\u0436\u0434\u0443 \u0438\u0441\u043a\u0443\u0441\u0441\u0442\u0432\u043e\u043c \u0438 \u043f\u043e\u0432\u0441\u0435\u0434\u043d\u0435\u0432\u043d\u043e\u0439 \u0436\u0438\u0437\u043d\u044c\u044e \u043a\u0430\u0436\u0435\u0442\u0441\u044f \u0440\u0430\u0437\u043c\u044b\u0442\u043e\u0439.<\/p>\n<p><span class=\"text-image__excerpt--small\">\u0414\u044d\u043d\u0438\u0435\u043b \u0421\u043f\u0435\u0440\u0440\u0438,\u00a0<em>\u041f\u043e\u043b\u043e\u0436\u0438\u0442\u0435 \u043b\u0430\u0439\u043d \u043d\u0430 \u0434\u043e\u0441\u043a\u0443.<\/em>, 1965, \u0421\u0431\u043e\u0440\u043a\u0430, 100 \u00d7 100 \u00d7 29 \u0441\u043c, \u041a\u043e\u043b\u043b\u0435\u043a\u0446\u0438\u044f \u0411\u0438\u0448\u043e\u0444\u0431\u0435\u0440\u0433\u0435\u0440\u0430, \u041c\u0435\u043d\u043d\u0435\u0434\u043e\u0440\u0444-\u0426\u044e\u0440\u0438\u0445, \u0428\u0432\u0435\u0439\u0446\u0430\u0440\u0438\u044f \u00a9 \u0414\u0430\u043d\u0438\u044d\u043b\u044c \u0428\u043f\u0435\u0440\u0440\u0438 \u0438 Bildrecht \u0412\u0435\u043d\u0430, 2021 (\u0434\u0435\u0442\u0430\u043b\u044c)<\/span><\/p>\n\n                                                        <\/div>\n    <\/div><\/section>\n\n<section id='lightpress__section--block_a3ae67b48c5a65788ee7d2df3c8bdcd9' class='lightpress__section lightpress__section--card-item-content'><div class=\"card-item\">\n  \n      <picture class=\"card-item__background-image\">\n      <source srcset=\"https:\/\/discover-culture.com\/wp-content\/uploads\/call_to_action_livestream.webp\" type=\"image\/webp\">\n      <source srcset=\"https:\/\/discover-culture.com\/wp-content\/uploads\/call_to_action_livestream.jpg\" type=\"image\/jpeg\">\n      <img decoding=\"async\" loading=\"lazy\" src=\"https:\/\/discover-culture.com\/wp-content\/uploads\/call_to_action_livestream.jpg\" alt=\"\u0436\u0438\u0432\u0430\u044f \u0442\u0440\u0430\u043d\u0441\u043b\u044f\u0446\u0438\u044f \u043f\u0440\u0438\u0437\u044b\u0432\u0430 \u043a \u0434\u0435\u0439\u0441\u0442\u0432\u0438\u044e\">\n    <\/picture>\n    <div id='lightpress__section--block_69d2ce5162e9b' class='lightpress__section--content'><div class=\"content__grid content__grid\">\n    <div class=\"content__box content__box--one-hundred\">\n                                                        <p><a class=\"lcyd__button lcyd__button--arrow lcyd__button--light\" href=\"https:\/\/www.kunstforumwien.at\/\" target=\"_blank\" rel=\"noopener\">\u0414\u043e\u043f\u043e\u043b\u043d\u0438\u0442\u0435\u043b\u044c\u043d\u0430\u044f \u0438\u043d\u0444\u043e\u0440\u043c\u0430\u0446\u0438\u044f<\/a><\/p>\n\n                                        <\/div>\n    <\/div><\/div>\n<\/div>\n<\/section>","protected":false},"excerpt":{"rendered":"<p>\u041f\u0440\u0438\u0441\u043e\u0435\u0434\u0438\u043d\u044f\u0439\u0442\u0435\u0441\u044c \u043a \u043d\u0430\u0448\u0438\u043c \u0436\u0438\u0432\u044b\u043c \u044d\u043a\u0441\u043a\u0443\u0440\u0441\u0438\u044f\u043c \u0441 \u0433\u0438\u0434\u043e\u043c \u0438\u0437 \u0434\u043e\u043c\u0430 \u0438 \u043f\u043e\u0437\u043d\u0430\u043a\u043e\u043c\u044c\u0442\u0435\u0441\u044c \u0441 \u0432\u044b\u0441\u0442\u0430\u0432\u043a\u043e\u0439\u00a0<em>\u0414\u0430\u043d\u0438\u044d\u043b\u044c \u0428\u043f\u0435\u0440\u0440\u0438\u00a0<\/em>\u00a0(24.3-27.6.2021) \u0431\u0443\u0434\u0435\u0442 \u043a\u0430\u0436\u0434\u044b\u0439 \u0440\u0430\u0437 \u0440\u0430\u0437\u043d\u044b\u043c: \u0432\u043e \u0432\u0442\u043e\u0440\u043e\u0439 \u0447\u0430\u0441\u0442\u0438 \u0436\u0438\u0432\u044b\u0445 \u0433\u0430\u0441\u0442\u0440\u043e\u043b\u0435\u0439 \u0441\u0432\u043e\u0435 \u0441\u043b\u043e\u0432\u043e \u0441\u043a\u0430\u0436\u0435\u0442 \u0441\u0430\u043c \u0445\u0443\u0434\u043e\u0436\u043d\u0438\u043a \u0414\u0430\u043d\u0438\u044d\u043b\u044c \u0421\u043f\u043e\u044d\u0440\u0440\u0438.<\/p>","protected":false},"featured_media":705,"template":"","meta":{"_acf_changed":false,"_relevanssi_hide_post":"","_relevanssi_hide_content":"","_relevanssi_pin_for_all":"","_relevanssi_pin_keywords":"","_relevanssi_unpin_keywords":"","_relevanssi_related_keywords":"","_relevanssi_related_include_ids":"","_relevanssi_related_exclude_ids":"","_relevanssi_related_no_append":"","_relevanssi_related_not_related":"","_relevanssi_related_posts":"3844,3848,3841,3845,3849","_relevanssi_noindex_reason":""},"product_brand":[],"product_cat":[21],"product_tag":[],"class_list":["product-available","product","first","instock","virtual","sold-individually","taxable","purchasable","product-type-simple"],"bundled_by":[],"bundle_stock_status":"instock","bundle_stock_quantity":null,"bundle_virtual":false,"bundle_layout":"","bundle_add_to_cart_form_location":"","bundle_editable_in_cart":false,"bundle_sold_individually_context":"","bundle_item_grouping":"","bundle_min_size":"","bundle_max_size":"","bundle_price":[],"bundled_items":[],"bundle_sell_ids":[],"acf":[],"yoast_head":"<!-- This site is optimized with the Yoast SEO Premium plugin v25.7.1 (Yoast SEO v26.8) - https:\/\/yoast.com\/product\/yoast-seo-premium-wordpress\/ -->\n<title>Daniel Spoerri, Der K\u00fcnstler im Gespr\u00e4ch - Discover-Culture<\/title>\n<meta name=\"description\" content=\"Finden Sie hier alle Informationen zum Produkt Daniel Spoerri, Der K\u00fcnstler im Gespr\u00e4ch und betreten Sie die neue Welt von Kunst und Kultur!\" \/>\n<meta name=\"robots\" content=\"index, follow, max-snippet:-1, max-image-preview:large, max-video-preview:-1\" \/>\n<link rel=\"canonical\" href=\"https:\/\/discover-culture.com\/ru\/partner\/bank-austria-kunstforum-wien\/touren\/daniel-spoerri-der-k\u00fcnstler-im-gespr\u00e4ch\/\" \/>\n<meta property=\"og:locale\" content=\"ru_RU\" \/>\n<meta property=\"og:type\" content=\"article\" \/>\n<meta property=\"og:title\" content=\"Daniel Spoerri, Der K\u00fcnstler im Gespr\u00e4ch\" \/>\n<meta property=\"og:description\" content=\"Finden Sie hier alle Informationen zum Produkt Daniel Spoerri, Der K\u00fcnstler im Gespr\u00e4ch und betreten Sie die neue Welt von Kunst und Kultur!\" \/>\n<meta property=\"og:url\" content=\"https:\/\/discover-culture.com\/ru\/partner\/bank-austria-kunstforum-wien\/touren\/daniel-spoerri-der-k\u00fcnstler-im-gespr\u00e4ch\/\" \/>\n<meta property=\"og:site_name\" content=\"Discover-Culture\" \/>\n<meta property=\"article:modified_time\" content=\"2023-04-14T09:25:08+00:00\" \/>\n<meta property=\"og:image\" content=\"https:\/\/discover-culture.com\/wp-content\/uploads\/Daniel_Spoerri.jpeg\" \/>\n\t<meta property=\"og:image:width\" content=\"1095\" \/>\n\t<meta property=\"og:image:height\" content=\"731\" \/>\n\t<meta property=\"og:image:type\" content=\"image\/jpeg\" \/>\n<meta name=\"twitter:card\" content=\"summary_large_image\" \/>\n<script type=\"application\/ld+json\" class=\"yoast-schema-graph\">{\"@context\":\"https:\/\/schema.org\",\"@graph\":[{\"@type\":\"WebPage\",\"@id\":\"https:\/\/discover-culture.com\/partner\/bank-austria-kunstforum-wien\/touren\/daniel-spoerri-der-k%c3%bcnstler-im-gespr%c3%a4ch\/\",\"url\":\"https:\/\/discover-culture.com\/partner\/bank-austria-kunstforum-wien\/touren\/daniel-spoerri-der-k%c3%bcnstler-im-gespr%c3%a4ch\/\",\"name\":\"Daniel Spoerri, Der K\u00fcnstler im Gespr\u00e4ch - Discover-Culture\",\"isPartOf\":{\"@id\":\"https:\/\/discover-culture.com\/de\/#website\"},\"primaryImageOfPage\":{\"@id\":\"https:\/\/discover-culture.com\/partner\/bank-austria-kunstforum-wien\/touren\/daniel-spoerri-der-k%c3%bcnstler-im-gespr%c3%a4ch\/#primaryimage\"},\"image\":{\"@id\":\"https:\/\/discover-culture.com\/partner\/bank-austria-kunstforum-wien\/touren\/daniel-spoerri-der-k%c3%bcnstler-im-gespr%c3%a4ch\/#primaryimage\"},\"thumbnailUrl\":\"https:\/\/discover-culture.com\/wp-content\/uploads\/Daniel_Spoerri.jpeg\",\"datePublished\":\"2021-06-24T08:37:33+00:00\",\"dateModified\":\"2023-04-14T09:25:08+00:00\",\"description\":\"Finden Sie hier alle Informationen zum Produkt Daniel Spoerri, Der K\u00fcnstler im Gespr\u00e4ch und betreten Sie die neue Welt von Kunst und Kultur!\",\"breadcrumb\":{\"@id\":\"https:\/\/discover-culture.com\/partner\/bank-austria-kunstforum-wien\/touren\/daniel-spoerri-der-k%c3%bcnstler-im-gespr%c3%a4ch\/#breadcrumb\"},\"inLanguage\":\"ru-RU\",\"potentialAction\":[{\"@type\":\"ReadAction\",\"target\":[\"https:\/\/discover-culture.com\/partner\/bank-austria-kunstforum-wien\/touren\/daniel-spoerri-der-k%c3%bcnstler-im-gespr%c3%a4ch\/\"]}]},{\"@type\":\"ImageObject\",\"inLanguage\":\"ru-RU\",\"@id\":\"https:\/\/discover-culture.com\/partner\/bank-austria-kunstforum-wien\/touren\/daniel-spoerri-der-k%c3%bcnstler-im-gespr%c3%a4ch\/#primaryimage\",\"url\":\"https:\/\/discover-culture.com\/wp-content\/uploads\/Daniel_Spoerri.jpeg\",\"contentUrl\":\"https:\/\/discover-culture.com\/wp-content\/uploads\/Daniel_Spoerri.jpeg\",\"width\":1095,\"height\":731,\"caption\":\"Daniel Spoerri\"},{\"@type\":\"BreadcrumbList\",\"@id\":\"https:\/\/discover-culture.com\/partner\/bank-austria-kunstforum-wien\/touren\/daniel-spoerri-der-k%c3%bcnstler-im-gespr%c3%a4ch\/#breadcrumb\",\"itemListElement\":[{\"@type\":\"ListItem\",\"position\":1,\"name\":\"Home\",\"item\":\"https:\/\/discover-culture.com\/\"},{\"@type\":\"ListItem\",\"position\":2,\"name\":\"Produkte\",\"item\":\"https:\/\/discover-culture.com\/de\/shop\/\"},{\"@type\":\"ListItem\",\"position\":3,\"name\":\"Daniel Spoerri, Der K\u00fcnstler im Gespr\u00e4ch\"}]},{\"@type\":\"WebSite\",\"@id\":\"https:\/\/discover-culture.com\/de\/#website\",\"url\":\"https:\/\/discover-culture.com\/de\/\",\"name\":\"Discover-Culture\",\"description\":\"\",\"potentialAction\":[{\"@type\":\"SearchAction\",\"target\":{\"@type\":\"EntryPoint\",\"urlTemplate\":\"https:\/\/discover-culture.com\/de\/?s={search_term_string}\"},\"query-input\":{\"@type\":\"PropertyValueSpecification\",\"valueRequired\":true,\"valueName\":\"search_term_string\"}}],\"inLanguage\":\"ru-RU\"}]}<\/script>\n<!-- \/ Yoast SEO Premium plugin. -->","yoast_head_json":{"title":"\u0414\u0430\u043d\u0438\u044d\u043b\u044c \u0428\u043f\u0435\u0440\u0440\u0438, \u0445\u0443\u0434\u043e\u0436\u043d\u0438\u043a \u0432 \u0431\u0435\u0441\u0435\u0434\u0435 - Discover-Culture","description":"\u041d\u0430\u0439\u0434\u0438\u0442\u0435 \u0437\u0434\u0435\u0441\u044c \u0432\u0441\u044e \u0438\u043d\u0444\u043e\u0440\u043c\u0430\u0446\u0438\u044e \u043e \u0442\u043e\u0432\u0430\u0440\u0435 Daniel Spoerri, The Artist in Conversation \u0438 \u0432\u043e\u0439\u0434\u0438\u0442\u0435 \u0432 \u043d\u043e\u0432\u044b\u0439 \u043c\u0438\u0440 \u0438\u0441\u043a\u0443\u0441\u0441\u0442\u0432\u0430 \u0438 \u043a\u0443\u043b\u044c\u0442\u0443\u0440\u044b!","robots":{"index":"index","follow":"follow","max-snippet":"max-snippet:-1","max-image-preview":"max-image-preview:large","max-video-preview":"max-video-preview:-1"},"canonical":"https:\/\/discover-culture.com\/ru\/partner\/bank-austria-kunstforum-wien\/touren\/daniel-spoerri-der-k\u00fcnstler-im-gespr\u00e4ch\/","og_locale":"ru_RU","og_type":"article","og_title":"Daniel Spoerri, Der K\u00fcnstler im Gespr\u00e4ch","og_description":"Finden Sie hier alle Informationen zum Produkt Daniel Spoerri, Der K\u00fcnstler im Gespr\u00e4ch und betreten Sie die neue Welt von Kunst und Kultur!","og_url":"https:\/\/discover-culture.com\/ru\/partner\/bank-austria-kunstforum-wien\/touren\/daniel-spoerri-der-k\u00fcnstler-im-gespr\u00e4ch\/","og_site_name":"Discover-Culture","article_modified_time":"2023-04-14T09:25:08+00:00","og_image":[{"width":1095,"height":731,"url":"https:\/\/discover-culture.com\/wp-content\/uploads\/Daniel_Spoerri.jpeg","type":"image\/jpeg"}],"twitter_card":"summary_large_image","schema":{"@context":"https:\/\/schema.org","@graph":[{"@type":"WebPage","@id":"https:\/\/discover-culture.com\/partner\/bank-austria-kunstforum-wien\/touren\/daniel-spoerri-der-k%c3%bcnstler-im-gespr%c3%a4ch\/","url":"https:\/\/discover-culture.com\/partner\/bank-austria-kunstforum-wien\/touren\/daniel-spoerri-der-k%c3%bcnstler-im-gespr%c3%a4ch\/","name":"\u0414\u0430\u043d\u0438\u044d\u043b\u044c \u0428\u043f\u0435\u0440\u0440\u0438, \u0445\u0443\u0434\u043e\u0436\u043d\u0438\u043a \u0432 \u0431\u0435\u0441\u0435\u0434\u0435 - Discover-Culture","isPartOf":{"@id":"https:\/\/discover-culture.com\/de\/#website"},"primaryImageOfPage":{"@id":"https:\/\/discover-culture.com\/partner\/bank-austria-kunstforum-wien\/touren\/daniel-spoerri-der-k%c3%bcnstler-im-gespr%c3%a4ch\/#primaryimage"},"image":{"@id":"https:\/\/discover-culture.com\/partner\/bank-austria-kunstforum-wien\/touren\/daniel-spoerri-der-k%c3%bcnstler-im-gespr%c3%a4ch\/#primaryimage"},"thumbnailUrl":"https:\/\/discover-culture.com\/wp-content\/uploads\/Daniel_Spoerri.jpeg","datePublished":"2021-06-24T08:37:33+00:00","dateModified":"2023-04-14T09:25:08+00:00","description":"\u041d\u0430\u0439\u0434\u0438\u0442\u0435 \u0437\u0434\u0435\u0441\u044c \u0432\u0441\u044e \u0438\u043d\u0444\u043e\u0440\u043c\u0430\u0446\u0438\u044e \u043e \u0442\u043e\u0432\u0430\u0440\u0435 Daniel Spoerri, The Artist in Conversation \u0438 \u0432\u043e\u0439\u0434\u0438\u0442\u0435 \u0432 \u043d\u043e\u0432\u044b\u0439 \u043c\u0438\u0440 \u0438\u0441\u043a\u0443\u0441\u0441\u0442\u0432\u0430 \u0438 \u043a\u0443\u043b\u044c\u0442\u0443\u0440\u044b!","breadcrumb":{"@id":"https:\/\/discover-culture.com\/partner\/bank-austria-kunstforum-wien\/touren\/daniel-spoerri-der-k%c3%bcnstler-im-gespr%c3%a4ch\/#breadcrumb"},"inLanguage":"ru-RU","potentialAction":[{"@type":"ReadAction","target":["https:\/\/discover-culture.com\/partner\/bank-austria-kunstforum-wien\/touren\/daniel-spoerri-der-k%c3%bcnstler-im-gespr%c3%a4ch\/"]}]},{"@type":"ImageObject","inLanguage":"ru-RU","@id":"https:\/\/discover-culture.com\/partner\/bank-austria-kunstforum-wien\/touren\/daniel-spoerri-der-k%c3%bcnstler-im-gespr%c3%a4ch\/#primaryimage","url":"https:\/\/discover-culture.com\/wp-content\/uploads\/Daniel_Spoerri.jpeg","contentUrl":"https:\/\/discover-culture.com\/wp-content\/uploads\/Daniel_Spoerri.jpeg","width":1095,"height":731,"caption":"Daniel Spoerri"},{"@type":"BreadcrumbList","@id":"https:\/\/discover-culture.com\/partner\/bank-austria-kunstforum-wien\/touren\/daniel-spoerri-der-k%c3%bcnstler-im-gespr%c3%a4ch\/#breadcrumb","itemListElement":[{"@type":"ListItem","position":1,"name":"Home","item":"https:\/\/discover-culture.com\/"},{"@type":"ListItem","position":2,"name":"Produkte","item":"https:\/\/discover-culture.com\/de\/shop\/"},{"@type":"ListItem","position":3,"name":"Daniel Spoerri, Der K\u00fcnstler im Gespr\u00e4ch"}]},{"@type":"WebSite","@id":"https:\/\/discover-culture.com\/de\/#website","url":"https:\/\/discover-culture.com\/de\/","name":"Discover-Culture","description":"","potentialAction":[{"@type":"SearchAction","target":{"@type":"EntryPoint","urlTemplate":"https:\/\/discover-culture.com\/de\/?s={search_term_string}"},"query-input":{"@type":"PropertyValueSpecification","valueRequired":true,"valueName":"search_term_string"}}],"inLanguage":"ru-RU"}]}},"_links":{"self":[{"href":"https:\/\/discover-culture.com\/ru\/wp-json\/wp\/v2\/product\/704","targetHints":{"allow":["GET"]}}],"collection":[{"href":"https:\/\/discover-culture.com\/ru\/wp-json\/wp\/v2\/product"}],"about":[{"href":"https:\/\/discover-culture.com\/ru\/wp-json\/wp\/v2\/types\/product"}],"wp:featuredmedia":[{"embeddable":true,"href":"https:\/\/discover-culture.com\/ru\/wp-json\/wp\/v2\/media\/705"}],"wp:attachment":[{"href":"https:\/\/discover-culture.com\/ru\/wp-json\/wp\/v2\/media?parent=704"}],"wp:term":[{"taxonomy":"product_brand","embeddable":true,"href":"https:\/\/discover-culture.com\/ru\/wp-json\/wp\/v2\/product_brand?post=704"},{"taxonomy":"product_cat","embeddable":true,"href":"https:\/\/discover-culture.com\/ru\/wp-json\/wp\/v2\/product_cat?post=704"},{"taxonomy":"product_tag","embeddable":true,"href":"https:\/\/discover-culture.com\/ru\/wp-json\/wp\/v2\/product_tag?post=704"}],"curies":[{"name":"wp","href":"https:\/\/api.w.org\/{rel}","templated":true}]}}