{"id":384,"date":"2021-06-23T10:07:00","date_gmt":"2021-06-23T08:07:00","guid":{"rendered":"https:\/\/discover-culture.com\/?page_id=384"},"modified":"2026-02-18T12:44:25","modified_gmt":"2026-02-18T10:44:25","slug":"partner-werden","status":"publish","type":"page","link":"https:\/\/discover-culture.com\/ru\/partner-werden\/","title":{"rendered":"\u0421\u0442\u0430\u0442\u044c \u043f\u0430\u0440\u0442\u043d\u0435\u0440\u043e\u043c"},"content":{"rendered":"<section id='lightpress__section--block_00fa156db8462a56db007efa6819cad1' class='lightpress__section lightpress__section--content-hero-new'><div class=\"hero-new\" x-init=\"initSplitting($el)\">\n  <div class=\"hero-new__inner\">\n    <div class=\"hero-new__content\">\n      <div class=\"hero-new__content--inner\">\n        <h1 class=\"hero-new__title\" data-splitting>Partner Werden<\/h1>\n                  <div class=\"hero-new__description\"><p>Discover Culture ist ein internationales Netzwerk zur virtuellen Pr\u00e4sentation von Museen und Kulturbetrieben.<\/p>\n<p>\u00a0<\/p>\n<p>Kulturraum | Bildungsraum | Erlebnisraum<\/p>\n<p><strong><br \/><\/strong> <a class=\"lcyd__button lcyd__button--arrow lcyd__button--light\" href=\"https:\/\/discover-culture.com\/de\/partner-werden\/#partner-werden\">Partner werden<\/a><\/p>\n<\/div>\n                      <\/div>\n    <\/div>\n\n          <div class=\"hero-new__media hero-new__globe\" x-init=\"initGlobe($el)\">\n      <\/div>\n    \n  <\/div>\n<\/div><\/section>\n\n<section id='lightpress__section--block_0c4685a8fca191019677a15cdffca3bf' class='lightpress__section lightpress__section--card-item-content'><div class=\"card-item\">\n  \n    <div id='lightpress__section--block_69e34d8f225c3' class='lightpress__section--content'><div class=\"content__grid content__grid\">\n    <div class=\"content__box content__box--two-thirds content__box--text-center\">\n                                                        <h4>Was ist Discover Culture?<\/h4>\n<p>Discover Culture ist die virtuelle Bru\u0308cke zum realen Kulturerlebnis und die perfekte Erweiterung zum Besuch vor Ort.<\/p>\n<p><strong>Verbesserte Besucherreise: vorher &#8211; vor Ort &#8211; nachher<\/strong><\/p>\n<p>Digitale Inhalte, die den traditionellen Museumsbesuch erg\u00e4nzen, bieten Kultureinrichtungen erweiterte M\u00f6glichkeiten, mit ihrer Zielgruppe in Interaktion zu treten.\u00a0<\/p>\n<p><strong>Discover Culture ist die Heimat der digitalen Kunst und Kultur<\/strong><\/p>\n\n                                        <\/div>\n            <div class=\"content__box content__box\">\n                                                                    <img decoding=\"async\" class=\"content__image\" src=\"https:\/\/discover-culture.com\/wp-content\/uploads\/admont_khm_header_image.png\" alt=\"admont khm header image\" loading=\"lazy\">\n                                                        <\/div>\n    <\/div><\/div>\n<\/div>\n<\/section>\n\n<section id='lightpress__section--block_4bf64dcf4b0afcbf217a11409d079068' class='lightpress__section lightpress__section--video-player'><div id=\"video\" class=\"video\">\n  <h2 class=\"video__headline\"><\/h2>\n\n  <div class=\"video__container\">\n          <div class=\"video__player plyr__video-embed\">\n        <iframe\n            src=\"https:\/\/player.vimeo.com\/video\/1070979567?badge=0&amp;autopause=0&amp;player_id=0&amp;app_id=58479\"\n            allowfullscreen\n            allowtransparency\n            allow=\"autoplay\"\n        ><\/iframe>\n      <\/div>\n      <\/div>\n<\/div><\/section>\n\n<section id='lightpress__section--block_504c1fddd80c60eb012ea5466b028822' class='lightpress__section lightpress__section--content'><div class=\"content__grid content__grid\">\n    <div class=\"content__box content__box--one-hundred\">\n                                                        <h3>Unser Angebot<\/h3>\n\n                                        <\/div>\n    <\/div><\/section>\n\n<section id='lightpress__section--block_19c4edc85041efaf37e77849f5890109' class='lightpress__section lightpress__section--section-big-component'><div class=\"details-section details-section__big\">\n    <div class=\"details-section__big-text\">\n                            <div class=\"text-normal\"><h4>Erweitern Sie Ihre Zielgruppe durch das Discover Culture Netzwerk<\/h4>\n<p>\u00a0<\/p>\n<p>Pr\u00e4sentieren Sie umfassende Informationen rund um Ihren Kulturbetrieb.<\/p>\n<p>\u00a0<\/p>\n<p>Weltweit werden kulturinteressierte Personen erreicht und mit einem H\u00f6chstma\u00df an Informationen u\u0308ber Ihren Kulturbetrieb versorgt.\u00a0<\/p>\n<\/div>\n            <\/div>\n    <div class=\"details-section__big-media-container\">\n                    <img decoding=\"async\" src=\"https:\/\/discover-culture.com\/wp-content\/uploads\/inhalte0601-scaled.jpg\" alt=\"Content image\" loading=\"lazy\">\n                        <\/div>\n<\/div>\n\n<\/section>\n\n<section id='lightpress__section--block_a381591a892d63500ca0eb96a2435f3a' class='lightpress__section lightpress__section--section-big-component'><div class=\"details-section details-section__big details-section__big--mirrored\">\n    <div class=\"details-section__big-text\">\n                            <div class=\"text-normal\"><h3>3D-Virtualisierung mittels modernster LIDAR Laser Aufnahmetechnologie<\/h3>\n<p>\u00a0<\/p>\n<p>Virtuelle Touren erm\u00f6glichen das barrierefreie Erleben Ihrer Kultureinrichtung.<\/p>\n<p>\u00a0<\/p>\n<p>Ein \u00fcberregionaler Bildungs- und Erlebnisraum wird geschaffen und die Br\u00fccke vom digitalen zum realen Kulturerlebnis geschlossen.<\/p>\n<p>\u00a0<\/p>\n<p>Umfassende Erfahrung im Umgang mit Kunst-und Kulturgu\u0308tern, beste Abstimmung und ein hohes Ma\u00df an Gewissenhaftigkeit begleiten die verantwortungsvolle Aufgabe der Virtualisierungsarbeiten unserer Fachkr\u00e4fte in den Kultureinrichtungen.<\/p>\n<\/div>\n            <\/div>\n    <div class=\"details-section__big-media-container\">\n                    <img decoding=\"async\" src=\"https:\/\/discover-culture.com\/wp-content\/uploads\/inhalte1031-scaled.jpg\" alt=\"Content image\" loading=\"lazy\">\n                        <\/div>\n<\/div>\n\n<\/section>\n\n<section id='lightpress__section--block_47578eaf4fff99a60a90023449dcbce2' class='lightpress__section lightpress__section--section-big-component'><div class=\"details-section details-section__big\">\n    <div class=\"details-section__big-text\">\n                            <div class=\"text-normal\"><h3>Internationales Marketing<\/h3>\n<p>\u00a0<\/p>\n<p>Erreichen Sie durch Discover Culture ihre Kulturinteressierte Zielgruppe \u00fcber alle Grenzen hinweg.<\/p>\n<p>\u00a0<\/p>\n<p>Cross-Channel-Marketingma\u00dfnahmen sowohl im digitalen als auch im analogen Raum sorgen daf\u00fcr, dass die Wahrnehmung permanent gesteigert wird.<\/p>\n<\/div>\n            <\/div>\n    <div class=\"details-section__big-media-container\">\n                    <img decoding=\"async\" src=\"https:\/\/discover-culture.com\/wp-content\/uploads\/Untitled-2-1.png\" alt=\"Content image\" loading=\"lazy\">\n                        <\/div>\n<\/div>\n\n<\/section>\n\n<section id='lightpress__section--block_cc126a6581aa235ac6eefdefb58b571e' class='lightpress__section lightpress__section--section-big-component'><div class=\"details-section details-section__big details-section__big--mirrored\">\n    <div class=\"details-section__big-text\">\n                            <div class=\"text-normal\"><h3>Digitale F\u00fchrungen durch die Ausstellung.<\/h3>\n<p>\u00a0<\/p>\n<p>Digitale Kulturf\u00fchrungen erm\u00f6glichen es, ein gro\u00dfes Publikum zu erreichen; sie bieten exklusive Erlebnisse, die im regul\u00e4ren Museumsbetrieb oft nicht umsetzbar w\u00e4ren.<\/p>\n<p>\u00a0<\/p>\n<p>Unser Team begleitet Sie von der Konzeption \u00fcber die redaktionelle Vorbereitung bis hin zur Aufnahme vor Ort sowie der Ver\u00f6ffentlichung am Kulturnetzwerk Discover Culture.\u00a0<\/p>\n<p><span data-mce-type=\"bookmark\" style=\"display: inline-block; width: 0px; overflow: hidden; line-height: 0;\" class=\"mce_SELRES_start\">\ufeff<\/span><\/p>\n<\/div>\n            <\/div>\n    <div class=\"details-section__big-media-container\">\n                    <img decoding=\"async\" src=\"https:\/\/discover-culture.com\/wp-content\/uploads\/inhalte1423-scaled.jpg\" alt=\"Content image\" loading=\"lazy\">\n                        <\/div>\n<\/div>\n\n<\/section>\n\n<section id='lightpress__section--block_0b0d97aa904e911b5a77fa37d8fab896' class='lightpress__section lightpress__section--section-big-component'><div class=\"details-section details-section__big\">\n    <div class=\"details-section__big-text\">\n                            <div class=\"text-normal\"><h3>Internationales Netzwerk und Pr\u00e4sentationskanal f\u00fcr digitale Inhalte<\/h3>\n<p>\u00a0<\/p>\n<p>Unsere ExpertInnen stehen Ihnen bei Fragen zu virtuellen Pr\u00e4sentationen, Bildrechten und weiteren Themen f\u00fcr digitale Inhalte zur Verf\u00fcgung.<\/p>\n<p>\u00a0<\/p>\n<p>Wir unterst\u00fctzen gerne bei der Lokalisierung Ihrer Inhalte, um Ihrer Kultureinrichtung digitale Pr\u00e4senz und Reichweite zu verschaffen.<\/p>\n<\/div>\n            <\/div>\n    <div class=\"details-section__big-media-container\">\n                    <img decoding=\"async\" src=\"https:\/\/discover-culture.com\/wp-content\/uploads\/partner-werden-scaled.jpg\" alt=\"Content image\" loading=\"lazy\">\n                        <\/div>\n<\/div>\n\n<\/section>\n\n<section id='lightpress__section--block_d027e662b2d2959bda18de342e1692ea' class='lightpress__section lightpress__section--content'><div class=\"content__grid content__grid\">\n    <div class=\"content__box content__box--one-hundred\">\n                                                        <h4>Treten Sie jetzt mit uns in Kontakt und gehen Sie den ersten Schritt in Richtung Digitalisierung<\/h4>\n\n                                        <\/div>\n    <\/div><\/section>\n\n<section id='lightpress__section--block_75867ff5f76500c10c2699b6e5104e10' class='lightpress__section lightpress__section--forms'><div class=\"forms-block\">\n    <div id=\"partner-werden\">\n        <script>jQuery(\"#become_a_partner_69e34d8f6f7d4\").find(\"input\").prop(\"disabled\", true);jQuery(\"#become_a_partner_69e34d8f6f7d4\").find(\"textarea\").prop(\"disabled\", true);<\/script>\t\t\t\t<form id=\"become_a_partner_69e34d8f6f7d4\" class=\"lightpress__form become-partner__form\" action=\"https:\/\/discover-culture.com\/ru\/wp-json\/lightpress\/formsubmit\/become-a-partner\" method=\"post\"> \t\t\t\t\t<div id=\"acf-form-data\" class=\"acf-hidden\"> \t\t<input type=\"hidden\" id=\"_acf_screen\" name=\"_acf_screen\" value=\"acf_form\"\/><input type=\"hidden\" id=\"_acf_post_id\" name=\"_acf_post_id\" value=\"block_75867ff5f76500c10c2699b6e5104e10\"\/><input type=\"hidden\" id=\"_acf_validation\" name=\"_acf_validation\" value=\"1\"\/><input type=\"hidden\" id=\"_acf_form\" name=\"_acf_form\" value=\"MWY4ZnZWSVlWdGdSNmpFaGxmUTZJeXN0cjlHODd0TnplTWZXZ3k0ci9BdTJhQi85Y3k1UE93WE14N0J4Mi8xdUc0WGVaeW0yeThIYzJVZkthZ1hDbzBRZEwra05QLy9uU0ZaYjBRTjBaV1kwSUUxcXJNd0cxR0xoQ08zVkxiR096QzZ1enNqcFoyQ3VQcUZjRndPUG1lUm5LclEydDUzOHRpRG5udGFpeVBXV2Qxd1RtSWJxVkdObC9UbnFrRHowc3ArdDh4SFlqUVQvZ3RuZDdQOGFPdWtGZDZucTFTYWlERzA3Qk1oZFFZQmQ3VEJ0MHJEc1R0QngydTZWTDgzd2h3Y0k0QnBqMkt3eXVIUUUwVFlpNHVZNUhpWGVVSWlNSXpwRVAydDZ3cFNQK3l6MUhXSnF3bkJCWGZ0aUdMUVJyRVlxL2xEczRDRk1iUXVFd3RlSURyeFRrK1pGM254M3prTHkyRzBlcTE0Wnc5UnVKYUp1QVl1eDdaZkozdHZGU0hwdFVKNEI3RHRoRVJJbStrdldCd21FRmZsV2hsVFFSdFVveTl2UFRmdTc0ZFBCNDhSZWZ5SVNMVVh6aXRYM292MWVrWjN3TUszUzdNOWlBYnQxTjNoRTBnbVRjYkdCVUFOMVdDRWRvaWVrZzVwQXFFTStIY2h4dE9yK2lkVW9ycStuSTZsVWtONU54MFIzRHhBeGlYenE5UVNFc25HcC80TWNkd3h3eVU3bVd6bkZpaG5zcjlRN3ZyRnpkTXNoa29OUkJqdnc5NmRBQU5wWVp1Vm1jdW9iQWVrczlwNkRNcm82NXFDYUJuc1pBdVpKZ2xSYjZ2dXNwbXBsazZZb2duTjdIY2VGdEh1bFlDVWRyN1pJNEtsZkY1RENDU2I5M3dicFJlV0JLbEJFRDBsb1l5bVZYaERkOE1XUm1MWVBPOG42dllqa2dXWE1vSHVmczFjUmFMaG9VS2hsdWNUV1kveUp1ZTZOZDRpSUUxRGJSNlZaQlF1aitBTHZtaDdoaTVJZVMzdnVaaCtXblhMR1Fkck8vcTVYeHNqR2dvaFdIU3R3NVQ2NUNoSWU1dmIyMU9rWUxRNTVqQWM1ZVBGa0M0eERmNEpTelhod292cHF3YVV6SFdzbEZhV2trZWc3N0xmQmRjSHI2Z2tUOE9RSm4yUldTTDRKaVdMekNqWFBMWlJBc0JpZGMyckdTZGRtUXp2SjYwMWVYaXZXTzFVakVmMUxvMFVxa2tOcTl5MlNXZXBtQ09Lb2VCSTZhcXZLMU5CczZoeHdiSjZqMUwxVnlMd1FQMU8yQkxCQkx5VXlBbW1UT2Y3NWFCTkt5by9BTVZIVkthdnVxSitodXVtMW5LWVBKd1RTM3NGZU5ibGUweStDOXU5b0VWc21RN21ienh4OHlyam5qTjl5S08wazBYTXRhWG9UYzZ1c1BXaVBQTUtlTVl3MDJSZG9qVUx1WGRxeUtiODBjN3NDWURHSlJOLzlLWDA2Y1ZhcDllYTd4U3RBR1I5U21FYmNBVS84RjhUT3UwNHpXZjRqazU3S3ZTOXV2R3NHYzFUTTlQTlR6RUp5dXZjTEl6TFc0T2tiYXY3Q1JSMmsyUTBvUytyRS9TNDZ6M3pGRXEvMWd5KzByaW9qQjNnbUtFOG5KS1QxdEJZeHdZWjFJdkZiWjJoWUF0SUlPVmZVSklJODFtMFNnTERkd3l6OC95TTQ0YUxITk0ycmI2Zk02V0xnbmFVK3VoYnJaNVBtYTcwQVREcWI5UU1RNGdXa3ZtYlNlb0lwQ29nd0tFKy93R3FZQmVSQVJJdllaMkcvOTFsS3c3M2dCQlYzUFQ4ZHU3V3ZobDVIKzJFN2FTRFlrVFFUVFhOSW1zalNKVmNxSUYxSmFJL1dtZ0ZZMkJRbjFwMEg1QW1MOFZkM0ZRenZDTEpzMFZFbkZqNmFnbzRMbDhWSm1wMHdaVlp0d1NwNXlMYndsVVZ4amhVUlE1MkRHblZNKzAwV21XVmVsS0lMQUdRWDhvTEtkTGhGVllwZnROOTBDWG96aW1HSVQyTFBKZllFdGgzVWlOemcvbDlXTXZ3ak5UeDNkb0dQUkl3QnkwaEROZWV3alZ2SmtlYkxOR0ZDRTc5RDgwd3hiKzIxZitVc0lSc0JPVjZuTVdpcnhBcUE2NUZ5MUpXUmNkT1FoNFlCc3IraHMwbXFHTHBiSHQ2QTdub0R5ajhVbW9YNDFGRVZDWm5DUUw5MmJWYVc2VVBxNDNGY0R6cldoMndPRHoxV1dyVEZnSUlUSlUrTFJLV1Ywcjl4dm56cXNCcDBqdVorVVNQaFJaYklUcXJQNTVFMjFsemk5NTFYTEl4K2d1MG5qZnVKNVV2ZTlxR3MzcDJKckpZYzdIdVc2SWFId1ltQTRKTFAxTE4relVOOEgxbmIrZlJTK2R6eGtwVmRoRER0NmxGRHFXb3pRY2hXdGtiNDFORVN0c1RRV2xtVWtlaE5NalFVVmV3ZHo1dzJuVzZHQXMxRjg2RTJJbkMybGFsU2JpZVZHWEFKS09SOEo3QWVxZk5yUTl5c0RtMjFHVGtJSjZtM0FZcElSZE5FYnQrenNibTB4cHg2OWMybDR2TjhOT0ZHMFU1SWdDalU5dktLK0RJdTo6Bp6tRAoJ6XAtARp9EPnFRg==\"\/><input type=\"hidden\" id=\"_acf_nonce\" name=\"_acf_nonce\" value=\"8d121f13a7\"\/><input type=\"hidden\" id=\"_acf_changed\" name=\"_acf_changed\" value=\"0\"\/>\t<\/div> \t\t\t\t<div class=\"acf-fields acf-form-fields -top\"> \t\t\t\t<input type=\"hidden\" name=\"acf[am1Sd9S3-018nJSld-Lnd2iF284czoxODoiZmllbGRfdXNlc19jYXB0Y2hhIjs=]\" value=\"FJRrZUaoNhPv90N23T4PH%2FIIQ%2B%2F9G3NNMt1UiFVcqn4JEXemOZyhr3PmmcchXVpqtg07o29xN9d4GaRjL6sFFQ%3D%3D\">\t\t\t\t<div class=\"acf-field acf-field-select acf-field-program\" style=\"width:100%;\" data-name=\"program\" data-type=\"select\" data-key=\"field_program\" data-width=\"100\"> <div class=\"acf-label\"> <label for=\"acf-field_program\">Ich interessiere mich f\u00fcr (Bitte ausw\u00e4hlen)<\/label><\/div> <div class=\"acf-input\"> <select id=\"acf-field_program\" class=\"\" name=\"acf[field_program]\" data-ui=\"0\" data-ajax=\"0\" data-multiple=\"0\" data-placeholder=\"\u0412\u044b\u0431\u0440\u0430\u0442\u044c\" data-allow_null=\"0\"><option value=\"platform_partner\">Discover-Culture Partner<\/option><option value=\"platform_sponsor\">Discover-Culture Sponsor<\/option><\/select><\/div> <\/div> <div class=\"acf-field acf-field-email acf-field-become-partner-email is-required\" style=\"width:100%;\" data-name=\"become_partner_email\" data-type=\"email\" data-key=\"field_become_partner_email\" data-required=\"1\" data-width=\"100\"> <div class=\"acf-label\"> <label for=\"acf-field_become_partner_email\">E-Mail Adresse <span class=\"acf-required\">*<\/span><\/label><\/div> <div class=\"acf-input\"> <div class=\"acf-input-wrap\"><input type=\"email\" id=\"acf-field_become_partner_email\" name=\"acf[field_become_partner_email]\" required=\"required\"\/><\/div><\/div> <\/div> <div class=\"acf-field acf-field-text acf-field-phone\" style=\"width:100%;\" data-name=\"phone\" data-type=\"text\" data-key=\"field_phone\" data-width=\"100\"> <div class=\"acf-label\"> <label for=\"acf-field_phone\">Telefon (optional)<\/label><\/div> <div class=\"acf-input\"> <div class=\"acf-input-wrap\"><input type=\"text\" id=\"acf-field_phone\" name=\"acf[field_phone]\"\/><\/div><\/div> <\/div> <div class=\"acf-field acf-field-textarea acf-field-message\" style=\"width:100%;\" data-name=\"message\" data-type=\"textarea\" data-key=\"field_message\" data-width=\"100\"> <div class=\"acf-label\"> <label for=\"acf-field_message\">Nachricht<\/label><\/div> <div class=\"acf-input\"> <textarea id=\"acf-field_message\" name=\"acf[field_message]\" rows=\"8\"><\/textarea><\/div> <\/div> <div class=\"acf-field acf-field-true-false acf-field-gdpr-consent-given is-required\" style=\"width:100%;\" data-name=\"gdpr_consent_given\" data-type=\"true_false\" data-key=\"field_gdpr_consent_given\" data-required=\"1\" data-width=\"100\"> <div class=\"acf-label\"> <label for=\"acf-field_gdpr_consent_given\"> <span class=\"acf-required\">*<\/span><\/label><\/div> <div class=\"acf-input\"> <div class=\"acf-true-false\"> \t\t\t<input type=\"hidden\" name=\"acf[field_gdpr_consent_given]\" value=\"0\"\/>\t<label> \t\t<input type=\"checkbox\" id=\"acf-field_gdpr_consent_given\" name=\"acf[field_gdpr_consent_given]\" value=\"1\" class=\"\" autocomplete=\"off\"\/> \t\t\t\t\t\t\t\t\t\t<span class=\"message\">Ich habe die <a href=\"https:\/\/discover-culture.com\/ru\/datenschutzerklaerung\/\">Datenschutzerkl\u00e4rung<\/a> gelesen und akzeptiert.<\/span>\t<\/label> <\/div> \t\t\t<\/div> <\/div> <div class=\"acf-field acf-field-text acf-field--validate-email\" style=\"display:none !important;\" data-name=\"_validate_email\" data-type=\"text\" data-key=\"_validate_email\"> <div class=\"acf-label\"> <label for=\"acf-_validate_email\">\u041f\u0440\u043e\u0432\u0435\u0440\u043a\u0430 Email<\/label><\/div> <div class=\"acf-input\"> <div class=\"acf-input-wrap\"><input type=\"text\" id=\"acf-_validate_email\" name=\"acf[_validate_email]\"\/><\/div><\/div> <\/div> \t\t\t\t<div class=\"response-container\" id=\"become_a_partner_69e34d8f6f7d4__response-container\"><\/div>\t\t\t<\/div> \t\t\t\t\t\t\t<div class=\"acf-form-submit\"> \t\t\t\t\t<button data-source=\"#become_a_partner_69e34d8f6f7d4\" form=\"become_a_partner_69e34d8f6f7d4\" type=\"submit\" class=\"lcyd__button lcyd__button--arrow lcyd__button--animate\">Anfrage senden<\/button>\t\t\t\t\t<span class=\"acf-spinner\"><\/span>\t\t\t\t<\/div> \t\t\t\t<\/form>\n    <\/div>\n<\/div>\n<\/section>","protected":false},"excerpt":{"rendered":"","protected":false},"author":15,"featured_media":0,"parent":0,"menu_order":0,"comment_status":"closed","ping_status":"closed","template":"","meta":{"_acf_changed":false,"_relevanssi_hide_post":"","_relevanssi_hide_content":"","_relevanssi_pin_for_all":"","_relevanssi_pin_keywords":"","_relevanssi_unpin_keywords":"","_relevanssi_related_keywords":"","_relevanssi_related_include_ids":"","_relevanssi_related_exclude_ids":"","_relevanssi_related_no_append":"","_relevanssi_related_not_related":"","_relevanssi_related_posts":"","_relevanssi_noindex_reason":"","footnotes":""},"class_list":[],"acf":[],"yoast_head":"<!-- This site is optimized with the Yoast SEO Premium plugin v25.7.1 (Yoast SEO v26.8) - https:\/\/yoast.com\/product\/yoast-seo-premium-wordpress\/ -->\n<title>Partner werden - Discover-Culture<\/title>\n<meta name=\"description\" content=\"Discover Culture ist ein internationales Netzwerk zur digitalen Vermarktung von Museen und Kulturbetrieben.\" \/>\n<meta name=\"robots\" content=\"index, follow, max-snippet:-1, max-image-preview:large, max-video-preview:-1\" \/>\n<link rel=\"canonical\" href=\"https:\/\/discover-culture.com\/ru\/partner-werden\/\" \/>\n<meta property=\"og:locale\" content=\"ru_RU\" \/>\n<meta property=\"og:type\" content=\"article\" \/>\n<meta property=\"og:title\" content=\"Partner werden\" \/>\n<meta property=\"og:description\" content=\"Discover Culture ist ein internationales Netzwerk zur digitalen Vermarktung von Museen und Kulturbetrieben.\" \/>\n<meta property=\"og:url\" content=\"https:\/\/discover-culture.com\/ru\/partner-werden\/\" \/>\n<meta property=\"og:site_name\" content=\"Discover-Culture\" \/>\n<meta property=\"article:modified_time\" content=\"2026-02-18T10:44:25+00:00\" \/>\n<meta property=\"og:image\" content=\"https:\/\/discover-culture.com\/wp-content\/uploads\/Discover-Culture-Logo-black-round-social-media-1080x1080-1.png\" \/>\n\t<meta property=\"og:image:width\" content=\"1080\" \/>\n\t<meta property=\"og:image:height\" content=\"1080\" \/>\n\t<meta property=\"og:image:type\" content=\"image\/png\" \/>\n<meta name=\"twitter:card\" content=\"summary_large_image\" \/>\n<script type=\"application\/ld+json\" class=\"yoast-schema-graph\">{\"@context\":\"https:\/\/schema.org\",\"@graph\":[{\"@type\":\"WebPage\",\"@id\":\"https:\/\/discover-culture.com\/partner-werden\/\",\"url\":\"https:\/\/discover-culture.com\/partner-werden\/\",\"name\":\"Partner werden - Discover-Culture\",\"isPartOf\":{\"@id\":\"https:\/\/discover-culture.com\/de\/#website\"},\"datePublished\":\"2021-06-23T08:07:00+00:00\",\"dateModified\":\"2026-02-18T10:44:25+00:00\",\"description\":\"Discover Culture ist ein internationales Netzwerk zur digitalen Vermarktung von Museen und Kulturbetrieben.\",\"breadcrumb\":{\"@id\":\"https:\/\/discover-culture.com\/partner-werden\/#breadcrumb\"},\"inLanguage\":\"ru-RU\",\"potentialAction\":[{\"@type\":\"ReadAction\",\"target\":[\"https:\/\/discover-culture.com\/partner-werden\/\"]}]},{\"@type\":\"BreadcrumbList\",\"@id\":\"https:\/\/discover-culture.com\/partner-werden\/#breadcrumb\",\"itemListElement\":[{\"@type\":\"ListItem\",\"position\":1,\"name\":\"Home\",\"item\":\"https:\/\/discover-culture.com\/\"},{\"@type\":\"ListItem\",\"position\":2,\"name\":\"Partner werden\"}]},{\"@type\":\"WebSite\",\"@id\":\"https:\/\/discover-culture.com\/de\/#website\",\"url\":\"https:\/\/discover-culture.com\/de\/\",\"name\":\"Discover-Culture\",\"description\":\"\",\"potentialAction\":[{\"@type\":\"SearchAction\",\"target\":{\"@type\":\"EntryPoint\",\"urlTemplate\":\"https:\/\/discover-culture.com\/de\/?s={search_term_string}\"},\"query-input\":{\"@type\":\"PropertyValueSpecification\",\"valueRequired\":true,\"valueName\":\"search_term_string\"}}],\"inLanguage\":\"ru-RU\"}]}<\/script>\n<!-- \/ Yoast SEO Premium plugin. -->","yoast_head_json":{"title":"\u0421\u0442\u0430\u043d\u044c\u0442\u0435 \u043f\u0430\u0440\u0442\u043d\u0435\u0440\u043e\u043c - Discover-Culture","description":"Discover Culture - \u044d\u0442\u043e \u043c\u0435\u0436\u0434\u0443\u043d\u0430\u0440\u043e\u0434\u043d\u0430\u044f \u0441\u0435\u0442\u044c \u0446\u0438\u0444\u0440\u043e\u0432\u043e\u0433\u043e \u043c\u0430\u0440\u043a\u0435\u0442\u0438\u043d\u0433\u0430 \u0434\u043b\u044f \u043c\u0443\u0437\u0435\u0435\u0432 \u0438 \u043a\u0443\u043b\u044c\u0442\u0443\u0440\u043d\u044b\u0445 \u043e\u0440\u0433\u0430\u043d\u0438\u0437\u0430\u0446\u0438\u0439.","robots":{"index":"index","follow":"follow","max-snippet":"max-snippet:-1","max-image-preview":"max-image-preview:large","max-video-preview":"max-video-preview:-1"},"canonical":"https:\/\/discover-culture.com\/ru\/partner-werden\/","og_locale":"ru_RU","og_type":"article","og_title":"Partner werden","og_description":"Discover Culture ist ein internationales Netzwerk zur digitalen Vermarktung von Museen und Kulturbetrieben.","og_url":"https:\/\/discover-culture.com\/ru\/partner-werden\/","og_site_name":"Discover-Culture","article_modified_time":"2026-02-18T10:44:25+00:00","og_image":[{"width":1080,"height":1080,"url":"https:\/\/discover-culture.com\/wp-content\/uploads\/Discover-Culture-Logo-black-round-social-media-1080x1080-1.png","type":"image\/png"}],"twitter_card":"summary_large_image","schema":{"@context":"https:\/\/schema.org","@graph":[{"@type":"WebPage","@id":"https:\/\/discover-culture.com\/partner-werden\/","url":"https:\/\/discover-culture.com\/partner-werden\/","name":"\u0421\u0442\u0430\u043d\u044c\u0442\u0435 \u043f\u0430\u0440\u0442\u043d\u0435\u0440\u043e\u043c - Discover-Culture","isPartOf":{"@id":"https:\/\/discover-culture.com\/de\/#website"},"datePublished":"2021-06-23T08:07:00+00:00","dateModified":"2026-02-18T10:44:25+00:00","description":"Discover Culture - \u044d\u0442\u043e \u043c\u0435\u0436\u0434\u0443\u043d\u0430\u0440\u043e\u0434\u043d\u0430\u044f \u0441\u0435\u0442\u044c \u0446\u0438\u0444\u0440\u043e\u0432\u043e\u0433\u043e \u043c\u0430\u0440\u043a\u0435\u0442\u0438\u043d\u0433\u0430 \u0434\u043b\u044f \u043c\u0443\u0437\u0435\u0435\u0432 \u0438 \u043a\u0443\u043b\u044c\u0442\u0443\u0440\u043d\u044b\u0445 \u043e\u0440\u0433\u0430\u043d\u0438\u0437\u0430\u0446\u0438\u0439.","breadcrumb":{"@id":"https:\/\/discover-culture.com\/partner-werden\/#breadcrumb"},"inLanguage":"ru-RU","potentialAction":[{"@type":"ReadAction","target":["https:\/\/discover-culture.com\/partner-werden\/"]}]},{"@type":"BreadcrumbList","@id":"https:\/\/discover-culture.com\/partner-werden\/#breadcrumb","itemListElement":[{"@type":"ListItem","position":1,"name":"Home","item":"https:\/\/discover-culture.com\/"},{"@type":"ListItem","position":2,"name":"Partner werden"}]},{"@type":"WebSite","@id":"https:\/\/discover-culture.com\/de\/#website","url":"https:\/\/discover-culture.com\/de\/","name":"Discover-Culture","description":"","potentialAction":[{"@type":"SearchAction","target":{"@type":"EntryPoint","urlTemplate":"https:\/\/discover-culture.com\/de\/?s={search_term_string}"},"query-input":{"@type":"PropertyValueSpecification","valueRequired":true,"valueName":"search_term_string"}}],"inLanguage":"ru-RU"}]}},"_links":{"self":[{"href":"https:\/\/discover-culture.com\/ru\/wp-json\/wp\/v2\/pages\/384","targetHints":{"allow":["GET"]}}],"collection":[{"href":"https:\/\/discover-culture.com\/ru\/wp-json\/wp\/v2\/pages"}],"about":[{"href":"https:\/\/discover-culture.com\/ru\/wp-json\/wp\/v2\/types\/page"}],"author":[{"embeddable":true,"href":"https:\/\/discover-culture.com\/ru\/wp-json\/wp\/v2\/users\/15"}],"replies":[{"embeddable":true,"href":"https:\/\/discover-culture.com\/ru\/wp-json\/wp\/v2\/comments?post=384"}],"version-history":[{"count":101,"href":"https:\/\/discover-culture.com\/ru\/wp-json\/wp\/v2\/pages\/384\/revisions"}],"predecessor-version":[{"id":7753,"href":"https:\/\/discover-culture.com\/ru\/wp-json\/wp\/v2\/pages\/384\/revisions\/7753"}],"wp:attachment":[{"href":"https:\/\/discover-culture.com\/ru\/wp-json\/wp\/v2\/media?parent=384"}],"curies":[{"name":"wp","href":"https:\/\/api.w.org\/{rel}","templated":true}]}}