{"id":7760,"date":"2026-03-05T09:53:36","date_gmt":"2026-03-05T07:53:36","guid":{"rendered":"https:\/\/discover-culture.com\/partner\/\/touren\/"},"modified":"2026-03-18T10:54:17","modified_gmt":"2026-03-18T08:54:17","slug":"himmel-h%c3%b6lle-heilige-nacht-das-st-p%c3%b6ltner-krippenspiel","status":"publish","type":"product","link":"https:\/\/discover-culture.com\/partner\/museum-am-dom\/touren\/himmel-h%c3%b6lle-heilige-nacht-das-st-p%c3%b6ltner-krippenspiel","title":{"rendered":"\u5929\u56fd\u3001\u5730\u7344\u3001\u8056\u591c\u3002\u30b6\u30f3\u30af\u30c8\u30fb\u30da\u30eb\u30c6\u30f3\u964d\u8a95\u5287"},"content":{"rendered":"<section id='lightpress__section--block_592ea6d8c7c86bb6d23935742edaf87c' class='lightpress__section lightpress__section--content'><div class=\"content__grid content__grid\">\n    <div class=\"content__box content__box--one-hundred\">\n                                                        <h3>\u30b6\u30f3\u30af\u30c8\u30fb\u30da\u30eb\u30c6\u30f3\u7f8e\u8853\u9928\u3067\u306e\u51ac\u306e\u5c55\u89a7\u4f1a<\/h3>\n<h4>\u201e\u300c\u5929\u56fd\u3001\u5730\u7344\u3001\u8056\u591c\u3002\u30b6\u30f3\u30af\u30c8\u30fb\u30da\u30eb\u30c6\u30f3\u964d\u8a95\u5287\u201c<\/h4>\n<p>\u30b6\u30f3\u30af\u30c8\u30fb\u30da\u30eb\u30c6\u30f3\u8056\u5802\u7f8e\u8853\u9928\u306e\u51ac\u306e\u5c55\u89a7\u4f1a\u306f\u3001\u73fe\u5728\u3001\u30d0\u30fc\u30c1\u30e3\u30eb\u3067\u4f53\u9a13\u3059\u308b\u3053\u3068\u304c\u3067\u304d\u3001\u3042\u306a\u305f\u3092\u30ad\u30ea\u30b9\u30c8\u306e\u8a95\u751f\u3068\u3044\u3046\u539f\u70b9\u3078\u3068\u8a98\u3046\u3002.<\/p>\n\n                                        <\/div>\n    <\/div><\/section>\n\n<section id='lightpress__section--block_a674edfec5d828a3173c4d107bce7342' class='lightpress__section lightpress__section--content'><div class=\"content__grid content__grid\">\n    <div class=\"content__box content__box--two-thirds content__box--text-center\">\n                                                        <p><strong>\u30ad\u30ea\u30b9\u30c8\u6559\u306e\u6551\u3044\u306e\u6b74\u53f2\u306e\u5927\u304d\u306a\u5f27\u306f\u3001\u30af\u30ea\u30b9\u30de\u30b9\u304b\u3089\u30a4\u30fc\u30b9\u30bf\u30fc\u307e\u3067\u7d9a\u3044\u3066\u3044\u308b\u3002.<\/strong><\/p>\n<p>\u5c55\u89a7\u4f1a\u306e\u4e2d\u5fc3\u306f\u8056\u30da\u30eb\u30c6\u30f3\u306e\u30ad\u30ea\u30b9\u30c8\u964d\u8a95\u30b7\u30fc\u30f3\u3067\u3001\u7d04100\u5e74\u3076\u308a\u306b\u4eba\u7269\u306e\u5168\u4f53\u50cf\u304c\u516c\u958b\u3055\u308c\u305f\u3002.<\/p>\n<p>\u30aa\u30ea\u30b8\u30ca\u30eb\u306e23\u306e\u30b7\u30fc\u30f3\u3067\u306f\u3001\u611b\u60c5\u3092\u8fbc\u3081\u3066\u30c7\u30b6\u30a4\u30f3\u3055\u308c\u305f\u68d2\u4eba\u5f62\u304c\u3001\u30e6\u30fc\u30e2\u30e9\u30b9\u306b\u3001\u6b4c\u3092\u4ea4\u3048\u306a\u304c\u3089\u30af\u30ea\u30b9\u30de\u30b9\u306e\u7269\u8a9e\u3092\u8a9e\u308b\u3002.<\/p>\n<p>\u8056\u66f8\u306b\u767b\u5834\u3059\u308b\u4eba\u7269\u3060\u3051\u3067\u306a\u304f\u3001\u60aa\u9b54\u306e\u3088\u3046\u306a\u30e4\u30ae\u306e\u59ff\u306e\u30cf\u30d9\u30eb\u30ae\u30fc\u30b9\u3084\u3001\u30d8\u30ed\u30c7\u738b\u3068\u906d\u9047\u3059\u308b\u6b7b\u3068\u3044\u3063\u305f\u5370\u8c61\u7684\u306a\u4eba\u7269\u3082\u767b\u5834\u3059\u308b\u3002.<\/p>\n\n                                        <\/div>\n            <div class=\"content__box content__box\">\n                                                                    <img decoding=\"async\" class=\"content__image\" src=\"https:\/\/discover-culture.com\/wp-content\/uploads\/goldkrippe.jpg\" alt=\"\u30b4\u30fc\u30eb\u30c9\u30b3\u30c3\u30c8\" loading=\"lazy\">\n                                                        <\/div>\n    <\/div><\/section>\n\n<section id='lightpress__section--block_2fa4143b2ac0254badb3afac181819a8' class='lightpress__section lightpress__section--content'><div class=\"content__grid content__grid\">\n    <div class=\"content__box content__box\">\n                                                    <img decoding=\"async\" class=\"content__image\" src=\"https:\/\/discover-culture.com\/wp-content\/uploads\/Mitmachstation.jpg\" alt=\"\u53c2\u52a0\u30b9\u30c6\u30fc\u30b7\u30e7\u30f3\" loading=\"lazy\">\n                                        <\/div>\n            <div class=\"content__box content__box--one-third content__box--text-center\">\n                                                                        <p style=\"--tw-scale-x: 1; --tw-scale-y: 1; --tw-scroll-snap-strictness: proximity; --tw-ring-offset-width: 0px; --tw-ring-offset-color: #fff; --tw-ring-color: #3b82f680; --tw-ring-offset-shadow: 0 0 #0000; --tw-ring-shadow: 0 0 #0000; --tw-shadow: 0 0 #0000; --tw-shadow-colored: 0 0 #0000;\">1950\u5e74\u4ee3\u306e\u6a5f\u68b0\u4ed5\u639b\u3051\u306e\u30ad\u30ea\u30b9\u30c8\u964d\u8a95\u30b7\u30fc\u30f3\u3082\u3001\u30af\u30ea\u30b9\u30de\u30b9\u306e\u7269\u8a9e\u3092\u52d5\u304b\u3057\u3066\u3044\u308b\u3002\u7f8a\u3001\u7f8a\u98fc\u3044\u3001\u9e7f\u304c\u30ad\u30ea\u30b9\u30c8\u964d\u8a95\u30b7\u30fc\u30f3\u306e\u5468\u308a\u3092\u3050\u308b\u3050\u308b\u3068\u56de\u3063\u3066\u3044\u308b\u3002.<\/p>\n<p style=\"--tw-scale-x: 1; --tw-scale-y: 1; --tw-scroll-snap-strictness: proximity; --tw-ring-offset-width: 0px; --tw-ring-offset-color: #fff; --tw-ring-color: #3b82f680; --tw-ring-offset-shadow: 0 0 #0000; --tw-ring-shadow: 0 0 #0000; --tw-shadow: 0 0 #0000; --tw-shadow-colored: 0 0 #0000;\">\u30cf\u30f3\u30ba\u30aa\u30f3\u30fb\u30b9\u30c6\u30fc\u30b7\u30e7\u30f3\u3067\u306f\u3001\u6765\u5834\u8005\u81ea\u8eab\u304c\u9078\u624b\u306b\u306a\u308a\u304d\u308a\u3001\u30d5\u30a3\u30ae\u30e5\u30a2\u306b\u547d\u3092\u5439\u304d\u8fbc\u3080\u3053\u3068\u304c\u3067\u304d\u305f\u3002.<\/p>\n\n                                                        <\/div>\n    <\/div><\/section>\n\n<section id='lightpress__section--block_8befce4e4539a3a2ed5475ec185ed80d' class='lightpress__section lightpress__section--content'><div class=\"content__grid content__grid\">\n    <div class=\"content__box content__box--one-hundred\">\n                                                        <p>\u3053\u306e\u5c55\u89a7\u4f1a\u3067\u306f\u3001\u3044\u304f\u3064\u304b\u306e\u7f8e\u8853\u9928\u306b\u5206\u6563\u3057\u3066\u5c55\u793a\u3055\u308c\u3066\u3044\u308b\u30ad\u30ea\u30b9\u30c8\u964d\u8a95\u50cf\u3092\u4e45\u3057\u3076\u308a\u306b\u307e\u3068\u3081\u3066\u898b\u308b\u3053\u3068\u304c\u3067\u304d\u3001\u30b6\u30f3\u30af\u30c8\u30fb\u30da\u30eb\u30c6\u30f3\u306e\u30ad\u30ea\u30b9\u30c8\u964d\u8a95\u30b7\u30fc\u30f3\u3092\u30cb\u30fc\u30c0\u30fc\u30a8\u30b9\u30bf\u30fc\u30e9\u30a4\u30d2\u5dde\u306e\u30ad\u30ea\u30b9\u30c8\u964d\u8a95\u30b7\u30fc\u30f3\u306e\u4f1d\u7d71\u3068\u3044\u3046\u5e83\u3044\u6587\u8108\u306e\u4e2d\u306b\u4f4d\u7f6e\u3065\u3051\u308b\u3053\u3068\u304c\u3067\u304d\u308b\u3002.<\/p>\n<p><a class=\"lcyd__button lcyd__button--animate lcyd__button--arrow lcyd__button--animate\" href=\"https:\/\/www.museumamdom.at\/\" target=\"_blank\" rel=\"noopener\">\u00a0\u5927\u8056\u5802\u306e\u535a\u7269\u9928<\/a><\/p>\n\n                                        <\/div>\n    <\/div><\/section>\n\n<section id='lightpress__section--block_f53bdec3a90539e1625747d0249c7dc8' class='lightpress__section lightpress__section--content'><div class=\"content__grid content__grid--fifty-fifty\">\n    <div class=\"content__box content__box\">\n                                                        <p><span data-mce-type=\"bookmark\" style=\"display: inline-block; width: 0px; overflow: hidden; line-height: 0;\" class=\"mce_SELRES_start\"><\/span><\/p>\n\n                                        <\/div>\n            <div class=\"content__box content__box\">\n                                                                        \n                                                        <\/div>\n    <\/div><\/section>","protected":false},"excerpt":{"rendered":"","protected":false},"featured_media":7781,"template":"","meta":{"_acf_changed":true,"_relevanssi_hide_post":"","_relevanssi_hide_content":"","_relevanssi_pin_for_all":"","_relevanssi_pin_keywords":"","_relevanssi_unpin_keywords":"","_relevanssi_related_keywords":"","_relevanssi_related_include_ids":"","_relevanssi_related_exclude_ids":"","_relevanssi_related_no_append":"","_relevanssi_related_not_related":"","_relevanssi_related_posts":"","_relevanssi_noindex_reason":""},"product_brand":[],"product_cat":[16],"product_tag":[],"class_list":["product-available","product","first","instock","virtual","sold-individually","taxable","purchasable","product-type-simple"],"bundled_by":[],"bundle_stock_status":"instock","bundle_stock_quantity":null,"bundle_virtual":false,"bundle_layout":"","bundle_add_to_cart_form_location":"","bundle_editable_in_cart":false,"bundle_sold_individually_context":"","bundle_item_grouping":"","bundle_min_size":"","bundle_max_size":"","bundle_price":[],"bundled_items":[],"bundle_sell_ids":[],"acf":[],"yoast_head":"<!-- This site is optimized with the Yoast SEO Premium plugin v25.7.1 (Yoast SEO v26.8) - https:\/\/yoast.com\/product\/yoast-seo-premium-wordpress\/ -->\n<title>Himmel, H\u00f6lle &amp; Heilige Nacht. Das St. P\u00f6ltner Krippenspiel - Discover-Culture<\/title>\n<meta name=\"description\" content=\"Finden Sie hier alle Informationen zum Produkt Himmel, H\u00f6lle &amp; Heilige Nacht. Das St. P\u00f6ltner Krippenspiel und betreten Sie die neue Welt von Kunst und Kultur!\" \/>\n<meta name=\"robots\" content=\"index, follow, max-snippet:-1, max-image-preview:large, max-video-preview:-1\" \/>\n<link rel=\"canonical\" href=\"https:\/\/discover-culture.com\/jp\/partner\/museum-am-dom\/touren\/himmel-h\u00f6lle-heilige-nacht-das-st-p\u00f6ltner-krippenspiel\/\" \/>\n<meta property=\"og:locale\" content=\"ja_JP\" \/>\n<meta property=\"og:type\" content=\"article\" \/>\n<meta property=\"og:title\" content=\"Himmel, H\u00f6lle &amp; Heilige Nacht. Das St. P\u00f6ltner Krippenspiel\" \/>\n<meta property=\"og:description\" content=\"Finden Sie hier alle Informationen zum Produkt Himmel, H\u00f6lle &amp; Heilige Nacht. Das St. P\u00f6ltner Krippenspiel und betreten Sie die neue Welt von Kunst und Kultur!\" \/>\n<meta property=\"og:url\" content=\"https:\/\/discover-culture.com\/jp\/partner\/museum-am-dom\/touren\/himmel-h\u00f6lle-heilige-nacht-das-st-p\u00f6ltner-krippenspiel\/\" \/>\n<meta property=\"og:site_name\" content=\"Discover-Culture\" \/>\n<meta property=\"article:modified_time\" content=\"2026-03-18T08:54:17+00:00\" \/>\n<meta property=\"og:image\" content=\"https:\/\/discover-culture.com\/wp-content\/uploads\/Startbild_Krippe.jpg\" \/>\n\t<meta property=\"og:image:width\" content=\"1900\" \/>\n\t<meta property=\"og:image:height\" content=\"1317\" \/>\n\t<meta property=\"og:image:type\" content=\"image\/jpeg\" \/>\n<meta name=\"twitter:card\" content=\"summary_large_image\" \/>\n<meta name=\"twitter:label1\" content=\"\u63a8\u5b9a\u8aad\u307f\u53d6\u308a\u6642\u9593\" \/>\n\t<meta name=\"twitter:data1\" content=\"1\u5206\" \/>\n<script type=\"application\/ld+json\" class=\"yoast-schema-graph\">{\"@context\":\"https:\/\/schema.org\",\"@graph\":[{\"@type\":\"WebPage\",\"@id\":\"https:\/\/discover-culture.com\/partner\/museum-am-dom\/touren\/himmel-h%c3%b6lle-heilige-nacht-das-st-p%c3%b6ltner-krippenspiel\/\",\"url\":\"https:\/\/discover-culture.com\/partner\/museum-am-dom\/touren\/himmel-h%c3%b6lle-heilige-nacht-das-st-p%c3%b6ltner-krippenspiel\/\",\"name\":\"Himmel, H\u00f6lle & Heilige Nacht. Das St. P\u00f6ltner Krippenspiel - Discover-Culture\",\"isPartOf\":{\"@id\":\"https:\/\/discover-culture.com\/de\/#website\"},\"primaryImageOfPage\":{\"@id\":\"https:\/\/discover-culture.com\/partner\/museum-am-dom\/touren\/himmel-h%c3%b6lle-heilige-nacht-das-st-p%c3%b6ltner-krippenspiel\/#primaryimage\"},\"image\":{\"@id\":\"https:\/\/discover-culture.com\/partner\/museum-am-dom\/touren\/himmel-h%c3%b6lle-heilige-nacht-das-st-p%c3%b6ltner-krippenspiel\/#primaryimage\"},\"thumbnailUrl\":\"https:\/\/discover-culture.com\/wp-content\/uploads\/Startbild_Krippe.jpg\",\"datePublished\":\"2026-03-05T07:53:36+00:00\",\"dateModified\":\"2026-03-18T08:54:17+00:00\",\"description\":\"Finden Sie hier alle Informationen zum Produkt Himmel, H\u00f6lle & Heilige Nacht. Das St. P\u00f6ltner Krippenspiel und betreten Sie die neue Welt von Kunst und Kultur!\",\"breadcrumb\":{\"@id\":\"https:\/\/discover-culture.com\/partner\/museum-am-dom\/touren\/himmel-h%c3%b6lle-heilige-nacht-das-st-p%c3%b6ltner-krippenspiel\/#breadcrumb\"},\"inLanguage\":\"ja\",\"potentialAction\":[{\"@type\":\"ReadAction\",\"target\":[\"https:\/\/discover-culture.com\/partner\/museum-am-dom\/touren\/himmel-h%c3%b6lle-heilige-nacht-das-st-p%c3%b6ltner-krippenspiel\/\"]}]},{\"@type\":\"ImageObject\",\"inLanguage\":\"ja\",\"@id\":\"https:\/\/discover-culture.com\/partner\/museum-am-dom\/touren\/himmel-h%c3%b6lle-heilige-nacht-das-st-p%c3%b6ltner-krippenspiel\/#primaryimage\",\"url\":\"https:\/\/discover-culture.com\/wp-content\/uploads\/Startbild_Krippe.jpg\",\"contentUrl\":\"https:\/\/discover-culture.com\/wp-content\/uploads\/Startbild_Krippe.jpg\",\"width\":1900,\"height\":1317,\"caption\":\"Startbild Krippe\"},{\"@type\":\"BreadcrumbList\",\"@id\":\"https:\/\/discover-culture.com\/partner\/museum-am-dom\/touren\/himmel-h%c3%b6lle-heilige-nacht-das-st-p%c3%b6ltner-krippenspiel\/#breadcrumb\",\"itemListElement\":[{\"@type\":\"ListItem\",\"position\":1,\"name\":\"Home\",\"item\":\"https:\/\/discover-culture.com\/\"},{\"@type\":\"ListItem\",\"position\":2,\"name\":\"Produkte\",\"item\":\"https:\/\/discover-culture.com\/de\/shop\/\"},{\"@type\":\"ListItem\",\"position\":3,\"name\":\"Himmel, H\u00f6lle &#038; Heilige Nacht. Das St. P\u00f6ltner Krippenspiel\"}]},{\"@type\":\"WebSite\",\"@id\":\"https:\/\/discover-culture.com\/de\/#website\",\"url\":\"https:\/\/discover-culture.com\/de\/\",\"name\":\"Discover-Culture\",\"description\":\"\",\"potentialAction\":[{\"@type\":\"SearchAction\",\"target\":{\"@type\":\"EntryPoint\",\"urlTemplate\":\"https:\/\/discover-culture.com\/de\/?s={search_term_string}\"},\"query-input\":{\"@type\":\"PropertyValueSpecification\",\"valueRequired\":true,\"valueName\":\"search_term_string\"}}],\"inLanguage\":\"ja\"}]}<\/script>\n<!-- \/ Yoast SEO Premium plugin. -->","yoast_head_json":{"title":"\u5929\u56fd\u3001\u5730\u7344\u3001\u8056\u591c\u3002\u30b6\u30f3\u30af\u30c8\u30fb\u30da\u30eb\u30c6\u30f3\u964d\u8a95\u5287 - Discover-Culture","description":"\u5929\u56fd\u3001\u5730\u7344\u3001\u8056\u591c\u306b\u95a2\u3059\u308b\u3059\u3079\u3066\u306e\u60c5\u5831\u3092\u3054\u89a7\u304f\u3060\u3055\u3044\u3002\u30b6\u30f3\u30af\u30c8\u30fb\u30da\u30eb\u30c6\u30f3\u306e\u964d\u8a95\u5287\u3067\u3001\u82b8\u8853\u3068\u6587\u5316\u306e\u65b0\u3057\u3044\u4e16\u754c\u3078\uff01","robots":{"index":"index","follow":"follow","max-snippet":"max-snippet:-1","max-image-preview":"max-image-preview:large","max-video-preview":"max-video-preview:-1"},"canonical":"https:\/\/discover-culture.com\/jp\/partner\/museum-am-dom\/touren\/himmel-h\u00f6lle-heilige-nacht-das-st-p\u00f6ltner-krippenspiel\/","og_locale":"ja_JP","og_type":"article","og_title":"Himmel, H\u00f6lle & Heilige Nacht. Das St. P\u00f6ltner Krippenspiel","og_description":"Finden Sie hier alle Informationen zum Produkt Himmel, H\u00f6lle & Heilige Nacht. Das St. P\u00f6ltner Krippenspiel und betreten Sie die neue Welt von Kunst und Kultur!","og_url":"https:\/\/discover-culture.com\/jp\/partner\/museum-am-dom\/touren\/himmel-h\u00f6lle-heilige-nacht-das-st-p\u00f6ltner-krippenspiel\/","og_site_name":"Discover-Culture","article_modified_time":"2026-03-18T08:54:17+00:00","og_image":[{"width":1900,"height":1317,"url":"https:\/\/discover-culture.com\/wp-content\/uploads\/Startbild_Krippe.jpg","type":"image\/jpeg"}],"twitter_card":"summary_large_image","twitter_misc":{"\u63a8\u5b9a\u8aad\u307f\u53d6\u308a\u6642\u9593":"1\u5206"},"schema":{"@context":"https:\/\/schema.org","@graph":[{"@type":"WebPage","@id":"https:\/\/discover-culture.com\/partner\/museum-am-dom\/touren\/himmel-h%c3%b6lle-heilige-nacht-das-st-p%c3%b6ltner-krippenspiel\/","url":"https:\/\/discover-culture.com\/partner\/museum-am-dom\/touren\/himmel-h%c3%b6lle-heilige-nacht-das-st-p%c3%b6ltner-krippenspiel\/","name":"\u5929\u56fd\u3001\u5730\u7344\u3001\u8056\u591c\u3002\u30b6\u30f3\u30af\u30c8\u30fb\u30da\u30eb\u30c6\u30f3\u964d\u8a95\u5287 - Discover-Culture","isPartOf":{"@id":"https:\/\/discover-culture.com\/de\/#website"},"primaryImageOfPage":{"@id":"https:\/\/discover-culture.com\/partner\/museum-am-dom\/touren\/himmel-h%c3%b6lle-heilige-nacht-das-st-p%c3%b6ltner-krippenspiel\/#primaryimage"},"image":{"@id":"https:\/\/discover-culture.com\/partner\/museum-am-dom\/touren\/himmel-h%c3%b6lle-heilige-nacht-das-st-p%c3%b6ltner-krippenspiel\/#primaryimage"},"thumbnailUrl":"https:\/\/discover-culture.com\/wp-content\/uploads\/Startbild_Krippe.jpg","datePublished":"2026-03-05T07:53:36+00:00","dateModified":"2026-03-18T08:54:17+00:00","description":"\u5929\u56fd\u3001\u5730\u7344\u3001\u8056\u591c\u306b\u95a2\u3059\u308b\u3059\u3079\u3066\u306e\u60c5\u5831\u3092\u3054\u89a7\u304f\u3060\u3055\u3044\u3002\u30b6\u30f3\u30af\u30c8\u30fb\u30da\u30eb\u30c6\u30f3\u306e\u964d\u8a95\u5287\u3067\u3001\u82b8\u8853\u3068\u6587\u5316\u306e\u65b0\u3057\u3044\u4e16\u754c\u3078\uff01","breadcrumb":{"@id":"https:\/\/discover-culture.com\/partner\/museum-am-dom\/touren\/himmel-h%c3%b6lle-heilige-nacht-das-st-p%c3%b6ltner-krippenspiel\/#breadcrumb"},"inLanguage":"ja","potentialAction":[{"@type":"ReadAction","target":["https:\/\/discover-culture.com\/partner\/museum-am-dom\/touren\/himmel-h%c3%b6lle-heilige-nacht-das-st-p%c3%b6ltner-krippenspiel\/"]}]},{"@type":"ImageObject","inLanguage":"ja","@id":"https:\/\/discover-culture.com\/partner\/museum-am-dom\/touren\/himmel-h%c3%b6lle-heilige-nacht-das-st-p%c3%b6ltner-krippenspiel\/#primaryimage","url":"https:\/\/discover-culture.com\/wp-content\/uploads\/Startbild_Krippe.jpg","contentUrl":"https:\/\/discover-culture.com\/wp-content\/uploads\/Startbild_Krippe.jpg","width":1900,"height":1317,"caption":"Startbild Krippe"},{"@type":"BreadcrumbList","@id":"https:\/\/discover-culture.com\/partner\/museum-am-dom\/touren\/himmel-h%c3%b6lle-heilige-nacht-das-st-p%c3%b6ltner-krippenspiel\/#breadcrumb","itemListElement":[{"@type":"ListItem","position":1,"name":"Home","item":"https:\/\/discover-culture.com\/"},{"@type":"ListItem","position":2,"name":"Produkte","item":"https:\/\/discover-culture.com\/de\/shop\/"},{"@type":"ListItem","position":3,"name":"Himmel, H\u00f6lle &#038; Heilige Nacht. Das St. P\u00f6ltner Krippenspiel"}]},{"@type":"WebSite","@id":"https:\/\/discover-culture.com\/de\/#website","url":"https:\/\/discover-culture.com\/de\/","name":"\u30c7\u30a3\u30b9\u30ab\u30d0\u30fc\u30fb\u30ab\u30eb\u30c1\u30e3\u30fc","description":"","potentialAction":[{"@type":"SearchAction","target":{"@type":"EntryPoint","urlTemplate":"https:\/\/discover-culture.com\/de\/?s={search_term_string}"},"query-input":{"@type":"PropertyValueSpecification","valueRequired":true,"valueName":"search_term_string"}}],"inLanguage":"ja"}]}},"_links":{"self":[{"href":"https:\/\/discover-culture.com\/jp\/wp-json\/wp\/v2\/product\/7760","targetHints":{"allow":["GET"]}}],"collection":[{"href":"https:\/\/discover-culture.com\/jp\/wp-json\/wp\/v2\/product"}],"about":[{"href":"https:\/\/discover-culture.com\/jp\/wp-json\/wp\/v2\/types\/product"}],"wp:featuredmedia":[{"embeddable":true,"href":"https:\/\/discover-culture.com\/jp\/wp-json\/wp\/v2\/media\/7781"}],"wp:attachment":[{"href":"https:\/\/discover-culture.com\/jp\/wp-json\/wp\/v2\/media?parent=7760"}],"wp:term":[{"taxonomy":"product_brand","embeddable":true,"href":"https:\/\/discover-culture.com\/jp\/wp-json\/wp\/v2\/product_brand?post=7760"},{"taxonomy":"product_cat","embeddable":true,"href":"https:\/\/discover-culture.com\/jp\/wp-json\/wp\/v2\/product_cat?post=7760"},{"taxonomy":"product_tag","embeddable":true,"href":"https:\/\/discover-culture.com\/jp\/wp-json\/wp\/v2\/product_tag?post=7760"}],"curies":[{"name":"wp","href":"https:\/\/api.w.org\/{rel}","templated":true}]}}