{"id":704,"date":"2021-06-24T10:37:33","date_gmt":"2021-06-24T08:37:33","guid":{"rendered":"https:\/\/discover-culture.com\/partner\/\/touren\/"},"modified":"2023-04-14T11:25:08","modified_gmt":"2023-04-14T09:25:08","slug":"daniel-spoerri-der-k%c3%bcnstler-im-gespr%c3%a4ch","status":"publish","type":"product","link":"https:\/\/discover-culture.com\/partner\/bank-austria-kunstforum-wien\/touren\/daniel-spoerri-der-k%c3%bcnstler-im-gespr%c3%a4ch","title":{"rendered":"\u30c0\u30cb\u30a8\u30eb\u30fb\u30b9\u30dd\u30a8\u30ea\u3001\u30a2\u30fc\u30c6\u30a3\u30b9\u30c8\u30fb\u30a4\u30f3\u30fb\u30ab\u30f3\u30d0\u30bb\u30fc\u30b7\u30e7\u30f3"},"content":{"rendered":"<section id='lightpress__section--block_3e01eedf9468c7166d3621ef2e3626c6' class='lightpress__section lightpress__section--content'><div class=\"content__grid content__grid--fifty-fifty\">\n    <div class=\"content__box content__box\">\n                                                        <h3 class=\"text-image__heading\">\u300c\u4eba\u751f\u3092\u4f5c\u54c1\u3068\u3057\u3066\u30c7\u30b6\u30a4\u30f3\u3059\u308b\u3053\u3068\u306f\u3001\u4eba\u751f\u306b\u304a\u3044\u3066\u3068\u3066\u3082\u7d20\u6575\u306a\u8077\u696d\u3060\u3068\u601d\u3046\u300d\uff08\u30c0\u30cb\u30a8\u30eb\u30fb\u30b9\u30dd\u30a8\u30ea\uff09\u3002<\/h3>\n<div class=\"text-image__excerpt\">\n<p>\u5c55\u89a7\u4f1a\u3092\u5de1\u308b\u30e9\u30a4\u30d6\u30ac\u30a4\u30c9\u30c4\u30a2\u30fc\u7b2c2\u5f3e\u00a0<em>\u30c0\u30cb\u30a8\u30eb\u30fb\u30b9\u30dd\u30a8\u30ea<\/em>\u00a0\u306f\u3001\u30a2\u30fc\u30c6\u30a3\u30b9\u30c8\u672c\u4eba\u306b\u4f1a\u3048\u308b\u30c1\u30e3\u30f3\u30b9\u3067\u3059\u3002<\/p>\n<p><span class=\"text-image__excerpt--small\"><em>\u30c0\u30cb\u30a8\u30eb\u30fb\u30b9\u30dd\u30a8\u30ea<\/em>, \u00a9 Rita Newman (\u8a73\u7d30)<\/span><\/p>\n<\/div>\n\n                                        <\/div>\n            <div class=\"content__box content__box\">\n                                                                    <img decoding=\"async\" class=\"content__image\" src=\"https:\/\/discover-culture.com\/wp-content\/uploads\/Daniel_Spoerri-1.jpg\" alt=\"\u30c0\u30cb\u30a8\u30eb\u30fb\u30b9\u30dd\u30a8\u30ea 1\" loading=\"lazy\">\n                                                        <\/div>\n    <\/div><\/section>\n\n<section id='lightpress__section--block_7390a2c0bb88716f037f15ed272cc121' class='lightpress__section lightpress__section--content'><div class=\"content__grid content__grid--fifty-fifty\">\n    <div class=\"content__box content__box\">\n                                                    <img decoding=\"async\" class=\"content__image\" src=\"https:\/\/discover-culture.com\/wp-content\/uploads\/Se-laisser-1.jpg\" alt=\"1\u4ef6\u76ee\" loading=\"lazy\">\n                                        <\/div>\n            <div class=\"content__box content__box\">\n                                                                        <p>&nbsp;<\/p>\n<p>&nbsp;<\/p>\n<p>&nbsp;<\/p>\n<p>&nbsp;<\/p>\n<p>\u30c0\u30cb\u30a8\u30eb\u30fb\u30b9\u30dd\u30a8\u30ea\u306f\u3001\u30ad\u30e5\u30ec\u30fc\u30bf\u30fc\u306e\u30f4\u30a7\u30ed\u30cb\u30ab\u30fb\u30eb\u30c9\u30eb\u30d5\u30a1\u30fc\u3068\u306e\u5bfe\u8a71\u3092\u901a\u3058\u3066\u3001\u30a2\u30fc\u30c8\u3068\u65e5\u5e38\u751f\u6d3b\u306e\u5883\u754c\u304c\u66d6\u6627\u306b\u306a\u308b\u3088\u3046\u306a\u5f7c\u306e\u4e16\u754c\u306b\u3064\u3044\u3066\u3001\u975e\u5e38\u306b\u500b\u4eba\u7684\u306a\u6d1e\u5bdf\u3092\u62ab\u9732\u3057\u3066\u3044\u307e\u3059\u3002<\/p>\n<p><span class=\"text-image__excerpt--small\">\u30c0\u30cb\u30a8\u30eb\u30fb\u30b9\u30dd\u30a8\u30ea\u00a0<em>\u3092\u4f7f\u7528\u3059\u308b\u3053\u3068\u304c\u3067\u304d\u307e\u3059\u3002<\/em>1965\u5e74\u3001\u30a2\u30c3\u30b5\u30f3\u30d6\u30e9\u30fc\u30b8\u30e5\u3001100\u00d7100\u00d729cm\u3001\u30d3\u30b7\u30e7\u30d5\u30d9\u30eb\u30ac\u30fc\u30fb\u30b3\u30ec\u30af\u30b7\u30e7\u30f3\u3001\u30e1\u30cd\u30c9\u30eb\u30d5\u30fb\u30c1\u30e5\u30fc\u30ea\u30c3\u30d2\u3001\u30b9\u30a4\u30b9 \u00a9 Daniel Spoerri and Bildrecht Vienna, 2021(\u8a73\u7d30)<\/span><\/p>\n\n                                                        <\/div>\n    <\/div><\/section>\n\n<section id='lightpress__section--block_a3ae67b48c5a65788ee7d2df3c8bdcd9' class='lightpress__section lightpress__section--card-item-content'><div class=\"card-item\">\n  \n      <picture class=\"card-item__background-image\">\n      <source srcset=\"https:\/\/discover-culture.com\/wp-content\/uploads\/call_to_action_livestream.webp\" type=\"image\/webp\">\n      <source srcset=\"https:\/\/discover-culture.com\/wp-content\/uploads\/call_to_action_livestream.jpg\" type=\"image\/jpeg\">\n      <img decoding=\"async\" loading=\"lazy\" src=\"https:\/\/discover-culture.com\/wp-content\/uploads\/call_to_action_livestream.jpg\" alt=\"\u30b3\u30fc\u30eb\u30fb\u30c8\u30a5\u30fb\u30a2\u30af\u30b7\u30e7\u30f3\u30fb\u30e9\u30a4\u30d6\u30b9\u30c8\u30ea\u30fc\u30e0\">\n    <\/picture>\n    <div id='lightpress__section--block_69ea8e06b6846' class='lightpress__section--content'><div class=\"content__grid content__grid\">\n    <div class=\"content__box content__box--one-hundred\">\n                                                        <p><a class=\"lcyd__button lcyd__button--arrow lcyd__button--light\" href=\"https:\/\/www.kunstforumwien.at\/\" target=\"_blank\" rel=\"noopener\">\u8a73\u7d30\u306f\u3053\u3061\u3089<\/a><\/p>\n\n                                        <\/div>\n    <\/div><\/div>\n<\/div>\n<\/section>","protected":false},"excerpt":{"rendered":"<p>\u81ea\u5b85\u304b\u3089\u30e9\u30a4\u30d6\u30ac\u30a4\u30c9\u30c4\u30a2\u30fc\u306b\u53c2\u52a0\u3057\u3066\u3001\u5c55\u89a7\u4f1a\u3092\u4f53\u9a13\u3057\u3088\u3046\u00a0<em>\u30c0\u30cb\u30a8\u30eb\u30fb\u30b9\u30dd\u30a8\u30ea\u00a0<\/em>\u00a0(2021\u5e743\u670824\u65e5\uff5e6\u670827\u65e5\uff09\u306e\u30e9\u30a4\u30d6\u30c4\u30a2\u30fc\u306f\u6bce\u56de\u7570\u306a\u308a\u3001\u7b2c2\u90e8\u3067\u306f\u30a2\u30fc\u30c6\u30a3\u30b9\u30c8\u3067\u3042\u308b\u30c0\u30cb\u30a8\u30eb\u30fb\u30b9\u30dd\u30a8\u30ea\u672c\u4eba\u304c\u767a\u8a00\u3059\u308b\u4e88\u5b9a\u3067\u3059\u3002<\/p>","protected":false},"featured_media":705,"template":"","meta":{"_acf_changed":false,"_relevanssi_hide_post":"","_relevanssi_hide_content":"","_relevanssi_pin_for_all":"","_relevanssi_pin_keywords":"","_relevanssi_unpin_keywords":"","_relevanssi_related_keywords":"","_relevanssi_related_include_ids":"","_relevanssi_related_exclude_ids":"","_relevanssi_related_no_append":"","_relevanssi_related_not_related":"","_relevanssi_related_posts":"3844,3848,3841,3845,3849","_relevanssi_noindex_reason":""},"product_brand":[],"product_cat":[21],"product_tag":[],"class_list":["product-available","product","first","instock","virtual","sold-individually","taxable","purchasable","product-type-simple"],"bundled_by":[],"bundle_stock_status":"instock","bundle_stock_quantity":null,"bundle_virtual":false,"bundle_layout":"","bundle_add_to_cart_form_location":"","bundle_editable_in_cart":false,"bundle_sold_individually_context":"","bundle_item_grouping":"","bundle_min_size":"","bundle_max_size":"","bundle_price":[],"bundled_items":[],"bundle_sell_ids":[],"acf":[],"yoast_head":"<!-- This site is optimized with the Yoast SEO Premium plugin v25.7.1 (Yoast SEO v26.8) - https:\/\/yoast.com\/product\/yoast-seo-premium-wordpress\/ -->\n<title>Daniel Spoerri, Der K\u00fcnstler im Gespr\u00e4ch - Discover-Culture<\/title>\n<meta name=\"description\" content=\"Finden Sie hier alle Informationen zum Produkt Daniel Spoerri, Der K\u00fcnstler im Gespr\u00e4ch und betreten Sie die neue Welt von Kunst und Kultur!\" \/>\n<meta name=\"robots\" content=\"index, follow, max-snippet:-1, max-image-preview:large, max-video-preview:-1\" \/>\n<link rel=\"canonical\" href=\"https:\/\/discover-culture.com\/jp\/partner\/bank-austria-kunstforum-wien\/touren\/daniel-spoerri-der-k\u00fcnstler-im-gespr\u00e4ch\/\" \/>\n<meta property=\"og:locale\" content=\"ja_JP\" \/>\n<meta property=\"og:type\" content=\"article\" \/>\n<meta property=\"og:title\" content=\"Daniel Spoerri, Der K\u00fcnstler im Gespr\u00e4ch\" \/>\n<meta property=\"og:description\" content=\"Finden Sie hier alle Informationen zum Produkt Daniel Spoerri, Der K\u00fcnstler im Gespr\u00e4ch und betreten Sie die neue Welt von Kunst und Kultur!\" \/>\n<meta property=\"og:url\" content=\"https:\/\/discover-culture.com\/jp\/partner\/bank-austria-kunstforum-wien\/touren\/daniel-spoerri-der-k\u00fcnstler-im-gespr\u00e4ch\/\" \/>\n<meta property=\"og:site_name\" content=\"Discover-Culture\" \/>\n<meta property=\"article:modified_time\" content=\"2023-04-14T09:25:08+00:00\" \/>\n<meta property=\"og:image\" content=\"https:\/\/discover-culture.com\/wp-content\/uploads\/Daniel_Spoerri.jpeg\" \/>\n\t<meta property=\"og:image:width\" content=\"1095\" \/>\n\t<meta property=\"og:image:height\" content=\"731\" \/>\n\t<meta property=\"og:image:type\" content=\"image\/jpeg\" \/>\n<meta name=\"twitter:card\" content=\"summary_large_image\" \/>\n<script type=\"application\/ld+json\" class=\"yoast-schema-graph\">{\"@context\":\"https:\/\/schema.org\",\"@graph\":[{\"@type\":\"WebPage\",\"@id\":\"https:\/\/discover-culture.com\/partner\/bank-austria-kunstforum-wien\/touren\/daniel-spoerri-der-k%c3%bcnstler-im-gespr%c3%a4ch\/\",\"url\":\"https:\/\/discover-culture.com\/partner\/bank-austria-kunstforum-wien\/touren\/daniel-spoerri-der-k%c3%bcnstler-im-gespr%c3%a4ch\/\",\"name\":\"Daniel Spoerri, Der K\u00fcnstler im Gespr\u00e4ch - Discover-Culture\",\"isPartOf\":{\"@id\":\"https:\/\/discover-culture.com\/de\/#website\"},\"primaryImageOfPage\":{\"@id\":\"https:\/\/discover-culture.com\/partner\/bank-austria-kunstforum-wien\/touren\/daniel-spoerri-der-k%c3%bcnstler-im-gespr%c3%a4ch\/#primaryimage\"},\"image\":{\"@id\":\"https:\/\/discover-culture.com\/partner\/bank-austria-kunstforum-wien\/touren\/daniel-spoerri-der-k%c3%bcnstler-im-gespr%c3%a4ch\/#primaryimage\"},\"thumbnailUrl\":\"https:\/\/discover-culture.com\/wp-content\/uploads\/Daniel_Spoerri.jpeg\",\"datePublished\":\"2021-06-24T08:37:33+00:00\",\"dateModified\":\"2023-04-14T09:25:08+00:00\",\"description\":\"Finden Sie hier alle Informationen zum Produkt Daniel Spoerri, Der K\u00fcnstler im Gespr\u00e4ch und betreten Sie die neue Welt von Kunst und Kultur!\",\"breadcrumb\":{\"@id\":\"https:\/\/discover-culture.com\/partner\/bank-austria-kunstforum-wien\/touren\/daniel-spoerri-der-k%c3%bcnstler-im-gespr%c3%a4ch\/#breadcrumb\"},\"inLanguage\":\"ja\",\"potentialAction\":[{\"@type\":\"ReadAction\",\"target\":[\"https:\/\/discover-culture.com\/partner\/bank-austria-kunstforum-wien\/touren\/daniel-spoerri-der-k%c3%bcnstler-im-gespr%c3%a4ch\/\"]}]},{\"@type\":\"ImageObject\",\"inLanguage\":\"ja\",\"@id\":\"https:\/\/discover-culture.com\/partner\/bank-austria-kunstforum-wien\/touren\/daniel-spoerri-der-k%c3%bcnstler-im-gespr%c3%a4ch\/#primaryimage\",\"url\":\"https:\/\/discover-culture.com\/wp-content\/uploads\/Daniel_Spoerri.jpeg\",\"contentUrl\":\"https:\/\/discover-culture.com\/wp-content\/uploads\/Daniel_Spoerri.jpeg\",\"width\":1095,\"height\":731,\"caption\":\"Daniel Spoerri\"},{\"@type\":\"BreadcrumbList\",\"@id\":\"https:\/\/discover-culture.com\/partner\/bank-austria-kunstforum-wien\/touren\/daniel-spoerri-der-k%c3%bcnstler-im-gespr%c3%a4ch\/#breadcrumb\",\"itemListElement\":[{\"@type\":\"ListItem\",\"position\":1,\"name\":\"Home\",\"item\":\"https:\/\/discover-culture.com\/\"},{\"@type\":\"ListItem\",\"position\":2,\"name\":\"Produkte\",\"item\":\"https:\/\/discover-culture.com\/de\/shop\/\"},{\"@type\":\"ListItem\",\"position\":3,\"name\":\"Daniel Spoerri, Der K\u00fcnstler im Gespr\u00e4ch\"}]},{\"@type\":\"WebSite\",\"@id\":\"https:\/\/discover-culture.com\/de\/#website\",\"url\":\"https:\/\/discover-culture.com\/de\/\",\"name\":\"Discover-Culture\",\"description\":\"\",\"potentialAction\":[{\"@type\":\"SearchAction\",\"target\":{\"@type\":\"EntryPoint\",\"urlTemplate\":\"https:\/\/discover-culture.com\/de\/?s={search_term_string}\"},\"query-input\":{\"@type\":\"PropertyValueSpecification\",\"valueRequired\":true,\"valueName\":\"search_term_string\"}}],\"inLanguage\":\"ja\"}]}<\/script>\n<!-- \/ Yoast SEO Premium plugin. -->","yoast_head_json":{"title":"\u30c0\u30cb\u30a8\u30eb\u30fb\u30b9\u30dd\u30a8\u30ea\u3001\u30a2\u30fc\u30c6\u30a3\u30b9\u30c8\u3068\u306e\u5bfe\u8a71 - Discover-Culture","description":"Daniel Spoerri, The Artist in Conversation\u3068\u3044\u3046\u5546\u54c1\u306b\u95a2\u3059\u308b\u3059\u3079\u3066\u306e\u60c5\u5831\u3092\u3053\u3053\u3067\u898b\u3064\u3051\u3001\u82b8\u8853\u3068\u6587\u5316\u306e\u65b0\u3057\u3044\u4e16\u754c\u306b\u8db3\u3092\u8e0f\u307f\u5165\u308c\u3066\u304f\u3060\u3055\u3044\uff01","robots":{"index":"index","follow":"follow","max-snippet":"max-snippet:-1","max-image-preview":"max-image-preview:large","max-video-preview":"max-video-preview:-1"},"canonical":"https:\/\/discover-culture.com\/jp\/partner\/bank-austria-kunstforum-wien\/touren\/daniel-spoerri-der-k\u00fcnstler-im-gespr\u00e4ch\/","og_locale":"ja_JP","og_type":"article","og_title":"Daniel Spoerri, Der K\u00fcnstler im Gespr\u00e4ch","og_description":"Finden Sie hier alle Informationen zum Produkt Daniel Spoerri, Der K\u00fcnstler im Gespr\u00e4ch und betreten Sie die neue Welt von Kunst und Kultur!","og_url":"https:\/\/discover-culture.com\/jp\/partner\/bank-austria-kunstforum-wien\/touren\/daniel-spoerri-der-k\u00fcnstler-im-gespr\u00e4ch\/","og_site_name":"Discover-Culture","article_modified_time":"2023-04-14T09:25:08+00:00","og_image":[{"width":1095,"height":731,"url":"https:\/\/discover-culture.com\/wp-content\/uploads\/Daniel_Spoerri.jpeg","type":"image\/jpeg"}],"twitter_card":"summary_large_image","schema":{"@context":"https:\/\/schema.org","@graph":[{"@type":"WebPage","@id":"https:\/\/discover-culture.com\/partner\/bank-austria-kunstforum-wien\/touren\/daniel-spoerri-der-k%c3%bcnstler-im-gespr%c3%a4ch\/","url":"https:\/\/discover-culture.com\/partner\/bank-austria-kunstforum-wien\/touren\/daniel-spoerri-der-k%c3%bcnstler-im-gespr%c3%a4ch\/","name":"\u30c0\u30cb\u30a8\u30eb\u30fb\u30b9\u30dd\u30a8\u30ea\u3001\u30a2\u30fc\u30c6\u30a3\u30b9\u30c8\u3068\u306e\u5bfe\u8a71 - Discover-Culture","isPartOf":{"@id":"https:\/\/discover-culture.com\/de\/#website"},"primaryImageOfPage":{"@id":"https:\/\/discover-culture.com\/partner\/bank-austria-kunstforum-wien\/touren\/daniel-spoerri-der-k%c3%bcnstler-im-gespr%c3%a4ch\/#primaryimage"},"image":{"@id":"https:\/\/discover-culture.com\/partner\/bank-austria-kunstforum-wien\/touren\/daniel-spoerri-der-k%c3%bcnstler-im-gespr%c3%a4ch\/#primaryimage"},"thumbnailUrl":"https:\/\/discover-culture.com\/wp-content\/uploads\/Daniel_Spoerri.jpeg","datePublished":"2021-06-24T08:37:33+00:00","dateModified":"2023-04-14T09:25:08+00:00","description":"Daniel Spoerri, The Artist in Conversation\u3068\u3044\u3046\u5546\u54c1\u306b\u95a2\u3059\u308b\u3059\u3079\u3066\u306e\u60c5\u5831\u3092\u3053\u3053\u3067\u898b\u3064\u3051\u3001\u82b8\u8853\u3068\u6587\u5316\u306e\u65b0\u3057\u3044\u4e16\u754c\u306b\u8db3\u3092\u8e0f\u307f\u5165\u308c\u3066\u304f\u3060\u3055\u3044\uff01","breadcrumb":{"@id":"https:\/\/discover-culture.com\/partner\/bank-austria-kunstforum-wien\/touren\/daniel-spoerri-der-k%c3%bcnstler-im-gespr%c3%a4ch\/#breadcrumb"},"inLanguage":"ja","potentialAction":[{"@type":"ReadAction","target":["https:\/\/discover-culture.com\/partner\/bank-austria-kunstforum-wien\/touren\/daniel-spoerri-der-k%c3%bcnstler-im-gespr%c3%a4ch\/"]}]},{"@type":"ImageObject","inLanguage":"ja","@id":"https:\/\/discover-culture.com\/partner\/bank-austria-kunstforum-wien\/touren\/daniel-spoerri-der-k%c3%bcnstler-im-gespr%c3%a4ch\/#primaryimage","url":"https:\/\/discover-culture.com\/wp-content\/uploads\/Daniel_Spoerri.jpeg","contentUrl":"https:\/\/discover-culture.com\/wp-content\/uploads\/Daniel_Spoerri.jpeg","width":1095,"height":731,"caption":"Daniel Spoerri"},{"@type":"BreadcrumbList","@id":"https:\/\/discover-culture.com\/partner\/bank-austria-kunstforum-wien\/touren\/daniel-spoerri-der-k%c3%bcnstler-im-gespr%c3%a4ch\/#breadcrumb","itemListElement":[{"@type":"ListItem","position":1,"name":"Home","item":"https:\/\/discover-culture.com\/"},{"@type":"ListItem","position":2,"name":"Produkte","item":"https:\/\/discover-culture.com\/de\/shop\/"},{"@type":"ListItem","position":3,"name":"Daniel Spoerri, Der K\u00fcnstler im Gespr\u00e4ch"}]},{"@type":"WebSite","@id":"https:\/\/discover-culture.com\/de\/#website","url":"https:\/\/discover-culture.com\/de\/","name":"\u30c7\u30a3\u30b9\u30ab\u30d0\u30fc\u30fb\u30ab\u30eb\u30c1\u30e3\u30fc","description":"","potentialAction":[{"@type":"SearchAction","target":{"@type":"EntryPoint","urlTemplate":"https:\/\/discover-culture.com\/de\/?s={search_term_string}"},"query-input":{"@type":"PropertyValueSpecification","valueRequired":true,"valueName":"search_term_string"}}],"inLanguage":"ja"}]}},"_links":{"self":[{"href":"https:\/\/discover-culture.com\/jp\/wp-json\/wp\/v2\/product\/704","targetHints":{"allow":["GET"]}}],"collection":[{"href":"https:\/\/discover-culture.com\/jp\/wp-json\/wp\/v2\/product"}],"about":[{"href":"https:\/\/discover-culture.com\/jp\/wp-json\/wp\/v2\/types\/product"}],"wp:featuredmedia":[{"embeddable":true,"href":"https:\/\/discover-culture.com\/jp\/wp-json\/wp\/v2\/media\/705"}],"wp:attachment":[{"href":"https:\/\/discover-culture.com\/jp\/wp-json\/wp\/v2\/media?parent=704"}],"wp:term":[{"taxonomy":"product_brand","embeddable":true,"href":"https:\/\/discover-culture.com\/jp\/wp-json\/wp\/v2\/product_brand?post=704"},{"taxonomy":"product_cat","embeddable":true,"href":"https:\/\/discover-culture.com\/jp\/wp-json\/wp\/v2\/product_cat?post=704"},{"taxonomy":"product_tag","embeddable":true,"href":"https:\/\/discover-culture.com\/jp\/wp-json\/wp\/v2\/product_tag?post=704"}],"curies":[{"name":"wp","href":"https:\/\/api.w.org\/{rel}","templated":true}]}}