{"id":5973,"date":"2022-07-11T13:24:02","date_gmt":"2022-07-11T11:24:02","guid":{"rendered":"https:\/\/discover-culture.com\/partner\/\/touren\/"},"modified":"2023-05-02T11:30:21","modified_gmt":"2023-05-02T09:30:21","slug":"naturparkhaus-schloss-gro%c3%9fs%c3%b6lk","status":"publish","type":"product","link":"https:\/\/discover-culture.com\/partner\/naturparkhaus-schloss-gro%c3%9fs%c3%b6lk\/touren\/naturparkhaus-schloss-gro%c3%9fs%c3%b6lk","title":{"rendered":"\u30cd\u30a4\u30c1\u30e3\u30fc\u30d1\u30fc\u30af\u30cf\u30a6\u30b9\u30fb\u30b0\u30ed\u30fc\u30b9\u30db\u30eb\u30af\u57ce"},"content":{"rendered":"<section id='lightpress__section--block_1196c0f3f3775be77639669256c86ee1' class='lightpress__section lightpress__section--content'><div class=\"content__grid content__grid\">\n    <div class=\"content__box content__box--one-hundred\">\n                                                        <p align=\"center\">\u30f4\u30a1\u30fc\u30c1\u30e3\u30eb\u30c4\u30a2\u30fc\u3067\u3001\u305d\u306e\u7f8e\u3057\u3044\u6620\u50cf\u306b\u9154\u3044\u3057\u308c\u307e\u3057\u3087\u3046\u3002 <br \/><strong>\u30b0\u30ed\u30fc\u30b9\u30bb\u30eb\u30af\u57ce\u81ea\u7136\u516c\u5712\u30cf\u30a6\u30b9\u3002<br \/><\/strong>\u6b74\u53f2\u3068\u81ea\u7136\u4f53\u9a13\u304c\u6d41\u308c\u8fbc\u3080\u7279\u5225\u306a\u5834\u6240\u3067\u3001\u30d5\u30a1\u30fc\u30b9\u30c8\u30a4\u30f3\u30d7\u30ec\u30c3\u30b7\u30e7\u30f3\u3092\u5f97\u3088\u3046\u3002<\/p>\n\n                                        <\/div>\n    <\/div><\/section>\n\n<section id='lightpress__section--block_cb21998a02644580b3e51934fce4cf4e' class='lightpress__section lightpress__section--content'><div class=\"content__grid content__grid--fifty-fifty\">\n    <div class=\"content__box content__box content__box--text-center\">\n                                                        <p><strong>\u81ea\u7136\u516c\u5712\u306e\u5bb6<\/strong><\/p>\n<p>\u81ea\u7136\u516c\u5712\u306e\u81ea\u7136\u3084\u6b74\u53f2\u306b\u95a2\u3059\u308b\u5e38\u8a2d\u5c55\u793a\u306f\u3001\u4e2d\u4e16\u306e\u57ce\u306e6\u3064\u306e\u90e8\u5c4b\u3067\u7d39\u4ecb\u3055\u308c\u3066\u3044\u307e\u3059\u3002<\/p>\n<p>\u30e9\u30d0\u98fc\u3044\u306e\u53e4\u3044\u8db3\u8de1\u3092\u305f\u3069\u308b\u30cf\u30a4\u30ad\u30f3\u30b0\u3001\u57ce\u306e\u6ce2\u4e71\u306b\u5bcc\u3093\u3060\u6b74\u53f2\u3001\u7d76\u6ec5\u5371\u60e7\u7a2e\u306e\u52d5\u7269\u3078\u306e\u9a5a\u304d\u3001\u96ea\u5d29\u306e\u4f53\u9a13\u3001\u30e0\u30fc\u30a2\u3084\u5c71\u306e\u6e56\u306e\u6ce2\u7d0b\u3092\u805e\u304f\u3053\u3068\u3002<\/p>\n\n                                        <\/div>\n            <div class=\"content__box content__box\">\n                                                                    <img decoding=\"async\" class=\"content__image\" src=\"https:\/\/discover-culture.com\/wp-content\/uploads\/Saeumerrraum.jpg\" alt=\"\u30bb\u30fc\u30e1\u30eb\u30e9\u30a6\u30e0\" loading=\"lazy\">\n                                                        <\/div>\n    <\/div><\/section>\n\n<section id='lightpress__section--block_24b72566f21d37dce1d467b11477c4b5' class='lightpress__section lightpress__section--content'><div class=\"content__grid content__grid--fifty-fifty\">\n    <div class=\"content__box content__box\">\n                                                    <img decoding=\"async\" class=\"content__image\" src=\"https:\/\/discover-culture.com\/wp-content\/uploads\/Wildschwein.jpg\" alt=\"\u30a4\u30ce\u30b7\u30b7\" loading=\"lazy\">\n                                        <\/div>\n            <div class=\"content__box content__box content__box--text-center\">\n                                                                        <p align=\"center\"><strong>NEW: Climate Winners!\u6c17\u5019\u306e\u6557\u8005\uff1f\u6c17\u5019\u5909\u52d5\u306e\u4e2d\u3067\u3001\u79c1\u305f\u3061\u306e\u52d5\u7269\u3084\u690d\u7269\u306f\u3069\u3046\u306a\u3063\u3066\u3044\u308b\u306e\u3067\u3057\u3087\u3046\u304b\uff1f<\/strong><\/p>\n<p>\u4f8b\u3048\u3070\u3001\u300cEverything used to be later\u300d\u3067\u306f\u3001\u6c17\u5019\u5909\u52d5\u304c\u690d\u751f\u306b\u53ca\u307c\u3059\u5f71\u97ff\u3092\u3001\u30cb\u30ef\u30c8\u30b3\u306e\u958b\u82b1\u6642\u671f\u306e\u65e9\u3055\u3084\u68ee\u6797\u9650\u754c\u306e\u4e0a\u6607\u306a\u3069\u306e\u30d5\u30a7\u30ce\u30ed\u30b8\u30fc\u3092\u4f7f\u3063\u3066\u8aac\u660e\u3057\u3066\u3044\u307e\u3059\u3002\u00a0<\/p>\n\n                                                        <\/div>\n    <\/div><\/section>\n\n<section id='lightpress__section--block_327ea12bfe3f77028f2a75c37bd8da5a' class='lightpress__section lightpress__section--content-with-gallery'><h2 class=\"cwg__headline\"><\/h2>\n<div id='lightpress__section--block_69f4c296d14fb' class='cwg__content lightpress__section--content'><div class=\"content__grid content__grid\">\n    <div class=\"content__box content__box--one-hundred\">\n                                                        <p>\u9069\u5fdc\u3001\u79fb\u4f4f\u3001\u7d76\u6ec5\u300d\u306e\u30d1\u30fc\u30c8\u3067\u306f\u3001\u52d5\u7269\u754c\u3078\u306e\u5f71\u97ff\u3092\u6271\u3063\u3066\u3044\u307e\u3059\u3002\u6765\u5834\u8005\u81ea\u8eab\u304c\u77e5\u8b58\u3092\u8a66\u305b\u308b\u30af\u30a4\u30ba\u3084\u3001\u89e6\u3063\u3066\u611f\u52d5\u3067\u304d\u308b\u30b3\u30fc\u30ca\u30fc\u306a\u3069\u3001\u5b50\u3069\u3082\u305f\u3061\u306b\u3082\u9b45\u529b\u7684\u306a\u30d7\u30ed\u30b0\u30e9\u30e0\u304c\u7528\u610f\u3055\u308c\u3066\u3044\u307e\u3059\u3002\u3053\u306e\u3088\u3046\u306b\u3001\u5b66\u6821\u306e\u6388\u696d\u3067\u3082\u3001\u81ea\u5206\u305f\u3061\u3067\u767a\u898b\u3067\u304d\u308b\u3088\u3046\u306a\u8208\u5473\u6df1\u3044\u60c5\u5831\u304c\u305f\u304f\u3055\u3093\u3042\u308a\u307e\u3059\u3002<\/p>\n\n                                        <\/div>\n    <\/div><\/div>\n\n<div class=\"cwg__gallery cwg__gallery--3\">\n                    <picture class=\"cwg__image\">\n            <source srcset=\"https:\/\/discover-culture.com\/wp-content\/uploads\/Almrausch2.webp\" type=\"image\/webp\">\n            <source srcset=\"https:\/\/discover-culture.com\/wp-content\/uploads\/Almrausch2.jpg\" type=\"image\/jpeg\">\n            <img decoding=\"async\" loading=\"lazy\" src=\"https:\/\/discover-culture.com\/wp-content\/uploads\/Almrausch2.jpg\" alt=\"\u30a2\u30eb\u30e0\u30e9\u30a6\u30b7\u30e52\">\n        <\/picture>\n                    <picture class=\"cwg__image\">\n            <source srcset=\"https:\/\/discover-culture.com\/wp-content\/uploads\/Klima-Ausstellung-c-Naturpark-Soelktaeler.webp\" type=\"image\/webp\">\n            <source srcset=\"https:\/\/discover-culture.com\/wp-content\/uploads\/Klima-Ausstellung-c-Naturpark-Soelktaeler.jpg\" type=\"image\/jpeg\">\n            <img decoding=\"async\" loading=\"lazy\" src=\"https:\/\/discover-culture.com\/wp-content\/uploads\/Klima-Ausstellung-c-Naturpark-Soelktaeler.jpg\" alt=\"\u6c17\u5019\u5c55\u793a c \u30bd\u30a8\u30eb\u30af\u30bf\u30e9\u30fc\u81ea\u7136\u516c\u5712\">\n        <\/picture>\n                    <picture class=\"cwg__image\">\n            <source srcset=\"https:\/\/discover-culture.com\/wp-content\/uploads\/Blume.webp\" type=\"image\/webp\">\n            <source srcset=\"https:\/\/discover-culture.com\/wp-content\/uploads\/Blume.jpg\" type=\"image\/jpeg\">\n            <img decoding=\"async\" loading=\"lazy\" src=\"https:\/\/discover-culture.com\/wp-content\/uploads\/Blume.jpg\" alt=\"\u82b1\">\n        <\/picture>\n    <\/div><\/section>\n\n<section id='lightpress__section--block_d2718412c71d1077ce029de3c3e9adef' class='lightpress__section lightpress__section--content'><div class=\"content__grid content__grid\">\n    <div class=\"content__box content__box--one-hundred\">\n                                                        <p align=\"center\">\u30d0\u30fc\u30c1\u30e3\u30eb\u306a\u4f53\u9a13\u306e\u65c5\u306b\u51fa\u304b\u3051\u3001\u30cd\u30a4\u30c1\u30e3\u30fc\u30d1\u30fc\u30af\u30cf\u30a6\u30b9\u30fb\u30b7\u30e5\u30ed\u30b9\u30fb\u30b0\u30ed\u30c3\u30bb\u30eb\u30af\u306b\u304a\u8d8a\u3057\u304f\u3060\u3055\u3044\u3002<\/p>\n<p><a class=\"lcyd__button lcyd__button--animate lcyd__button--arrow lcyd__button--animate\" href=\"https:\/\/www.soelktaeler.com\/naturparkhaus\" target=\"_blank\" rel=\"noopener\">\u8a73\u7d30\u306f\u3053\u3061\u3089<\/a><\/p>\n\n                                        <\/div>\n    <\/div><\/section>","protected":false},"excerpt":{"rendered":"","protected":false},"featured_media":5974,"template":"","meta":{"_acf_changed":false,"_relevanssi_hide_post":"","_relevanssi_hide_content":"","_relevanssi_pin_for_all":"","_relevanssi_pin_keywords":"","_relevanssi_unpin_keywords":"","_relevanssi_related_keywords":"","_relevanssi_related_include_ids":"","_relevanssi_related_exclude_ids":"","_relevanssi_related_no_append":"","_relevanssi_related_not_related":"","_relevanssi_related_posts":"3845,3841,3844,3848,3849","_relevanssi_noindex_reason":""},"product_brand":[],"product_cat":[16],"product_tag":[],"class_list":["product-available","product","first","instock","virtual","sold-individually","taxable","purchasable","product-type-simple"],"bundled_by":[],"bundle_stock_status":"instock","bundle_stock_quantity":null,"bundle_virtual":false,"bundle_layout":"","bundle_add_to_cart_form_location":"","bundle_editable_in_cart":false,"bundle_sold_individually_context":"","bundle_item_grouping":"","bundle_min_size":"","bundle_max_size":"","bundle_price":[],"bundled_items":[],"bundle_sell_ids":[],"acf":[],"yoast_head":"<!-- This site is optimized with the Yoast SEO Premium plugin v25.7.1 (Yoast SEO v26.8) - https:\/\/yoast.com\/product\/yoast-seo-premium-wordpress\/ -->\n<title>Naturparkhaus Schloss Gro\u00dfs\u00f6lk - Discover-Culture<\/title>\n<meta name=\"description\" content=\"Finden Sie hier alle Informationen zum Produkt Naturparkhaus Schloss Gro\u00dfs\u00f6lk und betreten Sie die neue Welt von Kunst und Kultur!\" \/>\n<meta name=\"robots\" content=\"index, follow, max-snippet:-1, max-image-preview:large, max-video-preview:-1\" \/>\n<link rel=\"canonical\" href=\"https:\/\/discover-culture.com\/jp\/partner\/naturparkhaus-schloss-gro\u00dfs\u00f6lk\/touren\/naturparkhaus-schloss-gro\u00dfs\u00f6lk\/\" \/>\n<meta property=\"og:locale\" content=\"ja_JP\" \/>\n<meta property=\"og:type\" content=\"article\" \/>\n<meta property=\"og:title\" content=\"Naturparkhaus Schloss Gro\u00dfs\u00f6lk\" \/>\n<meta property=\"og:description\" content=\"Finden Sie hier alle Informationen zum Produkt Naturparkhaus Schloss Gro\u00dfs\u00f6lk und betreten Sie die neue Welt von Kunst und Kultur!\" \/>\n<meta property=\"og:url\" content=\"https:\/\/discover-culture.com\/jp\/partner\/naturparkhaus-schloss-gro\u00dfs\u00f6lk\/touren\/naturparkhaus-schloss-gro\u00dfs\u00f6lk\/\" \/>\n<meta property=\"og:site_name\" content=\"Discover-Culture\" \/>\n<meta property=\"article:modified_time\" content=\"2023-05-02T09:30:21+00:00\" \/>\n<meta property=\"og:image\" content=\"https:\/\/discover-culture.com\/wp-content\/uploads\/Schloss-Grosssoelk.jpg\" \/>\n\t<meta property=\"og:image:width\" content=\"2000\" \/>\n\t<meta property=\"og:image:height\" content=\"1681\" \/>\n\t<meta property=\"og:image:type\" content=\"image\/jpeg\" \/>\n<meta name=\"twitter:card\" content=\"summary_large_image\" \/>\n<script type=\"application\/ld+json\" class=\"yoast-schema-graph\">{\"@context\":\"https:\/\/schema.org\",\"@graph\":[{\"@type\":\"WebPage\",\"@id\":\"https:\/\/discover-culture.com\/partner\/naturparkhaus-schloss-gro%c3%9fs%c3%b6lk\/touren\/naturparkhaus-schloss-gro%c3%9fs%c3%b6lk\/\",\"url\":\"https:\/\/discover-culture.com\/partner\/naturparkhaus-schloss-gro%c3%9fs%c3%b6lk\/touren\/naturparkhaus-schloss-gro%c3%9fs%c3%b6lk\/\",\"name\":\"Naturparkhaus Schloss Gro\u00dfs\u00f6lk - Discover-Culture\",\"isPartOf\":{\"@id\":\"https:\/\/discover-culture.com\/de\/#website\"},\"primaryImageOfPage\":{\"@id\":\"https:\/\/discover-culture.com\/partner\/naturparkhaus-schloss-gro%c3%9fs%c3%b6lk\/touren\/naturparkhaus-schloss-gro%c3%9fs%c3%b6lk\/#primaryimage\"},\"image\":{\"@id\":\"https:\/\/discover-culture.com\/partner\/naturparkhaus-schloss-gro%c3%9fs%c3%b6lk\/touren\/naturparkhaus-schloss-gro%c3%9fs%c3%b6lk\/#primaryimage\"},\"thumbnailUrl\":\"https:\/\/discover-culture.com\/wp-content\/uploads\/Schloss-Grosssoelk.jpg\",\"datePublished\":\"2022-07-11T11:24:02+00:00\",\"dateModified\":\"2023-05-02T09:30:21+00:00\",\"description\":\"Finden Sie hier alle Informationen zum Produkt Naturparkhaus Schloss Gro\u00dfs\u00f6lk und betreten Sie die neue Welt von Kunst und Kultur!\",\"breadcrumb\":{\"@id\":\"https:\/\/discover-culture.com\/partner\/naturparkhaus-schloss-gro%c3%9fs%c3%b6lk\/touren\/naturparkhaus-schloss-gro%c3%9fs%c3%b6lk\/#breadcrumb\"},\"inLanguage\":\"ja\",\"potentialAction\":[{\"@type\":\"ReadAction\",\"target\":[\"https:\/\/discover-culture.com\/partner\/naturparkhaus-schloss-gro%c3%9fs%c3%b6lk\/touren\/naturparkhaus-schloss-gro%c3%9fs%c3%b6lk\/\"]}]},{\"@type\":\"ImageObject\",\"inLanguage\":\"ja\",\"@id\":\"https:\/\/discover-culture.com\/partner\/naturparkhaus-schloss-gro%c3%9fs%c3%b6lk\/touren\/naturparkhaus-schloss-gro%c3%9fs%c3%b6lk\/#primaryimage\",\"url\":\"https:\/\/discover-culture.com\/wp-content\/uploads\/Schloss-Grosssoelk.jpg\",\"contentUrl\":\"https:\/\/discover-culture.com\/wp-content\/uploads\/Schloss-Grosssoelk.jpg\",\"width\":2000,\"height\":1681,\"caption\":\"Schloss Grosssoelk\"},{\"@type\":\"BreadcrumbList\",\"@id\":\"https:\/\/discover-culture.com\/partner\/naturparkhaus-schloss-gro%c3%9fs%c3%b6lk\/touren\/naturparkhaus-schloss-gro%c3%9fs%c3%b6lk\/#breadcrumb\",\"itemListElement\":[{\"@type\":\"ListItem\",\"position\":1,\"name\":\"Home\",\"item\":\"https:\/\/discover-culture.com\/\"},{\"@type\":\"ListItem\",\"position\":2,\"name\":\"Produkte\",\"item\":\"https:\/\/discover-culture.com\/de\/shop\/\"},{\"@type\":\"ListItem\",\"position\":3,\"name\":\"Naturparkhaus Schloss Gro\u00dfs\u00f6lk\"}]},{\"@type\":\"WebSite\",\"@id\":\"https:\/\/discover-culture.com\/de\/#website\",\"url\":\"https:\/\/discover-culture.com\/de\/\",\"name\":\"Discover-Culture\",\"description\":\"\",\"potentialAction\":[{\"@type\":\"SearchAction\",\"target\":{\"@type\":\"EntryPoint\",\"urlTemplate\":\"https:\/\/discover-culture.com\/de\/?s={search_term_string}\"},\"query-input\":{\"@type\":\"PropertyValueSpecification\",\"valueRequired\":true,\"valueName\":\"search_term_string\"}}],\"inLanguage\":\"ja\"}]}<\/script>\n<!-- \/ Yoast SEO Premium plugin. -->","yoast_head_json":{"title":"\u81ea\u7136\u516c\u5712\u30cf\u30a6\u30b9\u30fb\u30b7\u30e5\u30ed\u30b9\u30fb\u30b0\u30ed\u30c3\u30bb\u30eb\u30af - \u30c7\u30a3\u30b9\u30ab\u30d0\u30fc\u30fb\u30ab\u30eb\u30c1\u30e3\u30fc","description":"Naturparkhaus Schloss Gro\u00dfs\u00f6lk\u306b\u95a2\u3059\u308b\u3042\u3089\u3086\u308b\u60c5\u5831\u3092\u304a\u63a2\u3057\u3067\u3059\u304b\uff01","robots":{"index":"index","follow":"follow","max-snippet":"max-snippet:-1","max-image-preview":"max-image-preview:large","max-video-preview":"max-video-preview:-1"},"canonical":"https:\/\/discover-culture.com\/jp\/partner\/naturparkhaus-schloss-gro\u00dfs\u00f6lk\/touren\/naturparkhaus-schloss-gro\u00dfs\u00f6lk\/","og_locale":"ja_JP","og_type":"article","og_title":"Naturparkhaus Schloss Gro\u00dfs\u00f6lk","og_description":"Finden Sie hier alle Informationen zum Produkt Naturparkhaus Schloss Gro\u00dfs\u00f6lk und betreten Sie die neue Welt von Kunst und Kultur!","og_url":"https:\/\/discover-culture.com\/jp\/partner\/naturparkhaus-schloss-gro\u00dfs\u00f6lk\/touren\/naturparkhaus-schloss-gro\u00dfs\u00f6lk\/","og_site_name":"Discover-Culture","article_modified_time":"2023-05-02T09:30:21+00:00","og_image":[{"width":2000,"height":1681,"url":"https:\/\/discover-culture.com\/wp-content\/uploads\/Schloss-Grosssoelk.jpg","type":"image\/jpeg"}],"twitter_card":"summary_large_image","schema":{"@context":"https:\/\/schema.org","@graph":[{"@type":"WebPage","@id":"https:\/\/discover-culture.com\/partner\/naturparkhaus-schloss-gro%c3%9fs%c3%b6lk\/touren\/naturparkhaus-schloss-gro%c3%9fs%c3%b6lk\/","url":"https:\/\/discover-culture.com\/partner\/naturparkhaus-schloss-gro%c3%9fs%c3%b6lk\/touren\/naturparkhaus-schloss-gro%c3%9fs%c3%b6lk\/","name":"\u81ea\u7136\u516c\u5712\u30cf\u30a6\u30b9\u30fb\u30b7\u30e5\u30ed\u30b9\u30fb\u30b0\u30ed\u30c3\u30bb\u30eb\u30af - \u30c7\u30a3\u30b9\u30ab\u30d0\u30fc\u30fb\u30ab\u30eb\u30c1\u30e3\u30fc","isPartOf":{"@id":"https:\/\/discover-culture.com\/de\/#website"},"primaryImageOfPage":{"@id":"https:\/\/discover-culture.com\/partner\/naturparkhaus-schloss-gro%c3%9fs%c3%b6lk\/touren\/naturparkhaus-schloss-gro%c3%9fs%c3%b6lk\/#primaryimage"},"image":{"@id":"https:\/\/discover-culture.com\/partner\/naturparkhaus-schloss-gro%c3%9fs%c3%b6lk\/touren\/naturparkhaus-schloss-gro%c3%9fs%c3%b6lk\/#primaryimage"},"thumbnailUrl":"https:\/\/discover-culture.com\/wp-content\/uploads\/Schloss-Grosssoelk.jpg","datePublished":"2022-07-11T11:24:02+00:00","dateModified":"2023-05-02T09:30:21+00:00","description":"Naturparkhaus Schloss Gro\u00dfs\u00f6lk\u306b\u95a2\u3059\u308b\u3042\u3089\u3086\u308b\u60c5\u5831\u3092\u304a\u63a2\u3057\u3067\u3059\u304b\uff01","breadcrumb":{"@id":"https:\/\/discover-culture.com\/partner\/naturparkhaus-schloss-gro%c3%9fs%c3%b6lk\/touren\/naturparkhaus-schloss-gro%c3%9fs%c3%b6lk\/#breadcrumb"},"inLanguage":"ja","potentialAction":[{"@type":"ReadAction","target":["https:\/\/discover-culture.com\/partner\/naturparkhaus-schloss-gro%c3%9fs%c3%b6lk\/touren\/naturparkhaus-schloss-gro%c3%9fs%c3%b6lk\/"]}]},{"@type":"ImageObject","inLanguage":"ja","@id":"https:\/\/discover-culture.com\/partner\/naturparkhaus-schloss-gro%c3%9fs%c3%b6lk\/touren\/naturparkhaus-schloss-gro%c3%9fs%c3%b6lk\/#primaryimage","url":"https:\/\/discover-culture.com\/wp-content\/uploads\/Schloss-Grosssoelk.jpg","contentUrl":"https:\/\/discover-culture.com\/wp-content\/uploads\/Schloss-Grosssoelk.jpg","width":2000,"height":1681,"caption":"Schloss Grosssoelk"},{"@type":"BreadcrumbList","@id":"https:\/\/discover-culture.com\/partner\/naturparkhaus-schloss-gro%c3%9fs%c3%b6lk\/touren\/naturparkhaus-schloss-gro%c3%9fs%c3%b6lk\/#breadcrumb","itemListElement":[{"@type":"ListItem","position":1,"name":"Home","item":"https:\/\/discover-culture.com\/"},{"@type":"ListItem","position":2,"name":"Produkte","item":"https:\/\/discover-culture.com\/de\/shop\/"},{"@type":"ListItem","position":3,"name":"Naturparkhaus Schloss Gro\u00dfs\u00f6lk"}]},{"@type":"WebSite","@id":"https:\/\/discover-culture.com\/de\/#website","url":"https:\/\/discover-culture.com\/de\/","name":"\u30c7\u30a3\u30b9\u30ab\u30d0\u30fc\u30fb\u30ab\u30eb\u30c1\u30e3\u30fc","description":"","potentialAction":[{"@type":"SearchAction","target":{"@type":"EntryPoint","urlTemplate":"https:\/\/discover-culture.com\/de\/?s={search_term_string}"},"query-input":{"@type":"PropertyValueSpecification","valueRequired":true,"valueName":"search_term_string"}}],"inLanguage":"ja"}]}},"_links":{"self":[{"href":"https:\/\/discover-culture.com\/jp\/wp-json\/wp\/v2\/product\/5973","targetHints":{"allow":["GET"]}}],"collection":[{"href":"https:\/\/discover-culture.com\/jp\/wp-json\/wp\/v2\/product"}],"about":[{"href":"https:\/\/discover-culture.com\/jp\/wp-json\/wp\/v2\/types\/product"}],"wp:featuredmedia":[{"embeddable":true,"href":"https:\/\/discover-culture.com\/jp\/wp-json\/wp\/v2\/media\/5974"}],"wp:attachment":[{"href":"https:\/\/discover-culture.com\/jp\/wp-json\/wp\/v2\/media?parent=5973"}],"wp:term":[{"taxonomy":"product_brand","embeddable":true,"href":"https:\/\/discover-culture.com\/jp\/wp-json\/wp\/v2\/product_brand?post=5973"},{"taxonomy":"product_cat","embeddable":true,"href":"https:\/\/discover-culture.com\/jp\/wp-json\/wp\/v2\/product_cat?post=5973"},{"taxonomy":"product_tag","embeddable":true,"href":"https:\/\/discover-culture.com\/jp\/wp-json\/wp\/v2\/product_tag?post=5973"}],"curies":[{"name":"wp","href":"https:\/\/api.w.org\/{rel}","templated":true}]}}