{"id":3943,"date":"2021-07-20T16:27:24","date_gmt":"2021-07-20T14:27:24","guid":{"rendered":"https:\/\/discover-culture.com\/partner\/\/touren\/"},"modified":"2025-11-24T10:48:14","modified_gmt":"2025-11-24T08:48:14","slug":"maximilianr%c3%a4ume-und-erbauerr%c3%a4ume","status":"publish","type":"product","link":"https:\/\/discover-culture.com\/partner\/schloss-tratzberg\/touren\/maximilianr%c3%a4ume-und-erbauerr%c3%a4ume","title":{"rendered":"\u30de\u30ad\u30b7\u30df\u30ea\u30a2\u30f3\u30eb\u30fc\u30e0\u3068\u30d3\u30eb\u30c0\u30fc\u30ba\u30eb\u30fc\u30e0"},"content":{"rendered":"<section id='lightpress__section--block_462d9257558706a28e059c501fc04c5e' class='lightpress__section lightpress__section--content'><div class=\"content__grid content__grid\">\n    <div class=\"content__box content__box--one-hundred\">\n                                                        <p>\u57ce\u4e3b\u306e\u30a6\u30eb\u30ea\u30c3\u30d2\u30fb\u30b2\u30b9\uff1d\u30a8\u30f3\u30bc\u30f3\u30d9\u30eb\u30af\u4f2f\u7235\u3068\u3068\u3082\u306b\u3001\u30c6\u30f3\u30b9\u30eb\u5bb6\u306e\u8db3\u8de1\u3092\u305f\u3069\u3063\u3066\u307f\u307e\u3057\u3087\u3046\u3002\u30de\u30af\u30b7\u30df\u30ea\u30a2\u30f3\u7687\u5e1d\u306f\u30c8\u30e9\u30c3\u30c4\u30d9\u30eb\u30af\u3092\u72e9\u731f\u5c0f\u5c4b\u3068\u3057\u3066\u4f7f\u7528\u3057\u305f\u3002\u00a0\u00a0<\/p>\n<p>\u30eb\u30cd\u30c3\u30b5\u30f3\u30b9\u671f\u306e\u5bae\u6bbf\u3067\u3001\u7687\u5e1d\u306e\u79c1\u5ba4\u3084\u5efa\u7bc9\u5bb6\u306e\u90e8\u5c4b\u306a\u3069\u3001\u6b74\u53f2\u7684\u306a\u90e8\u5c4b\u3092\u30d0\u30fc\u30c1\u30e3\u30eb\u30c4\u30a2\u30fc\u3067\u4f53\u9a13\u3057\u3066\u304f\u3060\u3055\u3044\u3002<\/p>\n<p>\u00a0<\/p>\n\n                                        <\/div>\n    <\/div><\/section>\n\n<section id='lightpress__section--block_c04635f8ab928428721e15e9108d1a66' class='lightpress__section lightpress__section--content'><div class=\"content__grid content__grid--fifty-fifty\">\n    <div class=\"content__box content__box content__box--text-center\">\n                                                        <h3>\u00a0<\/h3>\n<h3>\u5929\u7687\u306e\u8db3\u8de1\u3092\u305f\u3069\u3063\u3066<\/h3>\n<p>\u30de\u30af\u30b7\u30df\u30ea\u30a2\u30f3\u7687\u5e1d\u306e\u5fdc\u63a5\u9593\u306b\u306f\u3001\u6728\u88fd\u306e\u58c1\u30d1\u30cd\u30eb\u306b\u63cf\u304b\u308c\u305f\u30aa\u30ea\u30b8\u30ca\u30eb\u306e\u30c1\u30e7\u30fc\u30af\u88c5\u98fe\u306b\u3001\u5f7c\u306e\u597d\u304d\u3060\u3063\u305f\u8a00\u8449\u306a\u3069\u304c\u4eca\u3082\u6b8b\u3063\u3066\u3044\u307e\u3059\u3002<\/p>\n<p>\"\u751f\u304d\u3066\u308b \"\u306e\u306b \"\u3044\u3064\u307e\u3067 \"\u751f\u304d\u3066\u308b \"\u304b \"\u308f\u304b\u3089\u306a\u3044\"\u3002 <br \/>\u79c1\u306f\u3044\u3064\u6b7b\u306c\u304b\u308f\u304b\u3089\u306a\u3044\u3002 <br \/>\u884c\u304f\u3051\u3069\u3001\u3069\u3053\u304c\u3044\u3044\u306e\u304b\u308f\u304b\u3089\u306a\u3044\u3002 <br \/>\u81ea\u5206\u304c\u3053\u3093\u306a\u306b\u660e\u308b\u3044\u3068\u306f\u9a5a\u304d\u3067\u3059\u3002\" <\/p>\n<p>\u73fe\u30aa\u30fc\u30ca\u30fc\u306e\u30a6\u30eb\u30ea\u30c3\u30d2\u30fb\u30b4\u30a8\u30b9\u30fb\u30a8\u30f3\u30bc\u30f3\u30d9\u30eb\u30af\u4f2f\u7235\u3068\u4e00\u7dd2\u306b\u3001\u30d0\u30fc\u30c1\u30e3\u30eb\u30fb\u30c7\u30a3\u30b9\u30ab\u30d0\u30ea\u30fc\u30fb\u30c4\u30a2\u30fc\u306b\u51fa\u304b\u3051\u307e\u3057\u3087\u3046\u3002<\/p>\n\n                                        <\/div>\n            <div class=\"content__box content__box\">\n                                                                    <img decoding=\"async\" class=\"content__image\" src=\"https:\/\/discover-culture.com\/wp-content\/uploads\/maximilianspruch-1.jpg\" alt=\"\u30de\u30ad\u30b7\u30df\u30ea\u30a2\u30f3\u30fb\u30af\u30ec\u30fc\u30e01\" loading=\"lazy\">\n                                                        <\/div>\n    <\/div><\/section>\n\n<section id='lightpress__section--block_86f3a03dc797c9a7bf1aeebd6224d639' class='lightpress__section lightpress__section--content'><div class=\"content__grid content__grid--fifty-fifty\">\n    <div class=\"content__box content__box\">\n                                                    <img decoding=\"async\" class=\"content__image\" src=\"https:\/\/discover-culture.com\/wp-content\/uploads\/ueberblick_erbaurraeume_web-1.png\" alt=\"\u5efa\u8a2d\u73fe\u5834\u306e\u6982\u8981 Web 1\" loading=\"lazy\">\n                                        <\/div>\n            <div class=\"content__box content__box content__box--text-center\">\n                                                                        <h3>\u30d3\u30eb\u30c0\u30fc\u30ba\u30eb\u30fc\u30e0\u306e\u6b74\u53f2\u306b\u3064\u3044\u3066<\/h3>\n<p>1490\/91\u5e74\u306e\u51ac\u3001\u57ce\u306f\u5b8c\u5168\u306b\u713c\u5931\u3057\u3066\u3057\u307e\u3063\u305f\u3002<\/p>\n<p>\u30de\u30af\u30b7\u30df\u30ea\u30a2\u30f31\u4e16\u306f\u3001\u3053\u306e\u907a\u8de1\u3092\u30b7\u30e5\u30f4\u30a1\u30c3\u30c4\u306e\u88d5\u798f\u306a\u5546\u4eba\u30c6\u30fc\u30f3\u30c4\u30eb\u5bb6\u306b\u4e0e\u3048\u3001\u6771\u5074\u3001\u5357\u5074\u3001\u897f\u5074\u306e\u68df\u306e\u4e00\u90e8\u3092\u5f8c\u671f\u30b4\u30b7\u30c3\u30af\u69d8\u5f0f\u3067\u5efa\u8a2d\u3055\u305b\u305f\u3002<\/p>\n<p>\u73fe\u5728\u3082\u3001\u4e2d\u5ead\u306e\u5357\u6771\u306b\u3042\u308b\u5927\u968e\u6bb5\u306e\u5854\u306e\u5165\u308a\u53e3\u306e\u4e0a\u306b\u306f\u30011500\u5e74\u3068\u8a18\u3055\u308c\u3066\u3044\u308b\u304c\u3001\u5b9f\u969b\u306b\u306f\u30de\u30af\u30b7\u30df\u30ea\u30a2\u30f3\u306b\u3088\u3063\u3066\u4e00\u65cf\u304c\u8cb4\u65cf\u306b\u6607\u683c\u3057\u305f1502\u5e74\u306b\u4f5c\u3089\u308c\u305f\u3082\u306e\u3067\u3042\u308b\u3002<\/p>\n\n                                                        <\/div>\n    <\/div><\/section>\n\n<section id='lightpress__section--block_a937fe10eb8c27559ca4a3fb836b6bcf' class='lightpress__section lightpress__section--content'><div class=\"content__grid content__grid\">\n    <div class=\"content__box content__box--two-thirds content__box--text-center\">\n                                                        <h3>\u00a0<\/h3>\n<h3>\u00a0<\/h3>\n<h3>\u30d7\u30e9\u30a4\u30d9\u30fc\u30c8\u30c4\u30a2\u30fc<\/h3>\n<p>\u30c8\u30e9\u30c3\u30c4\u30d9\u30eb\u30af\u5bae\u6bbf\u306e\u6240\u6709\u8005\u3067\u3042\u308b\u30a6\u30eb\u30ea\u30c3\u30d2\u30fb\u30b2\u30b9\uff1d\u30a8\u30f3\u30bc\u30f3\u30d9\u30eb\u30af\u4f2f\u7235\u304c\u3001\u30de\u30af\u30b7\u30df\u30ea\u30a2\u30f3\u306e\u9593\u3068\u30c8\u30e9\u30c3\u30c4\u30d9\u30eb\u30af\u5bae\u6bbf\u306e\u5efa\u7bc9\u5bb6\u306e\u90e8\u5c4b\u3092\u500b\u4eba\u7684\u306b\u6848\u5185\u3057\u3066\u304f\u308c\u308b\u3067\u3057\u3087\u3046\u3002<\/p>\n\n                                        <\/div>\n            <div class=\"content__box content__box\">\n                                                                    <img decoding=\"async\" class=\"content__image\" src=\"https:\/\/discover-culture.com\/wp-content\/uploads\/Graf_Graefin_Innenhof_verkleinert.png\" alt=\"\u30b0\u30e9\u30d5\u30a3\u30f3\u4f2f\u7235\u3001\u30c8\u30e9\u30c3\u30c4\u30d9\u30eb\u30af\u57ce\" loading=\"lazy\">\n                                                        <\/div>\n    <\/div><\/section>\n\n<section id='lightpress__section--block_6ecaa7ec7d49a5b82e475e0c743242a3' class='lightpress__section lightpress__section--content'><div class=\"content__grid content__grid\">\n    <div class=\"content__box content__box--one-hundred\">\n                                                        <h4>\u57ce\u5185\u7279\u5225\u30ac\u30a4\u30c9\u30c4\u30a2\u30fc<\/h4>\n<p>\u00a0<\/p>\n<p>\u00a0<\/p>\n<p>\u30de\u30af\u30b7\u30df\u30ea\u30a2\u30f3\u306e\u9593\u300d\u306f\u3001\u5b9a\u671f\u7684\u306b\u4f01\u753b\u3055\u308c\u308b\u7279\u5225\u30c4\u30a2\u30fc\u306e\u4e00\u74b0\u3068\u3057\u3066\u3001\u5bae\u6bbf\u5185\u3067\u76f4\u63a5\u4f53\u9a13\u3059\u308b\u3053\u3068\u3082\u3067\u304d\u308b\u3002. <br \/>\u73fe\u5730\u3067\u306f\u3001\u30aa\u30f3\u30e9\u30a4\u30f3\u7248\u306b\u306f\u63b2\u8f09\u3055\u308c\u3066\u3044\u306a\u3044\u72ec\u5360\u7684\u306a\u898b\u8b58\u3084\u3001\u3055\u3089\u306b\u8a73\u3057\u3044\u88cf\u8a71\u3092\u805e\u304f\u3053\u3068\u304c\u3067\u304d\u308b\u3002.<\/p>\n<p>\u8a73\u7d30\u3068\u30c1\u30b1\u30c3\u30c8\u306f<\/p>\n<p><a class=\"lcyd__button lcyd__button--animate lcyd__button--arrow lcyd__button--animate\" href=\"https:\/\/www.schloss-tratzberg.at\/\" target=\"_blank\" rel=\"noopener\">\u30c8\u30e9\u30c3\u30c4\u30d9\u30eb\u30af\u57ce\u306e\u30a6\u30a7\u30d6\u30b5\u30a4\u30c8<\/a><\/p>\n\n                                        <\/div>\n    <\/div><\/section>\n\n<section id='lightpress__section--block_c4c31cd625de0ba36f1810b5cc9802ec' class='lightpress__section--full-width lightpress__section lightpress__section--section-add-to-cart'><\/section>","protected":false},"excerpt":{"rendered":"<p>\u30c8\u30e9\u30c3\u30c4\u30d9\u30eb\u30af\u57ce\u306e\u30de\u30af\u30b7\u30df\u30ea\u30a2\u30f3\u5ba4\u3068\u5efa\u7bc9\u5bb6\u305f\u3061\u306e\u90e8\u5c4b<\/p>","protected":false},"featured_media":3945,"template":"","meta":{"_acf_changed":true,"_relevanssi_hide_post":"","_relevanssi_hide_content":"","_relevanssi_pin_for_all":"","_relevanssi_pin_keywords":"","_relevanssi_unpin_keywords":"","_relevanssi_related_keywords":"","_relevanssi_related_include_ids":"","_relevanssi_related_exclude_ids":"","_relevanssi_related_no_append":"","_relevanssi_related_not_related":"","_relevanssi_related_posts":"3848,3845,3849,3841,3844","_relevanssi_noindex_reason":""},"product_brand":[],"product_cat":[16],"product_tag":[],"class_list":["product-available","product","first","instock","virtual","sold-individually","taxable","purchasable","product-type-bundle"],"bundled_by":[],"bundle_stock_status":"instock","bundle_stock_quantity":"","bundle_virtual":false,"bundle_layout":"default","bundle_add_to_cart_form_location":"default","bundle_editable_in_cart":false,"bundle_sold_individually_context":"product","bundle_item_grouping":"parent","bundle_min_size":"","bundle_max_size":"","bundle_price":{"price":{"min":{"incl_tax":"4.99","excl_tax":"4.158333"},"max":{"incl_tax":"4.99","excl_tax":"4.158333"}},"regular_price":{"min":{"incl_tax":"4.99","excl_tax":"4.158333"},"max":{"incl_tax":"4.99","excl_tax":"4.158333"}}},"bundled_items":[{"bundled_item_id":1,"product_id":300,"menu_order":0,"quantity_min":1,"quantity_max":1,"quantity_default":1,"priced_individually":false,"shipped_individually":true,"override_title":false,"title":"\u30d3\u30eb\u30c0\u30fc\u30ba\u30eb\u30fc\u30e0","override_description":false,"description":"","optional":false,"hide_thumbnail":false,"discount":"","override_variations":false,"allowed_variations":[],"override_default_variation_attributes":false,"default_variation_attributes":[],"single_product_visibility":"visible","cart_visibility":"visible","order_visibility":"visible","single_product_price_visibility":"visible","cart_price_visibility":"visible","order_price_visibility":"visible","stock_status":"in_stock"},{"bundled_item_id":2,"product_id":306,"menu_order":1,"quantity_min":1,"quantity_max":1,"quantity_default":1,"priced_individually":false,"shipped_individually":true,"override_title":false,"title":"\u30de\u30ad\u30b7\u30df\u30ea\u30a2\u30f3\u30eb\u30fc\u30e0","override_description":false,"description":"","optional":false,"hide_thumbnail":false,"discount":"","override_variations":false,"allowed_variations":[],"override_default_variation_attributes":false,"default_variation_attributes":[],"single_product_visibility":"visible","cart_visibility":"visible","order_visibility":"visible","single_product_price_visibility":"visible","cart_price_visibility":"visible","order_price_visibility":"visible","stock_status":"in_stock"}],"bundle_sell_ids":[],"acf":[],"yoast_head":"<!-- This site is optimized with the Yoast SEO Premium plugin v25.7.1 (Yoast SEO v26.8) - https:\/\/yoast.com\/product\/yoast-seo-premium-wordpress\/ -->\n<title>Maximilianr\u00e4ume und Erbauerr\u00e4ume - Discover-Culture<\/title>\n<meta name=\"description\" content=\"Finden Sie hier alle Informationen zum Produkt Maximilianr\u00e4ume und Erbauerr\u00e4ume und betreten Sie die neue Welt von Kunst und Kultur!\" \/>\n<meta name=\"robots\" content=\"index, follow, max-snippet:-1, max-image-preview:large, max-video-preview:-1\" \/>\n<link rel=\"canonical\" href=\"https:\/\/discover-culture.com\/jp\/partner\/schloss-tratzberg\/touren\/maximilianr\u00e4ume-und-erbauerr\u00e4ume\/\" \/>\n<meta property=\"og:locale\" content=\"ja_JP\" \/>\n<meta property=\"og:type\" content=\"article\" \/>\n<meta property=\"og:title\" content=\"Maximilianr\u00e4ume und Erbauerr\u00e4ume\" \/>\n<meta property=\"og:description\" content=\"Finden Sie hier alle Informationen zum Produkt Maximilianr\u00e4ume und Erbauerr\u00e4ume und betreten Sie die neue Welt von Kunst und Kultur!\" \/>\n<meta property=\"og:url\" content=\"https:\/\/discover-culture.com\/jp\/partner\/schloss-tratzberg\/touren\/maximilianr\u00e4ume-und-erbauerr\u00e4ume\/\" \/>\n<meta property=\"og:site_name\" content=\"Discover-Culture\" \/>\n<meta property=\"article:modified_time\" content=\"2025-11-24T08:48:14+00:00\" \/>\n<meta property=\"og:image\" content=\"https:\/\/discover-culture.com\/wp-content\/uploads\/maximilianraum2-1.jpg\" \/>\n\t<meta property=\"og:image:width\" content=\"2160\" \/>\n\t<meta property=\"og:image:height\" content=\"1440\" \/>\n\t<meta property=\"og:image:type\" content=\"image\/jpeg\" \/>\n<meta name=\"twitter:card\" content=\"summary_large_image\" \/>\n<meta name=\"twitter:label1\" content=\"\u63a8\u5b9a\u8aad\u307f\u53d6\u308a\u6642\u9593\" \/>\n\t<meta name=\"twitter:data1\" content=\"1\u5206\" \/>\n<script type=\"application\/ld+json\" class=\"yoast-schema-graph\">{\"@context\":\"https:\/\/schema.org\",\"@graph\":[{\"@type\":\"WebPage\",\"@id\":\"https:\/\/discover-culture.com\/partner\/schloss-tratzberg\/touren\/maximilianr%c3%a4ume-und-erbauerr%c3%a4ume\/\",\"url\":\"https:\/\/discover-culture.com\/partner\/schloss-tratzberg\/touren\/maximilianr%c3%a4ume-und-erbauerr%c3%a4ume\/\",\"name\":\"Maximilianr\u00e4ume und Erbauerr\u00e4ume - Discover-Culture\",\"isPartOf\":{\"@id\":\"https:\/\/discover-culture.com\/de\/#website\"},\"primaryImageOfPage\":{\"@id\":\"https:\/\/discover-culture.com\/partner\/schloss-tratzberg\/touren\/maximilianr%c3%a4ume-und-erbauerr%c3%a4ume\/#primaryimage\"},\"image\":{\"@id\":\"https:\/\/discover-culture.com\/partner\/schloss-tratzberg\/touren\/maximilianr%c3%a4ume-und-erbauerr%c3%a4ume\/#primaryimage\"},\"thumbnailUrl\":\"https:\/\/discover-culture.com\/wp-content\/uploads\/maximilianraum2-1.jpg\",\"datePublished\":\"2021-07-20T14:27:24+00:00\",\"dateModified\":\"2025-11-24T08:48:14+00:00\",\"description\":\"Finden Sie hier alle Informationen zum Produkt Maximilianr\u00e4ume und Erbauerr\u00e4ume und betreten Sie die neue Welt von Kunst und Kultur!\",\"breadcrumb\":{\"@id\":\"https:\/\/discover-culture.com\/partner\/schloss-tratzberg\/touren\/maximilianr%c3%a4ume-und-erbauerr%c3%a4ume\/#breadcrumb\"},\"inLanguage\":\"ja\",\"potentialAction\":[{\"@type\":\"ReadAction\",\"target\":[\"https:\/\/discover-culture.com\/partner\/schloss-tratzberg\/touren\/maximilianr%c3%a4ume-und-erbauerr%c3%a4ume\/\"]}]},{\"@type\":\"ImageObject\",\"inLanguage\":\"ja\",\"@id\":\"https:\/\/discover-culture.com\/partner\/schloss-tratzberg\/touren\/maximilianr%c3%a4ume-und-erbauerr%c3%a4ume\/#primaryimage\",\"url\":\"https:\/\/discover-culture.com\/wp-content\/uploads\/maximilianraum2-1.jpg\",\"contentUrl\":\"https:\/\/discover-culture.com\/wp-content\/uploads\/maximilianraum2-1.jpg\",\"width\":2160,\"height\":1440,\"caption\":\"maximilianraum2 1\"},{\"@type\":\"BreadcrumbList\",\"@id\":\"https:\/\/discover-culture.com\/partner\/schloss-tratzberg\/touren\/maximilianr%c3%a4ume-und-erbauerr%c3%a4ume\/#breadcrumb\",\"itemListElement\":[{\"@type\":\"ListItem\",\"position\":1,\"name\":\"Home\",\"item\":\"https:\/\/discover-culture.com\/\"},{\"@type\":\"ListItem\",\"position\":2,\"name\":\"Produkte\",\"item\":\"https:\/\/discover-culture.com\/de\/shop\/\"},{\"@type\":\"ListItem\",\"position\":3,\"name\":\"Maximilianr\u00e4ume und Erbauerr\u00e4ume\"}]},{\"@type\":\"WebSite\",\"@id\":\"https:\/\/discover-culture.com\/de\/#website\",\"url\":\"https:\/\/discover-culture.com\/de\/\",\"name\":\"Discover-Culture\",\"description\":\"\",\"potentialAction\":[{\"@type\":\"SearchAction\",\"target\":{\"@type\":\"EntryPoint\",\"urlTemplate\":\"https:\/\/discover-culture.com\/de\/?s={search_term_string}\"},\"query-input\":{\"@type\":\"PropertyValueSpecification\",\"valueRequired\":true,\"valueName\":\"search_term_string\"}}],\"inLanguage\":\"ja\"}]}<\/script>\n<!-- \/ Yoast SEO Premium plugin. -->","yoast_head_json":{"title":"\u30de\u30af\u30b7\u30df\u30ea\u30a2\u30f3\u306e\u9593\u3068\u5efa\u7bc9\u5bb6\u306e\u9593 - Discover-Culture","description":"\u30de\u30af\u30b7\u30df\u30ea\u30a2\u30f3\u30fb\u30eb\u30fc\u30e0\u3068\u30d3\u30eb\u30c0\u30fc\u30ba\u30fb\u30eb\u30fc\u30e0\u306b\u95a2\u3059\u308b\u3042\u3089\u3086\u308b\u60c5\u5831\u3092\u3054\u89a7\u3044\u305f\u3060\u304d\u3001\u82b8\u8853\u3068\u6587\u5316\u306e\u65b0\u305f\u306a\u4e16\u754c\u306b\u8db3\u3092\u8e0f\u307f\u5165\u308c\u3066\u304f\u3060\u3055\u3044\uff01","robots":{"index":"index","follow":"follow","max-snippet":"max-snippet:-1","max-image-preview":"max-image-preview:large","max-video-preview":"max-video-preview:-1"},"canonical":"https:\/\/discover-culture.com\/jp\/partner\/schloss-tratzberg\/touren\/maximilianr\u00e4ume-und-erbauerr\u00e4ume\/","og_locale":"ja_JP","og_type":"article","og_title":"Maximilianr\u00e4ume und Erbauerr\u00e4ume","og_description":"Finden Sie hier alle Informationen zum Produkt Maximilianr\u00e4ume und Erbauerr\u00e4ume und betreten Sie die neue Welt von Kunst und Kultur!","og_url":"https:\/\/discover-culture.com\/jp\/partner\/schloss-tratzberg\/touren\/maximilianr\u00e4ume-und-erbauerr\u00e4ume\/","og_site_name":"Discover-Culture","article_modified_time":"2025-11-24T08:48:14+00:00","og_image":[{"width":2160,"height":1440,"url":"https:\/\/discover-culture.com\/wp-content\/uploads\/maximilianraum2-1.jpg","type":"image\/jpeg"}],"twitter_card":"summary_large_image","twitter_misc":{"\u63a8\u5b9a\u8aad\u307f\u53d6\u308a\u6642\u9593":"1\u5206"},"schema":{"@context":"https:\/\/schema.org","@graph":[{"@type":"WebPage","@id":"https:\/\/discover-culture.com\/partner\/schloss-tratzberg\/touren\/maximilianr%c3%a4ume-und-erbauerr%c3%a4ume\/","url":"https:\/\/discover-culture.com\/partner\/schloss-tratzberg\/touren\/maximilianr%c3%a4ume-und-erbauerr%c3%a4ume\/","name":"\u30de\u30af\u30b7\u30df\u30ea\u30a2\u30f3\u306e\u9593\u3068\u5efa\u7bc9\u5bb6\u306e\u9593 - Discover-Culture","isPartOf":{"@id":"https:\/\/discover-culture.com\/de\/#website"},"primaryImageOfPage":{"@id":"https:\/\/discover-culture.com\/partner\/schloss-tratzberg\/touren\/maximilianr%c3%a4ume-und-erbauerr%c3%a4ume\/#primaryimage"},"image":{"@id":"https:\/\/discover-culture.com\/partner\/schloss-tratzberg\/touren\/maximilianr%c3%a4ume-und-erbauerr%c3%a4ume\/#primaryimage"},"thumbnailUrl":"https:\/\/discover-culture.com\/wp-content\/uploads\/maximilianraum2-1.jpg","datePublished":"2021-07-20T14:27:24+00:00","dateModified":"2025-11-24T08:48:14+00:00","description":"\u30de\u30af\u30b7\u30df\u30ea\u30a2\u30f3\u30fb\u30eb\u30fc\u30e0\u3068\u30d3\u30eb\u30c0\u30fc\u30ba\u30fb\u30eb\u30fc\u30e0\u306b\u95a2\u3059\u308b\u3042\u3089\u3086\u308b\u60c5\u5831\u3092\u3054\u89a7\u3044\u305f\u3060\u304d\u3001\u82b8\u8853\u3068\u6587\u5316\u306e\u65b0\u305f\u306a\u4e16\u754c\u306b\u8db3\u3092\u8e0f\u307f\u5165\u308c\u3066\u304f\u3060\u3055\u3044\uff01","breadcrumb":{"@id":"https:\/\/discover-culture.com\/partner\/schloss-tratzberg\/touren\/maximilianr%c3%a4ume-und-erbauerr%c3%a4ume\/#breadcrumb"},"inLanguage":"ja","potentialAction":[{"@type":"ReadAction","target":["https:\/\/discover-culture.com\/partner\/schloss-tratzberg\/touren\/maximilianr%c3%a4ume-und-erbauerr%c3%a4ume\/"]}]},{"@type":"ImageObject","inLanguage":"ja","@id":"https:\/\/discover-culture.com\/partner\/schloss-tratzberg\/touren\/maximilianr%c3%a4ume-und-erbauerr%c3%a4ume\/#primaryimage","url":"https:\/\/discover-culture.com\/wp-content\/uploads\/maximilianraum2-1.jpg","contentUrl":"https:\/\/discover-culture.com\/wp-content\/uploads\/maximilianraum2-1.jpg","width":2160,"height":1440,"caption":"maximilianraum2 1"},{"@type":"BreadcrumbList","@id":"https:\/\/discover-culture.com\/partner\/schloss-tratzberg\/touren\/maximilianr%c3%a4ume-und-erbauerr%c3%a4ume\/#breadcrumb","itemListElement":[{"@type":"ListItem","position":1,"name":"Home","item":"https:\/\/discover-culture.com\/"},{"@type":"ListItem","position":2,"name":"Produkte","item":"https:\/\/discover-culture.com\/de\/shop\/"},{"@type":"ListItem","position":3,"name":"Maximilianr\u00e4ume und Erbauerr\u00e4ume"}]},{"@type":"WebSite","@id":"https:\/\/discover-culture.com\/de\/#website","url":"https:\/\/discover-culture.com\/de\/","name":"\u30c7\u30a3\u30b9\u30ab\u30d0\u30fc\u30fb\u30ab\u30eb\u30c1\u30e3\u30fc","description":"","potentialAction":[{"@type":"SearchAction","target":{"@type":"EntryPoint","urlTemplate":"https:\/\/discover-culture.com\/de\/?s={search_term_string}"},"query-input":{"@type":"PropertyValueSpecification","valueRequired":true,"valueName":"search_term_string"}}],"inLanguage":"ja"}]}},"_links":{"self":[{"href":"https:\/\/discover-culture.com\/jp\/wp-json\/wp\/v2\/product\/3943","targetHints":{"allow":["GET"]}}],"collection":[{"href":"https:\/\/discover-culture.com\/jp\/wp-json\/wp\/v2\/product"}],"about":[{"href":"https:\/\/discover-culture.com\/jp\/wp-json\/wp\/v2\/types\/product"}],"wp:featuredmedia":[{"embeddable":true,"href":"https:\/\/discover-culture.com\/jp\/wp-json\/wp\/v2\/media\/3945"}],"wp:attachment":[{"href":"https:\/\/discover-culture.com\/jp\/wp-json\/wp\/v2\/media?parent=3943"}],"wp:term":[{"taxonomy":"product_brand","embeddable":true,"href":"https:\/\/discover-culture.com\/jp\/wp-json\/wp\/v2\/product_brand?post=3943"},{"taxonomy":"product_cat","embeddable":true,"href":"https:\/\/discover-culture.com\/jp\/wp-json\/wp\/v2\/product_cat?post=3943"},{"taxonomy":"product_tag","embeddable":true,"href":"https:\/\/discover-culture.com\/jp\/wp-json\/wp\/v2\/product_tag?post=3943"}],"curies":[{"name":"wp","href":"https:\/\/api.w.org\/{rel}","templated":true}]}}