{"id":7433,"date":"2025-03-31T15:05:55","date_gmt":"2025-03-31T13:05:55","guid":{"rendered":"https:\/\/discover-culture.com\/?page_id=7433"},"modified":"2026-03-18T11:11:16","modified_gmt":"2026-03-18T09:11:16","slug":"foerdermoeglichkeiten","status":"publish","type":"page","link":"https:\/\/discover-culture.com\/jp\/foerdermoeglichkeiten\/","title":{"rendered":"\u8cc7\u91d1\u8abf\u9054\u306e\u6a5f\u4f1a"},"content":{"rendered":"<section id='lightpress__section--block_3f5781cbd826f058ec0db931a3a96217' class='lightpress__section lightpress__section--content-hero-new'><div class=\"hero-new\" x-init=\"initSplitting($el)\">\n  <div class=\"hero-new__inner\">\n    <div class=\"hero-new__content\">\n      <div class=\"hero-new__content--inner\">\n        <h1 class=\"hero-new__title\" data-splitting>\u82b8\u8853\u6587\u5316\u56e3\u4f53\u3078\u306e\u8cc7\u91d1\u63f4\u52a9\u306e\u6a5f\u4f1a<\/h1>\n                  <div class=\"hero-new__description\"><p>\u30c7\u30b8\u30bf\u30eb\u5316\u306f\u3001\u6587\u5316\u65bd\u8a2d\u304c\u30b3\u30f3\u30c6\u30f3\u30c4\u306b\u30a2\u30af\u30bb\u30b9\u3057\u3084\u3059\u304f\u3057\u3001\u8996\u8074\u8005\u3092\u62e1\u5927\u3057\u3001\u9769\u65b0\u7684\u306a\u4f53\u9a13\u3092\u5275\u9020\u3059\u308b\u305f\u3081\u306e\u65b0\u305f\u306a\u65b9\u6cd5\u3092\u5207\u308a\u958b\u304f\u3002<\/p>\n<p>\u00a0<\/p>\n<\/p>\n<p>\u8cc7\u91d1\u8abf\u9054\u30d7\u30ed\u30b0\u30e9\u30e0\u306f\u3001\u6301\u7d9a\u53ef\u80fd\u306a\u65b9\u6cd5\u3067\u30c7\u30b8\u30bf\u30eb\u5909\u9769\u3092\u5f62\u4f5c\u308b\u4e0a\u3067\u8cb4\u91cd\u306a\u652f\u63f4\u3092\u63d0\u4f9b\u3059\u308b\u3002<\/p>\n<p>\u00a0<\/p>\n<p>\u3053\u306e\u6a5f\u4f1a\u3092\u5229\u7528\u3057\u3066\u3001\u6587\u5316\u907a\u7523\u306e\u5c06\u6765\u6027\u3092\u78ba\u4fdd\u3057\u3088\u3046\uff01<\/p>\n<\/div>\n                      <\/div>\n    <\/div>\n\n          <div class=\"atropos hero-new__media\" x-init=\"initHeroEffect($el)\">\n        <div class=\"atropos-scale\">\n          <div class=\"atropos-rotate\">\n            <div class=\"atropos-inner\">\n                            <img decoding=\"async\" class=\"hero-new__media--bg\" src=\"https:\/\/discover-culture.com\/wp-content\/uploads\/3d-raum-home.png\" alt=\"3D\u30eb\u30fc\u30e0\u30db\u30fc\u30e0\" data-atropos-offset=\"-3\"\/>\n\n                            <img decoding=\"async\" class=\"hero-new__media--fg\" src=\"https:\/\/discover-culture.com\/wp-content\/uploads\/besucherin-02.png\" alt=\"\u30d3\u30b8\u30bf\u30fc 02\" data-atropos-offset=\"3\"\/>\n            <\/div>\n          <\/div>\n        <\/div>\n      <\/div>\n    \n  <\/div>\n<\/div><\/section>\n\n<section id='lightpress__section--block_6ea0c3738ad7d00335ee06cfbe5a9173' class='lightpress__section lightpress__section--spacer'><div style=\"width: 100%; max-width: var(--max-content-width); margin: 0 auto px;\">\n  <\/div><\/section>\n\n<section id='lightpress__section--block_fd8f9bdafc0685b88ff5aa802cf12fb5' class='lightpress__section lightpress__section--content'><div class=\"content__grid content__grid\">\n    <div class=\"content__box content__box--two-thirds content__box--text-center\">\n                                                        <h3>\u30cb\u30fc\u30c0\u30fc\u30a8\u30b9\u30bf\u30fc\u30e9\u30a4\u30d2\u5dde\u306e\u535a\u7269\u9928\u632f\u8208<\/h3>\n<h4>\u30c7\u30b8\u30bf\u30eb\u4e16\u754c\u3068\u30ea\u30a2\u30eb\u306a\u4f53\u9a13\u306e\u9593\u306e\u535a\u7269\u9928\u3092\u518d\u8003\u3059\u308b<\/p>\n<\/h4>\n<p>\u82b8\u8853\u3084\u6587\u5316\u306e\u63d0\u4f9b\u306f\u3001\u65b0\u3057\u3044\u6559\u80b2\u3078\u306e\u30a2\u30af\u30bb\u30b9\u3092\u958b\u304d\u3001\u8ffd\u52a0\u306e\u30e6\u30fc\u30b6\u30fc\u5c64\u306b\u30a2\u30d4\u30fc\u30eb\u3057\u3001\u5b9f\u969b\u306e\u6587\u5316\u4f53\u9a13\u3078\u306e\u95a2\u5fc3\u3092\u9ad8\u3081\u308b\u305f\u3081\u306b\u3001\u30c7\u30b8\u30bf\u30eb\u7a7a\u9593\u3067\u3082\u76ee\u306b\u898b\u3048\u308b\u5f62\u3067\u30a2\u30af\u30bb\u30b9\u53ef\u80fd\u306b\u306a\u308b\u3079\u304d\u3067\u3059\u3002.<\/p>\n<p>\u00a0<\/p>\n<p><a class=\"lcyd__button lcyd__button--animate lcyd__button--arrow lcyd__button--animate\" href=\"https:\/\/www.noemuseen.at\/museumsfoerderungen\/\" target=\"_blank\" rel=\"noopener\">\u30cb\u30fc\u30c0\u30fc\u30a8\u30b9\u30bf\u30fc\u30e9\u30a4\u30d2\u5dde\u535a\u7269\u9928<\/a><\/p>\n\n                                        <\/div>\n            <div class=\"content__box content__box\">\n                                                                        <p><a href=\"https:\/\/www.noemuseen.at\/\" target=\"_blank\" rel=\"noopener\"><img decoding=\"async\" src=\"https:\/\/discover-culture.com\/wp-content\/uploads\/Logo_NOE_Museumsmanagement.jpg\" alt=\"\u30ed\u30b4 NOE\u30df\u30e5\u30fc\u30b8\u30a2\u30e0\u30fb\u30de\u30cd\u30b8\u30e1\u30f3\u30c8\" width=\"333\" height=\"152\" \/><\/a><\/p>\n<h4>\u30b3\u30f3\u30b5\u30eb\u30c6\u30a3\u30f3\u30b0\uff1a<\/h4>\n<p>\u30a6\u30eb\u30ea\u30b1\u30fb\u30d3\u30c8\u30d9\u30c3\u30af <br \/>\u30da\u30c8\u30e9\u30fb\u30ac\u30fc\u30c8\u30ca\u30fc\u30fb\u30b7\u30e5\u30c8\u30a4\u30e9\u30fc <\/p>\n<p><a href=\"https:\/\/www.noemuseen.at\/museumsfoerderungen\/\" target=\"_blank\" rel=\"noopener\">\u30df\u30e5\u30fc\u30b8\u30a2\u30e0\u30fb\u30de\u30cd\u30b8\u30e1\u30f3\u30c8\u30fb\u30ed\u30fc\u30ef\u30fc\u30fb\u30aa\u30fc\u30b9\u30c8\u30ea\u30a2\u793e<\/a> <br \/>\u30cb\u30e5\u30fc\u30d8\u30ec\u30f3\u30ac\u30c3\u30bb10 <br \/>3100 \u30b6\u30f3\u30af\u30c8\u30fb\u30da\u30eb\u30c6\u30f3 <\/p>\n<p><a class=\"lcyd__button lcyd__button--animate lcyd__button--arrow lcyd__button--animate\" href=\"mailto:foerderungen@noemuseen.at\" target=\"_blank\" rel=\"noopener\">foerderungen@noemuseen.at<\/a><\/p>\n\n                                                        <\/div>\n    <\/div><\/section>\n\n<section id='lightpress__section--block_acc274983765366de73be95ab0dacef3' class='lightpress__section lightpress__section--spacer'><div style=\"width: 100%; max-width: var(--max-content-width); margin: 0 auto 1px;\">\n      <hr>\n  <\/div><\/section>\n\n<section id='lightpress__section--block_71de0f747279f44fe1a2ecd64733fc21' class='lightpress__section lightpress__section--content'><div class=\"content__grid content__grid\">\n    <div class=\"content__box content__box--one-hundred\">\n                                                        <h3>\u30aa\u30fc\u30b9\u30c8\u30ea\u30a2\u306eEU\u8cc7\u91d1\u8abf\u9054\u30d7\u30ed\u30b0\u30e9\u30e0LEADER<\/h3>\n<p>LEADER\u306f\u3001\u30aa\u30fc\u30b9\u30c8\u30ea\u30a2\u304cEU\u306b\u52a0\u76df\u3057\u3066\u4ee5\u6765\u3001\u5404\u5730\u57df\u306e\u7a4d\u6975\u7684\u306a\u5730\u57df\u958b\u767a\u3092\u652f\u63f4\u3057\u3066\u304d\u305f\u3002 <\/p>\n<p>LEADER\u306f\u3001\u4f4f\u6c11\u304c\u81ea\u3089\u5730\u57df\u958b\u767a\u306e\u53ef\u80fd\u6027\u3092\u6d3b\u7528\u3057\u3001\u5730\u57df\u306b\u5408\u308f\u305b\u305f\u53d6\u308a\u7d44\u307f\u3092\u901a\u3058\u3066\u751f\u6d3b\u306e\u8cea\u3092\u7dad\u6301\u30fb\u5411\u4e0a\u3055\u305b\u308b\u3053\u3068\u3092\u53ef\u80fd\u306b\u3059\u308b\u3002<\/p>\n<p>2023\u5e74\u304b\u30892027\u5e74\u306e\u8cc7\u91d1\u8abf\u9054\u671f\u9593\u306b\u304a\u3044\u3066\u300183\u306e\u5730\u57df\u304c\u3059\u3067\u306b\u5730\u65b9\u5f37\u5316\u306b\u53d6\u308a\u7d44\u3093\u3067\u3044\u308b\u3002\u00a0<\/p>\n<p><a class=\"lcyd__button lcyd__button--animate lcyd__button--arrow lcyd__button--animate\" href=\"https:\/\/www.zukunftsraumland.at\/themen\/leader\/\" target=\"_blank\" rel=\"noopener\">-&gt; \u8a73\u7d30\u306f\u3053\u3061\u3089<\/a><\/p>\n\n                                        <\/div>\n    <\/div><\/section>\n\n<section id='lightpress__section--block_42447fe1a7a1e50a264b45ae1e6e474b' class='lightpress__section lightpress__section--spacer'><div style=\"width: 100%; max-width: var(--max-content-width); margin: 0 auto 2px;\">\n      <hr>\n  <\/div><\/section>\n\n<section id='lightpress__section--block_63d1cd34de43d92a428bbe8d2def63f1' class='lightpress__section lightpress__section--content'><div class=\"content__grid content__grid--fifty-fifty\">\n    <div class=\"content__box content__box\">\n                                                        <h4>\u30ea\u30fc\u30c0\u30fc\u5730\u57df\u30a8\u30f3\u30b7\u30e5\u30bf\u30fc\u30eb\u30fb\u30a2\u30a6\u30b9\u30bc\u30a2\u30e9\u30f3\u30c8\uff1a\u6587\u5316\u65bd\u8a2d\u306f\u3001\u30ea\u30a2\u30eb\u306a\u6587\u5316\u4f53\u9a13\u3068\u30c7\u30b8\u30bf\u30eb\u306a\u6587\u5316\u4f53\u9a13\u306e\u30ae\u30e3\u30c3\u30d7\u3092\u57cb\u3081\u308b\u3002<\/h4>\n<p>\u30a8\u30f3\u30b7\u30e5\u30bf\u30fc\u30eb\u30fb\u30a2\u30a6\u30b9\u30bc\u30a2\u30e9\u30f3\u30c8\u30fb\u30ea\u30fc\u30c0\u30fc\u5730\u57df\u570f\u306f\u300114\u306e\u5730\u57df\u6587\u5316\u65bd\u8a2d\u306e\u5c55\u793a\u306e\u30d0\u30fc\u30c1\u30e3\u30eb\u5316\u3092\u652f\u63f4\u3057\u3001\u30c7\u30a3\u30b9\u30ab\u30d0\u30fc\u30fb\u30ab\u30eb\u30c1\u30e3\u30fc\u306e\u30cd\u30c3\u30c8\u30ef\u30fc\u30af\u306b\u7d71\u5408\u3057\u305f\u3002 <\/p>\n<p>\u3053\u306e\u5148\u99c6\u7684\u306a\u30d7\u30ed\u30b8\u30a7\u30af\u30c8\u306f\u3001\u500b\u3005\u306e\u6587\u5316\u65bd\u8a2d\u3092\u5f37\u5316\u3059\u308b\u3060\u3051\u3067\u306a\u304f\u3001\u305d\u308c\u3089\u3092\u5f37\u529b\u306a\u30c7\u30b8\u30bf\u30eb\u6587\u5316\u30cd\u30c3\u30c8\u30ef\u30fc\u30af\u3067\u3064\u306a\u3050\u3002\u30ea\u30a2\u30eb\u306a\u6587\u5316\u4f53\u9a13\u3068\u30c7\u30b8\u30bf\u30eb\u306a\u6587\u5316\u4f53\u9a13\u3092\u7d44\u307f\u5408\u308f\u305b\u308b\u3053\u3068\u3067\u3001\u5730\u57df\u6587\u5316\u306f\u5c06\u6765\u306b\u308f\u305f\u3063\u3066\u4fdd\u8b77\u3055\u308c\u3001\u3088\u308a\u591a\u304f\u306e\u4eba\u3005\u304c\u30a2\u30af\u30bb\u30b9\u3067\u304d\u308b\u3088\u3046\u306b\u306a\u308b\u3002 <\/p>\n<p>\u3053\u306e\u30a4\u30cb\u30b7\u30a2\u30c6\u30a3\u30d6\u306b\u304a\u3051\u308b\u30ea\u30fc\u30c0\u30fc\u306e\u652f\u63f4\u306b\u3088\u308a\u3001\u3053\u306e\u5730\u57df\u306f\u3001\u6587\u5316\u30d3\u30b8\u30cd\u30b9\u304c\u30c7\u30b8\u30bf\u30eb\u5316\u306b\u3088\u3063\u3066\u3082\u305f\u3089\u3055\u308c\u308b\u6a5f\u4f1a\u3092\u3044\u304b\u306b\u6d3b\u7528\u3067\u304d\u308b\u304b\u3092\u5b9f\u8a3c\u3057\u3066\u3044\u308b\u3002 <\/p>\n<p>\u30c7\u30a3\u30b9\u30ab\u30d0\u30fc\u30fb\u30ab\u30eb\u30c1\u30e3\u30fc\u306f\u3001\u30aa\u30fc\u30b9\u30c8\u30ea\u30a2\u306e\u3059\u3079\u3066\u306e\u6587\u5316\u6a5f\u95a2\u3092\u30cd\u30c3\u30c8\u30ef\u30fc\u30af\u306b\u62db\u304d\u3001\u6587\u5316\u4ef2\u4ecb\u306e\u65b0\u3057\u3044\u65b9\u6cd5\u3092\u5171\u306b\u63a2\u6c42\u3059\u308b\uff01 <\/p>\n<p>\ud83d\udc49 <a class=\"lcyd__button lcyd__button--animate lcyd__button--arrow lcyd__button--animate\" href=\"https:\/\/discover-culture.com\/jp\/kultur-regional\/\" target=\"_blank\" rel=\"noopener\">\u6587\u5316.\u5730\u57df.\u30c7\u30b8\u30bf\u30eb<\/a><\/p>\n\n                                        <\/div>\n            <div class=\"content__box content__box\">\n                                                                    <img decoding=\"async\" class=\"content__image\" src=\"https:\/\/discover-culture.com\/wp-content\/uploads\/DC_Museen_Ennstal_Ausseerland_final.png\" alt=\"DC\u30df\u30e5\u30fc\u30b8\u30a2\u30e0\u30ba\u30fb\u30a8\u30f3\u30b7\u30e5\u30bf\u30fc\u30eb\u30fb\u30a2\u30a6\u30b9\u30b6\u30fc\u30e9\u30f3\u30c9\u6700\u7d42\u6226\" loading=\"lazy\">\n                                                        <\/div>\n    <\/div><\/section>\n\n<section id='lightpress__section--block_acc274983765366de73be95ab0dacef3' class='lightpress__section lightpress__section--spacer'><div style=\"width: 100%; max-width: var(--max-content-width); margin: 0 auto 1px;\">\n      <hr>\n  <\/div><\/section>","protected":false},"excerpt":{"rendered":"","protected":false},"author":18,"featured_media":507,"parent":0,"menu_order":0,"comment_status":"closed","ping_status":"closed","template":"","meta":{"_acf_changed":false,"_relevanssi_hide_post":"","_relevanssi_hide_content":"","_relevanssi_pin_for_all":"","_relevanssi_pin_keywords":"","_relevanssi_unpin_keywords":"","_relevanssi_related_keywords":"","_relevanssi_related_include_ids":"","_relevanssi_related_exclude_ids":"","_relevanssi_related_no_append":"","_relevanssi_related_not_related":"","_relevanssi_related_posts":"3849,3841,3844,3848,3845","_relevanssi_noindex_reason":"WooCommerce Yoast SEO Relevanssi index exclude","footnotes":""},"class_list":[],"acf":[],"yoast_head":"<!-- This site is optimized with the Yoast SEO Premium plugin v25.7.1 (Yoast SEO v26.8) - https:\/\/yoast.com\/product\/yoast-seo-premium-wordpress\/ -->\n<title>F\u00f6rderm\u00f6glichkeiten - Discover-Culture<\/title>\n<meta name=\"description\" content=\"F\u00f6rderm\u00f6glichkeiten\" \/>\n<meta name=\"robots\" content=\"index, follow, max-snippet:-1, max-image-preview:large, max-video-preview:-1\" \/>\n<link rel=\"canonical\" href=\"https:\/\/discover-culture.com\/jp\/foerdermoeglichkeiten\/\" \/>\n<meta property=\"og:locale\" content=\"ja_JP\" \/>\n<meta property=\"og:type\" content=\"article\" \/>\n<meta property=\"og:title\" content=\"F\u00f6rderm\u00f6glichkeiten\" \/>\n<meta property=\"og:description\" content=\"F\u00f6rderm\u00f6glichkeiten\" \/>\n<meta property=\"og:url\" content=\"https:\/\/discover-culture.com\/jp\/foerdermoeglichkeiten\/\" \/>\n<meta property=\"og:site_name\" content=\"Discover-Culture\" \/>\n<meta property=\"article:modified_time\" content=\"2026-03-18T09:11:16+00:00\" \/>\n<meta property=\"og:image\" content=\"https:\/\/discover-culture.com\/wp-content\/uploads\/partner-werden-scaled.jpg\" \/>\n\t<meta property=\"og:image:width\" content=\"2560\" \/>\n\t<meta property=\"og:image:height\" content=\"1440\" \/>\n\t<meta property=\"og:image:type\" content=\"image\/jpeg\" \/>\n<meta name=\"twitter:card\" content=\"summary_large_image\" \/>\n<meta name=\"twitter:label1\" content=\"\u63a8\u5b9a\u8aad\u307f\u53d6\u308a\u6642\u9593\" \/>\n\t<meta name=\"twitter:data1\" content=\"1\u5206\" \/>\n<script type=\"application\/ld+json\" class=\"yoast-schema-graph\">{\"@context\":\"https:\/\/schema.org\",\"@graph\":[{\"@type\":\"WebPage\",\"@id\":\"https:\/\/discover-culture.com\/foerdermoeglichkeiten\/\",\"url\":\"https:\/\/discover-culture.com\/foerdermoeglichkeiten\/\",\"name\":\"F\u00f6rderm\u00f6glichkeiten - Discover-Culture\",\"isPartOf\":{\"@id\":\"https:\/\/discover-culture.com\/de\/#website\"},\"primaryImageOfPage\":{\"@id\":\"https:\/\/discover-culture.com\/foerdermoeglichkeiten\/#primaryimage\"},\"image\":{\"@id\":\"https:\/\/discover-culture.com\/foerdermoeglichkeiten\/#primaryimage\"},\"thumbnailUrl\":\"https:\/\/discover-culture.com\/wp-content\/uploads\/partner-werden-scaled.jpg\",\"datePublished\":\"2025-03-31T13:05:55+00:00\",\"dateModified\":\"2026-03-18T09:11:16+00:00\",\"description\":\"F\u00f6rderm\u00f6glichkeiten\",\"breadcrumb\":{\"@id\":\"https:\/\/discover-culture.com\/foerdermoeglichkeiten\/#breadcrumb\"},\"inLanguage\":\"ja\",\"potentialAction\":[{\"@type\":\"ReadAction\",\"target\":[\"https:\/\/discover-culture.com\/foerdermoeglichkeiten\/\"]}]},{\"@type\":\"ImageObject\",\"inLanguage\":\"ja\",\"@id\":\"https:\/\/discover-culture.com\/foerdermoeglichkeiten\/#primaryimage\",\"url\":\"https:\/\/discover-culture.com\/wp-content\/uploads\/partner-werden-scaled.jpg\",\"contentUrl\":\"https:\/\/discover-culture.com\/wp-content\/uploads\/partner-werden-scaled.jpg\",\"width\":2560,\"height\":1440,\"caption\":\"partner werden scaled\"},{\"@type\":\"BreadcrumbList\",\"@id\":\"https:\/\/discover-culture.com\/foerdermoeglichkeiten\/#breadcrumb\",\"itemListElement\":[{\"@type\":\"ListItem\",\"position\":1,\"name\":\"Home\",\"item\":\"https:\/\/discover-culture.com\/\"},{\"@type\":\"ListItem\",\"position\":2,\"name\":\"F\u00f6rderm\u00f6glichkeiten\"}]},{\"@type\":\"WebSite\",\"@id\":\"https:\/\/discover-culture.com\/de\/#website\",\"url\":\"https:\/\/discover-culture.com\/de\/\",\"name\":\"Discover-Culture\",\"description\":\"\",\"potentialAction\":[{\"@type\":\"SearchAction\",\"target\":{\"@type\":\"EntryPoint\",\"urlTemplate\":\"https:\/\/discover-culture.com\/de\/?s={search_term_string}\"},\"query-input\":{\"@type\":\"PropertyValueSpecification\",\"valueRequired\":true,\"valueName\":\"search_term_string\"}}],\"inLanguage\":\"ja\"}]}<\/script>\n<!-- \/ Yoast SEO Premium plugin. -->","yoast_head_json":{"title":"\u8cc7\u91d1\u8abf\u9054\u306e\u6a5f\u4f1a - Discover-Culture","description":"\u8cc7\u91d1\u8abf\u9054\u306e\u6a5f\u4f1a","robots":{"index":"index","follow":"follow","max-snippet":"max-snippet:-1","max-image-preview":"max-image-preview:large","max-video-preview":"max-video-preview:-1"},"canonical":"https:\/\/discover-culture.com\/jp\/foerdermoeglichkeiten\/","og_locale":"ja_JP","og_type":"article","og_title":"F\u00f6rderm\u00f6glichkeiten","og_description":"F\u00f6rderm\u00f6glichkeiten","og_url":"https:\/\/discover-culture.com\/jp\/foerdermoeglichkeiten\/","og_site_name":"Discover-Culture","article_modified_time":"2026-03-18T09:11:16+00:00","og_image":[{"width":2560,"height":1440,"url":"https:\/\/discover-culture.com\/wp-content\/uploads\/partner-werden-scaled.jpg","type":"image\/jpeg"}],"twitter_card":"summary_large_image","twitter_misc":{"\u63a8\u5b9a\u8aad\u307f\u53d6\u308a\u6642\u9593":"1\u5206"},"schema":{"@context":"https:\/\/schema.org","@graph":[{"@type":"WebPage","@id":"https:\/\/discover-culture.com\/foerdermoeglichkeiten\/","url":"https:\/\/discover-culture.com\/foerdermoeglichkeiten\/","name":"\u8cc7\u91d1\u8abf\u9054\u306e\u6a5f\u4f1a - Discover-Culture","isPartOf":{"@id":"https:\/\/discover-culture.com\/de\/#website"},"primaryImageOfPage":{"@id":"https:\/\/discover-culture.com\/foerdermoeglichkeiten\/#primaryimage"},"image":{"@id":"https:\/\/discover-culture.com\/foerdermoeglichkeiten\/#primaryimage"},"thumbnailUrl":"https:\/\/discover-culture.com\/wp-content\/uploads\/partner-werden-scaled.jpg","datePublished":"2025-03-31T13:05:55+00:00","dateModified":"2026-03-18T09:11:16+00:00","description":"\u8cc7\u91d1\u8abf\u9054\u306e\u6a5f\u4f1a","breadcrumb":{"@id":"https:\/\/discover-culture.com\/foerdermoeglichkeiten\/#breadcrumb"},"inLanguage":"ja","potentialAction":[{"@type":"ReadAction","target":["https:\/\/discover-culture.com\/foerdermoeglichkeiten\/"]}]},{"@type":"ImageObject","inLanguage":"ja","@id":"https:\/\/discover-culture.com\/foerdermoeglichkeiten\/#primaryimage","url":"https:\/\/discover-culture.com\/wp-content\/uploads\/partner-werden-scaled.jpg","contentUrl":"https:\/\/discover-culture.com\/wp-content\/uploads\/partner-werden-scaled.jpg","width":2560,"height":1440,"caption":"partner werden scaled"},{"@type":"BreadcrumbList","@id":"https:\/\/discover-culture.com\/foerdermoeglichkeiten\/#breadcrumb","itemListElement":[{"@type":"ListItem","position":1,"name":"Home","item":"https:\/\/discover-culture.com\/"},{"@type":"ListItem","position":2,"name":"F\u00f6rderm\u00f6glichkeiten"}]},{"@type":"WebSite","@id":"https:\/\/discover-culture.com\/de\/#website","url":"https:\/\/discover-culture.com\/de\/","name":"\u30c7\u30a3\u30b9\u30ab\u30d0\u30fc\u30fb\u30ab\u30eb\u30c1\u30e3\u30fc","description":"","potentialAction":[{"@type":"SearchAction","target":{"@type":"EntryPoint","urlTemplate":"https:\/\/discover-culture.com\/de\/?s={search_term_string}"},"query-input":{"@type":"PropertyValueSpecification","valueRequired":true,"valueName":"search_term_string"}}],"inLanguage":"ja"}]}},"_links":{"self":[{"href":"https:\/\/discover-culture.com\/jp\/wp-json\/wp\/v2\/pages\/7433","targetHints":{"allow":["GET"]}}],"collection":[{"href":"https:\/\/discover-culture.com\/jp\/wp-json\/wp\/v2\/pages"}],"about":[{"href":"https:\/\/discover-culture.com\/jp\/wp-json\/wp\/v2\/types\/page"}],"author":[{"embeddable":true,"href":"https:\/\/discover-culture.com\/jp\/wp-json\/wp\/v2\/users\/18"}],"replies":[{"embeddable":true,"href":"https:\/\/discover-culture.com\/jp\/wp-json\/wp\/v2\/comments?post=7433"}],"version-history":[{"count":23,"href":"https:\/\/discover-culture.com\/jp\/wp-json\/wp\/v2\/pages\/7433\/revisions"}],"predecessor-version":[{"id":7790,"href":"https:\/\/discover-culture.com\/jp\/wp-json\/wp\/v2\/pages\/7433\/revisions\/7790"}],"wp:featuredmedia":[{"embeddable":true,"href":"https:\/\/discover-culture.com\/jp\/wp-json\/wp\/v2\/media\/507"}],"wp:attachment":[{"href":"https:\/\/discover-culture.com\/jp\/wp-json\/wp\/v2\/media?parent=7433"}],"curies":[{"name":"wp","href":"https:\/\/api.w.org\/{rel}","templated":true}]}}