{"id":704,"date":"2021-06-24T10:37:33","date_gmt":"2021-06-24T08:37:33","guid":{"rendered":"https:\/\/discover-culture.com\/partner\/\/touren\/"},"modified":"2023-04-14T11:25:08","modified_gmt":"2023-04-14T09:25:08","slug":"daniel-spoerri-der-k%c3%bcnstler-im-gespr%c3%a4ch","status":"publish","type":"product","link":"https:\/\/discover-culture.com\/partner\/bank-austria-kunstforum-wien\/touren\/daniel-spoerri-der-k%c3%bcnstler-im-gespr%c3%a4ch","title":{"rendered":"Daniel Spoerri, The Artist in Conversation"},"content":{"rendered":"<section id='lightpress__section--block_3e01eedf9468c7166d3621ef2e3626c6' class='lightpress__section lightpress__section--content'><div class=\"content__grid content__grid--fifty-fifty\">\n    <div class=\"content__box content__box\">\n                                                        <h3 class=\"text-image__heading\">\"To create life as a work of art seems to me quite a nice occupation of life\" (Daniel Spoerri).<\/h3>\n<div class=\"text-image__excerpt\">\n<p>The second live guided tour through the exhibition\u00a0<em>Daniel Spoerri<\/em>\u00a0gives you the chance to meet the artist himself.<\/p>\n<p><span class=\"text-image__excerpt--small\"><em>Daniel Spoerri<\/em>, \u00a9 Rita Newman (detail)<\/span><\/p>\n<\/div>\n\n                                        <\/div>\n            <div class=\"content__box content__box\">\n                                                                    <img decoding=\"async\" class=\"content__image\" src=\"https:\/\/discover-culture.com\/wp-content\/uploads\/Daniel_Spoerri-1.jpg\" alt=\"Daniel Spoerri 1\" loading=\"lazy\">\n                                                        <\/div>\n    <\/div><\/section>\n\n<section id='lightpress__section--block_7390a2c0bb88716f037f15ed272cc121' class='lightpress__section lightpress__section--content'><div class=\"content__grid content__grid--fifty-fifty\">\n    <div class=\"content__box content__box\">\n                                                    <img decoding=\"async\" class=\"content__image\" src=\"https:\/\/discover-culture.com\/wp-content\/uploads\/Se-laisser-1.jpg\" alt=\"Se laisser 1\" loading=\"lazy\">\n                                        <\/div>\n            <div class=\"content__box content__box\">\n                                                                        <p>&nbsp;<\/p>\n<p>&nbsp;<\/p>\n<p>&nbsp;<\/p>\n<p>&nbsp;<\/p>\n<p>Daniel Spoerri - in dialogue with curator Veronika Rudorfer - opens up very personal insights into his world, in which the boundary between art and everyday life seems to blur.<\/p>\n<p><span class=\"text-image__excerpt--small\">Daniel Spoerri,\u00a0<em>Se laisser manger la laine sur le dos<\/em>, 1965, Assemblage, 100 \u00d7 100 \u00d7 29 cm, Bischofberger Collection, M\u00e4nnedorf-Zurich, Switzerland \u00a9 Daniel Spoerri and Bildrecht Vienna, 2021(detail)<\/span><\/p>\n\n                                                        <\/div>\n    <\/div><\/section>\n\n<section id='lightpress__section--block_a3ae67b48c5a65788ee7d2df3c8bdcd9' class='lightpress__section lightpress__section--card-item-content'><div class=\"card-item\">\n  \n      <picture class=\"card-item__background-image\">\n      <source srcset=\"https:\/\/discover-culture.com\/wp-content\/uploads\/call_to_action_livestream.webp\" type=\"image\/webp\">\n      <source srcset=\"https:\/\/discover-culture.com\/wp-content\/uploads\/call_to_action_livestream.jpg\" type=\"image\/jpeg\">\n      <img decoding=\"async\" loading=\"lazy\" src=\"https:\/\/discover-culture.com\/wp-content\/uploads\/call_to_action_livestream.jpg\" alt=\"call to action livestream\">\n    <\/picture>\n    <div id='lightpress__section--block_69e1e5beeea7a' class='lightpress__section--content'><div class=\"content__grid content__grid\">\n    <div class=\"content__box content__box--one-hundred\">\n                                                        <p><a class=\"lcyd__button lcyd__button--arrow lcyd__button--light\" href=\"https:\/\/www.kunstforumwien.at\/\" target=\"_blank\" rel=\"noopener\">More information<\/a><\/p>\n\n                                        <\/div>\n    <\/div><\/div>\n<\/div>\n<\/section>","protected":false},"excerpt":{"rendered":"<p>Join our live guided tours from home and experience the exhibition\u00a0<em>Daniel Spoerri\u00a0<\/em>\u00a0(24.3-27.6.2021) will be different each time: in the second part of the live tours, the artist Daniel Spoerri himself will have his say.<\/p>","protected":false},"featured_media":705,"template":"","meta":{"_acf_changed":false,"_relevanssi_hide_post":"","_relevanssi_hide_content":"","_relevanssi_pin_for_all":"","_relevanssi_pin_keywords":"","_relevanssi_unpin_keywords":"","_relevanssi_related_keywords":"","_relevanssi_related_include_ids":"","_relevanssi_related_exclude_ids":"","_relevanssi_related_no_append":"","_relevanssi_related_not_related":"","_relevanssi_related_posts":"3844,3848,3841,3845,3849","_relevanssi_noindex_reason":""},"product_brand":[],"product_cat":[21],"product_tag":[],"class_list":["product-available","product","first","instock","virtual","sold-individually","taxable","purchasable","product-type-simple"],"bundled_by":[],"bundle_stock_status":"instock","bundle_stock_quantity":null,"bundle_virtual":false,"bundle_layout":"","bundle_add_to_cart_form_location":"","bundle_editable_in_cart":false,"bundle_sold_individually_context":"","bundle_item_grouping":"","bundle_min_size":"","bundle_max_size":"","bundle_price":[],"bundled_items":[],"bundle_sell_ids":[],"acf":[],"yoast_head":"<!-- This site is optimized with the Yoast SEO Premium plugin v25.7.1 (Yoast SEO v26.8) - https:\/\/yoast.com\/product\/yoast-seo-premium-wordpress\/ -->\n<title>Daniel Spoerri, Der K\u00fcnstler im Gespr\u00e4ch - Discover-Culture<\/title>\n<meta name=\"description\" content=\"Finden Sie hier alle Informationen zum Produkt Daniel Spoerri, Der K\u00fcnstler im Gespr\u00e4ch und betreten Sie die neue Welt von Kunst und Kultur!\" \/>\n<meta name=\"robots\" content=\"index, follow, max-snippet:-1, max-image-preview:large, max-video-preview:-1\" \/>\n<link rel=\"canonical\" href=\"https:\/\/discover-culture.com\/en\/partner\/bank-austria-kunstforum-wien\/touren\/daniel-spoerri-der-k\u00fcnstler-im-gespr\u00e4ch\/\" \/>\n<meta property=\"og:locale\" content=\"en_GB\" \/>\n<meta property=\"og:type\" content=\"article\" \/>\n<meta property=\"og:title\" content=\"Daniel Spoerri, Der K\u00fcnstler im Gespr\u00e4ch\" \/>\n<meta property=\"og:description\" content=\"Finden Sie hier alle Informationen zum Produkt Daniel Spoerri, Der K\u00fcnstler im Gespr\u00e4ch und betreten Sie die neue Welt von Kunst und Kultur!\" \/>\n<meta property=\"og:url\" content=\"https:\/\/discover-culture.com\/en\/partner\/bank-austria-kunstforum-wien\/touren\/daniel-spoerri-der-k\u00fcnstler-im-gespr\u00e4ch\/\" \/>\n<meta property=\"og:site_name\" content=\"Discover-Culture\" \/>\n<meta property=\"article:modified_time\" content=\"2023-04-14T09:25:08+00:00\" \/>\n<meta property=\"og:image\" content=\"https:\/\/discover-culture.com\/wp-content\/uploads\/Daniel_Spoerri.jpeg\" \/>\n\t<meta property=\"og:image:width\" content=\"1095\" \/>\n\t<meta property=\"og:image:height\" content=\"731\" \/>\n\t<meta property=\"og:image:type\" content=\"image\/jpeg\" \/>\n<meta name=\"twitter:card\" content=\"summary_large_image\" \/>\n<script type=\"application\/ld+json\" class=\"yoast-schema-graph\">{\"@context\":\"https:\/\/schema.org\",\"@graph\":[{\"@type\":\"WebPage\",\"@id\":\"https:\/\/discover-culture.com\/partner\/bank-austria-kunstforum-wien\/touren\/daniel-spoerri-der-k%c3%bcnstler-im-gespr%c3%a4ch\/\",\"url\":\"https:\/\/discover-culture.com\/partner\/bank-austria-kunstforum-wien\/touren\/daniel-spoerri-der-k%c3%bcnstler-im-gespr%c3%a4ch\/\",\"name\":\"Daniel Spoerri, Der K\u00fcnstler im Gespr\u00e4ch - Discover-Culture\",\"isPartOf\":{\"@id\":\"https:\/\/discover-culture.com\/de\/#website\"},\"primaryImageOfPage\":{\"@id\":\"https:\/\/discover-culture.com\/partner\/bank-austria-kunstforum-wien\/touren\/daniel-spoerri-der-k%c3%bcnstler-im-gespr%c3%a4ch\/#primaryimage\"},\"image\":{\"@id\":\"https:\/\/discover-culture.com\/partner\/bank-austria-kunstforum-wien\/touren\/daniel-spoerri-der-k%c3%bcnstler-im-gespr%c3%a4ch\/#primaryimage\"},\"thumbnailUrl\":\"https:\/\/discover-culture.com\/wp-content\/uploads\/Daniel_Spoerri.jpeg\",\"datePublished\":\"2021-06-24T08:37:33+00:00\",\"dateModified\":\"2023-04-14T09:25:08+00:00\",\"description\":\"Finden Sie hier alle Informationen zum Produkt Daniel Spoerri, Der K\u00fcnstler im Gespr\u00e4ch und betreten Sie die neue Welt von Kunst und Kultur!\",\"breadcrumb\":{\"@id\":\"https:\/\/discover-culture.com\/partner\/bank-austria-kunstforum-wien\/touren\/daniel-spoerri-der-k%c3%bcnstler-im-gespr%c3%a4ch\/#breadcrumb\"},\"inLanguage\":\"en-GB\",\"potentialAction\":[{\"@type\":\"ReadAction\",\"target\":[\"https:\/\/discover-culture.com\/partner\/bank-austria-kunstforum-wien\/touren\/daniel-spoerri-der-k%c3%bcnstler-im-gespr%c3%a4ch\/\"]}]},{\"@type\":\"ImageObject\",\"inLanguage\":\"en-GB\",\"@id\":\"https:\/\/discover-culture.com\/partner\/bank-austria-kunstforum-wien\/touren\/daniel-spoerri-der-k%c3%bcnstler-im-gespr%c3%a4ch\/#primaryimage\",\"url\":\"https:\/\/discover-culture.com\/wp-content\/uploads\/Daniel_Spoerri.jpeg\",\"contentUrl\":\"https:\/\/discover-culture.com\/wp-content\/uploads\/Daniel_Spoerri.jpeg\",\"width\":1095,\"height\":731,\"caption\":\"Daniel Spoerri\"},{\"@type\":\"BreadcrumbList\",\"@id\":\"https:\/\/discover-culture.com\/partner\/bank-austria-kunstforum-wien\/touren\/daniel-spoerri-der-k%c3%bcnstler-im-gespr%c3%a4ch\/#breadcrumb\",\"itemListElement\":[{\"@type\":\"ListItem\",\"position\":1,\"name\":\"Home\",\"item\":\"https:\/\/discover-culture.com\/\"},{\"@type\":\"ListItem\",\"position\":2,\"name\":\"Produkte\",\"item\":\"https:\/\/discover-culture.com\/de\/shop\/\"},{\"@type\":\"ListItem\",\"position\":3,\"name\":\"Daniel Spoerri, Der K\u00fcnstler im Gespr\u00e4ch\"}]},{\"@type\":\"WebSite\",\"@id\":\"https:\/\/discover-culture.com\/de\/#website\",\"url\":\"https:\/\/discover-culture.com\/de\/\",\"name\":\"Discover-Culture\",\"description\":\"\",\"potentialAction\":[{\"@type\":\"SearchAction\",\"target\":{\"@type\":\"EntryPoint\",\"urlTemplate\":\"https:\/\/discover-culture.com\/de\/?s={search_term_string}\"},\"query-input\":{\"@type\":\"PropertyValueSpecification\",\"valueRequired\":true,\"valueName\":\"search_term_string\"}}],\"inLanguage\":\"en-GB\"}]}<\/script>\n<!-- \/ Yoast SEO Premium plugin. -->","yoast_head_json":{"title":"Daniel Spoerri, The artist in conversation - Discover-Culture","description":"Find here all information about the product Daniel Spoerri, The Artist in Conversation and enter the new world of art and culture!","robots":{"index":"index","follow":"follow","max-snippet":"max-snippet:-1","max-image-preview":"max-image-preview:large","max-video-preview":"max-video-preview:-1"},"canonical":"https:\/\/discover-culture.com\/en\/partner\/bank-austria-kunstforum-wien\/touren\/daniel-spoerri-der-k\u00fcnstler-im-gespr\u00e4ch\/","og_locale":"en_GB","og_type":"article","og_title":"Daniel Spoerri, Der K\u00fcnstler im Gespr\u00e4ch","og_description":"Finden Sie hier alle Informationen zum Produkt Daniel Spoerri, Der K\u00fcnstler im Gespr\u00e4ch und betreten Sie die neue Welt von Kunst und Kultur!","og_url":"https:\/\/discover-culture.com\/en\/partner\/bank-austria-kunstforum-wien\/touren\/daniel-spoerri-der-k\u00fcnstler-im-gespr\u00e4ch\/","og_site_name":"Discover-Culture","article_modified_time":"2023-04-14T09:25:08+00:00","og_image":[{"width":1095,"height":731,"url":"https:\/\/discover-culture.com\/wp-content\/uploads\/Daniel_Spoerri.jpeg","type":"image\/jpeg"}],"twitter_card":"summary_large_image","schema":{"@context":"https:\/\/schema.org","@graph":[{"@type":"WebPage","@id":"https:\/\/discover-culture.com\/partner\/bank-austria-kunstforum-wien\/touren\/daniel-spoerri-der-k%c3%bcnstler-im-gespr%c3%a4ch\/","url":"https:\/\/discover-culture.com\/partner\/bank-austria-kunstforum-wien\/touren\/daniel-spoerri-der-k%c3%bcnstler-im-gespr%c3%a4ch\/","name":"Daniel Spoerri, The artist in conversation - Discover-Culture","isPartOf":{"@id":"https:\/\/discover-culture.com\/de\/#website"},"primaryImageOfPage":{"@id":"https:\/\/discover-culture.com\/partner\/bank-austria-kunstforum-wien\/touren\/daniel-spoerri-der-k%c3%bcnstler-im-gespr%c3%a4ch\/#primaryimage"},"image":{"@id":"https:\/\/discover-culture.com\/partner\/bank-austria-kunstforum-wien\/touren\/daniel-spoerri-der-k%c3%bcnstler-im-gespr%c3%a4ch\/#primaryimage"},"thumbnailUrl":"https:\/\/discover-culture.com\/wp-content\/uploads\/Daniel_Spoerri.jpeg","datePublished":"2021-06-24T08:37:33+00:00","dateModified":"2023-04-14T09:25:08+00:00","description":"Find here all information about the product Daniel Spoerri, The Artist in Conversation and enter the new world of art and culture!","breadcrumb":{"@id":"https:\/\/discover-culture.com\/partner\/bank-austria-kunstforum-wien\/touren\/daniel-spoerri-der-k%c3%bcnstler-im-gespr%c3%a4ch\/#breadcrumb"},"inLanguage":"en-GB","potentialAction":[{"@type":"ReadAction","target":["https:\/\/discover-culture.com\/partner\/bank-austria-kunstforum-wien\/touren\/daniel-spoerri-der-k%c3%bcnstler-im-gespr%c3%a4ch\/"]}]},{"@type":"ImageObject","inLanguage":"en-GB","@id":"https:\/\/discover-culture.com\/partner\/bank-austria-kunstforum-wien\/touren\/daniel-spoerri-der-k%c3%bcnstler-im-gespr%c3%a4ch\/#primaryimage","url":"https:\/\/discover-culture.com\/wp-content\/uploads\/Daniel_Spoerri.jpeg","contentUrl":"https:\/\/discover-culture.com\/wp-content\/uploads\/Daniel_Spoerri.jpeg","width":1095,"height":731,"caption":"Daniel Spoerri"},{"@type":"BreadcrumbList","@id":"https:\/\/discover-culture.com\/partner\/bank-austria-kunstforum-wien\/touren\/daniel-spoerri-der-k%c3%bcnstler-im-gespr%c3%a4ch\/#breadcrumb","itemListElement":[{"@type":"ListItem","position":1,"name":"Home","item":"https:\/\/discover-culture.com\/"},{"@type":"ListItem","position":2,"name":"Produkte","item":"https:\/\/discover-culture.com\/de\/shop\/"},{"@type":"ListItem","position":3,"name":"Daniel Spoerri, Der K\u00fcnstler im Gespr\u00e4ch"}]},{"@type":"WebSite","@id":"https:\/\/discover-culture.com\/de\/#website","url":"https:\/\/discover-culture.com\/de\/","name":"Discover-Culture","description":"","potentialAction":[{"@type":"SearchAction","target":{"@type":"EntryPoint","urlTemplate":"https:\/\/discover-culture.com\/de\/?s={search_term_string}"},"query-input":{"@type":"PropertyValueSpecification","valueRequired":true,"valueName":"search_term_string"}}],"inLanguage":"en-GB"}]}},"_links":{"self":[{"href":"https:\/\/discover-culture.com\/en\/wp-json\/wp\/v2\/product\/704","targetHints":{"allow":["GET"]}}],"collection":[{"href":"https:\/\/discover-culture.com\/en\/wp-json\/wp\/v2\/product"}],"about":[{"href":"https:\/\/discover-culture.com\/en\/wp-json\/wp\/v2\/types\/product"}],"wp:featuredmedia":[{"embeddable":true,"href":"https:\/\/discover-culture.com\/en\/wp-json\/wp\/v2\/media\/705"}],"wp:attachment":[{"href":"https:\/\/discover-culture.com\/en\/wp-json\/wp\/v2\/media?parent=704"}],"wp:term":[{"taxonomy":"product_brand","embeddable":true,"href":"https:\/\/discover-culture.com\/en\/wp-json\/wp\/v2\/product_brand?post=704"},{"taxonomy":"product_cat","embeddable":true,"href":"https:\/\/discover-culture.com\/en\/wp-json\/wp\/v2\/product_cat?post=704"},{"taxonomy":"product_tag","embeddable":true,"href":"https:\/\/discover-culture.com\/en\/wp-json\/wp\/v2\/product_tag?post=704"}],"curies":[{"name":"wp","href":"https:\/\/api.w.org\/{rel}","templated":true}]}}