{"id":371,"date":"2021-06-23T09:08:33","date_gmt":"2021-06-23T07:08:33","guid":{"rendered":"https:\/\/discover-culture.com\/partner\/\/touren\/"},"modified":"2023-04-14T11:31:17","modified_gmt":"2023-04-14T09:31:17","slug":"kunstintervention","status":"publish","type":"product","link":"https:\/\/discover-culture.com\/partner\/for-forest\/touren\/kunstintervention","title":{"rendered":"Art Intervention"},"content":{"rendered":"<section id='lightpress__section--block_b0ef69b39e239ce603c2ffb332772802' class='lightpress__section lightpress__section--content'><div class=\"content__grid content__grid--fifty-fifty\">\n    <div class=\"content__box content__box\">\n                                                        <div class=\"text-image__text-container\">\n<div class=\"text-image__text-inner\">\n<div class=\"text-image__excerpt\">\n<h3 class=\"text-image__heading\">360\u00b0 Panoramas<\/h3>\n<p>Discover new aspects of the artwork with 360\u00b0 panoramas and find out more about the creation of the project.<\/p>\n<\/div>\n<\/div>\n<\/div>\n\n                                        <\/div>\n            <div class=\"content__box content__box\">\n                                                                    <img decoding=\"async\" class=\"content__image\" src=\"https:\/\/discover-culture.com\/wp-content\/uploads\/forforest_ff_block_02-1024x629-1.png\" alt=\"forforest ff block 02 1024x629 1\" loading=\"lazy\">\n                                                        <\/div>\n    <\/div><\/section>\n\n<section id='lightpress__section--block_3e7145e95afc0e779314f71e10218495' class='lightpress__section lightpress__section--content'><div class=\"content__grid content__grid--fifty-fifty\">\n    <div class=\"content__box content__box\">\n                                                    <img decoding=\"async\" class=\"content__image\" src=\"https:\/\/discover-culture.com\/wp-content\/uploads\/forforest_ff_block_03-1024x682-1.png\" alt=\"forforest ff block 03 1024x682 1\" loading=\"lazy\">\n                                        <\/div>\n            <div class=\"content__box content__box\">\n                                                                        <h3 class=\"text-image__heading\">Stroll through the most modern stadium in Austria<\/h3>\n<div class=\"text-image__excerpt\">\n<div class=\"text-image__text-container text-image__text-container--text-right\">\n<div class=\"text-image__text-inner\">\n<div class=\"text-image__excerpt\">\n<p>Stroll through the most modern stadium in Austria. The 30,000-seat W\u00f6rthersee Stadium was originally built for the 2008 European Football Championship.<\/p>\n<\/div>\n<\/div>\n<\/div>\n<\/div>\n\n                                                        <\/div>\n    <\/div><\/section>","protected":false},"excerpt":{"rendered":"<p>Klaus Littmann's art intervention realised this dystopian idea with the staging of a mixed forest consisting of 299 trees on the football pitch of Klagenfurt's W\u00f6rthersee Stadium.\u00a0<\/p>","protected":false},"featured_media":380,"template":"","meta":{"_acf_changed":false,"_relevanssi_hide_post":"","_relevanssi_hide_content":"","_relevanssi_pin_for_all":"","_relevanssi_pin_keywords":"","_relevanssi_unpin_keywords":"","_relevanssi_related_keywords":"","_relevanssi_related_include_ids":"","_relevanssi_related_exclude_ids":"","_relevanssi_related_no_append":"","_relevanssi_related_not_related":"","_relevanssi_related_posts":"3845,3848,3844,3849,3841","_relevanssi_noindex_reason":""},"product_brand":[],"product_cat":[16],"product_tag":[],"class_list":["product-available","product","first","instock","virtual","sold-individually","taxable","purchasable","product-type-simple"],"bundled_by":[],"bundle_stock_status":"instock","bundle_stock_quantity":null,"bundle_virtual":false,"bundle_layout":"","bundle_add_to_cart_form_location":"","bundle_editable_in_cart":false,"bundle_sold_individually_context":"","bundle_item_grouping":"","bundle_min_size":"","bundle_max_size":"","bundle_price":[],"bundled_items":[],"bundle_sell_ids":[],"acf":[],"yoast_head":"<!-- This site is optimized with the Yoast SEO Premium plugin v25.7.1 (Yoast SEO v26.8) - https:\/\/yoast.com\/product\/yoast-seo-premium-wordpress\/ -->\n<title>Kunstintervention - Discover-Culture<\/title>\n<meta name=\"description\" content=\"Das 30.000 Zuschauer fassende W\u00f6rthersee Stadion wurde urspr\u00fcnglich f\u00fcr die 2008 Fu\u00dfball-Europameisterschaft gebaut.\" \/>\n<meta name=\"robots\" content=\"index, follow, max-snippet:-1, max-image-preview:large, max-video-preview:-1\" \/>\n<link rel=\"canonical\" href=\"https:\/\/discover-culture.com\/en\/partner\/for-forest\/touren\/kunstintervention\/\" \/>\n<meta property=\"og:locale\" content=\"en_GB\" \/>\n<meta property=\"og:type\" content=\"article\" \/>\n<meta property=\"og:title\" content=\"Kunstintervention\" \/>\n<meta property=\"og:description\" content=\"Das 30.000 Zuschauer fassende W\u00f6rthersee Stadion wurde urspr\u00fcnglich f\u00fcr die 2008 Fu\u00dfball-Europameisterschaft gebaut.\" \/>\n<meta property=\"og:url\" content=\"https:\/\/discover-culture.com\/en\/partner\/for-forest\/touren\/kunstintervention\/\" \/>\n<meta property=\"og:site_name\" content=\"Discover-Culture\" \/>\n<meta property=\"article:modified_time\" content=\"2023-04-14T09:31:17+00:00\" \/>\n<meta property=\"og:image\" content=\"https:\/\/discover-culture.com\/wp-content\/uploads\/forforest_ff_header_image-1-1024x563-2.png\" \/>\n\t<meta property=\"og:image:width\" content=\"1024\" \/>\n\t<meta property=\"og:image:height\" content=\"563\" \/>\n\t<meta property=\"og:image:type\" content=\"image\/png\" \/>\n<meta name=\"twitter:card\" content=\"summary_large_image\" \/>\n<script type=\"application\/ld+json\" class=\"yoast-schema-graph\">{\"@context\":\"https:\/\/schema.org\",\"@graph\":[{\"@type\":\"WebPage\",\"@id\":\"https:\/\/discover-culture.com\/partner\/for-forest\/touren\/kunstintervention\/\",\"url\":\"https:\/\/discover-culture.com\/partner\/for-forest\/touren\/kunstintervention\/\",\"name\":\"Kunstintervention - Discover-Culture\",\"isPartOf\":{\"@id\":\"https:\/\/discover-culture.com\/de\/#website\"},\"primaryImageOfPage\":{\"@id\":\"https:\/\/discover-culture.com\/partner\/for-forest\/touren\/kunstintervention\/#primaryimage\"},\"image\":{\"@id\":\"https:\/\/discover-culture.com\/partner\/for-forest\/touren\/kunstintervention\/#primaryimage\"},\"thumbnailUrl\":\"https:\/\/discover-culture.com\/wp-content\/uploads\/forforest_ff_header_image-1-1024x563-2.png\",\"datePublished\":\"2021-06-23T07:08:33+00:00\",\"dateModified\":\"2023-04-14T09:31:17+00:00\",\"description\":\"Das 30.000 Zuschauer fassende W\u00f6rthersee Stadion wurde urspr\u00fcnglich f\u00fcr die 2008 Fu\u00dfball-Europameisterschaft gebaut.\",\"breadcrumb\":{\"@id\":\"https:\/\/discover-culture.com\/partner\/for-forest\/touren\/kunstintervention\/#breadcrumb\"},\"inLanguage\":\"en-GB\",\"potentialAction\":[{\"@type\":\"ReadAction\",\"target\":[\"https:\/\/discover-culture.com\/partner\/for-forest\/touren\/kunstintervention\/\"]}]},{\"@type\":\"ImageObject\",\"inLanguage\":\"en-GB\",\"@id\":\"https:\/\/discover-culture.com\/partner\/for-forest\/touren\/kunstintervention\/#primaryimage\",\"url\":\"https:\/\/discover-culture.com\/wp-content\/uploads\/forforest_ff_header_image-1-1024x563-2.png\",\"contentUrl\":\"https:\/\/discover-culture.com\/wp-content\/uploads\/forforest_ff_header_image-1-1024x563-2.png\",\"width\":1024,\"height\":563,\"caption\":\"forforest ff header image 1 1024x563 2\"},{\"@type\":\"BreadcrumbList\",\"@id\":\"https:\/\/discover-culture.com\/partner\/for-forest\/touren\/kunstintervention\/#breadcrumb\",\"itemListElement\":[{\"@type\":\"ListItem\",\"position\":1,\"name\":\"Home\",\"item\":\"https:\/\/discover-culture.com\/\"},{\"@type\":\"ListItem\",\"position\":2,\"name\":\"Produkte\",\"item\":\"https:\/\/discover-culture.com\/de\/shop\/\"},{\"@type\":\"ListItem\",\"position\":3,\"name\":\"Kunstintervention\"}]},{\"@type\":\"WebSite\",\"@id\":\"https:\/\/discover-culture.com\/de\/#website\",\"url\":\"https:\/\/discover-culture.com\/de\/\",\"name\":\"Discover-Culture\",\"description\":\"\",\"potentialAction\":[{\"@type\":\"SearchAction\",\"target\":{\"@type\":\"EntryPoint\",\"urlTemplate\":\"https:\/\/discover-culture.com\/de\/?s={search_term_string}\"},\"query-input\":{\"@type\":\"PropertyValueSpecification\",\"valueRequired\":true,\"valueName\":\"search_term_string\"}}],\"inLanguage\":\"en-GB\"}]}<\/script>\n<!-- \/ Yoast SEO Premium plugin. -->","yoast_head_json":{"title":"Art Intervention - Discover-Culture","description":"The 30,000-seat W\u00f6rthersee Stadium was originally built for the 2008 European Football Championship.","robots":{"index":"index","follow":"follow","max-snippet":"max-snippet:-1","max-image-preview":"max-image-preview:large","max-video-preview":"max-video-preview:-1"},"canonical":"https:\/\/discover-culture.com\/en\/partner\/for-forest\/touren\/kunstintervention\/","og_locale":"en_GB","og_type":"article","og_title":"Kunstintervention","og_description":"Das 30.000 Zuschauer fassende W\u00f6rthersee Stadion wurde urspr\u00fcnglich f\u00fcr die 2008 Fu\u00dfball-Europameisterschaft gebaut.","og_url":"https:\/\/discover-culture.com\/en\/partner\/for-forest\/touren\/kunstintervention\/","og_site_name":"Discover-Culture","article_modified_time":"2023-04-14T09:31:17+00:00","og_image":[{"width":1024,"height":563,"url":"https:\/\/discover-culture.com\/wp-content\/uploads\/forforest_ff_header_image-1-1024x563-2.png","type":"image\/png"}],"twitter_card":"summary_large_image","schema":{"@context":"https:\/\/schema.org","@graph":[{"@type":"WebPage","@id":"https:\/\/discover-culture.com\/partner\/for-forest\/touren\/kunstintervention\/","url":"https:\/\/discover-culture.com\/partner\/for-forest\/touren\/kunstintervention\/","name":"Art Intervention - Discover-Culture","isPartOf":{"@id":"https:\/\/discover-culture.com\/de\/#website"},"primaryImageOfPage":{"@id":"https:\/\/discover-culture.com\/partner\/for-forest\/touren\/kunstintervention\/#primaryimage"},"image":{"@id":"https:\/\/discover-culture.com\/partner\/for-forest\/touren\/kunstintervention\/#primaryimage"},"thumbnailUrl":"https:\/\/discover-culture.com\/wp-content\/uploads\/forforest_ff_header_image-1-1024x563-2.png","datePublished":"2021-06-23T07:08:33+00:00","dateModified":"2023-04-14T09:31:17+00:00","description":"The 30,000-seat W\u00f6rthersee Stadium was originally built for the 2008 European Football Championship.","breadcrumb":{"@id":"https:\/\/discover-culture.com\/partner\/for-forest\/touren\/kunstintervention\/#breadcrumb"},"inLanguage":"en-GB","potentialAction":[{"@type":"ReadAction","target":["https:\/\/discover-culture.com\/partner\/for-forest\/touren\/kunstintervention\/"]}]},{"@type":"ImageObject","inLanguage":"en-GB","@id":"https:\/\/discover-culture.com\/partner\/for-forest\/touren\/kunstintervention\/#primaryimage","url":"https:\/\/discover-culture.com\/wp-content\/uploads\/forforest_ff_header_image-1-1024x563-2.png","contentUrl":"https:\/\/discover-culture.com\/wp-content\/uploads\/forforest_ff_header_image-1-1024x563-2.png","width":1024,"height":563,"caption":"forforest ff header image 1 1024x563 2"},{"@type":"BreadcrumbList","@id":"https:\/\/discover-culture.com\/partner\/for-forest\/touren\/kunstintervention\/#breadcrumb","itemListElement":[{"@type":"ListItem","position":1,"name":"Home","item":"https:\/\/discover-culture.com\/"},{"@type":"ListItem","position":2,"name":"Produkte","item":"https:\/\/discover-culture.com\/de\/shop\/"},{"@type":"ListItem","position":3,"name":"Kunstintervention"}]},{"@type":"WebSite","@id":"https:\/\/discover-culture.com\/de\/#website","url":"https:\/\/discover-culture.com\/de\/","name":"Discover-Culture","description":"","potentialAction":[{"@type":"SearchAction","target":{"@type":"EntryPoint","urlTemplate":"https:\/\/discover-culture.com\/de\/?s={search_term_string}"},"query-input":{"@type":"PropertyValueSpecification","valueRequired":true,"valueName":"search_term_string"}}],"inLanguage":"en-GB"}]}},"_links":{"self":[{"href":"https:\/\/discover-culture.com\/en\/wp-json\/wp\/v2\/product\/371","targetHints":{"allow":["GET"]}}],"collection":[{"href":"https:\/\/discover-culture.com\/en\/wp-json\/wp\/v2\/product"}],"about":[{"href":"https:\/\/discover-culture.com\/en\/wp-json\/wp\/v2\/types\/product"}],"wp:featuredmedia":[{"embeddable":true,"href":"https:\/\/discover-culture.com\/en\/wp-json\/wp\/v2\/media\/380"}],"wp:attachment":[{"href":"https:\/\/discover-culture.com\/en\/wp-json\/wp\/v2\/media?parent=371"}],"wp:term":[{"taxonomy":"product_brand","embeddable":true,"href":"https:\/\/discover-culture.com\/en\/wp-json\/wp\/v2\/product_brand?post=371"},{"taxonomy":"product_cat","embeddable":true,"href":"https:\/\/discover-culture.com\/en\/wp-json\/wp\/v2\/product_cat?post=371"},{"taxonomy":"product_tag","embeddable":true,"href":"https:\/\/discover-culture.com\/en\/wp-json\/wp\/v2\/product_tag?post=371"}],"curies":[{"name":"wp","href":"https:\/\/api.w.org\/{rel}","templated":true}]}}