{"id":327,"date":"2021-06-22T10:51:15","date_gmt":"2021-06-22T08:51:15","guid":{"rendered":"https:\/\/discover-culture.com\/partner\/\/touren\/"},"modified":"2024-01-22T11:59:29","modified_gmt":"2024-01-22T09:59:29","slug":"bildergalerie","status":"publish","type":"product","link":"https:\/\/discover-culture.com\/partner\/burg-hochosterwitz\/touren\/bildergalerie","title":{"rendered":"Art gallery"},"content":{"rendered":"<section id='lightpress__section--block_3a9467d273aac7b99e4c9191367e113f' class='lightpress__section lightpress__section--content'><div class=\"content__grid content__grid\">\n    <div class=\"content__box content__box--one-hundred\">\n                                                        <p>The attic of Hochosterwitz Castle holds a true treasure of collected portraits. Discover the impressive history of the Khevenh\u00fcller-Metsch family and virtually see unique historical treasures.<\/p>\n\n                                        <\/div>\n    <\/div><\/section>\n\n<section id='lightpress__section--block_155888375879906c2ee1b504d18fba19' class='lightpress__section lightpress__section--content'><div class=\"content__grid content__grid--fifty-fifty\">\n    <div class=\"content__box content__box\">\n                                                        <div class=\"text-image__text-container\">\n<div class=\"text-image__text-inner\">\n<h3 class=\"text-image__heading\">History<\/h3>\n<div class=\"text-image__excerpt\">\n<p>Unreliable chroniclers report that the Khevenh\u00fcllers owned a castle on the Khevenh\u00fcll mountain as early as the 9th and 10th centuries and for unknown reasons are said to have migrated to Carinthia from Franconia with the Hohenstein dynasties in 1036.<\/p>\n<p>The ancestor of the family at that time would have been Richard Khevenh\u00fcller, who built the castle Aichberg in his new home and is said to have connected with one of the most famous Carinthian families, the Schenken von Osterwitz, by marrying a daughter of this house.<\/p>\n<\/div>\n<\/div>\n<\/div>\n\n                                        <\/div>\n            <div class=\"content__box content__box\">\n                                                                    <img decoding=\"async\" class=\"content__image\" src=\"https:\/\/discover-culture.com\/wp-content\/uploads\/Burg_Hochosterwitz.jpg\" alt=\"Hochosterwitz Castle\" loading=\"lazy\">\n                                                        <\/div>\n    <\/div><\/section>\n\n<section id='lightpress__section--block_f638ca0b3d703c10744cf4d31f5dabbb' class='lightpress__section lightpress__section--content'><div class=\"content__grid content__grid--fifty-fifty\">\n    <div class=\"content__box content__box\">\n                                                    <img decoding=\"async\" class=\"content__image\" src=\"https:\/\/discover-culture.com\/wp-content\/uploads\/Familie_Khevenhueller-1.jpg\" alt=\"Family Khevenhueller 1\" loading=\"lazy\">\n                                        <\/div>\n            <div class=\"content__box content__box\">\n                                                                        <p>&nbsp;<\/p>\n<p>Later statements about the appearance of various bearers of the name of Khevenh\u00fcller also come from unreliable sources.<\/p>\n<p>The first reliable document in which the name Khevenh\u00fcller appears is dated 24.07.1330, according to which an Ulreich Khevenh\u00fcller of a family originating from the Upper Palatinate is mentioned.<\/p>\n\n                                                        <\/div>\n    <\/div><\/section>\n\n<section id='lightpress__section--block_47d3630cf11b7ad60122de5d3f9f8b46' class='lightpress__section lightpress__section--content'><div class=\"content__grid content__grid\">\n    <div class=\"content__box content__box--two-thirds\">\n                                                        <p>&nbsp;<\/p>\n<p>&nbsp;<\/p>\n<p>Another document from 1396 testifies to a Villach town judge named Hans Khevenh\u00fcller. It is a fact that the Khevenh\u00fcllers came to Carinthia from Khevenh\u00fcll in the Upper Palatinate in the wake of the bishops of Bamberg as their keepers and cupbearers.<\/p>\n<p>The economically extremely efficient family established itself in Carinthia in the 14th, 15th and 16th centuries and for centuries provided provincial governors and influential commanders. Raised to the hereditary Austrian nobility on 10.01.1572, as Counts of Hohenosterwitz and Annabichl, as well as Hoch- und Wohlgeboren, appointed to the imperial count rank on 27.06.1673.<\/p>\n\n                                        <\/div>\n            <div class=\"content__box content__box\">\n                                                                    <img decoding=\"async\" class=\"content__image\" src=\"https:\/\/discover-culture.com\/wp-content\/uploads\/hans_khevenhueller.jpg\" alt=\"hans khevenhueller\" loading=\"lazy\">\n                                                        <\/div>\n    <\/div><\/section>\n\n<section id='lightpress__section--block_31003057158d0ae934dbc1bbd0694353' class='lightpress__section lightpress__section--card-item-content'><div class=\"card-item\">\n  \n      <picture class=\"card-item__background-image\">\n      <source srcset=\"https:\/\/discover-culture.com\/wp-content\/uploads\/3-Garde-Loewentor2-Hochosterwitz-Garde-Foto-August-Zoebl-2020-198_Web-1024x683-1.webp\" type=\"image\/webp\">\n      <source srcset=\"https:\/\/discover-culture.com\/wp-content\/uploads\/3-Garde-Loewentor2-Hochosterwitz-Garde-Foto-August-Zoebl-2020-198_Web-1024x683-1.jpg\" type=\"image\/jpeg\">\n      <img decoding=\"async\" loading=\"lazy\" src=\"https:\/\/discover-culture.com\/wp-content\/uploads\/3-Garde-Loewentor2-Hochosterwitz-Garde-Foto-August-Zoebl-2020-198_Web-1024x683-1.jpg\" alt=\"3 Guards Loewentor2 Hochosterwitz Guards photo August Zoebl 2020 198 Web 1024x683 1\">\n    <\/picture>\n    <div id='lightpress__section--block_69ed39d1a4a08' class='lightpress__section--content'><div class=\"content__grid content__grid--fifty-fifty\">\n    <div class=\"content__box content__box\">\n                                                        \n                                        <\/div>\n            <div class=\"content__box content__box\">\n                                                                        <p><a class=\"lcyd__button lcyd__button--arrow lcyd__button--light\" href=\"https:\/\/www.burg-hochosterwitz.com\/\" target=\"_blank\" rel=\"noopener\">More information about Hochosterwitz Castle<\/a><\/p>\n\n                                                        <\/div>\n    <\/div><\/div>\n<\/div>\n<\/section>","protected":false},"excerpt":{"rendered":"","protected":false},"featured_media":328,"template":"","meta":{"_acf_changed":false,"_relevanssi_hide_post":"","_relevanssi_hide_content":"","_relevanssi_pin_for_all":"","_relevanssi_pin_keywords":"","_relevanssi_unpin_keywords":"","_relevanssi_related_keywords":"","_relevanssi_related_include_ids":"","_relevanssi_related_exclude_ids":"","_relevanssi_related_no_append":"","_relevanssi_related_not_related":"","_relevanssi_related_posts":"3841,3848,3844,3845,3849","_relevanssi_noindex_reason":""},"product_brand":[],"product_cat":[16],"product_tag":[],"class_list":["product-available","product","first","instock","virtual","sold-individually","taxable","purchasable","product-type-simple"],"bundled_by":[],"bundle_stock_status":"instock","bundle_stock_quantity":null,"bundle_virtual":false,"bundle_layout":"","bundle_add_to_cart_form_location":"","bundle_editable_in_cart":false,"bundle_sold_individually_context":"","bundle_item_grouping":"","bundle_min_size":"","bundle_max_size":"","bundle_price":[],"bundled_items":[],"bundle_sell_ids":[],"acf":[],"yoast_head":"<!-- This site is optimized with the Yoast SEO Premium plugin v25.7.1 (Yoast SEO v26.8) - https:\/\/yoast.com\/product\/yoast-seo-premium-wordpress\/ -->\n<title>Bildergalerie - Discover-Culture<\/title>\n<meta name=\"description\" content=\"Finden Sie hier alle Informationen zum Produkt Bildergalerie und betreten Sie die neue Welt von Kunst und Kultur!\" \/>\n<meta name=\"robots\" content=\"index, follow, max-snippet:-1, max-image-preview:large, max-video-preview:-1\" \/>\n<link rel=\"canonical\" href=\"https:\/\/discover-culture.com\/en\/partner\/burg-hochosterwitz\/touren\/bildergalerie\/\" \/>\n<meta property=\"og:locale\" content=\"en_GB\" \/>\n<meta property=\"og:type\" content=\"article\" \/>\n<meta property=\"og:title\" content=\"Bildergalerie\" \/>\n<meta property=\"og:description\" content=\"Finden Sie hier alle Informationen zum Produkt Bildergalerie und betreten Sie die neue Welt von Kunst und Kultur!\" \/>\n<meta property=\"og:url\" content=\"https:\/\/discover-culture.com\/en\/partner\/burg-hochosterwitz\/touren\/bildergalerie\/\" \/>\n<meta property=\"og:site_name\" content=\"Discover-Culture\" \/>\n<meta property=\"article:modified_time\" content=\"2024-01-22T09:59:29+00:00\" \/>\n<meta property=\"og:image\" content=\"https:\/\/discover-culture.com\/wp-content\/uploads\/Familie_Khevenhueller.jpg\" \/>\n\t<meta property=\"og:image:width\" content=\"1500\" \/>\n\t<meta property=\"og:image:height\" content=\"586\" \/>\n\t<meta property=\"og:image:type\" content=\"image\/jpeg\" \/>\n<meta name=\"twitter:card\" content=\"summary_large_image\" \/>\n<meta name=\"twitter:label1\" content=\"Estimated reading time\" \/>\n\t<meta name=\"twitter:data1\" content=\"1 minute\" \/>\n<script type=\"application\/ld+json\" class=\"yoast-schema-graph\">{\"@context\":\"https:\/\/schema.org\",\"@graph\":[{\"@type\":\"WebPage\",\"@id\":\"https:\/\/discover-culture.com\/partner\/burg-hochosterwitz\/touren\/bildergalerie\/\",\"url\":\"https:\/\/discover-culture.com\/partner\/burg-hochosterwitz\/touren\/bildergalerie\/\",\"name\":\"Bildergalerie - Discover-Culture\",\"isPartOf\":{\"@id\":\"https:\/\/discover-culture.com\/de\/#website\"},\"primaryImageOfPage\":{\"@id\":\"https:\/\/discover-culture.com\/partner\/burg-hochosterwitz\/touren\/bildergalerie\/#primaryimage\"},\"image\":{\"@id\":\"https:\/\/discover-culture.com\/partner\/burg-hochosterwitz\/touren\/bildergalerie\/#primaryimage\"},\"thumbnailUrl\":\"https:\/\/discover-culture.com\/wp-content\/uploads\/Familie_Khevenhueller.jpg\",\"datePublished\":\"2021-06-22T08:51:15+00:00\",\"dateModified\":\"2024-01-22T09:59:29+00:00\",\"description\":\"Finden Sie hier alle Informationen zum Produkt Bildergalerie und betreten Sie die neue Welt von Kunst und Kultur!\",\"breadcrumb\":{\"@id\":\"https:\/\/discover-culture.com\/partner\/burg-hochosterwitz\/touren\/bildergalerie\/#breadcrumb\"},\"inLanguage\":\"en-GB\",\"potentialAction\":[{\"@type\":\"ReadAction\",\"target\":[\"https:\/\/discover-culture.com\/partner\/burg-hochosterwitz\/touren\/bildergalerie\/\"]}]},{\"@type\":\"ImageObject\",\"inLanguage\":\"en-GB\",\"@id\":\"https:\/\/discover-culture.com\/partner\/burg-hochosterwitz\/touren\/bildergalerie\/#primaryimage\",\"url\":\"https:\/\/discover-culture.com\/wp-content\/uploads\/Familie_Khevenhueller.jpg\",\"contentUrl\":\"https:\/\/discover-culture.com\/wp-content\/uploads\/Familie_Khevenhueller.jpg\",\"width\":1500,\"height\":586,\"caption\":\"Familie Khevenhueller\"},{\"@type\":\"BreadcrumbList\",\"@id\":\"https:\/\/discover-culture.com\/partner\/burg-hochosterwitz\/touren\/bildergalerie\/#breadcrumb\",\"itemListElement\":[{\"@type\":\"ListItem\",\"position\":1,\"name\":\"Home\",\"item\":\"https:\/\/discover-culture.com\/\"},{\"@type\":\"ListItem\",\"position\":2,\"name\":\"Produkte\",\"item\":\"https:\/\/discover-culture.com\/de\/shop\/\"},{\"@type\":\"ListItem\",\"position\":3,\"name\":\"Bildergalerie\"}]},{\"@type\":\"WebSite\",\"@id\":\"https:\/\/discover-culture.com\/de\/#website\",\"url\":\"https:\/\/discover-culture.com\/de\/\",\"name\":\"Discover-Culture\",\"description\":\"\",\"potentialAction\":[{\"@type\":\"SearchAction\",\"target\":{\"@type\":\"EntryPoint\",\"urlTemplate\":\"https:\/\/discover-culture.com\/de\/?s={search_term_string}\"},\"query-input\":{\"@type\":\"PropertyValueSpecification\",\"valueRequired\":true,\"valueName\":\"search_term_string\"}}],\"inLanguage\":\"en-GB\"}]}<\/script>\n<!-- \/ Yoast SEO Premium plugin. -->","yoast_head_json":{"title":"Picture gallery - Discover-Culture","description":"Find here all information about the product picture gallery and enter the new world of art and culture!","robots":{"index":"index","follow":"follow","max-snippet":"max-snippet:-1","max-image-preview":"max-image-preview:large","max-video-preview":"max-video-preview:-1"},"canonical":"https:\/\/discover-culture.com\/en\/partner\/burg-hochosterwitz\/touren\/bildergalerie\/","og_locale":"en_GB","og_type":"article","og_title":"Bildergalerie","og_description":"Finden Sie hier alle Informationen zum Produkt Bildergalerie und betreten Sie die neue Welt von Kunst und Kultur!","og_url":"https:\/\/discover-culture.com\/en\/partner\/burg-hochosterwitz\/touren\/bildergalerie\/","og_site_name":"Discover-Culture","article_modified_time":"2024-01-22T09:59:29+00:00","og_image":[{"width":1500,"height":586,"url":"https:\/\/discover-culture.com\/wp-content\/uploads\/Familie_Khevenhueller.jpg","type":"image\/jpeg"}],"twitter_card":"summary_large_image","twitter_misc":{"Estimated reading time":"1 minute"},"schema":{"@context":"https:\/\/schema.org","@graph":[{"@type":"WebPage","@id":"https:\/\/discover-culture.com\/partner\/burg-hochosterwitz\/touren\/bildergalerie\/","url":"https:\/\/discover-culture.com\/partner\/burg-hochosterwitz\/touren\/bildergalerie\/","name":"Picture gallery - Discover-Culture","isPartOf":{"@id":"https:\/\/discover-culture.com\/de\/#website"},"primaryImageOfPage":{"@id":"https:\/\/discover-culture.com\/partner\/burg-hochosterwitz\/touren\/bildergalerie\/#primaryimage"},"image":{"@id":"https:\/\/discover-culture.com\/partner\/burg-hochosterwitz\/touren\/bildergalerie\/#primaryimage"},"thumbnailUrl":"https:\/\/discover-culture.com\/wp-content\/uploads\/Familie_Khevenhueller.jpg","datePublished":"2021-06-22T08:51:15+00:00","dateModified":"2024-01-22T09:59:29+00:00","description":"Find here all information about the product picture gallery and enter the new world of art and culture!","breadcrumb":{"@id":"https:\/\/discover-culture.com\/partner\/burg-hochosterwitz\/touren\/bildergalerie\/#breadcrumb"},"inLanguage":"en-GB","potentialAction":[{"@type":"ReadAction","target":["https:\/\/discover-culture.com\/partner\/burg-hochosterwitz\/touren\/bildergalerie\/"]}]},{"@type":"ImageObject","inLanguage":"en-GB","@id":"https:\/\/discover-culture.com\/partner\/burg-hochosterwitz\/touren\/bildergalerie\/#primaryimage","url":"https:\/\/discover-culture.com\/wp-content\/uploads\/Familie_Khevenhueller.jpg","contentUrl":"https:\/\/discover-culture.com\/wp-content\/uploads\/Familie_Khevenhueller.jpg","width":1500,"height":586,"caption":"Familie Khevenhueller"},{"@type":"BreadcrumbList","@id":"https:\/\/discover-culture.com\/partner\/burg-hochosterwitz\/touren\/bildergalerie\/#breadcrumb","itemListElement":[{"@type":"ListItem","position":1,"name":"Home","item":"https:\/\/discover-culture.com\/"},{"@type":"ListItem","position":2,"name":"Produkte","item":"https:\/\/discover-culture.com\/de\/shop\/"},{"@type":"ListItem","position":3,"name":"Bildergalerie"}]},{"@type":"WebSite","@id":"https:\/\/discover-culture.com\/de\/#website","url":"https:\/\/discover-culture.com\/de\/","name":"Discover-Culture","description":"","potentialAction":[{"@type":"SearchAction","target":{"@type":"EntryPoint","urlTemplate":"https:\/\/discover-culture.com\/de\/?s={search_term_string}"},"query-input":{"@type":"PropertyValueSpecification","valueRequired":true,"valueName":"search_term_string"}}],"inLanguage":"en-GB"}]}},"_links":{"self":[{"href":"https:\/\/discover-culture.com\/en\/wp-json\/wp\/v2\/product\/327","targetHints":{"allow":["GET"]}}],"collection":[{"href":"https:\/\/discover-culture.com\/en\/wp-json\/wp\/v2\/product"}],"about":[{"href":"https:\/\/discover-culture.com\/en\/wp-json\/wp\/v2\/types\/product"}],"wp:featuredmedia":[{"embeddable":true,"href":"https:\/\/discover-culture.com\/en\/wp-json\/wp\/v2\/media\/328"}],"wp:attachment":[{"href":"https:\/\/discover-culture.com\/en\/wp-json\/wp\/v2\/media?parent=327"}],"wp:term":[{"taxonomy":"product_brand","embeddable":true,"href":"https:\/\/discover-culture.com\/en\/wp-json\/wp\/v2\/product_brand?post=327"},{"taxonomy":"product_cat","embeddable":true,"href":"https:\/\/discover-culture.com\/en\/wp-json\/wp\/v2\/product_cat?post=327"},{"taxonomy":"product_tag","embeddable":true,"href":"https:\/\/discover-culture.com\/en\/wp-json\/wp\/v2\/product_tag?post=327"}],"curies":[{"name":"wp","href":"https:\/\/api.w.org\/{rel}","templated":true}]}}