{"id":7433,"date":"2025-03-31T15:05:55","date_gmt":"2025-03-31T13:05:55","guid":{"rendered":"https:\/\/discover-culture.com\/?page_id=7433"},"modified":"2026-03-18T11:11:16","modified_gmt":"2026-03-18T09:11:16","slug":"foerdermoeglichkeiten","status":"publish","type":"page","link":"https:\/\/discover-culture.com\/en\/foerdermoeglichkeiten\/","title":{"rendered":"Funding opportunities"},"content":{"rendered":"<section id='lightpress__section--block_3f5781cbd826f058ec0db931a3a96217' class='lightpress__section lightpress__section--content-hero-new'><div class=\"hero-new\" x-init=\"initSplitting($el)\">\n  <div class=\"hero-new__inner\">\n    <div class=\"hero-new__content\">\n      <div class=\"hero-new__content--inner\">\n        <h1 class=\"hero-new__title\" data-splitting>Funding opportunities for art and cultural organisations<\/h1>\n                  <div class=\"hero-new__description\"><p>Digitalisation opens up new ways for cultural institutions to make their content accessible, expand their audience and create innovative experiences.<\/p>\n<p>\u00a0<\/p>\n<\/p>\n<p>Funding programmes offer valuable support in shaping the digital transformation in a sustainable way.<\/p>\n<p>\u00a0<\/p>\n<p>Use this opportunity to future-proof your cultural heritage!<\/p>\n<\/div>\n                      <\/div>\n    <\/div>\n\n          <div class=\"atropos hero-new__media\" x-init=\"initHeroEffect($el)\">\n        <div class=\"atropos-scale\">\n          <div class=\"atropos-rotate\">\n            <div class=\"atropos-inner\">\n                            <img decoding=\"async\" class=\"hero-new__media--bg\" src=\"https:\/\/discover-culture.com\/wp-content\/uploads\/3d-raum-home.png\" alt=\"3d room home\" data-atropos-offset=\"-3\"\/>\n\n                            <img decoding=\"async\" class=\"hero-new__media--fg\" src=\"https:\/\/discover-culture.com\/wp-content\/uploads\/besucherin-02.png\" alt=\"visitor 02\" data-atropos-offset=\"3\"\/>\n            <\/div>\n          <\/div>\n        <\/div>\n      <\/div>\n    \n  <\/div>\n<\/div><\/section>\n\n<section id='lightpress__section--block_6ea0c3738ad7d00335ee06cfbe5a9173' class='lightpress__section lightpress__section--spacer'><div style=\"width: 100%; max-width: var(--max-content-width); margin: 0 auto px;\">\n  <\/div><\/section>\n\n<section id='lightpress__section--block_fd8f9bdafc0685b88ff5aa802cf12fb5' class='lightpress__section lightpress__section--content'><div class=\"content__grid content__grid\">\n    <div class=\"content__box content__box--two-thirds content__box--text-center\">\n                                                        <h3>Lower Austria State Museum Funding:<\/h3>\n<h4>Rethinking museums between the digital world and real experiences<\/p>\n<\/h4>\n<p>Arts and cultural offerings should also be visible and accessible in the digital space in order to open up new educational access, appeal to additional user groups and strengthen interest in real-life cultural experiences.<\/p>\n<p>\u00a0<\/p>\n<p><a class=\"lcyd__button lcyd__button--animate lcyd__button--arrow lcyd__button--animate\" href=\"https:\/\/www.noemuseen.at\/museumsfoerderungen\/\" target=\"_blank\" rel=\"noopener\">Museum funding Lower Austria<\/a><\/p>\n\n                                        <\/div>\n            <div class=\"content__box content__box\">\n                                                                        <p><a href=\"https:\/\/www.noemuseen.at\/\" target=\"_blank\" rel=\"noopener\"><img decoding=\"async\" src=\"https:\/\/discover-culture.com\/wp-content\/uploads\/Logo_NOE_Museumsmanagement.jpg\" alt=\"Logo NOE Museum Management\" width=\"333\" height=\"152\" \/><\/a><\/p>\n<h4>Consultancy :<\/h4>\n<p>Ulrike Vitovec <br \/>Petra Gartner-Steurer <\/p>\n<p><a href=\"https:\/\/www.noemuseen.at\/museumsfoerderungen\/\" target=\"_blank\" rel=\"noopener\">Museum Management Lower Austria GmbH<\/a> <br \/>New Herrengasse 10 <br \/>3100 St. P\u00f6lten <\/p>\n<p><a class=\"lcyd__button lcyd__button--animate lcyd__button--arrow lcyd__button--animate\" href=\"mailto:foerderungen@noemuseen.at\" target=\"_blank\" rel=\"noopener\">foerderungen@noemuseen.at<\/a><\/p>\n\n                                                        <\/div>\n    <\/div><\/section>\n\n<section id='lightpress__section--block_acc274983765366de73be95ab0dacef3' class='lightpress__section lightpress__section--spacer'><div style=\"width: 100%; max-width: var(--max-content-width); margin: 0 auto 1px;\">\n      <hr>\n  <\/div><\/section>\n\n<section id='lightpress__section--block_71de0f747279f44fe1a2ecd64733fc21' class='lightpress__section lightpress__section--content'><div class=\"content__grid content__grid\">\n    <div class=\"content__box content__box--one-hundred\">\n                                                        <h3>The EU funding programme LEADER in Austria<\/h3>\n<p>LEADER has been supporting active regional development in Austrian regions since the country joined the EU. <\/p>\n<p>LEADER enables the population to utilise local development potential themselves and to maintain and improve the quality of life through initiatives tailored to the region.<\/p>\n<p>In the 2023-2027 funding period, 83 regions are already committed to strengthening rural areas.\u00a0<\/p>\n<p><a class=\"lcyd__button lcyd__button--animate lcyd__button--arrow lcyd__button--animate\" href=\"https:\/\/www.zukunftsraumland.at\/themen\/leader\/\" target=\"_blank\" rel=\"noopener\">-&gt; More information<\/a><\/p>\n\n                                        <\/div>\n    <\/div><\/section>\n\n<section id='lightpress__section--block_42447fe1a7a1e50a264b45ae1e6e474b' class='lightpress__section lightpress__section--spacer'><div style=\"width: 100%; max-width: var(--max-content-width); margin: 0 auto 2px;\">\n      <hr>\n  <\/div><\/section>\n\n<section id='lightpress__section--block_63d1cd34de43d92a428bbe8d2def63f1' class='lightpress__section lightpress__section--content'><div class=\"content__grid content__grid--fifty-fifty\">\n    <div class=\"content__box content__box\">\n                                                        <h4>Leader Region Ennstal-Ausseerland: Cultural institutions bridge the gap between the real and digital cultural experience.<\/h4>\n<p>The Ennstal-Ausseerland Leader Region has supported 14 regional cultural institutions in virtualising their exhibitions and integrating them into the Discover Culture network. <\/p>\n<p>This pioneering project not only strengthens the individual cultural institutions, but also connects them in a strong digital cultural network. By combining real and digital cultural experiences, regional culture is secured for the future and made accessible to a wider audience. <\/p>\n<p>With the support of Leader in this initiative, the region is demonstrating how cultural businesses can take advantage of the opportunities offered by digitalisation. <\/p>\n<p>Discover Culture invites all Austrian cultural institutions to network and to explore new ways of cultural mediation together! <\/p>\n<p>\ud83d\udc49 <a class=\"lcyd__button lcyd__button--animate lcyd__button--arrow lcyd__button--animate\" href=\"https:\/\/discover-culture.com\/en\/kultur-regional\/\" target=\"_blank\" rel=\"noopener\">Culture.Regional.Digital<\/a><\/p>\n\n                                        <\/div>\n            <div class=\"content__box content__box\">\n                                                                    <img decoding=\"async\" class=\"content__image\" src=\"https:\/\/discover-culture.com\/wp-content\/uploads\/DC_Museen_Ennstal_Ausseerland_final.png\" alt=\"DC Museums Ennstal Ausseerland final\" loading=\"lazy\">\n                                                        <\/div>\n    <\/div><\/section>\n\n<section id='lightpress__section--block_acc274983765366de73be95ab0dacef3' class='lightpress__section lightpress__section--spacer'><div style=\"width: 100%; max-width: var(--max-content-width); margin: 0 auto 1px;\">\n      <hr>\n  <\/div><\/section>","protected":false},"excerpt":{"rendered":"","protected":false},"author":18,"featured_media":507,"parent":0,"menu_order":0,"comment_status":"closed","ping_status":"closed","template":"","meta":{"_acf_changed":false,"_relevanssi_hide_post":"","_relevanssi_hide_content":"","_relevanssi_pin_for_all":"","_relevanssi_pin_keywords":"","_relevanssi_unpin_keywords":"","_relevanssi_related_keywords":"","_relevanssi_related_include_ids":"","_relevanssi_related_exclude_ids":"","_relevanssi_related_no_append":"","_relevanssi_related_not_related":"","_relevanssi_related_posts":"3849,3841,3844,3848,3845","_relevanssi_noindex_reason":"WooCommerce Yoast SEO Relevanssi index exclude","footnotes":""},"class_list":[],"acf":[],"yoast_head":"<!-- This site is optimized with the Yoast SEO Premium plugin v25.7.1 (Yoast SEO v26.8) - https:\/\/yoast.com\/product\/yoast-seo-premium-wordpress\/ -->\n<title>F\u00f6rderm\u00f6glichkeiten - Discover-Culture<\/title>\n<meta name=\"description\" content=\"F\u00f6rderm\u00f6glichkeiten\" \/>\n<meta name=\"robots\" content=\"index, follow, max-snippet:-1, max-image-preview:large, max-video-preview:-1\" \/>\n<link rel=\"canonical\" href=\"https:\/\/discover-culture.com\/en\/foerdermoeglichkeiten\/\" \/>\n<meta property=\"og:locale\" content=\"en_GB\" \/>\n<meta property=\"og:type\" content=\"article\" \/>\n<meta property=\"og:title\" content=\"F\u00f6rderm\u00f6glichkeiten\" \/>\n<meta property=\"og:description\" content=\"F\u00f6rderm\u00f6glichkeiten\" \/>\n<meta property=\"og:url\" content=\"https:\/\/discover-culture.com\/en\/foerdermoeglichkeiten\/\" \/>\n<meta property=\"og:site_name\" content=\"Discover-Culture\" \/>\n<meta property=\"article:modified_time\" content=\"2026-03-18T09:11:16+00:00\" \/>\n<meta property=\"og:image\" content=\"https:\/\/discover-culture.com\/wp-content\/uploads\/partner-werden-scaled.jpg\" \/>\n\t<meta property=\"og:image:width\" content=\"2560\" \/>\n\t<meta property=\"og:image:height\" content=\"1440\" \/>\n\t<meta property=\"og:image:type\" content=\"image\/jpeg\" \/>\n<meta name=\"twitter:card\" content=\"summary_large_image\" \/>\n<meta name=\"twitter:label1\" content=\"Estimated reading time\" \/>\n\t<meta name=\"twitter:data1\" content=\"1 minute\" \/>\n<script type=\"application\/ld+json\" class=\"yoast-schema-graph\">{\"@context\":\"https:\/\/schema.org\",\"@graph\":[{\"@type\":\"WebPage\",\"@id\":\"https:\/\/discover-culture.com\/foerdermoeglichkeiten\/\",\"url\":\"https:\/\/discover-culture.com\/foerdermoeglichkeiten\/\",\"name\":\"F\u00f6rderm\u00f6glichkeiten - Discover-Culture\",\"isPartOf\":{\"@id\":\"https:\/\/discover-culture.com\/de\/#website\"},\"primaryImageOfPage\":{\"@id\":\"https:\/\/discover-culture.com\/foerdermoeglichkeiten\/#primaryimage\"},\"image\":{\"@id\":\"https:\/\/discover-culture.com\/foerdermoeglichkeiten\/#primaryimage\"},\"thumbnailUrl\":\"https:\/\/discover-culture.com\/wp-content\/uploads\/partner-werden-scaled.jpg\",\"datePublished\":\"2025-03-31T13:05:55+00:00\",\"dateModified\":\"2026-03-18T09:11:16+00:00\",\"description\":\"F\u00f6rderm\u00f6glichkeiten\",\"breadcrumb\":{\"@id\":\"https:\/\/discover-culture.com\/foerdermoeglichkeiten\/#breadcrumb\"},\"inLanguage\":\"en-GB\",\"potentialAction\":[{\"@type\":\"ReadAction\",\"target\":[\"https:\/\/discover-culture.com\/foerdermoeglichkeiten\/\"]}]},{\"@type\":\"ImageObject\",\"inLanguage\":\"en-GB\",\"@id\":\"https:\/\/discover-culture.com\/foerdermoeglichkeiten\/#primaryimage\",\"url\":\"https:\/\/discover-culture.com\/wp-content\/uploads\/partner-werden-scaled.jpg\",\"contentUrl\":\"https:\/\/discover-culture.com\/wp-content\/uploads\/partner-werden-scaled.jpg\",\"width\":2560,\"height\":1440,\"caption\":\"partner werden scaled\"},{\"@type\":\"BreadcrumbList\",\"@id\":\"https:\/\/discover-culture.com\/foerdermoeglichkeiten\/#breadcrumb\",\"itemListElement\":[{\"@type\":\"ListItem\",\"position\":1,\"name\":\"Home\",\"item\":\"https:\/\/discover-culture.com\/\"},{\"@type\":\"ListItem\",\"position\":2,\"name\":\"F\u00f6rderm\u00f6glichkeiten\"}]},{\"@type\":\"WebSite\",\"@id\":\"https:\/\/discover-culture.com\/de\/#website\",\"url\":\"https:\/\/discover-culture.com\/de\/\",\"name\":\"Discover-Culture\",\"description\":\"\",\"potentialAction\":[{\"@type\":\"SearchAction\",\"target\":{\"@type\":\"EntryPoint\",\"urlTemplate\":\"https:\/\/discover-culture.com\/de\/?s={search_term_string}\"},\"query-input\":{\"@type\":\"PropertyValueSpecification\",\"valueRequired\":true,\"valueName\":\"search_term_string\"}}],\"inLanguage\":\"en-GB\"}]}<\/script>\n<!-- \/ Yoast SEO Premium plugin. -->","yoast_head_json":{"title":"Funding opportunities - Discover-Culture","description":"Funding opportunities","robots":{"index":"index","follow":"follow","max-snippet":"max-snippet:-1","max-image-preview":"max-image-preview:large","max-video-preview":"max-video-preview:-1"},"canonical":"https:\/\/discover-culture.com\/en\/foerdermoeglichkeiten\/","og_locale":"en_GB","og_type":"article","og_title":"F\u00f6rderm\u00f6glichkeiten","og_description":"F\u00f6rderm\u00f6glichkeiten","og_url":"https:\/\/discover-culture.com\/en\/foerdermoeglichkeiten\/","og_site_name":"Discover-Culture","article_modified_time":"2026-03-18T09:11:16+00:00","og_image":[{"width":2560,"height":1440,"url":"https:\/\/discover-culture.com\/wp-content\/uploads\/partner-werden-scaled.jpg","type":"image\/jpeg"}],"twitter_card":"summary_large_image","twitter_misc":{"Estimated reading time":"1 minute"},"schema":{"@context":"https:\/\/schema.org","@graph":[{"@type":"WebPage","@id":"https:\/\/discover-culture.com\/foerdermoeglichkeiten\/","url":"https:\/\/discover-culture.com\/foerdermoeglichkeiten\/","name":"Funding opportunities - Discover-Culture","isPartOf":{"@id":"https:\/\/discover-culture.com\/de\/#website"},"primaryImageOfPage":{"@id":"https:\/\/discover-culture.com\/foerdermoeglichkeiten\/#primaryimage"},"image":{"@id":"https:\/\/discover-culture.com\/foerdermoeglichkeiten\/#primaryimage"},"thumbnailUrl":"https:\/\/discover-culture.com\/wp-content\/uploads\/partner-werden-scaled.jpg","datePublished":"2025-03-31T13:05:55+00:00","dateModified":"2026-03-18T09:11:16+00:00","description":"Funding opportunities","breadcrumb":{"@id":"https:\/\/discover-culture.com\/foerdermoeglichkeiten\/#breadcrumb"},"inLanguage":"en-GB","potentialAction":[{"@type":"ReadAction","target":["https:\/\/discover-culture.com\/foerdermoeglichkeiten\/"]}]},{"@type":"ImageObject","inLanguage":"en-GB","@id":"https:\/\/discover-culture.com\/foerdermoeglichkeiten\/#primaryimage","url":"https:\/\/discover-culture.com\/wp-content\/uploads\/partner-werden-scaled.jpg","contentUrl":"https:\/\/discover-culture.com\/wp-content\/uploads\/partner-werden-scaled.jpg","width":2560,"height":1440,"caption":"partner werden scaled"},{"@type":"BreadcrumbList","@id":"https:\/\/discover-culture.com\/foerdermoeglichkeiten\/#breadcrumb","itemListElement":[{"@type":"ListItem","position":1,"name":"Home","item":"https:\/\/discover-culture.com\/"},{"@type":"ListItem","position":2,"name":"F\u00f6rderm\u00f6glichkeiten"}]},{"@type":"WebSite","@id":"https:\/\/discover-culture.com\/de\/#website","url":"https:\/\/discover-culture.com\/de\/","name":"Discover-Culture","description":"","potentialAction":[{"@type":"SearchAction","target":{"@type":"EntryPoint","urlTemplate":"https:\/\/discover-culture.com\/de\/?s={search_term_string}"},"query-input":{"@type":"PropertyValueSpecification","valueRequired":true,"valueName":"search_term_string"}}],"inLanguage":"en-GB"}]}},"_links":{"self":[{"href":"https:\/\/discover-culture.com\/en\/wp-json\/wp\/v2\/pages\/7433","targetHints":{"allow":["GET"]}}],"collection":[{"href":"https:\/\/discover-culture.com\/en\/wp-json\/wp\/v2\/pages"}],"about":[{"href":"https:\/\/discover-culture.com\/en\/wp-json\/wp\/v2\/types\/page"}],"author":[{"embeddable":true,"href":"https:\/\/discover-culture.com\/en\/wp-json\/wp\/v2\/users\/18"}],"replies":[{"embeddable":true,"href":"https:\/\/discover-culture.com\/en\/wp-json\/wp\/v2\/comments?post=7433"}],"version-history":[{"count":23,"href":"https:\/\/discover-culture.com\/en\/wp-json\/wp\/v2\/pages\/7433\/revisions"}],"predecessor-version":[{"id":7790,"href":"https:\/\/discover-culture.com\/en\/wp-json\/wp\/v2\/pages\/7433\/revisions\/7790"}],"wp:featuredmedia":[{"embeddable":true,"href":"https:\/\/discover-culture.com\/en\/wp-json\/wp\/v2\/media\/507"}],"wp:attachment":[{"href":"https:\/\/discover-culture.com\/en\/wp-json\/wp\/v2\/media?parent=7433"}],"curies":[{"name":"wp","href":"https:\/\/api.w.org\/{rel}","templated":true}]}}