{"id":388,"date":"2021-06-23T10:07:35","date_gmt":"2021-06-23T08:07:35","guid":{"rendered":"https:\/\/discover-culture.com\/?page_id=388"},"modified":"2021-06-29T15:37:03","modified_gmt":"2021-06-29T13:37:03","slug":"digitalisierungssommer","status":"publish","type":"page","link":"https:\/\/discover-culture.com\/en\/digitalisierungssommer\/","title":{"rendered":"Digitization Summer 2021"},"content":{"rendered":"<section id='lightpress__section--block_60d323da661bc' class='lightpress__section lightpress__section--background-image-content'><div class=\"bic__container\">\n    \n    <picture class=\"bic__image\" >\n        <source srcset=\"https:\/\/discover-culture.com\/wp-content\/uploads\/digitalisierungssommer-2021-1920x965-c-center.webp\" type=\"image\/webp\">\n        <source srcset=\"https:\/\/discover-culture.com\/wp-content\/uploads\/digitalisierungssommer-2021-1920x965-c-center.jpg\" type=\"image\/jpeg\">\n\n        <img decoding=\"async\" loading=\"lazy\" src=\"https:\/\/discover-culture.com\/wp-content\/uploads\/digitalisierungssommer-2021-1920x965-c-center.jpg\" alt=\"digitalisierungssommer 2021\">\n    <\/picture>\n\n    <div class=\"fullscreen-image__clip-path\">\n    <\/div>\n\n    <div id='lightpress__section--block_69d6507abc64f' class='bic_content lightpress__section--content'><div class=\"content__grid content__grid\">\n    <div class=\"content__box content__box--one-hundred\">\n                                                        <div id=\"block-0a96edd7-962c-4b4b-bf30-de0838a4adb1\" class=\"block-editor-block-list__block wp-block is-selected\" tabindex=\"0\" role=\"group\" aria-label=\"Block: Inhalt\" data-block=\"0a96edd7-962c-4b4b-bf30-de0838a4adb1\" data-type=\"acf\/content\" data-title=\"Inhalt\">\n<div class=\"acf-block-component acf-block-body\">\n<div class=\"acf-block-preview\">\n<section id=\"lightpress__section--block_60d2ebb0e7a6b\" class=\"lightpress__section lightpress__section--content\">\n<div class=\"content__grid content__grid\">\n<div class=\"content__box content__box--one-hundred\">\n<h1>Wir f\u00f6rdern \u00f6sterreichische Kunst &amp; Kultur<\/h1>\n<h4>Nimm Teil am Digitalisierungssommer 2021<\/h4>\n<p><a class=\"lcyd__button lcyd__button--arrow \" href=\"https:\/\/discover-culture.com\/de\/digitalisierungssommer\/#partner-werden\">Jetzt Registrieren<\/a><\/p>\n<\/div>\n<\/div>\n<\/section>\n<\/div>\n<\/div>\n<\/div>\n\n                                        <\/div>\n    <\/div><\/div>\n<\/div><\/section>\n\n<section id='lightpress__section--block_60d2ebb0e7a6b' class='lightpress__section lightpress__section--content'><div class=\"content__grid content__grid\">\n    <div class=\"content__box content__box--one-hundred\">\n                                                        <h3>F\u00f6rderprogramm Digitalisierungssommer 2021<\/h3>\n\n                                        <\/div>\n    <\/div><\/section>\n\n<section id='lightpress__section--block_60d32610ad7ef' class='lightpress__section lightpress__section--content'><div class=\"content__grid content__grid--fifty-fifty\">\n    <div class=\"content__box content__box\">\n                                                        <p>Um heimische Kultureinrichtungen in der Vorbereitung auf die Hochsaison zu unterst\u00fctzen haben wir das F\u00f6rderprogramm \u201eDigitalisierungssommer\u201c ins Leben gerufen. \u00d6sterreichische Museen und Kultureinrichtungen haben hiermit die M\u00f6glichkeit, kostenlose Teilnehmer des internationalen Kulturnetzwerkes zu werden und erhalten Unterst\u00fctzung im Digitalisierungsbereich um neue Kommunikationswege zu er\u00f6ffnen.<\/p>\n<p>Die Kulturplattform Discover Culture f\u00f6rdert einerseits den Austausch zwischen Kultureinrichtungen und bietet Wege an, den traditionellen Museums- oder Einrichtungsbesuch durch digitale Inhalte zu erweitern und diese im internationalen Vertriebsnetzwerk anzubieten. Im Rahmen des Digitalisierungssommers k\u00f6nnen Kulturinstitutionen der Plattform kostenlos beitreten und gratis einen ersten Schritt in Richtung Digitalisierung setzen.<\/p>\n\n                                        <\/div>\n            <div class=\"content__box content__box\">\n                                                                    <img decoding=\"async\" class=\"content__image\" src=\"https:\/\/discover-culture.com\/wp-content\/uploads\/museum-digital-1.png\" alt=\"museum digital 1\" loading=\"lazy\">\n                                                        <\/div>\n    <\/div><\/section>\n\n<section id='lightpress__section--block_60d346eb9e841' class='lightpress__section lightpress__section--card-item-content'><div class=\"card-item\">\n  \n    <div id='lightpress__section--block_69d6507ace89c' class='lightpress__section--content'><div class=\"content__grid content__grid\">\n    <div class=\"content__box content__box--two-thirds\">\n                                                        <h4>Exklusives Angebot f\u00fcr \u00f6sterreichische Kultureinrichtungen**:<\/h4>\n<ul>\n<li>Verg\u00fcnstigte Landingpage auf discover-culture.com<\/li>\n<li>Exklusiver Rabatt auf das Discover Culture Partner-Programm<\/li>\n<li>Kostenlose Digitalisierungsberatung im Rahmen der Umsetzung<\/li>\n<li>Kostenlose 3D-Virtualisierung Level \u201eStarterpaket\u201c*<\/li>\n<li>Teilnahme an organischen Marketingma\u00dfnahmen<\/li>\n<li>Einmalige Teilnehmerpr\u00e4sentation \u00fcber die Online-Kan\u00e4le<\/li>\n<li>Einmalige kostenlose Anzeige im Discover Culture Kultur-Newsletter<\/li>\n<\/ul>\n<p><em>* die Starterpaket-Visualisierung beinhaltet einen Scan der vor Ort an einem frei w\u00e4hlbaren Punkt durchgef\u00fchrt wird sowie das Hosting der Virtualisierung. Hierbei handelt es sich um ein limitiertes Programm, es gilt das first-come-first-served Prinzip.<\/em><\/p>\n<p><em>** Teilnahmeberechtigt sind alle \u00f6sterreichischen Museen und Kultureinrichtungen<\/em><\/p>\n\n                                        <\/div>\n            <div class=\"content__box content__box\">\n                                                                        \n                                                        <\/div>\n    <\/div><\/div>\n<\/div>\n<\/section>\n\n<section id='lightpress__section--block_60d347099e842' class='lightpress__section lightpress__section--content'><div class=\"content__grid content__grid\">\n    <div class=\"content__box content__box--one-hundred\">\n                                                        <h4><strong>Jetzt f\u00fcr den Digitalisierungssommer anmelden und das<\/strong> exklusive<strong> Angebot n\u00fctzen!<\/strong><\/h4>\n\n                                        <\/div>\n    <\/div><\/section>\n\n<section id='lightpress__section--block_60d58a77c0a35' class='lightpress__section lightpress__section--forms'><div class=\"forms-block\">\n    <div id=\"partner-werden\">\n        <script>jQuery(\"#become_a_partner_69d6507ad7ed0\").find(\"input\").prop(\"disabled\", true);jQuery(\"#become_a_partner_69d6507ad7ed0\").find(\"textarea\").prop(\"disabled\", true);<\/script>\t\t\t\t<form id=\"become_a_partner_69d6507ad7ed0\" class=\"lightpress__form become-partner__form\" action=\"https:\/\/discover-culture.com\/en\/wp-json\/lightpress\/formsubmit\/become-a-partner\" method=\"post\"> \t\t\t\t\t<div id=\"acf-form-data\" class=\"acf-hidden\"> \t\t<input type=\"hidden\" id=\"_acf_screen\" name=\"_acf_screen\" value=\"acf_form\"\/><input type=\"hidden\" id=\"_acf_post_id\" name=\"_acf_post_id\" value=\"block_60d58a77c0a35\"\/><input type=\"hidden\" id=\"_acf_validation\" name=\"_acf_validation\" value=\"1\"\/><input type=\"hidden\" id=\"_acf_form\" name=\"_acf_form\" value=\"N3liNTdCLzBYbFhWSUZZWjcvQWdDZ1lOYkpod2VmdW1HZ1dwOWh4ajRNQytMSnVFS1JzWFhkSjdSaDA1S0xUR0ZhdnNKT3M2dW5ma0VmMEFvcFN3RWUweHJUTVk1aTVROUtVNGlMWk9KSGoyb0UwK2JEbkY4MHRRTEhvV2ZZWkhzR2thaEg5dFdNRjdsSVczR2YxK1BVcTFoUm9SUDlaY2ZXRXFtekp3L1Nyd0hlQjJUWHBJZU5TV0ZZWDRaVC9zczFWNjlNUVIvV1BiRko5cTZobWY5R2d1RURaYmM3TjB3T1NGbHBBYUVldXN2d0M1Mm0wSFR5aVIzcFJCTGczM2pManlWOGpCNmNXaUgzcTVJZ1hBeURXNmNRZ2duajhUL242b2N3Y3ZHOTFMUEVaSmlVdG00bFJ2ZHN1YW1CUmNBZm4vNkUvS3VIeUdncDVCVEVtREZGNnYrM0R4d2RRVE8yVHRneTl6ZVQ4b0xKc29ERk14VEtFekw5bGlqMFBGb3ZiRnJZOVpoQkJZQTRPbDQ1SzYwalFKMmhpOXM1S2s5ZHl1TEZtL2JPQVRqUm9LcGNtWXc1bGpXdXhwSWdaZzVtUDlWcDl0MXZhVlFwWkFFbDF3VUNLM0V4MnBJME9DVFdMalJydkFHSDRpSzV6QVNXQWprbVM1ekpXU09zejlXN3JPTmJCK1BNcWdYRTUzbEZLMlhpbk5VMi9LMDUvMlFOVnlCRk1WK0I3MXlleHNRcmp6RVREV0c3S25wU3RmTk8vZGhKMnE5VkRNUDJiVlBFU2RCcVgrdVVseGtJZFFEb1BSRnljTlNOSWNaaVlEa3dWbXYyemluLzlXeCtBSFV2dHEvZ3k3VFNSaDNZanBsanVHTXRVU2dhdFBqb0J0MlRuWkQ3WW0wMWJ1bnpGOGVnWi9hRFBRT2c4WmZhSldGZVVFclpjN05jcmRENkVJc0QzRVlDUHB6QmlKQWZtSzBHTE90OFBvQU16RUYzQ3JtMlQ5aFNHWVNYMVF3ckIzaEg4SkJnczdHNHRKSllvZE1TcVd0bUhYS1plbHJCcmNVMUVKVGN2MVlTZ0xOSTVRYjJ6RmkwSjBKUzA1cjlHZWJIVHNWSkpQUmlIc1lyQkRVclR3cEM2Q1lkRVExOCtoTkhiRmNDUmp6SGI1QzcvVnVzeXk1TFAyMVUzRGpIaHMyMmMxUjlNSVVDNVU3VmpnMWxUOEI5aEk1Y2hXbHRTTGhrcTNLNFBVblc1ZytEcTc2WldLWGZqcHdHUWJNTzdyT3U0Sks1SEVnOHNmcWp5dUtSZGZ3a0FEWVFrdkhmbnAxbjRUY1BtSFRuOW5uS3l6WE5ueHpaQ2p6dUhvTkl5cGZFWnhRYWx6RUxvd3RQRXM2OHpTYmUvSmxVUTR6YW4vWmVxRlc1MDJJTWlZTXdxZDcrNEpOMVBNL3Fyd2ZhbEttVmdXSzlPcEtJb014d0JOd3JpcEJodjNXYVNMWVB2bzdCMXJSa3d5Rk12aDhoSElqZGpwWjMyc0hTNnZNQkFwbmsrUVAvUWh6SmxMQk16K0FKWktNeTJZbTdYb1NkRFV1MmpPYXpxZVBBY2xyanlFQXhDWkRPb0xDaENyL3JoN0k2TStqZmZmYTd1a0pjNVduNDZnWHRXTUZETFJXRjF4a1VFVUZ2NjBYaDlxdDAyL2FNdnM4U1Q3SjRRSVU2STJXa29JL05zWlBVS0MybEhpdVU0bVc1R0JvMmpsUlJPaHk2aDJhbmJTWmtaamJmdTNSTnZmc3pBTlczU0NsMlBaS1V1ekJqWkhZY3FIV2RRODRYeFpCR1h2c2htTEgyMG5hNWxtNkJTMWsxMlZla01VdGRJQWZsZGtvMnNFbG12NFV5SmlMdFRJbG5SWmUremo2UnNOWkJQcDlKbVg0d3RWZzdRUm5KdTJFT0VyaHlrU2tadW1ISkV3U3lIN1N0alVYd3ByV2c0WFFIWkpOZ3Bkd1FvVnVnSTlCWk5HZjkyTU5taUkxZWs2L3lCV0tLTDJIa1lQYTNpbmcxT3ZpbmRBN2xhdWNZMllxdUU3VGhONUJ2NU1uS254eWc4WVA4MEZod2xyL08xMlErOFQxMEwyNks1bUpueVFZZUNoZVRjWDlGcVo4SG1mcHVRWjRDUHFCVyt3aTArKzZJZllSa1dCbHg0WWQyc3R4MDRUTDhEVzAwTUYwQVg5SG5GU1l6eHZkTUV4emd3WUxXVVpuY3NDU0tqc0xUMWdSeFRSMnBoNUVKRkFrcGcyQ0FNcmJEblVXTk9ReDJFOU4xQWtVY08rRUNXTHNjM3BHWjZ0K2xnVUdYM2Fadkd3RHRXR3c1NEw0RUZjaVI5bDlLdHJXSzJWUEgwS0ttN2tOR3pWYUpjZzo6y1baJic5XFNU1XaxnJD3oQ==\"\/><input type=\"hidden\" id=\"_acf_nonce\" name=\"_acf_nonce\" value=\"f31d18e2fc\"\/><input type=\"hidden\" id=\"_acf_changed\" name=\"_acf_changed\" value=\"0\"\/>\t<\/div> \t\t\t\t<div class=\"acf-fields acf-form-fields -top\"> \t\t\t\t<input type=\"hidden\" name=\"acf[am1Sd9S3-018nJSld-Lnd2iF284czoxODoiZmllbGRfdXNlc19jYXB0Y2hhIjs=]\" value=\"GjtSNCPu55Yv0XeS66dzFsTxofo2dIoaOJhAcTcMP0Y9YlHebZOEfjb5J%2F6nmLvUsLR5xDF4uFjzJJA5Kvqhxw%3D%3D\">\t\t\t\t<div class=\"acf-field acf-field-select acf-field-program\" style=\"width:100%;\" data-name=\"program\" data-type=\"select\" data-key=\"field_program\" data-width=\"100\"> <div class=\"acf-label\"> <label for=\"acf-field_program\">Ich interessiere mich f\u00fcr (Bitte ausw\u00e4hlen)<\/label><\/div> <div class=\"acf-input\"> <select id=\"acf-field_program\" class=\"\" name=\"acf[field_program]\" data-ui=\"0\" data-ajax=\"0\" data-multiple=\"0\" data-placeholder=\"Select\" data-allow_null=\"0\"><option value=\"platform_partner\">Discover-Culture Partner<\/option><option value=\"platform_sponsor\">Discover-Culture Sponsor<\/option><\/select><\/div> <\/div> <div class=\"acf-field acf-field-email acf-field-become-partner-email is-required\" style=\"width:100%;\" data-name=\"become_partner_email\" data-type=\"email\" data-key=\"field_become_partner_email\" data-required=\"1\" data-width=\"100\"> <div class=\"acf-label\"> <label for=\"acf-field_become_partner_email\">E-Mail Adresse <span class=\"acf-required\">*<\/span><\/label><\/div> <div class=\"acf-input\"> <div class=\"acf-input-wrap\"><input type=\"email\" id=\"acf-field_become_partner_email\" name=\"acf[field_become_partner_email]\" required=\"required\"\/><\/div><\/div> <\/div> <div class=\"acf-field acf-field-text acf-field-phone\" style=\"width:100%;\" data-name=\"phone\" data-type=\"text\" data-key=\"field_phone\" data-width=\"100\"> <div class=\"acf-label\"> <label for=\"acf-field_phone\">Telefon (optional)<\/label><\/div> <div class=\"acf-input\"> <div class=\"acf-input-wrap\"><input type=\"text\" id=\"acf-field_phone\" name=\"acf[field_phone]\"\/><\/div><\/div> <\/div> <div class=\"acf-field acf-field-textarea acf-field-message\" style=\"width:100%;\" data-name=\"message\" data-type=\"textarea\" data-key=\"field_message\" data-width=\"100\"> <div class=\"acf-label\"> <label for=\"acf-field_message\">Nachricht<\/label><\/div> <div class=\"acf-input\"> <textarea id=\"acf-field_message\" name=\"acf[field_message]\" rows=\"8\"><\/textarea><\/div> <\/div> <div class=\"acf-field acf-field-true-false acf-field-gdpr-consent-given is-required\" style=\"width:100%;\" data-name=\"gdpr_consent_given\" data-type=\"true_false\" data-key=\"field_gdpr_consent_given\" data-required=\"1\" data-width=\"100\"> <div class=\"acf-label\"> <label for=\"acf-field_gdpr_consent_given\"> <span class=\"acf-required\">*<\/span><\/label><\/div> <div class=\"acf-input\"> <div class=\"acf-true-false\"> \t\t\t<input type=\"hidden\" name=\"acf[field_gdpr_consent_given]\" value=\"0\"\/>\t<label> \t\t<input type=\"checkbox\" id=\"acf-field_gdpr_consent_given\" name=\"acf[field_gdpr_consent_given]\" value=\"1\" class=\"\" autocomplete=\"off\"\/> \t\t\t\t\t\t\t\t\t\t<span class=\"message\">I have read and accepted the <a href=\"https:\/\/discover-culture.com\/en\/datenschutzerklaerung\/\">Privacy policy<\/a>.<\/span>\t<\/label> <\/div> \t\t\t<\/div> <\/div> <div class=\"acf-field acf-field-text acf-field--validate-email\" style=\"display:none !important;\" data-name=\"_validate_email\" data-type=\"text\" data-key=\"_validate_email\"> <div class=\"acf-label\"> <label for=\"acf-_validate_email\">Validate Email<\/label><\/div> <div class=\"acf-input\"> <div class=\"acf-input-wrap\"><input type=\"text\" id=\"acf-_validate_email\" name=\"acf[_validate_email]\"\/><\/div><\/div> <\/div> \t\t\t\t<div class=\"response-container\" id=\"become_a_partner_69d6507ad7ed0__response-container\"><\/div>\t\t\t<\/div> \t\t\t\t\t\t\t<div class=\"acf-form-submit\"> \t\t\t\t\t<button data-source=\"#become_a_partner_69d6507ad7ed0\" form=\"become_a_partner_69d6507ad7ed0\" type=\"submit\" class=\"lcyd__button lcyd__button--arrow lcyd__button--animate\">Anfrage senden<\/button>\t\t\t\t\t<span class=\"acf-spinner\"><\/span>\t\t\t\t<\/div> \t\t\t\t<\/form>\n    <\/div>\n<\/div>\n<\/section>\n\n<section id='lightpress__section--block_60d58a85c0a37' class='lightpress__section lightpress__section--content'><div class=\"content__grid content__grid\">\n    <div class=\"content__box content__box--one-hundred\">\n                                                        <p>Sie haben Fragen zur Anmeldung oder zum Partnerprogramm? Setzen Sie sich mit uns in Kontakt unter <a href=\"mailto:support@discover-culture.com\">support@discover-culture.com<\/a><\/p>\n\n                                        <\/div>\n    <\/div><\/section>","protected":false},"excerpt":{"rendered":"","protected":false},"author":15,"featured_media":0,"parent":0,"menu_order":0,"comment_status":"closed","ping_status":"closed","template":"","meta":{"_acf_changed":false,"_relevanssi_hide_post":"","_relevanssi_hide_content":"","_relevanssi_pin_for_all":"","_relevanssi_pin_keywords":"","_relevanssi_unpin_keywords":"","_relevanssi_related_keywords":"","_relevanssi_related_include_ids":"","_relevanssi_related_exclude_ids":"","_relevanssi_related_no_append":"","_relevanssi_related_not_related":"","_relevanssi_related_posts":"3849,3845,3844,3848,3841","_relevanssi_noindex_reason":"","footnotes":""},"class_list":[],"acf":[],"yoast_head":"<!-- This site is optimized with the Yoast SEO Premium plugin v25.7.1 (Yoast SEO v26.8) - https:\/\/yoast.com\/product\/yoast-seo-premium-wordpress\/ -->\n<title>Digitalisierungssommer 2021 - Discover-Culture<\/title>\n<meta name=\"robots\" content=\"index, follow, max-snippet:-1, max-image-preview:large, max-video-preview:-1\" \/>\n<link rel=\"canonical\" href=\"https:\/\/discover-culture.com\/en\/digitalisierungssommer\/\" \/>\n<meta property=\"og:locale\" content=\"en_GB\" \/>\n<meta property=\"og:type\" content=\"article\" \/>\n<meta property=\"og:title\" content=\"Digitalisierungssommer 2021\" \/>\n<meta property=\"og:url\" content=\"https:\/\/discover-culture.com\/en\/digitalisierungssommer\/\" \/>\n<meta property=\"og:site_name\" content=\"Discover-Culture\" \/>\n<meta property=\"article:modified_time\" content=\"2021-06-29T13:37:03+00:00\" \/>\n<meta property=\"og:image\" content=\"https:\/\/discover-culture.com\/wp-content\/uploads\/Discover-Culture-Logo-black-round-social-media-1080x1080-1.png\" \/>\n\t<meta property=\"og:image:width\" content=\"1080\" \/>\n\t<meta property=\"og:image:height\" content=\"1080\" \/>\n\t<meta property=\"og:image:type\" content=\"image\/png\" \/>\n<meta name=\"twitter:card\" content=\"summary_large_image\" \/>\n<script type=\"application\/ld+json\" class=\"yoast-schema-graph\">{\"@context\":\"https:\/\/schema.org\",\"@graph\":[{\"@type\":\"WebPage\",\"@id\":\"https:\/\/discover-culture.com\/en\/digitalisierungssommer\/\",\"url\":\"https:\/\/discover-culture.com\/en\/digitalisierungssommer\/\",\"name\":\"Digitalisierungssommer 2021 - Discover-Culture\",\"isPartOf\":{\"@id\":\"https:\/\/discover-culture.com\/de\/#website\"},\"datePublished\":\"2021-06-23T08:07:35+00:00\",\"dateModified\":\"2021-06-29T13:37:03+00:00\",\"breadcrumb\":{\"@id\":\"https:\/\/discover-culture.com\/en\/digitalisierungssommer\/#breadcrumb\"},\"inLanguage\":\"en-GB\",\"potentialAction\":[{\"@type\":\"ReadAction\",\"target\":[\"https:\/\/discover-culture.com\/en\/digitalisierungssommer\/\"]}]},{\"@type\":\"BreadcrumbList\",\"@id\":\"https:\/\/discover-culture.com\/en\/digitalisierungssommer\/#breadcrumb\",\"itemListElement\":[{\"@type\":\"ListItem\",\"position\":1,\"name\":\"Home\",\"item\":\"https:\/\/discover-culture.com\/\"},{\"@type\":\"ListItem\",\"position\":2,\"name\":\"Digitalisierungssommer 2021\"}]},{\"@type\":\"WebSite\",\"@id\":\"https:\/\/discover-culture.com\/de\/#website\",\"url\":\"https:\/\/discover-culture.com\/de\/\",\"name\":\"Discover-Culture\",\"description\":\"\",\"potentialAction\":[{\"@type\":\"SearchAction\",\"target\":{\"@type\":\"EntryPoint\",\"urlTemplate\":\"https:\/\/discover-culture.com\/de\/?s={search_term_string}\"},\"query-input\":{\"@type\":\"PropertyValueSpecification\",\"valueRequired\":true,\"valueName\":\"search_term_string\"}}],\"inLanguage\":\"en-GB\"}]}<\/script>\n<!-- \/ Yoast SEO Premium plugin. -->","yoast_head_json":{"title":"Digitisation Summer 2021 - Discover-Culture","robots":{"index":"index","follow":"follow","max-snippet":"max-snippet:-1","max-image-preview":"max-image-preview:large","max-video-preview":"max-video-preview:-1"},"canonical":"https:\/\/discover-culture.com\/en\/digitalisierungssommer\/","og_locale":"en_GB","og_type":"article","og_title":"Digitalisierungssommer 2021","og_url":"https:\/\/discover-culture.com\/en\/digitalisierungssommer\/","og_site_name":"Discover-Culture","article_modified_time":"2021-06-29T13:37:03+00:00","og_image":[{"width":1080,"height":1080,"url":"https:\/\/discover-culture.com\/wp-content\/uploads\/Discover-Culture-Logo-black-round-social-media-1080x1080-1.png","type":"image\/png"}],"twitter_card":"summary_large_image","schema":{"@context":"https:\/\/schema.org","@graph":[{"@type":"WebPage","@id":"https:\/\/discover-culture.com\/en\/digitalisierungssommer\/","url":"https:\/\/discover-culture.com\/en\/digitalisierungssommer\/","name":"Digitisation Summer 2021 - Discover-Culture","isPartOf":{"@id":"https:\/\/discover-culture.com\/de\/#website"},"datePublished":"2021-06-23T08:07:35+00:00","dateModified":"2021-06-29T13:37:03+00:00","breadcrumb":{"@id":"https:\/\/discover-culture.com\/en\/digitalisierungssommer\/#breadcrumb"},"inLanguage":"en-GB","potentialAction":[{"@type":"ReadAction","target":["https:\/\/discover-culture.com\/en\/digitalisierungssommer\/"]}]},{"@type":"BreadcrumbList","@id":"https:\/\/discover-culture.com\/en\/digitalisierungssommer\/#breadcrumb","itemListElement":[{"@type":"ListItem","position":1,"name":"Home","item":"https:\/\/discover-culture.com\/"},{"@type":"ListItem","position":2,"name":"Digitalisierungssommer 2021"}]},{"@type":"WebSite","@id":"https:\/\/discover-culture.com\/de\/#website","url":"https:\/\/discover-culture.com\/de\/","name":"Discover-Culture","description":"","potentialAction":[{"@type":"SearchAction","target":{"@type":"EntryPoint","urlTemplate":"https:\/\/discover-culture.com\/de\/?s={search_term_string}"},"query-input":{"@type":"PropertyValueSpecification","valueRequired":true,"valueName":"search_term_string"}}],"inLanguage":"en-GB"}]}},"_links":{"self":[{"href":"https:\/\/discover-culture.com\/en\/wp-json\/wp\/v2\/pages\/388","targetHints":{"allow":["GET"]}}],"collection":[{"href":"https:\/\/discover-culture.com\/en\/wp-json\/wp\/v2\/pages"}],"about":[{"href":"https:\/\/discover-culture.com\/en\/wp-json\/wp\/v2\/types\/page"}],"author":[{"embeddable":true,"href":"https:\/\/discover-culture.com\/en\/wp-json\/wp\/v2\/users\/15"}],"replies":[{"embeddable":true,"href":"https:\/\/discover-culture.com\/en\/wp-json\/wp\/v2\/comments?post=388"}],"version-history":[{"count":64,"href":"https:\/\/discover-culture.com\/en\/wp-json\/wp\/v2\/pages\/388\/revisions"}],"predecessor-version":[{"id":3838,"href":"https:\/\/discover-culture.com\/en\/wp-json\/wp\/v2\/pages\/388\/revisions\/3838"}],"wp:attachment":[{"href":"https:\/\/discover-culture.com\/en\/wp-json\/wp\/v2\/media?parent=388"}],"curies":[{"name":"wp","href":"https:\/\/api.w.org\/{rel}","templated":true}]}}