{"id":7760,"date":"2026-03-05T09:53:36","date_gmt":"2026-03-05T07:53:36","guid":{"rendered":"https:\/\/discover-culture.com\/partner\/\/touren\/"},"modified":"2026-03-18T10:54:17","modified_gmt":"2026-03-18T08:54:17","slug":"himmel-h%c3%b6lle-heilige-nacht-das-st-p%c3%b6ltner-krippenspiel","status":"publish","type":"product","link":"https:\/\/discover-culture.com\/partner\/museum-am-dom\/touren\/himmel-h%c3%b6lle-heilige-nacht-das-st-p%c3%b6ltner-krippenspiel","title":{"rendered":"Himmel, H\u00f6lle &#038; Heilige Nacht. Das St. P\u00f6ltner Krippenspiel"},"content":{"rendered":"<section id='lightpress__section--block_592ea6d8c7c86bb6d23935742edaf87c' class='lightpress__section lightpress__section--content'><div class=\"content__grid content__grid\">\n    <div class=\"content__box content__box--one-hundred\">\n                                                        <h3>Winterausstellung im Museum am Dom Sankt P\u00f6lten<\/h3>\n<h4>\u201eHimmel, H\u00f6lle &amp; Heilige Nacht. Das St. P\u00f6ltner Krippenspiel\u201c<\/h4>\n<p>Die Winterausstellung des Museum am Dom St. P\u00f6lten ist nun virtuell erlebbar und l\u00e4dt dazu ein, noch einmal zum Ursprung zur\u00fcckzukehren \u2013 zur Geburt Christi.<\/p>\n\n                                        <\/div>\n    <\/div><\/section>\n\n<section id='lightpress__section--block_a674edfec5d828a3173c4d107bce7342' class='lightpress__section lightpress__section--content'><div class=\"content__grid content__grid\">\n    <div class=\"content__box content__box--two-thirds content__box--text-center\">\n                                                        <p><strong>Vom Weihnachtsfest bis zum Osterfest spannt sich der gro\u00dfe Bogen der christlichen Heilsgeschichte.<\/strong><\/p>\n<p>Im Zentrum der Ausstellung steht das St. P\u00f6ltner Krippenspiel, dessen Figuren erstmals seit rund 100 Jahren wieder in ihrer Gesamtheit pr\u00e4sentiert werden konnten.<\/p>\n<p>In urspr\u00fcnglich 23 Szenen erz\u00e4hlen liebevoll gestaltete Stabpuppen die Weihnachtsgeschichte \u2013 humorvoll, mit eingestreuten Liedern.<\/p>\n<p>Neben biblischen Figuren treten auch eindrucksvolle Gestalten wie die Habergei\u00df, eine d\u00e4monische Ziegenfigur, und der Tod auf, die dem K\u00f6nig Herodes begegnen.<\/p>\n\n                                        <\/div>\n            <div class=\"content__box content__box\">\n                                                                    <img decoding=\"async\" class=\"content__image\" src=\"https:\/\/discover-culture.com\/wp-content\/uploads\/goldkrippe.jpg\" alt=\"goldkrippe\" loading=\"lazy\">\n                                                        <\/div>\n    <\/div><\/section>\n\n<section id='lightpress__section--block_2fa4143b2ac0254badb3afac181819a8' class='lightpress__section lightpress__section--content'><div class=\"content__grid content__grid\">\n    <div class=\"content__box content__box\">\n                                                    <img decoding=\"async\" class=\"content__image\" src=\"https:\/\/discover-culture.com\/wp-content\/uploads\/Mitmachstation.jpg\" alt=\"Mitmachstation\" loading=\"lazy\">\n                                        <\/div>\n            <div class=\"content__box content__box--one-third content__box--text-center\">\n                                                                        <p style=\"--tw-scale-x: 1; --tw-scale-y: 1; --tw-scroll-snap-strictness: proximity; --tw-ring-offset-width: 0px; --tw-ring-offset-color: #fff; --tw-ring-color: #3b82f680; --tw-ring-offset-shadow: 0 0 #0000; --tw-ring-shadow: 0 0 #0000; --tw-shadow: 0 0 #0000; --tw-shadow-colored: 0 0 #0000;\">Eine mechanische Krippe aus den 1950er Jahren bringt die Weihnachtsgeschichte zus\u00e4tzlich in Bewegung: Schafe, Hirten und Rehe ziehen ihre Kreise durch die Krippenlandschaft.<\/p>\n<p style=\"--tw-scale-x: 1; --tw-scale-y: 1; --tw-scroll-snap-strictness: proximity; --tw-ring-offset-width: 0px; --tw-ring-offset-color: #fff; --tw-ring-color: #3b82f680; --tw-ring-offset-shadow: 0 0 #0000; --tw-ring-shadow: 0 0 #0000; --tw-shadow: 0 0 #0000; --tw-shadow-colored: 0 0 #0000;\">Eine Mitmachstation lud Besucherinnen und Besucher dazu ein, selbst in die Rolle der Spielenden zu schl\u00fcpfen und die Figuren zum Leben zu erwecken.<\/p>\n\n                                                        <\/div>\n    <\/div><\/section>\n\n<section id='lightpress__section--block_8befce4e4539a3a2ed5475ec185ed80d' class='lightpress__section lightpress__section--content'><div class=\"content__grid content__grid\">\n    <div class=\"content__box content__box--one-hundred\">\n                                                        <p>Die Ausstellung erm\u00f6glicht es erstmals seit langer Zeit, die auf mehrere Museen verteilten Figuren gemeinsam zu sehen und das St. P\u00f6ltner Krippenspiel in den gr\u00f6\u00dferen Zusammenhang der Krippenspieltradition Nieder\u00f6sterreichs zu stellen.<\/p>\n<p><a class=\"lcyd__button lcyd__button--animate lcyd__button--arrow lcyd__button--animate\" href=\"https:\/\/www.museumamdom.at\/\" target=\"_blank\" rel=\"noopener\">\u00a0Museum am Dom<\/a><\/p>\n\n                                        <\/div>\n    <\/div><\/section>\n\n<section id='lightpress__section--block_f53bdec3a90539e1625747d0249c7dc8' class='lightpress__section lightpress__section--content'><div class=\"content__grid content__grid--fifty-fifty\">\n    <div class=\"content__box content__box\">\n                                                        <p><span data-mce-type=\"bookmark\" style=\"display: inline-block; width: 0px; overflow: hidden; line-height: 0;\" class=\"mce_SELRES_start\">\ufeff<\/span><\/p>\n\n                                        <\/div>\n            <div class=\"content__box content__box\">\n                                                                        \n                                                        <\/div>\n    <\/div><\/section>","protected":false},"excerpt":{"rendered":"","protected":false},"featured_media":7781,"template":"","meta":{"_acf_changed":true,"_relevanssi_hide_post":"","_relevanssi_hide_content":"","_relevanssi_pin_for_all":"","_relevanssi_pin_keywords":"","_relevanssi_unpin_keywords":"","_relevanssi_related_keywords":"","_relevanssi_related_include_ids":"","_relevanssi_related_exclude_ids":"","_relevanssi_related_no_append":"","_relevanssi_related_not_related":"","_relevanssi_related_posts":"","_relevanssi_noindex_reason":""},"product_brand":[],"product_cat":[16],"product_tag":[],"class_list":["product-available","product","first","instock","virtual","sold-individually","taxable","purchasable","product-type-simple"],"bundled_by":[],"bundle_stock_status":"instock","bundle_stock_quantity":null,"bundle_virtual":false,"bundle_layout":"","bundle_add_to_cart_form_location":"","bundle_editable_in_cart":false,"bundle_sold_individually_context":"","bundle_item_grouping":"","bundle_min_size":"","bundle_max_size":"","bundle_price":[],"bundled_items":[],"bundle_sell_ids":[],"acf":[],"yoast_head":"<!-- This site is optimized with the Yoast SEO Premium plugin v25.7.1 (Yoast SEO v26.8) - https:\/\/yoast.com\/product\/yoast-seo-premium-wordpress\/ -->\n<title>Himmel, H\u00f6lle &amp; Heilige Nacht. Das St. P\u00f6ltner Krippenspiel - Discover-Culture<\/title>\n<meta name=\"description\" content=\"Finden Sie hier alle Informationen zum Produkt Himmel, H\u00f6lle &amp; Heilige Nacht. Das St. P\u00f6ltner Krippenspiel und betreten Sie die neue Welt von Kunst und Kultur!\" \/>\n<meta name=\"robots\" content=\"index, follow, max-snippet:-1, max-image-preview:large, max-video-preview:-1\" \/>\n<link rel=\"canonical\" href=\"https:\/\/discover-culture.com\/de\/partner\/museum-am-dom\/touren\/himmel-h\u00f6lle-heilige-nacht-das-st-p\u00f6ltner-krippenspiel\/\" \/>\n<meta property=\"og:locale\" content=\"de_DE\" \/>\n<meta property=\"og:type\" content=\"article\" \/>\n<meta property=\"og:title\" content=\"Himmel, H\u00f6lle &amp; Heilige Nacht. Das St. P\u00f6ltner Krippenspiel\" \/>\n<meta property=\"og:description\" content=\"Finden Sie hier alle Informationen zum Produkt Himmel, H\u00f6lle &amp; Heilige Nacht. Das St. P\u00f6ltner Krippenspiel und betreten Sie die neue Welt von Kunst und Kultur!\" \/>\n<meta property=\"og:url\" content=\"https:\/\/discover-culture.com\/de\/partner\/museum-am-dom\/touren\/himmel-h\u00f6lle-heilige-nacht-das-st-p\u00f6ltner-krippenspiel\/\" \/>\n<meta property=\"og:site_name\" content=\"Discover-Culture\" \/>\n<meta property=\"article:modified_time\" content=\"2026-03-18T08:54:17+00:00\" \/>\n<meta property=\"og:image\" content=\"https:\/\/discover-culture.com\/wp-content\/uploads\/Startbild_Krippe.jpg\" \/>\n\t<meta property=\"og:image:width\" content=\"1900\" \/>\n\t<meta property=\"og:image:height\" content=\"1317\" \/>\n\t<meta property=\"og:image:type\" content=\"image\/jpeg\" \/>\n<meta name=\"twitter:card\" content=\"summary_large_image\" \/>\n<meta name=\"twitter:label1\" content=\"Gesch\u00e4tzte Lesezeit\" \/>\n\t<meta name=\"twitter:data1\" content=\"1\u00a0Minute\" \/>\n<script type=\"application\/ld+json\" class=\"yoast-schema-graph\">{\"@context\":\"https:\/\/schema.org\",\"@graph\":[{\"@type\":\"WebPage\",\"@id\":\"https:\/\/discover-culture.com\/partner\/museum-am-dom\/touren\/himmel-h%c3%b6lle-heilige-nacht-das-st-p%c3%b6ltner-krippenspiel\/\",\"url\":\"https:\/\/discover-culture.com\/partner\/museum-am-dom\/touren\/himmel-h%c3%b6lle-heilige-nacht-das-st-p%c3%b6ltner-krippenspiel\/\",\"name\":\"Himmel, H\u00f6lle & Heilige Nacht. Das St. P\u00f6ltner Krippenspiel - Discover-Culture\",\"isPartOf\":{\"@id\":\"https:\/\/discover-culture.com\/de\/#website\"},\"primaryImageOfPage\":{\"@id\":\"https:\/\/discover-culture.com\/partner\/museum-am-dom\/touren\/himmel-h%c3%b6lle-heilige-nacht-das-st-p%c3%b6ltner-krippenspiel\/#primaryimage\"},\"image\":{\"@id\":\"https:\/\/discover-culture.com\/partner\/museum-am-dom\/touren\/himmel-h%c3%b6lle-heilige-nacht-das-st-p%c3%b6ltner-krippenspiel\/#primaryimage\"},\"thumbnailUrl\":\"https:\/\/discover-culture.com\/wp-content\/uploads\/Startbild_Krippe.jpg\",\"datePublished\":\"2026-03-05T07:53:36+00:00\",\"dateModified\":\"2026-03-18T08:54:17+00:00\",\"description\":\"Finden Sie hier alle Informationen zum Produkt Himmel, H\u00f6lle & Heilige Nacht. Das St. P\u00f6ltner Krippenspiel und betreten Sie die neue Welt von Kunst und Kultur!\",\"breadcrumb\":{\"@id\":\"https:\/\/discover-culture.com\/partner\/museum-am-dom\/touren\/himmel-h%c3%b6lle-heilige-nacht-das-st-p%c3%b6ltner-krippenspiel\/#breadcrumb\"},\"inLanguage\":\"de\",\"potentialAction\":[{\"@type\":\"ReadAction\",\"target\":[\"https:\/\/discover-culture.com\/partner\/museum-am-dom\/touren\/himmel-h%c3%b6lle-heilige-nacht-das-st-p%c3%b6ltner-krippenspiel\/\"]}]},{\"@type\":\"ImageObject\",\"inLanguage\":\"de\",\"@id\":\"https:\/\/discover-culture.com\/partner\/museum-am-dom\/touren\/himmel-h%c3%b6lle-heilige-nacht-das-st-p%c3%b6ltner-krippenspiel\/#primaryimage\",\"url\":\"https:\/\/discover-culture.com\/wp-content\/uploads\/Startbild_Krippe.jpg\",\"contentUrl\":\"https:\/\/discover-culture.com\/wp-content\/uploads\/Startbild_Krippe.jpg\",\"width\":1900,\"height\":1317,\"caption\":\"Startbild Krippe\"},{\"@type\":\"BreadcrumbList\",\"@id\":\"https:\/\/discover-culture.com\/partner\/museum-am-dom\/touren\/himmel-h%c3%b6lle-heilige-nacht-das-st-p%c3%b6ltner-krippenspiel\/#breadcrumb\",\"itemListElement\":[{\"@type\":\"ListItem\",\"position\":1,\"name\":\"Home\",\"item\":\"https:\/\/discover-culture.com\/\"},{\"@type\":\"ListItem\",\"position\":2,\"name\":\"Produkte\",\"item\":\"https:\/\/discover-culture.com\/de\/shop\/\"},{\"@type\":\"ListItem\",\"position\":3,\"name\":\"Himmel, H\u00f6lle &#038; Heilige Nacht. Das St. P\u00f6ltner Krippenspiel\"}]},{\"@type\":\"WebSite\",\"@id\":\"https:\/\/discover-culture.com\/de\/#website\",\"url\":\"https:\/\/discover-culture.com\/de\/\",\"name\":\"Discover-Culture\",\"description\":\"\",\"potentialAction\":[{\"@type\":\"SearchAction\",\"target\":{\"@type\":\"EntryPoint\",\"urlTemplate\":\"https:\/\/discover-culture.com\/de\/?s={search_term_string}\"},\"query-input\":{\"@type\":\"PropertyValueSpecification\",\"valueRequired\":true,\"valueName\":\"search_term_string\"}}],\"inLanguage\":\"de\"}]}<\/script>\n<!-- \/ Yoast SEO Premium plugin. -->","yoast_head_json":{"title":"Himmel, H\u00f6lle & Heilige Nacht. Das St. P\u00f6ltner Krippenspiel - Discover-Culture","description":"Finden Sie hier alle Informationen zum Produkt Himmel, H\u00f6lle & Heilige Nacht. Das St. P\u00f6ltner Krippenspiel und betreten Sie die neue Welt von Kunst und Kultur!","robots":{"index":"index","follow":"follow","max-snippet":"max-snippet:-1","max-image-preview":"max-image-preview:large","max-video-preview":"max-video-preview:-1"},"canonical":"https:\/\/discover-culture.com\/de\/partner\/museum-am-dom\/touren\/himmel-h\u00f6lle-heilige-nacht-das-st-p\u00f6ltner-krippenspiel\/","og_locale":"de_DE","og_type":"article","og_title":"Himmel, H\u00f6lle & Heilige Nacht. Das St. P\u00f6ltner Krippenspiel","og_description":"Finden Sie hier alle Informationen zum Produkt Himmel, H\u00f6lle & Heilige Nacht. Das St. P\u00f6ltner Krippenspiel und betreten Sie die neue Welt von Kunst und Kultur!","og_url":"https:\/\/discover-culture.com\/de\/partner\/museum-am-dom\/touren\/himmel-h\u00f6lle-heilige-nacht-das-st-p\u00f6ltner-krippenspiel\/","og_site_name":"Discover-Culture","article_modified_time":"2026-03-18T08:54:17+00:00","og_image":[{"width":1900,"height":1317,"url":"https:\/\/discover-culture.com\/wp-content\/uploads\/Startbild_Krippe.jpg","type":"image\/jpeg"}],"twitter_card":"summary_large_image","twitter_misc":{"Gesch\u00e4tzte Lesezeit":"1\u00a0Minute"},"schema":{"@context":"https:\/\/schema.org","@graph":[{"@type":"WebPage","@id":"https:\/\/discover-culture.com\/partner\/museum-am-dom\/touren\/himmel-h%c3%b6lle-heilige-nacht-das-st-p%c3%b6ltner-krippenspiel\/","url":"https:\/\/discover-culture.com\/partner\/museum-am-dom\/touren\/himmel-h%c3%b6lle-heilige-nacht-das-st-p%c3%b6ltner-krippenspiel\/","name":"Himmel, H\u00f6lle & Heilige Nacht. Das St. P\u00f6ltner Krippenspiel - Discover-Culture","isPartOf":{"@id":"https:\/\/discover-culture.com\/de\/#website"},"primaryImageOfPage":{"@id":"https:\/\/discover-culture.com\/partner\/museum-am-dom\/touren\/himmel-h%c3%b6lle-heilige-nacht-das-st-p%c3%b6ltner-krippenspiel\/#primaryimage"},"image":{"@id":"https:\/\/discover-culture.com\/partner\/museum-am-dom\/touren\/himmel-h%c3%b6lle-heilige-nacht-das-st-p%c3%b6ltner-krippenspiel\/#primaryimage"},"thumbnailUrl":"https:\/\/discover-culture.com\/wp-content\/uploads\/Startbild_Krippe.jpg","datePublished":"2026-03-05T07:53:36+00:00","dateModified":"2026-03-18T08:54:17+00:00","description":"Finden Sie hier alle Informationen zum Produkt Himmel, H\u00f6lle & Heilige Nacht. Das St. P\u00f6ltner Krippenspiel und betreten Sie die neue Welt von Kunst und Kultur!","breadcrumb":{"@id":"https:\/\/discover-culture.com\/partner\/museum-am-dom\/touren\/himmel-h%c3%b6lle-heilige-nacht-das-st-p%c3%b6ltner-krippenspiel\/#breadcrumb"},"inLanguage":"de","potentialAction":[{"@type":"ReadAction","target":["https:\/\/discover-culture.com\/partner\/museum-am-dom\/touren\/himmel-h%c3%b6lle-heilige-nacht-das-st-p%c3%b6ltner-krippenspiel\/"]}]},{"@type":"ImageObject","inLanguage":"de","@id":"https:\/\/discover-culture.com\/partner\/museum-am-dom\/touren\/himmel-h%c3%b6lle-heilige-nacht-das-st-p%c3%b6ltner-krippenspiel\/#primaryimage","url":"https:\/\/discover-culture.com\/wp-content\/uploads\/Startbild_Krippe.jpg","contentUrl":"https:\/\/discover-culture.com\/wp-content\/uploads\/Startbild_Krippe.jpg","width":1900,"height":1317,"caption":"Startbild Krippe"},{"@type":"BreadcrumbList","@id":"https:\/\/discover-culture.com\/partner\/museum-am-dom\/touren\/himmel-h%c3%b6lle-heilige-nacht-das-st-p%c3%b6ltner-krippenspiel\/#breadcrumb","itemListElement":[{"@type":"ListItem","position":1,"name":"Home","item":"https:\/\/discover-culture.com\/"},{"@type":"ListItem","position":2,"name":"Produkte","item":"https:\/\/discover-culture.com\/de\/shop\/"},{"@type":"ListItem","position":3,"name":"Himmel, H\u00f6lle &#038; Heilige Nacht. Das St. P\u00f6ltner Krippenspiel"}]},{"@type":"WebSite","@id":"https:\/\/discover-culture.com\/de\/#website","url":"https:\/\/discover-culture.com\/de\/","name":"Discover-Culture","description":"","potentialAction":[{"@type":"SearchAction","target":{"@type":"EntryPoint","urlTemplate":"https:\/\/discover-culture.com\/de\/?s={search_term_string}"},"query-input":{"@type":"PropertyValueSpecification","valueRequired":true,"valueName":"search_term_string"}}],"inLanguage":"de"}]}},"_links":{"self":[{"href":"https:\/\/discover-culture.com\/de\/wp-json\/wp\/v2\/product\/7760","targetHints":{"allow":["GET"]}}],"collection":[{"href":"https:\/\/discover-culture.com\/de\/wp-json\/wp\/v2\/product"}],"about":[{"href":"https:\/\/discover-culture.com\/de\/wp-json\/wp\/v2\/types\/product"}],"wp:featuredmedia":[{"embeddable":true,"href":"https:\/\/discover-culture.com\/de\/wp-json\/wp\/v2\/media\/7781"}],"wp:attachment":[{"href":"https:\/\/discover-culture.com\/de\/wp-json\/wp\/v2\/media?parent=7760"}],"wp:term":[{"taxonomy":"product_brand","embeddable":true,"href":"https:\/\/discover-culture.com\/de\/wp-json\/wp\/v2\/product_brand?post=7760"},{"taxonomy":"product_cat","embeddable":true,"href":"https:\/\/discover-culture.com\/de\/wp-json\/wp\/v2\/product_cat?post=7760"},{"taxonomy":"product_tag","embeddable":true,"href":"https:\/\/discover-culture.com\/de\/wp-json\/wp\/v2\/product_tag?post=7760"}],"curies":[{"name":"wp","href":"https:\/\/api.w.org\/{rel}","templated":true}]}}