{"id":7619,"date":"2025-11-19T11:07:15","date_gmt":"2025-11-19T09:07:15","guid":{"rendered":"https:\/\/discover-culture.com\/partner\/\/touren\/"},"modified":"2025-11-24T13:01:28","modified_gmt":"2025-11-24T11:01:28","slug":"schell-collection","status":"publish","type":"product","link":"https:\/\/discover-culture.com\/partner\/schell-collection\/touren\/schell-collection","title":{"rendered":"Schell Collection"},"content":{"rendered":"<section id='lightpress__section--block_34f3aacbe482150e07434eb9908cb8e1' class='lightpress__section lightpress__section--content'><div class=\"content__grid content__grid\">\n    <div class=\"content__box content__box--one-hundred\">\n                                                        <h3 align=\"center\">Willkommen zur virtuellen Erlebnisreise <br \/>durch die Schell Collection in Graz<\/h3>\n\n                                        <\/div>\n    <\/div><\/section>\n\n<section id='lightpress__section--block_56c05b462f684a5db108ca0904bcaed9' class='lightpress__section lightpress__section--content'><div class=\"content__grid content__grid--fifty-fifty\">\n    <div class=\"content__box content__box content__box--text-center\">\n                                                        <p>Tauchen Sie ein in die faszinierende Welt der historischen Schl\u00f6sser, Schl\u00fcssel und Sicherheitsmechanismen! <\/p>\n<p>Die virtuelle Tour der Schell Collection er\u00f6ffnet Ihnen einen einzigartigen digitalen Zugang zu einer der bedeutendsten Sammlungen ihrer Art. <\/p>\n<p>Entdecken Sie\u00a0 ausgew\u00e4hlte Objekte, wandern Sie durch thematische Ausstellungsr\u00e4ume und erfahren Sie spannende Hintergr\u00fcnde zu Jahrhunderten menschlicher Erfindungskunst.<\/p>\n\n                                        <\/div>\n            <div class=\"content__box content__box\">\n                                                                    <img decoding=\"async\" class=\"content__image\" src=\"https:\/\/discover-culture.com\/wp-content\/uploads\/Truhen-1.-Stock.jpg\" alt=\"Truhen Stock\" loading=\"lazy\">\n                                            <p class=\"copyright\">\u00a9Schell Collection<\/p>\n                                                        <\/div>\n    <\/div><\/section>\n\n<section id='lightpress__section--block_7ed02c539f5c3aec53ec6f440ee2fe36' class='lightpress__section lightpress__section--content'><div class=\"content__grid content__grid--fifty-fifty\">\n    <div class=\"content__box content__box\">\n                                                    <img decoding=\"async\" class=\"content__image\" src=\"https:\/\/discover-culture.com\/wp-content\/uploads\/Ritterabteilung.jpg\" alt=\"Ritterabteilung\" loading=\"lazy\">\n                                    <p class=\"copyright\">\u00a9Schell Collection<\/p>\n                                        <\/div>\n            <div class=\"content__box content__box content__box--text-center\">\n                                                                        <p>Diese Online-Erfahrung bietet Ihnen einen ersten Eindruck der Vielfalt und Atmosph\u00e4re der Schell Collection. <\/p>\n<p>Drei Stockwerke f\u00fchren Sie durch thematisch gestaltete Bereiche und vermitteln einen kompakten Einblick in die Highlights des Museums. <\/p>\n<p>Die virtuelle Tour inspiriert und eignet sich ideal, um Ihren Besuch vor Ort vorzubereiten \u2013 denn viele besondere Exponate und interaktive Elemente lassen sich erst im Museum in ihrer ganzen Wirkung erleben.<\/p>\n\n                                                        <\/div>\n    <\/div><\/section>\n\n<section id='lightpress__section--block_8542cdc824accd02b28e6bcd15885682' class='lightpress__section lightpress__section--content'><div class=\"content__grid content__grid\">\n    <div class=\"content__box content__box--one-hundred\">\n                                                        <p>Wir laden Sie herzlich ein, nach Ihrem digitalen Rundgang die Schell Collection in Graz pers\u00f6nlich zu besuchen.<\/p>\n<p><a class=\"lcyd__button lcyd__button--animate lcyd__button--arrow lcyd__button--animate\" href=\"https:\/\/www.schell-collection.com\/\" target=\"_blank\" rel=\"noopener\">Mehr Informationen<\/a><\/p>\n\n                                        <\/div>\n    <\/div><\/section>\n\n<section id='lightpress__section--block_603abbdc3aef11a61fc73adb0b475563' class='lightpress__section lightpress__section--content'><div class=\"content__grid content__grid\">\n    <div class=\"content__box content__box--one-hundred\">\n                                                        \n                                        <\/div>\n    <\/div><\/section>","protected":false},"excerpt":{"rendered":"","protected":false},"featured_media":7630,"template":"","meta":{"_acf_changed":true,"_relevanssi_hide_post":"","_relevanssi_hide_content":"","_relevanssi_pin_for_all":"","_relevanssi_pin_keywords":"","_relevanssi_unpin_keywords":"","_relevanssi_related_keywords":"","_relevanssi_related_include_ids":"","_relevanssi_related_exclude_ids":"","_relevanssi_related_no_append":"","_relevanssi_related_not_related":"","_relevanssi_related_posts":"","_relevanssi_noindex_reason":""},"product_brand":[],"product_cat":[16],"product_tag":[],"class_list":["product-available","product","first","instock","virtual","sold-individually","taxable","purchasable","product-type-simple"],"bundled_by":[],"bundle_stock_status":"instock","bundle_stock_quantity":null,"bundle_virtual":false,"bundle_layout":"","bundle_add_to_cart_form_location":"","bundle_editable_in_cart":false,"bundle_sold_individually_context":"","bundle_item_grouping":"","bundle_min_size":"","bundle_max_size":"","bundle_price":[],"bundled_items":[],"bundle_sell_ids":[],"acf":[],"yoast_head":"<!-- This site is optimized with the Yoast SEO Premium plugin v25.7.1 (Yoast SEO v26.8) - https:\/\/yoast.com\/product\/yoast-seo-premium-wordpress\/ -->\n<title>Schell Collection - Discover-Culture<\/title>\n<meta name=\"description\" content=\"Finden Sie hier alle Informationen zum Produkt Schell Collection und betreten Sie die neue Welt von Kunst und Kultur!\" \/>\n<meta name=\"robots\" content=\"index, follow, max-snippet:-1, max-image-preview:large, max-video-preview:-1\" \/>\n<link rel=\"canonical\" href=\"https:\/\/discover-culture.com\/de\/partner\/schell-collection\/touren\/schell-collection\/\" \/>\n<meta property=\"og:locale\" content=\"de_DE\" \/>\n<meta property=\"og:type\" content=\"article\" \/>\n<meta property=\"og:title\" content=\"Schell Collection\" \/>\n<meta property=\"og:description\" content=\"Finden Sie hier alle Informationen zum Produkt Schell Collection und betreten Sie die neue Welt von Kunst und Kultur!\" \/>\n<meta property=\"og:url\" content=\"https:\/\/discover-culture.com\/de\/partner\/schell-collection\/touren\/schell-collection\/\" \/>\n<meta property=\"og:site_name\" content=\"Discover-Culture\" \/>\n<meta property=\"article:modified_time\" content=\"2025-11-24T11:01:28+00:00\" \/>\n<meta property=\"og:image\" content=\"https:\/\/discover-culture.com\/wp-content\/uploads\/Tresor_Schell-Collection-1024x682.jpg\" \/>\n\t<meta property=\"og:image:width\" content=\"1024\" \/>\n\t<meta property=\"og:image:height\" content=\"682\" \/>\n\t<meta property=\"og:image:type\" content=\"image\/jpeg\" \/>\n<meta name=\"twitter:card\" content=\"summary_large_image\" \/>\n<meta name=\"twitter:label1\" content=\"Gesch\u00e4tzte Lesezeit\" \/>\n\t<meta name=\"twitter:data1\" content=\"1\u00a0Minute\" \/>\n<script type=\"application\/ld+json\" class=\"yoast-schema-graph\">{\"@context\":\"https:\/\/schema.org\",\"@graph\":[{\"@type\":\"WebPage\",\"@id\":\"https:\/\/discover-culture.com\/partner\/schell-collection\/touren\/schell-collection\/\",\"url\":\"https:\/\/discover-culture.com\/partner\/schell-collection\/touren\/schell-collection\/\",\"name\":\"Schell Collection - Discover-Culture\",\"isPartOf\":{\"@id\":\"https:\/\/discover-culture.com\/de\/#website\"},\"primaryImageOfPage\":{\"@id\":\"https:\/\/discover-culture.com\/partner\/schell-collection\/touren\/schell-collection\/#primaryimage\"},\"image\":{\"@id\":\"https:\/\/discover-culture.com\/partner\/schell-collection\/touren\/schell-collection\/#primaryimage\"},\"thumbnailUrl\":\"https:\/\/discover-culture.com\/wp-content\/uploads\/Tresor_Schell-Collection.jpg\",\"datePublished\":\"2025-11-19T09:07:15+00:00\",\"dateModified\":\"2025-11-24T11:01:28+00:00\",\"description\":\"Finden Sie hier alle Informationen zum Produkt Schell Collection und betreten Sie die neue Welt von Kunst und Kultur!\",\"breadcrumb\":{\"@id\":\"https:\/\/discover-culture.com\/partner\/schell-collection\/touren\/schell-collection\/#breadcrumb\"},\"inLanguage\":\"de\",\"potentialAction\":[{\"@type\":\"ReadAction\",\"target\":[\"https:\/\/discover-culture.com\/partner\/schell-collection\/touren\/schell-collection\/\"]}]},{\"@type\":\"ImageObject\",\"inLanguage\":\"de\",\"@id\":\"https:\/\/discover-culture.com\/partner\/schell-collection\/touren\/schell-collection\/#primaryimage\",\"url\":\"https:\/\/discover-culture.com\/wp-content\/uploads\/Tresor_Schell-Collection.jpg\",\"contentUrl\":\"https:\/\/discover-culture.com\/wp-content\/uploads\/Tresor_Schell-Collection.jpg\",\"width\":2000,\"height\":1333,\"caption\":\"Tresor Schell Collection\"},{\"@type\":\"BreadcrumbList\",\"@id\":\"https:\/\/discover-culture.com\/partner\/schell-collection\/touren\/schell-collection\/#breadcrumb\",\"itemListElement\":[{\"@type\":\"ListItem\",\"position\":1,\"name\":\"Home\",\"item\":\"https:\/\/discover-culture.com\/\"},{\"@type\":\"ListItem\",\"position\":2,\"name\":\"Produkte\",\"item\":\"https:\/\/discover-culture.com\/de\/shop\/\"},{\"@type\":\"ListItem\",\"position\":3,\"name\":\"Schell Collection\"}]},{\"@type\":\"WebSite\",\"@id\":\"https:\/\/discover-culture.com\/de\/#website\",\"url\":\"https:\/\/discover-culture.com\/de\/\",\"name\":\"Discover-Culture\",\"description\":\"\",\"potentialAction\":[{\"@type\":\"SearchAction\",\"target\":{\"@type\":\"EntryPoint\",\"urlTemplate\":\"https:\/\/discover-culture.com\/de\/?s={search_term_string}\"},\"query-input\":{\"@type\":\"PropertyValueSpecification\",\"valueRequired\":true,\"valueName\":\"search_term_string\"}}],\"inLanguage\":\"de\"}]}<\/script>\n<!-- \/ Yoast SEO Premium plugin. -->","yoast_head_json":{"title":"Schell Collection - Discover-Culture","description":"Finden Sie hier alle Informationen zum Produkt Schell Collection und betreten Sie die neue Welt von Kunst und Kultur!","robots":{"index":"index","follow":"follow","max-snippet":"max-snippet:-1","max-image-preview":"max-image-preview:large","max-video-preview":"max-video-preview:-1"},"canonical":"https:\/\/discover-culture.com\/de\/partner\/schell-collection\/touren\/schell-collection\/","og_locale":"de_DE","og_type":"article","og_title":"Schell Collection","og_description":"Finden Sie hier alle Informationen zum Produkt Schell Collection und betreten Sie die neue Welt von Kunst und Kultur!","og_url":"https:\/\/discover-culture.com\/de\/partner\/schell-collection\/touren\/schell-collection\/","og_site_name":"Discover-Culture","article_modified_time":"2025-11-24T11:01:28+00:00","og_image":[{"width":1024,"height":682,"url":"https:\/\/discover-culture.com\/wp-content\/uploads\/Tresor_Schell-Collection-1024x682.jpg","type":"image\/jpeg"}],"twitter_card":"summary_large_image","twitter_misc":{"Gesch\u00e4tzte Lesezeit":"1\u00a0Minute"},"schema":{"@context":"https:\/\/schema.org","@graph":[{"@type":"WebPage","@id":"https:\/\/discover-culture.com\/partner\/schell-collection\/touren\/schell-collection\/","url":"https:\/\/discover-culture.com\/partner\/schell-collection\/touren\/schell-collection\/","name":"Schell Collection - Discover-Culture","isPartOf":{"@id":"https:\/\/discover-culture.com\/de\/#website"},"primaryImageOfPage":{"@id":"https:\/\/discover-culture.com\/partner\/schell-collection\/touren\/schell-collection\/#primaryimage"},"image":{"@id":"https:\/\/discover-culture.com\/partner\/schell-collection\/touren\/schell-collection\/#primaryimage"},"thumbnailUrl":"https:\/\/discover-culture.com\/wp-content\/uploads\/Tresor_Schell-Collection.jpg","datePublished":"2025-11-19T09:07:15+00:00","dateModified":"2025-11-24T11:01:28+00:00","description":"Finden Sie hier alle Informationen zum Produkt Schell Collection und betreten Sie die neue Welt von Kunst und Kultur!","breadcrumb":{"@id":"https:\/\/discover-culture.com\/partner\/schell-collection\/touren\/schell-collection\/#breadcrumb"},"inLanguage":"de","potentialAction":[{"@type":"ReadAction","target":["https:\/\/discover-culture.com\/partner\/schell-collection\/touren\/schell-collection\/"]}]},{"@type":"ImageObject","inLanguage":"de","@id":"https:\/\/discover-culture.com\/partner\/schell-collection\/touren\/schell-collection\/#primaryimage","url":"https:\/\/discover-culture.com\/wp-content\/uploads\/Tresor_Schell-Collection.jpg","contentUrl":"https:\/\/discover-culture.com\/wp-content\/uploads\/Tresor_Schell-Collection.jpg","width":2000,"height":1333,"caption":"Tresor Schell Collection"},{"@type":"BreadcrumbList","@id":"https:\/\/discover-culture.com\/partner\/schell-collection\/touren\/schell-collection\/#breadcrumb","itemListElement":[{"@type":"ListItem","position":1,"name":"Home","item":"https:\/\/discover-culture.com\/"},{"@type":"ListItem","position":2,"name":"Produkte","item":"https:\/\/discover-culture.com\/de\/shop\/"},{"@type":"ListItem","position":3,"name":"Schell Collection"}]},{"@type":"WebSite","@id":"https:\/\/discover-culture.com\/de\/#website","url":"https:\/\/discover-culture.com\/de\/","name":"Discover-Culture","description":"","potentialAction":[{"@type":"SearchAction","target":{"@type":"EntryPoint","urlTemplate":"https:\/\/discover-culture.com\/de\/?s={search_term_string}"},"query-input":{"@type":"PropertyValueSpecification","valueRequired":true,"valueName":"search_term_string"}}],"inLanguage":"de"}]}},"_links":{"self":[{"href":"https:\/\/discover-culture.com\/de\/wp-json\/wp\/v2\/product\/7619","targetHints":{"allow":["GET"]}}],"collection":[{"href":"https:\/\/discover-culture.com\/de\/wp-json\/wp\/v2\/product"}],"about":[{"href":"https:\/\/discover-culture.com\/de\/wp-json\/wp\/v2\/types\/product"}],"wp:featuredmedia":[{"embeddable":true,"href":"https:\/\/discover-culture.com\/de\/wp-json\/wp\/v2\/media\/7630"}],"wp:attachment":[{"href":"https:\/\/discover-culture.com\/de\/wp-json\/wp\/v2\/media?parent=7619"}],"wp:term":[{"taxonomy":"product_brand","embeddable":true,"href":"https:\/\/discover-culture.com\/de\/wp-json\/wp\/v2\/product_brand?post=7619"},{"taxonomy":"product_cat","embeddable":true,"href":"https:\/\/discover-culture.com\/de\/wp-json\/wp\/v2\/product_cat?post=7619"},{"taxonomy":"product_tag","embeddable":true,"href":"https:\/\/discover-culture.com\/de\/wp-json\/wp\/v2\/product_tag?post=7619"}],"curies":[{"name":"wp","href":"https:\/\/api.w.org\/{rel}","templated":true}]}}