{"id":7594,"date":"2025-11-06T12:13:04","date_gmt":"2025-11-06T10:13:04","guid":{"rendered":"https:\/\/discover-culture.com\/partner\/\/touren\/"},"modified":"2026-03-02T11:01:27","modified_gmt":"2026-03-02T09:01:27","slug":"ausstellung-hope","status":"publish","type":"product","link":"https:\/\/discover-culture.com\/partner\/museum-am-dom\/touren\/ausstellung-hope","title":{"rendered":"Ausstellung HOPE"},"content":{"rendered":"<section id='lightpress__section--block_ffb00afdd33e813ca7b78773a38895b9' class='lightpress__section lightpress__section--content'><div class=\"content__grid content__grid\">\n    <div class=\"content__box content__box--one-hundred\">\n                                                        <h3>HOPE \u2013 HOFFNUNG<\/h3>\n<p>23. Mai bis 31. Oktober 2025 | Ab sofort virtuell erlebbar !<\/p>\n<h6>Bildkennung Titelbild: \u00a9Museum am Dom Sankt P\u00f6lten<\/h6>\n\n                                        <\/div>\n    <\/div><\/section>\n\n<section id='lightpress__section--block_07c3b283d0997cedb9698e20d2b56e22' class='lightpress__section lightpress__section--content'><div class=\"content__grid content__grid\">\n    <div class=\"content__box content__box--two-thirds content__box--text-center\">\n                                                        <p>Die Ausstellung HOPE widmete sich dem Thema des Heiligen Jahres 2025, das unter dem Motto \u201ePilger der Hoffnung\u201c stand. In Kooperation mit dem ATELIER 10 kuratierte die Kunstinitiative art hoc projects eine zeitgen\u00f6ssische Intervention im Museum am Dom St. P\u00f6lten \u2013 nun erstmals als virtuelles Erlebnis f\u00fcr alle zug\u00e4nglich.<\/p>\n<p>Das in der Ankerbrotfabrik in Wien beheimatete ATELIER 10 bietet seit 2012 Menschen mit gesundheitlichen oder kognitiven Beeintr\u00e4chtigungen ein professionelles Umfeld, das k\u00fcnstlerische Potentiale nachhaltig st\u00e4rkt.<\/p>\n\n                                        <\/div>\n            <div class=\"content__box content__box\">\n                                                                    <img decoding=\"async\" class=\"content__image\" src=\"https:\/\/discover-culture.com\/wp-content\/uploads\/Hope.jpg\" alt=\"Hope\" loading=\"lazy\">\n                                                        <\/div>\n    <\/div><\/section>\n\n<section id='lightpress__section--block_1465a4c84c3207e582ad390409e5d752' class='lightpress__section lightpress__section--content'><div class=\"content__grid content__grid\">\n    <div class=\"content__box content__box\">\n                                                    <img decoding=\"async\" class=\"content__image\" src=\"https:\/\/discover-culture.com\/wp-content\/uploads\/2025_05_22_Atelier_10_46.jpg\" alt=\"Hope - Museum am Dom Sankt P\u00f6lten\" loading=\"lazy\">\n                                    <p class=\"copyright copyright--light\">\u00a9Museum am Dom<\/p>\n                                        <\/div>\n            <div class=\"content__box content__box--one-third content__box--text-center\">\n                                                                        <p>Die Werke der vier beteiligten K\u00fcnstler:innen \u2013 Calinya, Lotta Hering, Franza Maier und Stefan Wimmreuter \u2013 er\u00f6ffnen sehr individuelle und kraftvolle Perspektiven auf das Thema Hoffnung.<\/p>\n<p>Ihre Positionen behaupten sich selbstbewusst inmitten historischer und sakraler Kunstobjekte und machen eindrucksvoll sichtbar, welche gestalterische Energie kreativer Ausdruck entfalten kann.<\/p>\n<p><a class=\"lcyd__button lcyd__button--animate lcyd__button--arrow lcyd__button--animate\" href=\"https:\/\/www.museumamdom.at\/\" target=\"_blank\" rel=\"noopener\">Mehr Informationen &#8211; Museum am Dom<\/a><\/p>\n\n                                                        <\/div>\n    <\/div><\/section>\n\n<section id='lightpress__section--block_e5b5eed5fbc14f0d23181bfd9c9f417c' class='lightpress__section lightpress__section--content'><div class=\"content__grid content__grid\">\n    <div class=\"content__box content__box--one-hundred\">\n                                                        <p>Tauchen Sie virtuell ein in eine inspirierende Auseinandersetzung mit Hoffnung als gestaltende Kraft \u2013 jetzt jederzeit und weltweit verf\u00fcgbar.<\/p>\n\n                                        <\/div>\n    <\/div><\/section>","protected":false},"excerpt":{"rendered":"","protected":false},"featured_media":7614,"template":"","meta":{"_acf_changed":true,"_relevanssi_hide_post":"","_relevanssi_hide_content":"","_relevanssi_pin_for_all":"","_relevanssi_pin_keywords":"","_relevanssi_unpin_keywords":"","_relevanssi_related_keywords":"","_relevanssi_related_include_ids":"","_relevanssi_related_exclude_ids":"","_relevanssi_related_no_append":"","_relevanssi_related_not_related":"","_relevanssi_related_posts":"","_relevanssi_noindex_reason":""},"product_brand":[],"product_cat":[16],"product_tag":[],"class_list":["product-available","product","first","instock","virtual","sold-individually","taxable","purchasable","product-type-simple"],"bundled_by":[],"bundle_stock_status":"instock","bundle_stock_quantity":null,"bundle_virtual":false,"bundle_layout":"","bundle_add_to_cart_form_location":"","bundle_editable_in_cart":false,"bundle_sold_individually_context":"","bundle_item_grouping":"","bundle_min_size":"","bundle_max_size":"","bundle_price":[],"bundled_items":[],"bundle_sell_ids":[],"acf":[],"yoast_head":"<!-- This site is optimized with the Yoast SEO Premium plugin v25.7.1 (Yoast SEO v26.8) - https:\/\/yoast.com\/product\/yoast-seo-premium-wordpress\/ -->\n<title>Ausstellung HOPE - Discover-Culture<\/title>\n<meta name=\"description\" content=\"Finden Sie hier alle Informationen zum Produkt Ausstellung HOPE und betreten Sie die neue Welt von Kunst und Kultur!\" \/>\n<meta name=\"robots\" content=\"index, follow, max-snippet:-1, max-image-preview:large, max-video-preview:-1\" \/>\n<link rel=\"canonical\" href=\"https:\/\/discover-culture.com\/de\/partner\/museum-am-dom\/touren\/ausstellung-hope\/\" \/>\n<meta property=\"og:locale\" content=\"de_DE\" \/>\n<meta property=\"og:type\" content=\"article\" \/>\n<meta property=\"og:title\" content=\"Ausstellung HOPE\" \/>\n<meta property=\"og:description\" content=\"Finden Sie hier alle Informationen zum Produkt Ausstellung HOPE und betreten Sie die neue Welt von Kunst und Kultur!\" \/>\n<meta property=\"og:url\" content=\"https:\/\/discover-culture.com\/de\/partner\/museum-am-dom\/touren\/ausstellung-hope\/\" \/>\n<meta property=\"og:site_name\" content=\"Discover-Culture\" \/>\n<meta property=\"article:modified_time\" content=\"2026-03-02T09:01:27+00:00\" \/>\n<meta property=\"og:image\" content=\"https:\/\/discover-culture.com\/wp-content\/uploads\/2025_05_22_Atelier_10_48.jpg\" \/>\n\t<meta property=\"og:image:width\" content=\"1500\" \/>\n\t<meta property=\"og:image:height\" content=\"1489\" \/>\n\t<meta property=\"og:image:type\" content=\"image\/jpeg\" \/>\n<meta name=\"twitter:card\" content=\"summary_large_image\" \/>\n<meta name=\"twitter:label1\" content=\"Gesch\u00e4tzte Lesezeit\" \/>\n\t<meta name=\"twitter:data1\" content=\"1\u00a0Minute\" \/>\n<script type=\"application\/ld+json\" class=\"yoast-schema-graph\">{\"@context\":\"https:\/\/schema.org\",\"@graph\":[{\"@type\":\"WebPage\",\"@id\":\"https:\/\/discover-culture.com\/partner\/museum-am-dom\/touren\/ausstellung-hope\/\",\"url\":\"https:\/\/discover-culture.com\/partner\/museum-am-dom\/touren\/ausstellung-hope\/\",\"name\":\"Ausstellung HOPE - Discover-Culture\",\"isPartOf\":{\"@id\":\"https:\/\/discover-culture.com\/de\/#website\"},\"primaryImageOfPage\":{\"@id\":\"https:\/\/discover-culture.com\/partner\/museum-am-dom\/touren\/ausstellung-hope\/#primaryimage\"},\"image\":{\"@id\":\"https:\/\/discover-culture.com\/partner\/museum-am-dom\/touren\/ausstellung-hope\/#primaryimage\"},\"thumbnailUrl\":\"https:\/\/discover-culture.com\/wp-content\/uploads\/2025_05_22_Atelier_10_48.jpg\",\"datePublished\":\"2025-11-06T10:13:04+00:00\",\"dateModified\":\"2026-03-02T09:01:27+00:00\",\"description\":\"Finden Sie hier alle Informationen zum Produkt Ausstellung HOPE und betreten Sie die neue Welt von Kunst und Kultur!\",\"breadcrumb\":{\"@id\":\"https:\/\/discover-culture.com\/partner\/museum-am-dom\/touren\/ausstellung-hope\/#breadcrumb\"},\"inLanguage\":\"de\",\"potentialAction\":[{\"@type\":\"ReadAction\",\"target\":[\"https:\/\/discover-culture.com\/partner\/museum-am-dom\/touren\/ausstellung-hope\/\"]}]},{\"@type\":\"ImageObject\",\"inLanguage\":\"de\",\"@id\":\"https:\/\/discover-culture.com\/partner\/museum-am-dom\/touren\/ausstellung-hope\/#primaryimage\",\"url\":\"https:\/\/discover-culture.com\/wp-content\/uploads\/2025_05_22_Atelier_10_48.jpg\",\"contentUrl\":\"https:\/\/discover-culture.com\/wp-content\/uploads\/2025_05_22_Atelier_10_48.jpg\",\"width\":1500,\"height\":1489,\"caption\":\"Museum am Dom- HOPE\"},{\"@type\":\"BreadcrumbList\",\"@id\":\"https:\/\/discover-culture.com\/partner\/museum-am-dom\/touren\/ausstellung-hope\/#breadcrumb\",\"itemListElement\":[{\"@type\":\"ListItem\",\"position\":1,\"name\":\"Home\",\"item\":\"https:\/\/discover-culture.com\/\"},{\"@type\":\"ListItem\",\"position\":2,\"name\":\"Produkte\",\"item\":\"https:\/\/discover-culture.com\/de\/shop\/\"},{\"@type\":\"ListItem\",\"position\":3,\"name\":\"Ausstellung HOPE\"}]},{\"@type\":\"WebSite\",\"@id\":\"https:\/\/discover-culture.com\/de\/#website\",\"url\":\"https:\/\/discover-culture.com\/de\/\",\"name\":\"Discover-Culture\",\"description\":\"\",\"potentialAction\":[{\"@type\":\"SearchAction\",\"target\":{\"@type\":\"EntryPoint\",\"urlTemplate\":\"https:\/\/discover-culture.com\/de\/?s={search_term_string}\"},\"query-input\":{\"@type\":\"PropertyValueSpecification\",\"valueRequired\":true,\"valueName\":\"search_term_string\"}}],\"inLanguage\":\"de\"}]}<\/script>\n<!-- \/ Yoast SEO Premium plugin. -->","yoast_head_json":{"title":"Ausstellung HOPE - Discover-Culture","description":"Finden Sie hier alle Informationen zum Produkt Ausstellung HOPE und betreten Sie die neue Welt von Kunst und Kultur!","robots":{"index":"index","follow":"follow","max-snippet":"max-snippet:-1","max-image-preview":"max-image-preview:large","max-video-preview":"max-video-preview:-1"},"canonical":"https:\/\/discover-culture.com\/de\/partner\/museum-am-dom\/touren\/ausstellung-hope\/","og_locale":"de_DE","og_type":"article","og_title":"Ausstellung HOPE","og_description":"Finden Sie hier alle Informationen zum Produkt Ausstellung HOPE und betreten Sie die neue Welt von Kunst und Kultur!","og_url":"https:\/\/discover-culture.com\/de\/partner\/museum-am-dom\/touren\/ausstellung-hope\/","og_site_name":"Discover-Culture","article_modified_time":"2026-03-02T09:01:27+00:00","og_image":[{"width":1500,"height":1489,"url":"https:\/\/discover-culture.com\/wp-content\/uploads\/2025_05_22_Atelier_10_48.jpg","type":"image\/jpeg"}],"twitter_card":"summary_large_image","twitter_misc":{"Gesch\u00e4tzte Lesezeit":"1\u00a0Minute"},"schema":{"@context":"https:\/\/schema.org","@graph":[{"@type":"WebPage","@id":"https:\/\/discover-culture.com\/partner\/museum-am-dom\/touren\/ausstellung-hope\/","url":"https:\/\/discover-culture.com\/partner\/museum-am-dom\/touren\/ausstellung-hope\/","name":"Ausstellung HOPE - Discover-Culture","isPartOf":{"@id":"https:\/\/discover-culture.com\/de\/#website"},"primaryImageOfPage":{"@id":"https:\/\/discover-culture.com\/partner\/museum-am-dom\/touren\/ausstellung-hope\/#primaryimage"},"image":{"@id":"https:\/\/discover-culture.com\/partner\/museum-am-dom\/touren\/ausstellung-hope\/#primaryimage"},"thumbnailUrl":"https:\/\/discover-culture.com\/wp-content\/uploads\/2025_05_22_Atelier_10_48.jpg","datePublished":"2025-11-06T10:13:04+00:00","dateModified":"2026-03-02T09:01:27+00:00","description":"Finden Sie hier alle Informationen zum Produkt Ausstellung HOPE und betreten Sie die neue Welt von Kunst und Kultur!","breadcrumb":{"@id":"https:\/\/discover-culture.com\/partner\/museum-am-dom\/touren\/ausstellung-hope\/#breadcrumb"},"inLanguage":"de","potentialAction":[{"@type":"ReadAction","target":["https:\/\/discover-culture.com\/partner\/museum-am-dom\/touren\/ausstellung-hope\/"]}]},{"@type":"ImageObject","inLanguage":"de","@id":"https:\/\/discover-culture.com\/partner\/museum-am-dom\/touren\/ausstellung-hope\/#primaryimage","url":"https:\/\/discover-culture.com\/wp-content\/uploads\/2025_05_22_Atelier_10_48.jpg","contentUrl":"https:\/\/discover-culture.com\/wp-content\/uploads\/2025_05_22_Atelier_10_48.jpg","width":1500,"height":1489,"caption":"Museum am Dom- HOPE"},{"@type":"BreadcrumbList","@id":"https:\/\/discover-culture.com\/partner\/museum-am-dom\/touren\/ausstellung-hope\/#breadcrumb","itemListElement":[{"@type":"ListItem","position":1,"name":"Home","item":"https:\/\/discover-culture.com\/"},{"@type":"ListItem","position":2,"name":"Produkte","item":"https:\/\/discover-culture.com\/de\/shop\/"},{"@type":"ListItem","position":3,"name":"Ausstellung HOPE"}]},{"@type":"WebSite","@id":"https:\/\/discover-culture.com\/de\/#website","url":"https:\/\/discover-culture.com\/de\/","name":"Discover-Culture","description":"","potentialAction":[{"@type":"SearchAction","target":{"@type":"EntryPoint","urlTemplate":"https:\/\/discover-culture.com\/de\/?s={search_term_string}"},"query-input":{"@type":"PropertyValueSpecification","valueRequired":true,"valueName":"search_term_string"}}],"inLanguage":"de"}]}},"_links":{"self":[{"href":"https:\/\/discover-culture.com\/de\/wp-json\/wp\/v2\/product\/7594","targetHints":{"allow":["GET"]}}],"collection":[{"href":"https:\/\/discover-culture.com\/de\/wp-json\/wp\/v2\/product"}],"about":[{"href":"https:\/\/discover-culture.com\/de\/wp-json\/wp\/v2\/types\/product"}],"wp:featuredmedia":[{"embeddable":true,"href":"https:\/\/discover-culture.com\/de\/wp-json\/wp\/v2\/media\/7614"}],"wp:attachment":[{"href":"https:\/\/discover-culture.com\/de\/wp-json\/wp\/v2\/media?parent=7594"}],"wp:term":[{"taxonomy":"product_brand","embeddable":true,"href":"https:\/\/discover-culture.com\/de\/wp-json\/wp\/v2\/product_brand?post=7594"},{"taxonomy":"product_cat","embeddable":true,"href":"https:\/\/discover-culture.com\/de\/wp-json\/wp\/v2\/product_cat?post=7594"},{"taxonomy":"product_tag","embeddable":true,"href":"https:\/\/discover-culture.com\/de\/wp-json\/wp\/v2\/product_tag?post=7594"}],"curies":[{"name":"wp","href":"https:\/\/api.w.org\/{rel}","templated":true}]}}