{"id":7523,"date":"2025-07-17T09:45:00","date_gmt":"2025-07-17T07:45:00","guid":{"rendered":"https:\/\/discover-culture.com\/partner\/\/touren\/"},"modified":"2025-09-29T11:33:02","modified_gmt":"2025-09-29T09:33:02","slug":"wintersportmuseum-haus-im-ennstal","status":"publish","type":"product","link":"https:\/\/discover-culture.com\/partner\/wintersportmuseum-haus-im-ennstal\/touren\/wintersportmuseum-haus-im-ennstal","title":{"rendered":"Wintersportmuseum Haus im Ennstal"},"content":{"rendered":"<section id='lightpress__section--block_75d1a60393cd4cdf93b377f7f5fdab43' class='lightpress__section lightpress__section--content'><div class=\"content__grid content__grid\">\n    <div class=\"content__box content__box--one-hundred\">\n                                                        <h3 align=\"center\">Winter im Wandel \u2013 Eine digitale Reise durch Schnee, Sport und Geschichte<\/h3>\n\n                                        <\/div>\n    <\/div><\/section>\n\n<section id='lightpress__section--block_b8af8c6570d2fec1aff79b9374ce5f85' class='lightpress__section lightpress__section--content'><div class=\"content__grid content__grid\">\n    <div class=\"content__box content__box--two-thirds content__box--text-center\">\n                                                        <h4>Erleben Sie virtuell, wie der Winter zum Sport wurde<\/p>\n<p><\/h4>\n<p>Eingebettet in die Bergwelt der Schladminger Tauern erz\u00e4hlt das Wintersportmuseum Haus im Ennstal die faszinierende Geschichte des Skisports in der Region \u2013 von den Anf\u00e4ngen bis in die Gegenwart. <\/p>\n<p>Historische Ausr\u00fcstungen, einzigartige Sammlerst\u00fccke und spannende Geschichten machen sichtbar, wie eng Haus im Ennstal und die Region Schadming Dachstein mit dem Wintersport verbunden sind.<\/p>\n\n                                        <\/div>\n            <div class=\"content__box content__box\">\n                                                                    <img decoding=\"async\" class=\"content__image\" src=\"https:\/\/discover-culture.com\/wp-content\/uploads\/Wintersportmuseum1.jpg\" alt=\"Wintersportmuseum\" loading=\"lazy\">\n                                                        <\/div>\n    <\/div><\/section>\n\n<section id='lightpress__section--block_c9db22bb49d6afad1e820c4c0f47d4c5' class='lightpress__section lightpress__section--content'><div class=\"content__grid content__grid--fifty-fifty\">\n    <div class=\"content__box content__box\">\n                                                    <img decoding=\"async\" class=\"content__image\" src=\"https:\/\/discover-culture.com\/wp-content\/uploads\/Wintersportmuseum4.jpg\" alt=\"Wintersportmuseum\" loading=\"lazy\">\n                                        <\/div>\n            <div class=\"content__box content__box content__box--text-center\">\n                                                                        <p><strong>1. Leben und Arbeit im Schnee<\/strong> <br \/>Fr\u00fchformen der Schneefortbewegung, wie Schneereifen und Tatzschlitten, veranschaulichen den Alltag von J\u00e4gern und Holzarbeitern im Hochgebirge.<\/p>\n<p><strong>2. Freizeit und Wettkampf<\/strong> <br \/>Der Winter als Spielfeld: Vom Rodeln bis zum Eisschie\u00dfen werden l\u00e4ndliche Wintervergn\u00fcgen und erste Wettbewerbe lebendig dargestellt.<\/p>\n<p><strong>3. Aufschwung des Skisports und Tourismus<\/strong> <br \/>Mit der \u201eEinstocktechnik\u201c begann das Skifahren, gefolgt vom aufkommenden Wintertourismus rund um den Hauser Kaibling \u2013 von Pionieren wie Friedrich Kabusch bis zu den ersten Schulskikursen.<\/p>\n\n                                                        <\/div>\n    <\/div><\/section>\n\n<section id='lightpress__section--block_e0511e9920645d90adf6e52d35fc53b7' class='lightpress__section lightpress__section--content'><div class=\"content__grid content__grid\">\n    <div class=\"content__box content__box--one-hundred\">\n                                                        <p><a class=\"lcyd__button lcyd__button--animate lcyd__button--arrow lcyd__button--animate\" href=\"https:\/\/www.haus.at\/de\/freizeit-kultur\/wintersportmuseum.php\" target=\"_blank\" rel=\"noopener\">&#8211;&gt; Mehr Informationen<\/a><\/p>\n\n                                        <\/div>\n    <\/div><\/section>","protected":false},"excerpt":{"rendered":"","protected":false},"featured_media":7546,"template":"","meta":{"_acf_changed":true,"_relevanssi_hide_post":"","_relevanssi_hide_content":"","_relevanssi_pin_for_all":"","_relevanssi_pin_keywords":"","_relevanssi_unpin_keywords":"","_relevanssi_related_keywords":"","_relevanssi_related_include_ids":"","_relevanssi_related_exclude_ids":"","_relevanssi_related_no_append":"","_relevanssi_related_not_related":"","_relevanssi_related_posts":"","_relevanssi_noindex_reason":""},"product_brand":[],"product_cat":[16],"product_tag":[],"class_list":["product-available","product","first","instock","virtual","sold-individually","taxable","purchasable","product-type-simple"],"bundled_by":[],"bundle_stock_status":"instock","bundle_stock_quantity":null,"bundle_virtual":false,"bundle_layout":"","bundle_add_to_cart_form_location":"","bundle_editable_in_cart":false,"bundle_sold_individually_context":"","bundle_item_grouping":"","bundle_min_size":"","bundle_max_size":"","bundle_price":[],"bundled_items":[],"bundle_sell_ids":[],"acf":[],"yoast_head":"<!-- This site is optimized with the Yoast SEO Premium plugin v25.7.1 (Yoast SEO v26.8) - https:\/\/yoast.com\/product\/yoast-seo-premium-wordpress\/ -->\n<title>Wintersportmuseum Haus im Ennstal - Discover-Culture<\/title>\n<meta name=\"description\" content=\"Finden Sie hier alle Informationen zum Produkt Wintersportmuseum Haus im Ennstal und betreten Sie die neue Welt von Kunst und Kultur!\" \/>\n<meta name=\"robots\" content=\"index, follow, max-snippet:-1, max-image-preview:large, max-video-preview:-1\" \/>\n<link rel=\"canonical\" href=\"https:\/\/discover-culture.com\/de\/partner\/wintersportmuseum-haus-im-ennstal\/touren\/wintersportmuseum-haus-im-ennstal\/\" \/>\n<meta property=\"og:locale\" content=\"de_DE\" \/>\n<meta property=\"og:type\" content=\"article\" \/>\n<meta property=\"og:title\" content=\"Wintersportmuseum Haus im Ennstal\" \/>\n<meta property=\"og:description\" content=\"Finden Sie hier alle Informationen zum Produkt Wintersportmuseum Haus im Ennstal und betreten Sie die neue Welt von Kunst und Kultur!\" \/>\n<meta property=\"og:url\" content=\"https:\/\/discover-culture.com\/de\/partner\/wintersportmuseum-haus-im-ennstal\/touren\/wintersportmuseum-haus-im-ennstal\/\" \/>\n<meta property=\"og:site_name\" content=\"Discover-Culture\" \/>\n<meta property=\"article:modified_time\" content=\"2025-09-29T09:33:02+00:00\" \/>\n<meta property=\"og:image\" content=\"https:\/\/discover-culture.com\/wp-content\/uploads\/IMG_1355-scaled.jpg\" \/>\n\t<meta property=\"og:image:width\" content=\"2560\" \/>\n\t<meta property=\"og:image:height\" content=\"1707\" \/>\n\t<meta property=\"og:image:type\" content=\"image\/jpeg\" \/>\n<meta name=\"twitter:card\" content=\"summary_large_image\" \/>\n<meta name=\"twitter:label1\" content=\"Gesch\u00e4tzte Lesezeit\" \/>\n\t<meta name=\"twitter:data1\" content=\"1\u00a0Minute\" \/>\n<script type=\"application\/ld+json\" class=\"yoast-schema-graph\">{\"@context\":\"https:\/\/schema.org\",\"@graph\":[{\"@type\":\"WebPage\",\"@id\":\"https:\/\/discover-culture.com\/partner\/wintersportmuseum-haus-im-ennstal\/touren\/wintersportmuseum-haus-im-ennstal\/\",\"url\":\"https:\/\/discover-culture.com\/partner\/wintersportmuseum-haus-im-ennstal\/touren\/wintersportmuseum-haus-im-ennstal\/\",\"name\":\"Wintersportmuseum Haus im Ennstal - Discover-Culture\",\"isPartOf\":{\"@id\":\"https:\/\/discover-culture.com\/de\/#website\"},\"primaryImageOfPage\":{\"@id\":\"https:\/\/discover-culture.com\/partner\/wintersportmuseum-haus-im-ennstal\/touren\/wintersportmuseum-haus-im-ennstal\/#primaryimage\"},\"image\":{\"@id\":\"https:\/\/discover-culture.com\/partner\/wintersportmuseum-haus-im-ennstal\/touren\/wintersportmuseum-haus-im-ennstal\/#primaryimage\"},\"thumbnailUrl\":\"https:\/\/discover-culture.com\/wp-content\/uploads\/IMG_1355-scaled.jpg\",\"datePublished\":\"2025-07-17T07:45:00+00:00\",\"dateModified\":\"2025-09-29T09:33:02+00:00\",\"description\":\"Finden Sie hier alle Informationen zum Produkt Wintersportmuseum Haus im Ennstal und betreten Sie die neue Welt von Kunst und Kultur!\",\"breadcrumb\":{\"@id\":\"https:\/\/discover-culture.com\/partner\/wintersportmuseum-haus-im-ennstal\/touren\/wintersportmuseum-haus-im-ennstal\/#breadcrumb\"},\"inLanguage\":\"de\",\"potentialAction\":[{\"@type\":\"ReadAction\",\"target\":[\"https:\/\/discover-culture.com\/partner\/wintersportmuseum-haus-im-ennstal\/touren\/wintersportmuseum-haus-im-ennstal\/\"]}]},{\"@type\":\"ImageObject\",\"inLanguage\":\"de\",\"@id\":\"https:\/\/discover-culture.com\/partner\/wintersportmuseum-haus-im-ennstal\/touren\/wintersportmuseum-haus-im-ennstal\/#primaryimage\",\"url\":\"https:\/\/discover-culture.com\/wp-content\/uploads\/IMG_1355-scaled.jpg\",\"contentUrl\":\"https:\/\/discover-culture.com\/wp-content\/uploads\/IMG_1355-scaled.jpg\",\"width\":2560,\"height\":1707,\"caption\":\"Wintersportmuseum Haus\"},{\"@type\":\"BreadcrumbList\",\"@id\":\"https:\/\/discover-culture.com\/partner\/wintersportmuseum-haus-im-ennstal\/touren\/wintersportmuseum-haus-im-ennstal\/#breadcrumb\",\"itemListElement\":[{\"@type\":\"ListItem\",\"position\":1,\"name\":\"Home\",\"item\":\"https:\/\/discover-culture.com\/\"},{\"@type\":\"ListItem\",\"position\":2,\"name\":\"Produkte\",\"item\":\"https:\/\/discover-culture.com\/de\/shop\/\"},{\"@type\":\"ListItem\",\"position\":3,\"name\":\"Wintersportmuseum Haus im Ennstal\"}]},{\"@type\":\"WebSite\",\"@id\":\"https:\/\/discover-culture.com\/de\/#website\",\"url\":\"https:\/\/discover-culture.com\/de\/\",\"name\":\"Discover-Culture\",\"description\":\"\",\"potentialAction\":[{\"@type\":\"SearchAction\",\"target\":{\"@type\":\"EntryPoint\",\"urlTemplate\":\"https:\/\/discover-culture.com\/de\/?s={search_term_string}\"},\"query-input\":{\"@type\":\"PropertyValueSpecification\",\"valueRequired\":true,\"valueName\":\"search_term_string\"}}],\"inLanguage\":\"de\"}]}<\/script>\n<!-- \/ Yoast SEO Premium plugin. -->","yoast_head_json":{"title":"Wintersportmuseum Haus im Ennstal - Discover-Culture","description":"Finden Sie hier alle Informationen zum Produkt Wintersportmuseum Haus im Ennstal und betreten Sie die neue Welt von Kunst und Kultur!","robots":{"index":"index","follow":"follow","max-snippet":"max-snippet:-1","max-image-preview":"max-image-preview:large","max-video-preview":"max-video-preview:-1"},"canonical":"https:\/\/discover-culture.com\/de\/partner\/wintersportmuseum-haus-im-ennstal\/touren\/wintersportmuseum-haus-im-ennstal\/","og_locale":"de_DE","og_type":"article","og_title":"Wintersportmuseum Haus im Ennstal","og_description":"Finden Sie hier alle Informationen zum Produkt Wintersportmuseum Haus im Ennstal und betreten Sie die neue Welt von Kunst und Kultur!","og_url":"https:\/\/discover-culture.com\/de\/partner\/wintersportmuseum-haus-im-ennstal\/touren\/wintersportmuseum-haus-im-ennstal\/","og_site_name":"Discover-Culture","article_modified_time":"2025-09-29T09:33:02+00:00","og_image":[{"width":2560,"height":1707,"url":"https:\/\/discover-culture.com\/wp-content\/uploads\/IMG_1355-scaled.jpg","type":"image\/jpeg"}],"twitter_card":"summary_large_image","twitter_misc":{"Gesch\u00e4tzte Lesezeit":"1\u00a0Minute"},"schema":{"@context":"https:\/\/schema.org","@graph":[{"@type":"WebPage","@id":"https:\/\/discover-culture.com\/partner\/wintersportmuseum-haus-im-ennstal\/touren\/wintersportmuseum-haus-im-ennstal\/","url":"https:\/\/discover-culture.com\/partner\/wintersportmuseum-haus-im-ennstal\/touren\/wintersportmuseum-haus-im-ennstal\/","name":"Wintersportmuseum Haus im Ennstal - Discover-Culture","isPartOf":{"@id":"https:\/\/discover-culture.com\/de\/#website"},"primaryImageOfPage":{"@id":"https:\/\/discover-culture.com\/partner\/wintersportmuseum-haus-im-ennstal\/touren\/wintersportmuseum-haus-im-ennstal\/#primaryimage"},"image":{"@id":"https:\/\/discover-culture.com\/partner\/wintersportmuseum-haus-im-ennstal\/touren\/wintersportmuseum-haus-im-ennstal\/#primaryimage"},"thumbnailUrl":"https:\/\/discover-culture.com\/wp-content\/uploads\/IMG_1355-scaled.jpg","datePublished":"2025-07-17T07:45:00+00:00","dateModified":"2025-09-29T09:33:02+00:00","description":"Finden Sie hier alle Informationen zum Produkt Wintersportmuseum Haus im Ennstal und betreten Sie die neue Welt von Kunst und Kultur!","breadcrumb":{"@id":"https:\/\/discover-culture.com\/partner\/wintersportmuseum-haus-im-ennstal\/touren\/wintersportmuseum-haus-im-ennstal\/#breadcrumb"},"inLanguage":"de","potentialAction":[{"@type":"ReadAction","target":["https:\/\/discover-culture.com\/partner\/wintersportmuseum-haus-im-ennstal\/touren\/wintersportmuseum-haus-im-ennstal\/"]}]},{"@type":"ImageObject","inLanguage":"de","@id":"https:\/\/discover-culture.com\/partner\/wintersportmuseum-haus-im-ennstal\/touren\/wintersportmuseum-haus-im-ennstal\/#primaryimage","url":"https:\/\/discover-culture.com\/wp-content\/uploads\/IMG_1355-scaled.jpg","contentUrl":"https:\/\/discover-culture.com\/wp-content\/uploads\/IMG_1355-scaled.jpg","width":2560,"height":1707,"caption":"Wintersportmuseum Haus"},{"@type":"BreadcrumbList","@id":"https:\/\/discover-culture.com\/partner\/wintersportmuseum-haus-im-ennstal\/touren\/wintersportmuseum-haus-im-ennstal\/#breadcrumb","itemListElement":[{"@type":"ListItem","position":1,"name":"Home","item":"https:\/\/discover-culture.com\/"},{"@type":"ListItem","position":2,"name":"Produkte","item":"https:\/\/discover-culture.com\/de\/shop\/"},{"@type":"ListItem","position":3,"name":"Wintersportmuseum Haus im Ennstal"}]},{"@type":"WebSite","@id":"https:\/\/discover-culture.com\/de\/#website","url":"https:\/\/discover-culture.com\/de\/","name":"Discover-Culture","description":"","potentialAction":[{"@type":"SearchAction","target":{"@type":"EntryPoint","urlTemplate":"https:\/\/discover-culture.com\/de\/?s={search_term_string}"},"query-input":{"@type":"PropertyValueSpecification","valueRequired":true,"valueName":"search_term_string"}}],"inLanguage":"de"}]}},"_links":{"self":[{"href":"https:\/\/discover-culture.com\/de\/wp-json\/wp\/v2\/product\/7523","targetHints":{"allow":["GET"]}}],"collection":[{"href":"https:\/\/discover-culture.com\/de\/wp-json\/wp\/v2\/product"}],"about":[{"href":"https:\/\/discover-culture.com\/de\/wp-json\/wp\/v2\/types\/product"}],"wp:featuredmedia":[{"embeddable":true,"href":"https:\/\/discover-culture.com\/de\/wp-json\/wp\/v2\/media\/7546"}],"wp:attachment":[{"href":"https:\/\/discover-culture.com\/de\/wp-json\/wp\/v2\/media?parent=7523"}],"wp:term":[{"taxonomy":"product_brand","embeddable":true,"href":"https:\/\/discover-culture.com\/de\/wp-json\/wp\/v2\/product_brand?post=7523"},{"taxonomy":"product_cat","embeddable":true,"href":"https:\/\/discover-culture.com\/de\/wp-json\/wp\/v2\/product_cat?post=7523"},{"taxonomy":"product_tag","embeddable":true,"href":"https:\/\/discover-culture.com\/de\/wp-json\/wp\/v2\/product_tag?post=7523"}],"curies":[{"name":"wp","href":"https:\/\/api.w.org\/{rel}","templated":true}]}}