{"id":7513,"date":"2025-09-02T13:45:32","date_gmt":"2025-09-02T11:45:32","guid":{"rendered":"https:\/\/discover-culture.com\/partner\/\/touren\/"},"modified":"2025-09-02T13:49:04","modified_gmt":"2025-09-02T11:49:04","slug":"museum-zeitroas-2025","status":"publish","type":"product","link":"https:\/\/discover-culture.com\/partner\/museum-zeitroas-ramsau-am-dachstein\/touren\/museum-zeitroas-2025","title":{"rendered":"Museum Zeitroas | 2025"},"content":{"rendered":"<section id='lightpress__section--block_3c19078cb05ab2720c52d6158617fb85' class='lightpress__section lightpress__section--content'><div class=\"content__grid content__grid--fifty-fifty\">\n    <div class=\"content__box content__box\">\n                                                        <p align=\"center\"><strong>Die Geschichte von Ramsau am Dachstein<br \/>im Museum Zeitroas hautnah erleben.<\/strong><\/p>\n<p align=\"center\"><strong>Sonderausstellung:<\/strong> <br \/>&#8222;Die Wahren und die Filmbergretter&#8220;<\/p>\n\n                                        <\/div>\n            <div class=\"content__box content__box\">\n                                                                    <img decoding=\"async\" class=\"content__image\" src=\"https:\/\/discover-culture.com\/wp-content\/uploads\/Logo-Zeitroas.jpg\" alt=\"Logo Zeitroas\" loading=\"lazy\">\n                                                        <\/div>\n    <\/div><\/section>\n\n<section id='lightpress__section--block_7bf00d39d92a6e8039bddccbd6231624' class='lightpress__section lightpress__section--content'><div class=\"content__grid content__grid\">\n    <div class=\"content__box content__box--two-thirds\">\n                                                    <img decoding=\"async\" class=\"content__image\" src=\"https:\/\/discover-culture.com\/wp-content\/uploads\/Ueberblick_Museum_Zeitroas.jpg\" alt=\"Ueberblick Museum Zeitroas\" loading=\"lazy\">\n                                        <\/div>\n            <div class=\"content__box content__box\">\n                                                                        <p>Tauche virtuell ein in die Historie, die Braucht\u00fcmer und die Besonderheiten der Ramsau und der Menschen am Fu\u00dfe des m\u00e4chtigen Dachstein.<\/p>\n<p>Das Museum Zeitroas hat viel zu erz\u00e4hlen &#8211; vom Heimatmuseum, \u00fcber Sonderausstellungen bis zur touristischen Erfolgsgeschichte, die die Ramsau bis zum heutigen Tag schreibt.<\/p>\n<p>Erfahre\u00a0 innerhalb dieser Tour von Mitarbeitern des Museums spannende Details und Informationen direkt aus dem Museum.<\/p>\n\n                                                        <\/div>\n    <\/div><\/section>\n\n<section id='lightpress__section--block_22dfe8d6acc43504eeeb69d527403ddb' class='lightpress__section lightpress__section--content-with-gallery'><h2 class=\"cwg__headline\"><\/h2>\n<div id='lightpress__section--block_69d38b818192f' class='cwg__content lightpress__section--content'><div class=\"content__grid content__grid\">\n    <div class=\"content__box content__box--one-hundred\">\n                                                        \n                                        <\/div>\n    <\/div><\/div>\n\n<div class=\"cwg__gallery cwg__gallery--3\">\n                    <picture class=\"cwg__image\">\n            <source srcset=\"https:\/\/discover-culture.com\/wp-content\/uploads\/Murmeltier.webp\" type=\"image\/webp\">\n            <source srcset=\"https:\/\/discover-culture.com\/wp-content\/uploads\/Murmeltier.jpg\" type=\"image\/jpeg\">\n            <img decoding=\"async\" loading=\"lazy\" src=\"https:\/\/discover-culture.com\/wp-content\/uploads\/Murmeltier.jpg\" alt=\"Murmeltier\">\n        <\/picture>\n                    <picture class=\"cwg__image\">\n            <source srcset=\"https:\/\/discover-culture.com\/wp-content\/uploads\/Heimatmuseum.webp\" type=\"image\/webp\">\n            <source srcset=\"https:\/\/discover-culture.com\/wp-content\/uploads\/Heimatmuseum.jpg\" type=\"image\/jpeg\">\n            <img decoding=\"async\" loading=\"lazy\" src=\"https:\/\/discover-culture.com\/wp-content\/uploads\/Heimatmuseum.jpg\" alt=\"Heimatmuseum\">\n        <\/picture>\n                    <picture class=\"cwg__image\">\n            <source srcset=\"https:\/\/discover-culture.com\/wp-content\/uploads\/Steinbock.webp\" type=\"image\/webp\">\n            <source srcset=\"https:\/\/discover-culture.com\/wp-content\/uploads\/Steinbock.jpg\" type=\"image\/jpeg\">\n            <img decoding=\"async\" loading=\"lazy\" src=\"https:\/\/discover-culture.com\/wp-content\/uploads\/Steinbock.jpg\" alt=\"Steinbock\">\n        <\/picture>\n    <\/div><\/section>\n\n<section id='lightpress__section--block_b8e22e541fba5ccafd98d9922def1731' class='lightpress__section lightpress__section--content'><div class=\"content__grid content__grid--fifty-fifty\">\n    <div class=\"content__box content__box content__box--text-center\">\n                                                        <p>Hole Dir in der virtuellen Tour Lust auf den n\u00e4chsten Besuch im <strong>Museum Zeitroas in Ramsau am Dachstein<\/strong>.<\/p>\n<p><a class=\"lcyd__button lcyd__button--animate lcyd__button--arrow lcyd__button--animate\" href=\"https:\/\/zeitroas.at\/\" target=\"_blank\" rel=\"noopener\">Mehr Informationen<\/a><\/p>\n\n                                        <\/div>\n            <div class=\"content__box content__box\">\n                                                                    <img decoding=\"async\" class=\"content__image\" src=\"https:\/\/discover-culture.com\/wp-content\/uploads\/Bergretter.jpg\" alt=\"Die Bergretter\" loading=\"lazy\">\n                                            <p class=\"copyright copyright--light\">Bilder in der Ausstellung: \u00a9Martin Huber<\/p>\n                                                        <\/div>\n    <\/div><\/section>","protected":false},"excerpt":{"rendered":"","protected":false},"featured_media":7567,"template":"","meta":{"_acf_changed":true,"_relevanssi_hide_post":"","_relevanssi_hide_content":"","_relevanssi_pin_for_all":"","_relevanssi_pin_keywords":"","_relevanssi_unpin_keywords":"","_relevanssi_related_keywords":"","_relevanssi_related_include_ids":"","_relevanssi_related_exclude_ids":"","_relevanssi_related_no_append":"","_relevanssi_related_not_related":"","_relevanssi_related_posts":"","_relevanssi_noindex_reason":""},"product_brand":[],"product_cat":[16],"product_tag":[],"class_list":["product-available","product","first","instock","virtual","sold-individually","taxable","purchasable","product-type-simple"],"bundled_by":[],"bundle_stock_status":"instock","bundle_stock_quantity":null,"bundle_virtual":false,"bundle_layout":"","bundle_add_to_cart_form_location":"","bundle_editable_in_cart":false,"bundle_sold_individually_context":"","bundle_item_grouping":"","bundle_min_size":"","bundle_max_size":"","bundle_price":[],"bundled_items":[],"bundle_sell_ids":[],"acf":[],"yoast_head":"<!-- This site is optimized with the Yoast SEO Premium plugin v25.7.1 (Yoast SEO v26.8) - https:\/\/yoast.com\/product\/yoast-seo-premium-wordpress\/ -->\n<title>Museum Zeitroas | 2025 - Discover-Culture<\/title>\n<meta name=\"description\" content=\"Finden Sie hier alle Informationen zum Produkt Museum Zeitroas | 2025 und betreten Sie die neue Welt von Kunst und Kultur!\" \/>\n<meta name=\"robots\" content=\"index, follow, max-snippet:-1, max-image-preview:large, max-video-preview:-1\" \/>\n<link rel=\"canonical\" href=\"https:\/\/discover-culture.com\/de\/partner\/museum-zeitroas-ramsau-am-dachstein\/touren\/museum-zeitroas-2025\/\" \/>\n<meta property=\"og:locale\" content=\"de_DE\" \/>\n<meta property=\"og:type\" content=\"article\" \/>\n<meta property=\"og:title\" content=\"Museum Zeitroas | 2025\" \/>\n<meta property=\"og:description\" content=\"Finden Sie hier alle Informationen zum Produkt Museum Zeitroas | 2025 und betreten Sie die neue Welt von Kunst und Kultur!\" \/>\n<meta property=\"og:url\" content=\"https:\/\/discover-culture.com\/de\/partner\/museum-zeitroas-ramsau-am-dachstein\/touren\/museum-zeitroas-2025\/\" \/>\n<meta property=\"og:site_name\" content=\"Discover-Culture\" \/>\n<meta property=\"article:modified_time\" content=\"2025-09-02T11:49:04+00:00\" \/>\n<meta property=\"og:image\" content=\"https:\/\/discover-culture.com\/wp-content\/uploads\/Zeitroas-24-scaled.jpg\" \/>\n\t<meta property=\"og:image:width\" content=\"2560\" \/>\n\t<meta property=\"og:image:height\" content=\"1707\" \/>\n\t<meta property=\"og:image:type\" content=\"image\/jpeg\" \/>\n<meta name=\"twitter:card\" content=\"summary_large_image\" \/>\n<meta name=\"twitter:label1\" content=\"Gesch\u00e4tzte Lesezeit\" \/>\n\t<meta name=\"twitter:data1\" content=\"1\u00a0Minute\" \/>\n<script type=\"application\/ld+json\" class=\"yoast-schema-graph\">{\"@context\":\"https:\/\/schema.org\",\"@graph\":[{\"@type\":\"WebPage\",\"@id\":\"https:\/\/discover-culture.com\/partner\/museum-zeitroas-ramsau-am-dachstein\/touren\/museum-zeitroas-2025\/\",\"url\":\"https:\/\/discover-culture.com\/partner\/museum-zeitroas-ramsau-am-dachstein\/touren\/museum-zeitroas-2025\/\",\"name\":\"Museum Zeitroas | 2025 - Discover-Culture\",\"isPartOf\":{\"@id\":\"https:\/\/discover-culture.com\/de\/#website\"},\"primaryImageOfPage\":{\"@id\":\"https:\/\/discover-culture.com\/partner\/museum-zeitroas-ramsau-am-dachstein\/touren\/museum-zeitroas-2025\/#primaryimage\"},\"image\":{\"@id\":\"https:\/\/discover-culture.com\/partner\/museum-zeitroas-ramsau-am-dachstein\/touren\/museum-zeitroas-2025\/#primaryimage\"},\"thumbnailUrl\":\"https:\/\/discover-culture.com\/wp-content\/uploads\/Zeitroas-24-scaled.jpg\",\"datePublished\":\"2025-09-02T11:45:32+00:00\",\"dateModified\":\"2025-09-02T11:49:04+00:00\",\"description\":\"Finden Sie hier alle Informationen zum Produkt Museum Zeitroas | 2025 und betreten Sie die neue Welt von Kunst und Kultur!\",\"breadcrumb\":{\"@id\":\"https:\/\/discover-culture.com\/partner\/museum-zeitroas-ramsau-am-dachstein\/touren\/museum-zeitroas-2025\/#breadcrumb\"},\"inLanguage\":\"de\",\"potentialAction\":[{\"@type\":\"ReadAction\",\"target\":[\"https:\/\/discover-culture.com\/partner\/museum-zeitroas-ramsau-am-dachstein\/touren\/museum-zeitroas-2025\/\"]}]},{\"@type\":\"ImageObject\",\"inLanguage\":\"de\",\"@id\":\"https:\/\/discover-culture.com\/partner\/museum-zeitroas-ramsau-am-dachstein\/touren\/museum-zeitroas-2025\/#primaryimage\",\"url\":\"https:\/\/discover-culture.com\/wp-content\/uploads\/Zeitroas-24-scaled.jpg\",\"contentUrl\":\"https:\/\/discover-culture.com\/wp-content\/uploads\/Zeitroas-24-scaled.jpg\",\"width\":2560,\"height\":1707,\"caption\":\"Zeitroas\"},{\"@type\":\"BreadcrumbList\",\"@id\":\"https:\/\/discover-culture.com\/partner\/museum-zeitroas-ramsau-am-dachstein\/touren\/museum-zeitroas-2025\/#breadcrumb\",\"itemListElement\":[{\"@type\":\"ListItem\",\"position\":1,\"name\":\"Home\",\"item\":\"https:\/\/discover-culture.com\/\"},{\"@type\":\"ListItem\",\"position\":2,\"name\":\"Produkte\",\"item\":\"https:\/\/discover-culture.com\/de\/shop\/\"},{\"@type\":\"ListItem\",\"position\":3,\"name\":\"Museum Zeitroas | 2025\"}]},{\"@type\":\"WebSite\",\"@id\":\"https:\/\/discover-culture.com\/de\/#website\",\"url\":\"https:\/\/discover-culture.com\/de\/\",\"name\":\"Discover-Culture\",\"description\":\"\",\"potentialAction\":[{\"@type\":\"SearchAction\",\"target\":{\"@type\":\"EntryPoint\",\"urlTemplate\":\"https:\/\/discover-culture.com\/de\/?s={search_term_string}\"},\"query-input\":{\"@type\":\"PropertyValueSpecification\",\"valueRequired\":true,\"valueName\":\"search_term_string\"}}],\"inLanguage\":\"de\"}]}<\/script>\n<!-- \/ Yoast SEO Premium plugin. -->","yoast_head_json":{"title":"Museum Zeitroas | 2025 - Discover-Culture","description":"Finden Sie hier alle Informationen zum Produkt Museum Zeitroas | 2025 und betreten Sie die neue Welt von Kunst und Kultur!","robots":{"index":"index","follow":"follow","max-snippet":"max-snippet:-1","max-image-preview":"max-image-preview:large","max-video-preview":"max-video-preview:-1"},"canonical":"https:\/\/discover-culture.com\/de\/partner\/museum-zeitroas-ramsau-am-dachstein\/touren\/museum-zeitroas-2025\/","og_locale":"de_DE","og_type":"article","og_title":"Museum Zeitroas | 2025","og_description":"Finden Sie hier alle Informationen zum Produkt Museum Zeitroas | 2025 und betreten Sie die neue Welt von Kunst und Kultur!","og_url":"https:\/\/discover-culture.com\/de\/partner\/museum-zeitroas-ramsau-am-dachstein\/touren\/museum-zeitroas-2025\/","og_site_name":"Discover-Culture","article_modified_time":"2025-09-02T11:49:04+00:00","og_image":[{"width":2560,"height":1707,"url":"https:\/\/discover-culture.com\/wp-content\/uploads\/Zeitroas-24-scaled.jpg","type":"image\/jpeg"}],"twitter_card":"summary_large_image","twitter_misc":{"Gesch\u00e4tzte Lesezeit":"1\u00a0Minute"},"schema":{"@context":"https:\/\/schema.org","@graph":[{"@type":"WebPage","@id":"https:\/\/discover-culture.com\/partner\/museum-zeitroas-ramsau-am-dachstein\/touren\/museum-zeitroas-2025\/","url":"https:\/\/discover-culture.com\/partner\/museum-zeitroas-ramsau-am-dachstein\/touren\/museum-zeitroas-2025\/","name":"Museum Zeitroas | 2025 - Discover-Culture","isPartOf":{"@id":"https:\/\/discover-culture.com\/de\/#website"},"primaryImageOfPage":{"@id":"https:\/\/discover-culture.com\/partner\/museum-zeitroas-ramsau-am-dachstein\/touren\/museum-zeitroas-2025\/#primaryimage"},"image":{"@id":"https:\/\/discover-culture.com\/partner\/museum-zeitroas-ramsau-am-dachstein\/touren\/museum-zeitroas-2025\/#primaryimage"},"thumbnailUrl":"https:\/\/discover-culture.com\/wp-content\/uploads\/Zeitroas-24-scaled.jpg","datePublished":"2025-09-02T11:45:32+00:00","dateModified":"2025-09-02T11:49:04+00:00","description":"Finden Sie hier alle Informationen zum Produkt Museum Zeitroas | 2025 und betreten Sie die neue Welt von Kunst und Kultur!","breadcrumb":{"@id":"https:\/\/discover-culture.com\/partner\/museum-zeitroas-ramsau-am-dachstein\/touren\/museum-zeitroas-2025\/#breadcrumb"},"inLanguage":"de","potentialAction":[{"@type":"ReadAction","target":["https:\/\/discover-culture.com\/partner\/museum-zeitroas-ramsau-am-dachstein\/touren\/museum-zeitroas-2025\/"]}]},{"@type":"ImageObject","inLanguage":"de","@id":"https:\/\/discover-culture.com\/partner\/museum-zeitroas-ramsau-am-dachstein\/touren\/museum-zeitroas-2025\/#primaryimage","url":"https:\/\/discover-culture.com\/wp-content\/uploads\/Zeitroas-24-scaled.jpg","contentUrl":"https:\/\/discover-culture.com\/wp-content\/uploads\/Zeitroas-24-scaled.jpg","width":2560,"height":1707,"caption":"Zeitroas"},{"@type":"BreadcrumbList","@id":"https:\/\/discover-culture.com\/partner\/museum-zeitroas-ramsau-am-dachstein\/touren\/museum-zeitroas-2025\/#breadcrumb","itemListElement":[{"@type":"ListItem","position":1,"name":"Home","item":"https:\/\/discover-culture.com\/"},{"@type":"ListItem","position":2,"name":"Produkte","item":"https:\/\/discover-culture.com\/de\/shop\/"},{"@type":"ListItem","position":3,"name":"Museum Zeitroas | 2025"}]},{"@type":"WebSite","@id":"https:\/\/discover-culture.com\/de\/#website","url":"https:\/\/discover-culture.com\/de\/","name":"Discover-Culture","description":"","potentialAction":[{"@type":"SearchAction","target":{"@type":"EntryPoint","urlTemplate":"https:\/\/discover-culture.com\/de\/?s={search_term_string}"},"query-input":{"@type":"PropertyValueSpecification","valueRequired":true,"valueName":"search_term_string"}}],"inLanguage":"de"}]}},"_links":{"self":[{"href":"https:\/\/discover-culture.com\/de\/wp-json\/wp\/v2\/product\/7513","targetHints":{"allow":["GET"]}}],"collection":[{"href":"https:\/\/discover-culture.com\/de\/wp-json\/wp\/v2\/product"}],"about":[{"href":"https:\/\/discover-culture.com\/de\/wp-json\/wp\/v2\/types\/product"}],"wp:featuredmedia":[{"embeddable":true,"href":"https:\/\/discover-culture.com\/de\/wp-json\/wp\/v2\/media\/7567"}],"wp:attachment":[{"href":"https:\/\/discover-culture.com\/de\/wp-json\/wp\/v2\/media?parent=7513"}],"wp:term":[{"taxonomy":"product_brand","embeddable":true,"href":"https:\/\/discover-culture.com\/de\/wp-json\/wp\/v2\/product_brand?post=7513"},{"taxonomy":"product_cat","embeddable":true,"href":"https:\/\/discover-culture.com\/de\/wp-json\/wp\/v2\/product_cat?post=7513"},{"taxonomy":"product_tag","embeddable":true,"href":"https:\/\/discover-culture.com\/de\/wp-json\/wp\/v2\/product_tag?post=7513"}],"curies":[{"name":"wp","href":"https:\/\/api.w.org\/{rel}","templated":true}]}}