{"id":7391,"date":"2025-02-20T14:58:55","date_gmt":"2025-02-20T12:58:55","guid":{"rendered":"https:\/\/discover-culture.com\/partner\/\/touren\/"},"modified":"2025-05-14T10:30:17","modified_gmt":"2025-05-14T08:30:17","slug":"anton-corbijn-favourite-darkness","status":"publish","type":"product","link":"https:\/\/discover-culture.com\/partner\/bank-austria-kunstforum-wien\/touren\/anton-corbijn-favourite-darkness","title":{"rendered":"Anton Corbijn: Favourite Darkness"},"content":{"rendered":"<section id='lightpress__section--block_4f1a0f99845b2e130a3e98591886ad3e' class='lightpress__section lightpress__section--content'><div class=\"content__grid content__grid\">\n    <div class=\"content__box content__box--one-hundred\">\n                                                        <div align=\"center\">\n<h3>Anton Corbijn: Favourite Darkness<\/h3>\n<p>15. Februar bis 29. Juni 2025<\/div>\n<h6>Titelbild: Anton Corbijn Jodie Foster, Hollywood 1995 \u00a9 Anton Corbijn<\/h6>\n\n                                        <\/div>\n    <\/div><\/section>\n\n<section id='lightpress__section--block_dd89e1829ddb080a03c0ce261f35c58d' class='lightpress__section lightpress__section--content'><div class=\"content__grid content__grid\">\n    <div class=\"content__box content__box--one-hundred\">\n                                                        <p>\u201eAnton made us look cool\u201c, berichtet Dave Gahan von Depeche Mode \u00fcber die k\u00fcnstlerische Zusammenarbeit mit Anton Corbijn. Corbijn hat seit den 1970er Jahren mit seinen einpr\u00e4gsamen Portraits von Musikschaffenden, Schauspieler:innen, Schriftsteller:innen und bildenden K\u00fcnstler:innen die Art und Weise, wir wir seit diesem Jahrzehnt Popkultur rezipieren, ma\u00dfgeblich beeinflusst. <\/p>\n<p>Bei dieser digitalen F\u00fchrung durch die \u201eAnton Corbijn: Favourite Darkness\u201c im Bank Austria Kunstforum gibt der Journalist und Musikexperte Walter Gr\u00f6bchen gemeinsam mit Kuratorin Lisa Ortner-Kreil pers\u00f6nliche Einblicke in die Grenz- und \u00dcberschneidungsbereiche von Fotografie und Musik.<\/p>\n\n                                        <\/div>\n    <\/div><\/section>\n\n<section id='lightpress__section--block_a9b4a252c51d852e9c9177fd6771ba57' class='lightpress__section lightpress__section--content'><div class=\"content__grid content__grid\">\n    <div class=\"content__box content__box--two-thirds content__box--text-center\">\n                                                        <p>Anton Corbijn (geb. 1955 in Strijen, Niederlande) ist ein Fotograf, Regisseur und Designer, der in Amsterdam lebt. Seit den 1970er-Jahren hat er mit seinen Bildern die Art, wie wir Popkultur wahrnehmen, entscheidend gepr\u00e4gt.<\/p>\n<p>Die Ausstellung Anton Corbijn: Favourite Darkness im Bank Austria Kunstforum Wien versammelt an die 200 Arbeiten aus f\u00fcnf Dekaden, darunter Corbijns ber\u00fchmteste Fotografien und eine Auswahl seiner ab 1983 entstandenen Musikvideos, die eher wie kurze Autorenfilme wirken.<\/p>\n<p>Dar\u00fcber hinaus hat der K\u00fcnstler sein Archiv ge\u00f6ffnet und zeigt erstmals Skizzen f\u00fcr B\u00fchnenbilder und Albumcover. Anton Corbijn hat als Artdirector f\u00fcr Depeche Mode Geschichte geschrieben und die visuelle Identit\u00e4t der Band, mit der er seit 1986 regelm\u00e4\u00dfig zusammenarbeitet, \u00fcberhaupt erst erschaffen.<\/p>\n<h6>Bild: Anton Corbijn Philip Seymour Hoffman, New York 2011 \u00a9 Anton Corbijn<\/h6>\n\n                                        <\/div>\n            <div class=\"content__box content__box\">\n                                                                    <img decoding=\"async\" class=\"content__image\" src=\"https:\/\/discover-culture.com\/wp-content\/uploads\/005-1-scaled.jpg\" alt=\"005\" loading=\"lazy\">\n                                                        <\/div>\n    <\/div><\/section>\n\n<section id='lightpress__section--block_b2074ba61e3f943dabc49005ec38f7ca' class='lightpress__section lightpress__section--content'><div class=\"content__grid content__grid\">\n    <div class=\"content__box content__box\">\n                                                    <img decoding=\"async\" class=\"content__image\" src=\"https:\/\/discover-culture.com\/wp-content\/uploads\/009-2-scaled.jpg\" alt=\"009\" loading=\"lazy\">\n                                        <\/div>\n            <div class=\"content__box content__box--one-third content__box--text-center\">\n                                                                        <p>Vor Corbijns Kamera standen unz\u00e4hlige K\u00fcnstler:innen aus den Bereichen Musik, bildende Kunst, Literatur und Mode. Viele Aufnahmen wurden zu regelrechten Ikonen \u2013 ein Begriff, dem Corbijn, Sohn eines protestantischen Pastors und einer Krankenschwester, kritisch gegen\u00fcbersteht. <\/p>\n<p>Nichtsdestotrotz sind Corbijns Aufwachsen und das damit zusammenh\u00e4ngende ehrliche und anhaltende Interesse an Menschen, die k\u00fcnstlerisch Gro\u00dfes schaffen, der Schl\u00fcssel zum Verst\u00e4ndnis seiner Bildsprache. Seine Portr\u00e4ts zeigen stets den Menschen hinter der Celebrity. Er versetzt seine Protagonist:innen in unorthodoxe Settings, fotografiert sie aus gro\u00dfer N\u00e4he, schafft Momente voll Intimit\u00e4t, Vertrauen und \u00dcberraschung. <br \/>Typisch f\u00fcr seine oft unkonventionell komponierten Portr\u00e4ts ist die K\u00f6rnigkeit und bewusste Unterbelichtung. Auch im metaphorischen Sinn sind viele seiner Bilder dunkel, melancholisch.<\/p>\n<h6>Bild:Anton Corbijn Self Portrait, London 1987 \u00a9 Anton Corbijn<\/h6>\n\n                                                        <\/div>\n    <\/div><\/section>\n\n<section id='lightpress__section--block_7357ff9056d34f91a65e3e458cfbb101' class='lightpress__section lightpress__section--content'><div class=\"content__grid content__grid\">\n    <div class=\"content__box content__box--one-hundred\">\n                                                        <p>Anton Corbijn: Favourite Darkness ist Anton Corbijns erste Einzelausstellung in Wien und findet anl\u00e4sslich seines 70. Geburtstages statt. <br \/>Parallel zur Ausstellung findet im Wiener Gartenbaukino eine Retrospektive zu Anton Corbijns filmischem Schaffen statt. <\/p>\n<p>Kuratiert von Lisa Ortner-Kreil<\/p>\n\n                                        <\/div>\n    <\/div><\/section>","protected":false},"excerpt":{"rendered":"","protected":false},"featured_media":7392,"template":"","meta":{"_acf_changed":true,"_relevanssi_hide_post":"","_relevanssi_hide_content":"","_relevanssi_pin_for_all":"","_relevanssi_pin_keywords":"","_relevanssi_unpin_keywords":"","_relevanssi_related_keywords":"","_relevanssi_related_include_ids":"","_relevanssi_related_exclude_ids":"","_relevanssi_related_no_append":"","_relevanssi_related_not_related":"","_relevanssi_related_posts":"","_relevanssi_noindex_reason":""},"product_brand":[],"product_cat":[21],"product_tag":[],"class_list":["product-available","product","first","instock","virtual","sold-individually","taxable","purchasable","product-type-simple"],"bundled_by":[],"bundle_stock_status":"instock","bundle_stock_quantity":null,"bundle_virtual":false,"bundle_layout":"","bundle_add_to_cart_form_location":"","bundle_editable_in_cart":false,"bundle_sold_individually_context":"","bundle_item_grouping":"","bundle_min_size":"","bundle_max_size":"","bundle_price":[],"bundled_items":[],"bundle_sell_ids":[],"acf":[],"yoast_head":"<!-- This site is optimized with the Yoast SEO Premium plugin v25.7.1 (Yoast SEO v26.8) - https:\/\/yoast.com\/product\/yoast-seo-premium-wordpress\/ -->\n<title>Anton Corbijn: Favourite Darkness - Discover-Culture<\/title>\n<meta name=\"description\" content=\"Finden Sie hier alle Informationen zum Produkt Anton Corbijn: Favourite Darkness und betreten Sie die neue Welt von Kunst und Kultur!\" \/>\n<meta name=\"robots\" content=\"index, follow, max-snippet:-1, max-image-preview:large, max-video-preview:-1\" \/>\n<link rel=\"canonical\" href=\"https:\/\/discover-culture.com\/de\/partner\/bank-austria-kunstforum-wien\/touren\/anton-corbijn-favourite-darkness\/\" \/>\n<meta property=\"og:locale\" content=\"de_DE\" \/>\n<meta property=\"og:type\" content=\"article\" \/>\n<meta property=\"og:title\" content=\"Anton Corbijn: Favourite Darkness\" \/>\n<meta property=\"og:description\" content=\"Finden Sie hier alle Informationen zum Produkt Anton Corbijn: Favourite Darkness und betreten Sie die neue Welt von Kunst und Kultur!\" \/>\n<meta property=\"og:url\" content=\"https:\/\/discover-culture.com\/de\/partner\/bank-austria-kunstforum-wien\/touren\/anton-corbijn-favourite-darkness\/\" \/>\n<meta property=\"og:site_name\" content=\"Discover-Culture\" \/>\n<meta property=\"article:modified_time\" content=\"2025-05-14T08:30:17+00:00\" \/>\n<meta property=\"og:image\" content=\"https:\/\/discover-culture.com\/wp-content\/uploads\/002-6-1016x1024.jpg\" \/>\n\t<meta property=\"og:image:width\" content=\"1016\" \/>\n\t<meta property=\"og:image:height\" content=\"1024\" \/>\n\t<meta property=\"og:image:type\" content=\"image\/jpeg\" \/>\n<meta name=\"twitter:card\" content=\"summary_large_image\" \/>\n<meta name=\"twitter:label1\" content=\"Gesch\u00e4tzte Lesezeit\" \/>\n\t<meta name=\"twitter:data1\" content=\"1\u00a0Minute\" \/>\n<script type=\"application\/ld+json\" class=\"yoast-schema-graph\">{\"@context\":\"https:\/\/schema.org\",\"@graph\":[{\"@type\":\"WebPage\",\"@id\":\"https:\/\/discover-culture.com\/partner\/bank-austria-kunstforum-wien\/touren\/anton-corbijn-favourite-darkness\/\",\"url\":\"https:\/\/discover-culture.com\/partner\/bank-austria-kunstforum-wien\/touren\/anton-corbijn-favourite-darkness\/\",\"name\":\"Anton Corbijn: Favourite Darkness - Discover-Culture\",\"isPartOf\":{\"@id\":\"https:\/\/discover-culture.com\/de\/#website\"},\"primaryImageOfPage\":{\"@id\":\"https:\/\/discover-culture.com\/partner\/bank-austria-kunstforum-wien\/touren\/anton-corbijn-favourite-darkness\/#primaryimage\"},\"image\":{\"@id\":\"https:\/\/discover-culture.com\/partner\/bank-austria-kunstforum-wien\/touren\/anton-corbijn-favourite-darkness\/#primaryimage\"},\"thumbnailUrl\":\"https:\/\/discover-culture.com\/wp-content\/uploads\/002-6-scaled.jpg\",\"datePublished\":\"2025-02-20T12:58:55+00:00\",\"dateModified\":\"2025-05-14T08:30:17+00:00\",\"description\":\"Finden Sie hier alle Informationen zum Produkt Anton Corbijn: Favourite Darkness und betreten Sie die neue Welt von Kunst und Kultur!\",\"breadcrumb\":{\"@id\":\"https:\/\/discover-culture.com\/partner\/bank-austria-kunstforum-wien\/touren\/anton-corbijn-favourite-darkness\/#breadcrumb\"},\"inLanguage\":\"de\",\"potentialAction\":[{\"@type\":\"ReadAction\",\"target\":[\"https:\/\/discover-culture.com\/partner\/bank-austria-kunstforum-wien\/touren\/anton-corbijn-favourite-darkness\/\"]}]},{\"@type\":\"ImageObject\",\"inLanguage\":\"de\",\"@id\":\"https:\/\/discover-culture.com\/partner\/bank-austria-kunstforum-wien\/touren\/anton-corbijn-favourite-darkness\/#primaryimage\",\"url\":\"https:\/\/discover-culture.com\/wp-content\/uploads\/002-6-scaled.jpg\",\"contentUrl\":\"https:\/\/discover-culture.com\/wp-content\/uploads\/002-6-scaled.jpg\",\"width\":2540,\"height\":2560,\"caption\":\"002\"},{\"@type\":\"BreadcrumbList\",\"@id\":\"https:\/\/discover-culture.com\/partner\/bank-austria-kunstforum-wien\/touren\/anton-corbijn-favourite-darkness\/#breadcrumb\",\"itemListElement\":[{\"@type\":\"ListItem\",\"position\":1,\"name\":\"Home\",\"item\":\"https:\/\/discover-culture.com\/\"},{\"@type\":\"ListItem\",\"position\":2,\"name\":\"Produkte\",\"item\":\"https:\/\/discover-culture.com\/de\/shop\/\"},{\"@type\":\"ListItem\",\"position\":3,\"name\":\"Anton Corbijn: Favourite Darkness\"}]},{\"@type\":\"WebSite\",\"@id\":\"https:\/\/discover-culture.com\/de\/#website\",\"url\":\"https:\/\/discover-culture.com\/de\/\",\"name\":\"Discover-Culture\",\"description\":\"\",\"potentialAction\":[{\"@type\":\"SearchAction\",\"target\":{\"@type\":\"EntryPoint\",\"urlTemplate\":\"https:\/\/discover-culture.com\/de\/?s={search_term_string}\"},\"query-input\":{\"@type\":\"PropertyValueSpecification\",\"valueRequired\":true,\"valueName\":\"search_term_string\"}}],\"inLanguage\":\"de\"}]}<\/script>\n<!-- \/ Yoast SEO Premium plugin. -->","yoast_head_json":{"title":"Anton Corbijn: Favourite Darkness - Discover-Culture","description":"Finden Sie hier alle Informationen zum Produkt Anton Corbijn: Favourite Darkness und betreten Sie die neue Welt von Kunst und Kultur!","robots":{"index":"index","follow":"follow","max-snippet":"max-snippet:-1","max-image-preview":"max-image-preview:large","max-video-preview":"max-video-preview:-1"},"canonical":"https:\/\/discover-culture.com\/de\/partner\/bank-austria-kunstforum-wien\/touren\/anton-corbijn-favourite-darkness\/","og_locale":"de_DE","og_type":"article","og_title":"Anton Corbijn: Favourite Darkness","og_description":"Finden Sie hier alle Informationen zum Produkt Anton Corbijn: Favourite Darkness und betreten Sie die neue Welt von Kunst und Kultur!","og_url":"https:\/\/discover-culture.com\/de\/partner\/bank-austria-kunstforum-wien\/touren\/anton-corbijn-favourite-darkness\/","og_site_name":"Discover-Culture","article_modified_time":"2025-05-14T08:30:17+00:00","og_image":[{"width":1016,"height":1024,"url":"https:\/\/discover-culture.com\/wp-content\/uploads\/002-6-1016x1024.jpg","type":"image\/jpeg"}],"twitter_card":"summary_large_image","twitter_misc":{"Gesch\u00e4tzte Lesezeit":"1\u00a0Minute"},"schema":{"@context":"https:\/\/schema.org","@graph":[{"@type":"WebPage","@id":"https:\/\/discover-culture.com\/partner\/bank-austria-kunstforum-wien\/touren\/anton-corbijn-favourite-darkness\/","url":"https:\/\/discover-culture.com\/partner\/bank-austria-kunstforum-wien\/touren\/anton-corbijn-favourite-darkness\/","name":"Anton Corbijn: Favourite Darkness - Discover-Culture","isPartOf":{"@id":"https:\/\/discover-culture.com\/de\/#website"},"primaryImageOfPage":{"@id":"https:\/\/discover-culture.com\/partner\/bank-austria-kunstforum-wien\/touren\/anton-corbijn-favourite-darkness\/#primaryimage"},"image":{"@id":"https:\/\/discover-culture.com\/partner\/bank-austria-kunstforum-wien\/touren\/anton-corbijn-favourite-darkness\/#primaryimage"},"thumbnailUrl":"https:\/\/discover-culture.com\/wp-content\/uploads\/002-6-scaled.jpg","datePublished":"2025-02-20T12:58:55+00:00","dateModified":"2025-05-14T08:30:17+00:00","description":"Finden Sie hier alle Informationen zum Produkt Anton Corbijn: Favourite Darkness und betreten Sie die neue Welt von Kunst und Kultur!","breadcrumb":{"@id":"https:\/\/discover-culture.com\/partner\/bank-austria-kunstforum-wien\/touren\/anton-corbijn-favourite-darkness\/#breadcrumb"},"inLanguage":"de","potentialAction":[{"@type":"ReadAction","target":["https:\/\/discover-culture.com\/partner\/bank-austria-kunstforum-wien\/touren\/anton-corbijn-favourite-darkness\/"]}]},{"@type":"ImageObject","inLanguage":"de","@id":"https:\/\/discover-culture.com\/partner\/bank-austria-kunstforum-wien\/touren\/anton-corbijn-favourite-darkness\/#primaryimage","url":"https:\/\/discover-culture.com\/wp-content\/uploads\/002-6-scaled.jpg","contentUrl":"https:\/\/discover-culture.com\/wp-content\/uploads\/002-6-scaled.jpg","width":2540,"height":2560,"caption":"002"},{"@type":"BreadcrumbList","@id":"https:\/\/discover-culture.com\/partner\/bank-austria-kunstforum-wien\/touren\/anton-corbijn-favourite-darkness\/#breadcrumb","itemListElement":[{"@type":"ListItem","position":1,"name":"Home","item":"https:\/\/discover-culture.com\/"},{"@type":"ListItem","position":2,"name":"Produkte","item":"https:\/\/discover-culture.com\/de\/shop\/"},{"@type":"ListItem","position":3,"name":"Anton Corbijn: Favourite Darkness"}]},{"@type":"WebSite","@id":"https:\/\/discover-culture.com\/de\/#website","url":"https:\/\/discover-culture.com\/de\/","name":"Discover-Culture","description":"","potentialAction":[{"@type":"SearchAction","target":{"@type":"EntryPoint","urlTemplate":"https:\/\/discover-culture.com\/de\/?s={search_term_string}"},"query-input":{"@type":"PropertyValueSpecification","valueRequired":true,"valueName":"search_term_string"}}],"inLanguage":"de"}]}},"_links":{"self":[{"href":"https:\/\/discover-culture.com\/de\/wp-json\/wp\/v2\/product\/7391","targetHints":{"allow":["GET"]}}],"collection":[{"href":"https:\/\/discover-culture.com\/de\/wp-json\/wp\/v2\/product"}],"about":[{"href":"https:\/\/discover-culture.com\/de\/wp-json\/wp\/v2\/types\/product"}],"wp:featuredmedia":[{"embeddable":true,"href":"https:\/\/discover-culture.com\/de\/wp-json\/wp\/v2\/media\/7392"}],"wp:attachment":[{"href":"https:\/\/discover-culture.com\/de\/wp-json\/wp\/v2\/media?parent=7391"}],"wp:term":[{"taxonomy":"product_brand","embeddable":true,"href":"https:\/\/discover-culture.com\/de\/wp-json\/wp\/v2\/product_brand?post=7391"},{"taxonomy":"product_cat","embeddable":true,"href":"https:\/\/discover-culture.com\/de\/wp-json\/wp\/v2\/product_cat?post=7391"},{"taxonomy":"product_tag","embeddable":true,"href":"https:\/\/discover-culture.com\/de\/wp-json\/wp\/v2\/product_tag?post=7391"}],"curies":[{"name":"wp","href":"https:\/\/api.w.org\/{rel}","templated":true}]}}