{"id":7335,"date":"2024-11-22T11:24:21","date_gmt":"2024-11-22T09:24:21","guid":{"rendered":"https:\/\/discover-culture.com\/partner\/\/touren\/"},"modified":"2024-12-03T22:04:28","modified_gmt":"2024-12-03T20:04:28","slug":"gauguin-unexpected-teil-2","status":"publish","type":"product","link":"https:\/\/discover-culture.com\/partner\/bank-austria-kunstforum-wien\/touren\/gauguin-unexpected-teil-2","title":{"rendered":"Gauguin-unexpected | Teil 2"},"content":{"rendered":"<section id='lightpress__section--block_896511b537c3e66cf93312485243153b' class='lightpress__section lightpress__section--content'><div class=\"content__grid content__grid\">\n    <div class=\"content__box content__box--one-hundred\">\n                                                        <h2 align=\"center\">2. digitale F\u00fchrung zu <br \/>Gauguin &#8211; unexpected<\/h2>\n<h6>Titelbild: Paul Gauguin, Interieur mit Aline, 1881, Sheffield Museums Trust, Dauerleihgabe aus Privatbesitz, \u00a9 Sheffield Museums Trust \/ Foto: Rheinisches Bildarchiv, Marc Weber<\/h6>\n\n                                        <\/div>\n    <\/div><\/section>\n\n<section id='lightpress__section--block_bed4d27c4ca5075db507466148e4b1d5' class='lightpress__section lightpress__section--content'><div class=\"content__grid content__grid--fifty-fifty\">\n    <div class=\"content__box content__box content__box--text-center\">\n                                                        <p>Tauchen Sie ein in die farbenfrohe Welt Paul Gauguins!<\/p>\n<p>Erfahren Sie in diesem zweiten Ausstellungsrundgang durch Gauguin &#8211; unexpected, wie der K\u00fcnstler durch seine Suche nach neuen Ausdrucksformen die Kunstgeschichte nachhaltig pr\u00e4gte. Mit seinen leuchtenden Farben und kraftvollen Formen brach er mit den klassischen Normen und ebnete den Weg f\u00fcr die Moderne.<\/p>\n<p>Doch Gauguins Lebensweg war nicht nur von k\u00fcnstlerischen Neuerungen gepr\u00e4gt, sondern auch von pers\u00f6nlichen und moralischen Kontroversen.<\/p>\n<p>Begleiten Sie uns und entdecken Sie, wie dieser komplexe K\u00fcnstler nicht nur die Grenzen der Malerei verschob, sondern auch die Kunstgeschichte und gesellschaftliche Normen herausforderte.<\/p>\n<h6>Bild: Paul Gauguin, Stillleben mit Blumen und Idol, \u00a9 Kunsthaus Zu\u0308rich, Geschenk Walter Haefner, 1995<\/h6>\n\n                                        <\/div>\n            <div class=\"content__box content__box\">\n                                                                    <img decoding=\"async\" class=\"content__image\" src=\"https:\/\/discover-culture.com\/wp-content\/uploads\/10_Stillleben-Blumen-Idol-scaled.jpg\" alt=\"10 Stillleben Blumen Idol\" loading=\"lazy\">\n                                                        <\/div>\n    <\/div><\/section>","protected":false},"excerpt":{"rendered":"","protected":false},"featured_media":7337,"template":"","meta":{"_acf_changed":true,"_relevanssi_hide_post":"","_relevanssi_hide_content":"","_relevanssi_pin_for_all":"","_relevanssi_pin_keywords":"","_relevanssi_unpin_keywords":"","_relevanssi_related_keywords":"","_relevanssi_related_include_ids":"","_relevanssi_related_exclude_ids":"","_relevanssi_related_no_append":"","_relevanssi_related_not_related":"","_relevanssi_related_posts":"","_relevanssi_noindex_reason":""},"product_brand":[],"product_cat":[21],"product_tag":[],"class_list":["product-available","product","first","instock","virtual","sold-individually","taxable","purchasable","product-type-simple"],"bundled_by":[],"bundle_stock_status":"instock","bundle_stock_quantity":null,"bundle_virtual":false,"bundle_layout":"","bundle_add_to_cart_form_location":"","bundle_editable_in_cart":false,"bundle_sold_individually_context":"","bundle_item_grouping":"","bundle_min_size":"","bundle_max_size":"","bundle_price":[],"bundled_items":[],"bundle_sell_ids":[],"acf":[],"yoast_head":"<!-- This site is optimized with the Yoast SEO Premium plugin v25.7.1 (Yoast SEO v26.8) - https:\/\/yoast.com\/product\/yoast-seo-premium-wordpress\/ -->\n<title>Gauguin-unexpected | Teil 2 - Discover-Culture<\/title>\n<meta name=\"description\" content=\"Finden Sie hier alle Informationen zum Produkt Gauguin-unexpected Teil 2 und betreten Sie die neue Welt von Kunst und Kultur!\" \/>\n<meta name=\"robots\" content=\"index, follow, max-snippet:-1, max-image-preview:large, max-video-preview:-1\" \/>\n<link rel=\"canonical\" href=\"https:\/\/discover-culture.com\/de\/partner\/bank-austria-kunstforum-wien\/touren\/gauguin-unexpected-teil-2\/\" \/>\n<meta property=\"og:locale\" content=\"de_DE\" \/>\n<meta property=\"og:type\" content=\"article\" \/>\n<meta property=\"og:title\" content=\"Gauguin-unexpected | Teil 2\" \/>\n<meta property=\"og:description\" content=\"Finden Sie hier alle Informationen zum Produkt Gauguin-unexpected Teil 2 und betreten Sie die neue Welt von Kunst und Kultur!\" \/>\n<meta property=\"og:url\" content=\"https:\/\/discover-culture.com\/de\/partner\/bank-austria-kunstforum-wien\/touren\/gauguin-unexpected-teil-2\/\" \/>\n<meta property=\"og:site_name\" content=\"Discover-Culture\" \/>\n<meta property=\"article:modified_time\" content=\"2024-12-03T20:04:28+00:00\" \/>\n<meta property=\"og:image\" content=\"https:\/\/discover-culture.com\/wp-content\/uploads\/03_Interieur-Aline-scaled.jpg\" \/>\n\t<meta property=\"og:image:width\" content=\"2560\" \/>\n\t<meta property=\"og:image:height\" content=\"2235\" \/>\n\t<meta property=\"og:image:type\" content=\"image\/jpeg\" \/>\n<meta name=\"twitter:card\" content=\"summary_large_image\" \/>\n<meta name=\"twitter:label1\" content=\"Gesch\u00e4tzte Lesezeit\" \/>\n\t<meta name=\"twitter:data1\" content=\"1\u00a0Minute\" \/>\n<script type=\"application\/ld+json\" class=\"yoast-schema-graph\">{\"@context\":\"https:\/\/schema.org\",\"@graph\":[{\"@type\":\"WebPage\",\"@id\":\"https:\/\/discover-culture.com\/partner\/bank-austria-kunstforum-wien\/touren\/gauguin-unexpected-teil-2\/\",\"url\":\"https:\/\/discover-culture.com\/partner\/bank-austria-kunstforum-wien\/touren\/gauguin-unexpected-teil-2\/\",\"name\":\"Gauguin-unexpected | Teil 2 - Discover-Culture\",\"isPartOf\":{\"@id\":\"https:\/\/discover-culture.com\/de\/#website\"},\"primaryImageOfPage\":{\"@id\":\"https:\/\/discover-culture.com\/partner\/bank-austria-kunstforum-wien\/touren\/gauguin-unexpected-teil-2\/#primaryimage\"},\"image\":{\"@id\":\"https:\/\/discover-culture.com\/partner\/bank-austria-kunstforum-wien\/touren\/gauguin-unexpected-teil-2\/#primaryimage\"},\"thumbnailUrl\":\"https:\/\/discover-culture.com\/wp-content\/uploads\/03_Interieur-Aline-scaled.jpg\",\"datePublished\":\"2024-11-22T09:24:21+00:00\",\"dateModified\":\"2024-12-03T20:04:28+00:00\",\"description\":\"Finden Sie hier alle Informationen zum Produkt Gauguin-unexpected Teil 2 und betreten Sie die neue Welt von Kunst und Kultur!\",\"breadcrumb\":{\"@id\":\"https:\/\/discover-culture.com\/partner\/bank-austria-kunstforum-wien\/touren\/gauguin-unexpected-teil-2\/#breadcrumb\"},\"inLanguage\":\"de\",\"potentialAction\":[{\"@type\":\"ReadAction\",\"target\":[\"https:\/\/discover-culture.com\/partner\/bank-austria-kunstforum-wien\/touren\/gauguin-unexpected-teil-2\/\"]}]},{\"@type\":\"ImageObject\",\"inLanguage\":\"de\",\"@id\":\"https:\/\/discover-culture.com\/partner\/bank-austria-kunstforum-wien\/touren\/gauguin-unexpected-teil-2\/#primaryimage\",\"url\":\"https:\/\/discover-culture.com\/wp-content\/uploads\/03_Interieur-Aline-scaled.jpg\",\"contentUrl\":\"https:\/\/discover-culture.com\/wp-content\/uploads\/03_Interieur-Aline-scaled.jpg\",\"width\":2560,\"height\":2235,\"caption\":\"03 Interieur Aline\"},{\"@type\":\"BreadcrumbList\",\"@id\":\"https:\/\/discover-culture.com\/partner\/bank-austria-kunstforum-wien\/touren\/gauguin-unexpected-teil-2\/#breadcrumb\",\"itemListElement\":[{\"@type\":\"ListItem\",\"position\":1,\"name\":\"Home\",\"item\":\"https:\/\/discover-culture.com\/\"},{\"@type\":\"ListItem\",\"position\":2,\"name\":\"Produkte\",\"item\":\"https:\/\/discover-culture.com\/de\/shop\/\"},{\"@type\":\"ListItem\",\"position\":3,\"name\":\"Gauguin-unexpected | Teil 2\"}]},{\"@type\":\"WebSite\",\"@id\":\"https:\/\/discover-culture.com\/de\/#website\",\"url\":\"https:\/\/discover-culture.com\/de\/\",\"name\":\"Discover-Culture\",\"description\":\"\",\"potentialAction\":[{\"@type\":\"SearchAction\",\"target\":{\"@type\":\"EntryPoint\",\"urlTemplate\":\"https:\/\/discover-culture.com\/de\/?s={search_term_string}\"},\"query-input\":{\"@type\":\"PropertyValueSpecification\",\"valueRequired\":true,\"valueName\":\"search_term_string\"}}],\"inLanguage\":\"de\"}]}<\/script>\n<!-- \/ Yoast SEO Premium plugin. -->","yoast_head_json":{"title":"Gauguin-unexpected | Teil 2 - Discover-Culture","description":"Finden Sie hier alle Informationen zum Produkt Gauguin-unexpected Teil 2 und betreten Sie die neue Welt von Kunst und Kultur!","robots":{"index":"index","follow":"follow","max-snippet":"max-snippet:-1","max-image-preview":"max-image-preview:large","max-video-preview":"max-video-preview:-1"},"canonical":"https:\/\/discover-culture.com\/de\/partner\/bank-austria-kunstforum-wien\/touren\/gauguin-unexpected-teil-2\/","og_locale":"de_DE","og_type":"article","og_title":"Gauguin-unexpected | Teil 2","og_description":"Finden Sie hier alle Informationen zum Produkt Gauguin-unexpected Teil 2 und betreten Sie die neue Welt von Kunst und Kultur!","og_url":"https:\/\/discover-culture.com\/de\/partner\/bank-austria-kunstforum-wien\/touren\/gauguin-unexpected-teil-2\/","og_site_name":"Discover-Culture","article_modified_time":"2024-12-03T20:04:28+00:00","og_image":[{"width":2560,"height":2235,"url":"https:\/\/discover-culture.com\/wp-content\/uploads\/03_Interieur-Aline-scaled.jpg","type":"image\/jpeg"}],"twitter_card":"summary_large_image","twitter_misc":{"Gesch\u00e4tzte Lesezeit":"1\u00a0Minute"},"schema":{"@context":"https:\/\/schema.org","@graph":[{"@type":"WebPage","@id":"https:\/\/discover-culture.com\/partner\/bank-austria-kunstforum-wien\/touren\/gauguin-unexpected-teil-2\/","url":"https:\/\/discover-culture.com\/partner\/bank-austria-kunstforum-wien\/touren\/gauguin-unexpected-teil-2\/","name":"Gauguin-unexpected | Teil 2 - Discover-Culture","isPartOf":{"@id":"https:\/\/discover-culture.com\/de\/#website"},"primaryImageOfPage":{"@id":"https:\/\/discover-culture.com\/partner\/bank-austria-kunstforum-wien\/touren\/gauguin-unexpected-teil-2\/#primaryimage"},"image":{"@id":"https:\/\/discover-culture.com\/partner\/bank-austria-kunstforum-wien\/touren\/gauguin-unexpected-teil-2\/#primaryimage"},"thumbnailUrl":"https:\/\/discover-culture.com\/wp-content\/uploads\/03_Interieur-Aline-scaled.jpg","datePublished":"2024-11-22T09:24:21+00:00","dateModified":"2024-12-03T20:04:28+00:00","description":"Finden Sie hier alle Informationen zum Produkt Gauguin-unexpected Teil 2 und betreten Sie die neue Welt von Kunst und Kultur!","breadcrumb":{"@id":"https:\/\/discover-culture.com\/partner\/bank-austria-kunstforum-wien\/touren\/gauguin-unexpected-teil-2\/#breadcrumb"},"inLanguage":"de","potentialAction":[{"@type":"ReadAction","target":["https:\/\/discover-culture.com\/partner\/bank-austria-kunstforum-wien\/touren\/gauguin-unexpected-teil-2\/"]}]},{"@type":"ImageObject","inLanguage":"de","@id":"https:\/\/discover-culture.com\/partner\/bank-austria-kunstforum-wien\/touren\/gauguin-unexpected-teil-2\/#primaryimage","url":"https:\/\/discover-culture.com\/wp-content\/uploads\/03_Interieur-Aline-scaled.jpg","contentUrl":"https:\/\/discover-culture.com\/wp-content\/uploads\/03_Interieur-Aline-scaled.jpg","width":2560,"height":2235,"caption":"03 Interieur Aline"},{"@type":"BreadcrumbList","@id":"https:\/\/discover-culture.com\/partner\/bank-austria-kunstforum-wien\/touren\/gauguin-unexpected-teil-2\/#breadcrumb","itemListElement":[{"@type":"ListItem","position":1,"name":"Home","item":"https:\/\/discover-culture.com\/"},{"@type":"ListItem","position":2,"name":"Produkte","item":"https:\/\/discover-culture.com\/de\/shop\/"},{"@type":"ListItem","position":3,"name":"Gauguin-unexpected | Teil 2"}]},{"@type":"WebSite","@id":"https:\/\/discover-culture.com\/de\/#website","url":"https:\/\/discover-culture.com\/de\/","name":"Discover-Culture","description":"","potentialAction":[{"@type":"SearchAction","target":{"@type":"EntryPoint","urlTemplate":"https:\/\/discover-culture.com\/de\/?s={search_term_string}"},"query-input":{"@type":"PropertyValueSpecification","valueRequired":true,"valueName":"search_term_string"}}],"inLanguage":"de"}]}},"_links":{"self":[{"href":"https:\/\/discover-culture.com\/de\/wp-json\/wp\/v2\/product\/7335","targetHints":{"allow":["GET"]}}],"collection":[{"href":"https:\/\/discover-culture.com\/de\/wp-json\/wp\/v2\/product"}],"about":[{"href":"https:\/\/discover-culture.com\/de\/wp-json\/wp\/v2\/types\/product"}],"wp:featuredmedia":[{"embeddable":true,"href":"https:\/\/discover-culture.com\/de\/wp-json\/wp\/v2\/media\/7337"}],"wp:attachment":[{"href":"https:\/\/discover-culture.com\/de\/wp-json\/wp\/v2\/media?parent=7335"}],"wp:term":[{"taxonomy":"product_brand","embeddable":true,"href":"https:\/\/discover-culture.com\/de\/wp-json\/wp\/v2\/product_brand?post=7335"},{"taxonomy":"product_cat","embeddable":true,"href":"https:\/\/discover-culture.com\/de\/wp-json\/wp\/v2\/product_cat?post=7335"},{"taxonomy":"product_tag","embeddable":true,"href":"https:\/\/discover-culture.com\/de\/wp-json\/wp\/v2\/product_tag?post=7335"}],"curies":[{"name":"wp","href":"https:\/\/api.w.org\/{rel}","templated":true}]}}