{"id":7213,"date":"2024-05-15T09:13:47","date_gmt":"2024-05-15T07:13:47","guid":{"rendered":"https:\/\/discover-culture.com\/partner\/\/touren\/"},"modified":"2024-05-29T15:48:04","modified_gmt":"2024-05-29T13:48:04","slug":"literaturmuseum-altaussee","status":"publish","type":"product","link":"https:\/\/discover-culture.com\/partner\/literaturmuseum-altaussee\/touren\/literaturmuseum-altaussee","title":{"rendered":"Literaturmuseum Altaussee"},"content":{"rendered":"<section id='lightpress__section--block_0b11874862073fc04184813c25e7fabc' class='lightpress__section lightpress__section--content'><div class=\"content__grid content__grid\">\n    <div class=\"content__box content__box--one-hundred\">\n                                                        <h3 align=\"center\">Das Literaturmuseum Altaussee virtuell erleben<\/h3>\n\n                                        <\/div>\n    <\/div><\/section>\n\n<section id='lightpress__section--block_48c77619a5bf68b7214af737e91eab5f' class='lightpress__section lightpress__section--content'><div class=\"content__grid content__grid--fifty-fifty\">\n    <div class=\"content__box content__box content__box--text-center\">\n                                                        <p><strong>Start des virtuellen Rundganges im Buchshop<\/strong><\/p>\n<p>Ausgehend vom Buchshop, der eine virtuelle Einladung zum Schm\u00f6kern vor Ort sein kann, l\u00e4\u00dft sich auf interaktive Weise mehr \u00fcber prominente Pers\u00f6nlichkeiten und die Literaturgeschichte der Region erfahren.<\/p>\n\n                                        <\/div>\n            <div class=\"content__box content__box\">\n                                                                    <img decoding=\"async\" class=\"content__image\" src=\"https:\/\/discover-culture.com\/wp-content\/uploads\/Buchshop_Literaturmuseum.jpg\" alt=\"Screenshot\" loading=\"lazy\">\n                                                        <\/div>\n    <\/div><\/section>\n\n<section id='lightpress__section--block_d68c17a87eb9cbf2ec2e9851d0559168' class='lightpress__section lightpress__section--content'><div class=\"content__grid content__grid\">\n    <div class=\"content__box content__box\">\n                                                    <img decoding=\"async\" class=\"content__image\" src=\"https:\/\/discover-culture.com\/wp-content\/uploads\/Hochformat_LiteraturmuseumAltaussee\u00a9Kulturfux7-scaled.jpg\" alt=\"Hochformat LiteraturmuseumAltaussee\u00a9Kulturfux7\" loading=\"lazy\">\n                                        <\/div>\n            <div class=\"content__box content__box--one-third content__box--text-center\">\n                                                                        <p><strong>Im Literaturmuseum<br \/><\/strong><br \/>Von bedeutenden Autoren bis hin zu einzigartigen Exponaten bietet der virtuelle Rundgang eine immersive Erfahrung, die die Besucher in die Welt der Literatur eintauchen l\u00e4sst und zugleich zum Besuch vor Ort einl\u00e4dt &#8211; ins Literaturmuseum Altaussee.<\/p>\n<p><a class=\"lcyd__button lcyd__button--animate lcyd__button--arrow lcyd__button--animate\" href=\"https:\/\/literaturmuseum.at\/\" target=\"_blank\" rel=\"noopener\">Mehr Informationen<\/a><\/p>\n\n                                                        <\/div>\n    <\/div><\/section>","protected":false},"excerpt":{"rendered":"","protected":false},"featured_media":7204,"template":"","meta":{"_acf_changed":true,"_relevanssi_hide_post":"","_relevanssi_hide_content":"","_relevanssi_pin_for_all":"","_relevanssi_pin_keywords":"","_relevanssi_unpin_keywords":"","_relevanssi_related_keywords":"","_relevanssi_related_include_ids":"","_relevanssi_related_exclude_ids":"","_relevanssi_related_no_append":"","_relevanssi_related_not_related":"","_relevanssi_related_posts":"3848,3841,3849,3844,3845","_relevanssi_noindex_reason":""},"product_brand":[],"product_cat":[16],"product_tag":[],"class_list":["product-available","product","first","instock","virtual","sold-individually","taxable","purchasable","product-type-simple"],"bundled_by":[],"bundle_stock_status":"instock","bundle_stock_quantity":null,"bundle_virtual":false,"bundle_layout":"","bundle_add_to_cart_form_location":"","bundle_editable_in_cart":false,"bundle_sold_individually_context":"","bundle_item_grouping":"","bundle_min_size":"","bundle_max_size":"","bundle_price":[],"bundled_items":[],"bundle_sell_ids":[],"acf":[],"yoast_head":"<!-- This site is optimized with the Yoast SEO Premium plugin v25.7.1 (Yoast SEO v26.8) - https:\/\/yoast.com\/product\/yoast-seo-premium-wordpress\/ -->\n<title>Literaturmuseum Altaussee - Discover-Culture<\/title>\n<meta name=\"description\" content=\"Finden Sie hier alle Informationen zum Produkt Literaturmuseum Altaussee und betreten Sie die neue Welt von Kunst und Kultur!\" \/>\n<meta name=\"robots\" content=\"index, follow, max-snippet:-1, max-image-preview:large, max-video-preview:-1\" \/>\n<link rel=\"canonical\" href=\"https:\/\/discover-culture.com\/de\/partner\/literaturmuseum-altaussee\/touren\/literaturmuseum-altaussee\/\" \/>\n<meta property=\"og:locale\" content=\"de_DE\" \/>\n<meta property=\"og:type\" content=\"article\" \/>\n<meta property=\"og:title\" content=\"Literaturmuseum Altaussee\" \/>\n<meta property=\"og:description\" content=\"Finden Sie hier alle Informationen zum Produkt Literaturmuseum Altaussee und betreten Sie die neue Welt von Kunst und Kultur!\" \/>\n<meta property=\"og:url\" content=\"https:\/\/discover-culture.com\/de\/partner\/literaturmuseum-altaussee\/touren\/literaturmuseum-altaussee\/\" \/>\n<meta property=\"og:site_name\" content=\"Discover-Culture\" \/>\n<meta property=\"article:modified_time\" content=\"2024-05-29T13:48:04+00:00\" \/>\n<meta property=\"og:image\" content=\"https:\/\/discover-culture.com\/wp-content\/uploads\/Literaturmuseum.jpg\" \/>\n\t<meta property=\"og:image:width\" content=\"2141\" \/>\n\t<meta property=\"og:image:height\" content=\"1326\" \/>\n\t<meta property=\"og:image:type\" content=\"image\/jpeg\" \/>\n<meta name=\"twitter:card\" content=\"summary_large_image\" \/>\n<meta name=\"twitter:label1\" content=\"Gesch\u00e4tzte Lesezeit\" \/>\n\t<meta name=\"twitter:data1\" content=\"1\u00a0Minute\" \/>\n<script type=\"application\/ld+json\" class=\"yoast-schema-graph\">{\"@context\":\"https:\/\/schema.org\",\"@graph\":[{\"@type\":\"WebPage\",\"@id\":\"https:\/\/discover-culture.com\/partner\/literaturmuseum-altaussee\/touren\/literaturmuseum-altaussee\/\",\"url\":\"https:\/\/discover-culture.com\/partner\/literaturmuseum-altaussee\/touren\/literaturmuseum-altaussee\/\",\"name\":\"Literaturmuseum Altaussee - Discover-Culture\",\"isPartOf\":{\"@id\":\"https:\/\/discover-culture.com\/de\/#website\"},\"primaryImageOfPage\":{\"@id\":\"https:\/\/discover-culture.com\/partner\/literaturmuseum-altaussee\/touren\/literaturmuseum-altaussee\/#primaryimage\"},\"image\":{\"@id\":\"https:\/\/discover-culture.com\/partner\/literaturmuseum-altaussee\/touren\/literaturmuseum-altaussee\/#primaryimage\"},\"thumbnailUrl\":\"https:\/\/discover-culture.com\/wp-content\/uploads\/Literaturmuseum.jpg\",\"datePublished\":\"2024-05-15T07:13:47+00:00\",\"dateModified\":\"2024-05-29T13:48:04+00:00\",\"description\":\"Finden Sie hier alle Informationen zum Produkt Literaturmuseum Altaussee und betreten Sie die neue Welt von Kunst und Kultur!\",\"breadcrumb\":{\"@id\":\"https:\/\/discover-culture.com\/partner\/literaturmuseum-altaussee\/touren\/literaturmuseum-altaussee\/#breadcrumb\"},\"inLanguage\":\"de\",\"potentialAction\":[{\"@type\":\"ReadAction\",\"target\":[\"https:\/\/discover-culture.com\/partner\/literaturmuseum-altaussee\/touren\/literaturmuseum-altaussee\/\"]}]},{\"@type\":\"ImageObject\",\"inLanguage\":\"de\",\"@id\":\"https:\/\/discover-culture.com\/partner\/literaturmuseum-altaussee\/touren\/literaturmuseum-altaussee\/#primaryimage\",\"url\":\"https:\/\/discover-culture.com\/wp-content\/uploads\/Literaturmuseum.jpg\",\"contentUrl\":\"https:\/\/discover-culture.com\/wp-content\/uploads\/Literaturmuseum.jpg\",\"width\":2141,\"height\":1326,\"caption\":\"Literaturmuseum\"},{\"@type\":\"BreadcrumbList\",\"@id\":\"https:\/\/discover-culture.com\/partner\/literaturmuseum-altaussee\/touren\/literaturmuseum-altaussee\/#breadcrumb\",\"itemListElement\":[{\"@type\":\"ListItem\",\"position\":1,\"name\":\"Home\",\"item\":\"https:\/\/discover-culture.com\/\"},{\"@type\":\"ListItem\",\"position\":2,\"name\":\"Produkte\",\"item\":\"https:\/\/discover-culture.com\/de\/shop\/\"},{\"@type\":\"ListItem\",\"position\":3,\"name\":\"Literaturmuseum Altaussee\"}]},{\"@type\":\"WebSite\",\"@id\":\"https:\/\/discover-culture.com\/de\/#website\",\"url\":\"https:\/\/discover-culture.com\/de\/\",\"name\":\"Discover-Culture\",\"description\":\"\",\"potentialAction\":[{\"@type\":\"SearchAction\",\"target\":{\"@type\":\"EntryPoint\",\"urlTemplate\":\"https:\/\/discover-culture.com\/de\/?s={search_term_string}\"},\"query-input\":{\"@type\":\"PropertyValueSpecification\",\"valueRequired\":true,\"valueName\":\"search_term_string\"}}],\"inLanguage\":\"de\"}]}<\/script>\n<!-- \/ Yoast SEO Premium plugin. -->","yoast_head_json":{"title":"Literaturmuseum Altaussee - Discover-Culture","description":"Finden Sie hier alle Informationen zum Produkt Literaturmuseum Altaussee und betreten Sie die neue Welt von Kunst und Kultur!","robots":{"index":"index","follow":"follow","max-snippet":"max-snippet:-1","max-image-preview":"max-image-preview:large","max-video-preview":"max-video-preview:-1"},"canonical":"https:\/\/discover-culture.com\/de\/partner\/literaturmuseum-altaussee\/touren\/literaturmuseum-altaussee\/","og_locale":"de_DE","og_type":"article","og_title":"Literaturmuseum Altaussee","og_description":"Finden Sie hier alle Informationen zum Produkt Literaturmuseum Altaussee und betreten Sie die neue Welt von Kunst und Kultur!","og_url":"https:\/\/discover-culture.com\/de\/partner\/literaturmuseum-altaussee\/touren\/literaturmuseum-altaussee\/","og_site_name":"Discover-Culture","article_modified_time":"2024-05-29T13:48:04+00:00","og_image":[{"width":2141,"height":1326,"url":"https:\/\/discover-culture.com\/wp-content\/uploads\/Literaturmuseum.jpg","type":"image\/jpeg"}],"twitter_card":"summary_large_image","twitter_misc":{"Gesch\u00e4tzte Lesezeit":"1\u00a0Minute"},"schema":{"@context":"https:\/\/schema.org","@graph":[{"@type":"WebPage","@id":"https:\/\/discover-culture.com\/partner\/literaturmuseum-altaussee\/touren\/literaturmuseum-altaussee\/","url":"https:\/\/discover-culture.com\/partner\/literaturmuseum-altaussee\/touren\/literaturmuseum-altaussee\/","name":"Literaturmuseum Altaussee - Discover-Culture","isPartOf":{"@id":"https:\/\/discover-culture.com\/de\/#website"},"primaryImageOfPage":{"@id":"https:\/\/discover-culture.com\/partner\/literaturmuseum-altaussee\/touren\/literaturmuseum-altaussee\/#primaryimage"},"image":{"@id":"https:\/\/discover-culture.com\/partner\/literaturmuseum-altaussee\/touren\/literaturmuseum-altaussee\/#primaryimage"},"thumbnailUrl":"https:\/\/discover-culture.com\/wp-content\/uploads\/Literaturmuseum.jpg","datePublished":"2024-05-15T07:13:47+00:00","dateModified":"2024-05-29T13:48:04+00:00","description":"Finden Sie hier alle Informationen zum Produkt Literaturmuseum Altaussee und betreten Sie die neue Welt von Kunst und Kultur!","breadcrumb":{"@id":"https:\/\/discover-culture.com\/partner\/literaturmuseum-altaussee\/touren\/literaturmuseum-altaussee\/#breadcrumb"},"inLanguage":"de","potentialAction":[{"@type":"ReadAction","target":["https:\/\/discover-culture.com\/partner\/literaturmuseum-altaussee\/touren\/literaturmuseum-altaussee\/"]}]},{"@type":"ImageObject","inLanguage":"de","@id":"https:\/\/discover-culture.com\/partner\/literaturmuseum-altaussee\/touren\/literaturmuseum-altaussee\/#primaryimage","url":"https:\/\/discover-culture.com\/wp-content\/uploads\/Literaturmuseum.jpg","contentUrl":"https:\/\/discover-culture.com\/wp-content\/uploads\/Literaturmuseum.jpg","width":2141,"height":1326,"caption":"Literaturmuseum"},{"@type":"BreadcrumbList","@id":"https:\/\/discover-culture.com\/partner\/literaturmuseum-altaussee\/touren\/literaturmuseum-altaussee\/#breadcrumb","itemListElement":[{"@type":"ListItem","position":1,"name":"Home","item":"https:\/\/discover-culture.com\/"},{"@type":"ListItem","position":2,"name":"Produkte","item":"https:\/\/discover-culture.com\/de\/shop\/"},{"@type":"ListItem","position":3,"name":"Literaturmuseum Altaussee"}]},{"@type":"WebSite","@id":"https:\/\/discover-culture.com\/de\/#website","url":"https:\/\/discover-culture.com\/de\/","name":"Discover-Culture","description":"","potentialAction":[{"@type":"SearchAction","target":{"@type":"EntryPoint","urlTemplate":"https:\/\/discover-culture.com\/de\/?s={search_term_string}"},"query-input":{"@type":"PropertyValueSpecification","valueRequired":true,"valueName":"search_term_string"}}],"inLanguage":"de"}]}},"_links":{"self":[{"href":"https:\/\/discover-culture.com\/de\/wp-json\/wp\/v2\/product\/7213","targetHints":{"allow":["GET"]}}],"collection":[{"href":"https:\/\/discover-culture.com\/de\/wp-json\/wp\/v2\/product"}],"about":[{"href":"https:\/\/discover-culture.com\/de\/wp-json\/wp\/v2\/types\/product"}],"wp:featuredmedia":[{"embeddable":true,"href":"https:\/\/discover-culture.com\/de\/wp-json\/wp\/v2\/media\/7204"}],"wp:attachment":[{"href":"https:\/\/discover-culture.com\/de\/wp-json\/wp\/v2\/media?parent=7213"}],"wp:term":[{"taxonomy":"product_brand","embeddable":true,"href":"https:\/\/discover-culture.com\/de\/wp-json\/wp\/v2\/product_brand?post=7213"},{"taxonomy":"product_cat","embeddable":true,"href":"https:\/\/discover-culture.com\/de\/wp-json\/wp\/v2\/product_cat?post=7213"},{"taxonomy":"product_tag","embeddable":true,"href":"https:\/\/discover-culture.com\/de\/wp-json\/wp\/v2\/product_tag?post=7213"}],"curies":[{"name":"wp","href":"https:\/\/api.w.org\/{rel}","templated":true}]}}