{"id":7180,"date":"2024-04-16T09:20:03","date_gmt":"2024-04-16T07:20:03","guid":{"rendered":"https:\/\/discover-culture.com\/partner\/\/touren\/"},"modified":"2024-10-28T13:42:34","modified_gmt":"2024-10-28T11:42:34","slug":"das-ber%c3%bchmte-kuppelfresko","status":"publish","type":"product","link":"https:\/\/discover-culture.com\/partner\/%c3%b6sterreichische-nationalbibliothek\/touren\/das-ber%c3%bchmte-kuppelfresko","title":{"rendered":"Das ber\u00fchmte Kuppelfresko"},"content":{"rendered":"<section id='lightpress__section--block_dcb77a7c5d5e21674c00a92d87c3ba92' class='lightpress__section lightpress__section--content'><div class=\"content__grid content__grid\">\n    <div class=\"content__box content__box--one-hundred\">\n                                                        <p align=\"center\"><a href=\"https:\/\/www.onb.ac.at\/\" target=\"_blank\" rel=\"noopener\"><img decoding=\"async\" src=\"https:\/\/discover-culture.com\/wp-content\/uploads\/ONB_Logo_rgb.png\" alt=\"https:\/\/discover-culture.com\/wp-content\/uploads\/ONB_Logo_cmyk-e1713170746738.jpg\" \/><\/a><\/p>\n<h4 align=\"center\">Das Kuppelfresko im Prunksaal der \u00d6sterreichischen Nationalbibliothek<\/h4>\n<p>Ein einzigartiges Kunstwerk so nah im Blick wie nie zuvor.<\/p>\n<h6>Titelbild: \u00a9 \u00d6sterreichische Nationalbibliothek | Hloch<\/h6>\n\n                                        <\/div>\n    <\/div><\/section>\n\n<section id='lightpress__section--block_2724c26c5c7cf47d4443303f92a97fe7' class='lightpress__section lightpress__section--content'><div class=\"content__grid content__grid--fifty-fifty\">\n    <div class=\"content__box content__box content__box--text-center\">\n                                                        <h4>Das ber\u00fchmte Kuppelfresko im Detail<\/h4>\n<p>Die Deckenfresken des Prunksaals stammen vom <strong>Hofmaler Daniel Gran<\/strong>, der daran von <strong>1726 bis 1730<\/strong> arbeitete. Das Fresko in der Kuppelhalle stellt die Apotheose, die \u201eGottwerdung&#8220;, Kaiser Karls VI. dar.<\/p>\n<p>In der Mitte befindet sich der Ruhm Karls VI. mit Pyramide und Lorbeerkranz in der Hand, darunter das goldene Medaillon mit dem Portr\u00e4t des Kaisers, gehalten von Apollo und Herkules, darunter und an den Seiten reihen sich zahlreiche weitere Symbole f\u00fcr die Herrlichkeit des Hauses Habsburg.<\/p>\n<h6>Bild:\u00a9 \u00d6sterreichische Nationalbibliothek<\/h6>\n\n                                        <\/div>\n            <div class=\"content__box content__box\">\n                                                                    <img decoding=\"async\" class=\"content__image\" src=\"https:\/\/discover-culture.com\/wp-content\/uploads\/Kuppelfresko.jpg\" alt=\"Kuppelfresko\" loading=\"lazy\">\n                                                        <\/div>\n    <\/div><\/section>\n\n<section id='lightpress__section--block_60bf024368a7594943e423c9e45eb1ef' class='lightpress__section lightpress__section--content'><div class=\"content__grid content__grid\">\n    <div class=\"content__box content__box--one-hundred content__box--text-center\">\n                                                        <h4>Gigapixel-Aufnahme: Dem Kuppelfresko so nah wie nie! <\/p>\n<p>Dank der Gigapixel-Aufnahme k\u00f6nnen Sie dieses Kunstwerk nun erstmals aus n\u00e4chster N\u00e4he bewundern: Wenn Sie genau hinsehen und die Zoom-Funktion nutzen, werden Sie auch die \u00dcberreste eines Risses in der Kuppel entdecken, der Mitte des 18. Jahrhunderts aufgetaucht war. <\/p>\n<p>Dank aufw\u00e4ndiger Sanierungsarbeiten konnte damals der Einsturz der Bibliothek verhindert werden, die Restaurierung des Kuppelfreskos schloss der Maler Franz Anton Maulbertsch 1769 ab.<\/h4>\n\n                                        <\/div>\n    <\/div><\/section>\n\n<section id='lightpress__section--block_029d6e8b17099628f6eee9bba361bce0' class='lightpress__section lightpress__section--content'><div class=\"content__grid content__grid\">\n    <div class=\"content__box content__box--one-hundred content__box--text-center\">\n                                                        <p align=\"center\"><a href=\"https:\/\/www.onb.ac.at\" target=\"_blank\" rel=\"noopener\"><img decoding=\"async\" src=\"https:\/\/discover-culture.com\/wp-content\/uploads\/ONB_Logo_rgb.png\" \/><\/a><\/p>\n\n                                        <\/div>\n    <\/div><\/section>","protected":false},"excerpt":{"rendered":"","protected":false},"featured_media":7182,"template":"","meta":{"_acf_changed":true,"_relevanssi_hide_post":"","_relevanssi_hide_content":"","_relevanssi_pin_for_all":"","_relevanssi_pin_keywords":"","_relevanssi_unpin_keywords":"","_relevanssi_related_keywords":"","_relevanssi_related_include_ids":"","_relevanssi_related_exclude_ids":"","_relevanssi_related_no_append":"","_relevanssi_related_not_related":"","_relevanssi_related_posts":"3848,3841,3844,3845,3849","_relevanssi_noindex_reason":""},"product_brand":[],"product_cat":[16],"product_tag":[],"class_list":["product-available","product","first","instock","virtual","sold-individually","taxable","purchasable","product-type-simple"],"bundled_by":[],"bundle_stock_status":"instock","bundle_stock_quantity":null,"bundle_virtual":false,"bundle_layout":"","bundle_add_to_cart_form_location":"","bundle_editable_in_cart":false,"bundle_sold_individually_context":"","bundle_item_grouping":"","bundle_min_size":"","bundle_max_size":"","bundle_price":[],"bundled_items":[],"bundle_sell_ids":[],"acf":[],"yoast_head":"<!-- This site is optimized with the Yoast SEO Premium plugin v25.7.1 (Yoast SEO v26.8) - https:\/\/yoast.com\/product\/yoast-seo-premium-wordpress\/ -->\n<title>Das ber\u00fchmte Kuppelfresko - Discover-Culture<\/title>\n<meta name=\"description\" content=\"Finden Sie hier alle Informationen zum Produkt Das ber\u00fchmte Kuppelfresko und betreten Sie die neue Welt von Kunst und Kultur!\" \/>\n<meta name=\"robots\" content=\"index, follow, max-snippet:-1, max-image-preview:large, max-video-preview:-1\" \/>\n<link rel=\"canonical\" href=\"https:\/\/discover-culture.com\/de\/partner\/\u00f6sterreichische-nationalbibliothek\/touren\/das-ber\u00fchmte-kuppelfresko\/\" \/>\n<meta property=\"og:locale\" content=\"de_DE\" \/>\n<meta property=\"og:type\" content=\"article\" \/>\n<meta property=\"og:title\" content=\"Das ber\u00fchmte Kuppelfresko\" \/>\n<meta property=\"og:description\" content=\"Finden Sie hier alle Informationen zum Produkt Das ber\u00fchmte Kuppelfresko und betreten Sie die neue Welt von Kunst und Kultur!\" \/>\n<meta property=\"og:url\" content=\"https:\/\/discover-culture.com\/de\/partner\/\u00f6sterreichische-nationalbibliothek\/touren\/das-ber\u00fchmte-kuppelfresko\/\" \/>\n<meta property=\"og:site_name\" content=\"Discover-Culture\" \/>\n<meta property=\"article:modified_time\" content=\"2024-10-28T11:42:34+00:00\" \/>\n<meta property=\"og:image\" content=\"https:\/\/discover-culture.com\/wp-content\/uploads\/Prunksaal_kuppelfresko.jpg\" \/>\n\t<meta property=\"og:image:width\" content=\"1920\" \/>\n\t<meta property=\"og:image:height\" content=\"1280\" \/>\n\t<meta property=\"og:image:type\" content=\"image\/jpeg\" \/>\n<meta name=\"twitter:card\" content=\"summary_large_image\" \/>\n<meta name=\"twitter:label1\" content=\"Gesch\u00e4tzte Lesezeit\" \/>\n\t<meta name=\"twitter:data1\" content=\"1\u00a0Minute\" \/>\n<script type=\"application\/ld+json\" class=\"yoast-schema-graph\">{\"@context\":\"https:\/\/schema.org\",\"@graph\":[{\"@type\":\"WebPage\",\"@id\":\"https:\/\/discover-culture.com\/partner\/%c3%b6sterreichische-nationalbibliothek\/touren\/das-ber%c3%bchmte-kuppelfresko\/\",\"url\":\"https:\/\/discover-culture.com\/partner\/%c3%b6sterreichische-nationalbibliothek\/touren\/das-ber%c3%bchmte-kuppelfresko\/\",\"name\":\"Das ber\u00fchmte Kuppelfresko - Discover-Culture\",\"isPartOf\":{\"@id\":\"https:\/\/discover-culture.com\/de\/#website\"},\"primaryImageOfPage\":{\"@id\":\"https:\/\/discover-culture.com\/partner\/%c3%b6sterreichische-nationalbibliothek\/touren\/das-ber%c3%bchmte-kuppelfresko\/#primaryimage\"},\"image\":{\"@id\":\"https:\/\/discover-culture.com\/partner\/%c3%b6sterreichische-nationalbibliothek\/touren\/das-ber%c3%bchmte-kuppelfresko\/#primaryimage\"},\"thumbnailUrl\":\"https:\/\/discover-culture.com\/wp-content\/uploads\/Prunksaal_kuppelfresko.jpg\",\"datePublished\":\"2024-04-16T07:20:03+00:00\",\"dateModified\":\"2024-10-28T11:42:34+00:00\",\"description\":\"Finden Sie hier alle Informationen zum Produkt Das ber\u00fchmte Kuppelfresko und betreten Sie die neue Welt von Kunst und Kultur!\",\"breadcrumb\":{\"@id\":\"https:\/\/discover-culture.com\/partner\/%c3%b6sterreichische-nationalbibliothek\/touren\/das-ber%c3%bchmte-kuppelfresko\/#breadcrumb\"},\"inLanguage\":\"de\",\"potentialAction\":[{\"@type\":\"ReadAction\",\"target\":[\"https:\/\/discover-culture.com\/partner\/%c3%b6sterreichische-nationalbibliothek\/touren\/das-ber%c3%bchmte-kuppelfresko\/\"]}]},{\"@type\":\"ImageObject\",\"inLanguage\":\"de\",\"@id\":\"https:\/\/discover-culture.com\/partner\/%c3%b6sterreichische-nationalbibliothek\/touren\/das-ber%c3%bchmte-kuppelfresko\/#primaryimage\",\"url\":\"https:\/\/discover-culture.com\/wp-content\/uploads\/Prunksaal_kuppelfresko.jpg\",\"contentUrl\":\"https:\/\/discover-culture.com\/wp-content\/uploads\/Prunksaal_kuppelfresko.jpg\",\"width\":1920,\"height\":1280,\"caption\":\"Prunksaal kuppelfresko\"},{\"@type\":\"BreadcrumbList\",\"@id\":\"https:\/\/discover-culture.com\/partner\/%c3%b6sterreichische-nationalbibliothek\/touren\/das-ber%c3%bchmte-kuppelfresko\/#breadcrumb\",\"itemListElement\":[{\"@type\":\"ListItem\",\"position\":1,\"name\":\"Home\",\"item\":\"https:\/\/discover-culture.com\/\"},{\"@type\":\"ListItem\",\"position\":2,\"name\":\"Produkte\",\"item\":\"https:\/\/discover-culture.com\/de\/shop\/\"},{\"@type\":\"ListItem\",\"position\":3,\"name\":\"Das ber\u00fchmte Kuppelfresko\"}]},{\"@type\":\"WebSite\",\"@id\":\"https:\/\/discover-culture.com\/de\/#website\",\"url\":\"https:\/\/discover-culture.com\/de\/\",\"name\":\"Discover-Culture\",\"description\":\"\",\"potentialAction\":[{\"@type\":\"SearchAction\",\"target\":{\"@type\":\"EntryPoint\",\"urlTemplate\":\"https:\/\/discover-culture.com\/de\/?s={search_term_string}\"},\"query-input\":{\"@type\":\"PropertyValueSpecification\",\"valueRequired\":true,\"valueName\":\"search_term_string\"}}],\"inLanguage\":\"de\"}]}<\/script>\n<!-- \/ Yoast SEO Premium plugin. -->","yoast_head_json":{"title":"Das ber\u00fchmte Kuppelfresko - Discover-Culture","description":"Finden Sie hier alle Informationen zum Produkt Das ber\u00fchmte Kuppelfresko und betreten Sie die neue Welt von Kunst und Kultur!","robots":{"index":"index","follow":"follow","max-snippet":"max-snippet:-1","max-image-preview":"max-image-preview:large","max-video-preview":"max-video-preview:-1"},"canonical":"https:\/\/discover-culture.com\/de\/partner\/\u00f6sterreichische-nationalbibliothek\/touren\/das-ber\u00fchmte-kuppelfresko\/","og_locale":"de_DE","og_type":"article","og_title":"Das ber\u00fchmte Kuppelfresko","og_description":"Finden Sie hier alle Informationen zum Produkt Das ber\u00fchmte Kuppelfresko und betreten Sie die neue Welt von Kunst und Kultur!","og_url":"https:\/\/discover-culture.com\/de\/partner\/\u00f6sterreichische-nationalbibliothek\/touren\/das-ber\u00fchmte-kuppelfresko\/","og_site_name":"Discover-Culture","article_modified_time":"2024-10-28T11:42:34+00:00","og_image":[{"width":1920,"height":1280,"url":"https:\/\/discover-culture.com\/wp-content\/uploads\/Prunksaal_kuppelfresko.jpg","type":"image\/jpeg"}],"twitter_card":"summary_large_image","twitter_misc":{"Gesch\u00e4tzte Lesezeit":"1\u00a0Minute"},"schema":{"@context":"https:\/\/schema.org","@graph":[{"@type":"WebPage","@id":"https:\/\/discover-culture.com\/partner\/%c3%b6sterreichische-nationalbibliothek\/touren\/das-ber%c3%bchmte-kuppelfresko\/","url":"https:\/\/discover-culture.com\/partner\/%c3%b6sterreichische-nationalbibliothek\/touren\/das-ber%c3%bchmte-kuppelfresko\/","name":"Das ber\u00fchmte Kuppelfresko - Discover-Culture","isPartOf":{"@id":"https:\/\/discover-culture.com\/de\/#website"},"primaryImageOfPage":{"@id":"https:\/\/discover-culture.com\/partner\/%c3%b6sterreichische-nationalbibliothek\/touren\/das-ber%c3%bchmte-kuppelfresko\/#primaryimage"},"image":{"@id":"https:\/\/discover-culture.com\/partner\/%c3%b6sterreichische-nationalbibliothek\/touren\/das-ber%c3%bchmte-kuppelfresko\/#primaryimage"},"thumbnailUrl":"https:\/\/discover-culture.com\/wp-content\/uploads\/Prunksaal_kuppelfresko.jpg","datePublished":"2024-04-16T07:20:03+00:00","dateModified":"2024-10-28T11:42:34+00:00","description":"Finden Sie hier alle Informationen zum Produkt Das ber\u00fchmte Kuppelfresko und betreten Sie die neue Welt von Kunst und Kultur!","breadcrumb":{"@id":"https:\/\/discover-culture.com\/partner\/%c3%b6sterreichische-nationalbibliothek\/touren\/das-ber%c3%bchmte-kuppelfresko\/#breadcrumb"},"inLanguage":"de","potentialAction":[{"@type":"ReadAction","target":["https:\/\/discover-culture.com\/partner\/%c3%b6sterreichische-nationalbibliothek\/touren\/das-ber%c3%bchmte-kuppelfresko\/"]}]},{"@type":"ImageObject","inLanguage":"de","@id":"https:\/\/discover-culture.com\/partner\/%c3%b6sterreichische-nationalbibliothek\/touren\/das-ber%c3%bchmte-kuppelfresko\/#primaryimage","url":"https:\/\/discover-culture.com\/wp-content\/uploads\/Prunksaal_kuppelfresko.jpg","contentUrl":"https:\/\/discover-culture.com\/wp-content\/uploads\/Prunksaal_kuppelfresko.jpg","width":1920,"height":1280,"caption":"Prunksaal kuppelfresko"},{"@type":"BreadcrumbList","@id":"https:\/\/discover-culture.com\/partner\/%c3%b6sterreichische-nationalbibliothek\/touren\/das-ber%c3%bchmte-kuppelfresko\/#breadcrumb","itemListElement":[{"@type":"ListItem","position":1,"name":"Home","item":"https:\/\/discover-culture.com\/"},{"@type":"ListItem","position":2,"name":"Produkte","item":"https:\/\/discover-culture.com\/de\/shop\/"},{"@type":"ListItem","position":3,"name":"Das ber\u00fchmte Kuppelfresko"}]},{"@type":"WebSite","@id":"https:\/\/discover-culture.com\/de\/#website","url":"https:\/\/discover-culture.com\/de\/","name":"Discover-Culture","description":"","potentialAction":[{"@type":"SearchAction","target":{"@type":"EntryPoint","urlTemplate":"https:\/\/discover-culture.com\/de\/?s={search_term_string}"},"query-input":{"@type":"PropertyValueSpecification","valueRequired":true,"valueName":"search_term_string"}}],"inLanguage":"de"}]}},"_links":{"self":[{"href":"https:\/\/discover-culture.com\/de\/wp-json\/wp\/v2\/product\/7180","targetHints":{"allow":["GET"]}}],"collection":[{"href":"https:\/\/discover-culture.com\/de\/wp-json\/wp\/v2\/product"}],"about":[{"href":"https:\/\/discover-culture.com\/de\/wp-json\/wp\/v2\/types\/product"}],"wp:featuredmedia":[{"embeddable":true,"href":"https:\/\/discover-culture.com\/de\/wp-json\/wp\/v2\/media\/7182"}],"wp:attachment":[{"href":"https:\/\/discover-culture.com\/de\/wp-json\/wp\/v2\/media?parent=7180"}],"wp:term":[{"taxonomy":"product_brand","embeddable":true,"href":"https:\/\/discover-culture.com\/de\/wp-json\/wp\/v2\/product_brand?post=7180"},{"taxonomy":"product_cat","embeddable":true,"href":"https:\/\/discover-culture.com\/de\/wp-json\/wp\/v2\/product_cat?post=7180"},{"taxonomy":"product_tag","embeddable":true,"href":"https:\/\/discover-culture.com\/de\/wp-json\/wp\/v2\/product_tag?post=7180"}],"curies":[{"name":"wp","href":"https:\/\/api.w.org\/{rel}","templated":true}]}}