{"id":7117,"date":"2024-01-25T11:29:03","date_gmt":"2024-01-25T09:29:03","guid":{"rendered":"https:\/\/discover-culture.com\/partner\/\/touren\/"},"modified":"2024-10-28T12:58:25","modified_gmt":"2024-10-28T10:58:25","slug":"matta-teil-1","status":"publish","type":"product","link":"https:\/\/discover-culture.com\/partner\/bank-austria-kunstforum-wien\/touren\/matta-teil-1","title":{"rendered":"MATTA-Teil 1"},"content":{"rendered":"<section id='lightpress__section--block_3cc0aeade0420effde6b4f3d08390d74' class='lightpress__section lightpress__section--content'><div class=\"content__grid content__grid\">\n    <div class=\"content__box content__box--one-hundred\">\n                                                        <h3 align=\"center\"><strong>MATTA<\/strong> &#8211; digitale F\u00fchrungsserie durch die Ausstellung<\/h3>\n<h6>Titelbild: Roberto Matta, Untitled, \u00a9 Estate Roberto Matta, Bildrecht Wien 2024<\/h6>\n\n                                        <\/div>\n    <\/div><\/section>\n\n<section id='lightpress__section--block_07fbaa0cd637ffc3610151840b8923f5' class='lightpress__section lightpress__section--content'><div class=\"content__grid content__grid--fifty-fifty\">\n    <div class=\"content__box content__box content__box--text-center\">\n                                                        <p>Tauchen Sie mit uns ein in die surrealistische Welt von Roberto Matta! Begleiten Sie uns auf einer k\u00fcnstlerischen Entdeckungsreise durch Mattas faszinierendes Universum und erleben Sie gemeinsam mit unseren G\u00e4sten seine Werke auf eine faszinierende neue Art und Weise.<\/p>\n<p>\u00a0<\/p>\n<p>\u00a0<\/p>\n<h6>Bild: Roberto Matta, Les T\u00e9moins de l\u2019univers, \u00a9 Estate Roberto Matta, Bildrecht Wien 2024<\/h6>\n\n                                        <\/div>\n            <div class=\"content__box content__box\">\n                                                                    <img decoding=\"async\" class=\"content__image\" src=\"https:\/\/discover-culture.com\/wp-content\/uploads\/1-Matta.jpg\" alt=\"1 Matta\" loading=\"lazy\">\n                                                        <\/div>\n    <\/div><\/section>\n\n<section id='lightpress__section--block_9887e43015aa31e77953e56c5b32b14b' class='lightpress__section lightpress__section--content'><div class=\"content__grid content__grid\">\n    <div class=\"content__box content__box--one-hundred content__box--text-center\">\n                                                        <p>Im ersten Teil dieser digitalen Serie sprechen Natascha Gangl, Schriftstellerin, Theater- und H\u00f6rspielmacherin, sowie Claudia Antonius, Kunstvermittlerin des Bank Austria Kunstforum Wien, \u00fcber die poetische Bedeutung von Mattas Werken und seine einzigartige Titelsprache. Au\u00dferdem erfahren wir, wie \u201eThe Cosmic Strips\u201c &#8211; die Klangcomics frei nach Roberto Matta entstanden sind.<\/p>\n\n                                        <\/div>\n    <\/div><\/section>\n\n<section id='lightpress__section--block_98ee2fb7955f779d067a7d94472658f6' class='lightpress__section lightpress__section--content'><div class=\"content__grid content__grid--fifty-fifty\">\n    <div class=\"content__box content__box\">\n                                                    <img decoding=\"async\" class=\"content__image\" src=\"https:\/\/discover-culture.com\/wp-content\/uploads\/2-Matta.jpg\" alt=\"2 Matta\" loading=\"lazy\">\n                                        <\/div>\n            <div class=\"content__box content__box content__box--text-center\">\n                                                                        <p>Roberto Matta (1911\u20132002) gilt als einer der vision\u00e4rsten Maler des 20. Jahrhunderts. Er hat nicht nur die Kunstgeschichte gepr\u00e4gt, sondern auch zahlreiche Ku\u0308nstlerinnen und Ku\u0308nstler, darunter Arshile Gorky, Dorothea Tanning, Jackson Pollock oder Robert Motherwell, wesentlich beeinflusst beziehungsweise u\u0308berhaupt erst zur Kunst gebracht.<\/p>\n<p>\u00a0<\/p>\n<p>\u00a0<\/p>\n<h6>Bild: Roberto Matta, Les Roses sont belles, \u00a9 Estate Roberto Matta, Bildrecht Wien 2024<\/h6>\n\n                                                        <\/div>\n    <\/div><\/section>","protected":false},"excerpt":{"rendered":"","protected":false},"featured_media":7118,"template":"","meta":{"_acf_changed":true,"_relevanssi_hide_post":"","_relevanssi_hide_content":"","_relevanssi_pin_for_all":"","_relevanssi_pin_keywords":"","_relevanssi_unpin_keywords":"","_relevanssi_related_keywords":"","_relevanssi_related_include_ids":"","_relevanssi_related_exclude_ids":"","_relevanssi_related_no_append":"","_relevanssi_related_not_related":"","_relevanssi_related_posts":"3841,3849,3845,3848,3844","_relevanssi_noindex_reason":""},"product_brand":[],"product_cat":[21],"product_tag":[],"class_list":["product-available","product","first","instock","virtual","sold-individually","taxable","purchasable","product-type-simple"],"bundled_by":[],"bundle_stock_status":"instock","bundle_stock_quantity":null,"bundle_virtual":false,"bundle_layout":"","bundle_add_to_cart_form_location":"","bundle_editable_in_cart":false,"bundle_sold_individually_context":"","bundle_item_grouping":"","bundle_min_size":"","bundle_max_size":"","bundle_price":[],"bundled_items":[],"bundle_sell_ids":[],"acf":[],"yoast_head":"<!-- This site is optimized with the Yoast SEO Premium plugin v25.7.1 (Yoast SEO v26.8) - https:\/\/yoast.com\/product\/yoast-seo-premium-wordpress\/ -->\n<title>MATTA-Teil 1 - Discover-Culture<\/title>\n<meta name=\"description\" content=\"Finden Sie hier alle Informationen zum Produkt MATTA-Teil 1 und betreten Sie die neue Welt von Kunst und Kultur!\" \/>\n<meta name=\"robots\" content=\"index, follow, max-snippet:-1, max-image-preview:large, max-video-preview:-1\" \/>\n<link rel=\"canonical\" href=\"https:\/\/discover-culture.com\/de\/partner\/bank-austria-kunstforum-wien\/touren\/matta-teil-1\/\" \/>\n<meta property=\"og:locale\" content=\"de_DE\" \/>\n<meta property=\"og:type\" content=\"article\" \/>\n<meta property=\"og:title\" content=\"MATTA-Teil 1\" \/>\n<meta property=\"og:description\" content=\"Finden Sie hier alle Informationen zum Produkt MATTA-Teil 1 und betreten Sie die neue Welt von Kunst und Kultur!\" \/>\n<meta property=\"og:url\" content=\"https:\/\/discover-culture.com\/de\/partner\/bank-austria-kunstforum-wien\/touren\/matta-teil-1\/\" \/>\n<meta property=\"og:site_name\" content=\"Discover-Culture\" \/>\n<meta property=\"article:modified_time\" content=\"2024-10-28T10:58:25+00:00\" \/>\n<meta property=\"og:image\" content=\"https:\/\/discover-culture.com\/wp-content\/uploads\/3-Matta-1024x996.jpg\" \/>\n\t<meta property=\"og:image:width\" content=\"1024\" \/>\n\t<meta property=\"og:image:height\" content=\"996\" \/>\n\t<meta property=\"og:image:type\" content=\"image\/jpeg\" \/>\n<meta name=\"twitter:card\" content=\"summary_large_image\" \/>\n<meta name=\"twitter:label1\" content=\"Gesch\u00e4tzte Lesezeit\" \/>\n\t<meta name=\"twitter:data1\" content=\"1\u00a0Minute\" \/>\n<script type=\"application\/ld+json\" class=\"yoast-schema-graph\">{\"@context\":\"https:\/\/schema.org\",\"@graph\":[{\"@type\":\"WebPage\",\"@id\":\"https:\/\/discover-culture.com\/partner\/bank-austria-kunstforum-wien\/touren\/matta-teil-1\/\",\"url\":\"https:\/\/discover-culture.com\/partner\/bank-austria-kunstforum-wien\/touren\/matta-teil-1\/\",\"name\":\"MATTA-Teil 1 - Discover-Culture\",\"isPartOf\":{\"@id\":\"https:\/\/discover-culture.com\/de\/#website\"},\"primaryImageOfPage\":{\"@id\":\"https:\/\/discover-culture.com\/partner\/bank-austria-kunstforum-wien\/touren\/matta-teil-1\/#primaryimage\"},\"image\":{\"@id\":\"https:\/\/discover-culture.com\/partner\/bank-austria-kunstforum-wien\/touren\/matta-teil-1\/#primaryimage\"},\"thumbnailUrl\":\"https:\/\/discover-culture.com\/wp-content\/uploads\/3-Matta.jpg\",\"datePublished\":\"2024-01-25T09:29:03+00:00\",\"dateModified\":\"2024-10-28T10:58:25+00:00\",\"description\":\"Finden Sie hier alle Informationen zum Produkt MATTA-Teil 1 und betreten Sie die neue Welt von Kunst und Kultur!\",\"breadcrumb\":{\"@id\":\"https:\/\/discover-culture.com\/partner\/bank-austria-kunstforum-wien\/touren\/matta-teil-1\/#breadcrumb\"},\"inLanguage\":\"de\",\"potentialAction\":[{\"@type\":\"ReadAction\",\"target\":[\"https:\/\/discover-culture.com\/partner\/bank-austria-kunstforum-wien\/touren\/matta-teil-1\/\"]}]},{\"@type\":\"ImageObject\",\"inLanguage\":\"de\",\"@id\":\"https:\/\/discover-culture.com\/partner\/bank-austria-kunstforum-wien\/touren\/matta-teil-1\/#primaryimage\",\"url\":\"https:\/\/discover-culture.com\/wp-content\/uploads\/3-Matta.jpg\",\"contentUrl\":\"https:\/\/discover-culture.com\/wp-content\/uploads\/3-Matta.jpg\",\"width\":2000,\"height\":1946,\"caption\":\"3 Matta\"},{\"@type\":\"BreadcrumbList\",\"@id\":\"https:\/\/discover-culture.com\/partner\/bank-austria-kunstforum-wien\/touren\/matta-teil-1\/#breadcrumb\",\"itemListElement\":[{\"@type\":\"ListItem\",\"position\":1,\"name\":\"Home\",\"item\":\"https:\/\/discover-culture.com\/\"},{\"@type\":\"ListItem\",\"position\":2,\"name\":\"Produkte\",\"item\":\"https:\/\/discover-culture.com\/de\/shop\/\"},{\"@type\":\"ListItem\",\"position\":3,\"name\":\"MATTA-Teil 1\"}]},{\"@type\":\"WebSite\",\"@id\":\"https:\/\/discover-culture.com\/de\/#website\",\"url\":\"https:\/\/discover-culture.com\/de\/\",\"name\":\"Discover-Culture\",\"description\":\"\",\"potentialAction\":[{\"@type\":\"SearchAction\",\"target\":{\"@type\":\"EntryPoint\",\"urlTemplate\":\"https:\/\/discover-culture.com\/de\/?s={search_term_string}\"},\"query-input\":{\"@type\":\"PropertyValueSpecification\",\"valueRequired\":true,\"valueName\":\"search_term_string\"}}],\"inLanguage\":\"de\"}]}<\/script>\n<!-- \/ Yoast SEO Premium plugin. -->","yoast_head_json":{"title":"MATTA-Teil 1 - Discover-Culture","description":"Finden Sie hier alle Informationen zum Produkt MATTA-Teil 1 und betreten Sie die neue Welt von Kunst und Kultur!","robots":{"index":"index","follow":"follow","max-snippet":"max-snippet:-1","max-image-preview":"max-image-preview:large","max-video-preview":"max-video-preview:-1"},"canonical":"https:\/\/discover-culture.com\/de\/partner\/bank-austria-kunstforum-wien\/touren\/matta-teil-1\/","og_locale":"de_DE","og_type":"article","og_title":"MATTA-Teil 1","og_description":"Finden Sie hier alle Informationen zum Produkt MATTA-Teil 1 und betreten Sie die neue Welt von Kunst und Kultur!","og_url":"https:\/\/discover-culture.com\/de\/partner\/bank-austria-kunstforum-wien\/touren\/matta-teil-1\/","og_site_name":"Discover-Culture","article_modified_time":"2024-10-28T10:58:25+00:00","og_image":[{"width":1024,"height":996,"url":"https:\/\/discover-culture.com\/wp-content\/uploads\/3-Matta-1024x996.jpg","type":"image\/jpeg"}],"twitter_card":"summary_large_image","twitter_misc":{"Gesch\u00e4tzte Lesezeit":"1\u00a0Minute"},"schema":{"@context":"https:\/\/schema.org","@graph":[{"@type":"WebPage","@id":"https:\/\/discover-culture.com\/partner\/bank-austria-kunstforum-wien\/touren\/matta-teil-1\/","url":"https:\/\/discover-culture.com\/partner\/bank-austria-kunstforum-wien\/touren\/matta-teil-1\/","name":"MATTA-Teil 1 - Discover-Culture","isPartOf":{"@id":"https:\/\/discover-culture.com\/de\/#website"},"primaryImageOfPage":{"@id":"https:\/\/discover-culture.com\/partner\/bank-austria-kunstforum-wien\/touren\/matta-teil-1\/#primaryimage"},"image":{"@id":"https:\/\/discover-culture.com\/partner\/bank-austria-kunstforum-wien\/touren\/matta-teil-1\/#primaryimage"},"thumbnailUrl":"https:\/\/discover-culture.com\/wp-content\/uploads\/3-Matta.jpg","datePublished":"2024-01-25T09:29:03+00:00","dateModified":"2024-10-28T10:58:25+00:00","description":"Finden Sie hier alle Informationen zum Produkt MATTA-Teil 1 und betreten Sie die neue Welt von Kunst und Kultur!","breadcrumb":{"@id":"https:\/\/discover-culture.com\/partner\/bank-austria-kunstforum-wien\/touren\/matta-teil-1\/#breadcrumb"},"inLanguage":"de","potentialAction":[{"@type":"ReadAction","target":["https:\/\/discover-culture.com\/partner\/bank-austria-kunstforum-wien\/touren\/matta-teil-1\/"]}]},{"@type":"ImageObject","inLanguage":"de","@id":"https:\/\/discover-culture.com\/partner\/bank-austria-kunstforum-wien\/touren\/matta-teil-1\/#primaryimage","url":"https:\/\/discover-culture.com\/wp-content\/uploads\/3-Matta.jpg","contentUrl":"https:\/\/discover-culture.com\/wp-content\/uploads\/3-Matta.jpg","width":2000,"height":1946,"caption":"3 Matta"},{"@type":"BreadcrumbList","@id":"https:\/\/discover-culture.com\/partner\/bank-austria-kunstforum-wien\/touren\/matta-teil-1\/#breadcrumb","itemListElement":[{"@type":"ListItem","position":1,"name":"Home","item":"https:\/\/discover-culture.com\/"},{"@type":"ListItem","position":2,"name":"Produkte","item":"https:\/\/discover-culture.com\/de\/shop\/"},{"@type":"ListItem","position":3,"name":"MATTA-Teil 1"}]},{"@type":"WebSite","@id":"https:\/\/discover-culture.com\/de\/#website","url":"https:\/\/discover-culture.com\/de\/","name":"Discover-Culture","description":"","potentialAction":[{"@type":"SearchAction","target":{"@type":"EntryPoint","urlTemplate":"https:\/\/discover-culture.com\/de\/?s={search_term_string}"},"query-input":{"@type":"PropertyValueSpecification","valueRequired":true,"valueName":"search_term_string"}}],"inLanguage":"de"}]}},"_links":{"self":[{"href":"https:\/\/discover-culture.com\/de\/wp-json\/wp\/v2\/product\/7117","targetHints":{"allow":["GET"]}}],"collection":[{"href":"https:\/\/discover-culture.com\/de\/wp-json\/wp\/v2\/product"}],"about":[{"href":"https:\/\/discover-culture.com\/de\/wp-json\/wp\/v2\/types\/product"}],"wp:featuredmedia":[{"embeddable":true,"href":"https:\/\/discover-culture.com\/de\/wp-json\/wp\/v2\/media\/7118"}],"wp:attachment":[{"href":"https:\/\/discover-culture.com\/de\/wp-json\/wp\/v2\/media?parent=7117"}],"wp:term":[{"taxonomy":"product_brand","embeddable":true,"href":"https:\/\/discover-culture.com\/de\/wp-json\/wp\/v2\/product_brand?post=7117"},{"taxonomy":"product_cat","embeddable":true,"href":"https:\/\/discover-culture.com\/de\/wp-json\/wp\/v2\/product_cat?post=7117"},{"taxonomy":"product_tag","embeddable":true,"href":"https:\/\/discover-culture.com\/de\/wp-json\/wp\/v2\/product_tag?post=7117"}],"curies":[{"name":"wp","href":"https:\/\/api.w.org\/{rel}","templated":true}]}}