{"id":7089,"date":"2023-12-20T14:13:34","date_gmt":"2023-12-20T12:13:34","guid":{"rendered":"https:\/\/discover-culture.com\/partner\/\/touren\/"},"modified":"2024-01-09T11:03:00","modified_gmt":"2024-01-09T09:03:00","slug":"robert-motherwell-pure-painting-teil-2","status":"publish","type":"product","link":"https:\/\/discover-culture.com\/partner\/bank-austria-kunstforum-wien\/touren\/robert-motherwell-%e2%80%93-pure-painting-teil-2","title":{"rendered":"ROBERT MOTHERWELL \u2013 Pure Painting | Teil 2"},"content":{"rendered":"<section id='lightpress__section--block_1666ba755999bf462b0fe1beabb91796' class='lightpress__section lightpress__section--content'><div class=\"content__grid content__grid\">\n    <div class=\"content__box content__box--one-hundred\">\n                                                        <p align=\"center\"><strong>ROBERT MOTHERWELL \u2013 PURE PAINTING &#8211; Teil 2<\/strong><\/p>\n<p align=\"center\">Digitale F\u00fchrung durch die Ausstellung<\/p>\n<h6><strong>Titelbild:<\/strong> Caprice No. 3, 1962, Worcester Art Museum, Worcester, Massachusetts. Eliza S. Paine Fund and gift of the Dedalus Foundation, 1997, \u00a9 Copyright 2023 Dedalus Foundation, Inc. \/ Licensed by the Artists Rights Society (ARS), NY, Bildrecht Wien 2024<\/h6>\n\n                                        <\/div>\n    <\/div><\/section>\n\n<section id='lightpress__section--block_6100dbb3200a865c7da49254b7badf3b' class='lightpress__section lightpress__section--content'><div class=\"content__grid content__grid--fifty-fifty\">\n    <div class=\"content__box content__box content__box--text-center\">\n                                                        <h4>Robert Motherwell und die Musik<\/h4>\n<p>Musik hat Motherwell beim Arbeiten stets begleitet &#8211; zur Lyrischen Suite von Alban Berg brachte er eine Serie von tausend St\u00fcck abstrakter Malerei auf Papier und in den sp\u00e4teren Jahren integrierte Motherwell Notenbl\u00e4tter in seinen Werken.\u00a0<\/p>\n<p>\u00a0<\/p>\n<h6><strong>Bild: <\/strong>Elegy to the Spanish Republic No. 103, 1965, \u00d6l auf Leinwand,\u00a9 Copyright 2023 Dedalus Foundation, Inc. \/ Licensed by the Artists Rights Society (ARS), NY, Bildrecht Wien 2024<\/h6>\n\n                                        <\/div>\n            <div class=\"content__box content__box\">\n                                                                    <img decoding=\"async\" class=\"content__image\" src=\"https:\/\/discover-culture.com\/wp-content\/uploads\/011.jpg\" alt=\"011\" loading=\"lazy\">\n                                                        <\/div>\n    <\/div><\/section>\n\n<section id='lightpress__section--block_3d1fa6de484ce4cc701cd242283266b5' class='lightpress__section lightpress__section--content'><div class=\"content__grid content__grid\">\n    <div class=\"content__box content__box--one-hundred content__box--text-center\">\n                                                        <p>In Teil 2 dieser digitalen Serie spricht der Wiener Komponist <strong>Johannes Br\u00f6mmel <\/strong>mit Mag. Claudia Antonius, Kunstvermittlerin des Bank Austria Kunstforum Wien, \u00fcber die musikalische Komponente in Motherwells Werk und erz\u00e4hlt, wie er sich f\u00fcr sein St\u00fcck<strong> &#8222;Blackmountain<\/strong>&#8220; von Motherwell inspirieren lie\u00df.<\/p>\n\n                                        <\/div>\n    <\/div><\/section>","protected":false},"excerpt":{"rendered":"","protected":false},"featured_media":6939,"template":"","meta":{"_acf_changed":false,"_relevanssi_hide_post":"","_relevanssi_hide_content":"","_relevanssi_pin_for_all":"","_relevanssi_pin_keywords":"","_relevanssi_unpin_keywords":"","_relevanssi_related_keywords":"","_relevanssi_related_include_ids":"","_relevanssi_related_exclude_ids":"","_relevanssi_related_no_append":"","_relevanssi_related_not_related":"","_relevanssi_related_posts":"3849,3844,3841,3845,3848","_relevanssi_noindex_reason":""},"product_brand":[],"product_cat":[21],"product_tag":[],"class_list":["product-available","product","first","instock","virtual","sold-individually","taxable","purchasable","product-type-simple"],"bundled_by":[],"bundle_stock_status":"instock","bundle_stock_quantity":null,"bundle_virtual":false,"bundle_layout":"","bundle_add_to_cart_form_location":"","bundle_editable_in_cart":false,"bundle_sold_individually_context":"","bundle_item_grouping":"","bundle_min_size":"","bundle_max_size":"","bundle_price":[],"bundled_items":[],"bundle_sell_ids":[],"acf":[],"yoast_head":"<!-- This site is optimized with the Yoast SEO Premium plugin v25.7.1 (Yoast SEO v26.8) - https:\/\/yoast.com\/product\/yoast-seo-premium-wordpress\/ -->\n<title>ROBERT MOTHERWELL \u2013 Pure Painting | Teil 2 - Discover-Culture<\/title>\n<meta name=\"description\" content=\"Finden Sie hier alle Informationen zum Produkt ROBERT MOTHERWELL \u2013 Pure Painting | Teil 2 und betreten Sie die neue Welt von Kunst und Kultur!\" \/>\n<meta name=\"robots\" content=\"index, follow, max-snippet:-1, max-image-preview:large, max-video-preview:-1\" \/>\n<link rel=\"canonical\" href=\"https:\/\/discover-culture.com\/de\/partner\/bank-austria-kunstforum-wien\/touren\/robert-motherwell-\u2013-pure-painting-teil-2\/\" \/>\n<meta property=\"og:locale\" content=\"de_DE\" \/>\n<meta property=\"og:type\" content=\"article\" \/>\n<meta property=\"og:title\" content=\"ROBERT MOTHERWELL \u2013 Pure Painting | Teil 2\" \/>\n<meta property=\"og:description\" content=\"Finden Sie hier alle Informationen zum Produkt ROBERT MOTHERWELL \u2013 Pure Painting | Teil 2 und betreten Sie die neue Welt von Kunst und Kultur!\" \/>\n<meta property=\"og:url\" content=\"https:\/\/discover-culture.com\/de\/partner\/bank-austria-kunstforum-wien\/touren\/robert-motherwell-\u2013-pure-painting-teil-2\/\" \/>\n<meta property=\"og:site_name\" content=\"Discover-Culture\" \/>\n<meta property=\"article:modified_time\" content=\"2024-01-09T09:03:00+00:00\" \/>\n<meta property=\"og:image\" content=\"https:\/\/discover-culture.com\/wp-content\/uploads\/7-Caprice-No.-3.jpg\" \/>\n\t<meta property=\"og:image:width\" content=\"433\" \/>\n\t<meta property=\"og:image:height\" content=\"600\" \/>\n\t<meta property=\"og:image:type\" content=\"image\/jpeg\" \/>\n<meta name=\"twitter:card\" content=\"summary_large_image\" \/>\n<meta name=\"twitter:label1\" content=\"Gesch\u00e4tzte Lesezeit\" \/>\n\t<meta name=\"twitter:data1\" content=\"1\u00a0Minute\" \/>\n<script type=\"application\/ld+json\" class=\"yoast-schema-graph\">{\"@context\":\"https:\/\/schema.org\",\"@graph\":[{\"@type\":\"WebPage\",\"@id\":\"https:\/\/discover-culture.com\/partner\/bank-austria-kunstforum-wien\/touren\/robert-motherwell-%e2%80%93-pure-painting-teil-2\/\",\"url\":\"https:\/\/discover-culture.com\/partner\/bank-austria-kunstforum-wien\/touren\/robert-motherwell-%e2%80%93-pure-painting-teil-2\/\",\"name\":\"ROBERT MOTHERWELL \u2013 Pure Painting | Teil 2 - Discover-Culture\",\"isPartOf\":{\"@id\":\"https:\/\/discover-culture.com\/de\/#website\"},\"primaryImageOfPage\":{\"@id\":\"https:\/\/discover-culture.com\/partner\/bank-austria-kunstforum-wien\/touren\/robert-motherwell-%e2%80%93-pure-painting-teil-2\/#primaryimage\"},\"image\":{\"@id\":\"https:\/\/discover-culture.com\/partner\/bank-austria-kunstforum-wien\/touren\/robert-motherwell-%e2%80%93-pure-painting-teil-2\/#primaryimage\"},\"thumbnailUrl\":\"https:\/\/discover-culture.com\/wp-content\/uploads\/7-Caprice-No.-3.jpg\",\"datePublished\":\"2023-12-20T12:13:34+00:00\",\"dateModified\":\"2024-01-09T09:03:00+00:00\",\"description\":\"Finden Sie hier alle Informationen zum Produkt ROBERT MOTHERWELL \u2013 Pure Painting | Teil 2 und betreten Sie die neue Welt von Kunst und Kultur!\",\"breadcrumb\":{\"@id\":\"https:\/\/discover-culture.com\/partner\/bank-austria-kunstforum-wien\/touren\/robert-motherwell-%e2%80%93-pure-painting-teil-2\/#breadcrumb\"},\"inLanguage\":\"de\",\"potentialAction\":[{\"@type\":\"ReadAction\",\"target\":[\"https:\/\/discover-culture.com\/partner\/bank-austria-kunstforum-wien\/touren\/robert-motherwell-%e2%80%93-pure-painting-teil-2\/\"]}]},{\"@type\":\"ImageObject\",\"inLanguage\":\"de\",\"@id\":\"https:\/\/discover-culture.com\/partner\/bank-austria-kunstforum-wien\/touren\/robert-motherwell-%e2%80%93-pure-painting-teil-2\/#primaryimage\",\"url\":\"https:\/\/discover-culture.com\/wp-content\/uploads\/7-Caprice-No.-3.jpg\",\"contentUrl\":\"https:\/\/discover-culture.com\/wp-content\/uploads\/7-Caprice-No.-3.jpg\",\"width\":433,\"height\":600,\"caption\":\"7 Caprice No. 3\"},{\"@type\":\"BreadcrumbList\",\"@id\":\"https:\/\/discover-culture.com\/partner\/bank-austria-kunstforum-wien\/touren\/robert-motherwell-%e2%80%93-pure-painting-teil-2\/#breadcrumb\",\"itemListElement\":[{\"@type\":\"ListItem\",\"position\":1,\"name\":\"Home\",\"item\":\"https:\/\/discover-culture.com\/\"},{\"@type\":\"ListItem\",\"position\":2,\"name\":\"Produkte\",\"item\":\"https:\/\/discover-culture.com\/de\/shop\/\"},{\"@type\":\"ListItem\",\"position\":3,\"name\":\"ROBERT MOTHERWELL \u2013 Pure Painting | Teil 2\"}]},{\"@type\":\"WebSite\",\"@id\":\"https:\/\/discover-culture.com\/de\/#website\",\"url\":\"https:\/\/discover-culture.com\/de\/\",\"name\":\"Discover-Culture\",\"description\":\"\",\"potentialAction\":[{\"@type\":\"SearchAction\",\"target\":{\"@type\":\"EntryPoint\",\"urlTemplate\":\"https:\/\/discover-culture.com\/de\/?s={search_term_string}\"},\"query-input\":{\"@type\":\"PropertyValueSpecification\",\"valueRequired\":true,\"valueName\":\"search_term_string\"}}],\"inLanguage\":\"de\"}]}<\/script>\n<!-- \/ Yoast SEO Premium plugin. -->","yoast_head_json":{"title":"ROBERT MOTHERWELL \u2013 Pure Painting | Teil 2 - Discover-Culture","description":"Finden Sie hier alle Informationen zum Produkt ROBERT MOTHERWELL \u2013 Pure Painting | Teil 2 und betreten Sie die neue Welt von Kunst und Kultur!","robots":{"index":"index","follow":"follow","max-snippet":"max-snippet:-1","max-image-preview":"max-image-preview:large","max-video-preview":"max-video-preview:-1"},"canonical":"https:\/\/discover-culture.com\/de\/partner\/bank-austria-kunstforum-wien\/touren\/robert-motherwell-\u2013-pure-painting-teil-2\/","og_locale":"de_DE","og_type":"article","og_title":"ROBERT MOTHERWELL \u2013 Pure Painting | Teil 2","og_description":"Finden Sie hier alle Informationen zum Produkt ROBERT MOTHERWELL \u2013 Pure Painting | Teil 2 und betreten Sie die neue Welt von Kunst und Kultur!","og_url":"https:\/\/discover-culture.com\/de\/partner\/bank-austria-kunstforum-wien\/touren\/robert-motherwell-\u2013-pure-painting-teil-2\/","og_site_name":"Discover-Culture","article_modified_time":"2024-01-09T09:03:00+00:00","og_image":[{"width":433,"height":600,"url":"https:\/\/discover-culture.com\/wp-content\/uploads\/7-Caprice-No.-3.jpg","type":"image\/jpeg"}],"twitter_card":"summary_large_image","twitter_misc":{"Gesch\u00e4tzte Lesezeit":"1\u00a0Minute"},"schema":{"@context":"https:\/\/schema.org","@graph":[{"@type":"WebPage","@id":"https:\/\/discover-culture.com\/partner\/bank-austria-kunstforum-wien\/touren\/robert-motherwell-%e2%80%93-pure-painting-teil-2\/","url":"https:\/\/discover-culture.com\/partner\/bank-austria-kunstforum-wien\/touren\/robert-motherwell-%e2%80%93-pure-painting-teil-2\/","name":"ROBERT MOTHERWELL \u2013 Pure Painting | Teil 2 - Discover-Culture","isPartOf":{"@id":"https:\/\/discover-culture.com\/de\/#website"},"primaryImageOfPage":{"@id":"https:\/\/discover-culture.com\/partner\/bank-austria-kunstforum-wien\/touren\/robert-motherwell-%e2%80%93-pure-painting-teil-2\/#primaryimage"},"image":{"@id":"https:\/\/discover-culture.com\/partner\/bank-austria-kunstforum-wien\/touren\/robert-motherwell-%e2%80%93-pure-painting-teil-2\/#primaryimage"},"thumbnailUrl":"https:\/\/discover-culture.com\/wp-content\/uploads\/7-Caprice-No.-3.jpg","datePublished":"2023-12-20T12:13:34+00:00","dateModified":"2024-01-09T09:03:00+00:00","description":"Finden Sie hier alle Informationen zum Produkt ROBERT MOTHERWELL \u2013 Pure Painting | Teil 2 und betreten Sie die neue Welt von Kunst und Kultur!","breadcrumb":{"@id":"https:\/\/discover-culture.com\/partner\/bank-austria-kunstforum-wien\/touren\/robert-motherwell-%e2%80%93-pure-painting-teil-2\/#breadcrumb"},"inLanguage":"de","potentialAction":[{"@type":"ReadAction","target":["https:\/\/discover-culture.com\/partner\/bank-austria-kunstforum-wien\/touren\/robert-motherwell-%e2%80%93-pure-painting-teil-2\/"]}]},{"@type":"ImageObject","inLanguage":"de","@id":"https:\/\/discover-culture.com\/partner\/bank-austria-kunstforum-wien\/touren\/robert-motherwell-%e2%80%93-pure-painting-teil-2\/#primaryimage","url":"https:\/\/discover-culture.com\/wp-content\/uploads\/7-Caprice-No.-3.jpg","contentUrl":"https:\/\/discover-culture.com\/wp-content\/uploads\/7-Caprice-No.-3.jpg","width":433,"height":600,"caption":"7 Caprice No. 3"},{"@type":"BreadcrumbList","@id":"https:\/\/discover-culture.com\/partner\/bank-austria-kunstforum-wien\/touren\/robert-motherwell-%e2%80%93-pure-painting-teil-2\/#breadcrumb","itemListElement":[{"@type":"ListItem","position":1,"name":"Home","item":"https:\/\/discover-culture.com\/"},{"@type":"ListItem","position":2,"name":"Produkte","item":"https:\/\/discover-culture.com\/de\/shop\/"},{"@type":"ListItem","position":3,"name":"ROBERT MOTHERWELL \u2013 Pure Painting | Teil 2"}]},{"@type":"WebSite","@id":"https:\/\/discover-culture.com\/de\/#website","url":"https:\/\/discover-culture.com\/de\/","name":"Discover-Culture","description":"","potentialAction":[{"@type":"SearchAction","target":{"@type":"EntryPoint","urlTemplate":"https:\/\/discover-culture.com\/de\/?s={search_term_string}"},"query-input":{"@type":"PropertyValueSpecification","valueRequired":true,"valueName":"search_term_string"}}],"inLanguage":"de"}]}},"_links":{"self":[{"href":"https:\/\/discover-culture.com\/de\/wp-json\/wp\/v2\/product\/7089","targetHints":{"allow":["GET"]}}],"collection":[{"href":"https:\/\/discover-culture.com\/de\/wp-json\/wp\/v2\/product"}],"about":[{"href":"https:\/\/discover-culture.com\/de\/wp-json\/wp\/v2\/types\/product"}],"wp:featuredmedia":[{"embeddable":true,"href":"https:\/\/discover-culture.com\/de\/wp-json\/wp\/v2\/media\/6939"}],"wp:attachment":[{"href":"https:\/\/discover-culture.com\/de\/wp-json\/wp\/v2\/media?parent=7089"}],"wp:term":[{"taxonomy":"product_brand","embeddable":true,"href":"https:\/\/discover-culture.com\/de\/wp-json\/wp\/v2\/product_brand?post=7089"},{"taxonomy":"product_cat","embeddable":true,"href":"https:\/\/discover-culture.com\/de\/wp-json\/wp\/v2\/product_cat?post=7089"},{"taxonomy":"product_tag","embeddable":true,"href":"https:\/\/discover-culture.com\/de\/wp-json\/wp\/v2\/product_tag?post=7089"}],"curies":[{"name":"wp","href":"https:\/\/api.w.org\/{rel}","templated":true}]}}