{"id":7083,"date":"2024-04-15T13:47:28","date_gmt":"2024-04-15T11:47:28","guid":{"rendered":"https:\/\/discover-culture.com\/partner\/\/touren\/"},"modified":"2024-10-28T13:40:26","modified_gmt":"2024-10-28T11:40:26","slug":"der-prunksaal","status":"publish","type":"product","link":"https:\/\/discover-culture.com\/partner\/%c3%b6sterreichische-nationalbibliothek\/touren\/der-prunksaal","title":{"rendered":"Der Prunksaal"},"content":{"rendered":"<section id='lightpress__section--block_e3054f0e279eb0efcbe49234789baff2' class='lightpress__section lightpress__section--content'><div class=\"content__grid content__grid\">\n    <div class=\"content__box content__box--one-hundred\">\n                                                        <p align=\"center\"><a href=\"https:\/\/www.onb.ac.at\/\" target=\"_blank\" rel=\"noopener\"><img decoding=\"async\" src=\"https:\/\/discover-culture.com\/wp-content\/uploads\/ONB_Logo_rgb.png\" alt=\"https:\/\/discover-culture.com\/wp-content\/uploads\/ONB_Logo_cmyk-e1713170746738.jpg\" \/><\/a><\/p>\n<h4 align=\"center\">Der Prunksaal der \u00d6sterreichischen Nationalbibliothek<\/h4>\n<p>Ein virtueller Rundgang durch ein barockes Gesamtkunstwerk <\/p>\n<h6>Titelbild: \u00a9 \u00d6sterreichische Nationalbibliothek | Hloch<\/h6>\n\n                                        <\/div>\n    <\/div><\/section>\n\n<section id='lightpress__section--block_adebde82f234296e221b76cd66edc0d6' class='lightpress__section lightpress__section--content'><div class=\"content__grid content__grid\">\n    <div class=\"content__box content__box--two-thirds content__box--text-center\">\n                                                        <h4>Barocke Pracht<\/h4>\n<p>Im 18. Jahrhundert lie\u00df Kaiser Karl VI. die ehemalige Hofbibliothek als eigenen Trakt in der Kaiserresidenz Hofburg erbauen. Seine Statue steht \u2013 umgeben von vier venezianischen Prachtgloben \u2013 in der Mitte des Prunksaales. Mit eleganter Geste l\u00e4dt er Sie ein<\/p>\n<ul>\n<li>rund 200.000 B\u00fccher aus den Jahren 1501\u20131850<\/li>\n<li>die rund 15.000 B\u00e4nde umfassende Sammlung des Prinzen Eugen von Savoyen<\/li>\n<li>die Marmorstandbilder der Br\u00fcder Strudel<\/li>\n<li>sowie die allegorischen Fresken im Kriegs- und Friedensfl\u00fcgel zu bestaunen.<\/li>\n<\/ul>\n<p>Dunkles Nussholz, Steinb\u00f6den sowie Goldverzierungen bilden den opulenten Rahmen f\u00fcr diese Sch\u00e4tze.<\/p>\n<h6>Bild: \u00a9 \u00d6sterreichische Nationalbibliothek | Hloch<\/h6>\n\n                                        <\/div>\n            <div class=\"content__box content__box\">\n                                                                    <img decoding=\"async\" class=\"content__image\" src=\"https:\/\/discover-culture.com\/wp-content\/uploads\/Prunksaal-scaled.jpg\" alt=\"Prunksaal\" loading=\"lazy\">\n                                                        <\/div>\n    <\/div><\/section>\n\n<section id='lightpress__section--block_bff05d36a632759919eb824a97794d16' class='lightpress__section lightpress__section--content'><div class=\"content__grid content__grid\">\n    <div class=\"content__box content__box\">\n                                                    <img decoding=\"async\" class=\"content__image\" src=\"https:\/\/discover-culture.com\/wp-content\/uploads\/prunksaal_2.jpg\" alt=\"prunksaal 2\" loading=\"lazy\">\n                                        <\/div>\n            <div class=\"content__box content__box--one-third content__box--text-center\">\n                                                                        <h4>Kostbares B\u00fccherparadies<\/h4>\n<p>Mit ihren historischen Best\u00e4nden z\u00e4hlt die \u00d6sterreichische Nationalbibliothek zu den bedeutendsten Bibliotheken der Welt. Besonders hervorzuheben ist die Bibliothek des Prinzen Eugen, 15.000 in rotes, blaues und gelbes Maroquinleder gebundene B\u00e4nde im Mitteloval des Saales.<\/p>\n<p>Der reiche Bestand der Hofbibliothek resultierte aus verschiedensten Quellen: habsburgische Sammlungen, Ank\u00e4ufe von ber\u00fchmten Bibliotheken, Schenkungen, Pflichtexemplare, Ank\u00e4ufe auf Buchm\u00e4rkten und seit Gerard van Swieten systematische Ank\u00e4ufe neuerer Literatur \u00fcber den Buchhandel.<\/p>\n<h6>Bild: \u00a9 \u00d6sterreichische Nationalbibliothek | Hloch<\/h6>\n\n                                                        <\/div>\n    <\/div><\/section>\n\n<section id='lightpress__section--block_271562ae8652036f88d8b9e3eeb4f840' class='lightpress__section lightpress__section--content'><div class=\"content__grid content__grid\">\n    <div class=\"content__box content__box--one-hundred\">\n                                                        <p align=\"center\">Lassen Sie sich online inspirieren und erfahren Sie hier noch mehr \u00fcber die Geschichte der \u00d6sterreichischen Nationalbibliothek und des Prunksaals<\/p>\n<p align=\"center\"><a class=\"lcyd__button lcyd__button--animate lcyd__button--arrow lcyd__button--animate\" href=\"https:\/\/www.onb.ac.at\/mehr\/ueber-uns\/timeline\" target=\"_blank\" rel=\"noopener\">Timeline<\/a><\/p>\n\n                                        <\/div>\n    <\/div><\/section>","protected":false},"excerpt":{"rendered":"","protected":false},"featured_media":7178,"template":"","meta":{"_acf_changed":true,"_relevanssi_hide_post":"","_relevanssi_hide_content":"","_relevanssi_pin_for_all":"","_relevanssi_pin_keywords":"","_relevanssi_unpin_keywords":"","_relevanssi_related_keywords":"","_relevanssi_related_include_ids":"","_relevanssi_related_exclude_ids":"","_relevanssi_related_no_append":"","_relevanssi_related_not_related":"","_relevanssi_related_posts":"3849,3841,3844,3848,3845","_relevanssi_noindex_reason":""},"product_brand":[],"product_cat":[16],"product_tag":[],"class_list":["product-available","product","first","instock","virtual","sold-individually","taxable","purchasable","product-type-simple"],"bundled_by":[],"bundle_stock_status":"instock","bundle_stock_quantity":null,"bundle_virtual":false,"bundle_layout":"","bundle_add_to_cart_form_location":"","bundle_editable_in_cart":false,"bundle_sold_individually_context":"","bundle_item_grouping":"","bundle_min_size":"","bundle_max_size":"","bundle_price":[],"bundled_items":[],"bundle_sell_ids":[],"acf":[],"yoast_head":"<!-- This site is optimized with the Yoast SEO Premium plugin v25.7.1 (Yoast SEO v26.8) - https:\/\/yoast.com\/product\/yoast-seo-premium-wordpress\/ -->\n<title>Der Prunksaal - Discover-Culture<\/title>\n<meta name=\"description\" content=\"Finden Sie hier alle Informationen zum Produkt Der Prunksaal und betreten Sie die neue Welt von Kunst und Kultur!\" \/>\n<meta name=\"robots\" content=\"index, follow, max-snippet:-1, max-image-preview:large, max-video-preview:-1\" \/>\n<link rel=\"canonical\" href=\"https:\/\/discover-culture.com\/de\/partner\/\u00f6sterreichische-nationalbibliothek\/touren\/der-prunksaal\/\" \/>\n<meta property=\"og:locale\" content=\"de_DE\" \/>\n<meta property=\"og:type\" content=\"article\" \/>\n<meta property=\"og:title\" content=\"Der Prunksaal\" \/>\n<meta property=\"og:description\" content=\"Finden Sie hier alle Informationen zum Produkt Der Prunksaal und betreten Sie die neue Welt von Kunst und Kultur!\" \/>\n<meta property=\"og:url\" content=\"https:\/\/discover-culture.com\/de\/partner\/\u00f6sterreichische-nationalbibliothek\/touren\/der-prunksaal\/\" \/>\n<meta property=\"og:site_name\" content=\"Discover-Culture\" \/>\n<meta property=\"article:modified_time\" content=\"2024-10-28T11:40:26+00:00\" \/>\n<meta property=\"og:image\" content=\"https:\/\/discover-culture.com\/wp-content\/uploads\/fileadmin__processed__e_2_csm_Prunksaal_1_79966664e6.jpg\" \/>\n\t<meta property=\"og:image:width\" content=\"1920\" \/>\n\t<meta property=\"og:image:height\" content=\"1280\" \/>\n\t<meta property=\"og:image:type\" content=\"image\/jpeg\" \/>\n<meta name=\"twitter:card\" content=\"summary_large_image\" \/>\n<meta name=\"twitter:label1\" content=\"Gesch\u00e4tzte Lesezeit\" \/>\n\t<meta name=\"twitter:data1\" content=\"1\u00a0Minute\" \/>\n<script type=\"application\/ld+json\" class=\"yoast-schema-graph\">{\"@context\":\"https:\/\/schema.org\",\"@graph\":[{\"@type\":\"WebPage\",\"@id\":\"https:\/\/discover-culture.com\/partner\/%c3%b6sterreichische-nationalbibliothek\/touren\/der-prunksaal\/\",\"url\":\"https:\/\/discover-culture.com\/partner\/%c3%b6sterreichische-nationalbibliothek\/touren\/der-prunksaal\/\",\"name\":\"Der Prunksaal - Discover-Culture\",\"isPartOf\":{\"@id\":\"https:\/\/discover-culture.com\/de\/#website\"},\"primaryImageOfPage\":{\"@id\":\"https:\/\/discover-culture.com\/partner\/%c3%b6sterreichische-nationalbibliothek\/touren\/der-prunksaal\/#primaryimage\"},\"image\":{\"@id\":\"https:\/\/discover-culture.com\/partner\/%c3%b6sterreichische-nationalbibliothek\/touren\/der-prunksaal\/#primaryimage\"},\"thumbnailUrl\":\"https:\/\/discover-culture.com\/wp-content\/uploads\/fileadmin__processed__e_2_csm_Prunksaal_1_79966664e6.jpg\",\"datePublished\":\"2024-04-15T11:47:28+00:00\",\"dateModified\":\"2024-10-28T11:40:26+00:00\",\"description\":\"Finden Sie hier alle Informationen zum Produkt Der Prunksaal und betreten Sie die neue Welt von Kunst und Kultur!\",\"breadcrumb\":{\"@id\":\"https:\/\/discover-culture.com\/partner\/%c3%b6sterreichische-nationalbibliothek\/touren\/der-prunksaal\/#breadcrumb\"},\"inLanguage\":\"de\",\"potentialAction\":[{\"@type\":\"ReadAction\",\"target\":[\"https:\/\/discover-culture.com\/partner\/%c3%b6sterreichische-nationalbibliothek\/touren\/der-prunksaal\/\"]}]},{\"@type\":\"ImageObject\",\"inLanguage\":\"de\",\"@id\":\"https:\/\/discover-culture.com\/partner\/%c3%b6sterreichische-nationalbibliothek\/touren\/der-prunksaal\/#primaryimage\",\"url\":\"https:\/\/discover-culture.com\/wp-content\/uploads\/fileadmin__processed__e_2_csm_Prunksaal_1_79966664e6.jpg\",\"contentUrl\":\"https:\/\/discover-culture.com\/wp-content\/uploads\/fileadmin__processed__e_2_csm_Prunksaal_1_79966664e6.jpg\",\"width\":1920,\"height\":1280,\"caption\":\"fileadmin processed e 2 csm Prunksaal 1 79966664e6\"},{\"@type\":\"BreadcrumbList\",\"@id\":\"https:\/\/discover-culture.com\/partner\/%c3%b6sterreichische-nationalbibliothek\/touren\/der-prunksaal\/#breadcrumb\",\"itemListElement\":[{\"@type\":\"ListItem\",\"position\":1,\"name\":\"Home\",\"item\":\"https:\/\/discover-culture.com\/\"},{\"@type\":\"ListItem\",\"position\":2,\"name\":\"Produkte\",\"item\":\"https:\/\/discover-culture.com\/de\/shop\/\"},{\"@type\":\"ListItem\",\"position\":3,\"name\":\"Der Prunksaal\"}]},{\"@type\":\"WebSite\",\"@id\":\"https:\/\/discover-culture.com\/de\/#website\",\"url\":\"https:\/\/discover-culture.com\/de\/\",\"name\":\"Discover-Culture\",\"description\":\"\",\"potentialAction\":[{\"@type\":\"SearchAction\",\"target\":{\"@type\":\"EntryPoint\",\"urlTemplate\":\"https:\/\/discover-culture.com\/de\/?s={search_term_string}\"},\"query-input\":{\"@type\":\"PropertyValueSpecification\",\"valueRequired\":true,\"valueName\":\"search_term_string\"}}],\"inLanguage\":\"de\"}]}<\/script>\n<!-- \/ Yoast SEO Premium plugin. -->","yoast_head_json":{"title":"Der Prunksaal - Discover-Culture","description":"Finden Sie hier alle Informationen zum Produkt Der Prunksaal und betreten Sie die neue Welt von Kunst und Kultur!","robots":{"index":"index","follow":"follow","max-snippet":"max-snippet:-1","max-image-preview":"max-image-preview:large","max-video-preview":"max-video-preview:-1"},"canonical":"https:\/\/discover-culture.com\/de\/partner\/\u00f6sterreichische-nationalbibliothek\/touren\/der-prunksaal\/","og_locale":"de_DE","og_type":"article","og_title":"Der Prunksaal","og_description":"Finden Sie hier alle Informationen zum Produkt Der Prunksaal und betreten Sie die neue Welt von Kunst und Kultur!","og_url":"https:\/\/discover-culture.com\/de\/partner\/\u00f6sterreichische-nationalbibliothek\/touren\/der-prunksaal\/","og_site_name":"Discover-Culture","article_modified_time":"2024-10-28T11:40:26+00:00","og_image":[{"width":1920,"height":1280,"url":"https:\/\/discover-culture.com\/wp-content\/uploads\/fileadmin__processed__e_2_csm_Prunksaal_1_79966664e6.jpg","type":"image\/jpeg"}],"twitter_card":"summary_large_image","twitter_misc":{"Gesch\u00e4tzte Lesezeit":"1\u00a0Minute"},"schema":{"@context":"https:\/\/schema.org","@graph":[{"@type":"WebPage","@id":"https:\/\/discover-culture.com\/partner\/%c3%b6sterreichische-nationalbibliothek\/touren\/der-prunksaal\/","url":"https:\/\/discover-culture.com\/partner\/%c3%b6sterreichische-nationalbibliothek\/touren\/der-prunksaal\/","name":"Der Prunksaal - Discover-Culture","isPartOf":{"@id":"https:\/\/discover-culture.com\/de\/#website"},"primaryImageOfPage":{"@id":"https:\/\/discover-culture.com\/partner\/%c3%b6sterreichische-nationalbibliothek\/touren\/der-prunksaal\/#primaryimage"},"image":{"@id":"https:\/\/discover-culture.com\/partner\/%c3%b6sterreichische-nationalbibliothek\/touren\/der-prunksaal\/#primaryimage"},"thumbnailUrl":"https:\/\/discover-culture.com\/wp-content\/uploads\/fileadmin__processed__e_2_csm_Prunksaal_1_79966664e6.jpg","datePublished":"2024-04-15T11:47:28+00:00","dateModified":"2024-10-28T11:40:26+00:00","description":"Finden Sie hier alle Informationen zum Produkt Der Prunksaal und betreten Sie die neue Welt von Kunst und Kultur!","breadcrumb":{"@id":"https:\/\/discover-culture.com\/partner\/%c3%b6sterreichische-nationalbibliothek\/touren\/der-prunksaal\/#breadcrumb"},"inLanguage":"de","potentialAction":[{"@type":"ReadAction","target":["https:\/\/discover-culture.com\/partner\/%c3%b6sterreichische-nationalbibliothek\/touren\/der-prunksaal\/"]}]},{"@type":"ImageObject","inLanguage":"de","@id":"https:\/\/discover-culture.com\/partner\/%c3%b6sterreichische-nationalbibliothek\/touren\/der-prunksaal\/#primaryimage","url":"https:\/\/discover-culture.com\/wp-content\/uploads\/fileadmin__processed__e_2_csm_Prunksaal_1_79966664e6.jpg","contentUrl":"https:\/\/discover-culture.com\/wp-content\/uploads\/fileadmin__processed__e_2_csm_Prunksaal_1_79966664e6.jpg","width":1920,"height":1280,"caption":"fileadmin processed e 2 csm Prunksaal 1 79966664e6"},{"@type":"BreadcrumbList","@id":"https:\/\/discover-culture.com\/partner\/%c3%b6sterreichische-nationalbibliothek\/touren\/der-prunksaal\/#breadcrumb","itemListElement":[{"@type":"ListItem","position":1,"name":"Home","item":"https:\/\/discover-culture.com\/"},{"@type":"ListItem","position":2,"name":"Produkte","item":"https:\/\/discover-culture.com\/de\/shop\/"},{"@type":"ListItem","position":3,"name":"Der Prunksaal"}]},{"@type":"WebSite","@id":"https:\/\/discover-culture.com\/de\/#website","url":"https:\/\/discover-culture.com\/de\/","name":"Discover-Culture","description":"","potentialAction":[{"@type":"SearchAction","target":{"@type":"EntryPoint","urlTemplate":"https:\/\/discover-culture.com\/de\/?s={search_term_string}"},"query-input":{"@type":"PropertyValueSpecification","valueRequired":true,"valueName":"search_term_string"}}],"inLanguage":"de"}]}},"_links":{"self":[{"href":"https:\/\/discover-culture.com\/de\/wp-json\/wp\/v2\/product\/7083","targetHints":{"allow":["GET"]}}],"collection":[{"href":"https:\/\/discover-culture.com\/de\/wp-json\/wp\/v2\/product"}],"about":[{"href":"https:\/\/discover-culture.com\/de\/wp-json\/wp\/v2\/types\/product"}],"wp:featuredmedia":[{"embeddable":true,"href":"https:\/\/discover-culture.com\/de\/wp-json\/wp\/v2\/media\/7178"}],"wp:attachment":[{"href":"https:\/\/discover-culture.com\/de\/wp-json\/wp\/v2\/media?parent=7083"}],"wp:term":[{"taxonomy":"product_brand","embeddable":true,"href":"https:\/\/discover-culture.com\/de\/wp-json\/wp\/v2\/product_brand?post=7083"},{"taxonomy":"product_cat","embeddable":true,"href":"https:\/\/discover-culture.com\/de\/wp-json\/wp\/v2\/product_cat?post=7083"},{"taxonomy":"product_tag","embeddable":true,"href":"https:\/\/discover-culture.com\/de\/wp-json\/wp\/v2\/product_tag?post=7083"}],"curies":[{"name":"wp","href":"https:\/\/api.w.org\/{rel}","templated":true}]}}