{"id":7062,"date":"2023-11-16T10:53:47","date_gmt":"2023-11-16T08:53:47","guid":{"rendered":"https:\/\/discover-culture.com\/partner\/\/touren\/"},"modified":"2024-10-28T13:40:08","modified_gmt":"2024-10-28T11:40:08","slug":"sakraler-jugendstil","status":"publish","type":"product","link":"https:\/\/discover-culture.com\/partner\/di%c3%b6zese-sankt-p%c3%b6lten\/touren\/sakraler-jugendstil","title":{"rendered":"Sakraler Jugendstil"},"content":{"rendered":"<section id='lightpress__section--block_d341708a7c69c88e7f7b35480d0ce29a' class='lightpress__section lightpress__section--content'><div class=\"content__grid content__grid\">\n    <div class=\"content__box content__box--one-hundred\">\n                                                        <h2 align=\"center\">Das Museum am Dom St. P\u00f6lten<\/h2>\n<p align=\"center\"><strong>Wo sakrale Kunst und zeitgem\u00e4\u00dfe Glaubensvermittlung aufeinandertreffen<\/strong><\/p>\n\n                                        <\/div>\n    <\/div><\/section>\n\n<section id='lightpress__section--block_b786f4994674f1877a49c078e6ae2c78' class='lightpress__section lightpress__section--content'><div class=\"content__grid content__grid\">\n    <div class=\"content__box content__box--two-thirds content__box--text-center\">\n                                                        <p>Die Ausstellung \u201eSakraler Jugendstil\u201c im Museum am Dom St. P\u00f6lten r\u00fcckt das kirchliche Kunstschaffen der Zeit um 1900 im \u00f6sterreichischen Raum in den Fokus. Zahlreiche Objekte, die aus Pfarrkirchen, Kl\u00f6stern und Privatsammlungen zusammengetragen wurden, unterstreichen die Bedeutung, die der Jugendstil \u2013 trotz \u00fcberwiegender Ablehnung der kirchlichen Obrigkeiten \u2013 auch im sakralen Bereich gespielt hat.<\/p>\n<p>Nicht zuletzt die N\u00e4he zu Wien, wo 1897 die K\u00fcnstlervereinigung \u201eSecession\u201c gegr\u00fcndet wurde, f\u00fchrte dazu, dass vor allem in Ost\u00f6sterreich religi\u00f6se Objekte im neuen Kunststil entstanden. Die Stadt St. P\u00f6lten, Wohnort mehrerer Secessions-Mitglieder, ist bis heute eng mit dem Jugendstil verbunden.<\/p>\n\n                                        <\/div>\n            <div class=\"content__box content__box\">\n                                                                    <img decoding=\"async\" class=\"content__image\" src=\"https:\/\/discover-culture.com\/wp-content\/uploads\/Kreuz-scaled.jpg\" alt=\"Kreuz\" loading=\"lazy\">\n                                                        <\/div>\n    <\/div><\/section>\n\n<section id='lightpress__section--block_2fa0d712e031f5fc8d9648bc8263ca52' class='lightpress__section lightpress__section--content'><div class=\"content__grid content__grid--fifty-fifty\">\n    <div class=\"content__box content__box\">\n                                                    <img decoding=\"async\" class=\"content__image\" src=\"https:\/\/discover-culture.com\/wp-content\/uploads\/Dommuseum_St_Poelten_2.jpg\" alt=\"Dommuseum St Poelten 2\" loading=\"lazy\">\n                                        <\/div>\n            <div class=\"content__box content__box content__box--text-center\">\n                                                                        <p><strong>Ausstellung zum kirchlichen Jugendstil im Museum am Dom St. P\u00f6lten <\/strong><\/p>\n<p>Die Ausstellung \u201eSakraler Jugendstil\u201c war die Jahresausstellung 2023 im Museum am Dom St. P\u00f6lten. Mehr als 100 Jahre nach der ersten \u00f6sterreichischen Ausstellung zum kirchlichen Jugendstil in Wien widmete sich das Museum dem Spannungsfeld zwischen traditioneller Kunstauffassung und aufgeschlossenem Zeitgeist. Die Ausstellung begibt sich auf Spurensuche, warum trotz widriger Bedingungen zahlreiche sakrale Kunstgegenst\u00e4nde im Jugendstil entstanden sind.<\/p>\n<p>Die Bandbreite reicht dabei von Alt\u00e4ren \u00fcber Kelche und Monstranzen bis hin zu liturgischen Gew\u00e4ndern. Bis dato noch nie pr\u00e4sentierte Objekte lassen vermuten, dass aufgeschlossene Geistliche und Auftraggeber dennoch \u2013 gem\u00e4\u00df dem Wahlspruch der Secession \u2013 \u201eder Zeit ihre Kunst, der Kunst ihre Freiheit\u201c erm\u00f6glichten.<\/p>\n\n                                                        <\/div>\n    <\/div><\/section>\n\n<section id='lightpress__section--block_786ae1762b40e77c06bd99f746e37673' class='lightpress__section lightpress__section--content'><div class=\"content__grid content__grid\">\n    <div class=\"content__box content__box--one-hundred\">\n                                                        <p>Tauchen Sie auf dieser digitalen Tour ein in die faszinierende Welt des Museums am Dom in St. P\u00f6lten und bereiten Sie sich so optimal auf einen bevorstehenden Besuch vor, um vor Ort ein noch intensiveres und bereicherndes Erlebnis zu genie\u00dfen.<\/p>\n<p><a class=\"lcyd__button lcyd__button--animate lcyd__button--arrow lcyd__button--animate\" href=\"https:\/\/www.museumamdom.at\/institution\/30242701\" target=\"_blank\" rel=\"noopener\">Mehr Informationen<\/a><\/p>\n\n                                        <\/div>\n    <\/div><\/section>","protected":false},"excerpt":{"rendered":"","protected":false},"featured_media":7299,"template":"","meta":{"_acf_changed":true,"_relevanssi_hide_post":"","_relevanssi_hide_content":"","_relevanssi_pin_for_all":"","_relevanssi_pin_keywords":"","_relevanssi_unpin_keywords":"","_relevanssi_related_keywords":"","_relevanssi_related_include_ids":"","_relevanssi_related_exclude_ids":"","_relevanssi_related_no_append":"","_relevanssi_related_not_related":"","_relevanssi_related_posts":"3844,3845,3849,3848,3841","_relevanssi_noindex_reason":""},"product_brand":[],"product_cat":[16],"product_tag":[],"class_list":["product-available","product","first","instock","virtual","sold-individually","taxable","purchasable","product-type-simple"],"bundled_by":[],"bundle_stock_status":"instock","bundle_stock_quantity":null,"bundle_virtual":false,"bundle_layout":"","bundle_add_to_cart_form_location":"","bundle_editable_in_cart":false,"bundle_sold_individually_context":"","bundle_item_grouping":"","bundle_min_size":"","bundle_max_size":"","bundle_price":[],"bundled_items":[],"bundle_sell_ids":[],"acf":[],"yoast_head":"<!-- This site is optimized with the Yoast SEO Premium plugin v25.7.1 (Yoast SEO v26.8) - https:\/\/yoast.com\/product\/yoast-seo-premium-wordpress\/ -->\n<title>Sakraler Jugendstil - Discover-Culture<\/title>\n<meta name=\"description\" content=\"Finden Sie hier alle Informationen zum Produkt Sakraler Jugendstil und betreten Sie die neue Welt von Kunst und Kultur!\" \/>\n<meta name=\"robots\" content=\"index, follow, max-snippet:-1, max-image-preview:large, max-video-preview:-1\" \/>\n<link rel=\"canonical\" href=\"https:\/\/discover-culture.com\/de\/partner\/di\u00f6zese-sankt-p\u00f6lten\/touren\/sakraler-jugendstil\/\" \/>\n<meta property=\"og:locale\" content=\"de_DE\" \/>\n<meta property=\"og:type\" content=\"article\" \/>\n<meta property=\"og:title\" content=\"Sakraler Jugendstil\" \/>\n<meta property=\"og:description\" content=\"Finden Sie hier alle Informationen zum Produkt Sakraler Jugendstil und betreten Sie die neue Welt von Kunst und Kultur!\" \/>\n<meta property=\"og:url\" content=\"https:\/\/discover-culture.com\/de\/partner\/di\u00f6zese-sankt-p\u00f6lten\/touren\/sakraler-jugendstil\/\" \/>\n<meta property=\"og:site_name\" content=\"Discover-Culture\" \/>\n<meta property=\"article:modified_time\" content=\"2024-10-28T11:40:08+00:00\" \/>\n<meta property=\"og:image\" content=\"https:\/\/discover-culture.com\/wp-content\/uploads\/Jugendstil2023.jpg\" \/>\n\t<meta property=\"og:image:width\" content=\"1351\" \/>\n\t<meta property=\"og:image:height\" content=\"901\" \/>\n\t<meta property=\"og:image:type\" content=\"image\/jpeg\" \/>\n<meta name=\"twitter:card\" content=\"summary_large_image\" \/>\n<meta name=\"twitter:label1\" content=\"Gesch\u00e4tzte Lesezeit\" \/>\n\t<meta name=\"twitter:data1\" content=\"1\u00a0Minute\" \/>\n<script type=\"application\/ld+json\" class=\"yoast-schema-graph\">{\"@context\":\"https:\/\/schema.org\",\"@graph\":[{\"@type\":\"WebPage\",\"@id\":\"https:\/\/discover-culture.com\/partner\/di%c3%b6zese-sankt-p%c3%b6lten\/touren\/sakraler-jugendstil\/\",\"url\":\"https:\/\/discover-culture.com\/partner\/di%c3%b6zese-sankt-p%c3%b6lten\/touren\/sakraler-jugendstil\/\",\"name\":\"Sakraler Jugendstil - Discover-Culture\",\"isPartOf\":{\"@id\":\"https:\/\/discover-culture.com\/de\/#website\"},\"primaryImageOfPage\":{\"@id\":\"https:\/\/discover-culture.com\/partner\/di%c3%b6zese-sankt-p%c3%b6lten\/touren\/sakraler-jugendstil\/#primaryimage\"},\"image\":{\"@id\":\"https:\/\/discover-culture.com\/partner\/di%c3%b6zese-sankt-p%c3%b6lten\/touren\/sakraler-jugendstil\/#primaryimage\"},\"thumbnailUrl\":\"https:\/\/discover-culture.com\/wp-content\/uploads\/Jugendstil2023.jpg\",\"datePublished\":\"2023-11-16T08:53:47+00:00\",\"dateModified\":\"2024-10-28T11:40:08+00:00\",\"description\":\"Finden Sie hier alle Informationen zum Produkt Sakraler Jugendstil und betreten Sie die neue Welt von Kunst und Kultur!\",\"breadcrumb\":{\"@id\":\"https:\/\/discover-culture.com\/partner\/di%c3%b6zese-sankt-p%c3%b6lten\/touren\/sakraler-jugendstil\/#breadcrumb\"},\"inLanguage\":\"de\",\"potentialAction\":[{\"@type\":\"ReadAction\",\"target\":[\"https:\/\/discover-culture.com\/partner\/di%c3%b6zese-sankt-p%c3%b6lten\/touren\/sakraler-jugendstil\/\"]}]},{\"@type\":\"ImageObject\",\"inLanguage\":\"de\",\"@id\":\"https:\/\/discover-culture.com\/partner\/di%c3%b6zese-sankt-p%c3%b6lten\/touren\/sakraler-jugendstil\/#primaryimage\",\"url\":\"https:\/\/discover-culture.com\/wp-content\/uploads\/Jugendstil2023.jpg\",\"contentUrl\":\"https:\/\/discover-culture.com\/wp-content\/uploads\/Jugendstil2023.jpg\",\"width\":1351,\"height\":901,\"caption\":\"Jugendstil2023\"},{\"@type\":\"BreadcrumbList\",\"@id\":\"https:\/\/discover-culture.com\/partner\/di%c3%b6zese-sankt-p%c3%b6lten\/touren\/sakraler-jugendstil\/#breadcrumb\",\"itemListElement\":[{\"@type\":\"ListItem\",\"position\":1,\"name\":\"Home\",\"item\":\"https:\/\/discover-culture.com\/\"},{\"@type\":\"ListItem\",\"position\":2,\"name\":\"Produkte\",\"item\":\"https:\/\/discover-culture.com\/de\/shop\/\"},{\"@type\":\"ListItem\",\"position\":3,\"name\":\"Sakraler Jugendstil\"}]},{\"@type\":\"WebSite\",\"@id\":\"https:\/\/discover-culture.com\/de\/#website\",\"url\":\"https:\/\/discover-culture.com\/de\/\",\"name\":\"Discover-Culture\",\"description\":\"\",\"potentialAction\":[{\"@type\":\"SearchAction\",\"target\":{\"@type\":\"EntryPoint\",\"urlTemplate\":\"https:\/\/discover-culture.com\/de\/?s={search_term_string}\"},\"query-input\":{\"@type\":\"PropertyValueSpecification\",\"valueRequired\":true,\"valueName\":\"search_term_string\"}}],\"inLanguage\":\"de\"}]}<\/script>\n<!-- \/ Yoast SEO Premium plugin. -->","yoast_head_json":{"title":"Sakraler Jugendstil - Discover-Culture","description":"Finden Sie hier alle Informationen zum Produkt Sakraler Jugendstil und betreten Sie die neue Welt von Kunst und Kultur!","robots":{"index":"index","follow":"follow","max-snippet":"max-snippet:-1","max-image-preview":"max-image-preview:large","max-video-preview":"max-video-preview:-1"},"canonical":"https:\/\/discover-culture.com\/de\/partner\/di\u00f6zese-sankt-p\u00f6lten\/touren\/sakraler-jugendstil\/","og_locale":"de_DE","og_type":"article","og_title":"Sakraler Jugendstil","og_description":"Finden Sie hier alle Informationen zum Produkt Sakraler Jugendstil und betreten Sie die neue Welt von Kunst und Kultur!","og_url":"https:\/\/discover-culture.com\/de\/partner\/di\u00f6zese-sankt-p\u00f6lten\/touren\/sakraler-jugendstil\/","og_site_name":"Discover-Culture","article_modified_time":"2024-10-28T11:40:08+00:00","og_image":[{"width":1351,"height":901,"url":"https:\/\/discover-culture.com\/wp-content\/uploads\/Jugendstil2023.jpg","type":"image\/jpeg"}],"twitter_card":"summary_large_image","twitter_misc":{"Gesch\u00e4tzte Lesezeit":"1\u00a0Minute"},"schema":{"@context":"https:\/\/schema.org","@graph":[{"@type":"WebPage","@id":"https:\/\/discover-culture.com\/partner\/di%c3%b6zese-sankt-p%c3%b6lten\/touren\/sakraler-jugendstil\/","url":"https:\/\/discover-culture.com\/partner\/di%c3%b6zese-sankt-p%c3%b6lten\/touren\/sakraler-jugendstil\/","name":"Sakraler Jugendstil - Discover-Culture","isPartOf":{"@id":"https:\/\/discover-culture.com\/de\/#website"},"primaryImageOfPage":{"@id":"https:\/\/discover-culture.com\/partner\/di%c3%b6zese-sankt-p%c3%b6lten\/touren\/sakraler-jugendstil\/#primaryimage"},"image":{"@id":"https:\/\/discover-culture.com\/partner\/di%c3%b6zese-sankt-p%c3%b6lten\/touren\/sakraler-jugendstil\/#primaryimage"},"thumbnailUrl":"https:\/\/discover-culture.com\/wp-content\/uploads\/Jugendstil2023.jpg","datePublished":"2023-11-16T08:53:47+00:00","dateModified":"2024-10-28T11:40:08+00:00","description":"Finden Sie hier alle Informationen zum Produkt Sakraler Jugendstil und betreten Sie die neue Welt von Kunst und Kultur!","breadcrumb":{"@id":"https:\/\/discover-culture.com\/partner\/di%c3%b6zese-sankt-p%c3%b6lten\/touren\/sakraler-jugendstil\/#breadcrumb"},"inLanguage":"de","potentialAction":[{"@type":"ReadAction","target":["https:\/\/discover-culture.com\/partner\/di%c3%b6zese-sankt-p%c3%b6lten\/touren\/sakraler-jugendstil\/"]}]},{"@type":"ImageObject","inLanguage":"de","@id":"https:\/\/discover-culture.com\/partner\/di%c3%b6zese-sankt-p%c3%b6lten\/touren\/sakraler-jugendstil\/#primaryimage","url":"https:\/\/discover-culture.com\/wp-content\/uploads\/Jugendstil2023.jpg","contentUrl":"https:\/\/discover-culture.com\/wp-content\/uploads\/Jugendstil2023.jpg","width":1351,"height":901,"caption":"Jugendstil2023"},{"@type":"BreadcrumbList","@id":"https:\/\/discover-culture.com\/partner\/di%c3%b6zese-sankt-p%c3%b6lten\/touren\/sakraler-jugendstil\/#breadcrumb","itemListElement":[{"@type":"ListItem","position":1,"name":"Home","item":"https:\/\/discover-culture.com\/"},{"@type":"ListItem","position":2,"name":"Produkte","item":"https:\/\/discover-culture.com\/de\/shop\/"},{"@type":"ListItem","position":3,"name":"Sakraler Jugendstil"}]},{"@type":"WebSite","@id":"https:\/\/discover-culture.com\/de\/#website","url":"https:\/\/discover-culture.com\/de\/","name":"Discover-Culture","description":"","potentialAction":[{"@type":"SearchAction","target":{"@type":"EntryPoint","urlTemplate":"https:\/\/discover-culture.com\/de\/?s={search_term_string}"},"query-input":{"@type":"PropertyValueSpecification","valueRequired":true,"valueName":"search_term_string"}}],"inLanguage":"de"}]}},"_links":{"self":[{"href":"https:\/\/discover-culture.com\/de\/wp-json\/wp\/v2\/product\/7062","targetHints":{"allow":["GET"]}}],"collection":[{"href":"https:\/\/discover-culture.com\/de\/wp-json\/wp\/v2\/product"}],"about":[{"href":"https:\/\/discover-culture.com\/de\/wp-json\/wp\/v2\/types\/product"}],"wp:featuredmedia":[{"embeddable":true,"href":"https:\/\/discover-culture.com\/de\/wp-json\/wp\/v2\/media\/7299"}],"wp:attachment":[{"href":"https:\/\/discover-culture.com\/de\/wp-json\/wp\/v2\/media?parent=7062"}],"wp:term":[{"taxonomy":"product_brand","embeddable":true,"href":"https:\/\/discover-culture.com\/de\/wp-json\/wp\/v2\/product_brand?post=7062"},{"taxonomy":"product_cat","embeddable":true,"href":"https:\/\/discover-culture.com\/de\/wp-json\/wp\/v2\/product_cat?post=7062"},{"taxonomy":"product_tag","embeddable":true,"href":"https:\/\/discover-culture.com\/de\/wp-json\/wp\/v2\/product_tag?post=7062"}],"curies":[{"name":"wp","href":"https:\/\/api.w.org\/{rel}","templated":true}]}}