{"id":7022,"date":"2023-10-10T13:37:26","date_gmt":"2023-10-10T11:37:26","guid":{"rendered":"https:\/\/discover-culture.com\/partner\/\/touren\/"},"modified":"2024-01-09T11:01:45","modified_gmt":"2024-01-09T09:01:45","slug":"robert-motherwell-pure-painting","status":"publish","type":"product","link":"https:\/\/discover-culture.com\/partner\/bank-austria-kunstforum-wien\/touren\/robert-motherwell-%e2%80%93-pure-painting","title":{"rendered":"ROBERT MOTHERWELL \u2013 Pure Painting"},"content":{"rendered":"<section id='lightpress__section--block_40bb04fe0ae836a482418db97ca6b8e5' class='lightpress__section lightpress__section--content'><div class=\"content__grid content__grid\">\n    <div class=\"content__box content__box--one-hundred\">\n                                                        <h3 align=\"center\">ROBERT MOTHERWELL \u2013 PURE PAINTING<\/h3>\n<p align=\"center\">Dauer der Ausstellung im Bank Austria Kunstforum Wien: 12.10.2023 \u2013 14.01.2024<\/p>\n<h5>Titelbild: \u00a9 Copyright 2023 Dedalus Foundation, Inc. \/ Licensed by the Artists Rights Society (ARS), NY, Bildrecht Wien 2024<\/h5>\n\n                                        <\/div>\n    <\/div><\/section>\n\n<section id='lightpress__section--block_d0e3fc3cef3ee7b6cd20ee0d8f298f4d' class='lightpress__section lightpress__section--content'><div class=\"content__grid content__grid--fifty-fifty\">\n    <div class=\"content__box content__box content__box--text-center\">\n                                                        <p>Begeben Sie sich an dieser Stelle auf einen Rundgang\u00a0 zum malerischen Werk von Robert Motherwell (1915-1991).<\/p>\n<p>Es ist dies die erste Retrospektive zum Werk des gro\u00dfen amerikanischen K\u00fcnstlers in \u00d6sterreich seit 1976 und es ist die erste in Europa seit 1998.<\/p>\n<p>\u00a0<\/p>\n<h6>Photo: Elegy to the Spanish Republic, ca. 1962\/1982, Collection of the Modern Art Museum of Fort Worth. Museum purchase, the Friends of Art Endowment Fund, \u00a9 Copyright 2023 Dedalus Foundation, Inc. \/ Licensed by the Artists Rights Society (ARS), NY, Bildrecht Wien 2024<\/h6>\n\n                                        <\/div>\n            <div class=\"content__box content__box\">\n                                                                    <img decoding=\"async\" class=\"content__image\" src=\"https:\/\/discover-culture.com\/wp-content\/uploads\/2-Elegy-to-the-Spanish-Republic-ca.1962.1982.jpg\" alt=\"2 Elegy to the Spanish Republic ca.1962.1982\" loading=\"lazy\">\n                                                        <\/div>\n    <\/div><\/section>\n\n<section id='lightpress__section--block_46efb9eb8c37c9c2776bbd7c2794bd92' class='lightpress__section lightpress__section--content'><div class=\"content__grid content__grid\">\n    <div class=\"content__box content__box--one-hundred\">\n                                                        <p>Robert Motherwell \u2013 Pure Painting entsteht in Kooperation mit The Modern in Fort Worth\/Texas. Kuratorin ist die amerikanische Kunsthistorikerin und Spezialistin f\u00fcr den abstrakten Expressionismus, Susan Davidson, die Station im Kunstforum wird von Evelyn Benesch betreut.<\/p>\n\n                                        <\/div>\n    <\/div><\/section>","protected":false},"excerpt":{"rendered":"","protected":false},"featured_media":7023,"template":"","meta":{"_acf_changed":false,"_relevanssi_hide_post":"","_relevanssi_hide_content":"","_relevanssi_pin_for_all":"","_relevanssi_pin_keywords":"","_relevanssi_unpin_keywords":"","_relevanssi_related_keywords":"","_relevanssi_related_include_ids":"","_relevanssi_related_exclude_ids":"","_relevanssi_related_no_append":"","_relevanssi_related_not_related":"","_relevanssi_related_posts":"3849,3848,3841,3844,3845","_relevanssi_noindex_reason":""},"product_brand":[],"product_cat":[16],"product_tag":[],"class_list":["product-available","product","first","instock","virtual","sold-individually","taxable","purchasable","product-type-simple"],"bundled_by":[],"bundle_stock_status":"instock","bundle_stock_quantity":null,"bundle_virtual":false,"bundle_layout":"","bundle_add_to_cart_form_location":"","bundle_editable_in_cart":false,"bundle_sold_individually_context":"","bundle_item_grouping":"","bundle_min_size":"","bundle_max_size":"","bundle_price":[],"bundled_items":[],"bundle_sell_ids":[],"acf":[],"yoast_head":"<!-- This site is optimized with the Yoast SEO Premium plugin v25.7.1 (Yoast SEO v26.8) - https:\/\/yoast.com\/product\/yoast-seo-premium-wordpress\/ -->\n<title>ROBERT MOTHERWELL \u2013 Pure Painting - Discover-Culture<\/title>\n<meta name=\"description\" content=\"Finden Sie hier alle Informationen zum Produkt ROBERT MOTHERWELL \u2013 Pure Painting und betreten Sie die neue Welt von Kunst und Kultur!\" \/>\n<meta name=\"robots\" content=\"index, follow, max-snippet:-1, max-image-preview:large, max-video-preview:-1\" \/>\n<link rel=\"canonical\" href=\"https:\/\/discover-culture.com\/de\/partner\/bank-austria-kunstforum-wien\/touren\/robert-motherwell-\u2013-pure-painting\/\" \/>\n<meta property=\"og:locale\" content=\"de_DE\" \/>\n<meta property=\"og:type\" content=\"article\" \/>\n<meta property=\"og:title\" content=\"ROBERT MOTHERWELL \u2013 Pure Painting\" \/>\n<meta property=\"og:description\" content=\"Finden Sie hier alle Informationen zum Produkt ROBERT MOTHERWELL \u2013 Pure Painting und betreten Sie die neue Welt von Kunst und Kultur!\" \/>\n<meta property=\"og:url\" content=\"https:\/\/discover-culture.com\/de\/partner\/bank-austria-kunstforum-wien\/touren\/robert-motherwell-\u2013-pure-painting\/\" \/>\n<meta property=\"og:site_name\" content=\"Discover-Culture\" \/>\n<meta property=\"article:modified_time\" content=\"2024-01-09T09:01:45+00:00\" \/>\n<meta property=\"og:image\" content=\"https:\/\/discover-culture.com\/wp-content\/uploads\/Discover-Culture-Logo-black-round-social-media-1080x1080-1.png\" \/>\n\t<meta property=\"og:image:width\" content=\"1080\" \/>\n\t<meta property=\"og:image:height\" content=\"1080\" \/>\n\t<meta property=\"og:image:type\" content=\"image\/png\" \/>\n<meta name=\"twitter:card\" content=\"summary_large_image\" \/>\n<meta name=\"twitter:image\" content=\"https:\/\/discover-culture.com\/wp-content\/uploads\/klein_MW_P0003_33165-Kopie-1.jpg\" \/>\n<meta name=\"twitter:label1\" content=\"Gesch\u00e4tzte Lesezeit\" \/>\n\t<meta name=\"twitter:data1\" content=\"1\u00a0Minute\" \/>\n<script type=\"application\/ld+json\" class=\"yoast-schema-graph\">{\"@context\":\"https:\/\/schema.org\",\"@graph\":[{\"@type\":\"WebPage\",\"@id\":\"https:\/\/discover-culture.com\/partner\/bank-austria-kunstforum-wien\/touren\/robert-motherwell-%e2%80%93-pure-painting\/\",\"url\":\"https:\/\/discover-culture.com\/partner\/bank-austria-kunstforum-wien\/touren\/robert-motherwell-%e2%80%93-pure-painting\/\",\"name\":\"ROBERT MOTHERWELL \u2013 Pure Painting - Discover-Culture\",\"isPartOf\":{\"@id\":\"https:\/\/discover-culture.com\/de\/#website\"},\"primaryImageOfPage\":{\"@id\":\"https:\/\/discover-culture.com\/partner\/bank-austria-kunstforum-wien\/touren\/robert-motherwell-%e2%80%93-pure-painting\/#primaryimage\"},\"image\":{\"@id\":\"https:\/\/discover-culture.com\/partner\/bank-austria-kunstforum-wien\/touren\/robert-motherwell-%e2%80%93-pure-painting\/#primaryimage\"},\"thumbnailUrl\":\"https:\/\/discover-culture.com\/wp-content\/uploads\/klein_MW_P0003_33165-Kopie-1.jpg\",\"datePublished\":\"2023-10-10T11:37:26+00:00\",\"dateModified\":\"2024-01-09T09:01:45+00:00\",\"description\":\"Finden Sie hier alle Informationen zum Produkt ROBERT MOTHERWELL \u2013 Pure Painting und betreten Sie die neue Welt von Kunst und Kultur!\",\"breadcrumb\":{\"@id\":\"https:\/\/discover-culture.com\/partner\/bank-austria-kunstforum-wien\/touren\/robert-motherwell-%e2%80%93-pure-painting\/#breadcrumb\"},\"inLanguage\":\"de\",\"potentialAction\":[{\"@type\":\"ReadAction\",\"target\":[\"https:\/\/discover-culture.com\/partner\/bank-austria-kunstforum-wien\/touren\/robert-motherwell-%e2%80%93-pure-painting\/\"]}]},{\"@type\":\"ImageObject\",\"inLanguage\":\"de\",\"@id\":\"https:\/\/discover-culture.com\/partner\/bank-austria-kunstforum-wien\/touren\/robert-motherwell-%e2%80%93-pure-painting\/#primaryimage\",\"url\":\"https:\/\/discover-culture.com\/wp-content\/uploads\/klein_MW_P0003_33165-Kopie-1.jpg\",\"contentUrl\":\"https:\/\/discover-culture.com\/wp-content\/uploads\/klein_MW_P0003_33165-Kopie-1.jpg\",\"width\":1417,\"height\":2267,\"caption\":\"klein MW P0003 33165 Kopie\"},{\"@type\":\"BreadcrumbList\",\"@id\":\"https:\/\/discover-culture.com\/partner\/bank-austria-kunstforum-wien\/touren\/robert-motherwell-%e2%80%93-pure-painting\/#breadcrumb\",\"itemListElement\":[{\"@type\":\"ListItem\",\"position\":1,\"name\":\"Home\",\"item\":\"https:\/\/discover-culture.com\/\"},{\"@type\":\"ListItem\",\"position\":2,\"name\":\"Produkte\",\"item\":\"https:\/\/discover-culture.com\/de\/shop\/\"},{\"@type\":\"ListItem\",\"position\":3,\"name\":\"ROBERT MOTHERWELL \u2013 Pure Painting\"}]},{\"@type\":\"WebSite\",\"@id\":\"https:\/\/discover-culture.com\/de\/#website\",\"url\":\"https:\/\/discover-culture.com\/de\/\",\"name\":\"Discover-Culture\",\"description\":\"\",\"potentialAction\":[{\"@type\":\"SearchAction\",\"target\":{\"@type\":\"EntryPoint\",\"urlTemplate\":\"https:\/\/discover-culture.com\/de\/?s={search_term_string}\"},\"query-input\":{\"@type\":\"PropertyValueSpecification\",\"valueRequired\":true,\"valueName\":\"search_term_string\"}}],\"inLanguage\":\"de\"}]}<\/script>\n<!-- \/ Yoast SEO Premium plugin. -->","yoast_head_json":{"title":"ROBERT MOTHERWELL \u2013 Pure Painting - Discover-Culture","description":"Finden Sie hier alle Informationen zum Produkt ROBERT MOTHERWELL \u2013 Pure Painting und betreten Sie die neue Welt von Kunst und Kultur!","robots":{"index":"index","follow":"follow","max-snippet":"max-snippet:-1","max-image-preview":"max-image-preview:large","max-video-preview":"max-video-preview:-1"},"canonical":"https:\/\/discover-culture.com\/de\/partner\/bank-austria-kunstforum-wien\/touren\/robert-motherwell-\u2013-pure-painting\/","og_locale":"de_DE","og_type":"article","og_title":"ROBERT MOTHERWELL \u2013 Pure Painting","og_description":"Finden Sie hier alle Informationen zum Produkt ROBERT MOTHERWELL \u2013 Pure Painting und betreten Sie die neue Welt von Kunst und Kultur!","og_url":"https:\/\/discover-culture.com\/de\/partner\/bank-austria-kunstforum-wien\/touren\/robert-motherwell-\u2013-pure-painting\/","og_site_name":"Discover-Culture","article_modified_time":"2024-01-09T09:01:45+00:00","og_image":[{"width":1080,"height":1080,"url":"https:\/\/discover-culture.com\/wp-content\/uploads\/Discover-Culture-Logo-black-round-social-media-1080x1080-1.png","type":"image\/png"}],"twitter_card":"summary_large_image","twitter_image":"https:\/\/discover-culture.com\/wp-content\/uploads\/klein_MW_P0003_33165-Kopie-1.jpg","twitter_misc":{"Gesch\u00e4tzte Lesezeit":"1\u00a0Minute"},"schema":{"@context":"https:\/\/schema.org","@graph":[{"@type":"WebPage","@id":"https:\/\/discover-culture.com\/partner\/bank-austria-kunstforum-wien\/touren\/robert-motherwell-%e2%80%93-pure-painting\/","url":"https:\/\/discover-culture.com\/partner\/bank-austria-kunstforum-wien\/touren\/robert-motherwell-%e2%80%93-pure-painting\/","name":"ROBERT MOTHERWELL \u2013 Pure Painting - Discover-Culture","isPartOf":{"@id":"https:\/\/discover-culture.com\/de\/#website"},"primaryImageOfPage":{"@id":"https:\/\/discover-culture.com\/partner\/bank-austria-kunstforum-wien\/touren\/robert-motherwell-%e2%80%93-pure-painting\/#primaryimage"},"image":{"@id":"https:\/\/discover-culture.com\/partner\/bank-austria-kunstforum-wien\/touren\/robert-motherwell-%e2%80%93-pure-painting\/#primaryimage"},"thumbnailUrl":"https:\/\/discover-culture.com\/wp-content\/uploads\/klein_MW_P0003_33165-Kopie-1.jpg","datePublished":"2023-10-10T11:37:26+00:00","dateModified":"2024-01-09T09:01:45+00:00","description":"Finden Sie hier alle Informationen zum Produkt ROBERT MOTHERWELL \u2013 Pure Painting und betreten Sie die neue Welt von Kunst und Kultur!","breadcrumb":{"@id":"https:\/\/discover-culture.com\/partner\/bank-austria-kunstforum-wien\/touren\/robert-motherwell-%e2%80%93-pure-painting\/#breadcrumb"},"inLanguage":"de","potentialAction":[{"@type":"ReadAction","target":["https:\/\/discover-culture.com\/partner\/bank-austria-kunstforum-wien\/touren\/robert-motherwell-%e2%80%93-pure-painting\/"]}]},{"@type":"ImageObject","inLanguage":"de","@id":"https:\/\/discover-culture.com\/partner\/bank-austria-kunstforum-wien\/touren\/robert-motherwell-%e2%80%93-pure-painting\/#primaryimage","url":"https:\/\/discover-culture.com\/wp-content\/uploads\/klein_MW_P0003_33165-Kopie-1.jpg","contentUrl":"https:\/\/discover-culture.com\/wp-content\/uploads\/klein_MW_P0003_33165-Kopie-1.jpg","width":1417,"height":2267,"caption":"klein MW P0003 33165 Kopie"},{"@type":"BreadcrumbList","@id":"https:\/\/discover-culture.com\/partner\/bank-austria-kunstforum-wien\/touren\/robert-motherwell-%e2%80%93-pure-painting\/#breadcrumb","itemListElement":[{"@type":"ListItem","position":1,"name":"Home","item":"https:\/\/discover-culture.com\/"},{"@type":"ListItem","position":2,"name":"Produkte","item":"https:\/\/discover-culture.com\/de\/shop\/"},{"@type":"ListItem","position":3,"name":"ROBERT MOTHERWELL \u2013 Pure Painting"}]},{"@type":"WebSite","@id":"https:\/\/discover-culture.com\/de\/#website","url":"https:\/\/discover-culture.com\/de\/","name":"Discover-Culture","description":"","potentialAction":[{"@type":"SearchAction","target":{"@type":"EntryPoint","urlTemplate":"https:\/\/discover-culture.com\/de\/?s={search_term_string}"},"query-input":{"@type":"PropertyValueSpecification","valueRequired":true,"valueName":"search_term_string"}}],"inLanguage":"de"}]}},"_links":{"self":[{"href":"https:\/\/discover-culture.com\/de\/wp-json\/wp\/v2\/product\/7022","targetHints":{"allow":["GET"]}}],"collection":[{"href":"https:\/\/discover-culture.com\/de\/wp-json\/wp\/v2\/product"}],"about":[{"href":"https:\/\/discover-culture.com\/de\/wp-json\/wp\/v2\/types\/product"}],"wp:featuredmedia":[{"embeddable":true,"href":"https:\/\/discover-culture.com\/de\/wp-json\/wp\/v2\/media\/7023"}],"wp:attachment":[{"href":"https:\/\/discover-culture.com\/de\/wp-json\/wp\/v2\/media?parent=7022"}],"wp:term":[{"taxonomy":"product_brand","embeddable":true,"href":"https:\/\/discover-culture.com\/de\/wp-json\/wp\/v2\/product_brand?post=7022"},{"taxonomy":"product_cat","embeddable":true,"href":"https:\/\/discover-culture.com\/de\/wp-json\/wp\/v2\/product_cat?post=7022"},{"taxonomy":"product_tag","embeddable":true,"href":"https:\/\/discover-culture.com\/de\/wp-json\/wp\/v2\/product_tag?post=7022"}],"curies":[{"name":"wp","href":"https:\/\/api.w.org\/{rel}","templated":true}]}}