{"id":6936,"date":"2023-07-17T11:19:22","date_gmt":"2023-07-17T09:19:22","guid":{"rendered":"https:\/\/discover-culture.com\/partner\/\/touren\/"},"modified":"2024-01-09T11:03:42","modified_gmt":"2024-01-09T09:03:42","slug":"robert-motherwell-pure-painting-teil-1","status":"publish","type":"product","link":"https:\/\/discover-culture.com\/partner\/bank-austria-kunstforum-wien\/touren\/robert-motherwell-%e2%80%93-pure-painting-teil-1","title":{"rendered":"ROBERT MOTHERWELL \u2013 Pure Painting | Teil 1"},"content":{"rendered":"<section id='lightpress__section--block_3a3358aee95a97cdb0b680e6a19fef3d' class='lightpress__section lightpress__section--content'><div class=\"content__grid content__grid\">\n    <div class=\"content__box content__box--one-hundred\">\n                                                        <p align=\"center\"><strong>ROBERT MOTHERWELL \u2013 PURE PAINTING &#8211; Teil 1<\/strong><\/p>\n<p align=\"center\">Digitale F\u00fchrung durch die Ausstellung<\/p>\n<h6>Titelbild: Two Figures with Cerulean Blue Stripe, 1960, \u00a9 Copyright 2023 Dedalus Foundation, Inc. \/ Licensed by the Artists Rights Society (ARS), NY, Bildrecht Wien 2024<\/h6>\n\n                                        <\/div>\n    <\/div><\/section>\n\n<section id='lightpress__section--block_279e7e72a9e5ee8357c4306a6ce02b62' class='lightpress__section lightpress__section--content'><div class=\"content__grid content__grid--fifty-fifty\">\n    <div class=\"content__box content__box content__box--text-center\">\n                                                        <p>Das Bank Austria Kunstforum Wien pr\u00e4sentiert Ihnen eine digitale Gespr\u00e4chsreihe zur gro\u00dfen Herbstausstellung<br \/><strong>&#8222;Robert Motherwell: Pure Painting&#8220;<\/strong>.<\/p>\n<p>Erleben Sie mit unterschiedlichen G\u00e4sten die Kunstwerke von Robert Motherwell jedes Mal anders.<\/p>\n<p>Im ersten Teil dieser digitalen Gespr\u00e4chsreihe f\u00fchrt Sie die Kuratorin der Ausstellung, Evelyn Benesch (Stellvertretende Direktorin &amp; Chefkuratorin Bank Austria Kunstforum Wien) durch die Ausstellung <br \/>&#8222;Robert Motherwell: Pure Painting&#8220;.<\/p>\n<p>\u00a0<\/p>\n<h6>Photo: Elegy to the Spanish Republic, ca. 1962\/1982, Collection of the Modern Art Museum of Fort Worth. Museum purchase, the Friends of Art Endowment Fund, \u00a9 Copyright 2023 Dedalus Foundation, Inc. \/ Licensed by the Artists Rights Society (ARS), NY, Bildrecht Wien 2024<\/h6>\n\n                                        <\/div>\n            <div class=\"content__box content__box\">\n                                                                    <img decoding=\"async\" class=\"content__image\" src=\"https:\/\/discover-culture.com\/wp-content\/uploads\/2-Elegy-to-the-Spanish-Republic-ca.1962.1982.jpg\" alt=\"2 Elegy to the Spanish Republic ca.1962.1982\" loading=\"lazy\">\n                                                        <\/div>\n    <\/div><\/section>\n\n<section id='lightpress__section--block_17dea49f911a6015398684602da880d1' class='lightpress__section lightpress__section--content'><div class=\"content__grid content__grid--fifty-fifty\">\n    <div class=\"content__box content__box\">\n                                                    <img decoding=\"async\" class=\"content__image\" src=\"https:\/\/discover-culture.com\/wp-content\/uploads\/7-Caprice-No.-3.jpg\" alt=\"7 Caprice No. 3\" loading=\"lazy\">\n                                        <\/div>\n            <div class=\"content__box content__box content__box--text-center\">\n                                                                        <p>Motherwell, einer der bedeutendsten K\u00fcnstler des abstrakten Expressionismus, ist der intellektuelle Gegenpol zu dem extrovertierteren und medienwirksameren Jackson Pollock. Bekannt in erster Linie als Mitbegr\u00fcnder der New York School \u2013 ein von Motherwell gepr\u00e4gter Terminus \u2013 ging er einen k\u00fcnstlerischen Weg, der zwischen der Europ\u00e4ischen Moderne und der st\u00e4rker am Ausdruck orientierten gestischen Malerei der amerikanischen Nachkriegszeit oszilliert. Die Ausstellung setzt ein mit Motherwells fr\u00fchen, von der Figuration ausgehenden abstrahierenden Werken der 1940er Jahre, aus denen er seinen reifen Stil einer rein abstrakten Malerei im gro\u00dfen Format entwickelt, sein eigentliches k\u00fcnstlerisches Ausdrucksmittel. Gro\u00dfe Zyklen \u2013 Ausdruck einer intensiven und wiederholten Auseinandersetzung mit spezifischen Themen \u2013 bestimmen Motherwells Werk \u00fcber weite Strecken. In der Ausstellung stehen daf\u00fcr zwei seiner wichtigsten Werkgruppen: Elegies to theSpanish Republic, resultiert aus der Auseinandersetzung mit den Grausamkeiten des spanischen B\u00fcrgerkrieges von 1936-39, f\u00fcr den K\u00fcnstler eine Metapher jeglichen Unrechts. Ein absolut intellektueller Maler, durchdringt Motherwell seine Arbeiten gleichzeitig mit Affekt und Askese, so wie diese f\u00fcr ihn die menschliche Psyche reflektieren. F\u00fcr diesen Aspekt seines Wesens stehen die Opens, die ihn von 1967 bis 1981 in ebenfalls \u00fcber 150 Arbeiten besch\u00e4ftigt.<\/p>\n<h6>Photo: Caprice No. 3, 1962, Worcester Art Museum, Worcester, Massachusetts. Eliza S. Paine Fund and gift of the Dedalus Foundation, 1997, \u00a9 Copyright 2023 Dedalus Foundation, Inc. \/ Licensed by the Artists Rights Society (ARS), NY<\/h6>\n\n                                                        <\/div>\n    <\/div><\/section>\n\n<section id='lightpress__section--block_587a661dd1cc8799d7e3838d9fbc0a31' class='lightpress__section lightpress__section--content'><div class=\"content__grid content__grid\">\n    <div class=\"content__box content__box--two-thirds content__box--text-center\">\n                                                        <p>Robert Motherwell \u2013 Malerei entsteht in Kooperation mit The Modern in Fort Worth\/Texas. Kuratorin ist die amerikanische Kunsthistorikerin und Spezialistin f\u00fcr den abstrakten Expressionismus, Susan Davidson, die Station im Kunstforum wird von Evelyn Benesch betreut.<\/p>\n<p>\u00a0<\/p>\n<p>\u00a0<\/p>\n<h6>Photo: The Little Spanish Prison, 1941\u20131944 \/ um 1959 \/ 1969, The Museum of Modern Art, New York. Schenkung Renate Ponsold Motherwell, \u00a9 Copyright 2023 Dedalus Foundation, Inc. \/ Licensed by the Artists Rights Society (ARS), N<\/h6>\n\n                                        <\/div>\n            <div class=\"content__box content__box\">\n                                                                    <img decoding=\"async\" class=\"content__image\" src=\"https:\/\/discover-culture.com\/wp-content\/uploads\/klein_MW_P0003_33165-Kopie.jpg\" alt=\"klein MW P0003 33165 Kopie\" loading=\"lazy\">\n                                                        <\/div>\n    <\/div><\/section>\n\n<section id='lightpress__section--block_b838ccab812929825816de449cd24774' class='lightpress__section lightpress__section--content'><div class=\"content__grid content__grid\">\n    <div class=\"content__box content__box--one-hundred\">\n                                                        <p align=\"center\">Freuen Sie sich auf einen spannenden Ausstellungsherbst im Bank Austria Kunstforum Wien mit den digitalen F\u00fchrungen durch die Ausstellung <br \/><strong>ROBERT MOTHERWELL | PURE PAINTING<\/strong> <br \/>als optimale Erweiterung mit vielen zus\u00e4tzlichen Informationen aus Kulturvermittlung und G\u00e4sten aus dem Kulturbereich auf Discover Culture.<\/p>\n\n                                        <\/div>\n    <\/div><\/section>","protected":false},"excerpt":{"rendered":"","protected":false},"featured_media":6937,"template":"","meta":{"_acf_changed":false,"_relevanssi_hide_post":"","_relevanssi_hide_content":"","_relevanssi_pin_for_all":"","_relevanssi_pin_keywords":"","_relevanssi_unpin_keywords":"","_relevanssi_related_keywords":"","_relevanssi_related_include_ids":"","_relevanssi_related_exclude_ids":"","_relevanssi_related_no_append":"","_relevanssi_related_not_related":"","_relevanssi_related_posts":"3841,3849,3845,3844,3848","_relevanssi_noindex_reason":""},"product_brand":[],"product_cat":[21],"product_tag":[],"class_list":["product-available","product","first","instock","virtual","sold-individually","taxable","purchasable","product-type-simple"],"bundled_by":[],"bundle_stock_status":"instock","bundle_stock_quantity":null,"bundle_virtual":false,"bundle_layout":"","bundle_add_to_cart_form_location":"","bundle_editable_in_cart":false,"bundle_sold_individually_context":"","bundle_item_grouping":"","bundle_min_size":"","bundle_max_size":"","bundle_price":[],"bundled_items":[],"bundle_sell_ids":[],"acf":[],"yoast_head":"<!-- This site is optimized with the Yoast SEO Premium plugin v25.7.1 (Yoast SEO v26.8) - https:\/\/yoast.com\/product\/yoast-seo-premium-wordpress\/ -->\n<title>ROBERT MOTHERWELL \u2013 Pure Painting | Teil 1 - Discover-Culture<\/title>\n<meta name=\"description\" content=\"Finden Sie hier alle Informationen zum Produkt ROBERT MOTHERWELL \u2013 Pure Painting | Teil 1 und betreten Sie die neue Welt von Kunst und Kultur!\" \/>\n<meta name=\"robots\" content=\"index, follow, max-snippet:-1, max-image-preview:large, max-video-preview:-1\" \/>\n<link rel=\"canonical\" href=\"https:\/\/discover-culture.com\/de\/partner\/bank-austria-kunstforum-wien\/touren\/robert-motherwell-\u2013-pure-painting-teil-1\/\" \/>\n<meta property=\"og:locale\" content=\"de_DE\" \/>\n<meta property=\"og:type\" content=\"article\" \/>\n<meta property=\"og:title\" content=\"ROBERT MOTHERWELL \u2013 Pure Painting | Teil 1\" \/>\n<meta property=\"og:description\" content=\"Finden Sie hier alle Informationen zum Produkt ROBERT MOTHERWELL \u2013 Pure Painting | Teil 1 und betreten Sie die neue Welt von Kunst und Kultur!\" \/>\n<meta property=\"og:url\" content=\"https:\/\/discover-culture.com\/de\/partner\/bank-austria-kunstforum-wien\/touren\/robert-motherwell-\u2013-pure-painting-teil-1\/\" \/>\n<meta property=\"og:site_name\" content=\"Discover-Culture\" \/>\n<meta property=\"article:modified_time\" content=\"2024-01-09T09:03:42+00:00\" \/>\n<meta property=\"og:image\" content=\"https:\/\/discover-culture.com\/wp-content\/uploads\/1-Two-Figures-with-Cerulean-Blue-Stripe.jpg\" \/>\n\t<meta property=\"og:image:width\" content=\"1900\" \/>\n\t<meta property=\"og:image:height\" content=\"1471\" \/>\n\t<meta property=\"og:image:type\" content=\"image\/jpeg\" \/>\n<meta name=\"twitter:card\" content=\"summary_large_image\" \/>\n<meta name=\"twitter:label1\" content=\"Gesch\u00e4tzte Lesezeit\" \/>\n\t<meta name=\"twitter:data1\" content=\"1\u00a0Minute\" \/>\n<script type=\"application\/ld+json\" class=\"yoast-schema-graph\">{\"@context\":\"https:\/\/schema.org\",\"@graph\":[{\"@type\":\"WebPage\",\"@id\":\"https:\/\/discover-culture.com\/partner\/bank-austria-kunstforum-wien\/touren\/robert-motherwell-%e2%80%93-pure-painting-teil-1\/\",\"url\":\"https:\/\/discover-culture.com\/partner\/bank-austria-kunstforum-wien\/touren\/robert-motherwell-%e2%80%93-pure-painting-teil-1\/\",\"name\":\"ROBERT MOTHERWELL \u2013 Pure Painting | Teil 1 - Discover-Culture\",\"isPartOf\":{\"@id\":\"https:\/\/discover-culture.com\/de\/#website\"},\"primaryImageOfPage\":{\"@id\":\"https:\/\/discover-culture.com\/partner\/bank-austria-kunstforum-wien\/touren\/robert-motherwell-%e2%80%93-pure-painting-teil-1\/#primaryimage\"},\"image\":{\"@id\":\"https:\/\/discover-culture.com\/partner\/bank-austria-kunstforum-wien\/touren\/robert-motherwell-%e2%80%93-pure-painting-teil-1\/#primaryimage\"},\"thumbnailUrl\":\"https:\/\/discover-culture.com\/wp-content\/uploads\/1-Two-Figures-with-Cerulean-Blue-Stripe.jpg\",\"datePublished\":\"2023-07-17T09:19:22+00:00\",\"dateModified\":\"2024-01-09T09:03:42+00:00\",\"description\":\"Finden Sie hier alle Informationen zum Produkt ROBERT MOTHERWELL \u2013 Pure Painting | Teil 1 und betreten Sie die neue Welt von Kunst und Kultur!\",\"breadcrumb\":{\"@id\":\"https:\/\/discover-culture.com\/partner\/bank-austria-kunstforum-wien\/touren\/robert-motherwell-%e2%80%93-pure-painting-teil-1\/#breadcrumb\"},\"inLanguage\":\"de\",\"potentialAction\":[{\"@type\":\"ReadAction\",\"target\":[\"https:\/\/discover-culture.com\/partner\/bank-austria-kunstforum-wien\/touren\/robert-motherwell-%e2%80%93-pure-painting-teil-1\/\"]}]},{\"@type\":\"ImageObject\",\"inLanguage\":\"de\",\"@id\":\"https:\/\/discover-culture.com\/partner\/bank-austria-kunstforum-wien\/touren\/robert-motherwell-%e2%80%93-pure-painting-teil-1\/#primaryimage\",\"url\":\"https:\/\/discover-culture.com\/wp-content\/uploads\/1-Two-Figures-with-Cerulean-Blue-Stripe.jpg\",\"contentUrl\":\"https:\/\/discover-culture.com\/wp-content\/uploads\/1-Two-Figures-with-Cerulean-Blue-Stripe.jpg\",\"width\":1900,\"height\":1471,\"caption\":\"1 Two Figures with Cerulean Blue Stripe\"},{\"@type\":\"BreadcrumbList\",\"@id\":\"https:\/\/discover-culture.com\/partner\/bank-austria-kunstforum-wien\/touren\/robert-motherwell-%e2%80%93-pure-painting-teil-1\/#breadcrumb\",\"itemListElement\":[{\"@type\":\"ListItem\",\"position\":1,\"name\":\"Home\",\"item\":\"https:\/\/discover-culture.com\/\"},{\"@type\":\"ListItem\",\"position\":2,\"name\":\"Produkte\",\"item\":\"https:\/\/discover-culture.com\/de\/shop\/\"},{\"@type\":\"ListItem\",\"position\":3,\"name\":\"ROBERT MOTHERWELL \u2013 Pure Painting | Teil 1\"}]},{\"@type\":\"WebSite\",\"@id\":\"https:\/\/discover-culture.com\/de\/#website\",\"url\":\"https:\/\/discover-culture.com\/de\/\",\"name\":\"Discover-Culture\",\"description\":\"\",\"potentialAction\":[{\"@type\":\"SearchAction\",\"target\":{\"@type\":\"EntryPoint\",\"urlTemplate\":\"https:\/\/discover-culture.com\/de\/?s={search_term_string}\"},\"query-input\":{\"@type\":\"PropertyValueSpecification\",\"valueRequired\":true,\"valueName\":\"search_term_string\"}}],\"inLanguage\":\"de\"}]}<\/script>\n<!-- \/ Yoast SEO Premium plugin. -->","yoast_head_json":{"title":"ROBERT MOTHERWELL \u2013 Pure Painting | Teil 1 - Discover-Culture","description":"Finden Sie hier alle Informationen zum Produkt ROBERT MOTHERWELL \u2013 Pure Painting | Teil 1 und betreten Sie die neue Welt von Kunst und Kultur!","robots":{"index":"index","follow":"follow","max-snippet":"max-snippet:-1","max-image-preview":"max-image-preview:large","max-video-preview":"max-video-preview:-1"},"canonical":"https:\/\/discover-culture.com\/de\/partner\/bank-austria-kunstforum-wien\/touren\/robert-motherwell-\u2013-pure-painting-teil-1\/","og_locale":"de_DE","og_type":"article","og_title":"ROBERT MOTHERWELL \u2013 Pure Painting | Teil 1","og_description":"Finden Sie hier alle Informationen zum Produkt ROBERT MOTHERWELL \u2013 Pure Painting | Teil 1 und betreten Sie die neue Welt von Kunst und Kultur!","og_url":"https:\/\/discover-culture.com\/de\/partner\/bank-austria-kunstforum-wien\/touren\/robert-motherwell-\u2013-pure-painting-teil-1\/","og_site_name":"Discover-Culture","article_modified_time":"2024-01-09T09:03:42+00:00","og_image":[{"width":1900,"height":1471,"url":"https:\/\/discover-culture.com\/wp-content\/uploads\/1-Two-Figures-with-Cerulean-Blue-Stripe.jpg","type":"image\/jpeg"}],"twitter_card":"summary_large_image","twitter_misc":{"Gesch\u00e4tzte Lesezeit":"1\u00a0Minute"},"schema":{"@context":"https:\/\/schema.org","@graph":[{"@type":"WebPage","@id":"https:\/\/discover-culture.com\/partner\/bank-austria-kunstforum-wien\/touren\/robert-motherwell-%e2%80%93-pure-painting-teil-1\/","url":"https:\/\/discover-culture.com\/partner\/bank-austria-kunstforum-wien\/touren\/robert-motherwell-%e2%80%93-pure-painting-teil-1\/","name":"ROBERT MOTHERWELL \u2013 Pure Painting | Teil 1 - Discover-Culture","isPartOf":{"@id":"https:\/\/discover-culture.com\/de\/#website"},"primaryImageOfPage":{"@id":"https:\/\/discover-culture.com\/partner\/bank-austria-kunstforum-wien\/touren\/robert-motherwell-%e2%80%93-pure-painting-teil-1\/#primaryimage"},"image":{"@id":"https:\/\/discover-culture.com\/partner\/bank-austria-kunstforum-wien\/touren\/robert-motherwell-%e2%80%93-pure-painting-teil-1\/#primaryimage"},"thumbnailUrl":"https:\/\/discover-culture.com\/wp-content\/uploads\/1-Two-Figures-with-Cerulean-Blue-Stripe.jpg","datePublished":"2023-07-17T09:19:22+00:00","dateModified":"2024-01-09T09:03:42+00:00","description":"Finden Sie hier alle Informationen zum Produkt ROBERT MOTHERWELL \u2013 Pure Painting | Teil 1 und betreten Sie die neue Welt von Kunst und Kultur!","breadcrumb":{"@id":"https:\/\/discover-culture.com\/partner\/bank-austria-kunstforum-wien\/touren\/robert-motherwell-%e2%80%93-pure-painting-teil-1\/#breadcrumb"},"inLanguage":"de","potentialAction":[{"@type":"ReadAction","target":["https:\/\/discover-culture.com\/partner\/bank-austria-kunstforum-wien\/touren\/robert-motherwell-%e2%80%93-pure-painting-teil-1\/"]}]},{"@type":"ImageObject","inLanguage":"de","@id":"https:\/\/discover-culture.com\/partner\/bank-austria-kunstforum-wien\/touren\/robert-motherwell-%e2%80%93-pure-painting-teil-1\/#primaryimage","url":"https:\/\/discover-culture.com\/wp-content\/uploads\/1-Two-Figures-with-Cerulean-Blue-Stripe.jpg","contentUrl":"https:\/\/discover-culture.com\/wp-content\/uploads\/1-Two-Figures-with-Cerulean-Blue-Stripe.jpg","width":1900,"height":1471,"caption":"1 Two Figures with Cerulean Blue Stripe"},{"@type":"BreadcrumbList","@id":"https:\/\/discover-culture.com\/partner\/bank-austria-kunstforum-wien\/touren\/robert-motherwell-%e2%80%93-pure-painting-teil-1\/#breadcrumb","itemListElement":[{"@type":"ListItem","position":1,"name":"Home","item":"https:\/\/discover-culture.com\/"},{"@type":"ListItem","position":2,"name":"Produkte","item":"https:\/\/discover-culture.com\/de\/shop\/"},{"@type":"ListItem","position":3,"name":"ROBERT MOTHERWELL \u2013 Pure Painting | Teil 1"}]},{"@type":"WebSite","@id":"https:\/\/discover-culture.com\/de\/#website","url":"https:\/\/discover-culture.com\/de\/","name":"Discover-Culture","description":"","potentialAction":[{"@type":"SearchAction","target":{"@type":"EntryPoint","urlTemplate":"https:\/\/discover-culture.com\/de\/?s={search_term_string}"},"query-input":{"@type":"PropertyValueSpecification","valueRequired":true,"valueName":"search_term_string"}}],"inLanguage":"de"}]}},"_links":{"self":[{"href":"https:\/\/discover-culture.com\/de\/wp-json\/wp\/v2\/product\/6936","targetHints":{"allow":["GET"]}}],"collection":[{"href":"https:\/\/discover-culture.com\/de\/wp-json\/wp\/v2\/product"}],"about":[{"href":"https:\/\/discover-culture.com\/de\/wp-json\/wp\/v2\/types\/product"}],"wp:featuredmedia":[{"embeddable":true,"href":"https:\/\/discover-culture.com\/de\/wp-json\/wp\/v2\/media\/6937"}],"wp:attachment":[{"href":"https:\/\/discover-culture.com\/de\/wp-json\/wp\/v2\/media?parent=6936"}],"wp:term":[{"taxonomy":"product_brand","embeddable":true,"href":"https:\/\/discover-culture.com\/de\/wp-json\/wp\/v2\/product_brand?post=6936"},{"taxonomy":"product_cat","embeddable":true,"href":"https:\/\/discover-culture.com\/de\/wp-json\/wp\/v2\/product_cat?post=6936"},{"taxonomy":"product_tag","embeddable":true,"href":"https:\/\/discover-culture.com\/de\/wp-json\/wp\/v2\/product_tag?post=6936"}],"curies":[{"name":"wp","href":"https:\/\/api.w.org\/{rel}","templated":true}]}}