{"id":6797,"date":"2023-03-28T09:26:27","date_gmt":"2023-03-28T07:26:27","guid":{"rendered":"https:\/\/discover-culture.com\/partner\/\/touren\/"},"modified":"2023-10-18T09:06:14","modified_gmt":"2023-10-18T07:06:14","slug":"lawinengalerie-riesneralm","status":"publish","type":"product","link":"https:\/\/discover-culture.com\/partner\/lawinengalerie-riesneralm\/touren\/lawinengalerie-riesneralm","title":{"rendered":"Lawinengalerie Riesneralm"},"content":{"rendered":"<section id='lightpress__section--block_a959368d836d64016b7a43c43f732d2c' class='lightpress__section lightpress__section--content'><div class=\"content__grid content__grid\">\n    <div class=\"content__box content__box--one-hundred\">\n                                                        <h3 align=\"center\">Lawinen[GALERIE] \u2013 am Gipfel der Kunst<\/h3>\n<p align=\"center\">die Riesneralm virtuell entdecken<\/p>\n\n                                        <\/div>\n    <\/div><\/section>\n\n<section id='lightpress__section--block_e15dbe9f927b26933b8a2717f1d8c885' class='lightpress__section lightpress__section--content'><div class=\"content__grid content__grid\">\n    <div class=\"content__box content__box--two-thirds content__box--text-center\">\n                                                        <p>Mach Dich auf zu einer virtuellen Erkundungstour um das einmaliges Projekt Lawinen[GALERIE] vorab digital zu entdecken.<\/p>\n<p>Fernab der regul\u00e4ren Ausstellungen und Museen wird Kunst und Kultur am Berg zelebriert.<br \/>Public Art f\u00fcr Jedermann.\u00a0<\/p>\n<p>Ausgehend vom Hochsitz f\u00fchrt ein Serpentinensteig, immer mit Panoramablick ins Donnersbachtal, leicht aufsteigend durch die Lawinen[GALERIEN] und m\u00fcndet auf 1.950m Seeh\u00f6he am \u201eGipfel der Kunst\u201c direkt beim Gipfelkreuz des Hausberges. <br \/>Entlang dieses Steiges stehen 10 Kunstvitrinen im Schutz der bestehenden Lawinengalerien und werden j\u00e4hrlich mit Kunstwerken verschiedenster regionaler K\u00fcnstler best\u00fcckt.<\/p>\n<p>Ein einzigartiger Kunstschauplatz in der Alpenwelt!<\/p>\n\n                                        <\/div>\n            <div class=\"content__box content__box\">\n                                                                    <img decoding=\"async\" class=\"content__image\" src=\"https:\/\/discover-culture.com\/wp-content\/uploads\/20220803_140841-scaled.jpg\" alt=\"20220803 140841 scaled\" loading=\"lazy\">\n                                                        <\/div>\n    <\/div><\/section>\n\n<section id='lightpress__section--block_2282439939074e9df2ef1d6da9758d9f' class='lightpress__section lightpress__section--content'><div class=\"content__grid content__grid--fifty-fifty\">\n    <div class=\"content__box content__box\">\n                                                    <img decoding=\"async\" class=\"content__image\" src=\"https:\/\/discover-culture.com\/wp-content\/uploads\/Riesneralm-Hochsitz-Sommer-17-\u00a9-Brunthaler-scaled.jpg\" alt=\"Riesneralm Hochsitz Sommer 17 \u00a9 Brunthaler scaled\" loading=\"lazy\">\n                                        <\/div>\n            <div class=\"content__box content__box content__box--text-center\">\n                                                                        <p><strong>Lawinen[GALERIE] \u2013 am Gipfel der Kunst<\/strong><\/p>\n<p>Dem Wortspiel Lawinen[GALERIE] kommt hier zweierlei Bedeutung zu.<\/p>\n<p>Nirgendwo sonst ist es m\u00f6glich, derartige Schutzbauten als einzigartige Ausstellungsfl\u00e4che zu nutzen und aus n\u00e4chster N\u00e4he zu bestaunen.\u00a0<\/p>\n<p>40 Jahre ungeachtet, boten die Lawinengalerien am Riesner-Krispen nur den Skig\u00e4sten Schutz auf den Skipisten und im Freigel\u00e4nde. <br \/>Mit dem Projekt der Lawinen[GALERI] wurden sie den Sommerg\u00e4sten zug\u00e4nglich gemacht und zu einem einzigartigen Kunstschauplatz in der faszinierenden Bergwelt des Donnersbachtales umfunktioniert.<\/p>\n<p>\u00a0<\/p>\n<h6>Foto: \u00a9 brunthaler<\/h6>\n\n                                                        <\/div>\n    <\/div><\/section>\n\n<section id='lightpress__section--block_cad0e55e84ceffcceeac4c68e3514325' class='lightpress__section lightpress__section--content'><div class=\"content__grid content__grid\">\n    <div class=\"content__box content__box--one-hundred\">\n                                                        <p>Mach Dich an dieser Stelle auf zu einer virtuellen Erkundungstour dieser einzigartigen Kulturlocation &#8211; unter freiem Himmel, am Gipfel der Kunst.<\/p>\n<p>Das vor Ort Erlebnis Lawinen[GALERIE] auf der Riesneralm ist jederzeit erwanderbar. Bis zum Einstieg in die Ausstellung ist der Berg mit zwei Sektionen der Seilbahn Riesneralm gut erreichbar.<\/p>\n<p><\/p>\n<p><a class=\"lcyd__button lcyd__button--animate lcyd__button--arrow lcyd__button--animate\" href=\"https:\/\/www.riesneralm.at\/sommer\" target=\"_blank\" rel=\"noopener\">Mehr Informationen<\/a><\/p>\n\n                                        <\/div>\n    <\/div><\/section>","protected":false},"excerpt":{"rendered":"","protected":false},"featured_media":6798,"template":"","meta":{"_acf_changed":false,"_relevanssi_hide_post":"","_relevanssi_hide_content":"","_relevanssi_pin_for_all":"","_relevanssi_pin_keywords":"","_relevanssi_unpin_keywords":"","_relevanssi_related_keywords":"","_relevanssi_related_include_ids":"","_relevanssi_related_exclude_ids":"","_relevanssi_related_no_append":"","_relevanssi_related_not_related":"","_relevanssi_related_posts":"3844,3841,3848,3845,3849","_relevanssi_noindex_reason":""},"product_brand":[],"product_cat":[16],"product_tag":[],"class_list":["product-available","product","first","instock","virtual","sold-individually","taxable","purchasable","product-type-bundle"],"bundled_by":[],"bundle_stock_status":"instock","bundle_stock_quantity":"","bundle_virtual":true,"bundle_layout":"default","bundle_add_to_cart_form_location":"default","bundle_editable_in_cart":false,"bundle_sold_individually_context":"product","bundle_item_grouping":"parent","bundle_min_size":"","bundle_max_size":"","bundle_price":{"price":{"min":{"incl_tax":"0","excl_tax":"0"},"max":{"incl_tax":"0","excl_tax":"0"}},"regular_price":{"min":{"incl_tax":"0","excl_tax":"0"},"max":{"incl_tax":"0","excl_tax":"0"}}},"bundled_items":[{"bundled_item_id":66,"product_id":6972,"menu_order":0,"quantity_min":1,"quantity_max":1,"quantity_default":1,"priced_individually":false,"shipped_individually":true,"override_title":false,"title":"","override_description":false,"description":"","optional":false,"hide_thumbnail":false,"discount":"","override_variations":false,"allowed_variations":[],"override_default_variation_attributes":false,"default_variation_attributes":[],"single_product_visibility":"visible","cart_visibility":"visible","order_visibility":"visible","single_product_price_visibility":"visible","cart_price_visibility":"visible","order_price_visibility":"visible","stock_status":"in_stock"},{"bundled_item_id":67,"product_id":6969,"menu_order":1,"quantity_min":1,"quantity_max":1,"quantity_default":1,"priced_individually":false,"shipped_individually":true,"override_title":false,"title":"","override_description":false,"description":"","optional":false,"hide_thumbnail":false,"discount":"","override_variations":false,"allowed_variations":[],"override_default_variation_attributes":false,"default_variation_attributes":[],"single_product_visibility":"visible","cart_visibility":"visible","order_visibility":"visible","single_product_price_visibility":"visible","cart_price_visibility":"visible","order_price_visibility":"visible","stock_status":"in_stock"},{"bundled_item_id":68,"product_id":6970,"menu_order":2,"quantity_min":1,"quantity_max":1,"quantity_default":1,"priced_individually":false,"shipped_individually":true,"override_title":false,"title":"","override_description":false,"description":"","optional":false,"hide_thumbnail":false,"discount":"","override_variations":false,"allowed_variations":[],"override_default_variation_attributes":false,"default_variation_attributes":[],"single_product_visibility":"visible","cart_visibility":"visible","order_visibility":"visible","single_product_price_visibility":"visible","cart_price_visibility":"visible","order_price_visibility":"visible","stock_status":"in_stock"},{"bundled_item_id":69,"product_id":6971,"menu_order":3,"quantity_min":1,"quantity_max":1,"quantity_default":1,"priced_individually":false,"shipped_individually":true,"override_title":false,"title":"","override_description":false,"description":"","optional":false,"hide_thumbnail":false,"discount":"","override_variations":false,"allowed_variations":[],"override_default_variation_attributes":false,"default_variation_attributes":[],"single_product_visibility":"visible","cart_visibility":"visible","order_visibility":"visible","single_product_price_visibility":"visible","cart_price_visibility":"visible","order_price_visibility":"visible","stock_status":"in_stock"}],"bundle_sell_ids":[],"acf":[],"yoast_head":"<!-- This site is optimized with the Yoast SEO Premium plugin v25.7.1 (Yoast SEO v26.8) - https:\/\/yoast.com\/product\/yoast-seo-premium-wordpress\/ -->\n<title>Lawinengalerie Riesneralm - Discover-Culture<\/title>\n<meta name=\"description\" content=\"Finden Sie hier alle Informationen zum Produkt Lawinengalerie Riesneralm und betreten Sie die neue Welt von Kunst und Kultur!\" \/>\n<meta name=\"robots\" content=\"index, follow, max-snippet:-1, max-image-preview:large, max-video-preview:-1\" \/>\n<link rel=\"canonical\" href=\"https:\/\/discover-culture.com\/de\/partner\/lawinengalerie-riesneralm\/touren\/lawinengalerie-riesneralm\/\" \/>\n<meta property=\"og:locale\" content=\"de_DE\" \/>\n<meta property=\"og:type\" content=\"article\" \/>\n<meta property=\"og:title\" content=\"Lawinengalerie Riesneralm\" \/>\n<meta property=\"og:description\" content=\"Finden Sie hier alle Informationen zum Produkt Lawinengalerie Riesneralm und betreten Sie die neue Welt von Kunst und Kultur!\" \/>\n<meta property=\"og:url\" content=\"https:\/\/discover-culture.com\/de\/partner\/lawinengalerie-riesneralm\/touren\/lawinengalerie-riesneralm\/\" \/>\n<meta property=\"og:site_name\" content=\"Discover-Culture\" \/>\n<meta property=\"article:modified_time\" content=\"2023-10-18T07:06:14+00:00\" \/>\n<meta property=\"og:image\" content=\"https:\/\/discover-culture.com\/wp-content\/uploads\/20220803_140731-scaled.jpg\" \/>\n\t<meta property=\"og:image:width\" content=\"2560\" \/>\n\t<meta property=\"og:image:height\" content=\"1441\" \/>\n\t<meta property=\"og:image:type\" content=\"image\/jpeg\" \/>\n<meta name=\"twitter:card\" content=\"summary_large_image\" \/>\n<script type=\"application\/ld+json\" class=\"yoast-schema-graph\">{\"@context\":\"https:\/\/schema.org\",\"@graph\":[{\"@type\":\"WebPage\",\"@id\":\"https:\/\/discover-culture.com\/partner\/lawinengalerie-riesneralm\/touren\/lawinengalerie-riesneralm\/\",\"url\":\"https:\/\/discover-culture.com\/partner\/lawinengalerie-riesneralm\/touren\/lawinengalerie-riesneralm\/\",\"name\":\"Lawinengalerie Riesneralm - Discover-Culture\",\"isPartOf\":{\"@id\":\"https:\/\/discover-culture.com\/de\/#website\"},\"primaryImageOfPage\":{\"@id\":\"https:\/\/discover-culture.com\/partner\/lawinengalerie-riesneralm\/touren\/lawinengalerie-riesneralm\/#primaryimage\"},\"image\":{\"@id\":\"https:\/\/discover-culture.com\/partner\/lawinengalerie-riesneralm\/touren\/lawinengalerie-riesneralm\/#primaryimage\"},\"thumbnailUrl\":\"https:\/\/discover-culture.com\/wp-content\/uploads\/20220803_140731-scaled.jpg\",\"datePublished\":\"2023-03-28T07:26:27+00:00\",\"dateModified\":\"2023-10-18T07:06:14+00:00\",\"description\":\"Finden Sie hier alle Informationen zum Produkt Lawinengalerie Riesneralm und betreten Sie die neue Welt von Kunst und Kultur!\",\"breadcrumb\":{\"@id\":\"https:\/\/discover-culture.com\/partner\/lawinengalerie-riesneralm\/touren\/lawinengalerie-riesneralm\/#breadcrumb\"},\"inLanguage\":\"de\",\"potentialAction\":[{\"@type\":\"ReadAction\",\"target\":[\"https:\/\/discover-culture.com\/partner\/lawinengalerie-riesneralm\/touren\/lawinengalerie-riesneralm\/\"]}]},{\"@type\":\"ImageObject\",\"inLanguage\":\"de\",\"@id\":\"https:\/\/discover-culture.com\/partner\/lawinengalerie-riesneralm\/touren\/lawinengalerie-riesneralm\/#primaryimage\",\"url\":\"https:\/\/discover-culture.com\/wp-content\/uploads\/20220803_140731-scaled.jpg\",\"contentUrl\":\"https:\/\/discover-culture.com\/wp-content\/uploads\/20220803_140731-scaled.jpg\",\"width\":2560,\"height\":1441,\"caption\":\"20220803 140731 scaled\"},{\"@type\":\"BreadcrumbList\",\"@id\":\"https:\/\/discover-culture.com\/partner\/lawinengalerie-riesneralm\/touren\/lawinengalerie-riesneralm\/#breadcrumb\",\"itemListElement\":[{\"@type\":\"ListItem\",\"position\":1,\"name\":\"Home\",\"item\":\"https:\/\/discover-culture.com\/\"},{\"@type\":\"ListItem\",\"position\":2,\"name\":\"Produkte\",\"item\":\"https:\/\/discover-culture.com\/de\/shop\/\"},{\"@type\":\"ListItem\",\"position\":3,\"name\":\"Lawinengalerie Riesneralm\"}]},{\"@type\":\"WebSite\",\"@id\":\"https:\/\/discover-culture.com\/de\/#website\",\"url\":\"https:\/\/discover-culture.com\/de\/\",\"name\":\"Discover-Culture\",\"description\":\"\",\"potentialAction\":[{\"@type\":\"SearchAction\",\"target\":{\"@type\":\"EntryPoint\",\"urlTemplate\":\"https:\/\/discover-culture.com\/de\/?s={search_term_string}\"},\"query-input\":{\"@type\":\"PropertyValueSpecification\",\"valueRequired\":true,\"valueName\":\"search_term_string\"}}],\"inLanguage\":\"de\"}]}<\/script>\n<!-- \/ Yoast SEO Premium plugin. -->","yoast_head_json":{"title":"Lawinengalerie Riesneralm - Discover-Culture","description":"Finden Sie hier alle Informationen zum Produkt Lawinengalerie Riesneralm und betreten Sie die neue Welt von Kunst und Kultur!","robots":{"index":"index","follow":"follow","max-snippet":"max-snippet:-1","max-image-preview":"max-image-preview:large","max-video-preview":"max-video-preview:-1"},"canonical":"https:\/\/discover-culture.com\/de\/partner\/lawinengalerie-riesneralm\/touren\/lawinengalerie-riesneralm\/","og_locale":"de_DE","og_type":"article","og_title":"Lawinengalerie Riesneralm","og_description":"Finden Sie hier alle Informationen zum Produkt Lawinengalerie Riesneralm und betreten Sie die neue Welt von Kunst und Kultur!","og_url":"https:\/\/discover-culture.com\/de\/partner\/lawinengalerie-riesneralm\/touren\/lawinengalerie-riesneralm\/","og_site_name":"Discover-Culture","article_modified_time":"2023-10-18T07:06:14+00:00","og_image":[{"width":2560,"height":1441,"url":"https:\/\/discover-culture.com\/wp-content\/uploads\/20220803_140731-scaled.jpg","type":"image\/jpeg"}],"twitter_card":"summary_large_image","schema":{"@context":"https:\/\/schema.org","@graph":[{"@type":"WebPage","@id":"https:\/\/discover-culture.com\/partner\/lawinengalerie-riesneralm\/touren\/lawinengalerie-riesneralm\/","url":"https:\/\/discover-culture.com\/partner\/lawinengalerie-riesneralm\/touren\/lawinengalerie-riesneralm\/","name":"Lawinengalerie Riesneralm - Discover-Culture","isPartOf":{"@id":"https:\/\/discover-culture.com\/de\/#website"},"primaryImageOfPage":{"@id":"https:\/\/discover-culture.com\/partner\/lawinengalerie-riesneralm\/touren\/lawinengalerie-riesneralm\/#primaryimage"},"image":{"@id":"https:\/\/discover-culture.com\/partner\/lawinengalerie-riesneralm\/touren\/lawinengalerie-riesneralm\/#primaryimage"},"thumbnailUrl":"https:\/\/discover-culture.com\/wp-content\/uploads\/20220803_140731-scaled.jpg","datePublished":"2023-03-28T07:26:27+00:00","dateModified":"2023-10-18T07:06:14+00:00","description":"Finden Sie hier alle Informationen zum Produkt Lawinengalerie Riesneralm und betreten Sie die neue Welt von Kunst und Kultur!","breadcrumb":{"@id":"https:\/\/discover-culture.com\/partner\/lawinengalerie-riesneralm\/touren\/lawinengalerie-riesneralm\/#breadcrumb"},"inLanguage":"de","potentialAction":[{"@type":"ReadAction","target":["https:\/\/discover-culture.com\/partner\/lawinengalerie-riesneralm\/touren\/lawinengalerie-riesneralm\/"]}]},{"@type":"ImageObject","inLanguage":"de","@id":"https:\/\/discover-culture.com\/partner\/lawinengalerie-riesneralm\/touren\/lawinengalerie-riesneralm\/#primaryimage","url":"https:\/\/discover-culture.com\/wp-content\/uploads\/20220803_140731-scaled.jpg","contentUrl":"https:\/\/discover-culture.com\/wp-content\/uploads\/20220803_140731-scaled.jpg","width":2560,"height":1441,"caption":"20220803 140731 scaled"},{"@type":"BreadcrumbList","@id":"https:\/\/discover-culture.com\/partner\/lawinengalerie-riesneralm\/touren\/lawinengalerie-riesneralm\/#breadcrumb","itemListElement":[{"@type":"ListItem","position":1,"name":"Home","item":"https:\/\/discover-culture.com\/"},{"@type":"ListItem","position":2,"name":"Produkte","item":"https:\/\/discover-culture.com\/de\/shop\/"},{"@type":"ListItem","position":3,"name":"Lawinengalerie Riesneralm"}]},{"@type":"WebSite","@id":"https:\/\/discover-culture.com\/de\/#website","url":"https:\/\/discover-culture.com\/de\/","name":"Discover-Culture","description":"","potentialAction":[{"@type":"SearchAction","target":{"@type":"EntryPoint","urlTemplate":"https:\/\/discover-culture.com\/de\/?s={search_term_string}"},"query-input":{"@type":"PropertyValueSpecification","valueRequired":true,"valueName":"search_term_string"}}],"inLanguage":"de"}]}},"_links":{"self":[{"href":"https:\/\/discover-culture.com\/de\/wp-json\/wp\/v2\/product\/6797","targetHints":{"allow":["GET"]}}],"collection":[{"href":"https:\/\/discover-culture.com\/de\/wp-json\/wp\/v2\/product"}],"about":[{"href":"https:\/\/discover-culture.com\/de\/wp-json\/wp\/v2\/types\/product"}],"wp:featuredmedia":[{"embeddable":true,"href":"https:\/\/discover-culture.com\/de\/wp-json\/wp\/v2\/media\/6798"}],"wp:attachment":[{"href":"https:\/\/discover-culture.com\/de\/wp-json\/wp\/v2\/media?parent=6797"}],"wp:term":[{"taxonomy":"product_brand","embeddable":true,"href":"https:\/\/discover-culture.com\/de\/wp-json\/wp\/v2\/product_brand?post=6797"},{"taxonomy":"product_cat","embeddable":true,"href":"https:\/\/discover-culture.com\/de\/wp-json\/wp\/v2\/product_cat?post=6797"},{"taxonomy":"product_tag","embeddable":true,"href":"https:\/\/discover-culture.com\/de\/wp-json\/wp\/v2\/product_tag?post=6797"}],"curies":[{"name":"wp","href":"https:\/\/api.w.org\/{rel}","templated":true}]}}