{"id":668,"date":"2021-06-24T10:02:56","date_gmt":"2021-06-24T08:02:56","guid":{"rendered":"https:\/\/discover-culture.com\/partner\/\/touren\/"},"modified":"2023-04-14T11:25:51","modified_gmt":"2023-04-14T09:25:51","slug":"daniel-spoerri-il-giardino-di-daniel-spoerri","status":"publish","type":"product","link":"https:\/\/discover-culture.com\/partner\/bank-austria-kunstforum-wien\/touren\/daniel-spoerri-il-giardino-di-daniel-spoerri","title":{"rendered":"Daniel Spoerri , Il Giardino di Daniel Spoerri"},"content":{"rendered":"<section id='lightpress__section--block_9fcd38bda8a0e9173c2fd760e8dc3e7a' class='lightpress__section lightpress__section--content'><div class=\"content__grid content__grid--fifty-fifty\">\n    <div class=\"content__box content__box\">\n                                                        <p>Das k\u00fcnstlerische Projekt des Giardino von Daniel Spoerri in der Toskana steht im Mittelpunkt dieser ersten Live F\u00fchrung mit Barbara R\u00e4derscheidt, Pr\u00e4sidentin der Stiftung Hic terminus haeret \u2013 Il Giardino di Daniel Spoerri, K\u00fcnstlerin und Kuratorin.<\/p>\n<p>Daniel Spoerri,\u00a0<em>Dies Irae<\/em>, 2001\/2002, Stahlbeton, Fondazione Il Giardino di Daniel Spoerri, \u00a9 Olivier Estoppey und Bildrecht, Wien, 2021, Foto: Susanne Neumann (Ausschnitt)<\/p>\n\n                                        <\/div>\n            <div class=\"content__box content__box\">\n                                                                    <img decoding=\"async\" class=\"content__image\" src=\"https:\/\/discover-culture.com\/wp-content\/uploads\/Chambre-No-13.jpg\" alt=\"Chambre No 13\" loading=\"lazy\">\n                                                        <\/div>\n    <\/div><\/section>\n\n<section id='lightpress__section--block_eb8cf20f30cc216d81f22e1e50a2edf9' class='lightpress__section lightpress__section--card-item-content'><div class=\"card-item\">\n  \n    <div id='lightpress__section--block_69d2a56402546' class='lightpress__section--content'><div class=\"content__grid content__grid--fifty-fifty\">\n    <div class=\"content__box content__box\">\n                                                    <img decoding=\"async\" class=\"content__image\" src=\"https:\/\/discover-culture.com\/wp-content\/uploads\/Daniel_Spoerri.jpg\" alt=\"Daniel Spoerri\" loading=\"lazy\">\n                                        <\/div>\n            <div class=\"content__box content__box\">\n                                                                        <p>Barbara R\u00e4derscheidt arbeitet seit 1998 eng mit Daniel Spoerri zusammen und leitet seit 2010 das Ausstellungshaus Spoerri in Hadersdorf am Kamp.<\/p>\n<p>Erfahren Sie mehr zur Sammelleidenschaft Spoerris und zu diesem ganz besonderen K\u00fcnstlergarten in Italien.<\/p>\n<div class=\"text-image__text-container text-image__text-container--text-right\">\n<div class=\"text-image__text-inner\">\n<div class=\"text-image__excerpt\">\n<p><span class=\"text-image__excerpt--small\"><em>Daniel Spoerri<\/em>, \u00a9 Rita Newman (Ausschnitt)<\/span><\/p>\n<\/div>\n<\/div>\n<\/div>\n\n                                                        <\/div>\n    <\/div><\/div>\n<\/div>\n<\/section>","protected":false},"excerpt":{"rendered":"","protected":false},"featured_media":670,"template":"","meta":{"_acf_changed":false,"_relevanssi_hide_post":"","_relevanssi_hide_content":"","_relevanssi_pin_for_all":"","_relevanssi_pin_keywords":"","_relevanssi_unpin_keywords":"","_relevanssi_related_keywords":"","_relevanssi_related_include_ids":"","_relevanssi_related_exclude_ids":"","_relevanssi_related_no_append":"","_relevanssi_related_not_related":"","_relevanssi_related_posts":"3848,3845,3844,3849,3841","_relevanssi_noindex_reason":""},"product_brand":[],"product_cat":[21],"product_tag":[],"class_list":["product-available","product","first","instock","virtual","sold-individually","taxable","purchasable","product-type-simple"],"bundled_by":[],"bundle_stock_status":"instock","bundle_stock_quantity":null,"bundle_virtual":false,"bundle_layout":"","bundle_add_to_cart_form_location":"","bundle_editable_in_cart":false,"bundle_sold_individually_context":"","bundle_item_grouping":"","bundle_min_size":"","bundle_max_size":"","bundle_price":[],"bundled_items":[],"bundle_sell_ids":[],"acf":[],"yoast_head":"<!-- This site is optimized with the Yoast SEO Premium plugin v25.7.1 (Yoast SEO v26.8) - https:\/\/yoast.com\/product\/yoast-seo-premium-wordpress\/ -->\n<title>Daniel Spoerri , Il Giardino di Daniel Spoerri - Discover-Culture<\/title>\n<meta name=\"description\" content=\"Finden Sie hier alle Informationen zum Produkt Daniel Spoerri , Il Giardino di Daniel Spoerri und betreten Sie die neue Welt von Kunst und Kultur!\" \/>\n<meta name=\"robots\" content=\"index, follow, max-snippet:-1, max-image-preview:large, max-video-preview:-1\" \/>\n<link rel=\"canonical\" href=\"https:\/\/discover-culture.com\/de\/partner\/bank-austria-kunstforum-wien\/touren\/daniel-spoerri-il-giardino-di-daniel-spoerri\/\" \/>\n<meta property=\"og:locale\" content=\"de_DE\" \/>\n<meta property=\"og:type\" content=\"article\" \/>\n<meta property=\"og:title\" content=\"Daniel Spoerri , Il Giardino di Daniel Spoerri\" \/>\n<meta property=\"og:description\" content=\"Finden Sie hier alle Informationen zum Produkt Daniel Spoerri , Il Giardino di Daniel Spoerri und betreten Sie die neue Welt von Kunst und Kultur!\" \/>\n<meta property=\"og:url\" content=\"https:\/\/discover-culture.com\/de\/partner\/bank-austria-kunstforum-wien\/touren\/daniel-spoerri-il-giardino-di-daniel-spoerri\/\" \/>\n<meta property=\"og:site_name\" content=\"Discover-Culture\" \/>\n<meta property=\"article:modified_time\" content=\"2023-04-14T09:25:51+00:00\" \/>\n<meta property=\"og:image\" content=\"https:\/\/discover-culture.com\/wp-content\/uploads\/kunstforum.jpg\" \/>\n\t<meta property=\"og:image:width\" content=\"1352\" \/>\n\t<meta property=\"og:image:height\" content=\"924\" \/>\n\t<meta property=\"og:image:type\" content=\"image\/jpeg\" \/>\n<meta name=\"twitter:card\" content=\"summary_large_image\" \/>\n<script type=\"application\/ld+json\" class=\"yoast-schema-graph\">{\"@context\":\"https:\/\/schema.org\",\"@graph\":[{\"@type\":\"WebPage\",\"@id\":\"https:\/\/discover-culture.com\/partner\/bank-austria-kunstforum-wien\/touren\/daniel-spoerri-il-giardino-di-daniel-spoerri\/\",\"url\":\"https:\/\/discover-culture.com\/partner\/bank-austria-kunstforum-wien\/touren\/daniel-spoerri-il-giardino-di-daniel-spoerri\/\",\"name\":\"Daniel Spoerri , Il Giardino di Daniel Spoerri - Discover-Culture\",\"isPartOf\":{\"@id\":\"https:\/\/discover-culture.com\/de\/#website\"},\"primaryImageOfPage\":{\"@id\":\"https:\/\/discover-culture.com\/partner\/bank-austria-kunstforum-wien\/touren\/daniel-spoerri-il-giardino-di-daniel-spoerri\/#primaryimage\"},\"image\":{\"@id\":\"https:\/\/discover-culture.com\/partner\/bank-austria-kunstforum-wien\/touren\/daniel-spoerri-il-giardino-di-daniel-spoerri\/#primaryimage\"},\"thumbnailUrl\":\"https:\/\/discover-culture.com\/wp-content\/uploads\/Chambre-No-13.jpg\",\"datePublished\":\"2021-06-24T08:02:56+00:00\",\"dateModified\":\"2023-04-14T09:25:51+00:00\",\"description\":\"Finden Sie hier alle Informationen zum Produkt Daniel Spoerri , Il Giardino di Daniel Spoerri und betreten Sie die neue Welt von Kunst und Kultur!\",\"breadcrumb\":{\"@id\":\"https:\/\/discover-culture.com\/partner\/bank-austria-kunstforum-wien\/touren\/daniel-spoerri-il-giardino-di-daniel-spoerri\/#breadcrumb\"},\"inLanguage\":\"de\",\"potentialAction\":[{\"@type\":\"ReadAction\",\"target\":[\"https:\/\/discover-culture.com\/partner\/bank-austria-kunstforum-wien\/touren\/daniel-spoerri-il-giardino-di-daniel-spoerri\/\"]}]},{\"@type\":\"ImageObject\",\"inLanguage\":\"de\",\"@id\":\"https:\/\/discover-culture.com\/partner\/bank-austria-kunstforum-wien\/touren\/daniel-spoerri-il-giardino-di-daniel-spoerri\/#primaryimage\",\"url\":\"https:\/\/discover-culture.com\/wp-content\/uploads\/Chambre-No-13.jpg\",\"contentUrl\":\"https:\/\/discover-culture.com\/wp-content\/uploads\/Chambre-No-13.jpg\",\"width\":1152,\"height\":647,\"caption\":\"Chambre No 13\"},{\"@type\":\"BreadcrumbList\",\"@id\":\"https:\/\/discover-culture.com\/partner\/bank-austria-kunstforum-wien\/touren\/daniel-spoerri-il-giardino-di-daniel-spoerri\/#breadcrumb\",\"itemListElement\":[{\"@type\":\"ListItem\",\"position\":1,\"name\":\"Home\",\"item\":\"https:\/\/discover-culture.com\/\"},{\"@type\":\"ListItem\",\"position\":2,\"name\":\"Produkte\",\"item\":\"https:\/\/discover-culture.com\/de\/shop\/\"},{\"@type\":\"ListItem\",\"position\":3,\"name\":\"Daniel Spoerri , Il Giardino di Daniel Spoerri\"}]},{\"@type\":\"WebSite\",\"@id\":\"https:\/\/discover-culture.com\/de\/#website\",\"url\":\"https:\/\/discover-culture.com\/de\/\",\"name\":\"Discover-Culture\",\"description\":\"\",\"potentialAction\":[{\"@type\":\"SearchAction\",\"target\":{\"@type\":\"EntryPoint\",\"urlTemplate\":\"https:\/\/discover-culture.com\/de\/?s={search_term_string}\"},\"query-input\":{\"@type\":\"PropertyValueSpecification\",\"valueRequired\":true,\"valueName\":\"search_term_string\"}}],\"inLanguage\":\"de\"}]}<\/script>\n<!-- \/ Yoast SEO Premium plugin. -->","yoast_head_json":{"title":"Daniel Spoerri , Il Giardino di Daniel Spoerri - Discover-Culture","description":"Finden Sie hier alle Informationen zum Produkt Daniel Spoerri , Il Giardino di Daniel Spoerri und betreten Sie die neue Welt von Kunst und Kultur!","robots":{"index":"index","follow":"follow","max-snippet":"max-snippet:-1","max-image-preview":"max-image-preview:large","max-video-preview":"max-video-preview:-1"},"canonical":"https:\/\/discover-culture.com\/de\/partner\/bank-austria-kunstforum-wien\/touren\/daniel-spoerri-il-giardino-di-daniel-spoerri\/","og_locale":"de_DE","og_type":"article","og_title":"Daniel Spoerri , Il Giardino di Daniel Spoerri","og_description":"Finden Sie hier alle Informationen zum Produkt Daniel Spoerri , Il Giardino di Daniel Spoerri und betreten Sie die neue Welt von Kunst und Kultur!","og_url":"https:\/\/discover-culture.com\/de\/partner\/bank-austria-kunstforum-wien\/touren\/daniel-spoerri-il-giardino-di-daniel-spoerri\/","og_site_name":"Discover-Culture","article_modified_time":"2023-04-14T09:25:51+00:00","og_image":[{"width":1352,"height":924,"url":"https:\/\/discover-culture.com\/wp-content\/uploads\/kunstforum.jpg","type":"image\/jpeg"}],"twitter_card":"summary_large_image","schema":{"@context":"https:\/\/schema.org","@graph":[{"@type":"WebPage","@id":"https:\/\/discover-culture.com\/partner\/bank-austria-kunstforum-wien\/touren\/daniel-spoerri-il-giardino-di-daniel-spoerri\/","url":"https:\/\/discover-culture.com\/partner\/bank-austria-kunstforum-wien\/touren\/daniel-spoerri-il-giardino-di-daniel-spoerri\/","name":"Daniel Spoerri , Il Giardino di Daniel Spoerri - Discover-Culture","isPartOf":{"@id":"https:\/\/discover-culture.com\/de\/#website"},"primaryImageOfPage":{"@id":"https:\/\/discover-culture.com\/partner\/bank-austria-kunstforum-wien\/touren\/daniel-spoerri-il-giardino-di-daniel-spoerri\/#primaryimage"},"image":{"@id":"https:\/\/discover-culture.com\/partner\/bank-austria-kunstforum-wien\/touren\/daniel-spoerri-il-giardino-di-daniel-spoerri\/#primaryimage"},"thumbnailUrl":"https:\/\/discover-culture.com\/wp-content\/uploads\/Chambre-No-13.jpg","datePublished":"2021-06-24T08:02:56+00:00","dateModified":"2023-04-14T09:25:51+00:00","description":"Finden Sie hier alle Informationen zum Produkt Daniel Spoerri , Il Giardino di Daniel Spoerri und betreten Sie die neue Welt von Kunst und Kultur!","breadcrumb":{"@id":"https:\/\/discover-culture.com\/partner\/bank-austria-kunstforum-wien\/touren\/daniel-spoerri-il-giardino-di-daniel-spoerri\/#breadcrumb"},"inLanguage":"de","potentialAction":[{"@type":"ReadAction","target":["https:\/\/discover-culture.com\/partner\/bank-austria-kunstforum-wien\/touren\/daniel-spoerri-il-giardino-di-daniel-spoerri\/"]}]},{"@type":"ImageObject","inLanguage":"de","@id":"https:\/\/discover-culture.com\/partner\/bank-austria-kunstforum-wien\/touren\/daniel-spoerri-il-giardino-di-daniel-spoerri\/#primaryimage","url":"https:\/\/discover-culture.com\/wp-content\/uploads\/Chambre-No-13.jpg","contentUrl":"https:\/\/discover-culture.com\/wp-content\/uploads\/Chambre-No-13.jpg","width":1152,"height":647,"caption":"Chambre No 13"},{"@type":"BreadcrumbList","@id":"https:\/\/discover-culture.com\/partner\/bank-austria-kunstforum-wien\/touren\/daniel-spoerri-il-giardino-di-daniel-spoerri\/#breadcrumb","itemListElement":[{"@type":"ListItem","position":1,"name":"Home","item":"https:\/\/discover-culture.com\/"},{"@type":"ListItem","position":2,"name":"Produkte","item":"https:\/\/discover-culture.com\/de\/shop\/"},{"@type":"ListItem","position":3,"name":"Daniel Spoerri , Il Giardino di Daniel Spoerri"}]},{"@type":"WebSite","@id":"https:\/\/discover-culture.com\/de\/#website","url":"https:\/\/discover-culture.com\/de\/","name":"Discover-Culture","description":"","potentialAction":[{"@type":"SearchAction","target":{"@type":"EntryPoint","urlTemplate":"https:\/\/discover-culture.com\/de\/?s={search_term_string}"},"query-input":{"@type":"PropertyValueSpecification","valueRequired":true,"valueName":"search_term_string"}}],"inLanguage":"de"}]}},"_links":{"self":[{"href":"https:\/\/discover-culture.com\/de\/wp-json\/wp\/v2\/product\/668","targetHints":{"allow":["GET"]}}],"collection":[{"href":"https:\/\/discover-culture.com\/de\/wp-json\/wp\/v2\/product"}],"about":[{"href":"https:\/\/discover-culture.com\/de\/wp-json\/wp\/v2\/types\/product"}],"wp:featuredmedia":[{"embeddable":true,"href":"https:\/\/discover-culture.com\/de\/wp-json\/wp\/v2\/media\/670"}],"wp:attachment":[{"href":"https:\/\/discover-culture.com\/de\/wp-json\/wp\/v2\/media?parent=668"}],"wp:term":[{"taxonomy":"product_brand","embeddable":true,"href":"https:\/\/discover-culture.com\/de\/wp-json\/wp\/v2\/product_brand?post=668"},{"taxonomy":"product_cat","embeddable":true,"href":"https:\/\/discover-culture.com\/de\/wp-json\/wp\/v2\/product_cat?post=668"},{"taxonomy":"product_tag","embeddable":true,"href":"https:\/\/discover-culture.com\/de\/wp-json\/wp\/v2\/product_tag?post=668"}],"curies":[{"name":"wp","href":"https:\/\/api.w.org\/{rel}","templated":true}]}}