{"id":6665,"date":"2023-01-24T14:31:36","date_gmt":"2023-01-24T12:31:36","guid":{"rendered":"https:\/\/discover-culture.com\/partner\/\/touren\/"},"modified":"2023-04-14T10:43:55","modified_gmt":"2023-04-14T08:43:55","slug":"kay-walkowiak-eternal-now","status":"publish","type":"product","link":"https:\/\/discover-culture.com\/partner\/bank-austria-kunstforum-wien\/touren\/kay-walkowiak-eternal-now","title":{"rendered":"Kay Walkowiak: Eternal Now"},"content":{"rendered":"<section id='lightpress__section--block_339d7fa352de6abb73f1f92867b98aa9' class='lightpress__section lightpress__section--content'><div class=\"content__grid content__grid\">\n    <div class=\"content__box content__box--one-hundred\">\n                                                        <h3 align=\"center\">Kay Walkowiak: Eternal Now<\/h3>\n<p>16.02.2023 \u2013 16.04.2023<\/p>\n<h5>Titelbild: Kay Walkowiak, TRACES OF TIME, 2021. 2K-Video, 2.39:1, 60 min., Farbe, Stereo. Courtesy: Kay Walkowiak &amp; Galerie Zeller van Almsick, Wien \u00a9 Bildrecht Wien<\/h5>\n\n                                        <\/div>\n    <\/div><\/section>\n\n<section id='lightpress__section--block_7ed8d9b9a46fbd9eaa2666f67dd012d0' class='lightpress__section lightpress__section--content'><div class=\"content__grid content__grid--fifty-fifty\">\n    <div class=\"content__box content__box content__box--text-center\">\n                                                        <p>\u201eWas geschah bevor die Zeit begann? Wie kann eine Linie ohne Ende weitergehen? Ein Kreis erm\u00f6glicht es uns, uns vorzustellen, dass wir ewig ru\u0308ckw\u00e4rts oder vorw\u00e4rts gehen und an keinem Punkt auf einen ultimativen Anfang oder ein Ende sto\u00dfen.\u201c \u2013 Kay Walkowiak<\/p>\n<h5>Bild: Kay Walkowiak, TRACES OF TIME, 202.1 2K-Video, 2.39:1, 60 min., Farbe, Stereo. Courtesy: Kay Walkowiak &amp; Galerie Zeller van Almsick, Wien \u00a9 Bildrecht Wien<\/h5>\n\n                                        <\/div>\n            <div class=\"content__box content__box\">\n                                                                    <img decoding=\"async\" class=\"content__image\" src=\"https:\/\/discover-culture.com\/wp-content\/uploads\/imager-1.php_.jpg\" alt=\"imager 1.php\" loading=\"lazy\">\n                                                        <\/div>\n    <\/div><\/section>\n\n<section id='lightpress__section--block_95648efa956cbe62261bddd04102b4cf' class='lightpress__section lightpress__section--content'><div class=\"content__grid content__grid--fifty-fifty\">\n    <div class=\"content__box content__box\">\n                                                    <img decoding=\"async\" class=\"content__image\" src=\"https:\/\/discover-culture.com\/wp-content\/uploads\/imager.php_.jpg\" alt=\"imager.php\" loading=\"lazy\">\n                                        <\/div>\n            <div class=\"content__box content__box content__box--text-center\">\n                                                                        <p>Diesen Fragen geht der K\u00fcnstler in seinen Installationen und k\u00fcnstlerischen Filmen nach und erkl\u00e4rt uns im Gespr\u00e4ch mit Sophie de la Fuente wieso ihn das Thema Zeit so fasziniert. <br \/>Begleiten Sie uns bei diesem digitalen Ausstellungsrundgang durch die Ausstellung Kay Walkowiak: Eternal Now im tresor des Bank Austria Kunstforum Wien.<\/p>\n<p><a class=\"lcyd__button lcyd__button--animate lcyd__button--arrow lcyd__button--animate\" href=\"https:\/\/www.kunstforumwien.at\/de\/ausstellungen\/tresor-ausstellungen\/335\/kay-walkowiak\" target=\"_blank\" rel=\"noopener\">Mehr Informationen<\/a><\/p>\n<h5>Bild: Kay Walkowiak, TRACES OF TIME, 2021. 2K-Video, 2.39:1, 60 min., Farbe, Stereo. Courtesy: Kay Walkowiak &amp; Galerie Zeller van Almsick, Wien \u00a9 Bildrecht Wien<\/h5>\n\n                                                        <\/div>\n    <\/div><\/section>","protected":false},"excerpt":{"rendered":"","protected":false},"featured_media":6667,"template":"","meta":{"_acf_changed":false,"_relevanssi_hide_post":"","_relevanssi_hide_content":"","_relevanssi_pin_for_all":"","_relevanssi_pin_keywords":"","_relevanssi_unpin_keywords":"","_relevanssi_related_keywords":"","_relevanssi_related_include_ids":"","_relevanssi_related_exclude_ids":"","_relevanssi_related_no_append":"","_relevanssi_related_not_related":"","_relevanssi_related_posts":"3841,3844,3849,3848,3845","_relevanssi_noindex_reason":""},"product_brand":[],"product_cat":[21],"product_tag":[],"class_list":["product-available","product","first","instock","virtual","sold-individually","taxable","purchasable","product-type-simple"],"bundled_by":[],"bundle_stock_status":"instock","bundle_stock_quantity":null,"bundle_virtual":false,"bundle_layout":"","bundle_add_to_cart_form_location":"","bundle_editable_in_cart":false,"bundle_sold_individually_context":"","bundle_item_grouping":"","bundle_min_size":"","bundle_max_size":"","bundle_price":[],"bundled_items":[],"bundle_sell_ids":[],"acf":[],"yoast_head":"<!-- This site is optimized with the Yoast SEO Premium plugin v25.7.1 (Yoast SEO v26.8) - https:\/\/yoast.com\/product\/yoast-seo-premium-wordpress\/ -->\n<title>Kay Walkowiak: Eternal Now - Discover-Culture<\/title>\n<meta name=\"description\" content=\"Finden Sie hier alle Informationen zum Produkt Kay Walkowiak: Eternal Now und betreten Sie die neue Welt von Kunst und Kultur!\" \/>\n<meta name=\"robots\" content=\"index, follow, max-snippet:-1, max-image-preview:large, max-video-preview:-1\" \/>\n<link rel=\"canonical\" href=\"https:\/\/discover-culture.com\/de\/partner\/bank-austria-kunstforum-wien\/touren\/kay-walkowiak-eternal-now\/\" \/>\n<meta property=\"og:locale\" content=\"de_DE\" \/>\n<meta property=\"og:type\" content=\"article\" \/>\n<meta property=\"og:title\" content=\"Kay Walkowiak: Eternal Now\" \/>\n<meta property=\"og:description\" content=\"Finden Sie hier alle Informationen zum Produkt Kay Walkowiak: Eternal Now und betreten Sie die neue Welt von Kunst und Kultur!\" \/>\n<meta property=\"og:url\" content=\"https:\/\/discover-culture.com\/de\/partner\/bank-austria-kunstforum-wien\/touren\/kay-walkowiak-eternal-now\/\" \/>\n<meta property=\"og:site_name\" content=\"Discover-Culture\" \/>\n<meta property=\"article:modified_time\" content=\"2023-04-14T08:43:55+00:00\" \/>\n<meta property=\"og:image\" content=\"https:\/\/discover-culture.com\/wp-content\/uploads\/imager.php_.jpg\" \/>\n\t<meta property=\"og:image:width\" content=\"645\" \/>\n\t<meta property=\"og:image:height\" content=\"273\" \/>\n\t<meta property=\"og:image:type\" content=\"image\/jpeg\" \/>\n<meta name=\"twitter:card\" content=\"summary_large_image\" \/>\n<script type=\"application\/ld+json\" class=\"yoast-schema-graph\">{\"@context\":\"https:\/\/schema.org\",\"@graph\":[{\"@type\":\"WebPage\",\"@id\":\"https:\/\/discover-culture.com\/partner\/bank-austria-kunstforum-wien\/touren\/kay-walkowiak-eternal-now\/\",\"url\":\"https:\/\/discover-culture.com\/partner\/bank-austria-kunstforum-wien\/touren\/kay-walkowiak-eternal-now\/\",\"name\":\"Kay Walkowiak: Eternal Now - Discover-Culture\",\"isPartOf\":{\"@id\":\"https:\/\/discover-culture.com\/de\/#website\"},\"primaryImageOfPage\":{\"@id\":\"https:\/\/discover-culture.com\/partner\/bank-austria-kunstforum-wien\/touren\/kay-walkowiak-eternal-now\/#primaryimage\"},\"image\":{\"@id\":\"https:\/\/discover-culture.com\/partner\/bank-austria-kunstforum-wien\/touren\/kay-walkowiak-eternal-now\/#primaryimage\"},\"thumbnailUrl\":\"https:\/\/discover-culture.com\/wp-content\/uploads\/imager.php_.jpg\",\"datePublished\":\"2023-01-24T12:31:36+00:00\",\"dateModified\":\"2023-04-14T08:43:55+00:00\",\"description\":\"Finden Sie hier alle Informationen zum Produkt Kay Walkowiak: Eternal Now und betreten Sie die neue Welt von Kunst und Kultur!\",\"breadcrumb\":{\"@id\":\"https:\/\/discover-culture.com\/partner\/bank-austria-kunstforum-wien\/touren\/kay-walkowiak-eternal-now\/#breadcrumb\"},\"inLanguage\":\"de\",\"potentialAction\":[{\"@type\":\"ReadAction\",\"target\":[\"https:\/\/discover-culture.com\/partner\/bank-austria-kunstforum-wien\/touren\/kay-walkowiak-eternal-now\/\"]}]},{\"@type\":\"ImageObject\",\"inLanguage\":\"de\",\"@id\":\"https:\/\/discover-culture.com\/partner\/bank-austria-kunstforum-wien\/touren\/kay-walkowiak-eternal-now\/#primaryimage\",\"url\":\"https:\/\/discover-culture.com\/wp-content\/uploads\/imager.php_.jpg\",\"contentUrl\":\"https:\/\/discover-culture.com\/wp-content\/uploads\/imager.php_.jpg\",\"width\":645,\"height\":273,\"caption\":\"imager.php\"},{\"@type\":\"BreadcrumbList\",\"@id\":\"https:\/\/discover-culture.com\/partner\/bank-austria-kunstforum-wien\/touren\/kay-walkowiak-eternal-now\/#breadcrumb\",\"itemListElement\":[{\"@type\":\"ListItem\",\"position\":1,\"name\":\"Home\",\"item\":\"https:\/\/discover-culture.com\/\"},{\"@type\":\"ListItem\",\"position\":2,\"name\":\"Produkte\",\"item\":\"https:\/\/discover-culture.com\/de\/shop\/\"},{\"@type\":\"ListItem\",\"position\":3,\"name\":\"Kay Walkowiak: Eternal Now\"}]},{\"@type\":\"WebSite\",\"@id\":\"https:\/\/discover-culture.com\/de\/#website\",\"url\":\"https:\/\/discover-culture.com\/de\/\",\"name\":\"Discover-Culture\",\"description\":\"\",\"potentialAction\":[{\"@type\":\"SearchAction\",\"target\":{\"@type\":\"EntryPoint\",\"urlTemplate\":\"https:\/\/discover-culture.com\/de\/?s={search_term_string}\"},\"query-input\":{\"@type\":\"PropertyValueSpecification\",\"valueRequired\":true,\"valueName\":\"search_term_string\"}}],\"inLanguage\":\"de\"}]}<\/script>\n<!-- \/ Yoast SEO Premium plugin. -->","yoast_head_json":{"title":"Kay Walkowiak: Eternal Now - Discover-Culture","description":"Finden Sie hier alle Informationen zum Produkt Kay Walkowiak: Eternal Now und betreten Sie die neue Welt von Kunst und Kultur!","robots":{"index":"index","follow":"follow","max-snippet":"max-snippet:-1","max-image-preview":"max-image-preview:large","max-video-preview":"max-video-preview:-1"},"canonical":"https:\/\/discover-culture.com\/de\/partner\/bank-austria-kunstforum-wien\/touren\/kay-walkowiak-eternal-now\/","og_locale":"de_DE","og_type":"article","og_title":"Kay Walkowiak: Eternal Now","og_description":"Finden Sie hier alle Informationen zum Produkt Kay Walkowiak: Eternal Now und betreten Sie die neue Welt von Kunst und Kultur!","og_url":"https:\/\/discover-culture.com\/de\/partner\/bank-austria-kunstforum-wien\/touren\/kay-walkowiak-eternal-now\/","og_site_name":"Discover-Culture","article_modified_time":"2023-04-14T08:43:55+00:00","og_image":[{"width":645,"height":273,"url":"https:\/\/discover-culture.com\/wp-content\/uploads\/imager.php_.jpg","type":"image\/jpeg"}],"twitter_card":"summary_large_image","schema":{"@context":"https:\/\/schema.org","@graph":[{"@type":"WebPage","@id":"https:\/\/discover-culture.com\/partner\/bank-austria-kunstforum-wien\/touren\/kay-walkowiak-eternal-now\/","url":"https:\/\/discover-culture.com\/partner\/bank-austria-kunstforum-wien\/touren\/kay-walkowiak-eternal-now\/","name":"Kay Walkowiak: Eternal Now - Discover-Culture","isPartOf":{"@id":"https:\/\/discover-culture.com\/de\/#website"},"primaryImageOfPage":{"@id":"https:\/\/discover-culture.com\/partner\/bank-austria-kunstforum-wien\/touren\/kay-walkowiak-eternal-now\/#primaryimage"},"image":{"@id":"https:\/\/discover-culture.com\/partner\/bank-austria-kunstforum-wien\/touren\/kay-walkowiak-eternal-now\/#primaryimage"},"thumbnailUrl":"https:\/\/discover-culture.com\/wp-content\/uploads\/imager.php_.jpg","datePublished":"2023-01-24T12:31:36+00:00","dateModified":"2023-04-14T08:43:55+00:00","description":"Finden Sie hier alle Informationen zum Produkt Kay Walkowiak: Eternal Now und betreten Sie die neue Welt von Kunst und Kultur!","breadcrumb":{"@id":"https:\/\/discover-culture.com\/partner\/bank-austria-kunstforum-wien\/touren\/kay-walkowiak-eternal-now\/#breadcrumb"},"inLanguage":"de","potentialAction":[{"@type":"ReadAction","target":["https:\/\/discover-culture.com\/partner\/bank-austria-kunstforum-wien\/touren\/kay-walkowiak-eternal-now\/"]}]},{"@type":"ImageObject","inLanguage":"de","@id":"https:\/\/discover-culture.com\/partner\/bank-austria-kunstforum-wien\/touren\/kay-walkowiak-eternal-now\/#primaryimage","url":"https:\/\/discover-culture.com\/wp-content\/uploads\/imager.php_.jpg","contentUrl":"https:\/\/discover-culture.com\/wp-content\/uploads\/imager.php_.jpg","width":645,"height":273,"caption":"imager.php"},{"@type":"BreadcrumbList","@id":"https:\/\/discover-culture.com\/partner\/bank-austria-kunstforum-wien\/touren\/kay-walkowiak-eternal-now\/#breadcrumb","itemListElement":[{"@type":"ListItem","position":1,"name":"Home","item":"https:\/\/discover-culture.com\/"},{"@type":"ListItem","position":2,"name":"Produkte","item":"https:\/\/discover-culture.com\/de\/shop\/"},{"@type":"ListItem","position":3,"name":"Kay Walkowiak: Eternal Now"}]},{"@type":"WebSite","@id":"https:\/\/discover-culture.com\/de\/#website","url":"https:\/\/discover-culture.com\/de\/","name":"Discover-Culture","description":"","potentialAction":[{"@type":"SearchAction","target":{"@type":"EntryPoint","urlTemplate":"https:\/\/discover-culture.com\/de\/?s={search_term_string}"},"query-input":{"@type":"PropertyValueSpecification","valueRequired":true,"valueName":"search_term_string"}}],"inLanguage":"de"}]}},"_links":{"self":[{"href":"https:\/\/discover-culture.com\/de\/wp-json\/wp\/v2\/product\/6665","targetHints":{"allow":["GET"]}}],"collection":[{"href":"https:\/\/discover-culture.com\/de\/wp-json\/wp\/v2\/product"}],"about":[{"href":"https:\/\/discover-culture.com\/de\/wp-json\/wp\/v2\/types\/product"}],"wp:featuredmedia":[{"embeddable":true,"href":"https:\/\/discover-culture.com\/de\/wp-json\/wp\/v2\/media\/6667"}],"wp:attachment":[{"href":"https:\/\/discover-culture.com\/de\/wp-json\/wp\/v2\/media?parent=6665"}],"wp:term":[{"taxonomy":"product_brand","embeddable":true,"href":"https:\/\/discover-culture.com\/de\/wp-json\/wp\/v2\/product_brand?post=6665"},{"taxonomy":"product_cat","embeddable":true,"href":"https:\/\/discover-culture.com\/de\/wp-json\/wp\/v2\/product_cat?post=6665"},{"taxonomy":"product_tag","embeddable":true,"href":"https:\/\/discover-culture.com\/de\/wp-json\/wp\/v2\/product_tag?post=6665"}],"curies":[{"name":"wp","href":"https:\/\/api.w.org\/{rel}","templated":true}]}}