{"id":6603,"date":"2022-11-30T14:30:06","date_gmt":"2022-11-30T12:30:06","guid":{"rendered":"https:\/\/discover-culture.com\/partner\/\/touren\/"},"modified":"2023-05-02T10:23:37","modified_gmt":"2023-05-02T08:23:37","slug":"schloss-trautenfels","status":"publish","type":"product","link":"https:\/\/discover-culture.com\/partner\/schloss-trautenfels\/touren\/schloss-trautenfels","title":{"rendered":"Schloss Trautenfels"},"content":{"rendered":"<section id='lightpress__section--block_290c7844749e2fec76bd181a0e4b4e0f' class='lightpress__section lightpress__section--content'><div class=\"content__grid content__grid\">\n    <div class=\"content__box content__box--one-hundred\">\n                                                        <h3>Landschaftsmuseum Schloss Trautenfels<\/h3>\n<p>Die Natur- und Kulturgeschichte des steirischen Ennstales, des Paltentales und des Ausseerlandes steht im Mittelpunkt der Dauerausstellung in Schloss Trautenfels.<\/p>\n<h5>Titelbild: \u00a9 UMJ\/Christoph Huber<\/h5>\n\n                                        <\/div>\n    <\/div><\/section>\n\n<section id='lightpress__section--block_4818f179ae1644ae8c33e0b452a34774' class='lightpress__section lightpress__section--content'><div class=\"content__grid content__grid\">\n    <div class=\"content__box content__box\">\n                                                    <img decoding=\"async\" class=\"content__image\" src=\"https:\/\/discover-culture.com\/wp-content\/uploads\/033_TR-Kat-Groaer-Lichthof-FotoE.-Reichenfelser.jpg\" alt=\"033 TR Kat Groaer Lichthof FotoE. Reichenfelser\" loading=\"lazy\">\n                                        <\/div>\n            <div class=\"content__box content__box--one-third content__box--text-center\">\n                                                                        <p>Starte Deinen virtuellen Rundgang durch das Landschaftsmuseum Schloss Trautenfels ausgehend vom beeindruckenden Lichthof inmitten des Schlosses. <\/p>\n<p>Sowohl der Bereich der traditionellen Handarbeiten, als in der Folge auch der beeindruckende historische Freskenraum k\u00f6nnen in diesem Stockwerk n\u00e4her betrachtet werden.<\/p>\n<h5>Foto: \u00a9 UMJ\/Ernst Reichenfelser<\/h5>\n\n                                                        <\/div>\n    <\/div><\/section>\n\n<section id='lightpress__section--block_54b918aa70ad20cfb487d8711f5ee98b' class='lightpress__section lightpress__section--content-with-gallery'><h2 class=\"cwg__headline\"><\/h2>\n<div id='lightpress__section--block_69d248b4ec26e' class='cwg__content lightpress__section--content'><div class=\"content__grid content__grid\">\n    <div class=\"content__box content__box--one-hundred\">\n                                                        <p>Im ersten Stockwerk pr\u00e4sentiert die digitale Ausstellung in einer st\u00e4ndigen Schausammlung rund 1000 Exponate in kalaidoskopartig angeordneten R\u00e4umen zur Natur- und Kulturgeschichte sowohl des Ennstales als auch des Ausseerlandes.<\/p>\n\n                                        <\/div>\n    <\/div><\/div>\n\n<div class=\"cwg__gallery cwg__gallery--3\">\n                    <picture class=\"cwg__image\">\n            <source srcset=\"https:\/\/discover-culture.com\/wp-content\/uploads\/Gloeckler.webp\" type=\"image\/webp\">\n            <source srcset=\"https:\/\/discover-culture.com\/wp-content\/uploads\/Gloeckler.jpg\" type=\"image\/jpeg\">\n            <img decoding=\"async\" loading=\"lazy\" src=\"https:\/\/discover-culture.com\/wp-content\/uploads\/Gloeckler.jpg\" alt=\"Gloeckler\">\n        <\/picture>\n                    <picture class=\"cwg__image\">\n            <source srcset=\"https:\/\/discover-culture.com\/wp-content\/uploads\/Schloss-Trautenfels-mit-Grimming-Foto-Chr.-Huber-01.webp\" type=\"image\/webp\">\n            <source srcset=\"https:\/\/discover-culture.com\/wp-content\/uploads\/Schloss-Trautenfels-mit-Grimming-Foto-Chr.-Huber-01.jpg\" type=\"image\/jpeg\">\n            <img decoding=\"async\" loading=\"lazy\" src=\"https:\/\/discover-culture.com\/wp-content\/uploads\/Schloss-Trautenfels-mit-Grimming-Foto-Chr.-Huber-01.jpg\" alt=\"Schloss Trautenfels mit Grimming Foto Chr. Huber 01\">\n        <\/picture>\n                    <picture class=\"cwg__image\">\n            <source srcset=\"https:\/\/discover-culture.com\/wp-content\/uploads\/Heutragen.webp\" type=\"image\/webp\">\n            <source srcset=\"https:\/\/discover-culture.com\/wp-content\/uploads\/Heutragen.jpg\" type=\"image\/jpeg\">\n            <img decoding=\"async\" loading=\"lazy\" src=\"https:\/\/discover-culture.com\/wp-content\/uploads\/Heutragen.jpg\" alt=\"Heutragen\">\n        <\/picture>\n    <\/div><\/section>\n\n<section id='lightpress__section--block_6dcf173c6bf1f2d7159366037818c107' class='lightpress__section lightpress__section--content'><div class=\"content__grid content__grid\">\n    <div class=\"content__box content__box--one-hundred\">\n                                                        <p>In den Zielen und Visionen versteht sich Schloss Trautenfels als vielschichtiger Kunst- und Kulturstandort mit internationaler Ausstrahlung, der zur St\u00e4rkung des regionalen Gedankens in einer Heimat mit Zukunft beitr\u00e4gt. Die Weiterentwicklung des Standortes k\u00f6nnte in Pilotprojekten mit europ\u00e4ischem Beispielcharakter erfolgen, um sich mit seiner unverwechselbaren Marke und dem authentischen Konzept als \u201eZentrum au\u00dferhalb des Zentrums\u201c zur St\u00e4rkung des l\u00e4ndlichen Raumes weiter positionieren.<\/p>\n<p>Bei einem Besuch vor Ort laden auch die spannenden, im Jahresrhythmus\u00a0 wechselnden Sonderausstellungen im zweiten Stockwerk des Schlosses zum informieren und Verweilen ein.<\/p>\n<p><a class=\"lcyd__button lcyd__button--animate lcyd__button--arrow lcyd__button--animate\" href=\"https:\/\/www.museum-joanneum.at\/schloss-trautenfels\/ueber-uns\" target=\"_blank\" rel=\"noopener\">Mehr Informationen<\/a><\/p>\n\n                                        <\/div>\n    <\/div><\/section>","protected":false},"excerpt":{"rendered":"","protected":false},"featured_media":6644,"template":"","meta":{"_acf_changed":false,"_relevanssi_hide_post":"","_relevanssi_hide_content":"","_relevanssi_pin_for_all":"","_relevanssi_pin_keywords":"","_relevanssi_unpin_keywords":"","_relevanssi_related_keywords":"","_relevanssi_related_include_ids":"","_relevanssi_related_exclude_ids":"","_relevanssi_related_no_append":"","_relevanssi_related_not_related":"","_relevanssi_related_posts":"3844,3848,3841,3845,3849","_relevanssi_noindex_reason":""},"product_brand":[],"product_cat":[16],"product_tag":[],"class_list":["product-available","product","first","instock","virtual","sold-individually","taxable","purchasable","product-type-simple"],"bundled_by":[],"bundle_stock_status":"instock","bundle_stock_quantity":null,"bundle_virtual":false,"bundle_layout":"","bundle_add_to_cart_form_location":"","bundle_editable_in_cart":false,"bundle_sold_individually_context":"","bundle_item_grouping":"","bundle_min_size":"","bundle_max_size":"","bundle_price":[],"bundled_items":[],"bundle_sell_ids":[],"acf":[],"yoast_head":"<!-- This site is optimized with the Yoast SEO Premium plugin v25.7.1 (Yoast SEO v26.8) - https:\/\/yoast.com\/product\/yoast-seo-premium-wordpress\/ -->\n<title>Schloss Trautenfels - Discover-Culture<\/title>\n<meta name=\"description\" content=\"Finden Sie hier alle Informationen zum Produkt Schloss Trautenfels und betreten Sie die neue Welt von Kunst und Kultur!\" \/>\n<meta name=\"robots\" content=\"index, follow, max-snippet:-1, max-image-preview:large, max-video-preview:-1\" \/>\n<link rel=\"canonical\" href=\"https:\/\/discover-culture.com\/de\/partner\/schloss-trautenfels\/touren\/schloss-trautenfels\/\" \/>\n<meta property=\"og:locale\" content=\"de_DE\" \/>\n<meta property=\"og:type\" content=\"article\" \/>\n<meta property=\"og:title\" content=\"Schloss Trautenfels\" \/>\n<meta property=\"og:description\" content=\"Finden Sie hier alle Informationen zum Produkt Schloss Trautenfels und betreten Sie die neue Welt von Kunst und Kultur!\" \/>\n<meta property=\"og:url\" content=\"https:\/\/discover-culture.com\/de\/partner\/schloss-trautenfels\/touren\/schloss-trautenfels\/\" \/>\n<meta property=\"og:site_name\" content=\"Discover-Culture\" \/>\n<meta property=\"article:modified_time\" content=\"2023-05-02T08:23:37+00:00\" \/>\n<meta property=\"og:image\" content=\"https:\/\/discover-culture.com\/wp-content\/uploads\/057_TR-Kat-Schloss-Trautenfels-Luftaufnahme-Foto-Chr.-Huber-1-1024x684.jpg\" \/>\n\t<meta property=\"og:image:width\" content=\"1024\" \/>\n\t<meta property=\"og:image:height\" content=\"684\" \/>\n\t<meta property=\"og:image:type\" content=\"image\/jpeg\" \/>\n<meta name=\"twitter:card\" content=\"summary_large_image\" \/>\n<script type=\"application\/ld+json\" class=\"yoast-schema-graph\">{\"@context\":\"https:\/\/schema.org\",\"@graph\":[{\"@type\":\"WebPage\",\"@id\":\"https:\/\/discover-culture.com\/partner\/schloss-trautenfels\/touren\/schloss-trautenfels\/\",\"url\":\"https:\/\/discover-culture.com\/partner\/schloss-trautenfels\/touren\/schloss-trautenfels\/\",\"name\":\"Schloss Trautenfels - Discover-Culture\",\"isPartOf\":{\"@id\":\"https:\/\/discover-culture.com\/de\/#website\"},\"primaryImageOfPage\":{\"@id\":\"https:\/\/discover-culture.com\/partner\/schloss-trautenfels\/touren\/schloss-trautenfels\/#primaryimage\"},\"image\":{\"@id\":\"https:\/\/discover-culture.com\/partner\/schloss-trautenfels\/touren\/schloss-trautenfels\/#primaryimage\"},\"thumbnailUrl\":\"https:\/\/discover-culture.com\/wp-content\/uploads\/057_TR-Kat-Schloss-Trautenfels-Luftaufnahme-Foto-Chr.-Huber-1.jpg\",\"datePublished\":\"2022-11-30T12:30:06+00:00\",\"dateModified\":\"2023-05-02T08:23:37+00:00\",\"description\":\"Finden Sie hier alle Informationen zum Produkt Schloss Trautenfels und betreten Sie die neue Welt von Kunst und Kultur!\",\"breadcrumb\":{\"@id\":\"https:\/\/discover-culture.com\/partner\/schloss-trautenfels\/touren\/schloss-trautenfels\/#breadcrumb\"},\"inLanguage\":\"de\",\"potentialAction\":[{\"@type\":\"ReadAction\",\"target\":[\"https:\/\/discover-culture.com\/partner\/schloss-trautenfels\/touren\/schloss-trautenfels\/\"]}]},{\"@type\":\"ImageObject\",\"inLanguage\":\"de\",\"@id\":\"https:\/\/discover-culture.com\/partner\/schloss-trautenfels\/touren\/schloss-trautenfels\/#primaryimage\",\"url\":\"https:\/\/discover-culture.com\/wp-content\/uploads\/057_TR-Kat-Schloss-Trautenfels-Luftaufnahme-Foto-Chr.-Huber-1.jpg\",\"contentUrl\":\"https:\/\/discover-culture.com\/wp-content\/uploads\/057_TR-Kat-Schloss-Trautenfels-Luftaufnahme-Foto-Chr.-Huber-1.jpg\",\"width\":2000,\"height\":1335,\"caption\":\"057 TR Kat Schloss Trautenfels Luftaufnahme Foto Chr. Huber 1\"},{\"@type\":\"BreadcrumbList\",\"@id\":\"https:\/\/discover-culture.com\/partner\/schloss-trautenfels\/touren\/schloss-trautenfels\/#breadcrumb\",\"itemListElement\":[{\"@type\":\"ListItem\",\"position\":1,\"name\":\"Home\",\"item\":\"https:\/\/discover-culture.com\/\"},{\"@type\":\"ListItem\",\"position\":2,\"name\":\"Produkte\",\"item\":\"https:\/\/discover-culture.com\/de\/shop\/\"},{\"@type\":\"ListItem\",\"position\":3,\"name\":\"Schloss Trautenfels\"}]},{\"@type\":\"WebSite\",\"@id\":\"https:\/\/discover-culture.com\/de\/#website\",\"url\":\"https:\/\/discover-culture.com\/de\/\",\"name\":\"Discover-Culture\",\"description\":\"\",\"potentialAction\":[{\"@type\":\"SearchAction\",\"target\":{\"@type\":\"EntryPoint\",\"urlTemplate\":\"https:\/\/discover-culture.com\/de\/?s={search_term_string}\"},\"query-input\":{\"@type\":\"PropertyValueSpecification\",\"valueRequired\":true,\"valueName\":\"search_term_string\"}}],\"inLanguage\":\"de\"}]}<\/script>\n<!-- \/ Yoast SEO Premium plugin. -->","yoast_head_json":{"title":"Schloss Trautenfels - Discover-Culture","description":"Finden Sie hier alle Informationen zum Produkt Schloss Trautenfels und betreten Sie die neue Welt von Kunst und Kultur!","robots":{"index":"index","follow":"follow","max-snippet":"max-snippet:-1","max-image-preview":"max-image-preview:large","max-video-preview":"max-video-preview:-1"},"canonical":"https:\/\/discover-culture.com\/de\/partner\/schloss-trautenfels\/touren\/schloss-trautenfels\/","og_locale":"de_DE","og_type":"article","og_title":"Schloss Trautenfels","og_description":"Finden Sie hier alle Informationen zum Produkt Schloss Trautenfels und betreten Sie die neue Welt von Kunst und Kultur!","og_url":"https:\/\/discover-culture.com\/de\/partner\/schloss-trautenfels\/touren\/schloss-trautenfels\/","og_site_name":"Discover-Culture","article_modified_time":"2023-05-02T08:23:37+00:00","og_image":[{"width":1024,"height":684,"url":"https:\/\/discover-culture.com\/wp-content\/uploads\/057_TR-Kat-Schloss-Trautenfels-Luftaufnahme-Foto-Chr.-Huber-1-1024x684.jpg","type":"image\/jpeg"}],"twitter_card":"summary_large_image","schema":{"@context":"https:\/\/schema.org","@graph":[{"@type":"WebPage","@id":"https:\/\/discover-culture.com\/partner\/schloss-trautenfels\/touren\/schloss-trautenfels\/","url":"https:\/\/discover-culture.com\/partner\/schloss-trautenfels\/touren\/schloss-trautenfels\/","name":"Schloss Trautenfels - Discover-Culture","isPartOf":{"@id":"https:\/\/discover-culture.com\/de\/#website"},"primaryImageOfPage":{"@id":"https:\/\/discover-culture.com\/partner\/schloss-trautenfels\/touren\/schloss-trautenfels\/#primaryimage"},"image":{"@id":"https:\/\/discover-culture.com\/partner\/schloss-trautenfels\/touren\/schloss-trautenfels\/#primaryimage"},"thumbnailUrl":"https:\/\/discover-culture.com\/wp-content\/uploads\/057_TR-Kat-Schloss-Trautenfels-Luftaufnahme-Foto-Chr.-Huber-1.jpg","datePublished":"2022-11-30T12:30:06+00:00","dateModified":"2023-05-02T08:23:37+00:00","description":"Finden Sie hier alle Informationen zum Produkt Schloss Trautenfels und betreten Sie die neue Welt von Kunst und Kultur!","breadcrumb":{"@id":"https:\/\/discover-culture.com\/partner\/schloss-trautenfels\/touren\/schloss-trautenfels\/#breadcrumb"},"inLanguage":"de","potentialAction":[{"@type":"ReadAction","target":["https:\/\/discover-culture.com\/partner\/schloss-trautenfels\/touren\/schloss-trautenfels\/"]}]},{"@type":"ImageObject","inLanguage":"de","@id":"https:\/\/discover-culture.com\/partner\/schloss-trautenfels\/touren\/schloss-trautenfels\/#primaryimage","url":"https:\/\/discover-culture.com\/wp-content\/uploads\/057_TR-Kat-Schloss-Trautenfels-Luftaufnahme-Foto-Chr.-Huber-1.jpg","contentUrl":"https:\/\/discover-culture.com\/wp-content\/uploads\/057_TR-Kat-Schloss-Trautenfels-Luftaufnahme-Foto-Chr.-Huber-1.jpg","width":2000,"height":1335,"caption":"057 TR Kat Schloss Trautenfels Luftaufnahme Foto Chr. Huber 1"},{"@type":"BreadcrumbList","@id":"https:\/\/discover-culture.com\/partner\/schloss-trautenfels\/touren\/schloss-trautenfels\/#breadcrumb","itemListElement":[{"@type":"ListItem","position":1,"name":"Home","item":"https:\/\/discover-culture.com\/"},{"@type":"ListItem","position":2,"name":"Produkte","item":"https:\/\/discover-culture.com\/de\/shop\/"},{"@type":"ListItem","position":3,"name":"Schloss Trautenfels"}]},{"@type":"WebSite","@id":"https:\/\/discover-culture.com\/de\/#website","url":"https:\/\/discover-culture.com\/de\/","name":"Discover-Culture","description":"","potentialAction":[{"@type":"SearchAction","target":{"@type":"EntryPoint","urlTemplate":"https:\/\/discover-culture.com\/de\/?s={search_term_string}"},"query-input":{"@type":"PropertyValueSpecification","valueRequired":true,"valueName":"search_term_string"}}],"inLanguage":"de"}]}},"_links":{"self":[{"href":"https:\/\/discover-culture.com\/de\/wp-json\/wp\/v2\/product\/6603","targetHints":{"allow":["GET"]}}],"collection":[{"href":"https:\/\/discover-culture.com\/de\/wp-json\/wp\/v2\/product"}],"about":[{"href":"https:\/\/discover-culture.com\/de\/wp-json\/wp\/v2\/types\/product"}],"wp:featuredmedia":[{"embeddable":true,"href":"https:\/\/discover-culture.com\/de\/wp-json\/wp\/v2\/media\/6644"}],"wp:attachment":[{"href":"https:\/\/discover-culture.com\/de\/wp-json\/wp\/v2\/media?parent=6603"}],"wp:term":[{"taxonomy":"product_brand","embeddable":true,"href":"https:\/\/discover-culture.com\/de\/wp-json\/wp\/v2\/product_brand?post=6603"},{"taxonomy":"product_cat","embeddable":true,"href":"https:\/\/discover-culture.com\/de\/wp-json\/wp\/v2\/product_cat?post=6603"},{"taxonomy":"product_tag","embeddable":true,"href":"https:\/\/discover-culture.com\/de\/wp-json\/wp\/v2\/product_tag?post=6603"}],"curies":[{"name":"wp","href":"https:\/\/api.w.org\/{rel}","templated":true}]}}