{"id":660,"date":"2021-06-24T09:54:58","date_gmt":"2021-06-24T07:54:58","guid":{"rendered":"https:\/\/discover-culture.com\/partner\/\/touren\/"},"modified":"2024-05-07T08:52:26","modified_gmt":"2024-05-07T06:52:26","slug":"stein-und-baugeschichten-teil-1","status":"publish","type":"product","link":"https:\/\/discover-culture.com\/partner\/benediktinerstift-admont\/touren\/stein-und-baugeschichten-teil-1","title":{"rendered":"Stein- und Baugeschichten, Teil 1"},"content":{"rendered":"<section id='lightpress__section--block_580bada87d48085645c41a89e85b541c' class='lightpress__section lightpress__section--content-with-gallery'><h2 class=\"cwg__headline\">Grundfesten des Stiftes Admont erforschen<\/h2>\n<div id='lightpress__section--block_69ded425916f3' class='cwg__content lightpress__section--content'><div class=\"content__grid content__grid\">\n    <div class=\"content__box content__box--one-hundred\">\n                                                        <p>Das Kloster im Stift Admont blickt auf eine \u00fcber neunhundertj\u00e4hrige wechselvolle Geschichte zur\u00fcck die in der Architektur mit unterschiedlichen Stilrichtungen dokumentiert ist. Wolfgang Riedl erz\u00e4hlt exklusiv \u00fcber die spannende Historie der Stein-und Baugeschichte.<\/p>\n\n                                        <\/div>\n    <\/div><\/div>\n\n<div class=\"cwg__gallery cwg__gallery--2\">\n                    <picture class=\"cwg__image\">\n            <source srcset=\"https:\/\/discover-culture.com\/wp-content\/uploads\/Stiftskirche_Admont-1.webp\" type=\"image\/webp\">\n            <source srcset=\"https:\/\/discover-culture.com\/wp-content\/uploads\/Stiftskirche_Admont-1.jpg\" type=\"image\/jpeg\">\n            <img decoding=\"async\" loading=\"lazy\" src=\"https:\/\/discover-culture.com\/wp-content\/uploads\/Stiftskirche_Admont-1.jpg\" alt=\"Stiftskirche Admont 1\">\n        <\/picture>\n                    <picture class=\"cwg__image\">\n            <source srcset=\"https:\/\/discover-culture.com\/wp-content\/uploads\/Stiftskirche-1.webp\" type=\"image\/webp\">\n            <source srcset=\"https:\/\/discover-culture.com\/wp-content\/uploads\/Stiftskirche-1.jpg\" type=\"image\/jpeg\">\n            <img decoding=\"async\" loading=\"lazy\" src=\"https:\/\/discover-culture.com\/wp-content\/uploads\/Stiftskirche-1.jpg\" alt=\"Stiftskirche 1\">\n        <\/picture>\n    <\/div><\/section>\n\n<section id='lightpress__section--block_8a53bc3ce42ee926cbdc05912a441062' class='lightpress__section lightpress__section--content'><div class=\"content__grid content__grid--fifty-fifty\">\n    <div class=\"content__box content__box\">\n                                                        <p>Bis heute legt das Stift Admont gro\u00dfes Augenmerk auf hochwertige Baumaterialien bei Umgestaltung, Erneuerung und Ausstattung.<\/p>\n<p>Tauchen Sie ein in die Wunderwelt der Steine. Wolfgang Riedl gibt exklusive Einblicke in die spannende Geschichte der Steine.<\/p>\n\n                                        <\/div>\n            <div class=\"content__box content__box\">\n                                                                    <img decoding=\"async\" class=\"content__image\" src=\"https:\/\/discover-culture.com\/wp-content\/uploads\/17F_3732-scaled-2.jpg\" alt=\"17F 3732 scaled 2\" loading=\"lazy\">\n                                                        <\/div>\n    <\/div><\/section>","protected":false},"excerpt":{"rendered":"<p>Gewinnen Sie Einblicke in die Baugeschichte des Stiftes Admont bis hin zur Erdgeschichte der Materialien.<\/p>\n","protected":false},"featured_media":667,"template":"","meta":{"_acf_changed":false,"_relevanssi_hide_post":"","_relevanssi_hide_content":"","_relevanssi_pin_for_all":"","_relevanssi_pin_keywords":"","_relevanssi_unpin_keywords":"","_relevanssi_related_keywords":"","_relevanssi_related_include_ids":"","_relevanssi_related_exclude_ids":"","_relevanssi_related_no_append":"","_relevanssi_related_not_related":"","_relevanssi_related_posts":"3845,3844,3849,3841,3848","_relevanssi_noindex_reason":""},"product_brand":[],"product_cat":[21],"product_tag":[],"class_list":["product-available","product","first","instock","virtual","sold-individually","taxable","purchasable","product-type-simple"],"bundled_by":[],"bundle_stock_status":"instock","bundle_stock_quantity":null,"bundle_virtual":false,"bundle_layout":"","bundle_add_to_cart_form_location":"","bundle_editable_in_cart":false,"bundle_sold_individually_context":"","bundle_item_grouping":"","bundle_min_size":"","bundle_max_size":"","bundle_price":[],"bundled_items":[],"bundle_sell_ids":[],"acf":[],"yoast_head":"<!-- This site is optimized with the Yoast SEO Premium plugin v25.7.1 (Yoast SEO v26.8) - https:\/\/yoast.com\/product\/yoast-seo-premium-wordpress\/ -->\n<title>Stein- und Baugeschichten, Teil 1 - Discover-Culture<\/title>\n<meta name=\"description\" content=\"Finden Sie hier alle Informationen zum Produkt Stein- und Baugeschichten, Teil 1 und betreten Sie die neue Welt von Kunst und Kultur!\" \/>\n<meta name=\"robots\" content=\"index, follow, max-snippet:-1, max-image-preview:large, max-video-preview:-1\" \/>\n<link rel=\"canonical\" href=\"https:\/\/discover-culture.com\/de\/partner\/benediktinerstift-admont\/touren\/stein-und-baugeschichten-teil-1\/\" \/>\n<meta property=\"og:locale\" content=\"de_DE\" \/>\n<meta property=\"og:type\" content=\"article\" \/>\n<meta property=\"og:title\" content=\"Stein- und Baugeschichten, Teil 1\" \/>\n<meta property=\"og:description\" content=\"Finden Sie hier alle Informationen zum Produkt Stein- und Baugeschichten, Teil 1 und betreten Sie die neue Welt von Kunst und Kultur!\" \/>\n<meta property=\"og:url\" content=\"https:\/\/discover-culture.com\/de\/partner\/benediktinerstift-admont\/touren\/stein-und-baugeschichten-teil-1\/\" \/>\n<meta property=\"og:site_name\" content=\"Discover-Culture\" \/>\n<meta property=\"article:modified_time\" content=\"2024-05-07T06:52:26+00:00\" \/>\n<meta property=\"og:image\" content=\"https:\/\/discover-culture.com\/wp-content\/uploads\/17F_3308-scaled-1620x1080-1.jpg\" \/>\n\t<meta property=\"og:image:width\" content=\"1620\" \/>\n\t<meta property=\"og:image:height\" content=\"1080\" \/>\n\t<meta property=\"og:image:type\" content=\"image\/jpeg\" \/>\n<meta name=\"twitter:card\" content=\"summary_large_image\" \/>\n<meta name=\"twitter:label1\" content=\"Gesch\u00e4tzte Lesezeit\" \/>\n\t<meta name=\"twitter:data1\" content=\"1\u00a0Minute\" \/>\n<script type=\"application\/ld+json\" class=\"yoast-schema-graph\">{\"@context\":\"https:\/\/schema.org\",\"@graph\":[{\"@type\":\"WebPage\",\"@id\":\"https:\/\/discover-culture.com\/partner\/benediktinerstift-admont\/touren\/stein-und-baugeschichten-teil-1\/\",\"url\":\"https:\/\/discover-culture.com\/partner\/benediktinerstift-admont\/touren\/stein-und-baugeschichten-teil-1\/\",\"name\":\"Stein- und Baugeschichten, Teil 1 - Discover-Culture\",\"isPartOf\":{\"@id\":\"https:\/\/discover-culture.com\/de\/#website\"},\"primaryImageOfPage\":{\"@id\":\"https:\/\/discover-culture.com\/partner\/benediktinerstift-admont\/touren\/stein-und-baugeschichten-teil-1\/#primaryimage\"},\"image\":{\"@id\":\"https:\/\/discover-culture.com\/partner\/benediktinerstift-admont\/touren\/stein-und-baugeschichten-teil-1\/#primaryimage\"},\"thumbnailUrl\":\"https:\/\/discover-culture.com\/wp-content\/uploads\/17F_3308-scaled-1620x1080-1.jpg\",\"datePublished\":\"2021-06-24T07:54:58+00:00\",\"dateModified\":\"2024-05-07T06:52:26+00:00\",\"description\":\"Finden Sie hier alle Informationen zum Produkt Stein- und Baugeschichten, Teil 1 und betreten Sie die neue Welt von Kunst und Kultur!\",\"breadcrumb\":{\"@id\":\"https:\/\/discover-culture.com\/partner\/benediktinerstift-admont\/touren\/stein-und-baugeschichten-teil-1\/#breadcrumb\"},\"inLanguage\":\"de\",\"potentialAction\":[{\"@type\":\"ReadAction\",\"target\":[\"https:\/\/discover-culture.com\/partner\/benediktinerstift-admont\/touren\/stein-und-baugeschichten-teil-1\/\"]}]},{\"@type\":\"ImageObject\",\"inLanguage\":\"de\",\"@id\":\"https:\/\/discover-culture.com\/partner\/benediktinerstift-admont\/touren\/stein-und-baugeschichten-teil-1\/#primaryimage\",\"url\":\"https:\/\/discover-culture.com\/wp-content\/uploads\/17F_3308-scaled-1620x1080-1.jpg\",\"contentUrl\":\"https:\/\/discover-culture.com\/wp-content\/uploads\/17F_3308-scaled-1620x1080-1.jpg\",\"width\":1620,\"height\":1080,\"caption\":\"17F 3308 scaled 1620x1080 1\"},{\"@type\":\"BreadcrumbList\",\"@id\":\"https:\/\/discover-culture.com\/partner\/benediktinerstift-admont\/touren\/stein-und-baugeschichten-teil-1\/#breadcrumb\",\"itemListElement\":[{\"@type\":\"ListItem\",\"position\":1,\"name\":\"Home\",\"item\":\"https:\/\/discover-culture.com\/\"},{\"@type\":\"ListItem\",\"position\":2,\"name\":\"Produkte\",\"item\":\"https:\/\/discover-culture.com\/de\/shop\/\"},{\"@type\":\"ListItem\",\"position\":3,\"name\":\"Stein- und Baugeschichten, Teil 1\"}]},{\"@type\":\"WebSite\",\"@id\":\"https:\/\/discover-culture.com\/de\/#website\",\"url\":\"https:\/\/discover-culture.com\/de\/\",\"name\":\"Discover-Culture\",\"description\":\"\",\"potentialAction\":[{\"@type\":\"SearchAction\",\"target\":{\"@type\":\"EntryPoint\",\"urlTemplate\":\"https:\/\/discover-culture.com\/de\/?s={search_term_string}\"},\"query-input\":{\"@type\":\"PropertyValueSpecification\",\"valueRequired\":true,\"valueName\":\"search_term_string\"}}],\"inLanguage\":\"de\"}]}<\/script>\n<!-- \/ Yoast SEO Premium plugin. -->","yoast_head_json":{"title":"Stein- und Baugeschichten, Teil 1 - Discover-Culture","description":"Finden Sie hier alle Informationen zum Produkt Stein- und Baugeschichten, Teil 1 und betreten Sie die neue Welt von Kunst und Kultur!","robots":{"index":"index","follow":"follow","max-snippet":"max-snippet:-1","max-image-preview":"max-image-preview:large","max-video-preview":"max-video-preview:-1"},"canonical":"https:\/\/discover-culture.com\/de\/partner\/benediktinerstift-admont\/touren\/stein-und-baugeschichten-teil-1\/","og_locale":"de_DE","og_type":"article","og_title":"Stein- und Baugeschichten, Teil 1","og_description":"Finden Sie hier alle Informationen zum Produkt Stein- und Baugeschichten, Teil 1 und betreten Sie die neue Welt von Kunst und Kultur!","og_url":"https:\/\/discover-culture.com\/de\/partner\/benediktinerstift-admont\/touren\/stein-und-baugeschichten-teil-1\/","og_site_name":"Discover-Culture","article_modified_time":"2024-05-07T06:52:26+00:00","og_image":[{"width":1620,"height":1080,"url":"https:\/\/discover-culture.com\/wp-content\/uploads\/17F_3308-scaled-1620x1080-1.jpg","type":"image\/jpeg"}],"twitter_card":"summary_large_image","twitter_misc":{"Gesch\u00e4tzte Lesezeit":"1\u00a0Minute"},"schema":{"@context":"https:\/\/schema.org","@graph":[{"@type":"WebPage","@id":"https:\/\/discover-culture.com\/partner\/benediktinerstift-admont\/touren\/stein-und-baugeschichten-teil-1\/","url":"https:\/\/discover-culture.com\/partner\/benediktinerstift-admont\/touren\/stein-und-baugeschichten-teil-1\/","name":"Stein- und Baugeschichten, Teil 1 - Discover-Culture","isPartOf":{"@id":"https:\/\/discover-culture.com\/de\/#website"},"primaryImageOfPage":{"@id":"https:\/\/discover-culture.com\/partner\/benediktinerstift-admont\/touren\/stein-und-baugeschichten-teil-1\/#primaryimage"},"image":{"@id":"https:\/\/discover-culture.com\/partner\/benediktinerstift-admont\/touren\/stein-und-baugeschichten-teil-1\/#primaryimage"},"thumbnailUrl":"https:\/\/discover-culture.com\/wp-content\/uploads\/17F_3308-scaled-1620x1080-1.jpg","datePublished":"2021-06-24T07:54:58+00:00","dateModified":"2024-05-07T06:52:26+00:00","description":"Finden Sie hier alle Informationen zum Produkt Stein- und Baugeschichten, Teil 1 und betreten Sie die neue Welt von Kunst und Kultur!","breadcrumb":{"@id":"https:\/\/discover-culture.com\/partner\/benediktinerstift-admont\/touren\/stein-und-baugeschichten-teil-1\/#breadcrumb"},"inLanguage":"de","potentialAction":[{"@type":"ReadAction","target":["https:\/\/discover-culture.com\/partner\/benediktinerstift-admont\/touren\/stein-und-baugeschichten-teil-1\/"]}]},{"@type":"ImageObject","inLanguage":"de","@id":"https:\/\/discover-culture.com\/partner\/benediktinerstift-admont\/touren\/stein-und-baugeschichten-teil-1\/#primaryimage","url":"https:\/\/discover-culture.com\/wp-content\/uploads\/17F_3308-scaled-1620x1080-1.jpg","contentUrl":"https:\/\/discover-culture.com\/wp-content\/uploads\/17F_3308-scaled-1620x1080-1.jpg","width":1620,"height":1080,"caption":"17F 3308 scaled 1620x1080 1"},{"@type":"BreadcrumbList","@id":"https:\/\/discover-culture.com\/partner\/benediktinerstift-admont\/touren\/stein-und-baugeschichten-teil-1\/#breadcrumb","itemListElement":[{"@type":"ListItem","position":1,"name":"Home","item":"https:\/\/discover-culture.com\/"},{"@type":"ListItem","position":2,"name":"Produkte","item":"https:\/\/discover-culture.com\/de\/shop\/"},{"@type":"ListItem","position":3,"name":"Stein- und Baugeschichten, Teil 1"}]},{"@type":"WebSite","@id":"https:\/\/discover-culture.com\/de\/#website","url":"https:\/\/discover-culture.com\/de\/","name":"Discover-Culture","description":"","potentialAction":[{"@type":"SearchAction","target":{"@type":"EntryPoint","urlTemplate":"https:\/\/discover-culture.com\/de\/?s={search_term_string}"},"query-input":{"@type":"PropertyValueSpecification","valueRequired":true,"valueName":"search_term_string"}}],"inLanguage":"de"}]}},"_links":{"self":[{"href":"https:\/\/discover-culture.com\/de\/wp-json\/wp\/v2\/product\/660","targetHints":{"allow":["GET"]}}],"collection":[{"href":"https:\/\/discover-culture.com\/de\/wp-json\/wp\/v2\/product"}],"about":[{"href":"https:\/\/discover-culture.com\/de\/wp-json\/wp\/v2\/types\/product"}],"wp:featuredmedia":[{"embeddable":true,"href":"https:\/\/discover-culture.com\/de\/wp-json\/wp\/v2\/media\/667"}],"wp:attachment":[{"href":"https:\/\/discover-culture.com\/de\/wp-json\/wp\/v2\/media?parent=660"}],"wp:term":[{"taxonomy":"product_brand","embeddable":true,"href":"https:\/\/discover-culture.com\/de\/wp-json\/wp\/v2\/product_brand?post=660"},{"taxonomy":"product_cat","embeddable":true,"href":"https:\/\/discover-culture.com\/de\/wp-json\/wp\/v2\/product_cat?post=660"},{"taxonomy":"product_tag","embeddable":true,"href":"https:\/\/discover-culture.com\/de\/wp-json\/wp\/v2\/product_tag?post=660"}],"curies":[{"name":"wp","href":"https:\/\/api.w.org\/{rel}","templated":true}]}}