{"id":6585,"date":"2022-11-23T12:53:38","date_gmt":"2022-11-23T10:53:38","guid":{"rendered":"https:\/\/discover-culture.com\/partner\/\/touren\/"},"modified":"2023-10-30T12:15:23","modified_gmt":"2023-10-30T10:15:23","slug":"burg-heinfels-in-osttirol","status":"publish","type":"product","link":"https:\/\/discover-culture.com\/partner\/burg-heinfels\/touren\/burg-heinfels-in-osttirol","title":{"rendered":"Burg Heinfels in Osttirol"},"content":{"rendered":"<section id='lightpress__section--block_2502b1ed827cd3c3c2d50799eec2e4fb' class='lightpress__section lightpress__section--content'><div class=\"content__grid content__grid\">\n    <div class=\"content__box content__box--one-hundred content__box--text-center\">\n                                                        <h3 align=\"center\">Burg Heinfels<\/h3>\n<p align=\"center\"><em>Geschichte mit allen Sinnen erleben<\/em><\/p>\n<p align=\"center\"><strong>Herzlich Willkommen zum virtuellen Rundgang durch die Burg Heinfels!<\/strong><\/p>\n\n                                        <\/div>\n    <\/div><\/section>\n\n<section id='lightpress__section--block_ef7bc194c1775f55891d895f96de8d4f' class='lightpress__section lightpress__section--content'><div class=\"content__grid content__grid--fifty-fifty\">\n    <div class=\"content__box content__box content__box--text-center\">\n                                                        <h4>Zur Geschichte der Burg Heinfels<\/h4>\n<p>Mauern und T\u00fcrme verbinden sich auf Heinfels in einzigartiger Weise mit den Bewohnern l\u00e4ngst vergangener Zeiten. 1210 wurde auf dem Felsen der h\u00f6chste Turm erbaut und markierte eine neue Herrschaft.<\/p>\n<p>Nach Wohntrakt und Ringmauer folgte 1280 der Bau der Burgkapelle. Die H\u00f6henburg war nun im Besitz der einst m\u00e4chtigen Grafen von G\u00f6rz.<\/p>\n<p><a class=\"lcyd__button lcyd__button--animate lcyd__button--arrow lcyd__button--animate\" href=\"https:\/\/www.burg-heinfels.com\/info-2.html#Geschichte\" target=\"_blank\" rel=\"noopener\">Zum gesamten Text<\/a><br \/><span style=\"color: #555555; font-family: DroidSans; font-size: 17.6px; background-color: rgba(235, 233, 231, 0.9);\"><\/span><\/p>\n\n                                        <\/div>\n            <div class=\"content__box content__box\">\n                                                                    <img decoding=\"async\" class=\"content__image\" src=\"https:\/\/discover-culture.com\/wp-content\/uploads\/2020_burg-heinfels-\u00a9-Peter-Leiter-3.jpg\" alt=\"2020 burg heinfels \u00a9 Peter Leiter (3)\" loading=\"lazy\">\n                                                        <\/div>\n    <\/div><\/section>\n\n<section id='lightpress__section--block_ab8da5f8e9334e31c195d604d62da454' class='lightpress__section lightpress__section--content'><div class=\"content__grid content__grid\">\n    <div class=\"content__box content__box\">\n                                                    <img decoding=\"async\" class=\"content__image\" src=\"https:\/\/discover-culture.com\/wp-content\/uploads\/Landeslogo_4c_01.png\" alt=\"Landeslogo 4c 01\" loading=\"lazy\">\n                                        <\/div>\n            <div class=\"content__box content__box--one-third content__box--text-center\">\n                                                                        <p>Von 2016 bis 2020 erfolgte die aufw\u00e4ndige Restaurierung der Burg Heinfels und die Einrichtung eines Museums.<\/p>\n<p>Dies alles war nur durch eine gemeinsame und koordinierte Anstrengung von Seiten des Museumsvereins Burg Heinfels, des Landes Tirol, des Bundesdenkmalamtes, der Gemeinden des Hochpustertals, der Firma Loacker aber auch der lokalen Bev\u00f6lkerung und Wirtschaft m\u00f6glich.<\/p>\n<p>\u00a0<\/p>\n\n                                                        <\/div>\n    <\/div><\/section>\n\n<section id='lightpress__section--block_8c0120ab2db3dae93ab4aee511824582' class='lightpress__section lightpress__section--content'><div class=\"content__grid content__grid--fifty-fifty\">\n    <div class=\"content__box content__box content__box--text-center\">\n                                                        <p>Begeben Sie sich auf Ihrer virtuellen Tour auf die Spuren der Geschichte der Burg Heinfels &#8211; in 2 Abschnitten:<\/p>\n<p>1.) Die digitale Tour f\u00fchrt durch den <strong>Burginnenhof in die Burg<\/strong>, auf 2 Ebenen taucht man virtuell bis hin zur eindrucksvollen Burgkapelle in das historische Leben auf der Burg Heinfels ein.<\/p>\n<p>2.)lm virtuellen Rundgang durch <strong>das Burgmuseum<\/strong> erf\u00e4hrt man alles zur Historie rund um die beeindruckende Anlage, Geschichte und Geschichten zur &#8222;K\u00f6nigin des Pustertals.<\/p>\n\n                                        <\/div>\n            <div class=\"content__box content__box\">\n                                                                    <img decoding=\"async\" class=\"content__image\" src=\"https:\/\/discover-culture.com\/wp-content\/uploads\/2020_burg-heinfels-\u00a9-Peter-Leiter-2.jpg\" alt=\"2020 burg heinfels \u00a9 Peter Leiter (2)\" loading=\"lazy\">\n                                                        <\/div>\n    <\/div><\/section>\n\n<section id='lightpress__section--block_f28c1a61ff5f8773796397f2e6c4a375' class='lightpress__section lightpress__section--content'><div class=\"content__grid content__grid\">\n    <div class=\"content__box content__box--one-hundred\">\n                                                        <p>Bereiten Sie sich mit diesem virtuellen Rundgang auf Ihren Besuch vor Ort auf den Spuren der Geschichte in der imposanten Burg Heinfels vor, gewinnen Sie einen virtuellen Eindruck von den Besonderheiten einer absolut einzigartigen Burganlage.<\/p>\n<p><a class=\"lcyd__button lcyd__button--animate lcyd__button--arrow lcyd__button--animate\" href=\"https:\/\/www.burg-heinfels.com\/\" target=\"_blank\" rel=\"noopener\">Alle Informationen\u00a0<\/a><\/p>\n\n                                        <\/div>\n    <\/div><\/section>","protected":false},"excerpt":{"rendered":"","protected":false},"featured_media":7009,"template":"","meta":{"_acf_changed":false,"_relevanssi_hide_post":"","_relevanssi_hide_content":"","_relevanssi_pin_for_all":"","_relevanssi_pin_keywords":"","_relevanssi_unpin_keywords":"","_relevanssi_related_keywords":"","_relevanssi_related_include_ids":"","_relevanssi_related_exclude_ids":"","_relevanssi_related_no_append":"","_relevanssi_related_not_related":"","_relevanssi_related_posts":"3841,3845,3849,3844,3848","_relevanssi_noindex_reason":""},"product_brand":[],"product_cat":[16],"product_tag":[],"class_list":["product-available","product","first","instock","virtual","sold-individually","taxable","purchasable","product-type-bundle"],"bundled_by":[],"bundle_stock_status":"instock","bundle_stock_quantity":"","bundle_virtual":false,"bundle_layout":"default","bundle_add_to_cart_form_location":"default","bundle_editable_in_cart":false,"bundle_sold_individually_context":"product","bundle_item_grouping":"parent","bundle_min_size":"","bundle_max_size":"","bundle_price":{"price":{"min":{"incl_tax":"4.99","excl_tax":"4.158333"},"max":{"incl_tax":"4.99","excl_tax":"4.158333"}},"regular_price":{"min":{"incl_tax":"4.99","excl_tax":"4.158333"},"max":{"incl_tax":"4.99","excl_tax":"4.158333"}}},"bundled_items":[{"bundled_item_id":64,"product_id":6580,"menu_order":0,"quantity_min":1,"quantity_max":1,"quantity_default":1,"priced_individually":false,"shipped_individually":true,"override_title":false,"title":"","override_description":false,"description":"","optional":false,"hide_thumbnail":false,"discount":"","override_variations":false,"allowed_variations":[],"override_default_variation_attributes":false,"default_variation_attributes":[],"single_product_visibility":"visible","cart_visibility":"visible","order_visibility":"visible","single_product_price_visibility":"visible","cart_price_visibility":"visible","order_price_visibility":"visible","stock_status":"in_stock"},{"bundled_item_id":65,"product_id":6583,"menu_order":1,"quantity_min":1,"quantity_max":1,"quantity_default":1,"priced_individually":false,"shipped_individually":true,"override_title":false,"title":"","override_description":false,"description":"","optional":false,"hide_thumbnail":false,"discount":"","override_variations":false,"allowed_variations":[],"override_default_variation_attributes":false,"default_variation_attributes":[],"single_product_visibility":"visible","cart_visibility":"visible","order_visibility":"visible","single_product_price_visibility":"visible","cart_price_visibility":"visible","order_price_visibility":"visible","stock_status":"in_stock"},{"bundled_item_id":70,"product_id":6587,"menu_order":2,"quantity_min":1,"quantity_max":1,"quantity_default":1,"priced_individually":false,"shipped_individually":true,"override_title":false,"title":"","override_description":false,"description":"","optional":false,"hide_thumbnail":false,"discount":"","override_variations":false,"allowed_variations":[],"override_default_variation_attributes":false,"default_variation_attributes":[],"single_product_visibility":"visible","cart_visibility":"visible","order_visibility":"visible","single_product_price_visibility":"visible","cart_price_visibility":"visible","order_price_visibility":"visible","stock_status":"in_stock"}],"bundle_sell_ids":[],"acf":[],"yoast_head":"<!-- This site is optimized with the Yoast SEO Premium plugin v25.7.1 (Yoast SEO v26.8) - https:\/\/yoast.com\/product\/yoast-seo-premium-wordpress\/ -->\n<title>Burg Heinfels in Osttirol - Discover-Culture<\/title>\n<meta name=\"description\" content=\"Finden Sie hier alle Informationen zum Produkt Burg Heinfels in Osttirol und betreten Sie die neue Welt von Kunst und Kultur!\" \/>\n<meta name=\"robots\" content=\"index, follow, max-snippet:-1, max-image-preview:large, max-video-preview:-1\" \/>\n<link rel=\"canonical\" href=\"https:\/\/discover-culture.com\/de\/partner\/burg-heinfels\/touren\/burg-heinfels-in-osttirol\/\" \/>\n<meta property=\"og:locale\" content=\"de_DE\" \/>\n<meta property=\"og:type\" content=\"article\" \/>\n<meta property=\"og:title\" content=\"Burg Heinfels in Osttirol\" \/>\n<meta property=\"og:description\" content=\"Finden Sie hier alle Informationen zum Produkt Burg Heinfels in Osttirol und betreten Sie die neue Welt von Kunst und Kultur!\" \/>\n<meta property=\"og:url\" content=\"https:\/\/discover-culture.com\/de\/partner\/burg-heinfels\/touren\/burg-heinfels-in-osttirol\/\" \/>\n<meta property=\"og:site_name\" content=\"Discover-Culture\" \/>\n<meta property=\"article:modified_time\" content=\"2023-10-30T10:15:23+00:00\" \/>\n<meta property=\"og:image\" content=\"https:\/\/discover-culture.com\/wp-content\/uploads\/2020_burg-heinfels-\u00a9-Alexander-Zeidler.jpg\" \/>\n\t<meta property=\"og:image:width\" content=\"2500\" \/>\n\t<meta property=\"og:image:height\" content=\"1407\" \/>\n\t<meta property=\"og:image:type\" content=\"image\/jpeg\" \/>\n<meta name=\"twitter:card\" content=\"summary_large_image\" \/>\n<script type=\"application\/ld+json\" class=\"yoast-schema-graph\">{\"@context\":\"https:\/\/schema.org\",\"@graph\":[{\"@type\":\"WebPage\",\"@id\":\"https:\/\/discover-culture.com\/partner\/burg-heinfels\/touren\/burg-heinfels-in-osttirol\/\",\"url\":\"https:\/\/discover-culture.com\/partner\/burg-heinfels\/touren\/burg-heinfels-in-osttirol\/\",\"name\":\"Burg Heinfels in Osttirol - Discover-Culture\",\"isPartOf\":{\"@id\":\"https:\/\/discover-culture.com\/de\/#website\"},\"primaryImageOfPage\":{\"@id\":\"https:\/\/discover-culture.com\/partner\/burg-heinfels\/touren\/burg-heinfels-in-osttirol\/#primaryimage\"},\"image\":{\"@id\":\"https:\/\/discover-culture.com\/partner\/burg-heinfels\/touren\/burg-heinfels-in-osttirol\/#primaryimage\"},\"thumbnailUrl\":\"https:\/\/discover-culture.com\/wp-content\/uploads\/2020_burg-heinfels-\u00a9-Alexander-Zeidler.jpg\",\"datePublished\":\"2022-11-23T10:53:38+00:00\",\"dateModified\":\"2023-10-30T10:15:23+00:00\",\"description\":\"Finden Sie hier alle Informationen zum Produkt Burg Heinfels in Osttirol und betreten Sie die neue Welt von Kunst und Kultur!\",\"breadcrumb\":{\"@id\":\"https:\/\/discover-culture.com\/partner\/burg-heinfels\/touren\/burg-heinfels-in-osttirol\/#breadcrumb\"},\"inLanguage\":\"de\",\"potentialAction\":[{\"@type\":\"ReadAction\",\"target\":[\"https:\/\/discover-culture.com\/partner\/burg-heinfels\/touren\/burg-heinfels-in-osttirol\/\"]}]},{\"@type\":\"ImageObject\",\"inLanguage\":\"de\",\"@id\":\"https:\/\/discover-culture.com\/partner\/burg-heinfels\/touren\/burg-heinfels-in-osttirol\/#primaryimage\",\"url\":\"https:\/\/discover-culture.com\/wp-content\/uploads\/2020_burg-heinfels-\u00a9-Alexander-Zeidler.jpg\",\"contentUrl\":\"https:\/\/discover-culture.com\/wp-content\/uploads\/2020_burg-heinfels-\u00a9-Alexander-Zeidler.jpg\",\"width\":2500,\"height\":1407,\"caption\":\"2020 burg heinfels \u00a9 Alexander Zeidler\"},{\"@type\":\"BreadcrumbList\",\"@id\":\"https:\/\/discover-culture.com\/partner\/burg-heinfels\/touren\/burg-heinfels-in-osttirol\/#breadcrumb\",\"itemListElement\":[{\"@type\":\"ListItem\",\"position\":1,\"name\":\"Home\",\"item\":\"https:\/\/discover-culture.com\/\"},{\"@type\":\"ListItem\",\"position\":2,\"name\":\"Produkte\",\"item\":\"https:\/\/discover-culture.com\/de\/shop\/\"},{\"@type\":\"ListItem\",\"position\":3,\"name\":\"Burg Heinfels in Osttirol\"}]},{\"@type\":\"WebSite\",\"@id\":\"https:\/\/discover-culture.com\/de\/#website\",\"url\":\"https:\/\/discover-culture.com\/de\/\",\"name\":\"Discover-Culture\",\"description\":\"\",\"potentialAction\":[{\"@type\":\"SearchAction\",\"target\":{\"@type\":\"EntryPoint\",\"urlTemplate\":\"https:\/\/discover-culture.com\/de\/?s={search_term_string}\"},\"query-input\":{\"@type\":\"PropertyValueSpecification\",\"valueRequired\":true,\"valueName\":\"search_term_string\"}}],\"inLanguage\":\"de\"}]}<\/script>\n<!-- \/ Yoast SEO Premium plugin. -->","yoast_head_json":{"title":"Burg Heinfels in Osttirol - Discover-Culture","description":"Finden Sie hier alle Informationen zum Produkt Burg Heinfels in Osttirol und betreten Sie die neue Welt von Kunst und Kultur!","robots":{"index":"index","follow":"follow","max-snippet":"max-snippet:-1","max-image-preview":"max-image-preview:large","max-video-preview":"max-video-preview:-1"},"canonical":"https:\/\/discover-culture.com\/de\/partner\/burg-heinfels\/touren\/burg-heinfels-in-osttirol\/","og_locale":"de_DE","og_type":"article","og_title":"Burg Heinfels in Osttirol","og_description":"Finden Sie hier alle Informationen zum Produkt Burg Heinfels in Osttirol und betreten Sie die neue Welt von Kunst und Kultur!","og_url":"https:\/\/discover-culture.com\/de\/partner\/burg-heinfels\/touren\/burg-heinfels-in-osttirol\/","og_site_name":"Discover-Culture","article_modified_time":"2023-10-30T10:15:23+00:00","og_image":[{"width":2500,"height":1407,"url":"https:\/\/discover-culture.com\/wp-content\/uploads\/2020_burg-heinfels-\u00a9-Alexander-Zeidler.jpg","type":"image\/jpeg"}],"twitter_card":"summary_large_image","schema":{"@context":"https:\/\/schema.org","@graph":[{"@type":"WebPage","@id":"https:\/\/discover-culture.com\/partner\/burg-heinfels\/touren\/burg-heinfels-in-osttirol\/","url":"https:\/\/discover-culture.com\/partner\/burg-heinfels\/touren\/burg-heinfels-in-osttirol\/","name":"Burg Heinfels in Osttirol - Discover-Culture","isPartOf":{"@id":"https:\/\/discover-culture.com\/de\/#website"},"primaryImageOfPage":{"@id":"https:\/\/discover-culture.com\/partner\/burg-heinfels\/touren\/burg-heinfels-in-osttirol\/#primaryimage"},"image":{"@id":"https:\/\/discover-culture.com\/partner\/burg-heinfels\/touren\/burg-heinfels-in-osttirol\/#primaryimage"},"thumbnailUrl":"https:\/\/discover-culture.com\/wp-content\/uploads\/2020_burg-heinfels-\u00a9-Alexander-Zeidler.jpg","datePublished":"2022-11-23T10:53:38+00:00","dateModified":"2023-10-30T10:15:23+00:00","description":"Finden Sie hier alle Informationen zum Produkt Burg Heinfels in Osttirol und betreten Sie die neue Welt von Kunst und Kultur!","breadcrumb":{"@id":"https:\/\/discover-culture.com\/partner\/burg-heinfels\/touren\/burg-heinfels-in-osttirol\/#breadcrumb"},"inLanguage":"de","potentialAction":[{"@type":"ReadAction","target":["https:\/\/discover-culture.com\/partner\/burg-heinfels\/touren\/burg-heinfels-in-osttirol\/"]}]},{"@type":"ImageObject","inLanguage":"de","@id":"https:\/\/discover-culture.com\/partner\/burg-heinfels\/touren\/burg-heinfels-in-osttirol\/#primaryimage","url":"https:\/\/discover-culture.com\/wp-content\/uploads\/2020_burg-heinfels-\u00a9-Alexander-Zeidler.jpg","contentUrl":"https:\/\/discover-culture.com\/wp-content\/uploads\/2020_burg-heinfels-\u00a9-Alexander-Zeidler.jpg","width":2500,"height":1407,"caption":"2020 burg heinfels \u00a9 Alexander Zeidler"},{"@type":"BreadcrumbList","@id":"https:\/\/discover-culture.com\/partner\/burg-heinfels\/touren\/burg-heinfels-in-osttirol\/#breadcrumb","itemListElement":[{"@type":"ListItem","position":1,"name":"Home","item":"https:\/\/discover-culture.com\/"},{"@type":"ListItem","position":2,"name":"Produkte","item":"https:\/\/discover-culture.com\/de\/shop\/"},{"@type":"ListItem","position":3,"name":"Burg Heinfels in Osttirol"}]},{"@type":"WebSite","@id":"https:\/\/discover-culture.com\/de\/#website","url":"https:\/\/discover-culture.com\/de\/","name":"Discover-Culture","description":"","potentialAction":[{"@type":"SearchAction","target":{"@type":"EntryPoint","urlTemplate":"https:\/\/discover-culture.com\/de\/?s={search_term_string}"},"query-input":{"@type":"PropertyValueSpecification","valueRequired":true,"valueName":"search_term_string"}}],"inLanguage":"de"}]}},"_links":{"self":[{"href":"https:\/\/discover-culture.com\/de\/wp-json\/wp\/v2\/product\/6585","targetHints":{"allow":["GET"]}}],"collection":[{"href":"https:\/\/discover-culture.com\/de\/wp-json\/wp\/v2\/product"}],"about":[{"href":"https:\/\/discover-culture.com\/de\/wp-json\/wp\/v2\/types\/product"}],"wp:featuredmedia":[{"embeddable":true,"href":"https:\/\/discover-culture.com\/de\/wp-json\/wp\/v2\/media\/7009"}],"wp:attachment":[{"href":"https:\/\/discover-culture.com\/de\/wp-json\/wp\/v2\/media?parent=6585"}],"wp:term":[{"taxonomy":"product_brand","embeddable":true,"href":"https:\/\/discover-culture.com\/de\/wp-json\/wp\/v2\/product_brand?post=6585"},{"taxonomy":"product_cat","embeddable":true,"href":"https:\/\/discover-culture.com\/de\/wp-json\/wp\/v2\/product_cat?post=6585"},{"taxonomy":"product_tag","embeddable":true,"href":"https:\/\/discover-culture.com\/de\/wp-json\/wp\/v2\/product_tag?post=6585"}],"curies":[{"name":"wp","href":"https:\/\/api.w.org\/{rel}","templated":true}]}}