{"id":6518,"date":"2022-09-22T14:18:23","date_gmt":"2022-09-22T12:18:23","guid":{"rendered":"https:\/\/discover-culture.com\/partner\/\/touren\/"},"modified":"2024-10-28T13:40:29","modified_gmt":"2024-10-28T11:40:29","slug":"europa-wer-bist-du-entdeckungen-und-erfindungen","status":"publish","type":"product","link":"https:\/\/discover-culture.com\/partner\/di%c3%b6zese-sankt-p%c3%b6lten\/touren\/europa-wer-bist-du-entdeckungen-und-erfindungen","title":{"rendered":"Europa, wer bist du? Entdeckungen und Erfindungen"},"content":{"rendered":"<section id='lightpress__section--block_c375a92dce5ed8bf44b93d5cc1d6a8cd' class='lightpress__section lightpress__section--content'><div class=\"content__grid content__grid\">\n    <div class=\"content__box content__box--one-hundred\">\n                                                        <h3 align=\"center\">Das Museum am Dom St. P\u00f6lten<\/h3>\n<p align=\"center\"><strong>\u201eEuropa, wer bist du? Entdeckungen und Erfindungen\u201c<\/strong><\/p>\n\n                                        <\/div>\n    <\/div><\/section>\n\n<section id='lightpress__section--block_b3a52427c006a3d7fce4af0750da8c2a' class='lightpress__section lightpress__section--content'><div class=\"content__grid content__grid--fifty-fifty\">\n    <div class=\"content__box content__box content__box--text-center\">\n                                                        <p>Die Idee der \u201eEntdeckung\u201c ist einer der best\u00e4ndigsten Z\u00fcge der europ\u00e4ischen Geschichte und Kultur. Entdeckungen vereinen die L\u00e4nder Europas seit Jahrhunderten in gemeinsamen Unternehmungen zum Wohle der Allgemeinheit.<\/p>\n<p>So ist die Geschichte der Entwicklung von Wissenschaft und technischem Fortschritt ein Paradebeispiel f\u00fcr internationale Zusammenarbeit.<\/p>\n\n                                        <\/div>\n            <div class=\"content__box content__box\">\n                                                                    <img decoding=\"async\" class=\"content__image\" src=\"https:\/\/discover-culture.com\/wp-content\/uploads\/Schiffsmotor_1web.jpg\" alt=\"Schiffsmotor 1web\" loading=\"lazy\">\n                                                        <\/div>\n    <\/div><\/section>\n\n<section id='lightpress__section--block_b5fc5b49f0cb2768f0f9f2644c9ad7bf' class='lightpress__section lightpress__section--content'><div class=\"content__grid content__grid--fifty-fifty\">\n    <div class=\"content__box content__box\">\n                                                    <img decoding=\"async\" class=\"content__image\" src=\"https:\/\/discover-culture.com\/wp-content\/uploads\/Museum_am_Dom.jpg\" alt=\"Museum am Dom\" loading=\"lazy\">\n                                        <\/div>\n            <div class=\"content__box content__box content__box--text-center\">\n                                                                        <p>Im Museum am Dom in St. P\u00f6lten sind Orte der Kontemplation, der Begegnung und des Dialoges geboten \u2013 Orte, an denen sich die Kirche \u00f6ffnet und nahbar f\u00fcr die Fragen der Gegenwart macht.<\/p>\n<p>\u00a0<\/p>\n<p><a class=\"lcyd__button lcyd__button--animate lcyd__button--arrow lcyd__button--animate\" href=\"https:\/\/www.museumamdom.at\/institution\/30242701\" target=\"_blank\" rel=\"noopener\">Mehr Informationen<\/a><\/p>\n\n                                                        <\/div>\n    <\/div><\/section>\n\n<section id='lightpress__section--block_c3a9eca2b82806367dda8bd0020fe99f' class='lightpress__section lightpress__section--content'><div class=\"content__grid content__grid\">\n    <div class=\"content__box content__box--one-hundred\">\n                                                        <p>Begeben Sie sich an dieser Stelle auf die virtuelle Entdeckungsreise und freuen Sie sich auf die aktuelle Ausstellung direkt vor Ort und viele gro\u00dfartige Veranstaltungen in und rund um das Museum am Dom in St. P\u00f6lten.<\/p>\n<p><a class=\"lcyd__button lcyd__button--animate lcyd__button--arrow lcyd__button--animate\" href=\"https:\/\/www.museumamdom.at\/institution\/30242701\/aktuelles\" target=\"_blank\" rel=\"noopener\">Aktuelles<\/a><\/p>\n\n                                        <\/div>\n    <\/div><\/section>","protected":false},"excerpt":{"rendered":"","protected":false},"featured_media":7295,"template":"","meta":{"_acf_changed":true,"_relevanssi_hide_post":"","_relevanssi_hide_content":"","_relevanssi_pin_for_all":"","_relevanssi_pin_keywords":"","_relevanssi_unpin_keywords":"","_relevanssi_related_keywords":"","_relevanssi_related_include_ids":"","_relevanssi_related_exclude_ids":"","_relevanssi_related_no_append":"","_relevanssi_related_not_related":"","_relevanssi_related_posts":"3849,3845,3841,3844,3848","_relevanssi_noindex_reason":""},"product_brand":[],"product_cat":[16],"product_tag":[],"class_list":["product-available","product","first","instock","virtual","sold-individually","taxable","purchasable","product-type-simple"],"bundled_by":[],"bundle_stock_status":"instock","bundle_stock_quantity":null,"bundle_virtual":false,"bundle_layout":"","bundle_add_to_cart_form_location":"","bundle_editable_in_cart":false,"bundle_sold_individually_context":"","bundle_item_grouping":"","bundle_min_size":"","bundle_max_size":"","bundle_price":[],"bundled_items":[],"bundle_sell_ids":[],"acf":[],"yoast_head":"<!-- This site is optimized with the Yoast SEO Premium plugin v25.7.1 (Yoast SEO v26.8) - https:\/\/yoast.com\/product\/yoast-seo-premium-wordpress\/ -->\n<title>Europa, wer bist du? Entdeckungen und Erfindungen - Discover-Culture<\/title>\n<meta name=\"description\" content=\"Finden Sie hier alle Informationen zum Produkt Europa, wer bist du? Entdeckungen und Erfindungen und betreten Sie die neue Welt von Kunst und Kultur!\" \/>\n<meta name=\"robots\" content=\"index, follow, max-snippet:-1, max-image-preview:large, max-video-preview:-1\" \/>\n<link rel=\"canonical\" href=\"https:\/\/discover-culture.com\/de\/partner\/di\u00f6zese-sankt-p\u00f6lten\/touren\/europa-wer-bist-du-entdeckungen-und-erfindungen\/\" \/>\n<meta property=\"og:locale\" content=\"de_DE\" \/>\n<meta property=\"og:type\" content=\"article\" \/>\n<meta property=\"og:title\" content=\"Europa, wer bist du? Entdeckungen und Erfindungen\" \/>\n<meta property=\"og:description\" content=\"Finden Sie hier alle Informationen zum Produkt Europa, wer bist du? Entdeckungen und Erfindungen und betreten Sie die neue Welt von Kunst und Kultur!\" \/>\n<meta property=\"og:url\" content=\"https:\/\/discover-culture.com\/de\/partner\/di\u00f6zese-sankt-p\u00f6lten\/touren\/europa-wer-bist-du-entdeckungen-und-erfindungen\/\" \/>\n<meta property=\"og:site_name\" content=\"Discover-Culture\" \/>\n<meta property=\"article:modified_time\" content=\"2024-10-28T11:40:29+00:00\" \/>\n<meta property=\"og:image\" content=\"https:\/\/discover-culture.com\/wp-content\/uploads\/2022_10_03-Ausstellungsfotos-Europa-Wer-bist-du_web.jpg\" \/>\n\t<meta property=\"og:image:width\" content=\"2000\" \/>\n\t<meta property=\"og:image:height\" content=\"1333\" \/>\n\t<meta property=\"og:image:type\" content=\"image\/jpeg\" \/>\n<meta name=\"twitter:card\" content=\"summary_large_image\" \/>\n<meta name=\"twitter:label1\" content=\"Gesch\u00e4tzte Lesezeit\" \/>\n\t<meta name=\"twitter:data1\" content=\"1\u00a0Minute\" \/>\n<script type=\"application\/ld+json\" class=\"yoast-schema-graph\">{\"@context\":\"https:\/\/schema.org\",\"@graph\":[{\"@type\":\"WebPage\",\"@id\":\"https:\/\/discover-culture.com\/partner\/di%c3%b6zese-sankt-p%c3%b6lten\/touren\/europa-wer-bist-du-entdeckungen-und-erfindungen\/\",\"url\":\"https:\/\/discover-culture.com\/partner\/di%c3%b6zese-sankt-p%c3%b6lten\/touren\/europa-wer-bist-du-entdeckungen-und-erfindungen\/\",\"name\":\"Europa, wer bist du? Entdeckungen und Erfindungen - Discover-Culture\",\"isPartOf\":{\"@id\":\"https:\/\/discover-culture.com\/de\/#website\"},\"primaryImageOfPage\":{\"@id\":\"https:\/\/discover-culture.com\/partner\/di%c3%b6zese-sankt-p%c3%b6lten\/touren\/europa-wer-bist-du-entdeckungen-und-erfindungen\/#primaryimage\"},\"image\":{\"@id\":\"https:\/\/discover-culture.com\/partner\/di%c3%b6zese-sankt-p%c3%b6lten\/touren\/europa-wer-bist-du-entdeckungen-und-erfindungen\/#primaryimage\"},\"thumbnailUrl\":\"https:\/\/discover-culture.com\/wp-content\/uploads\/2022_10_03-Ausstellungsfotos-Europa-Wer-bist-du_web.jpg\",\"datePublished\":\"2022-09-22T12:18:23+00:00\",\"dateModified\":\"2024-10-28T11:40:29+00:00\",\"description\":\"Finden Sie hier alle Informationen zum Produkt Europa, wer bist du? Entdeckungen und Erfindungen und betreten Sie die neue Welt von Kunst und Kultur!\",\"breadcrumb\":{\"@id\":\"https:\/\/discover-culture.com\/partner\/di%c3%b6zese-sankt-p%c3%b6lten\/touren\/europa-wer-bist-du-entdeckungen-und-erfindungen\/#breadcrumb\"},\"inLanguage\":\"de\",\"potentialAction\":[{\"@type\":\"ReadAction\",\"target\":[\"https:\/\/discover-culture.com\/partner\/di%c3%b6zese-sankt-p%c3%b6lten\/touren\/europa-wer-bist-du-entdeckungen-und-erfindungen\/\"]}]},{\"@type\":\"ImageObject\",\"inLanguage\":\"de\",\"@id\":\"https:\/\/discover-culture.com\/partner\/di%c3%b6zese-sankt-p%c3%b6lten\/touren\/europa-wer-bist-du-entdeckungen-und-erfindungen\/#primaryimage\",\"url\":\"https:\/\/discover-culture.com\/wp-content\/uploads\/2022_10_03-Ausstellungsfotos-Europa-Wer-bist-du_web.jpg\",\"contentUrl\":\"https:\/\/discover-culture.com\/wp-content\/uploads\/2022_10_03-Ausstellungsfotos-Europa-Wer-bist-du_web.jpg\",\"width\":2000,\"height\":1333,\"caption\":\"2022 10 03 Ausstellungsfotos Europa Wer bist du web\"},{\"@type\":\"BreadcrumbList\",\"@id\":\"https:\/\/discover-culture.com\/partner\/di%c3%b6zese-sankt-p%c3%b6lten\/touren\/europa-wer-bist-du-entdeckungen-und-erfindungen\/#breadcrumb\",\"itemListElement\":[{\"@type\":\"ListItem\",\"position\":1,\"name\":\"Home\",\"item\":\"https:\/\/discover-culture.com\/\"},{\"@type\":\"ListItem\",\"position\":2,\"name\":\"Produkte\",\"item\":\"https:\/\/discover-culture.com\/de\/shop\/\"},{\"@type\":\"ListItem\",\"position\":3,\"name\":\"Europa, wer bist du? Entdeckungen und Erfindungen\"}]},{\"@type\":\"WebSite\",\"@id\":\"https:\/\/discover-culture.com\/de\/#website\",\"url\":\"https:\/\/discover-culture.com\/de\/\",\"name\":\"Discover-Culture\",\"description\":\"\",\"potentialAction\":[{\"@type\":\"SearchAction\",\"target\":{\"@type\":\"EntryPoint\",\"urlTemplate\":\"https:\/\/discover-culture.com\/de\/?s={search_term_string}\"},\"query-input\":{\"@type\":\"PropertyValueSpecification\",\"valueRequired\":true,\"valueName\":\"search_term_string\"}}],\"inLanguage\":\"de\"}]}<\/script>\n<!-- \/ Yoast SEO Premium plugin. -->","yoast_head_json":{"title":"Europa, wer bist du? Entdeckungen und Erfindungen - Discover-Culture","description":"Finden Sie hier alle Informationen zum Produkt Europa, wer bist du? Entdeckungen und Erfindungen und betreten Sie die neue Welt von Kunst und Kultur!","robots":{"index":"index","follow":"follow","max-snippet":"max-snippet:-1","max-image-preview":"max-image-preview:large","max-video-preview":"max-video-preview:-1"},"canonical":"https:\/\/discover-culture.com\/de\/partner\/di\u00f6zese-sankt-p\u00f6lten\/touren\/europa-wer-bist-du-entdeckungen-und-erfindungen\/","og_locale":"de_DE","og_type":"article","og_title":"Europa, wer bist du? Entdeckungen und Erfindungen","og_description":"Finden Sie hier alle Informationen zum Produkt Europa, wer bist du? Entdeckungen und Erfindungen und betreten Sie die neue Welt von Kunst und Kultur!","og_url":"https:\/\/discover-culture.com\/de\/partner\/di\u00f6zese-sankt-p\u00f6lten\/touren\/europa-wer-bist-du-entdeckungen-und-erfindungen\/","og_site_name":"Discover-Culture","article_modified_time":"2024-10-28T11:40:29+00:00","og_image":[{"width":2000,"height":1333,"url":"https:\/\/discover-culture.com\/wp-content\/uploads\/2022_10_03-Ausstellungsfotos-Europa-Wer-bist-du_web.jpg","type":"image\/jpeg"}],"twitter_card":"summary_large_image","twitter_misc":{"Gesch\u00e4tzte Lesezeit":"1\u00a0Minute"},"schema":{"@context":"https:\/\/schema.org","@graph":[{"@type":"WebPage","@id":"https:\/\/discover-culture.com\/partner\/di%c3%b6zese-sankt-p%c3%b6lten\/touren\/europa-wer-bist-du-entdeckungen-und-erfindungen\/","url":"https:\/\/discover-culture.com\/partner\/di%c3%b6zese-sankt-p%c3%b6lten\/touren\/europa-wer-bist-du-entdeckungen-und-erfindungen\/","name":"Europa, wer bist du? Entdeckungen und Erfindungen - Discover-Culture","isPartOf":{"@id":"https:\/\/discover-culture.com\/de\/#website"},"primaryImageOfPage":{"@id":"https:\/\/discover-culture.com\/partner\/di%c3%b6zese-sankt-p%c3%b6lten\/touren\/europa-wer-bist-du-entdeckungen-und-erfindungen\/#primaryimage"},"image":{"@id":"https:\/\/discover-culture.com\/partner\/di%c3%b6zese-sankt-p%c3%b6lten\/touren\/europa-wer-bist-du-entdeckungen-und-erfindungen\/#primaryimage"},"thumbnailUrl":"https:\/\/discover-culture.com\/wp-content\/uploads\/2022_10_03-Ausstellungsfotos-Europa-Wer-bist-du_web.jpg","datePublished":"2022-09-22T12:18:23+00:00","dateModified":"2024-10-28T11:40:29+00:00","description":"Finden Sie hier alle Informationen zum Produkt Europa, wer bist du? Entdeckungen und Erfindungen und betreten Sie die neue Welt von Kunst und Kultur!","breadcrumb":{"@id":"https:\/\/discover-culture.com\/partner\/di%c3%b6zese-sankt-p%c3%b6lten\/touren\/europa-wer-bist-du-entdeckungen-und-erfindungen\/#breadcrumb"},"inLanguage":"de","potentialAction":[{"@type":"ReadAction","target":["https:\/\/discover-culture.com\/partner\/di%c3%b6zese-sankt-p%c3%b6lten\/touren\/europa-wer-bist-du-entdeckungen-und-erfindungen\/"]}]},{"@type":"ImageObject","inLanguage":"de","@id":"https:\/\/discover-culture.com\/partner\/di%c3%b6zese-sankt-p%c3%b6lten\/touren\/europa-wer-bist-du-entdeckungen-und-erfindungen\/#primaryimage","url":"https:\/\/discover-culture.com\/wp-content\/uploads\/2022_10_03-Ausstellungsfotos-Europa-Wer-bist-du_web.jpg","contentUrl":"https:\/\/discover-culture.com\/wp-content\/uploads\/2022_10_03-Ausstellungsfotos-Europa-Wer-bist-du_web.jpg","width":2000,"height":1333,"caption":"2022 10 03 Ausstellungsfotos Europa Wer bist du web"},{"@type":"BreadcrumbList","@id":"https:\/\/discover-culture.com\/partner\/di%c3%b6zese-sankt-p%c3%b6lten\/touren\/europa-wer-bist-du-entdeckungen-und-erfindungen\/#breadcrumb","itemListElement":[{"@type":"ListItem","position":1,"name":"Home","item":"https:\/\/discover-culture.com\/"},{"@type":"ListItem","position":2,"name":"Produkte","item":"https:\/\/discover-culture.com\/de\/shop\/"},{"@type":"ListItem","position":3,"name":"Europa, wer bist du? Entdeckungen und Erfindungen"}]},{"@type":"WebSite","@id":"https:\/\/discover-culture.com\/de\/#website","url":"https:\/\/discover-culture.com\/de\/","name":"Discover-Culture","description":"","potentialAction":[{"@type":"SearchAction","target":{"@type":"EntryPoint","urlTemplate":"https:\/\/discover-culture.com\/de\/?s={search_term_string}"},"query-input":{"@type":"PropertyValueSpecification","valueRequired":true,"valueName":"search_term_string"}}],"inLanguage":"de"}]}},"_links":{"self":[{"href":"https:\/\/discover-culture.com\/de\/wp-json\/wp\/v2\/product\/6518","targetHints":{"allow":["GET"]}}],"collection":[{"href":"https:\/\/discover-culture.com\/de\/wp-json\/wp\/v2\/product"}],"about":[{"href":"https:\/\/discover-culture.com\/de\/wp-json\/wp\/v2\/types\/product"}],"wp:featuredmedia":[{"embeddable":true,"href":"https:\/\/discover-culture.com\/de\/wp-json\/wp\/v2\/media\/7295"}],"wp:attachment":[{"href":"https:\/\/discover-culture.com\/de\/wp-json\/wp\/v2\/media?parent=6518"}],"wp:term":[{"taxonomy":"product_brand","embeddable":true,"href":"https:\/\/discover-culture.com\/de\/wp-json\/wp\/v2\/product_brand?post=6518"},{"taxonomy":"product_cat","embeddable":true,"href":"https:\/\/discover-culture.com\/de\/wp-json\/wp\/v2\/product_cat?post=6518"},{"taxonomy":"product_tag","embeddable":true,"href":"https:\/\/discover-culture.com\/de\/wp-json\/wp\/v2\/product_tag?post=6518"}],"curies":[{"name":"wp","href":"https:\/\/api.w.org\/{rel}","templated":true}]}}