{"id":6407,"date":"2022-08-24T11:27:51","date_gmt":"2022-08-24T09:27:51","guid":{"rendered":"https:\/\/discover-culture.com\/partner\/\/touren\/"},"modified":"2024-03-24T11:47:25","modified_gmt":"2024-03-24T09:47:25","slug":"domkirche-zu-st-stephan","status":"publish","type":"product","link":"https:\/\/discover-culture.com\/partner\/stephansdom-wien\/touren\/domkirche-zu-st-stephan","title":{"rendered":"Domkirche zu St. Stephan"},"content":{"rendered":"<section id='lightpress__section--block_2f27f19586141aec1754c93c64ec6819' class='lightpress__section lightpress__section--content'><div class=\"content__grid content__grid\">\n    <div class=\"content__box content__box--one-hundred\">\n                                                        <h4 align=\"center\">Weltber\u00fchmtes Kulturgut und Wahrzeichen<\/h4>\n<p>Der Wiener Stephansdom steht f\u00fcr Vieles: Er ist\u00a0 weltber\u00fchmtes Kulturgut und ein Bauwerk, das international keine Vergleiche zu scheuen braucht. Er ist das nationale Wahrzeichen \u00d6sterreichs und ein Symbol f\u00fcr die \u00f6sterreichische Identit\u00e4t.<\/p>\n<p align=\"center\">Allem voran ist der Stephansdom \u2013 neben seiner kulturellen Bedeutung eines \u2013 Kirche.<\/p>\n\n                                        <\/div>\n    <\/div><\/section>\n\n<section id='lightpress__section--block_86d86a919bcc1a2bc47e51f7f918d794' class='lightpress__section lightpress__section--content'><div class=\"content__grid content__grid--fifty-fifty\">\n    <div class=\"content__box content__box content__box--text-center\">\n                                                        <h4>Der Dom zu St. Stephan in Wien<\/h4>\n<p>Das Bauwerk und Kulturgut \u201eStephansdom\u201c ist Gegenstand zahlreicher B\u00fccher, Bildb\u00e4nde und Untersuchungen.<\/p>\n<p>Die zigtausenden Details, die in seinem Inneren wie \u00c4u\u00dferen zu finden sind, machen ihn zu einer kunsthistorischen und architektonischen Schatzkiste.<\/p>\n<p>Jedes Detail hat seine Bestimmung, Hintergrund und Geschichte: Alt\u00e4re, Tore, T\u00fcrme, Pfeilerfiguren, Bilder &#8230;<\/p>\n\n                                        <\/div>\n            <div class=\"content__box content__box\">\n                                                                    <img decoding=\"async\" class=\"content__image\" src=\"https:\/\/discover-culture.com\/wp-content\/uploads\/Stephansdom.jpg\" alt=\"Stephansdom\" loading=\"lazy\">\n                                                        <\/div>\n    <\/div><\/section>\n\n<section id='lightpress__section--block_3b3c961f0035cf34e41280d06eca2d83' class='lightpress__section lightpress__section--content'><div class=\"content__grid content__grid\">\n    <div class=\"content__box content__box\">\n                                                    <img decoding=\"async\" class=\"content__image\" src=\"https:\/\/discover-culture.com\/wp-content\/uploads\/IMG_5761-scaled.jpg\" alt=\"IMG 5761 scaled\" loading=\"lazy\">\n                                        <\/div>\n            <div class=\"content__box content__box--one-third content__box--text-center\">\n                                                                        <h4>Den Stephansdom virtuell entdecken<\/h4>\n<p>Dompfarrer Toni Faber hei\u00dft Besucherinnen und Besucher bei Ihrem virtuellen Besuch willkommen und begleitet multimedial durch den einzigartigen Dom zu St. Stephan.<\/p>\n<p>Hochinteressante Details und Informationen zu diesem unvergleichbaren Kulturgut \u00d6sterreichs vermitteln sowohl Domarchivar und Domkapellmeisters als auch der Dombaumeister virtuell zu diesem au\u00dfergew\u00f6hnlichen Bauwerk\u00a0 &#8211; dem Dom zu St. Stephan in Wien.<\/p>\n\n                                                        <\/div>\n    <\/div><\/section>\n\n<section id='lightpress__section--block_0099110f9be86fd6491cbbc2241730b6' class='lightpress__section lightpress__section--card-item-content'><div class=\"card-item\">\n  \n    <div id='lightpress__section--block_69d29fae431de' class='lightpress__section--content'><div class=\"content__grid content__grid--fifty-fifty\">\n    <div class=\"content__box content__box content__box--text-center\">\n                                                        <h4>Erl\u00e4uterungen zur virtuellen Tour :<\/h4>\n<p>Die <span style=\"text-decoration: underline;\"><strong>virtuelle Tour beginnt im Hauptschiff des Stephansdomes<\/strong><\/span>. <br \/>\u00dcber erg\u00e4nzende Tourenbereiche gelangt man weiter an folgende Orte des Domes (im Uhrzeigersinn):<\/p>\n<ul>\n<li>Zur Westempore und weiter zur Bartholom\u00e4us Kapelle<\/li>\n<li>Zur Prinz Eugen Kapelle<\/li>\n<li>Zum Nordturm mit der ber\u00fchmten Kirchenglocke Pummerin<\/li>\n<li>Zum Dachboden des Domes mit der einzigartigen Dachrinne<\/li>\n<li>Zu den Katakomben des Domes<\/li>\n<li>Zur Barbara Kapelle<\/li>\n<li>Zur Katharinen Kapelle<\/li>\n<\/ul>\n\n                                        <\/div>\n            <div class=\"content__box content__box\">\n                                                                    <img decoding=\"async\" class=\"content__image\" src=\"https:\/\/discover-culture.com\/wp-content\/uploads\/IMG_5737.jpg\" alt=\"IMG 5737\" loading=\"lazy\">\n                                                        <\/div>\n    <\/div><\/div>\n<\/div>\n<\/section>\n\n<section id='lightpress__section--block_2921f77984f7593b8d46ed43346b0fd7' class='lightpress__section lightpress__section--content'><div class=\"content__grid content__grid\">\n    <div class=\"content__box content__box--one-hundred\">\n                                                        <p align=\"center\"><strong>Herzlich Willkommen in der virtuellen Domkirche zu St. Stephan in Wien !<\/strong><\/p>\n<p><a class=\"lcyd__button lcyd__button--animate lcyd__button--arrow lcyd__button--animate\" href=\"https:\/\/www.stephanskirche.at\/\" target=\"_blank\" rel=\"noopener\">Alle Informationen zum Dom zu St. Stephan in Wien<\/a><\/p>\n\n                                        <\/div>\n    <\/div><\/section>","protected":false},"excerpt":{"rendered":"","protected":false},"featured_media":4461,"template":"","meta":{"_acf_changed":true,"_relevanssi_hide_post":"","_relevanssi_hide_content":"","_relevanssi_pin_for_all":"","_relevanssi_pin_keywords":"","_relevanssi_unpin_keywords":"","_relevanssi_related_keywords":"","_relevanssi_related_include_ids":"","_relevanssi_related_exclude_ids":"","_relevanssi_related_no_append":"","_relevanssi_related_not_related":"","_relevanssi_related_posts":"3841,3848,3845,3844,3849","_relevanssi_noindex_reason":""},"product_brand":[],"product_cat":[16],"product_tag":[],"class_list":["product-available","product","first","instock","virtual","sold-individually","taxable","purchasable","product-type-bundle"],"bundled_by":[],"bundle_stock_status":"instock","bundle_stock_quantity":"","bundle_virtual":false,"bundle_layout":"default","bundle_add_to_cart_form_location":"default","bundle_editable_in_cart":false,"bundle_sold_individually_context":"product","bundle_item_grouping":"parent","bundle_min_size":"","bundle_max_size":"","bundle_price":{"price":{"min":{"incl_tax":"0","excl_tax":"0"},"max":{"incl_tax":"0","excl_tax":"0"}},"regular_price":{"min":{"incl_tax":"0","excl_tax":"0"},"max":{"incl_tax":"0","excl_tax":"0"}}},"bundled_items":[{"bundled_item_id":51,"product_id":6401,"menu_order":0,"quantity_min":1,"quantity_max":1,"quantity_default":1,"priced_individually":false,"shipped_individually":true,"override_title":false,"title":"","override_description":false,"description":"","optional":false,"hide_thumbnail":false,"discount":"","override_variations":false,"allowed_variations":[],"override_default_variation_attributes":false,"default_variation_attributes":[],"single_product_visibility":"visible","cart_visibility":"visible","order_visibility":"visible","single_product_price_visibility":"visible","cart_price_visibility":"visible","order_price_visibility":"visible","stock_status":"in_stock"},{"bundled_item_id":52,"product_id":6402,"menu_order":1,"quantity_min":1,"quantity_max":1,"quantity_default":1,"priced_individually":false,"shipped_individually":true,"override_title":false,"title":"","override_description":false,"description":"","optional":false,"hide_thumbnail":false,"discount":"","override_variations":false,"allowed_variations":[],"override_default_variation_attributes":false,"default_variation_attributes":[],"single_product_visibility":"visible","cart_visibility":"visible","order_visibility":"visible","single_product_price_visibility":"visible","cart_price_visibility":"visible","order_price_visibility":"visible","stock_status":"in_stock"},{"bundled_item_id":53,"product_id":6403,"menu_order":2,"quantity_min":1,"quantity_max":1,"quantity_default":1,"priced_individually":false,"shipped_individually":true,"override_title":false,"title":"","override_description":false,"description":"","optional":false,"hide_thumbnail":false,"discount":"","override_variations":false,"allowed_variations":[],"override_default_variation_attributes":false,"default_variation_attributes":[],"single_product_visibility":"visible","cart_visibility":"visible","order_visibility":"visible","single_product_price_visibility":"visible","cart_price_visibility":"visible","order_price_visibility":"visible","stock_status":"in_stock"},{"bundled_item_id":54,"product_id":6395,"menu_order":3,"quantity_min":1,"quantity_max":1,"quantity_default":1,"priced_individually":false,"shipped_individually":true,"override_title":false,"title":"","override_description":false,"description":"","optional":false,"hide_thumbnail":false,"discount":"","override_variations":false,"allowed_variations":[],"override_default_variation_attributes":false,"default_variation_attributes":[],"single_product_visibility":"visible","cart_visibility":"visible","order_visibility":"visible","single_product_price_visibility":"visible","cart_price_visibility":"visible","order_price_visibility":"visible","stock_status":"in_stock"},{"bundled_item_id":58,"product_id":6405,"menu_order":4,"quantity_min":1,"quantity_max":1,"quantity_default":1,"priced_individually":false,"shipped_individually":true,"override_title":false,"title":"","override_description":false,"description":"","optional":false,"hide_thumbnail":false,"discount":"","override_variations":false,"allowed_variations":[],"override_default_variation_attributes":false,"default_variation_attributes":[],"single_product_visibility":"visible","cart_visibility":"visible","order_visibility":"visible","single_product_price_visibility":"visible","cart_price_visibility":"visible","order_price_visibility":"visible","stock_status":"in_stock"},{"bundled_item_id":59,"product_id":6404,"menu_order":5,"quantity_min":1,"quantity_max":1,"quantity_default":1,"priced_individually":false,"shipped_individually":true,"override_title":false,"title":"","override_description":false,"description":"","optional":false,"hide_thumbnail":false,"discount":"","override_variations":false,"allowed_variations":[],"override_default_variation_attributes":false,"default_variation_attributes":[],"single_product_visibility":"visible","cart_visibility":"visible","order_visibility":"visible","single_product_price_visibility":"visible","cart_price_visibility":"visible","order_price_visibility":"visible","stock_status":"in_stock"},{"bundled_item_id":60,"product_id":6396,"menu_order":6,"quantity_min":1,"quantity_max":1,"quantity_default":1,"priced_individually":false,"shipped_individually":true,"override_title":false,"title":"","override_description":false,"description":"","optional":false,"hide_thumbnail":false,"discount":"","override_variations":false,"allowed_variations":[],"override_default_variation_attributes":false,"default_variation_attributes":[],"single_product_visibility":"visible","cart_visibility":"visible","order_visibility":"visible","single_product_price_visibility":"visible","cart_price_visibility":"visible","order_price_visibility":"visible","stock_status":"in_stock"},{"bundled_item_id":61,"product_id":6398,"menu_order":7,"quantity_min":1,"quantity_max":1,"quantity_default":1,"priced_individually":false,"shipped_individually":true,"override_title":false,"title":"","override_description":false,"description":"","optional":false,"hide_thumbnail":false,"discount":"","override_variations":false,"allowed_variations":[],"override_default_variation_attributes":false,"default_variation_attributes":[],"single_product_visibility":"visible","cart_visibility":"visible","order_visibility":"visible","single_product_price_visibility":"visible","cart_price_visibility":"visible","order_price_visibility":"visible","stock_status":"in_stock"},{"bundled_item_id":71,"product_id":6400,"menu_order":8,"quantity_min":1,"quantity_max":1,"quantity_default":1,"priced_individually":false,"shipped_individually":true,"override_title":false,"title":"","override_description":false,"description":"","optional":false,"hide_thumbnail":false,"discount":"","override_variations":false,"allowed_variations":[],"override_default_variation_attributes":false,"default_variation_attributes":[],"single_product_visibility":"visible","cart_visibility":"visible","order_visibility":"visible","single_product_price_visibility":"visible","cart_price_visibility":"visible","order_price_visibility":"visible","stock_status":"in_stock"}],"bundle_sell_ids":[],"acf":[],"yoast_head":"<!-- This site is optimized with the Yoast SEO Premium plugin v25.7.1 (Yoast SEO v26.8) - https:\/\/yoast.com\/product\/yoast-seo-premium-wordpress\/ -->\n<title>Domkirche zu St. Stephan - Discover-Culture<\/title>\n<meta name=\"description\" content=\"Finden Sie hier alle Informationen zum Produkt Domkirche zu St. Stephan und betreten Sie die neue Welt von Kunst und Kultur!\" \/>\n<meta name=\"robots\" content=\"index, follow, max-snippet:-1, max-image-preview:large, max-video-preview:-1\" \/>\n<link rel=\"canonical\" href=\"https:\/\/discover-culture.com\/de\/partner\/stephansdom-wien\/touren\/domkirche-zu-st-stephan\/\" \/>\n<meta property=\"og:locale\" content=\"de_DE\" \/>\n<meta property=\"og:type\" content=\"article\" \/>\n<meta property=\"og:title\" content=\"Domkirche zu St. Stephan\" \/>\n<meta property=\"og:description\" content=\"Finden Sie hier alle Informationen zum Produkt Domkirche zu St. Stephan und betreten Sie die neue Welt von Kunst und Kultur!\" \/>\n<meta property=\"og:url\" content=\"https:\/\/discover-culture.com\/de\/partner\/stephansdom-wien\/touren\/domkirche-zu-st-stephan\/\" \/>\n<meta property=\"og:site_name\" content=\"Discover-Culture\" \/>\n<meta property=\"article:modified_time\" content=\"2024-03-24T09:47:25+00:00\" \/>\n<meta property=\"og:image\" content=\"https:\/\/discover-culture.com\/wp-content\/uploads\/photo-1516550893923-42d28e5677af.jpg\" \/>\n\t<meta property=\"og:image:width\" content=\"1172\" \/>\n\t<meta property=\"og:image:height\" content=\"780\" \/>\n\t<meta property=\"og:image:type\" content=\"image\/jpeg\" \/>\n<meta name=\"twitter:card\" content=\"summary_large_image\" \/>\n<meta name=\"twitter:label1\" content=\"Gesch\u00e4tzte Lesezeit\" \/>\n\t<meta name=\"twitter:data1\" content=\"1\u00a0Minute\" \/>\n<script type=\"application\/ld+json\" class=\"yoast-schema-graph\">{\"@context\":\"https:\/\/schema.org\",\"@graph\":[{\"@type\":\"WebPage\",\"@id\":\"https:\/\/discover-culture.com\/partner\/stephansdom-wien\/touren\/domkirche-zu-st-stephan\/\",\"url\":\"https:\/\/discover-culture.com\/partner\/stephansdom-wien\/touren\/domkirche-zu-st-stephan\/\",\"name\":\"Domkirche zu St. Stephan - Discover-Culture\",\"isPartOf\":{\"@id\":\"https:\/\/discover-culture.com\/de\/#website\"},\"primaryImageOfPage\":{\"@id\":\"https:\/\/discover-culture.com\/partner\/stephansdom-wien\/touren\/domkirche-zu-st-stephan\/#primaryimage\"},\"image\":{\"@id\":\"https:\/\/discover-culture.com\/partner\/stephansdom-wien\/touren\/domkirche-zu-st-stephan\/#primaryimage\"},\"thumbnailUrl\":\"https:\/\/discover-culture.com\/wp-content\/uploads\/photo-1516550893923-42d28e5677af.jpg\",\"datePublished\":\"2022-08-24T09:27:51+00:00\",\"dateModified\":\"2024-03-24T09:47:25+00:00\",\"description\":\"Finden Sie hier alle Informationen zum Produkt Domkirche zu St. Stephan und betreten Sie die neue Welt von Kunst und Kultur!\",\"breadcrumb\":{\"@id\":\"https:\/\/discover-culture.com\/partner\/stephansdom-wien\/touren\/domkirche-zu-st-stephan\/#breadcrumb\"},\"inLanguage\":\"de\",\"potentialAction\":[{\"@type\":\"ReadAction\",\"target\":[\"https:\/\/discover-culture.com\/partner\/stephansdom-wien\/touren\/domkirche-zu-st-stephan\/\"]}]},{\"@type\":\"ImageObject\",\"inLanguage\":\"de\",\"@id\":\"https:\/\/discover-culture.com\/partner\/stephansdom-wien\/touren\/domkirche-zu-st-stephan\/#primaryimage\",\"url\":\"https:\/\/discover-culture.com\/wp-content\/uploads\/photo-1516550893923-42d28e5677af.jpg\",\"contentUrl\":\"https:\/\/discover-culture.com\/wp-content\/uploads\/photo-1516550893923-42d28e5677af.jpg\",\"width\":1172,\"height\":780,\"caption\":\"photo 1516550893923 42d28e5677af\"},{\"@type\":\"BreadcrumbList\",\"@id\":\"https:\/\/discover-culture.com\/partner\/stephansdom-wien\/touren\/domkirche-zu-st-stephan\/#breadcrumb\",\"itemListElement\":[{\"@type\":\"ListItem\",\"position\":1,\"name\":\"Home\",\"item\":\"https:\/\/discover-culture.com\/\"},{\"@type\":\"ListItem\",\"position\":2,\"name\":\"Produkte\",\"item\":\"https:\/\/discover-culture.com\/de\/shop\/\"},{\"@type\":\"ListItem\",\"position\":3,\"name\":\"Domkirche zu St. Stephan\"}]},{\"@type\":\"WebSite\",\"@id\":\"https:\/\/discover-culture.com\/de\/#website\",\"url\":\"https:\/\/discover-culture.com\/de\/\",\"name\":\"Discover-Culture\",\"description\":\"\",\"potentialAction\":[{\"@type\":\"SearchAction\",\"target\":{\"@type\":\"EntryPoint\",\"urlTemplate\":\"https:\/\/discover-culture.com\/de\/?s={search_term_string}\"},\"query-input\":{\"@type\":\"PropertyValueSpecification\",\"valueRequired\":true,\"valueName\":\"search_term_string\"}}],\"inLanguage\":\"de\"}]}<\/script>\n<!-- \/ Yoast SEO Premium plugin. -->","yoast_head_json":{"title":"Domkirche zu St. Stephan - Discover-Culture","description":"Finden Sie hier alle Informationen zum Produkt Domkirche zu St. Stephan und betreten Sie die neue Welt von Kunst und Kultur!","robots":{"index":"index","follow":"follow","max-snippet":"max-snippet:-1","max-image-preview":"max-image-preview:large","max-video-preview":"max-video-preview:-1"},"canonical":"https:\/\/discover-culture.com\/de\/partner\/stephansdom-wien\/touren\/domkirche-zu-st-stephan\/","og_locale":"de_DE","og_type":"article","og_title":"Domkirche zu St. Stephan","og_description":"Finden Sie hier alle Informationen zum Produkt Domkirche zu St. Stephan und betreten Sie die neue Welt von Kunst und Kultur!","og_url":"https:\/\/discover-culture.com\/de\/partner\/stephansdom-wien\/touren\/domkirche-zu-st-stephan\/","og_site_name":"Discover-Culture","article_modified_time":"2024-03-24T09:47:25+00:00","og_image":[{"width":1172,"height":780,"url":"https:\/\/discover-culture.com\/wp-content\/uploads\/photo-1516550893923-42d28e5677af.jpg","type":"image\/jpeg"}],"twitter_card":"summary_large_image","twitter_misc":{"Gesch\u00e4tzte Lesezeit":"1\u00a0Minute"},"schema":{"@context":"https:\/\/schema.org","@graph":[{"@type":"WebPage","@id":"https:\/\/discover-culture.com\/partner\/stephansdom-wien\/touren\/domkirche-zu-st-stephan\/","url":"https:\/\/discover-culture.com\/partner\/stephansdom-wien\/touren\/domkirche-zu-st-stephan\/","name":"Domkirche zu St. Stephan - Discover-Culture","isPartOf":{"@id":"https:\/\/discover-culture.com\/de\/#website"},"primaryImageOfPage":{"@id":"https:\/\/discover-culture.com\/partner\/stephansdom-wien\/touren\/domkirche-zu-st-stephan\/#primaryimage"},"image":{"@id":"https:\/\/discover-culture.com\/partner\/stephansdom-wien\/touren\/domkirche-zu-st-stephan\/#primaryimage"},"thumbnailUrl":"https:\/\/discover-culture.com\/wp-content\/uploads\/photo-1516550893923-42d28e5677af.jpg","datePublished":"2022-08-24T09:27:51+00:00","dateModified":"2024-03-24T09:47:25+00:00","description":"Finden Sie hier alle Informationen zum Produkt Domkirche zu St. Stephan und betreten Sie die neue Welt von Kunst und Kultur!","breadcrumb":{"@id":"https:\/\/discover-culture.com\/partner\/stephansdom-wien\/touren\/domkirche-zu-st-stephan\/#breadcrumb"},"inLanguage":"de","potentialAction":[{"@type":"ReadAction","target":["https:\/\/discover-culture.com\/partner\/stephansdom-wien\/touren\/domkirche-zu-st-stephan\/"]}]},{"@type":"ImageObject","inLanguage":"de","@id":"https:\/\/discover-culture.com\/partner\/stephansdom-wien\/touren\/domkirche-zu-st-stephan\/#primaryimage","url":"https:\/\/discover-culture.com\/wp-content\/uploads\/photo-1516550893923-42d28e5677af.jpg","contentUrl":"https:\/\/discover-culture.com\/wp-content\/uploads\/photo-1516550893923-42d28e5677af.jpg","width":1172,"height":780,"caption":"photo 1516550893923 42d28e5677af"},{"@type":"BreadcrumbList","@id":"https:\/\/discover-culture.com\/partner\/stephansdom-wien\/touren\/domkirche-zu-st-stephan\/#breadcrumb","itemListElement":[{"@type":"ListItem","position":1,"name":"Home","item":"https:\/\/discover-culture.com\/"},{"@type":"ListItem","position":2,"name":"Produkte","item":"https:\/\/discover-culture.com\/de\/shop\/"},{"@type":"ListItem","position":3,"name":"Domkirche zu St. Stephan"}]},{"@type":"WebSite","@id":"https:\/\/discover-culture.com\/de\/#website","url":"https:\/\/discover-culture.com\/de\/","name":"Discover-Culture","description":"","potentialAction":[{"@type":"SearchAction","target":{"@type":"EntryPoint","urlTemplate":"https:\/\/discover-culture.com\/de\/?s={search_term_string}"},"query-input":{"@type":"PropertyValueSpecification","valueRequired":true,"valueName":"search_term_string"}}],"inLanguage":"de"}]}},"_links":{"self":[{"href":"https:\/\/discover-culture.com\/de\/wp-json\/wp\/v2\/product\/6407","targetHints":{"allow":["GET"]}}],"collection":[{"href":"https:\/\/discover-culture.com\/de\/wp-json\/wp\/v2\/product"}],"about":[{"href":"https:\/\/discover-culture.com\/de\/wp-json\/wp\/v2\/types\/product"}],"wp:featuredmedia":[{"embeddable":true,"href":"https:\/\/discover-culture.com\/de\/wp-json\/wp\/v2\/media\/4461"}],"wp:attachment":[{"href":"https:\/\/discover-culture.com\/de\/wp-json\/wp\/v2\/media?parent=6407"}],"wp:term":[{"taxonomy":"product_brand","embeddable":true,"href":"https:\/\/discover-culture.com\/de\/wp-json\/wp\/v2\/product_brand?post=6407"},{"taxonomy":"product_cat","embeddable":true,"href":"https:\/\/discover-culture.com\/de\/wp-json\/wp\/v2\/product_cat?post=6407"},{"taxonomy":"product_tag","embeddable":true,"href":"https:\/\/discover-culture.com\/de\/wp-json\/wp\/v2\/product_tag?post=6407"}],"curies":[{"name":"wp","href":"https:\/\/api.w.org\/{rel}","templated":true}]}}