{"id":6405,"date":"2022-08-24T10:11:26","date_gmt":"2022-08-24T08:11:26","guid":{"rendered":"https:\/\/discover-culture.com\/partner\/\/touren\/"},"modified":"2024-03-13T11:51:06","modified_gmt":"2024-03-13T09:51:06","slug":"kirchenglocke-pummerin-im-dom-zu-st-stephan","status":"publish","type":"product","link":"https:\/\/discover-culture.com\/partner\/stephansdom-wien\/touren\/kirchenglocke-pummerin-im-dom-zu-st-stephan","title":{"rendered":"Kirchenglocke Pummerin im Dom zu St. Stephan"},"content":{"rendered":"<section id='lightpress__section--block_bcc443708d844039beaca1c308a8d507' class='lightpress__section lightpress__section--content'><div class=\"content__grid content__grid--fifty-fifty\">\n    <div class=\"content__box content__box content__box--text-center\">\n                                                        <h4>Die Pummerin<\/h4>\n<p>Die Pummerin ist \u00d6sterreichs gr\u00f6\u00dfte und schwerste Glocke: Sie wiegt 21.383 kg und h\u00e4ngt seit 1957 am Nordturm. Die \u201ealte&#8220; Pummerin aus dem Jahre 1711 st\u00fcrzte 1945 beim Brand des Stephansdoms in die Tiefe.<\/p>\n<p>Die \u201eneue&#8220; Pummerin wurde \u2013 teilweise aus altem Material \u2013 1951 in St. Florian neu gegossen und 1952 wieder nach Wien gebracht. Sie war ein Geschenk des Bundeslandes Ober\u00f6sterreich an den Stephansdom.<\/p>\n\n                                        <\/div>\n            <div class=\"content__box content__box\">\n                                                                    <img decoding=\"async\" class=\"content__image\" src=\"https:\/\/discover-culture.com\/wp-content\/uploads\/Pummerin-1.jpg\" alt=\"Pummerin 1\" loading=\"lazy\">\n                                                        <\/div>\n    <\/div><\/section>\n\n<section id='lightpress__section--block_9087a2d967d65138856e5ff2bfbab710' class='lightpress__section lightpress__section--content-with-gallery'><h2 class=\"cwg__headline\"><\/h2>\n<div id='lightpress__section--block_69d4f16c6dcd4' class='cwg__content lightpress__section--content'><div class=\"content__grid content__grid\">\n    <div class=\"content__box content__box--one-hundred\">\n                                                        <p align=\"center\">Auf 68,3 Metern H\u00f6he am Nordturm ist die Pummerin ein imposantes St\u00fcck Geschichte des Domes zu St. Stephan.<\/p>\n\n                                        <\/div>\n    <\/div><\/div>\n\n<div class=\"cwg__gallery cwg__gallery--3\">\n                    <picture class=\"cwg__image\">\n            <source srcset=\"https:\/\/discover-culture.com\/wp-content\/uploads\/Stephansdom_Dach.webp\" type=\"image\/webp\">\n            <source srcset=\"https:\/\/discover-culture.com\/wp-content\/uploads\/Stephansdom_Dach.jpg\" type=\"image\/jpeg\">\n            <img decoding=\"async\" loading=\"lazy\" src=\"https:\/\/discover-culture.com\/wp-content\/uploads\/Stephansdom_Dach.jpg\" alt=\"Stephansdom Dach\">\n        <\/picture>\n                    <picture class=\"cwg__image\">\n            <source srcset=\"https:\/\/discover-culture.com\/wp-content\/uploads\/Pummerin.webp\" type=\"image\/webp\">\n            <source srcset=\"https:\/\/discover-culture.com\/wp-content\/uploads\/Pummerin.jpg\" type=\"image\/jpeg\">\n            <img decoding=\"async\" loading=\"lazy\" src=\"https:\/\/discover-culture.com\/wp-content\/uploads\/Pummerin.jpg\" alt=\"Pummerin\">\n        <\/picture>\n                    <picture class=\"cwg__image\">\n            <source srcset=\"https:\/\/discover-culture.com\/wp-content\/uploads\/Suedturm_Stephansdom.webp\" type=\"image\/webp\">\n            <source srcset=\"https:\/\/discover-culture.com\/wp-content\/uploads\/Suedturm_Stephansdom.jpg\" type=\"image\/jpeg\">\n            <img decoding=\"async\" loading=\"lazy\" src=\"https:\/\/discover-culture.com\/wp-content\/uploads\/Suedturm_Stephansdom.jpg\" alt=\"Suedturm Stephansdom\">\n        <\/picture>\n    <\/div><\/section>","protected":false},"excerpt":{"rendered":"","protected":false},"featured_media":6411,"template":"","meta":{"_acf_changed":false,"_relevanssi_hide_post":"","_relevanssi_hide_content":"","_relevanssi_pin_for_all":"","_relevanssi_pin_keywords":"","_relevanssi_unpin_keywords":"","_relevanssi_related_keywords":"","_relevanssi_related_include_ids":"","_relevanssi_related_exclude_ids":"","_relevanssi_related_no_append":"","_relevanssi_related_not_related":"","_relevanssi_related_posts":"","_relevanssi_noindex_reason":""},"product_brand":[],"product_cat":[16],"product_tag":[],"class_list":["product-subtour","product","first","instock","virtual","sold-individually","taxable","purchasable","product-type-simple"],"bundled_by":["6407"],"bundle_stock_status":"instock","bundle_stock_quantity":null,"bundle_virtual":false,"bundle_layout":"","bundle_add_to_cart_form_location":"","bundle_editable_in_cart":false,"bundle_sold_individually_context":"","bundle_item_grouping":"","bundle_min_size":"","bundle_max_size":"","bundle_price":[],"bundled_items":[],"bundle_sell_ids":[],"acf":[],"yoast_head":"<!-- This site is optimized with the Yoast SEO Premium plugin v25.7.1 (Yoast SEO v26.8) - https:\/\/yoast.com\/product\/yoast-seo-premium-wordpress\/ -->\n<title>Kirchenglocke Pummerin im Dom zu St. Stephan - Discover-Culture<\/title>\n<meta name=\"description\" content=\"Finden Sie hier alle Informationen zum Produkt Kirchenglocke Pummerin im Dom zu St. Stephan und betreten Sie die neue Welt von Kunst und Kultur!\" \/>\n<meta name=\"robots\" content=\"index, follow, max-snippet:-1, max-image-preview:large, max-video-preview:-1\" \/>\n<link rel=\"canonical\" href=\"https:\/\/discover-culture.com\/de\/partner\/stephansdom-wien\/touren\/kirchenglocke-pummerin-im-dom-zu-st-stephan\/\" \/>\n<meta property=\"og:locale\" content=\"de_DE\" \/>\n<meta property=\"og:type\" content=\"article\" \/>\n<meta property=\"og:title\" content=\"Kirchenglocke Pummerin im Dom zu St. Stephan\" \/>\n<meta property=\"og:description\" content=\"Finden Sie hier alle Informationen zum Produkt Kirchenglocke Pummerin im Dom zu St. Stephan und betreten Sie die neue Welt von Kunst und Kultur!\" \/>\n<meta property=\"og:url\" content=\"https:\/\/discover-culture.com\/de\/partner\/stephansdom-wien\/touren\/kirchenglocke-pummerin-im-dom-zu-st-stephan\/\" \/>\n<meta property=\"og:site_name\" content=\"Discover-Culture\" \/>\n<meta property=\"article:modified_time\" content=\"2024-03-13T09:51:06+00:00\" \/>\n<meta property=\"og:image\" content=\"https:\/\/discover-culture.com\/wp-content\/uploads\/Pummerin.jpg\" \/>\n\t<meta property=\"og:image:width\" content=\"2000\" \/>\n\t<meta property=\"og:image:height\" content=\"2290\" \/>\n\t<meta property=\"og:image:type\" content=\"image\/jpeg\" \/>\n<meta name=\"twitter:card\" content=\"summary_large_image\" \/>\n<meta name=\"twitter:label1\" content=\"Gesch\u00e4tzte Lesezeit\" \/>\n\t<meta name=\"twitter:data1\" content=\"1\u00a0Minute\" \/>\n<script type=\"application\/ld+json\" class=\"yoast-schema-graph\">{\"@context\":\"https:\/\/schema.org\",\"@graph\":[{\"@type\":\"WebPage\",\"@id\":\"https:\/\/discover-culture.com\/partner\/stephansdom-wien\/touren\/kirchenglocke-pummerin-im-dom-zu-st-stephan\/\",\"url\":\"https:\/\/discover-culture.com\/partner\/stephansdom-wien\/touren\/kirchenglocke-pummerin-im-dom-zu-st-stephan\/\",\"name\":\"Kirchenglocke Pummerin im Dom zu St. Stephan - Discover-Culture\",\"isPartOf\":{\"@id\":\"https:\/\/discover-culture.com\/de\/#website\"},\"primaryImageOfPage\":{\"@id\":\"https:\/\/discover-culture.com\/partner\/stephansdom-wien\/touren\/kirchenglocke-pummerin-im-dom-zu-st-stephan\/#primaryimage\"},\"image\":{\"@id\":\"https:\/\/discover-culture.com\/partner\/stephansdom-wien\/touren\/kirchenglocke-pummerin-im-dom-zu-st-stephan\/#primaryimage\"},\"thumbnailUrl\":\"https:\/\/discover-culture.com\/wp-content\/uploads\/Pummerin.jpg\",\"datePublished\":\"2022-08-24T08:11:26+00:00\",\"dateModified\":\"2024-03-13T09:51:06+00:00\",\"description\":\"Finden Sie hier alle Informationen zum Produkt Kirchenglocke Pummerin im Dom zu St. Stephan und betreten Sie die neue Welt von Kunst und Kultur!\",\"breadcrumb\":{\"@id\":\"https:\/\/discover-culture.com\/partner\/stephansdom-wien\/touren\/kirchenglocke-pummerin-im-dom-zu-st-stephan\/#breadcrumb\"},\"inLanguage\":\"de\",\"potentialAction\":[{\"@type\":\"ReadAction\",\"target\":[\"https:\/\/discover-culture.com\/partner\/stephansdom-wien\/touren\/kirchenglocke-pummerin-im-dom-zu-st-stephan\/\"]}]},{\"@type\":\"ImageObject\",\"inLanguage\":\"de\",\"@id\":\"https:\/\/discover-culture.com\/partner\/stephansdom-wien\/touren\/kirchenglocke-pummerin-im-dom-zu-st-stephan\/#primaryimage\",\"url\":\"https:\/\/discover-culture.com\/wp-content\/uploads\/Pummerin.jpg\",\"contentUrl\":\"https:\/\/discover-culture.com\/wp-content\/uploads\/Pummerin.jpg\",\"width\":2000,\"height\":2290,\"caption\":\"Pummerin\"},{\"@type\":\"BreadcrumbList\",\"@id\":\"https:\/\/discover-culture.com\/partner\/stephansdom-wien\/touren\/kirchenglocke-pummerin-im-dom-zu-st-stephan\/#breadcrumb\",\"itemListElement\":[{\"@type\":\"ListItem\",\"position\":1,\"name\":\"Home\",\"item\":\"https:\/\/discover-culture.com\/\"},{\"@type\":\"ListItem\",\"position\":2,\"name\":\"Produkte\",\"item\":\"https:\/\/discover-culture.com\/de\/shop\/\"},{\"@type\":\"ListItem\",\"position\":3,\"name\":\"Kirchenglocke Pummerin im Dom zu St. Stephan\"}]},{\"@type\":\"WebSite\",\"@id\":\"https:\/\/discover-culture.com\/de\/#website\",\"url\":\"https:\/\/discover-culture.com\/de\/\",\"name\":\"Discover-Culture\",\"description\":\"\",\"potentialAction\":[{\"@type\":\"SearchAction\",\"target\":{\"@type\":\"EntryPoint\",\"urlTemplate\":\"https:\/\/discover-culture.com\/de\/?s={search_term_string}\"},\"query-input\":{\"@type\":\"PropertyValueSpecification\",\"valueRequired\":true,\"valueName\":\"search_term_string\"}}],\"inLanguage\":\"de\"}]}<\/script>\n<!-- \/ Yoast SEO Premium plugin. -->","yoast_head_json":{"title":"Kirchenglocke Pummerin im Dom zu St. Stephan - Discover-Culture","description":"Finden Sie hier alle Informationen zum Produkt Kirchenglocke Pummerin im Dom zu St. Stephan und betreten Sie die neue Welt von Kunst und Kultur!","robots":{"index":"index","follow":"follow","max-snippet":"max-snippet:-1","max-image-preview":"max-image-preview:large","max-video-preview":"max-video-preview:-1"},"canonical":"https:\/\/discover-culture.com\/de\/partner\/stephansdom-wien\/touren\/kirchenglocke-pummerin-im-dom-zu-st-stephan\/","og_locale":"de_DE","og_type":"article","og_title":"Kirchenglocke Pummerin im Dom zu St. Stephan","og_description":"Finden Sie hier alle Informationen zum Produkt Kirchenglocke Pummerin im Dom zu St. Stephan und betreten Sie die neue Welt von Kunst und Kultur!","og_url":"https:\/\/discover-culture.com\/de\/partner\/stephansdom-wien\/touren\/kirchenglocke-pummerin-im-dom-zu-st-stephan\/","og_site_name":"Discover-Culture","article_modified_time":"2024-03-13T09:51:06+00:00","og_image":[{"width":2000,"height":2290,"url":"https:\/\/discover-culture.com\/wp-content\/uploads\/Pummerin.jpg","type":"image\/jpeg"}],"twitter_card":"summary_large_image","twitter_misc":{"Gesch\u00e4tzte Lesezeit":"1\u00a0Minute"},"schema":{"@context":"https:\/\/schema.org","@graph":[{"@type":"WebPage","@id":"https:\/\/discover-culture.com\/partner\/stephansdom-wien\/touren\/kirchenglocke-pummerin-im-dom-zu-st-stephan\/","url":"https:\/\/discover-culture.com\/partner\/stephansdom-wien\/touren\/kirchenglocke-pummerin-im-dom-zu-st-stephan\/","name":"Kirchenglocke Pummerin im Dom zu St. Stephan - Discover-Culture","isPartOf":{"@id":"https:\/\/discover-culture.com\/de\/#website"},"primaryImageOfPage":{"@id":"https:\/\/discover-culture.com\/partner\/stephansdom-wien\/touren\/kirchenglocke-pummerin-im-dom-zu-st-stephan\/#primaryimage"},"image":{"@id":"https:\/\/discover-culture.com\/partner\/stephansdom-wien\/touren\/kirchenglocke-pummerin-im-dom-zu-st-stephan\/#primaryimage"},"thumbnailUrl":"https:\/\/discover-culture.com\/wp-content\/uploads\/Pummerin.jpg","datePublished":"2022-08-24T08:11:26+00:00","dateModified":"2024-03-13T09:51:06+00:00","description":"Finden Sie hier alle Informationen zum Produkt Kirchenglocke Pummerin im Dom zu St. Stephan und betreten Sie die neue Welt von Kunst und Kultur!","breadcrumb":{"@id":"https:\/\/discover-culture.com\/partner\/stephansdom-wien\/touren\/kirchenglocke-pummerin-im-dom-zu-st-stephan\/#breadcrumb"},"inLanguage":"de","potentialAction":[{"@type":"ReadAction","target":["https:\/\/discover-culture.com\/partner\/stephansdom-wien\/touren\/kirchenglocke-pummerin-im-dom-zu-st-stephan\/"]}]},{"@type":"ImageObject","inLanguage":"de","@id":"https:\/\/discover-culture.com\/partner\/stephansdom-wien\/touren\/kirchenglocke-pummerin-im-dom-zu-st-stephan\/#primaryimage","url":"https:\/\/discover-culture.com\/wp-content\/uploads\/Pummerin.jpg","contentUrl":"https:\/\/discover-culture.com\/wp-content\/uploads\/Pummerin.jpg","width":2000,"height":2290,"caption":"Pummerin"},{"@type":"BreadcrumbList","@id":"https:\/\/discover-culture.com\/partner\/stephansdom-wien\/touren\/kirchenglocke-pummerin-im-dom-zu-st-stephan\/#breadcrumb","itemListElement":[{"@type":"ListItem","position":1,"name":"Home","item":"https:\/\/discover-culture.com\/"},{"@type":"ListItem","position":2,"name":"Produkte","item":"https:\/\/discover-culture.com\/de\/shop\/"},{"@type":"ListItem","position":3,"name":"Kirchenglocke Pummerin im Dom zu St. Stephan"}]},{"@type":"WebSite","@id":"https:\/\/discover-culture.com\/de\/#website","url":"https:\/\/discover-culture.com\/de\/","name":"Discover-Culture","description":"","potentialAction":[{"@type":"SearchAction","target":{"@type":"EntryPoint","urlTemplate":"https:\/\/discover-culture.com\/de\/?s={search_term_string}"},"query-input":{"@type":"PropertyValueSpecification","valueRequired":true,"valueName":"search_term_string"}}],"inLanguage":"de"}]}},"_links":{"self":[{"href":"https:\/\/discover-culture.com\/de\/wp-json\/wp\/v2\/product\/6405","targetHints":{"allow":["GET"]}}],"collection":[{"href":"https:\/\/discover-culture.com\/de\/wp-json\/wp\/v2\/product"}],"about":[{"href":"https:\/\/discover-culture.com\/de\/wp-json\/wp\/v2\/types\/product"}],"wp:featuredmedia":[{"embeddable":true,"href":"https:\/\/discover-culture.com\/de\/wp-json\/wp\/v2\/media\/6411"}],"wp:attachment":[{"href":"https:\/\/discover-culture.com\/de\/wp-json\/wp\/v2\/media?parent=6405"}],"wp:term":[{"taxonomy":"product_brand","embeddable":true,"href":"https:\/\/discover-culture.com\/de\/wp-json\/wp\/v2\/product_brand?post=6405"},{"taxonomy":"product_cat","embeddable":true,"href":"https:\/\/discover-culture.com\/de\/wp-json\/wp\/v2\/product_cat?post=6405"},{"taxonomy":"product_tag","embeddable":true,"href":"https:\/\/discover-culture.com\/de\/wp-json\/wp\/v2\/product_tag?post=6405"}],"curies":[{"name":"wp","href":"https:\/\/api.w.org\/{rel}","templated":true}]}}