{"id":633,"date":"2021-06-24T09:31:32","date_gmt":"2021-06-24T07:31:32","guid":{"rendered":"https:\/\/discover-culture.com\/partner\/\/touren\/"},"modified":"2024-05-07T08:53:19","modified_gmt":"2024-05-07T06:53:19","slug":"paramentik","status":"publish","type":"product","link":"https:\/\/discover-culture.com\/partner\/benediktinerstift-admont\/touren\/paramentik","title":{"rendered":"Paramentik"},"content":{"rendered":"<section id='lightpress__section--block_3a6f154f739a35cb9c594d0c4d057ab3' class='lightpress__section lightpress__section--content-with-gallery'><h2 class=\"cwg__headline\">Exklusive Einblicke in die Paramentik des Stiftes Admont<\/h2>\n<div id='lightpress__section--block_69e068889243e' class='cwg__content lightpress__section--content'><div class=\"content__grid content__grid\">\n    <div class=\"content__box content__box--one-hundred\">\n                                                        <p>Paramente sind die im Kirchenraum und in der Liturgie verwendeten Textilien. Bereits 1657 entstand als fr\u00fchestes Admonter Werk der Schutzengelornat. Den Glanz und die Sch\u00f6nheit der Stickereien spiegelt die Regel des heiligen Benedikt wieder &#8222;Damit in allem Gott verherrlicht werde\u201c (Regel des heiligen Benedikt, Kap. 57, 9).<\/p>\n\n                                        <\/div>\n    <\/div><\/div>\n\n<div class=\"cwg__gallery cwg__gallery--2\">\n                    <picture class=\"cwg__image\">\n            <source srcset=\"https:\/\/discover-culture.com\/wp-content\/uploads\/Lithurgische_Gewaender.webp\" type=\"image\/webp\">\n            <source srcset=\"https:\/\/discover-culture.com\/wp-content\/uploads\/Lithurgische_Gewaender.jpg\" type=\"image\/jpeg\">\n            <img decoding=\"async\" loading=\"lazy\" src=\"https:\/\/discover-culture.com\/wp-content\/uploads\/Lithurgische_Gewaender.jpg\" alt=\"Lithurgische Gewaender\">\n        <\/picture>\n                    <picture class=\"cwg__image\">\n            <source srcset=\"https:\/\/discover-culture.com\/wp-content\/uploads\/Paramentic.webp\" type=\"image\/webp\">\n            <source srcset=\"https:\/\/discover-culture.com\/wp-content\/uploads\/Paramentic.jpg\" type=\"image\/jpeg\">\n            <img decoding=\"async\" loading=\"lazy\" src=\"https:\/\/discover-culture.com\/wp-content\/uploads\/Paramentic.jpg\" alt=\"Paramentic\">\n        <\/picture>\n    <\/div><\/section>\n\n<section id='lightpress__section--block_8e3753953ba2e5bfdf116ca78185d790' class='lightpress__section lightpress__section--content'><div class=\"content__grid content__grid--fifty-fifty\">\n    <div class=\"content__box content__box\">\n                                                        <p class=\"text-image__heading\"><span style=\"font-size: 16px;\">Experten der jeweiligen Kunst- und Kulturbereiche f\u00fchren durch die Paramentik im Benediktinerstift Admont. Sie erz\u00e4hlen aus ihren Fachbereichen, und pr\u00e4sentieren einzigartige Kunstsch\u00e4tze.<\/span><\/p>\n\n                                        <\/div>\n            <div class=\"content__box content__box\">\n                                                                    <img decoding=\"async\" class=\"content__image\" src=\"https:\/\/discover-culture.com\/wp-content\/uploads\/Bildschirmfoto-2020-08-12-um-18.25.25-1559x1080-1.png\" alt=\"Bildschirmfoto 2020 08 12 um 18.25.25 1559x1080 1\" loading=\"lazy\">\n                                                        <\/div>\n    <\/div><\/section>","protected":false},"excerpt":{"rendered":"<p>Kunst- und Kultur im Video-Archiv erleben.<\/p>\n","protected":false},"featured_media":654,"template":"","meta":{"_acf_changed":false,"_relevanssi_hide_post":"","_relevanssi_hide_content":"","_relevanssi_pin_for_all":"","_relevanssi_pin_keywords":"","_relevanssi_unpin_keywords":"","_relevanssi_related_keywords":"","_relevanssi_related_include_ids":"","_relevanssi_related_exclude_ids":"","_relevanssi_related_no_append":"","_relevanssi_related_not_related":"","_relevanssi_related_posts":"3848,3849,3841,3845,3844","_relevanssi_noindex_reason":""},"product_brand":[],"product_cat":[21],"product_tag":[],"class_list":["product-available","product","first","instock","virtual","sold-individually","taxable","purchasable","product-type-simple"],"bundled_by":[],"bundle_stock_status":"instock","bundle_stock_quantity":null,"bundle_virtual":false,"bundle_layout":"","bundle_add_to_cart_form_location":"","bundle_editable_in_cart":false,"bundle_sold_individually_context":"","bundle_item_grouping":"","bundle_min_size":"","bundle_max_size":"","bundle_price":[],"bundled_items":[],"bundle_sell_ids":[],"acf":[],"yoast_head":"<!-- This site is optimized with the Yoast SEO Premium plugin v25.7.1 (Yoast SEO v26.8) - https:\/\/yoast.com\/product\/yoast-seo-premium-wordpress\/ -->\n<title>Paramentik - Discover-Culture<\/title>\n<meta name=\"description\" content=\"Finden Sie hier alle Informationen zum Produkt Paramentik und betreten Sie die neue Welt von Kunst und Kultur!\" \/>\n<meta name=\"robots\" content=\"index, follow, max-snippet:-1, max-image-preview:large, max-video-preview:-1\" \/>\n<link rel=\"canonical\" href=\"https:\/\/discover-culture.com\/de\/partner\/benediktinerstift-admont\/touren\/paramentik\/\" \/>\n<meta property=\"og:locale\" content=\"de_DE\" \/>\n<meta property=\"og:type\" content=\"article\" \/>\n<meta property=\"og:title\" content=\"Paramentik\" \/>\n<meta property=\"og:description\" content=\"Finden Sie hier alle Informationen zum Produkt Paramentik und betreten Sie die neue Welt von Kunst und Kultur!\" \/>\n<meta property=\"og:url\" content=\"https:\/\/discover-culture.com\/de\/partner\/benediktinerstift-admont\/touren\/paramentik\/\" \/>\n<meta property=\"og:site_name\" content=\"Discover-Culture\" \/>\n<meta property=\"article:modified_time\" content=\"2024-05-07T06:53:19+00:00\" \/>\n<meta property=\"og:image\" content=\"https:\/\/discover-culture.com\/wp-content\/uploads\/Bildschirmfoto-2020-08-12-um-18.25.25-1559x1080-1.png\" \/>\n\t<meta property=\"og:image:width\" content=\"1559\" \/>\n\t<meta property=\"og:image:height\" content=\"1080\" \/>\n\t<meta property=\"og:image:type\" content=\"image\/png\" \/>\n<meta name=\"twitter:card\" content=\"summary_large_image\" \/>\n<meta name=\"twitter:label1\" content=\"Gesch\u00e4tzte Lesezeit\" \/>\n\t<meta name=\"twitter:data1\" content=\"1\u00a0Minute\" \/>\n<script type=\"application\/ld+json\" class=\"yoast-schema-graph\">{\"@context\":\"https:\/\/schema.org\",\"@graph\":[{\"@type\":\"WebPage\",\"@id\":\"https:\/\/discover-culture.com\/partner\/benediktinerstift-admont\/touren\/paramentik\/\",\"url\":\"https:\/\/discover-culture.com\/partner\/benediktinerstift-admont\/touren\/paramentik\/\",\"name\":\"Paramentik - Discover-Culture\",\"isPartOf\":{\"@id\":\"https:\/\/discover-culture.com\/de\/#website\"},\"primaryImageOfPage\":{\"@id\":\"https:\/\/discover-culture.com\/partner\/benediktinerstift-admont\/touren\/paramentik\/#primaryimage\"},\"image\":{\"@id\":\"https:\/\/discover-culture.com\/partner\/benediktinerstift-admont\/touren\/paramentik\/#primaryimage\"},\"thumbnailUrl\":\"https:\/\/discover-culture.com\/wp-content\/uploads\/Bildschirmfoto-2020-08-12-um-18.25.25-1559x1080-1.png\",\"datePublished\":\"2021-06-24T07:31:32+00:00\",\"dateModified\":\"2024-05-07T06:53:19+00:00\",\"description\":\"Finden Sie hier alle Informationen zum Produkt Paramentik und betreten Sie die neue Welt von Kunst und Kultur!\",\"breadcrumb\":{\"@id\":\"https:\/\/discover-culture.com\/partner\/benediktinerstift-admont\/touren\/paramentik\/#breadcrumb\"},\"inLanguage\":\"de\",\"potentialAction\":[{\"@type\":\"ReadAction\",\"target\":[\"https:\/\/discover-culture.com\/partner\/benediktinerstift-admont\/touren\/paramentik\/\"]}]},{\"@type\":\"ImageObject\",\"inLanguage\":\"de\",\"@id\":\"https:\/\/discover-culture.com\/partner\/benediktinerstift-admont\/touren\/paramentik\/#primaryimage\",\"url\":\"https:\/\/discover-culture.com\/wp-content\/uploads\/Bildschirmfoto-2020-08-12-um-18.25.25-1559x1080-1.png\",\"contentUrl\":\"https:\/\/discover-culture.com\/wp-content\/uploads\/Bildschirmfoto-2020-08-12-um-18.25.25-1559x1080-1.png\",\"width\":1559,\"height\":1080,\"caption\":\"Bildschirmfoto 2020 08 12 um 18.25.25 1559x1080 1\"},{\"@type\":\"BreadcrumbList\",\"@id\":\"https:\/\/discover-culture.com\/partner\/benediktinerstift-admont\/touren\/paramentik\/#breadcrumb\",\"itemListElement\":[{\"@type\":\"ListItem\",\"position\":1,\"name\":\"Home\",\"item\":\"https:\/\/discover-culture.com\/\"},{\"@type\":\"ListItem\",\"position\":2,\"name\":\"Produkte\",\"item\":\"https:\/\/discover-culture.com\/de\/shop\/\"},{\"@type\":\"ListItem\",\"position\":3,\"name\":\"Paramentik\"}]},{\"@type\":\"WebSite\",\"@id\":\"https:\/\/discover-culture.com\/de\/#website\",\"url\":\"https:\/\/discover-culture.com\/de\/\",\"name\":\"Discover-Culture\",\"description\":\"\",\"potentialAction\":[{\"@type\":\"SearchAction\",\"target\":{\"@type\":\"EntryPoint\",\"urlTemplate\":\"https:\/\/discover-culture.com\/de\/?s={search_term_string}\"},\"query-input\":{\"@type\":\"PropertyValueSpecification\",\"valueRequired\":true,\"valueName\":\"search_term_string\"}}],\"inLanguage\":\"de\"}]}<\/script>\n<!-- \/ Yoast SEO Premium plugin. -->","yoast_head_json":{"title":"Paramentik - Discover-Culture","description":"Finden Sie hier alle Informationen zum Produkt Paramentik und betreten Sie die neue Welt von Kunst und Kultur!","robots":{"index":"index","follow":"follow","max-snippet":"max-snippet:-1","max-image-preview":"max-image-preview:large","max-video-preview":"max-video-preview:-1"},"canonical":"https:\/\/discover-culture.com\/de\/partner\/benediktinerstift-admont\/touren\/paramentik\/","og_locale":"de_DE","og_type":"article","og_title":"Paramentik","og_description":"Finden Sie hier alle Informationen zum Produkt Paramentik und betreten Sie die neue Welt von Kunst und Kultur!","og_url":"https:\/\/discover-culture.com\/de\/partner\/benediktinerstift-admont\/touren\/paramentik\/","og_site_name":"Discover-Culture","article_modified_time":"2024-05-07T06:53:19+00:00","og_image":[{"width":1559,"height":1080,"url":"https:\/\/discover-culture.com\/wp-content\/uploads\/Bildschirmfoto-2020-08-12-um-18.25.25-1559x1080-1.png","type":"image\/png"}],"twitter_card":"summary_large_image","twitter_misc":{"Gesch\u00e4tzte Lesezeit":"1\u00a0Minute"},"schema":{"@context":"https:\/\/schema.org","@graph":[{"@type":"WebPage","@id":"https:\/\/discover-culture.com\/partner\/benediktinerstift-admont\/touren\/paramentik\/","url":"https:\/\/discover-culture.com\/partner\/benediktinerstift-admont\/touren\/paramentik\/","name":"Paramentik - Discover-Culture","isPartOf":{"@id":"https:\/\/discover-culture.com\/de\/#website"},"primaryImageOfPage":{"@id":"https:\/\/discover-culture.com\/partner\/benediktinerstift-admont\/touren\/paramentik\/#primaryimage"},"image":{"@id":"https:\/\/discover-culture.com\/partner\/benediktinerstift-admont\/touren\/paramentik\/#primaryimage"},"thumbnailUrl":"https:\/\/discover-culture.com\/wp-content\/uploads\/Bildschirmfoto-2020-08-12-um-18.25.25-1559x1080-1.png","datePublished":"2021-06-24T07:31:32+00:00","dateModified":"2024-05-07T06:53:19+00:00","description":"Finden Sie hier alle Informationen zum Produkt Paramentik und betreten Sie die neue Welt von Kunst und Kultur!","breadcrumb":{"@id":"https:\/\/discover-culture.com\/partner\/benediktinerstift-admont\/touren\/paramentik\/#breadcrumb"},"inLanguage":"de","potentialAction":[{"@type":"ReadAction","target":["https:\/\/discover-culture.com\/partner\/benediktinerstift-admont\/touren\/paramentik\/"]}]},{"@type":"ImageObject","inLanguage":"de","@id":"https:\/\/discover-culture.com\/partner\/benediktinerstift-admont\/touren\/paramentik\/#primaryimage","url":"https:\/\/discover-culture.com\/wp-content\/uploads\/Bildschirmfoto-2020-08-12-um-18.25.25-1559x1080-1.png","contentUrl":"https:\/\/discover-culture.com\/wp-content\/uploads\/Bildschirmfoto-2020-08-12-um-18.25.25-1559x1080-1.png","width":1559,"height":1080,"caption":"Bildschirmfoto 2020 08 12 um 18.25.25 1559x1080 1"},{"@type":"BreadcrumbList","@id":"https:\/\/discover-culture.com\/partner\/benediktinerstift-admont\/touren\/paramentik\/#breadcrumb","itemListElement":[{"@type":"ListItem","position":1,"name":"Home","item":"https:\/\/discover-culture.com\/"},{"@type":"ListItem","position":2,"name":"Produkte","item":"https:\/\/discover-culture.com\/de\/shop\/"},{"@type":"ListItem","position":3,"name":"Paramentik"}]},{"@type":"WebSite","@id":"https:\/\/discover-culture.com\/de\/#website","url":"https:\/\/discover-culture.com\/de\/","name":"Discover-Culture","description":"","potentialAction":[{"@type":"SearchAction","target":{"@type":"EntryPoint","urlTemplate":"https:\/\/discover-culture.com\/de\/?s={search_term_string}"},"query-input":{"@type":"PropertyValueSpecification","valueRequired":true,"valueName":"search_term_string"}}],"inLanguage":"de"}]}},"_links":{"self":[{"href":"https:\/\/discover-culture.com\/de\/wp-json\/wp\/v2\/product\/633","targetHints":{"allow":["GET"]}}],"collection":[{"href":"https:\/\/discover-culture.com\/de\/wp-json\/wp\/v2\/product"}],"about":[{"href":"https:\/\/discover-culture.com\/de\/wp-json\/wp\/v2\/types\/product"}],"wp:featuredmedia":[{"embeddable":true,"href":"https:\/\/discover-culture.com\/de\/wp-json\/wp\/v2\/media\/654"}],"wp:attachment":[{"href":"https:\/\/discover-culture.com\/de\/wp-json\/wp\/v2\/media?parent=633"}],"wp:term":[{"taxonomy":"product_brand","embeddable":true,"href":"https:\/\/discover-culture.com\/de\/wp-json\/wp\/v2\/product_brand?post=633"},{"taxonomy":"product_cat","embeddable":true,"href":"https:\/\/discover-culture.com\/de\/wp-json\/wp\/v2\/product_cat?post=633"},{"taxonomy":"product_tag","embeddable":true,"href":"https:\/\/discover-culture.com\/de\/wp-json\/wp\/v2\/product_tag?post=633"}],"curies":[{"name":"wp","href":"https:\/\/api.w.org\/{rel}","templated":true}]}}