{"id":5973,"date":"2022-07-11T13:24:02","date_gmt":"2022-07-11T11:24:02","guid":{"rendered":"https:\/\/discover-culture.com\/partner\/\/touren\/"},"modified":"2023-05-02T11:30:21","modified_gmt":"2023-05-02T09:30:21","slug":"naturparkhaus-schloss-gro%c3%9fs%c3%b6lk","status":"publish","type":"product","link":"https:\/\/discover-culture.com\/partner\/naturparkhaus-schloss-gro%c3%9fs%c3%b6lk\/touren\/naturparkhaus-schloss-gro%c3%9fs%c3%b6lk","title":{"rendered":"Naturparkhaus Schloss Gro\u00dfs\u00f6lk"},"content":{"rendered":"<section id='lightpress__section--block_1196c0f3f3775be77639669256c86ee1' class='lightpress__section lightpress__section--content'><div class=\"content__grid content__grid\">\n    <div class=\"content__box content__box--one-hundred\">\n                                                        <p align=\"center\">Innerhalb einer virtuellen Tour eintauchen in die Besonderheiten des wundersch\u00f6nen <br \/><strong>Naturparkhauses Schloss Gro\u00dfs\u00f6lk.<br \/><\/strong>Hole Dir erste Eindr\u00fccke zu einem besonderen Ort wo Historie und das Erlebnis Natur ineinanderflie\u00dfen.<\/p>\n\n                                        <\/div>\n    <\/div><\/section>\n\n<section id='lightpress__section--block_cb21998a02644580b3e51934fce4cf4e' class='lightpress__section lightpress__section--content'><div class=\"content__grid content__grid--fifty-fifty\">\n    <div class=\"content__box content__box content__box--text-center\">\n                                                        <p><strong>Das Naturparkhaus<\/strong><\/p>\n<p>In sechs mittelalterlichen Schlossr\u00e4umen pr\u00e4sentiert sich eine Dauerausstellung \u00fcber Natur und Geschichte des Naturparks.<\/p>\n<p>Wandere auf den uralten Spuren der S\u00e4umer, erfahre die ereignisreiche Schlossgeschichte, bestaune bedrohte Tierarten, erlebe Lawinenabg\u00e4nge und h\u00f6re wie Moore und Bergseen pl\u00e4tschern.<\/p>\n\n                                        <\/div>\n            <div class=\"content__box content__box\">\n                                                                    <img decoding=\"async\" class=\"content__image\" src=\"https:\/\/discover-culture.com\/wp-content\/uploads\/Saeumerrraum.jpg\" alt=\"Saeumerrraum\" loading=\"lazy\">\n                                                        <\/div>\n    <\/div><\/section>\n\n<section id='lightpress__section--block_24b72566f21d37dce1d467b11477c4b5' class='lightpress__section lightpress__section--content'><div class=\"content__grid content__grid--fifty-fifty\">\n    <div class=\"content__box content__box\">\n                                                    <img decoding=\"async\" class=\"content__image\" src=\"https:\/\/discover-culture.com\/wp-content\/uploads\/Wildschwein.jpg\" alt=\"Wildschwein\" loading=\"lazy\">\n                                        <\/div>\n            <div class=\"content__box content__box content__box--text-center\">\n                                                                        <p align=\"center\"><strong>NEU: Klimagewinner! Klimaverlierer? Wie geht\u00b4s unseren Tieren und Pflanzen im Klimawandel?<\/strong><\/p>\n<p>Die neue Ausstellung dreht sich insbesondere um zwei gro\u00dfe Teilbereiche: \u201eFr\u00fcher war alles sp\u00e4ter\u201c erkl\u00e4rt beispielsweise die Auswirkungen des Klimawandels auf die Vegetation anhand von ph\u00e4nologischen Ereignissen, vom fr\u00fcheren Bl\u00fchbeginn der Hollerbl\u00fcte bis zur steigenden Waldgrenze.\u00a0<\/p>\n\n                                                        <\/div>\n    <\/div><\/section>\n\n<section id='lightpress__section--block_327ea12bfe3f77028f2a75c37bd8da5a' class='lightpress__section lightpress__section--content-with-gallery'><h2 class=\"cwg__headline\"><\/h2>\n<div id='lightpress__section--block_69e035190db13' class='cwg__content lightpress__section--content'><div class=\"content__grid content__grid\">\n    <div class=\"content__box content__box--one-hundred\">\n                                                        <p>Der Teil \u201eAnpassen, Auswandern oder Aussterben\u201c besch\u00e4ftigt sich mit Auswirkungen auf die Tierwelt. Mit einem Quiz, bei dem die BesucherInnen ihr Wissen auch selbst auf die Probe stellen k\u00f6nnen, und Stationen zum Angreifen und Staunen wurde auch f\u00fcr Kinder ein attraktives Programm geschaffen. Somit gibt es auch f\u00fcr Schulklassen viel Wissenswertes, das selbst entdeckt werden kann.<\/p>\n\n                                        <\/div>\n    <\/div><\/div>\n\n<div class=\"cwg__gallery cwg__gallery--3\">\n                    <picture class=\"cwg__image\">\n            <source srcset=\"https:\/\/discover-culture.com\/wp-content\/uploads\/Almrausch2.webp\" type=\"image\/webp\">\n            <source srcset=\"https:\/\/discover-culture.com\/wp-content\/uploads\/Almrausch2.jpg\" type=\"image\/jpeg\">\n            <img decoding=\"async\" loading=\"lazy\" src=\"https:\/\/discover-culture.com\/wp-content\/uploads\/Almrausch2.jpg\" alt=\"Almrausch2\">\n        <\/picture>\n                    <picture class=\"cwg__image\">\n            <source srcset=\"https:\/\/discover-culture.com\/wp-content\/uploads\/Klima-Ausstellung-c-Naturpark-Soelktaeler.webp\" type=\"image\/webp\">\n            <source srcset=\"https:\/\/discover-culture.com\/wp-content\/uploads\/Klima-Ausstellung-c-Naturpark-Soelktaeler.jpg\" type=\"image\/jpeg\">\n            <img decoding=\"async\" loading=\"lazy\" src=\"https:\/\/discover-culture.com\/wp-content\/uploads\/Klima-Ausstellung-c-Naturpark-Soelktaeler.jpg\" alt=\"Klima Ausstellung c Naturpark Soelktaeler\">\n        <\/picture>\n                    <picture class=\"cwg__image\">\n            <source srcset=\"https:\/\/discover-culture.com\/wp-content\/uploads\/Blume.webp\" type=\"image\/webp\">\n            <source srcset=\"https:\/\/discover-culture.com\/wp-content\/uploads\/Blume.jpg\" type=\"image\/jpeg\">\n            <img decoding=\"async\" loading=\"lazy\" src=\"https:\/\/discover-culture.com\/wp-content\/uploads\/Blume.jpg\" alt=\"Blume\">\n        <\/picture>\n    <\/div><\/section>\n\n<section id='lightpress__section--block_d2718412c71d1077ce029de3c3e9adef' class='lightpress__section lightpress__section--content'><div class=\"content__grid content__grid\">\n    <div class=\"content__box content__box--one-hundred\">\n                                                        <p align=\"center\">Begib Dich auf eine virtuelle Erlebnisreise und lass Dich einladen zu einem Besuch vor Ort &#8211; im Naturparkhaus Schloss Gro\u00dfs\u00f6lk.<\/p>\n<p><a class=\"lcyd__button lcyd__button--animate lcyd__button--arrow lcyd__button--animate\" href=\"https:\/\/www.soelktaeler.com\/naturparkhaus\" target=\"_blank\" rel=\"noopener\">Mehr Informationen<\/a><\/p>\n\n                                        <\/div>\n    <\/div><\/section>","protected":false},"excerpt":{"rendered":"","protected":false},"featured_media":5974,"template":"","meta":{"_acf_changed":false,"_relevanssi_hide_post":"","_relevanssi_hide_content":"","_relevanssi_pin_for_all":"","_relevanssi_pin_keywords":"","_relevanssi_unpin_keywords":"","_relevanssi_related_keywords":"","_relevanssi_related_include_ids":"","_relevanssi_related_exclude_ids":"","_relevanssi_related_no_append":"","_relevanssi_related_not_related":"","_relevanssi_related_posts":"3845,3841,3844,3848,3849","_relevanssi_noindex_reason":""},"product_brand":[],"product_cat":[16],"product_tag":[],"class_list":["product-available","product","first","instock","virtual","sold-individually","taxable","purchasable","product-type-simple"],"bundled_by":[],"bundle_stock_status":"instock","bundle_stock_quantity":null,"bundle_virtual":false,"bundle_layout":"","bundle_add_to_cart_form_location":"","bundle_editable_in_cart":false,"bundle_sold_individually_context":"","bundle_item_grouping":"","bundle_min_size":"","bundle_max_size":"","bundle_price":[],"bundled_items":[],"bundle_sell_ids":[],"acf":[],"yoast_head":"<!-- This site is optimized with the Yoast SEO Premium plugin v25.7.1 (Yoast SEO v26.8) - https:\/\/yoast.com\/product\/yoast-seo-premium-wordpress\/ -->\n<title>Naturparkhaus Schloss Gro\u00dfs\u00f6lk - Discover-Culture<\/title>\n<meta name=\"description\" content=\"Finden Sie hier alle Informationen zum Produkt Naturparkhaus Schloss Gro\u00dfs\u00f6lk und betreten Sie die neue Welt von Kunst und Kultur!\" \/>\n<meta name=\"robots\" content=\"index, follow, max-snippet:-1, max-image-preview:large, max-video-preview:-1\" \/>\n<link rel=\"canonical\" href=\"https:\/\/discover-culture.com\/de\/partner\/naturparkhaus-schloss-gro\u00dfs\u00f6lk\/touren\/naturparkhaus-schloss-gro\u00dfs\u00f6lk\/\" \/>\n<meta property=\"og:locale\" content=\"de_DE\" \/>\n<meta property=\"og:type\" content=\"article\" \/>\n<meta property=\"og:title\" content=\"Naturparkhaus Schloss Gro\u00dfs\u00f6lk\" \/>\n<meta property=\"og:description\" content=\"Finden Sie hier alle Informationen zum Produkt Naturparkhaus Schloss Gro\u00dfs\u00f6lk und betreten Sie die neue Welt von Kunst und Kultur!\" \/>\n<meta property=\"og:url\" content=\"https:\/\/discover-culture.com\/de\/partner\/naturparkhaus-schloss-gro\u00dfs\u00f6lk\/touren\/naturparkhaus-schloss-gro\u00dfs\u00f6lk\/\" \/>\n<meta property=\"og:site_name\" content=\"Discover-Culture\" \/>\n<meta property=\"article:modified_time\" content=\"2023-05-02T09:30:21+00:00\" \/>\n<meta property=\"og:image\" content=\"https:\/\/discover-culture.com\/wp-content\/uploads\/Schloss-Grosssoelk.jpg\" \/>\n\t<meta property=\"og:image:width\" content=\"2000\" \/>\n\t<meta property=\"og:image:height\" content=\"1681\" \/>\n\t<meta property=\"og:image:type\" content=\"image\/jpeg\" \/>\n<meta name=\"twitter:card\" content=\"summary_large_image\" \/>\n<script type=\"application\/ld+json\" class=\"yoast-schema-graph\">{\"@context\":\"https:\/\/schema.org\",\"@graph\":[{\"@type\":\"WebPage\",\"@id\":\"https:\/\/discover-culture.com\/partner\/naturparkhaus-schloss-gro%c3%9fs%c3%b6lk\/touren\/naturparkhaus-schloss-gro%c3%9fs%c3%b6lk\/\",\"url\":\"https:\/\/discover-culture.com\/partner\/naturparkhaus-schloss-gro%c3%9fs%c3%b6lk\/touren\/naturparkhaus-schloss-gro%c3%9fs%c3%b6lk\/\",\"name\":\"Naturparkhaus Schloss Gro\u00dfs\u00f6lk - Discover-Culture\",\"isPartOf\":{\"@id\":\"https:\/\/discover-culture.com\/de\/#website\"},\"primaryImageOfPage\":{\"@id\":\"https:\/\/discover-culture.com\/partner\/naturparkhaus-schloss-gro%c3%9fs%c3%b6lk\/touren\/naturparkhaus-schloss-gro%c3%9fs%c3%b6lk\/#primaryimage\"},\"image\":{\"@id\":\"https:\/\/discover-culture.com\/partner\/naturparkhaus-schloss-gro%c3%9fs%c3%b6lk\/touren\/naturparkhaus-schloss-gro%c3%9fs%c3%b6lk\/#primaryimage\"},\"thumbnailUrl\":\"https:\/\/discover-culture.com\/wp-content\/uploads\/Schloss-Grosssoelk.jpg\",\"datePublished\":\"2022-07-11T11:24:02+00:00\",\"dateModified\":\"2023-05-02T09:30:21+00:00\",\"description\":\"Finden Sie hier alle Informationen zum Produkt Naturparkhaus Schloss Gro\u00dfs\u00f6lk und betreten Sie die neue Welt von Kunst und Kultur!\",\"breadcrumb\":{\"@id\":\"https:\/\/discover-culture.com\/partner\/naturparkhaus-schloss-gro%c3%9fs%c3%b6lk\/touren\/naturparkhaus-schloss-gro%c3%9fs%c3%b6lk\/#breadcrumb\"},\"inLanguage\":\"de\",\"potentialAction\":[{\"@type\":\"ReadAction\",\"target\":[\"https:\/\/discover-culture.com\/partner\/naturparkhaus-schloss-gro%c3%9fs%c3%b6lk\/touren\/naturparkhaus-schloss-gro%c3%9fs%c3%b6lk\/\"]}]},{\"@type\":\"ImageObject\",\"inLanguage\":\"de\",\"@id\":\"https:\/\/discover-culture.com\/partner\/naturparkhaus-schloss-gro%c3%9fs%c3%b6lk\/touren\/naturparkhaus-schloss-gro%c3%9fs%c3%b6lk\/#primaryimage\",\"url\":\"https:\/\/discover-culture.com\/wp-content\/uploads\/Schloss-Grosssoelk.jpg\",\"contentUrl\":\"https:\/\/discover-culture.com\/wp-content\/uploads\/Schloss-Grosssoelk.jpg\",\"width\":2000,\"height\":1681,\"caption\":\"Schloss Grosssoelk\"},{\"@type\":\"BreadcrumbList\",\"@id\":\"https:\/\/discover-culture.com\/partner\/naturparkhaus-schloss-gro%c3%9fs%c3%b6lk\/touren\/naturparkhaus-schloss-gro%c3%9fs%c3%b6lk\/#breadcrumb\",\"itemListElement\":[{\"@type\":\"ListItem\",\"position\":1,\"name\":\"Home\",\"item\":\"https:\/\/discover-culture.com\/\"},{\"@type\":\"ListItem\",\"position\":2,\"name\":\"Produkte\",\"item\":\"https:\/\/discover-culture.com\/de\/shop\/\"},{\"@type\":\"ListItem\",\"position\":3,\"name\":\"Naturparkhaus Schloss Gro\u00dfs\u00f6lk\"}]},{\"@type\":\"WebSite\",\"@id\":\"https:\/\/discover-culture.com\/de\/#website\",\"url\":\"https:\/\/discover-culture.com\/de\/\",\"name\":\"Discover-Culture\",\"description\":\"\",\"potentialAction\":[{\"@type\":\"SearchAction\",\"target\":{\"@type\":\"EntryPoint\",\"urlTemplate\":\"https:\/\/discover-culture.com\/de\/?s={search_term_string}\"},\"query-input\":{\"@type\":\"PropertyValueSpecification\",\"valueRequired\":true,\"valueName\":\"search_term_string\"}}],\"inLanguage\":\"de\"}]}<\/script>\n<!-- \/ Yoast SEO Premium plugin. -->","yoast_head_json":{"title":"Naturparkhaus Schloss Gro\u00dfs\u00f6lk - Discover-Culture","description":"Finden Sie hier alle Informationen zum Produkt Naturparkhaus Schloss Gro\u00dfs\u00f6lk und betreten Sie die neue Welt von Kunst und Kultur!","robots":{"index":"index","follow":"follow","max-snippet":"max-snippet:-1","max-image-preview":"max-image-preview:large","max-video-preview":"max-video-preview:-1"},"canonical":"https:\/\/discover-culture.com\/de\/partner\/naturparkhaus-schloss-gro\u00dfs\u00f6lk\/touren\/naturparkhaus-schloss-gro\u00dfs\u00f6lk\/","og_locale":"de_DE","og_type":"article","og_title":"Naturparkhaus Schloss Gro\u00dfs\u00f6lk","og_description":"Finden Sie hier alle Informationen zum Produkt Naturparkhaus Schloss Gro\u00dfs\u00f6lk und betreten Sie die neue Welt von Kunst und Kultur!","og_url":"https:\/\/discover-culture.com\/de\/partner\/naturparkhaus-schloss-gro\u00dfs\u00f6lk\/touren\/naturparkhaus-schloss-gro\u00dfs\u00f6lk\/","og_site_name":"Discover-Culture","article_modified_time":"2023-05-02T09:30:21+00:00","og_image":[{"width":2000,"height":1681,"url":"https:\/\/discover-culture.com\/wp-content\/uploads\/Schloss-Grosssoelk.jpg","type":"image\/jpeg"}],"twitter_card":"summary_large_image","schema":{"@context":"https:\/\/schema.org","@graph":[{"@type":"WebPage","@id":"https:\/\/discover-culture.com\/partner\/naturparkhaus-schloss-gro%c3%9fs%c3%b6lk\/touren\/naturparkhaus-schloss-gro%c3%9fs%c3%b6lk\/","url":"https:\/\/discover-culture.com\/partner\/naturparkhaus-schloss-gro%c3%9fs%c3%b6lk\/touren\/naturparkhaus-schloss-gro%c3%9fs%c3%b6lk\/","name":"Naturparkhaus Schloss Gro\u00dfs\u00f6lk - Discover-Culture","isPartOf":{"@id":"https:\/\/discover-culture.com\/de\/#website"},"primaryImageOfPage":{"@id":"https:\/\/discover-culture.com\/partner\/naturparkhaus-schloss-gro%c3%9fs%c3%b6lk\/touren\/naturparkhaus-schloss-gro%c3%9fs%c3%b6lk\/#primaryimage"},"image":{"@id":"https:\/\/discover-culture.com\/partner\/naturparkhaus-schloss-gro%c3%9fs%c3%b6lk\/touren\/naturparkhaus-schloss-gro%c3%9fs%c3%b6lk\/#primaryimage"},"thumbnailUrl":"https:\/\/discover-culture.com\/wp-content\/uploads\/Schloss-Grosssoelk.jpg","datePublished":"2022-07-11T11:24:02+00:00","dateModified":"2023-05-02T09:30:21+00:00","description":"Finden Sie hier alle Informationen zum Produkt Naturparkhaus Schloss Gro\u00dfs\u00f6lk und betreten Sie die neue Welt von Kunst und Kultur!","breadcrumb":{"@id":"https:\/\/discover-culture.com\/partner\/naturparkhaus-schloss-gro%c3%9fs%c3%b6lk\/touren\/naturparkhaus-schloss-gro%c3%9fs%c3%b6lk\/#breadcrumb"},"inLanguage":"de","potentialAction":[{"@type":"ReadAction","target":["https:\/\/discover-culture.com\/partner\/naturparkhaus-schloss-gro%c3%9fs%c3%b6lk\/touren\/naturparkhaus-schloss-gro%c3%9fs%c3%b6lk\/"]}]},{"@type":"ImageObject","inLanguage":"de","@id":"https:\/\/discover-culture.com\/partner\/naturparkhaus-schloss-gro%c3%9fs%c3%b6lk\/touren\/naturparkhaus-schloss-gro%c3%9fs%c3%b6lk\/#primaryimage","url":"https:\/\/discover-culture.com\/wp-content\/uploads\/Schloss-Grosssoelk.jpg","contentUrl":"https:\/\/discover-culture.com\/wp-content\/uploads\/Schloss-Grosssoelk.jpg","width":2000,"height":1681,"caption":"Schloss Grosssoelk"},{"@type":"BreadcrumbList","@id":"https:\/\/discover-culture.com\/partner\/naturparkhaus-schloss-gro%c3%9fs%c3%b6lk\/touren\/naturparkhaus-schloss-gro%c3%9fs%c3%b6lk\/#breadcrumb","itemListElement":[{"@type":"ListItem","position":1,"name":"Home","item":"https:\/\/discover-culture.com\/"},{"@type":"ListItem","position":2,"name":"Produkte","item":"https:\/\/discover-culture.com\/de\/shop\/"},{"@type":"ListItem","position":3,"name":"Naturparkhaus Schloss Gro\u00dfs\u00f6lk"}]},{"@type":"WebSite","@id":"https:\/\/discover-culture.com\/de\/#website","url":"https:\/\/discover-culture.com\/de\/","name":"Discover-Culture","description":"","potentialAction":[{"@type":"SearchAction","target":{"@type":"EntryPoint","urlTemplate":"https:\/\/discover-culture.com\/de\/?s={search_term_string}"},"query-input":{"@type":"PropertyValueSpecification","valueRequired":true,"valueName":"search_term_string"}}],"inLanguage":"de"}]}},"_links":{"self":[{"href":"https:\/\/discover-culture.com\/de\/wp-json\/wp\/v2\/product\/5973","targetHints":{"allow":["GET"]}}],"collection":[{"href":"https:\/\/discover-culture.com\/de\/wp-json\/wp\/v2\/product"}],"about":[{"href":"https:\/\/discover-culture.com\/de\/wp-json\/wp\/v2\/types\/product"}],"wp:featuredmedia":[{"embeddable":true,"href":"https:\/\/discover-culture.com\/de\/wp-json\/wp\/v2\/media\/5974"}],"wp:attachment":[{"href":"https:\/\/discover-culture.com\/de\/wp-json\/wp\/v2\/media?parent=5973"}],"wp:term":[{"taxonomy":"product_brand","embeddable":true,"href":"https:\/\/discover-culture.com\/de\/wp-json\/wp\/v2\/product_brand?post=5973"},{"taxonomy":"product_cat","embeddable":true,"href":"https:\/\/discover-culture.com\/de\/wp-json\/wp\/v2\/product_cat?post=5973"},{"taxonomy":"product_tag","embeddable":true,"href":"https:\/\/discover-culture.com\/de\/wp-json\/wp\/v2\/product_tag?post=5973"}],"curies":[{"name":"wp","href":"https:\/\/api.w.org\/{rel}","templated":true}]}}