{"id":5454,"date":"2022-07-05T11:54:51","date_gmt":"2022-07-05T09:54:51","guid":{"rendered":"https:\/\/discover-culture.com\/partner\/\/touren\/"},"modified":"2023-05-02T10:59:13","modified_gmt":"2023-05-02T08:59:13","slug":"kammerhofmuseum-bad-aussee","status":"publish","type":"product","link":"https:\/\/discover-culture.com\/partner\/kammerhofmuseum-bad-aussee\/touren\/kammerhofmuseum-bad-aussee","title":{"rendered":"Kammerhofmuseum Bad Aussee"},"content":{"rendered":"<section id='lightpress__section--block_0b19ec662d00b8ff3930b64f94a06bf0' class='lightpress__section lightpress__section--content'><div class=\"content__grid content__grid\">\n    <div class=\"content__box content__box--one-hundred\">\n                                                        <p align=\"center\">Das f\u00fcr seine Vielfalt und seinen Charme bekannte Stadtmuseum ist im Kammerhof, einem Baujuwel aus dem 14. Jahrhundert, untergebracht.<\/p>\n<p align=\"center\"><strong>Begib Dich auf einen virtuellen Rundgang durch die Geschichte und die reiche Volkskultur des Ausseerlandes:<\/strong><\/p>\n\n                                        <\/div>\n    <\/div><\/section>\n\n<section id='lightpress__section--block_008157cd92471fd9a3e88d82282851ab' class='lightpress__section lightpress__section--content'><div class=\"content__grid content__grid--fifty-fifty\">\n    <div class=\"content__box content__box content__box--text-center\">\n                                                        <h4>Den 1. Stock virtuell erfahren:<\/h4>\n<ol>\n<li>Arch\u00e4ologie<\/li>\n<li>Salz<\/li>\n<li>EH Johann &amp; Anna Plochl<\/li>\n<li>Kaisersaal<\/li>\n<li>Sommerfrische<\/li>\n<li>Stadtkapelle Bad Aussee<\/li>\n<li>Trachtenhandwerk\n<ul>\n<li>a)Auseer Dirndl, Lederhose<\/li>\n<li>b)Schuhe, Modeldruck<\/li>\n<li>c)Schmuck, H\u00fcte<\/li>\n<\/ul>\n<\/li>\n<li>BauArt Ausseerland<\/li>\n<li>Ausseer Karikaturen<\/li>\n<\/ol>\n<p>\u00a0<\/p>\n\n                                        <\/div>\n            <div class=\"content__box content__box\">\n                                                                    <img decoding=\"async\" class=\"content__image\" src=\"https:\/\/discover-culture.com\/wp-content\/uploads\/Stock-1-1.jpg\" alt=\"Stock 1 1\" loading=\"lazy\">\n                                                        <\/div>\n    <\/div><\/section>\n\n<section id='lightpress__section--block_c9009f683a252402b0e329b74f7507c9' class='lightpress__section lightpress__section--content'><div class=\"content__grid content__grid--fifty-fifty\">\n    <div class=\"content__box content__box\">\n                                                    <img decoding=\"async\" class=\"content__image\" src=\"https:\/\/discover-culture.com\/wp-content\/uploads\/Stock-2.jpg\" alt=\"Stock 2\" loading=\"lazy\">\n                                        <\/div>\n            <div class=\"content__box content__box content__box--text-center\">\n                                                                        <h4>Den 2. Stock virtuell erfahren:<\/h4>\n<ol>\n<li>Gesang &amp; Musik<\/li>\n<li>Brauchtum<\/li>\n<li>Alte Tracht<\/li>\n<li>Musik zur Verst\u00e4ndigung<\/li>\n<li>Fossilien<\/li>\n<li>H\u00f6hlenkunde<\/li>\n<li>Steirereck<\/li>\n<li>Volksmusik (instrumental)<\/li>\n<\/ol>\n<p><a class=\"lcyd__button lcyd__button--animate lcyd__button--arrow lcyd__button--animate\" href=\"https:\/\/www.kammerhofmuseum.at\/das-museum\/ausstellungen\/\" target=\"_blank\" rel=\"noopener\">Mehr Informationen<\/a>\u00a0<\/p>\n\n                                                        <\/div>\n    <\/div><\/section>\n\n<section id='lightpress__section--block_c761c81f5223d45cdd8e89a1bd3bb469' class='lightpress__section lightpress__section--content'><div class=\"content__grid content__grid--fifty-fifty\">\n    <div class=\"content__box content__box content__box--text-center\">\n                                                        <p>Das Ausseer Kammerhofmuseum versteht sich als \u201eHeimatmuseum\u201c, das in erster Linie zur kulturellen Identit\u00e4t der Region beitragen und Bezugspunkt f\u00fcr Identit\u00e4tsdiskussionen sein will. <\/p>\n<p>Denn das Selbstbild der Menschen einer Region entsteht immer nur auf Grundlage von Erfahrung der Geschichte und der tradierten Riten, Fertigkeiten und kulturellen Gewohnheiten.<\/p>\n<p>Das Kammerhofmuseum will ein Ort sein, wo diese Erfahrungen vertieft, verinnerlicht und bereichert werden k\u00f6nnen.<\/p>\n<p>\u00a0<\/p>\n\n                                        <\/div>\n            <div class=\"content__box content__box\">\n                                                                    <img decoding=\"async\" class=\"content__image\" src=\"https:\/\/discover-culture.com\/wp-content\/uploads\/Ahnentafel.jpg\" alt=\"Ahnentafel\" loading=\"lazy\">\n                                                        <\/div>\n    <\/div><\/section>\n\n<section id='lightpress__section--block_334d90c0ae6f7317d2a28dfa99a3afd9' class='lightpress__section lightpress__section--content'><div class=\"content__grid content__grid\">\n    <div class=\"content__box content__box--one-hundred\">\n                                                        <p>Gerne begleiten Dich die Mitarbeiter vor Ort im Kammerhofmuseum beim n\u00e4chsten Besuch. Sowohl rund um die Dauerausstellungen als auch Sonderausstellungen gibt es im Kammerhofmuseum Bad Aussee viel zu entdecken.<\/p>\n<p><a class=\"lcyd__button lcyd__button--animate lcyd__button--arrow lcyd__button--animate\" href=\"http:\/\/www.kammerhofmuseum.at\" target=\"_blank\" rel=\"noopener\">Mehr Informationen<\/a><\/p>\n\n                                        <\/div>\n    <\/div><\/section>","protected":false},"excerpt":{"rendered":"","protected":false},"featured_media":5455,"template":"","meta":{"_acf_changed":false,"_relevanssi_hide_post":"","_relevanssi_hide_content":"","_relevanssi_pin_for_all":"","_relevanssi_pin_keywords":"","_relevanssi_unpin_keywords":"","_relevanssi_related_keywords":"","_relevanssi_related_include_ids":"","_relevanssi_related_exclude_ids":"","_relevanssi_related_no_append":"","_relevanssi_related_not_related":"","_relevanssi_related_posts":"3848,3841,3844,3849,3845","_relevanssi_noindex_reason":""},"product_brand":[],"product_cat":[16],"product_tag":[],"class_list":["product-available","product","first","instock","virtual","sold-individually","taxable","purchasable","product-type-simple"],"bundled_by":[],"bundle_stock_status":"instock","bundle_stock_quantity":null,"bundle_virtual":false,"bundle_layout":"","bundle_add_to_cart_form_location":"","bundle_editable_in_cart":false,"bundle_sold_individually_context":"","bundle_item_grouping":"","bundle_min_size":"","bundle_max_size":"","bundle_price":[],"bundled_items":[],"bundle_sell_ids":[],"acf":[],"yoast_head":"<!-- This site is optimized with the Yoast SEO Premium plugin v25.7.1 (Yoast SEO v26.8) - https:\/\/yoast.com\/product\/yoast-seo-premium-wordpress\/ -->\n<title>Kammerhofmuseum Bad Aussee - Discover-Culture<\/title>\n<meta name=\"description\" content=\"Finden Sie hier alle Informationen zum Produkt Kammerhofmuseum Bad Aussee und betreten Sie die neue Welt von Kunst und Kultur!\" \/>\n<meta name=\"robots\" content=\"index, follow, max-snippet:-1, max-image-preview:large, max-video-preview:-1\" \/>\n<link rel=\"canonical\" href=\"https:\/\/discover-culture.com\/de\/partner\/kammerhofmuseum-bad-aussee\/touren\/kammerhofmuseum-bad-aussee\/\" \/>\n<meta property=\"og:locale\" content=\"de_DE\" \/>\n<meta property=\"og:type\" content=\"article\" \/>\n<meta property=\"og:title\" content=\"Kammerhofmuseum Bad Aussee\" \/>\n<meta property=\"og:description\" content=\"Finden Sie hier alle Informationen zum Produkt Kammerhofmuseum Bad Aussee und betreten Sie die neue Welt von Kunst und Kultur!\" \/>\n<meta property=\"og:url\" content=\"https:\/\/discover-culture.com\/de\/partner\/kammerhofmuseum-bad-aussee\/touren\/kammerhofmuseum-bad-aussee\/\" \/>\n<meta property=\"og:site_name\" content=\"Discover-Culture\" \/>\n<meta property=\"article:modified_time\" content=\"2023-05-02T08:59:13+00:00\" \/>\n<meta property=\"og:image\" content=\"https:\/\/discover-culture.com\/wp-content\/uploads\/Kammerhofmuseum.jpg\" \/>\n\t<meta property=\"og:image:width\" content=\"2000\" \/>\n\t<meta property=\"og:image:height\" content=\"1500\" \/>\n\t<meta property=\"og:image:type\" content=\"image\/jpeg\" \/>\n<meta name=\"twitter:card\" content=\"summary_large_image\" \/>\n<script type=\"application\/ld+json\" class=\"yoast-schema-graph\">{\"@context\":\"https:\/\/schema.org\",\"@graph\":[{\"@type\":\"WebPage\",\"@id\":\"https:\/\/discover-culture.com\/partner\/kammerhofmuseum-bad-aussee\/touren\/kammerhofmuseum-bad-aussee\/\",\"url\":\"https:\/\/discover-culture.com\/partner\/kammerhofmuseum-bad-aussee\/touren\/kammerhofmuseum-bad-aussee\/\",\"name\":\"Kammerhofmuseum Bad Aussee - Discover-Culture\",\"isPartOf\":{\"@id\":\"https:\/\/discover-culture.com\/de\/#website\"},\"primaryImageOfPage\":{\"@id\":\"https:\/\/discover-culture.com\/partner\/kammerhofmuseum-bad-aussee\/touren\/kammerhofmuseum-bad-aussee\/#primaryimage\"},\"image\":{\"@id\":\"https:\/\/discover-culture.com\/partner\/kammerhofmuseum-bad-aussee\/touren\/kammerhofmuseum-bad-aussee\/#primaryimage\"},\"thumbnailUrl\":\"https:\/\/discover-culture.com\/wp-content\/uploads\/Kammerhofmuseum.jpg\",\"datePublished\":\"2022-07-05T09:54:51+00:00\",\"dateModified\":\"2023-05-02T08:59:13+00:00\",\"description\":\"Finden Sie hier alle Informationen zum Produkt Kammerhofmuseum Bad Aussee und betreten Sie die neue Welt von Kunst und Kultur!\",\"breadcrumb\":{\"@id\":\"https:\/\/discover-culture.com\/partner\/kammerhofmuseum-bad-aussee\/touren\/kammerhofmuseum-bad-aussee\/#breadcrumb\"},\"inLanguage\":\"de\",\"potentialAction\":[{\"@type\":\"ReadAction\",\"target\":[\"https:\/\/discover-culture.com\/partner\/kammerhofmuseum-bad-aussee\/touren\/kammerhofmuseum-bad-aussee\/\"]}]},{\"@type\":\"ImageObject\",\"inLanguage\":\"de\",\"@id\":\"https:\/\/discover-culture.com\/partner\/kammerhofmuseum-bad-aussee\/touren\/kammerhofmuseum-bad-aussee\/#primaryimage\",\"url\":\"https:\/\/discover-culture.com\/wp-content\/uploads\/Kammerhofmuseum.jpg\",\"contentUrl\":\"https:\/\/discover-culture.com\/wp-content\/uploads\/Kammerhofmuseum.jpg\",\"width\":2000,\"height\":1500,\"caption\":\"Kammerhofmuseum\"},{\"@type\":\"BreadcrumbList\",\"@id\":\"https:\/\/discover-culture.com\/partner\/kammerhofmuseum-bad-aussee\/touren\/kammerhofmuseum-bad-aussee\/#breadcrumb\",\"itemListElement\":[{\"@type\":\"ListItem\",\"position\":1,\"name\":\"Home\",\"item\":\"https:\/\/discover-culture.com\/\"},{\"@type\":\"ListItem\",\"position\":2,\"name\":\"Produkte\",\"item\":\"https:\/\/discover-culture.com\/de\/shop\/\"},{\"@type\":\"ListItem\",\"position\":3,\"name\":\"Kammerhofmuseum Bad Aussee\"}]},{\"@type\":\"WebSite\",\"@id\":\"https:\/\/discover-culture.com\/de\/#website\",\"url\":\"https:\/\/discover-culture.com\/de\/\",\"name\":\"Discover-Culture\",\"description\":\"\",\"potentialAction\":[{\"@type\":\"SearchAction\",\"target\":{\"@type\":\"EntryPoint\",\"urlTemplate\":\"https:\/\/discover-culture.com\/de\/?s={search_term_string}\"},\"query-input\":{\"@type\":\"PropertyValueSpecification\",\"valueRequired\":true,\"valueName\":\"search_term_string\"}}],\"inLanguage\":\"de\"}]}<\/script>\n<!-- \/ Yoast SEO Premium plugin. -->","yoast_head_json":{"title":"Kammerhofmuseum Bad Aussee - Discover-Culture","description":"Finden Sie hier alle Informationen zum Produkt Kammerhofmuseum Bad Aussee und betreten Sie die neue Welt von Kunst und Kultur!","robots":{"index":"index","follow":"follow","max-snippet":"max-snippet:-1","max-image-preview":"max-image-preview:large","max-video-preview":"max-video-preview:-1"},"canonical":"https:\/\/discover-culture.com\/de\/partner\/kammerhofmuseum-bad-aussee\/touren\/kammerhofmuseum-bad-aussee\/","og_locale":"de_DE","og_type":"article","og_title":"Kammerhofmuseum Bad Aussee","og_description":"Finden Sie hier alle Informationen zum Produkt Kammerhofmuseum Bad Aussee und betreten Sie die neue Welt von Kunst und Kultur!","og_url":"https:\/\/discover-culture.com\/de\/partner\/kammerhofmuseum-bad-aussee\/touren\/kammerhofmuseum-bad-aussee\/","og_site_name":"Discover-Culture","article_modified_time":"2023-05-02T08:59:13+00:00","og_image":[{"width":2000,"height":1500,"url":"https:\/\/discover-culture.com\/wp-content\/uploads\/Kammerhofmuseum.jpg","type":"image\/jpeg"}],"twitter_card":"summary_large_image","schema":{"@context":"https:\/\/schema.org","@graph":[{"@type":"WebPage","@id":"https:\/\/discover-culture.com\/partner\/kammerhofmuseum-bad-aussee\/touren\/kammerhofmuseum-bad-aussee\/","url":"https:\/\/discover-culture.com\/partner\/kammerhofmuseum-bad-aussee\/touren\/kammerhofmuseum-bad-aussee\/","name":"Kammerhofmuseum Bad Aussee - Discover-Culture","isPartOf":{"@id":"https:\/\/discover-culture.com\/de\/#website"},"primaryImageOfPage":{"@id":"https:\/\/discover-culture.com\/partner\/kammerhofmuseum-bad-aussee\/touren\/kammerhofmuseum-bad-aussee\/#primaryimage"},"image":{"@id":"https:\/\/discover-culture.com\/partner\/kammerhofmuseum-bad-aussee\/touren\/kammerhofmuseum-bad-aussee\/#primaryimage"},"thumbnailUrl":"https:\/\/discover-culture.com\/wp-content\/uploads\/Kammerhofmuseum.jpg","datePublished":"2022-07-05T09:54:51+00:00","dateModified":"2023-05-02T08:59:13+00:00","description":"Finden Sie hier alle Informationen zum Produkt Kammerhofmuseum Bad Aussee und betreten Sie die neue Welt von Kunst und Kultur!","breadcrumb":{"@id":"https:\/\/discover-culture.com\/partner\/kammerhofmuseum-bad-aussee\/touren\/kammerhofmuseum-bad-aussee\/#breadcrumb"},"inLanguage":"de","potentialAction":[{"@type":"ReadAction","target":["https:\/\/discover-culture.com\/partner\/kammerhofmuseum-bad-aussee\/touren\/kammerhofmuseum-bad-aussee\/"]}]},{"@type":"ImageObject","inLanguage":"de","@id":"https:\/\/discover-culture.com\/partner\/kammerhofmuseum-bad-aussee\/touren\/kammerhofmuseum-bad-aussee\/#primaryimage","url":"https:\/\/discover-culture.com\/wp-content\/uploads\/Kammerhofmuseum.jpg","contentUrl":"https:\/\/discover-culture.com\/wp-content\/uploads\/Kammerhofmuseum.jpg","width":2000,"height":1500,"caption":"Kammerhofmuseum"},{"@type":"BreadcrumbList","@id":"https:\/\/discover-culture.com\/partner\/kammerhofmuseum-bad-aussee\/touren\/kammerhofmuseum-bad-aussee\/#breadcrumb","itemListElement":[{"@type":"ListItem","position":1,"name":"Home","item":"https:\/\/discover-culture.com\/"},{"@type":"ListItem","position":2,"name":"Produkte","item":"https:\/\/discover-culture.com\/de\/shop\/"},{"@type":"ListItem","position":3,"name":"Kammerhofmuseum Bad Aussee"}]},{"@type":"WebSite","@id":"https:\/\/discover-culture.com\/de\/#website","url":"https:\/\/discover-culture.com\/de\/","name":"Discover-Culture","description":"","potentialAction":[{"@type":"SearchAction","target":{"@type":"EntryPoint","urlTemplate":"https:\/\/discover-culture.com\/de\/?s={search_term_string}"},"query-input":{"@type":"PropertyValueSpecification","valueRequired":true,"valueName":"search_term_string"}}],"inLanguage":"de"}]}},"_links":{"self":[{"href":"https:\/\/discover-culture.com\/de\/wp-json\/wp\/v2\/product\/5454","targetHints":{"allow":["GET"]}}],"collection":[{"href":"https:\/\/discover-culture.com\/de\/wp-json\/wp\/v2\/product"}],"about":[{"href":"https:\/\/discover-culture.com\/de\/wp-json\/wp\/v2\/types\/product"}],"wp:featuredmedia":[{"embeddable":true,"href":"https:\/\/discover-culture.com\/de\/wp-json\/wp\/v2\/media\/5455"}],"wp:attachment":[{"href":"https:\/\/discover-culture.com\/de\/wp-json\/wp\/v2\/media?parent=5454"}],"wp:term":[{"taxonomy":"product_brand","embeddable":true,"href":"https:\/\/discover-culture.com\/de\/wp-json\/wp\/v2\/product_brand?post=5454"},{"taxonomy":"product_cat","embeddable":true,"href":"https:\/\/discover-culture.com\/de\/wp-json\/wp\/v2\/product_cat?post=5454"},{"taxonomy":"product_tag","embeddable":true,"href":"https:\/\/discover-culture.com\/de\/wp-json\/wp\/v2\/product_tag?post=5454"}],"curies":[{"name":"wp","href":"https:\/\/api.w.org\/{rel}","templated":true}]}}