{"id":5437,"date":"2022-06-30T11:45:51","date_gmt":"2022-06-30T09:45:51","guid":{"rendered":"https:\/\/discover-culture.com\/partner\/\/touren\/"},"modified":"2025-02-24T09:29:46","modified_gmt":"2025-02-24T07:29:46","slug":"dekanatsmuseum-haus-im-ennstal","status":"publish","type":"product","link":"https:\/\/discover-culture.com\/partner\/dekanatsmuseum-haus\/touren\/dekanatsmuseum-haus-im-ennstal","title":{"rendered":"Dekanatsmuseum Haus im Ennstal"},"content":{"rendered":"<section id='lightpress__section--block_fd851358c7083c3aa48609a7de5f84ca' class='lightpress__section lightpress__section--content'><div class=\"content__grid content__grid\">\n    <div class=\"content__box content__box--one-hundred content__box--text-center\">\n                                                        <p align=\"center\"><span style=\"text-decoration: underline;\"><strong>AUS DEM ARCHIV:<br \/><\/strong><\/span><br \/>Begeben Sie sich auf einen virtuellen Rundgang durch das <br \/><strong>Dekanatsmuseum Haus.<\/strong> <br \/>Das Dekanatsmuseum in Haus ist nicht mehr physisch zug\u00e4nglich, steht Ihnen jedoch weiterhin als virtuelle Tour zur Verf\u00fcgung.<\/p>\n<p align=\"center\">Erfahren und erleben\u00a0 Sie an dieser Stelle ein St\u00fcck Geschichte des oberen Ennstales.<\/p>\n\n                                        <\/div>\n    <\/div><\/section>\n\n<section id='lightpress__section--block_38475059982c410d40cd85c02414f839' class='lightpress__section lightpress__section--content'><div class=\"content__grid content__grid--fifty-fifty\">\n    <div class=\"content__box content__box content__box--text-center\">\n                                                        <h4>Geschichtliches<\/h4>\n<p>Obwohl Haus im Ennstal bereits seit 928 urkundlich belegt ist, wird im Zusammen\u00adhang mit der Gr\u00fcn\u00addung des Benedik\u00adtiner\u00adstiftes Admont im Jahre 1074 erst\u00admalig eine Pfarre erw\u00e4hnt.<\/p>\n<p>Im Rahmen der Pr\u00e4sentation religi\u00f6ser Volkskunde sind Beispiele aus dem Bereich von Jahres\u00adlauf und Lebens\u00adlauf zu sehen, wobei auch an heute nicht mehr \u00fcbliches Brauch\u00adtum erinnert wird.<\/p>\n\n                                        <\/div>\n            <div class=\"content__box content__box\">\n                                                                    <img decoding=\"async\" class=\"content__image\" src=\"https:\/\/discover-culture.com\/wp-content\/uploads\/Dekanatsmuseum_Haus.jpg\" alt=\"Dekanatsmuseum Haus\" loading=\"lazy\">\n                                                        <\/div>\n    <\/div><\/section>\n\n<section id='lightpress__section--block_b6691c4ddaa460803d3be12d0c5e7ad2' class='lightpress__section lightpress__section--content'><div class=\"content__grid content__grid--fifty-fifty\">\n    <div class=\"content__box content__box\">\n                                                    <img decoding=\"async\" class=\"content__image\" src=\"https:\/\/discover-culture.com\/wp-content\/uploads\/Dekanatsmusem_Weihnachtskrippe.jpg\" alt=\"Dekanatsmusem Weihnachtskrippe\" loading=\"lazy\">\n                                        <\/div>\n            <div class=\"content__box content__box content__box--text-center\">\n                                                                        <p>Ein beson\u00adderer Anziehungs\u00adpunkt f\u00fcr Museums\u00adbesucherInnen ist die gro\u00dfe Weihnachts\u00adkrippe der Familie des B\u00e4cker\u00admeisters Resch, die dem Dekanats\u00admuseum als Leih\u00adgabe \u00fcber\u00adlassen wurde.<\/p>\n<p>Zu den kunst\u00adgeschicht\u00adlichen Sehens\u00adw\u00fcrdig\u00adkeiten des Dekanats\u00admuseums z\u00e4hlt unter anderem der fr\u00fch\u00adgoti\u00adsche Corpus des Gekreuzig\u00adten aus der ehe\u00admaligen Hauser Pfarr\u00adkirche, der zwar durch den Brand von 1750 stark besch\u00e4digt, aber als einziges St\u00fcck der k\u00fcnst\u00adlerischen Aus\u00adgestaltung der Kirche erhalten blieb.<\/p>\n\n                                                        <\/div>\n    <\/div><\/section>\n\n<section id='lightpress__section--block_7c0f1ddfe85f3529c6e771ebdca0780a' class='lightpress__section lightpress__section--content'><div class=\"content__grid content__grid\">\n    <div class=\"content__box content__box--one-hundred\">\n                                                        <p>Das Museum will nicht nur f\u00fcr den Gast ein Erlebnis sein, sondern auch den Ein\u00adheim\u00adischen viel von der einstigen Zeit ver\u00admitteln und zum Bewusst\u00admachen von Ennstaler Identit\u00e4t beitragen.<\/p>\n<p>So wird bei einem virtuellen Gang durch das Museum die Vielfalt des kultur\u00adellen Lebens im oberen Ennstal offenbar.<\/p>\n\n                                        <\/div>\n    <\/div><\/section>","protected":false},"excerpt":{"rendered":"","protected":false},"featured_media":5438,"template":"","meta":{"_acf_changed":true,"_relevanssi_hide_post":"","_relevanssi_hide_content":"","_relevanssi_pin_for_all":"","_relevanssi_pin_keywords":"","_relevanssi_unpin_keywords":"","_relevanssi_related_keywords":"","_relevanssi_related_include_ids":"","_relevanssi_related_exclude_ids":"","_relevanssi_related_no_append":"","_relevanssi_related_not_related":"","_relevanssi_related_posts":"3845,3848,3841,3844,3849","_relevanssi_noindex_reason":""},"product_brand":[],"product_cat":[16],"product_tag":[],"class_list":["product-available","product","first","instock","virtual","sold-individually","taxable","purchasable","product-type-simple"],"bundled_by":[],"bundle_stock_status":"instock","bundle_stock_quantity":null,"bundle_virtual":false,"bundle_layout":"","bundle_add_to_cart_form_location":"","bundle_editable_in_cart":false,"bundle_sold_individually_context":"","bundle_item_grouping":"","bundle_min_size":"","bundle_max_size":"","bundle_price":[],"bundled_items":[],"bundle_sell_ids":[],"acf":[],"yoast_head":"<!-- This site is optimized with the Yoast SEO Premium plugin v25.7.1 (Yoast SEO v26.8) - https:\/\/yoast.com\/product\/yoast-seo-premium-wordpress\/ -->\n<title>Dekanatsmuseum Haus im Ennstal - Discover-Culture<\/title>\n<meta name=\"description\" content=\"Finden Sie hier alle Informationen zum Produkt Dekanatsmuseum Haus im Ennstal und betreten Sie die neue Welt von Kunst und Kultur!\" \/>\n<meta name=\"robots\" content=\"index, follow, max-snippet:-1, max-image-preview:large, max-video-preview:-1\" \/>\n<link rel=\"canonical\" href=\"https:\/\/discover-culture.com\/de\/partner\/dekanatsmuseum-haus\/touren\/dekanatsmuseum-haus-im-ennstal\/\" \/>\n<meta property=\"og:locale\" content=\"de_DE\" \/>\n<meta property=\"og:type\" content=\"article\" \/>\n<meta property=\"og:title\" content=\"Dekanatsmuseum Haus im Ennstal\" \/>\n<meta property=\"og:description\" content=\"Finden Sie hier alle Informationen zum Produkt Dekanatsmuseum Haus im Ennstal und betreten Sie die neue Welt von Kunst und Kultur!\" \/>\n<meta property=\"og:url\" content=\"https:\/\/discover-culture.com\/de\/partner\/dekanatsmuseum-haus\/touren\/dekanatsmuseum-haus-im-ennstal\/\" \/>\n<meta property=\"og:site_name\" content=\"Discover-Culture\" \/>\n<meta property=\"article:modified_time\" content=\"2025-02-24T07:29:46+00:00\" \/>\n<meta property=\"og:image\" content=\"https:\/\/discover-culture.com\/wp-content\/uploads\/Jesus.jpg\" \/>\n\t<meta property=\"og:image:width\" content=\"2000\" \/>\n\t<meta property=\"og:image:height\" content=\"1500\" \/>\n\t<meta property=\"og:image:type\" content=\"image\/jpeg\" \/>\n<meta name=\"twitter:card\" content=\"summary_large_image\" \/>\n<meta name=\"twitter:label1\" content=\"Gesch\u00e4tzte Lesezeit\" \/>\n\t<meta name=\"twitter:data1\" content=\"1\u00a0Minute\" \/>\n<script type=\"application\/ld+json\" class=\"yoast-schema-graph\">{\"@context\":\"https:\/\/schema.org\",\"@graph\":[{\"@type\":\"WebPage\",\"@id\":\"https:\/\/discover-culture.com\/partner\/dekanatsmuseum-haus\/touren\/dekanatsmuseum-haus-im-ennstal\/\",\"url\":\"https:\/\/discover-culture.com\/partner\/dekanatsmuseum-haus\/touren\/dekanatsmuseum-haus-im-ennstal\/\",\"name\":\"Dekanatsmuseum Haus im Ennstal - Discover-Culture\",\"isPartOf\":{\"@id\":\"https:\/\/discover-culture.com\/de\/#website\"},\"primaryImageOfPage\":{\"@id\":\"https:\/\/discover-culture.com\/partner\/dekanatsmuseum-haus\/touren\/dekanatsmuseum-haus-im-ennstal\/#primaryimage\"},\"image\":{\"@id\":\"https:\/\/discover-culture.com\/partner\/dekanatsmuseum-haus\/touren\/dekanatsmuseum-haus-im-ennstal\/#primaryimage\"},\"thumbnailUrl\":\"https:\/\/discover-culture.com\/wp-content\/uploads\/Jesus.jpg\",\"datePublished\":\"2022-06-30T09:45:51+00:00\",\"dateModified\":\"2025-02-24T07:29:46+00:00\",\"description\":\"Finden Sie hier alle Informationen zum Produkt Dekanatsmuseum Haus im Ennstal und betreten Sie die neue Welt von Kunst und Kultur!\",\"breadcrumb\":{\"@id\":\"https:\/\/discover-culture.com\/partner\/dekanatsmuseum-haus\/touren\/dekanatsmuseum-haus-im-ennstal\/#breadcrumb\"},\"inLanguage\":\"de\",\"potentialAction\":[{\"@type\":\"ReadAction\",\"target\":[\"https:\/\/discover-culture.com\/partner\/dekanatsmuseum-haus\/touren\/dekanatsmuseum-haus-im-ennstal\/\"]}]},{\"@type\":\"ImageObject\",\"inLanguage\":\"de\",\"@id\":\"https:\/\/discover-culture.com\/partner\/dekanatsmuseum-haus\/touren\/dekanatsmuseum-haus-im-ennstal\/#primaryimage\",\"url\":\"https:\/\/discover-culture.com\/wp-content\/uploads\/Jesus.jpg\",\"contentUrl\":\"https:\/\/discover-culture.com\/wp-content\/uploads\/Jesus.jpg\",\"width\":2000,\"height\":1500,\"caption\":\"Jesus\"},{\"@type\":\"BreadcrumbList\",\"@id\":\"https:\/\/discover-culture.com\/partner\/dekanatsmuseum-haus\/touren\/dekanatsmuseum-haus-im-ennstal\/#breadcrumb\",\"itemListElement\":[{\"@type\":\"ListItem\",\"position\":1,\"name\":\"Home\",\"item\":\"https:\/\/discover-culture.com\/\"},{\"@type\":\"ListItem\",\"position\":2,\"name\":\"Produkte\",\"item\":\"https:\/\/discover-culture.com\/de\/shop\/\"},{\"@type\":\"ListItem\",\"position\":3,\"name\":\"Dekanatsmuseum Haus im Ennstal\"}]},{\"@type\":\"WebSite\",\"@id\":\"https:\/\/discover-culture.com\/de\/#website\",\"url\":\"https:\/\/discover-culture.com\/de\/\",\"name\":\"Discover-Culture\",\"description\":\"\",\"potentialAction\":[{\"@type\":\"SearchAction\",\"target\":{\"@type\":\"EntryPoint\",\"urlTemplate\":\"https:\/\/discover-culture.com\/de\/?s={search_term_string}\"},\"query-input\":{\"@type\":\"PropertyValueSpecification\",\"valueRequired\":true,\"valueName\":\"search_term_string\"}}],\"inLanguage\":\"de\"}]}<\/script>\n<!-- \/ Yoast SEO Premium plugin. -->","yoast_head_json":{"title":"Dekanatsmuseum Haus im Ennstal - Discover-Culture","description":"Finden Sie hier alle Informationen zum Produkt Dekanatsmuseum Haus im Ennstal und betreten Sie die neue Welt von Kunst und Kultur!","robots":{"index":"index","follow":"follow","max-snippet":"max-snippet:-1","max-image-preview":"max-image-preview:large","max-video-preview":"max-video-preview:-1"},"canonical":"https:\/\/discover-culture.com\/de\/partner\/dekanatsmuseum-haus\/touren\/dekanatsmuseum-haus-im-ennstal\/","og_locale":"de_DE","og_type":"article","og_title":"Dekanatsmuseum Haus im Ennstal","og_description":"Finden Sie hier alle Informationen zum Produkt Dekanatsmuseum Haus im Ennstal und betreten Sie die neue Welt von Kunst und Kultur!","og_url":"https:\/\/discover-culture.com\/de\/partner\/dekanatsmuseum-haus\/touren\/dekanatsmuseum-haus-im-ennstal\/","og_site_name":"Discover-Culture","article_modified_time":"2025-02-24T07:29:46+00:00","og_image":[{"width":2000,"height":1500,"url":"https:\/\/discover-culture.com\/wp-content\/uploads\/Jesus.jpg","type":"image\/jpeg"}],"twitter_card":"summary_large_image","twitter_misc":{"Gesch\u00e4tzte Lesezeit":"1\u00a0Minute"},"schema":{"@context":"https:\/\/schema.org","@graph":[{"@type":"WebPage","@id":"https:\/\/discover-culture.com\/partner\/dekanatsmuseum-haus\/touren\/dekanatsmuseum-haus-im-ennstal\/","url":"https:\/\/discover-culture.com\/partner\/dekanatsmuseum-haus\/touren\/dekanatsmuseum-haus-im-ennstal\/","name":"Dekanatsmuseum Haus im Ennstal - Discover-Culture","isPartOf":{"@id":"https:\/\/discover-culture.com\/de\/#website"},"primaryImageOfPage":{"@id":"https:\/\/discover-culture.com\/partner\/dekanatsmuseum-haus\/touren\/dekanatsmuseum-haus-im-ennstal\/#primaryimage"},"image":{"@id":"https:\/\/discover-culture.com\/partner\/dekanatsmuseum-haus\/touren\/dekanatsmuseum-haus-im-ennstal\/#primaryimage"},"thumbnailUrl":"https:\/\/discover-culture.com\/wp-content\/uploads\/Jesus.jpg","datePublished":"2022-06-30T09:45:51+00:00","dateModified":"2025-02-24T07:29:46+00:00","description":"Finden Sie hier alle Informationen zum Produkt Dekanatsmuseum Haus im Ennstal und betreten Sie die neue Welt von Kunst und Kultur!","breadcrumb":{"@id":"https:\/\/discover-culture.com\/partner\/dekanatsmuseum-haus\/touren\/dekanatsmuseum-haus-im-ennstal\/#breadcrumb"},"inLanguage":"de","potentialAction":[{"@type":"ReadAction","target":["https:\/\/discover-culture.com\/partner\/dekanatsmuseum-haus\/touren\/dekanatsmuseum-haus-im-ennstal\/"]}]},{"@type":"ImageObject","inLanguage":"de","@id":"https:\/\/discover-culture.com\/partner\/dekanatsmuseum-haus\/touren\/dekanatsmuseum-haus-im-ennstal\/#primaryimage","url":"https:\/\/discover-culture.com\/wp-content\/uploads\/Jesus.jpg","contentUrl":"https:\/\/discover-culture.com\/wp-content\/uploads\/Jesus.jpg","width":2000,"height":1500,"caption":"Jesus"},{"@type":"BreadcrumbList","@id":"https:\/\/discover-culture.com\/partner\/dekanatsmuseum-haus\/touren\/dekanatsmuseum-haus-im-ennstal\/#breadcrumb","itemListElement":[{"@type":"ListItem","position":1,"name":"Home","item":"https:\/\/discover-culture.com\/"},{"@type":"ListItem","position":2,"name":"Produkte","item":"https:\/\/discover-culture.com\/de\/shop\/"},{"@type":"ListItem","position":3,"name":"Dekanatsmuseum Haus im Ennstal"}]},{"@type":"WebSite","@id":"https:\/\/discover-culture.com\/de\/#website","url":"https:\/\/discover-culture.com\/de\/","name":"Discover-Culture","description":"","potentialAction":[{"@type":"SearchAction","target":{"@type":"EntryPoint","urlTemplate":"https:\/\/discover-culture.com\/de\/?s={search_term_string}"},"query-input":{"@type":"PropertyValueSpecification","valueRequired":true,"valueName":"search_term_string"}}],"inLanguage":"de"}]}},"_links":{"self":[{"href":"https:\/\/discover-culture.com\/de\/wp-json\/wp\/v2\/product\/5437","targetHints":{"allow":["GET"]}}],"collection":[{"href":"https:\/\/discover-culture.com\/de\/wp-json\/wp\/v2\/product"}],"about":[{"href":"https:\/\/discover-culture.com\/de\/wp-json\/wp\/v2\/types\/product"}],"wp:featuredmedia":[{"embeddable":true,"href":"https:\/\/discover-culture.com\/de\/wp-json\/wp\/v2\/media\/5438"}],"wp:attachment":[{"href":"https:\/\/discover-culture.com\/de\/wp-json\/wp\/v2\/media?parent=5437"}],"wp:term":[{"taxonomy":"product_brand","embeddable":true,"href":"https:\/\/discover-culture.com\/de\/wp-json\/wp\/v2\/product_brand?post=5437"},{"taxonomy":"product_cat","embeddable":true,"href":"https:\/\/discover-culture.com\/de\/wp-json\/wp\/v2\/product_cat?post=5437"},{"taxonomy":"product_tag","embeddable":true,"href":"https:\/\/discover-culture.com\/de\/wp-json\/wp\/v2\/product_tag?post=5437"}],"curies":[{"name":"wp","href":"https:\/\/api.w.org\/{rel}","templated":true}]}}