{"id":5340,"date":"2022-06-03T09:01:11","date_gmt":"2022-06-03T07:01:11","guid":{"rendered":"https:\/\/discover-culture.com\/partner\/\/touren\/"},"modified":"2023-05-02T11:40:14","modified_gmt":"2023-05-02T09:40:14","slug":"das-stadtmuseum-schladming","status":"publish","type":"product","link":"https:\/\/discover-culture.com\/partner\/stadtmuseum-schladming\/touren\/das-stadtmuseum-schladming","title":{"rendered":"Das Stadtmuseum Schladming"},"content":{"rendered":"<section id='lightpress__section--block_62fbcceeeb2579cf82ae973e5ac320f7' class='lightpress__section lightpress__section--content'><div class=\"content__grid content__grid\">\n    <div class=\"content__box content__box--two-thirds content__box--text-center\">\n                                                        <h3>Das Stadtmuseum Schladming virtuell entdecken<\/h3>\n<p>Schon das Museumsgeb\u00e4ude selbst ist ein beeindruckendes, einzigartiges Baudenkmal und strahlt eine jahrhundertealte Erhabenheit und urige Atmosph\u00e4re aus.<\/p>\n<p>Mach Dich auf zu einem virtuellen Rundgang und entdecke ein einzigartiges Kleinod der Schladminger Geschichte.<\/p>\n\n                                        <\/div>\n            <div class=\"content__box content__box\">\n                                                                    <img decoding=\"async\" class=\"content__image\" src=\"https:\/\/discover-culture.com\/wp-content\/uploads\/Stadtmuseum_Schladming.jpg\" alt=\"Stadtmuseum Schladming\" loading=\"lazy\">\n                                                        <\/div>\n    <\/div><\/section>\n\n<section id='lightpress__section--block_bba3b7e419f459eb190823d952d666b3' class='lightpress__section lightpress__section--content'><div class=\"content__grid content__grid--fifty-fifty\">\n    <div class=\"content__box content__box\">\n                                                    <img decoding=\"async\" class=\"content__image\" src=\"https:\/\/discover-culture.com\/wp-content\/uploads\/Bruderladenzimmer.png\" alt=\"Bruderladenzimmer\" loading=\"lazy\">\n                                        <\/div>\n            <div class=\"content__box content__box content__box--text-center\">\n                                                                        <p>Der historische Charakter des Hauses wurde bestens bewahrt, auch ein &#8222;Bruderladenzimmer&#8220; ist beinahe unver\u00e4ndert erhalten geblieben und l\u00e4sst den Besucher die Lebensumst\u00e4nde vergangener Jahrhunderte <br \/>&#8211; Sparsamkeit, Einfachheit und Zweckm\u00e4\u00dfigkeit -&#8222;erf\u00fchlen&#8220;.<\/p>\n\n                                                        <\/div>\n    <\/div><\/section>\n\n<section id='lightpress__section--block_8a4a82957026b1d9eb8457d1dbac23c2' class='lightpress__section lightpress__section--content'><div class=\"content__grid content__grid\">\n    <div class=\"content__box content__box--one-hundred\">\n                                                        <p>Mach Dich auf, zu einer virtuellen Zeitreise durch die Geschichte der Stadt Schladming und spanne zugleich den Bogen zum n\u00e4chsten Besuch vor Ort im Stadtmuseum Schladming.<\/p>\n<p><a class=\"lcyd__button lcyd__button--animate lcyd__button--arrow lcyd__button--animate\" href=\"https:\/\/museum.schladming.at\/\" target=\"_blank\" rel=\"noopener\">Mehr Informationen<\/a><\/p>\n\n                                        <\/div>\n    <\/div><\/section>","protected":false},"excerpt":{"rendered":"","protected":false},"featured_media":5341,"template":"","meta":{"_acf_changed":false,"_relevanssi_hide_post":"","_relevanssi_hide_content":"","_relevanssi_pin_for_all":"","_relevanssi_pin_keywords":"","_relevanssi_unpin_keywords":"","_relevanssi_related_keywords":"","_relevanssi_related_include_ids":"","_relevanssi_related_exclude_ids":"","_relevanssi_related_no_append":"","_relevanssi_related_not_related":"","_relevanssi_related_posts":"3841,3848,3849,3844,3845","_relevanssi_noindex_reason":""},"product_brand":[],"product_cat":[16],"product_tag":[],"class_list":["product-available","product","first","instock","virtual","sold-individually","taxable","purchasable","product-type-simple"],"bundled_by":[],"bundle_stock_status":"instock","bundle_stock_quantity":null,"bundle_virtual":false,"bundle_layout":"","bundle_add_to_cart_form_location":"","bundle_editable_in_cart":false,"bundle_sold_individually_context":"","bundle_item_grouping":"","bundle_min_size":"","bundle_max_size":"","bundle_price":[],"bundled_items":[],"bundle_sell_ids":[],"acf":[],"yoast_head":"<!-- This site is optimized with the Yoast SEO Premium plugin v25.7.1 (Yoast SEO v26.8) - https:\/\/yoast.com\/product\/yoast-seo-premium-wordpress\/ -->\n<title>Das Stadtmuseum Schladming - Discover-Culture<\/title>\n<meta name=\"description\" content=\"Finden Sie hier alle Informationen zum Produkt Das Stadtmuseum Schladming und betreten Sie die neue Welt von Kunst und Kultur!\" \/>\n<meta name=\"robots\" content=\"index, follow, max-snippet:-1, max-image-preview:large, max-video-preview:-1\" \/>\n<link rel=\"canonical\" href=\"https:\/\/discover-culture.com\/de\/partner\/stadtmuseum-schladming\/touren\/das-stadtmuseum-schladming\/\" \/>\n<meta property=\"og:locale\" content=\"de_DE\" \/>\n<meta property=\"og:type\" content=\"article\" \/>\n<meta property=\"og:title\" content=\"Das Stadtmuseum Schladming\" \/>\n<meta property=\"og:description\" content=\"Finden Sie hier alle Informationen zum Produkt Das Stadtmuseum Schladming und betreten Sie die neue Welt von Kunst und Kultur!\" \/>\n<meta property=\"og:url\" content=\"https:\/\/discover-culture.com\/de\/partner\/stadtmuseum-schladming\/touren\/das-stadtmuseum-schladming\/\" \/>\n<meta property=\"og:site_name\" content=\"Discover-Culture\" \/>\n<meta property=\"article:modified_time\" content=\"2023-05-02T09:40:14+00:00\" \/>\n<meta property=\"og:image\" content=\"https:\/\/discover-culture.com\/wp-content\/uploads\/Schladming_StM_01.jpeg\" \/>\n\t<meta property=\"og:image:width\" content=\"1000\" \/>\n\t<meta property=\"og:image:height\" content=\"700\" \/>\n\t<meta property=\"og:image:type\" content=\"image\/jpeg\" \/>\n<meta name=\"twitter:card\" content=\"summary_large_image\" \/>\n<script type=\"application\/ld+json\" class=\"yoast-schema-graph\">{\"@context\":\"https:\/\/schema.org\",\"@graph\":[{\"@type\":\"WebPage\",\"@id\":\"https:\/\/discover-culture.com\/partner\/stadtmuseum-schladming\/touren\/das-stadtmuseum-schladming\/\",\"url\":\"https:\/\/discover-culture.com\/partner\/stadtmuseum-schladming\/touren\/das-stadtmuseum-schladming\/\",\"name\":\"Das Stadtmuseum Schladming - Discover-Culture\",\"isPartOf\":{\"@id\":\"https:\/\/discover-culture.com\/de\/#website\"},\"primaryImageOfPage\":{\"@id\":\"https:\/\/discover-culture.com\/partner\/stadtmuseum-schladming\/touren\/das-stadtmuseum-schladming\/#primaryimage\"},\"image\":{\"@id\":\"https:\/\/discover-culture.com\/partner\/stadtmuseum-schladming\/touren\/das-stadtmuseum-schladming\/#primaryimage\"},\"thumbnailUrl\":\"https:\/\/discover-culture.com\/wp-content\/uploads\/Schladming_StM_01.jpeg\",\"datePublished\":\"2022-06-03T07:01:11+00:00\",\"dateModified\":\"2023-05-02T09:40:14+00:00\",\"description\":\"Finden Sie hier alle Informationen zum Produkt Das Stadtmuseum Schladming und betreten Sie die neue Welt von Kunst und Kultur!\",\"breadcrumb\":{\"@id\":\"https:\/\/discover-culture.com\/partner\/stadtmuseum-schladming\/touren\/das-stadtmuseum-schladming\/#breadcrumb\"},\"inLanguage\":\"de\",\"potentialAction\":[{\"@type\":\"ReadAction\",\"target\":[\"https:\/\/discover-culture.com\/partner\/stadtmuseum-schladming\/touren\/das-stadtmuseum-schladming\/\"]}]},{\"@type\":\"ImageObject\",\"inLanguage\":\"de\",\"@id\":\"https:\/\/discover-culture.com\/partner\/stadtmuseum-schladming\/touren\/das-stadtmuseum-schladming\/#primaryimage\",\"url\":\"https:\/\/discover-culture.com\/wp-content\/uploads\/Schladming_StM_01.jpeg\",\"contentUrl\":\"https:\/\/discover-culture.com\/wp-content\/uploads\/Schladming_StM_01.jpeg\",\"width\":1000,\"height\":700,\"caption\":\"Schladming StM 01\"},{\"@type\":\"BreadcrumbList\",\"@id\":\"https:\/\/discover-culture.com\/partner\/stadtmuseum-schladming\/touren\/das-stadtmuseum-schladming\/#breadcrumb\",\"itemListElement\":[{\"@type\":\"ListItem\",\"position\":1,\"name\":\"Home\",\"item\":\"https:\/\/discover-culture.com\/\"},{\"@type\":\"ListItem\",\"position\":2,\"name\":\"Produkte\",\"item\":\"https:\/\/discover-culture.com\/de\/shop\/\"},{\"@type\":\"ListItem\",\"position\":3,\"name\":\"Das Stadtmuseum Schladming\"}]},{\"@type\":\"WebSite\",\"@id\":\"https:\/\/discover-culture.com\/de\/#website\",\"url\":\"https:\/\/discover-culture.com\/de\/\",\"name\":\"Discover-Culture\",\"description\":\"\",\"potentialAction\":[{\"@type\":\"SearchAction\",\"target\":{\"@type\":\"EntryPoint\",\"urlTemplate\":\"https:\/\/discover-culture.com\/de\/?s={search_term_string}\"},\"query-input\":{\"@type\":\"PropertyValueSpecification\",\"valueRequired\":true,\"valueName\":\"search_term_string\"}}],\"inLanguage\":\"de\"}]}<\/script>\n<!-- \/ Yoast SEO Premium plugin. -->","yoast_head_json":{"title":"Das Stadtmuseum Schladming - Discover-Culture","description":"Finden Sie hier alle Informationen zum Produkt Das Stadtmuseum Schladming und betreten Sie die neue Welt von Kunst und Kultur!","robots":{"index":"index","follow":"follow","max-snippet":"max-snippet:-1","max-image-preview":"max-image-preview:large","max-video-preview":"max-video-preview:-1"},"canonical":"https:\/\/discover-culture.com\/de\/partner\/stadtmuseum-schladming\/touren\/das-stadtmuseum-schladming\/","og_locale":"de_DE","og_type":"article","og_title":"Das Stadtmuseum Schladming","og_description":"Finden Sie hier alle Informationen zum Produkt Das Stadtmuseum Schladming und betreten Sie die neue Welt von Kunst und Kultur!","og_url":"https:\/\/discover-culture.com\/de\/partner\/stadtmuseum-schladming\/touren\/das-stadtmuseum-schladming\/","og_site_name":"Discover-Culture","article_modified_time":"2023-05-02T09:40:14+00:00","og_image":[{"width":1000,"height":700,"url":"https:\/\/discover-culture.com\/wp-content\/uploads\/Schladming_StM_01.jpeg","type":"image\/jpeg"}],"twitter_card":"summary_large_image","schema":{"@context":"https:\/\/schema.org","@graph":[{"@type":"WebPage","@id":"https:\/\/discover-culture.com\/partner\/stadtmuseum-schladming\/touren\/das-stadtmuseum-schladming\/","url":"https:\/\/discover-culture.com\/partner\/stadtmuseum-schladming\/touren\/das-stadtmuseum-schladming\/","name":"Das Stadtmuseum Schladming - Discover-Culture","isPartOf":{"@id":"https:\/\/discover-culture.com\/de\/#website"},"primaryImageOfPage":{"@id":"https:\/\/discover-culture.com\/partner\/stadtmuseum-schladming\/touren\/das-stadtmuseum-schladming\/#primaryimage"},"image":{"@id":"https:\/\/discover-culture.com\/partner\/stadtmuseum-schladming\/touren\/das-stadtmuseum-schladming\/#primaryimage"},"thumbnailUrl":"https:\/\/discover-culture.com\/wp-content\/uploads\/Schladming_StM_01.jpeg","datePublished":"2022-06-03T07:01:11+00:00","dateModified":"2023-05-02T09:40:14+00:00","description":"Finden Sie hier alle Informationen zum Produkt Das Stadtmuseum Schladming und betreten Sie die neue Welt von Kunst und Kultur!","breadcrumb":{"@id":"https:\/\/discover-culture.com\/partner\/stadtmuseum-schladming\/touren\/das-stadtmuseum-schladming\/#breadcrumb"},"inLanguage":"de","potentialAction":[{"@type":"ReadAction","target":["https:\/\/discover-culture.com\/partner\/stadtmuseum-schladming\/touren\/das-stadtmuseum-schladming\/"]}]},{"@type":"ImageObject","inLanguage":"de","@id":"https:\/\/discover-culture.com\/partner\/stadtmuseum-schladming\/touren\/das-stadtmuseum-schladming\/#primaryimage","url":"https:\/\/discover-culture.com\/wp-content\/uploads\/Schladming_StM_01.jpeg","contentUrl":"https:\/\/discover-culture.com\/wp-content\/uploads\/Schladming_StM_01.jpeg","width":1000,"height":700,"caption":"Schladming StM 01"},{"@type":"BreadcrumbList","@id":"https:\/\/discover-culture.com\/partner\/stadtmuseum-schladming\/touren\/das-stadtmuseum-schladming\/#breadcrumb","itemListElement":[{"@type":"ListItem","position":1,"name":"Home","item":"https:\/\/discover-culture.com\/"},{"@type":"ListItem","position":2,"name":"Produkte","item":"https:\/\/discover-culture.com\/de\/shop\/"},{"@type":"ListItem","position":3,"name":"Das Stadtmuseum Schladming"}]},{"@type":"WebSite","@id":"https:\/\/discover-culture.com\/de\/#website","url":"https:\/\/discover-culture.com\/de\/","name":"Discover-Culture","description":"","potentialAction":[{"@type":"SearchAction","target":{"@type":"EntryPoint","urlTemplate":"https:\/\/discover-culture.com\/de\/?s={search_term_string}"},"query-input":{"@type":"PropertyValueSpecification","valueRequired":true,"valueName":"search_term_string"}}],"inLanguage":"de"}]}},"_links":{"self":[{"href":"https:\/\/discover-culture.com\/de\/wp-json\/wp\/v2\/product\/5340","targetHints":{"allow":["GET"]}}],"collection":[{"href":"https:\/\/discover-culture.com\/de\/wp-json\/wp\/v2\/product"}],"about":[{"href":"https:\/\/discover-culture.com\/de\/wp-json\/wp\/v2\/types\/product"}],"wp:featuredmedia":[{"embeddable":true,"href":"https:\/\/discover-culture.com\/de\/wp-json\/wp\/v2\/media\/5341"}],"wp:attachment":[{"href":"https:\/\/discover-culture.com\/de\/wp-json\/wp\/v2\/media?parent=5340"}],"wp:term":[{"taxonomy":"product_brand","embeddable":true,"href":"https:\/\/discover-culture.com\/de\/wp-json\/wp\/v2\/product_brand?post=5340"},{"taxonomy":"product_cat","embeddable":true,"href":"https:\/\/discover-culture.com\/de\/wp-json\/wp\/v2\/product_cat?post=5340"},{"taxonomy":"product_tag","embeddable":true,"href":"https:\/\/discover-culture.com\/de\/wp-json\/wp\/v2\/product_tag?post=5340"}],"curies":[{"name":"wp","href":"https:\/\/api.w.org\/{rel}","templated":true}]}}