{"id":5276,"date":"2022-05-09T09:34:52","date_gmt":"2022-05-09T07:34:52","guid":{"rendered":"https:\/\/discover-culture.com\/partner\/\/touren\/"},"modified":"2024-01-22T12:00:18","modified_gmt":"2024-01-22T10:00:18","slug":"die-burg-hochosterwitz","status":"publish","type":"product","link":"https:\/\/discover-culture.com\/partner\/burg-hochosterwitz\/touren\/die-burg-hochosterwitz","title":{"rendered":"Die Burg Hochosterwitz"},"content":{"rendered":"<section id='lightpress__section--block_8d74ac2b2656bef67ee169602f41af4d' class='lightpress__section lightpress__section--content'><div class=\"content__grid content__grid--fifty-fifty\">\n    <div class=\"content__box content__box content__box--text-center\">\n                                                        <h4>Machen Sie sich auf eine virtuelle Entdeckungsreise hoch hinauf zur Burg Hochosterwitz.<\/h4>\n<p>11 der 14 Burgtore, das Gardemuseum, die Burgkirche und schlie\u00dflich die Schmiede m\u00fcnden in den wundersch\u00f6nen Innenhof der einzigartigen Burg Hochosterwitz.<\/p>\n\n                                        <\/div>\n            <div class=\"content__box content__box\">\n                                                                    <img decoding=\"async\" class=\"content__image\" src=\"https:\/\/discover-culture.com\/wp-content\/uploads\/burgtore-hochosterwitz.jpg\" alt=\"burgtore hochosterwitz\" loading=\"lazy\">\n                                                        <\/div>\n    <\/div><\/section>\n\n<section id='lightpress__section--block_5784c529f98805d8864eaaf5299cbb27' class='lightpress__section lightpress__section--content'><div class=\"content__grid content__grid--fifty-fifty\">\n    <div class=\"content__box content__box\">\n                                                        <h4>Folgende Tore k\u00f6nnen virtuell durchschritten werden:<\/h4>\n<ul>\n<li>Das F\u00e4hnrichtstor<\/li>\n<li>Das W\u00e4chtertor<\/li>\n<li>Das Nautor<\/li>\n<li>Das Engelstor<\/li>\n<li>Das Khevenh\u00fcllertor<\/li>\n<\/ul>\n\n                                        <\/div>\n            <div class=\"content__box content__box\">\n                                                                        <p>\u00a0<\/p>\n<ul>\n<li>Das Landschaftstor<\/li>\n<li>Das Waffentor<\/li>\n<li>Das Mauertor<\/li>\n<li>Das Br\u00fcckentor<\/li>\n<li>Das Kirchentor<\/li>\n<li>Das Kulmertor<\/li>\n<\/ul>\n\n                                                        <\/div>\n    <\/div><\/section>\n\n<section id='lightpress__section--block_23f1abb291c6a46909c622dc25212d54' class='lightpress__section lightpress__section--content'><div class=\"content__grid content__grid--fifty-fifty\">\n    <div class=\"content__box content__box\">\n                                                    <img decoding=\"async\" class=\"content__image\" src=\"https:\/\/discover-culture.com\/wp-content\/uploads\/3-Garde-Loewentor2-Hochosterwitz-Garde-Foto-August-Zoebl-2020-198_Web-1024x683-1.jpg\" alt=\"3 Garde Loewentor2 Hochosterwitz Garde Foto August Zoebl 2020 198 Web 1024x683 1\" loading=\"lazy\">\n                                        <\/div>\n            <div class=\"content__box content__box content__box--text-center\">\n                                                                        <h4>Das Gardemuseum<\/h4>\n<p>Das Engelstor war nicht nur der St\u00fctzpunkt der Khevenh\u00fcllergarde, hier ist auch das Gardemuseum zu sehen .<\/p>\n<p>Die Khevenh\u00fcller-Metsch-Ehrengarde ist ein Aush\u00e4ngeschild der f\u00fcrstlichen Familie \u2013 und selten ist die Tradition in ihrer Lebendigkeit so weitergef\u00fchrt worden, wie es hier geschieht.<\/p>\n<p>Seit 1600 sch\u00fctzt und bewacht die Ehrengarde die F\u00fcrstenfamilie und sichert das Schloss Niederosterwitz und die Burg Hochosterwitz.<\/p>\n\n                                                        <\/div>\n    <\/div><\/section>\n\n<section id='lightpress__section--block_a4b9bf0c9eb0005fe09eecde62b0debd' class='lightpress__section lightpress__section--content'><div class=\"content__grid content__grid--fifty-fifty\">\n    <div class=\"content__box content__box content__box--text-center\">\n                                                        <h4>Die Burgkirche<\/h4>\n<p>Rechterhand vom Kirchentor gelangen Sie auf Ihrer virtuellen Tour in die Burgkirche mit Ihrer Gruft.<\/p>\n<p>926 n.C. erstmals urkundlich erw\u00e4hnt, wurde die Kirche in der Reformationszeit komplett neu gebaut und ist mit 1586 datiert. Georg Khevenh\u00fcller lie\u00df sie als protestantische Kirche aus verputztem Bruchstein neu errichten und am Portal mit der Jahreszahl \u201e1586\u201c versehen.<\/p>\n\n                                        <\/div>\n            <div class=\"content__box content__box\">\n                                                                    <img decoding=\"async\" class=\"content__image\" src=\"https:\/\/discover-culture.com\/wp-content\/uploads\/Burgkirche_Burg-Hochosterwitz_web.jpg\" alt=\"Burgkirche Burg Hochosterwitz web\" loading=\"lazy\">\n                                                        <\/div>\n    <\/div><\/section>\n\n<section id='lightpress__section--block_f4ce047ca28cbc33d47dd5cefb2ef252' class='lightpress__section lightpress__section--content'><div class=\"content__grid content__grid--fifty-fifty\">\n    <div class=\"content__box content__box\">\n                                                    <img decoding=\"async\" class=\"content__image\" src=\"https:\/\/discover-culture.com\/wp-content\/uploads\/Schmiede-1.jpg\" alt=\"Schmiede 1\" loading=\"lazy\">\n                                        <\/div>\n            <div class=\"content__box content__box content__box--text-center\">\n                                                                        <h4>Die Schmiede<\/h4>\n<p>Folgend auf das 14. Tor, das Kulmertor folgt der Aufgang in die Burg. Ein virtueller Blick in die Burgschmiede macht eine Ahnung auf die herausfordernde historische Geschichte m\u00f6glich.<\/p>\n<p>Die fachgerechte Ausf\u00fchrung von Zimmerei- und Tischlerarbeiten f\u00fcr ein Bauwerk wie die Burg Hochosterwitz erfordert traditionelles Fachwissen und K\u00f6nnen.<\/p>\n<p>Die Burg, die in fr\u00fcheren Zeiten dem Schutze der Bev\u00f6lkerung diente, erforderte eine gewisse Selbstversorgung. Demzufolge gab es im Mittelalter neben vielerlei Handwerksbereichen auch eine eigene Schmiede.<\/p>\n\n                                                        <\/div>\n    <\/div><\/section>\n\n<section id='lightpress__section--block_59d7e498c500c70827e78b162931e24f' class='lightpress__section lightpress__section--content'><div class=\"content__grid content__grid--fifty-fifty\">\n    <div class=\"content__box content__box content__box--text-center\">\n                                                        <h4>Der Innenhof der Burg Hochosterwitz<\/h4>\n<p>Ihr virtueller Aufstieg zur Burg Hochosterwitz m\u00fcndet im Innenhof.<\/p>\n<p>Im Innenhof der Burg befindet sich auch der Zugang zu den Ausstellungsr\u00e4umen, der kleinen Burgkapelle und zum Restaurant, das f\u00fcr Feierlichkeiten gemietet werden kann. <\/p>\n<p>In der Nordecke befindet sich der 2. Ziehbrunnen mit 13 m Tiefe.<\/p>\n<p><\/p>\n\n                                        <\/div>\n            <div class=\"content__box content__box\">\n                                                                    <img decoding=\"async\" class=\"content__image\" src=\"https:\/\/discover-culture.com\/wp-content\/uploads\/Innenhof_Burg_Hochosterwitz-2.jpg\" alt=\"Innenhof Burg Hochosterwitz 2\" loading=\"lazy\">\n                                                        <\/div>\n    <\/div><\/section>\n\n<section id='lightpress__section--block_af7619724404fef9cb23033cce0123a2' class='lightpress__section lightpress__section--content-with-gallery'><h2 class=\"cwg__headline\"><\/h2>\n<div id='lightpress__section--block_69e8eeb494542' class='cwg__content lightpress__section--content'><div class=\"content__grid content__grid\">\n    <div class=\"content__box content__box--one-hundred\">\n                                                        <h4>Entdecken Sie die spannende Historie der einzigartigen Burg Hochosterwitz in K\u00e4rnten.<\/p>\n<\/h4>\n\n                                        <\/div>\n    <\/div><\/div>\n\n<div class=\"cwg__gallery cwg__gallery--3\">\n                    <picture class=\"cwg__image\">\n            <source srcset=\"https:\/\/discover-culture.com\/wp-content\/uploads\/burgkirche_hochosterwitz-1.webp\" type=\"image\/webp\">\n            <source srcset=\"https:\/\/discover-culture.com\/wp-content\/uploads\/burgkirche_hochosterwitz-1.jpg\" type=\"image\/jpeg\">\n            <img decoding=\"async\" loading=\"lazy\" src=\"https:\/\/discover-culture.com\/wp-content\/uploads\/burgkirche_hochosterwitz-1.jpg\" alt=\"burgkirche hochosterwitz 1\">\n        <\/picture>\n                    <picture class=\"cwg__image\">\n            <source srcset=\"https:\/\/discover-culture.com\/wp-content\/uploads\/Faehnrichtor-1.webp\" type=\"image\/webp\">\n            <source srcset=\"https:\/\/discover-culture.com\/wp-content\/uploads\/Faehnrichtor-1.jpg\" type=\"image\/jpeg\">\n            <img decoding=\"async\" loading=\"lazy\" src=\"https:\/\/discover-culture.com\/wp-content\/uploads\/Faehnrichtor-1.jpg\" alt=\"Faehnrichtor 1\">\n        <\/picture>\n                    <picture class=\"cwg__image\">\n            <source srcset=\"https:\/\/discover-culture.com\/wp-content\/uploads\/Kulmertor-1.webp\" type=\"image\/webp\">\n            <source srcset=\"https:\/\/discover-culture.com\/wp-content\/uploads\/Kulmertor-1.jpg\" type=\"image\/jpeg\">\n            <img decoding=\"async\" loading=\"lazy\" src=\"https:\/\/discover-culture.com\/wp-content\/uploads\/Kulmertor-1.jpg\" alt=\"Kulmertor 1\">\n        <\/picture>\n    <\/div><\/section>","protected":false},"excerpt":{"rendered":"<p>Sehen Sie das Gesamterlebnis Burg Hochosterwitz auf virtuellem Weg- barrierefrei und in seiner ganzen, historischen Pracht.<\/p>\n","protected":false},"featured_media":5275,"template":"","meta":{"_acf_changed":false,"_relevanssi_hide_post":"","_relevanssi_hide_content":"","_relevanssi_pin_for_all":"","_relevanssi_pin_keywords":"","_relevanssi_unpin_keywords":"","_relevanssi_related_keywords":"","_relevanssi_related_include_ids":"","_relevanssi_related_exclude_ids":"","_relevanssi_related_no_append":"","_relevanssi_related_not_related":"","_relevanssi_related_posts":"3844,3848,3845,3841,3849","_relevanssi_noindex_reason":""},"product_brand":[],"product_cat":[16],"product_tag":[],"class_list":["product-available","product","first","instock","virtual","sold-individually","taxable","purchasable","product-type-bundle"],"bundled_by":[],"bundle_stock_status":"instock","bundle_stock_quantity":"","bundle_virtual":true,"bundle_layout":"default","bundle_add_to_cart_form_location":"default","bundle_editable_in_cart":false,"bundle_sold_individually_context":"product","bundle_item_grouping":"parent","bundle_min_size":"","bundle_max_size":"","bundle_price":{"price":{"min":{"incl_tax":"0","excl_tax":"0"},"max":{"incl_tax":"0","excl_tax":"0"}},"regular_price":{"min":{"incl_tax":"0","excl_tax":"0"},"max":{"incl_tax":"0","excl_tax":"0"}}},"bundled_items":[{"bundled_item_id":24,"product_id":3873,"menu_order":0,"quantity_min":1,"quantity_max":1,"quantity_default":1,"priced_individually":false,"shipped_individually":true,"override_title":false,"title":"","override_description":false,"description":"","optional":false,"hide_thumbnail":false,"discount":"","override_variations":false,"allowed_variations":[],"override_default_variation_attributes":false,"default_variation_attributes":[],"single_product_visibility":"hidden","cart_visibility":"hidden","order_visibility":"hidden","single_product_price_visibility":"visible","cart_price_visibility":"visible","order_price_visibility":"visible","stock_status":"in_stock"},{"bundled_item_id":25,"product_id":3875,"menu_order":1,"quantity_min":1,"quantity_max":1,"quantity_default":1,"priced_individually":false,"shipped_individually":true,"override_title":false,"title":"","override_description":false,"description":"","optional":false,"hide_thumbnail":false,"discount":"","override_variations":false,"allowed_variations":[],"override_default_variation_attributes":false,"default_variation_attributes":[],"single_product_visibility":"hidden","cart_visibility":"hidden","order_visibility":"hidden","single_product_price_visibility":"visible","cart_price_visibility":"visible","order_price_visibility":"visible","stock_status":"in_stock"},{"bundled_item_id":35,"product_id":3877,"menu_order":2,"quantity_min":1,"quantity_max":1,"quantity_default":1,"priced_individually":false,"shipped_individually":true,"override_title":false,"title":"","override_description":false,"description":"","optional":false,"hide_thumbnail":false,"discount":"","override_variations":false,"allowed_variations":[],"override_default_variation_attributes":false,"default_variation_attributes":[],"single_product_visibility":"hidden","cart_visibility":"hidden","order_visibility":"hidden","single_product_price_visibility":"visible","cart_price_visibility":"visible","order_price_visibility":"visible","stock_status":"in_stock"},{"bundled_item_id":27,"product_id":3879,"menu_order":3,"quantity_min":1,"quantity_max":1,"quantity_default":1,"priced_individually":false,"shipped_individually":true,"override_title":false,"title":"","override_description":false,"description":"","optional":false,"hide_thumbnail":false,"discount":"","override_variations":false,"allowed_variations":[],"override_default_variation_attributes":false,"default_variation_attributes":[],"single_product_visibility":"hidden","cart_visibility":"hidden","order_visibility":"hidden","single_product_price_visibility":"visible","cart_price_visibility":"visible","order_price_visibility":"visible","stock_status":"in_stock"},{"bundled_item_id":28,"product_id":3882,"menu_order":4,"quantity_min":1,"quantity_max":1,"quantity_default":1,"priced_individually":false,"shipped_individually":true,"override_title":false,"title":"","override_description":false,"description":"","optional":false,"hide_thumbnail":false,"discount":"","override_variations":false,"allowed_variations":[],"override_default_variation_attributes":false,"default_variation_attributes":[],"single_product_visibility":"hidden","cart_visibility":"hidden","order_visibility":"hidden","single_product_price_visibility":"visible","cart_price_visibility":"visible","order_price_visibility":"visible","stock_status":"in_stock"},{"bundled_item_id":29,"product_id":3885,"menu_order":5,"quantity_min":1,"quantity_max":1,"quantity_default":1,"priced_individually":false,"shipped_individually":true,"override_title":false,"title":"","override_description":false,"description":"","optional":false,"hide_thumbnail":false,"discount":"","override_variations":false,"allowed_variations":[],"override_default_variation_attributes":false,"default_variation_attributes":[],"single_product_visibility":"hidden","cart_visibility":"hidden","order_visibility":"hidden","single_product_price_visibility":"visible","cart_price_visibility":"visible","order_price_visibility":"visible","stock_status":"in_stock"},{"bundled_item_id":31,"product_id":3887,"menu_order":6,"quantity_min":1,"quantity_max":1,"quantity_default":1,"priced_individually":false,"shipped_individually":true,"override_title":false,"title":"","override_description":false,"description":"","optional":false,"hide_thumbnail":false,"discount":"","override_variations":false,"allowed_variations":[],"override_default_variation_attributes":false,"default_variation_attributes":[],"single_product_visibility":"hidden","cart_visibility":"hidden","order_visibility":"hidden","single_product_price_visibility":"visible","cart_price_visibility":"visible","order_price_visibility":"visible","stock_status":"in_stock"},{"bundled_item_id":30,"product_id":3892,"menu_order":7,"quantity_min":1,"quantity_max":1,"quantity_default":1,"priced_individually":false,"shipped_individually":true,"override_title":false,"title":"","override_description":false,"description":"","optional":false,"hide_thumbnail":false,"discount":"","override_variations":false,"allowed_variations":[],"override_default_variation_attributes":false,"default_variation_attributes":[],"single_product_visibility":"hidden","cart_visibility":"hidden","order_visibility":"hidden","single_product_price_visibility":"visible","cart_price_visibility":"visible","order_price_visibility":"visible","stock_status":"in_stock"},{"bundled_item_id":57,"product_id":335,"menu_order":8,"quantity_min":1,"quantity_max":1,"quantity_default":1,"priced_individually":false,"shipped_individually":true,"override_title":false,"title":"","override_description":false,"description":"","optional":false,"hide_thumbnail":false,"discount":"","override_variations":false,"allowed_variations":[],"override_default_variation_attributes":false,"default_variation_attributes":[],"single_product_visibility":"visible","cart_visibility":"visible","order_visibility":"visible","single_product_price_visibility":"visible","cart_price_visibility":"visible","order_price_visibility":"visible","stock_status":"in_stock"}],"bundle_sell_ids":[],"acf":[],"yoast_head":"<!-- This site is optimized with the Yoast SEO Premium plugin v25.7.1 (Yoast SEO v26.8) - https:\/\/yoast.com\/product\/yoast-seo-premium-wordpress\/ -->\n<title>Die Burg Hochosterwitz - Discover-Culture<\/title>\n<meta name=\"description\" content=\"Finden Sie hier alle Informationen zum Produkt Die Burg Hochosterwitz und betreten Sie die neue Welt von Kunst und Kultur!\" \/>\n<meta name=\"robots\" content=\"index, follow, max-snippet:-1, max-image-preview:large, max-video-preview:-1\" \/>\n<link rel=\"canonical\" href=\"https:\/\/discover-culture.com\/de\/partner\/burg-hochosterwitz\/touren\/die-burg-hochosterwitz\/\" \/>\n<meta property=\"og:locale\" content=\"de_DE\" \/>\n<meta property=\"og:type\" content=\"article\" \/>\n<meta property=\"og:title\" content=\"Die Burg Hochosterwitz\" \/>\n<meta property=\"og:description\" content=\"Finden Sie hier alle Informationen zum Produkt Die Burg Hochosterwitz und betreten Sie die neue Welt von Kunst und Kultur!\" \/>\n<meta property=\"og:url\" content=\"https:\/\/discover-culture.com\/de\/partner\/burg-hochosterwitz\/touren\/die-burg-hochosterwitz\/\" \/>\n<meta property=\"og:site_name\" content=\"Discover-Culture\" \/>\n<meta property=\"article:modified_time\" content=\"2024-01-22T10:00:18+00:00\" \/>\n<meta property=\"og:image\" content=\"https:\/\/discover-culture.com\/wp-content\/uploads\/Burg-Hochosterwitz-Instagram-1.jpg\" \/>\n\t<meta property=\"og:image:width\" content=\"2000\" \/>\n\t<meta property=\"og:image:height\" content=\"1200\" \/>\n\t<meta property=\"og:image:type\" content=\"image\/jpeg\" \/>\n<meta name=\"twitter:card\" content=\"summary_large_image\" \/>\n<meta name=\"twitter:label1\" content=\"Gesch\u00e4tzte Lesezeit\" \/>\n\t<meta name=\"twitter:data1\" content=\"1\u00a0Minute\" \/>\n<script type=\"application\/ld+json\" class=\"yoast-schema-graph\">{\"@context\":\"https:\/\/schema.org\",\"@graph\":[{\"@type\":\"WebPage\",\"@id\":\"https:\/\/discover-culture.com\/partner\/burg-hochosterwitz\/touren\/die-burg-hochosterwitz\/\",\"url\":\"https:\/\/discover-culture.com\/partner\/burg-hochosterwitz\/touren\/die-burg-hochosterwitz\/\",\"name\":\"Die Burg Hochosterwitz - Discover-Culture\",\"isPartOf\":{\"@id\":\"https:\/\/discover-culture.com\/de\/#website\"},\"primaryImageOfPage\":{\"@id\":\"https:\/\/discover-culture.com\/partner\/burg-hochosterwitz\/touren\/die-burg-hochosterwitz\/#primaryimage\"},\"image\":{\"@id\":\"https:\/\/discover-culture.com\/partner\/burg-hochosterwitz\/touren\/die-burg-hochosterwitz\/#primaryimage\"},\"thumbnailUrl\":\"https:\/\/discover-culture.com\/wp-content\/uploads\/Burg-Hochosterwitz-Instagram-1.jpg\",\"datePublished\":\"2022-05-09T07:34:52+00:00\",\"dateModified\":\"2024-01-22T10:00:18+00:00\",\"description\":\"Finden Sie hier alle Informationen zum Produkt Die Burg Hochosterwitz und betreten Sie die neue Welt von Kunst und Kultur!\",\"breadcrumb\":{\"@id\":\"https:\/\/discover-culture.com\/partner\/burg-hochosterwitz\/touren\/die-burg-hochosterwitz\/#breadcrumb\"},\"inLanguage\":\"de\",\"potentialAction\":[{\"@type\":\"ReadAction\",\"target\":[\"https:\/\/discover-culture.com\/partner\/burg-hochosterwitz\/touren\/die-burg-hochosterwitz\/\"]}]},{\"@type\":\"ImageObject\",\"inLanguage\":\"de\",\"@id\":\"https:\/\/discover-culture.com\/partner\/burg-hochosterwitz\/touren\/die-burg-hochosterwitz\/#primaryimage\",\"url\":\"https:\/\/discover-culture.com\/wp-content\/uploads\/Burg-Hochosterwitz-Instagram-1.jpg\",\"contentUrl\":\"https:\/\/discover-culture.com\/wp-content\/uploads\/Burg-Hochosterwitz-Instagram-1.jpg\",\"width\":2000,\"height\":1200,\"caption\":\"Burg Hochosterwitz Instagram 1\"},{\"@type\":\"BreadcrumbList\",\"@id\":\"https:\/\/discover-culture.com\/partner\/burg-hochosterwitz\/touren\/die-burg-hochosterwitz\/#breadcrumb\",\"itemListElement\":[{\"@type\":\"ListItem\",\"position\":1,\"name\":\"Home\",\"item\":\"https:\/\/discover-culture.com\/\"},{\"@type\":\"ListItem\",\"position\":2,\"name\":\"Produkte\",\"item\":\"https:\/\/discover-culture.com\/de\/shop\/\"},{\"@type\":\"ListItem\",\"position\":3,\"name\":\"Die Burg Hochosterwitz\"}]},{\"@type\":\"WebSite\",\"@id\":\"https:\/\/discover-culture.com\/de\/#website\",\"url\":\"https:\/\/discover-culture.com\/de\/\",\"name\":\"Discover-Culture\",\"description\":\"\",\"potentialAction\":[{\"@type\":\"SearchAction\",\"target\":{\"@type\":\"EntryPoint\",\"urlTemplate\":\"https:\/\/discover-culture.com\/de\/?s={search_term_string}\"},\"query-input\":{\"@type\":\"PropertyValueSpecification\",\"valueRequired\":true,\"valueName\":\"search_term_string\"}}],\"inLanguage\":\"de\"}]}<\/script>\n<!-- \/ Yoast SEO Premium plugin. -->","yoast_head_json":{"title":"Die Burg Hochosterwitz - Discover-Culture","description":"Finden Sie hier alle Informationen zum Produkt Die Burg Hochosterwitz und betreten Sie die neue Welt von Kunst und Kultur!","robots":{"index":"index","follow":"follow","max-snippet":"max-snippet:-1","max-image-preview":"max-image-preview:large","max-video-preview":"max-video-preview:-1"},"canonical":"https:\/\/discover-culture.com\/de\/partner\/burg-hochosterwitz\/touren\/die-burg-hochosterwitz\/","og_locale":"de_DE","og_type":"article","og_title":"Die Burg Hochosterwitz","og_description":"Finden Sie hier alle Informationen zum Produkt Die Burg Hochosterwitz und betreten Sie die neue Welt von Kunst und Kultur!","og_url":"https:\/\/discover-culture.com\/de\/partner\/burg-hochosterwitz\/touren\/die-burg-hochosterwitz\/","og_site_name":"Discover-Culture","article_modified_time":"2024-01-22T10:00:18+00:00","og_image":[{"width":2000,"height":1200,"url":"https:\/\/discover-culture.com\/wp-content\/uploads\/Burg-Hochosterwitz-Instagram-1.jpg","type":"image\/jpeg"}],"twitter_card":"summary_large_image","twitter_misc":{"Gesch\u00e4tzte Lesezeit":"1\u00a0Minute"},"schema":{"@context":"https:\/\/schema.org","@graph":[{"@type":"WebPage","@id":"https:\/\/discover-culture.com\/partner\/burg-hochosterwitz\/touren\/die-burg-hochosterwitz\/","url":"https:\/\/discover-culture.com\/partner\/burg-hochosterwitz\/touren\/die-burg-hochosterwitz\/","name":"Die Burg Hochosterwitz - Discover-Culture","isPartOf":{"@id":"https:\/\/discover-culture.com\/de\/#website"},"primaryImageOfPage":{"@id":"https:\/\/discover-culture.com\/partner\/burg-hochosterwitz\/touren\/die-burg-hochosterwitz\/#primaryimage"},"image":{"@id":"https:\/\/discover-culture.com\/partner\/burg-hochosterwitz\/touren\/die-burg-hochosterwitz\/#primaryimage"},"thumbnailUrl":"https:\/\/discover-culture.com\/wp-content\/uploads\/Burg-Hochosterwitz-Instagram-1.jpg","datePublished":"2022-05-09T07:34:52+00:00","dateModified":"2024-01-22T10:00:18+00:00","description":"Finden Sie hier alle Informationen zum Produkt Die Burg Hochosterwitz und betreten Sie die neue Welt von Kunst und Kultur!","breadcrumb":{"@id":"https:\/\/discover-culture.com\/partner\/burg-hochosterwitz\/touren\/die-burg-hochosterwitz\/#breadcrumb"},"inLanguage":"de","potentialAction":[{"@type":"ReadAction","target":["https:\/\/discover-culture.com\/partner\/burg-hochosterwitz\/touren\/die-burg-hochosterwitz\/"]}]},{"@type":"ImageObject","inLanguage":"de","@id":"https:\/\/discover-culture.com\/partner\/burg-hochosterwitz\/touren\/die-burg-hochosterwitz\/#primaryimage","url":"https:\/\/discover-culture.com\/wp-content\/uploads\/Burg-Hochosterwitz-Instagram-1.jpg","contentUrl":"https:\/\/discover-culture.com\/wp-content\/uploads\/Burg-Hochosterwitz-Instagram-1.jpg","width":2000,"height":1200,"caption":"Burg Hochosterwitz Instagram 1"},{"@type":"BreadcrumbList","@id":"https:\/\/discover-culture.com\/partner\/burg-hochosterwitz\/touren\/die-burg-hochosterwitz\/#breadcrumb","itemListElement":[{"@type":"ListItem","position":1,"name":"Home","item":"https:\/\/discover-culture.com\/"},{"@type":"ListItem","position":2,"name":"Produkte","item":"https:\/\/discover-culture.com\/de\/shop\/"},{"@type":"ListItem","position":3,"name":"Die Burg Hochosterwitz"}]},{"@type":"WebSite","@id":"https:\/\/discover-culture.com\/de\/#website","url":"https:\/\/discover-culture.com\/de\/","name":"Discover-Culture","description":"","potentialAction":[{"@type":"SearchAction","target":{"@type":"EntryPoint","urlTemplate":"https:\/\/discover-culture.com\/de\/?s={search_term_string}"},"query-input":{"@type":"PropertyValueSpecification","valueRequired":true,"valueName":"search_term_string"}}],"inLanguage":"de"}]}},"_links":{"self":[{"href":"https:\/\/discover-culture.com\/de\/wp-json\/wp\/v2\/product\/5276","targetHints":{"allow":["GET"]}}],"collection":[{"href":"https:\/\/discover-culture.com\/de\/wp-json\/wp\/v2\/product"}],"about":[{"href":"https:\/\/discover-culture.com\/de\/wp-json\/wp\/v2\/types\/product"}],"wp:featuredmedia":[{"embeddable":true,"href":"https:\/\/discover-culture.com\/de\/wp-json\/wp\/v2\/media\/5275"}],"wp:attachment":[{"href":"https:\/\/discover-culture.com\/de\/wp-json\/wp\/v2\/media?parent=5276"}],"wp:term":[{"taxonomy":"product_brand","embeddable":true,"href":"https:\/\/discover-culture.com\/de\/wp-json\/wp\/v2\/product_brand?post=5276"},{"taxonomy":"product_cat","embeddable":true,"href":"https:\/\/discover-culture.com\/de\/wp-json\/wp\/v2\/product_cat?post=5276"},{"taxonomy":"product_tag","embeddable":true,"href":"https:\/\/discover-culture.com\/de\/wp-json\/wp\/v2\/product_tag?post=5276"}],"curies":[{"name":"wp","href":"https:\/\/api.w.org\/{rel}","templated":true}]}}