{"id":5219,"date":"2022-04-29T09:01:27","date_gmt":"2022-04-29T07:01:27","guid":{"rendered":"https:\/\/discover-culture.com\/partner\/\/touren\/"},"modified":"2023-04-14T11:06:53","modified_gmt":"2023-04-14T09:06:53","slug":"soli-kiani-ossian-rebellion","status":"publish","type":"product","link":"https:\/\/discover-culture.com\/partner\/bank-austria-kunstforum-wien\/touren\/soli-kiani-ossian-rebellion","title":{"rendered":"Soli Kiani: Ossian-Rebellion"},"content":{"rendered":"<section id='lightpress__section--block_374d4b5089c83ef5a4facd8d79984780' class='lightpress__section lightpress__section--content'><div class=\"content__grid content__grid\">\n    <div class=\"content__box content__box--one-hundred\">\n                                                        <h5>Credits Titelbild: Vernissage <em>Ossian \u2013 Rebellion<\/em> \u00a9 Christian Jobst<\/h5>\n<p>\u00a0<\/p>\n<p>Die K\u00fcnstlerin Soli Kiani f\u00fchrt\u00a0 durch die Ausstellung Ossian \u2013 Rebellion, ein multimediales Projekt, das einen starken biografischen Bezug zu der im Iran geborenen K\u00fcnstlerin hat. In der F\u00fchrung gew\u00e4hrt die K\u00fcnstlerin Einblicke in ihre Arbeitsweise, Ideenfindung und die Entstehungsgeschichte der Ausstellung.<\/p>\n<p><strong>Die digitale F\u00fchrung ist ab dem 25.05. um 19:00 zu sehen und folgend im <a href=\"https:\/\/discover-culture.com\/de\/kulturfilme\/\" target=\"_blank\" rel=\"noopener\">Kulturfilmbereich<\/a> dauerhaft verf\u00fcgbar.<\/strong><\/p>\n\n                                        <\/div>\n    <\/div><\/section>\n\n<section id='lightpress__section--block_e165e0f7c2a663fdc1342873076d4710' class='lightpress__section lightpress__section--content'><div class=\"content__grid content__grid\">\n    <div class=\"content__box content__box\">\n                                                    <img decoding=\"async\" class=\"content__image\" src=\"https:\/\/discover-culture.com\/wp-content\/uploads\/Soli_Kiani_Ossian_web1.jpg\" alt=\"Soli Kiani Ossian web1\" loading=\"lazy\">\n                                        <\/div>\n            <div class=\"content__box content__box--one-third content__box--text-center\">\n                                                                        <p><strong>Soli Kiani<\/strong> <br \/><em>Ossian \u2013 Rebellion<\/em> <br \/>28.04. \u2013 19.06.2022<\/p>\n<p>Die Ausstellung <em>Ossian\u2013Rebellion<\/em> von Soli Kiani (geboren 1981 in Shiraz, Iran, lebt und arbeitet seit 2000 in Wien) im tresor des Bank Austria Kunstforums Wien ist die erste Solo-Ausstellung im institutionellen Kontext der iranisch-\u00f6sterreichischen K\u00fcnstlerin.<\/p>\n<p>Kianis Themen sind Menschenrecht und Menschenw\u00fcrde. Die K\u00fcnstlerin bringt in teilweise drastischen Bildern die soziale, politische und religi\u00f6se Alltagsrealit\u00e4t von Personen, die sich dem Regime im islamischen Iran nicht beugen wollen, vor Augen.<\/p>\n<p>\u00a0<\/p>\n<h5>Soli Kiani Foto: \u00a9 Eva Kelety<\/h5>\n\n                                                        <\/div>\n    <\/div><\/section>\n\n<section id='lightpress__section--block_abe71db398aeb11800ec8d7494110236' class='lightpress__section lightpress__section--content'><div class=\"content__grid content__grid\">\n    <div class=\"content__box content__box--two-thirds content__box--text-center\">\n                                                        <p>F\u00fcr <em>Ossian \u2013 Rebellion<\/em> hat die K\u00fcnstlerin einen ganzen Komplex neuer Werke entstehen lassen und arbeitet dabei vor allem im Bereich der Skulptur mit neuen Materialien wie Seil und Beton. <em>Ossian \u2013 Rebellion<\/em> ist ein multimediales Projekt, das Malerei, Fotografie, Skulptur, Zeichnung, Found Footage, Collage, Sound und Installation miteinander verbindet, jedoch immer von einer gewissen formalen Strenge und einer zur\u00fcckgenommenen Palette in Wei\u00df, Schwarz und Grau gekennzeichnet ist.<\/p>\n<p>Als selbsterm\u00e4chtigte Frau und K\u00fcnstlerin verwebt Kiani ihre Biografie mit einem breiten gesellschaftlichen Kontext und \u00fcberl\u00e4sst es seit mehr als 20 Jahren nicht mehr anderen, sondern ausschlie\u00dflich sich selbst, zu entscheiden, was und wie(viel) ihre(r) weibliche(n) und k\u00fcnstlerische(n) Identit\u00e4t gezeigt werden soll.<\/p>\n<p>Kuratiert von Lisa Ortner-Kreil<\/p>\n<h5>Soli Kiani Foto: \u00a9 Eva Kelety<\/h5>\n\n                                        <\/div>\n            <div class=\"content__box content__box\">\n                                                                    <img decoding=\"async\" class=\"content__image\" src=\"https:\/\/discover-culture.com\/wp-content\/uploads\/Soli_Kiani_Ossian_web2.jpg\" alt=\"Soli Kiani Ossian web2\" loading=\"lazy\">\n                                                        <\/div>\n    <\/div><\/section>","protected":false},"excerpt":{"rendered":"","protected":false},"featured_media":5220,"template":"","meta":{"_acf_changed":false,"_relevanssi_hide_post":"","_relevanssi_hide_content":"","_relevanssi_pin_for_all":"","_relevanssi_pin_keywords":"","_relevanssi_unpin_keywords":"","_relevanssi_related_keywords":"","_relevanssi_related_include_ids":"","_relevanssi_related_exclude_ids":"","_relevanssi_related_no_append":"","_relevanssi_related_not_related":"","_relevanssi_related_posts":"3845,3849,3848,3844,3841","_relevanssi_noindex_reason":""},"product_brand":[],"product_cat":[21],"product_tag":[],"class_list":["product-available","product","first","instock","virtual","sold-individually","taxable","purchasable","product-type-simple"],"bundled_by":[],"bundle_stock_status":"instock","bundle_stock_quantity":null,"bundle_virtual":false,"bundle_layout":"","bundle_add_to_cart_form_location":"","bundle_editable_in_cart":false,"bundle_sold_individually_context":"","bundle_item_grouping":"","bundle_min_size":"","bundle_max_size":"","bundle_price":[],"bundled_items":[],"bundle_sell_ids":[],"acf":[],"yoast_head":"<!-- This site is optimized with the Yoast SEO Premium plugin v25.7.1 (Yoast SEO v26.8) - https:\/\/yoast.com\/product\/yoast-seo-premium-wordpress\/ -->\n<title>Soli Kiani: Ossian-Rebellion - Discover-Culture<\/title>\n<meta name=\"description\" content=\"Finden Sie hier alle Informationen zum Produkt Soli Kiani: Ossian-Rebellion und betreten Sie die neue Welt von Kunst und Kultur!\" \/>\n<meta name=\"robots\" content=\"index, follow, max-snippet:-1, max-image-preview:large, max-video-preview:-1\" \/>\n<link rel=\"canonical\" href=\"https:\/\/discover-culture.com\/de\/partner\/bank-austria-kunstforum-wien\/touren\/soli-kiani-ossian-rebellion\/\" \/>\n<meta property=\"og:locale\" content=\"de_DE\" \/>\n<meta property=\"og:type\" content=\"article\" \/>\n<meta property=\"og:title\" content=\"Soli Kiani: Ossian-Rebellion\" \/>\n<meta property=\"og:description\" content=\"Finden Sie hier alle Informationen zum Produkt Soli Kiani: Ossian-Rebellion und betreten Sie die neue Welt von Kunst und Kultur!\" \/>\n<meta property=\"og:url\" content=\"https:\/\/discover-culture.com\/de\/partner\/bank-austria-kunstforum-wien\/touren\/soli-kiani-ossian-rebellion\/\" \/>\n<meta property=\"og:site_name\" content=\"Discover-Culture\" \/>\n<meta property=\"article:modified_time\" content=\"2023-04-14T09:06:53+00:00\" \/>\n<meta property=\"og:image\" content=\"https:\/\/discover-culture.com\/wp-content\/uploads\/Vernissage_web.jpg\" \/>\n\t<meta property=\"og:image:width\" content=\"1800\" \/>\n\t<meta property=\"og:image:height\" content=\"1232\" \/>\n\t<meta property=\"og:image:type\" content=\"image\/jpeg\" \/>\n<meta name=\"twitter:card\" content=\"summary_large_image\" \/>\n<script type=\"application\/ld+json\" class=\"yoast-schema-graph\">{\"@context\":\"https:\/\/schema.org\",\"@graph\":[{\"@type\":\"WebPage\",\"@id\":\"https:\/\/discover-culture.com\/partner\/bank-austria-kunstforum-wien\/touren\/soli-kiani-ossian-rebellion\/\",\"url\":\"https:\/\/discover-culture.com\/partner\/bank-austria-kunstforum-wien\/touren\/soli-kiani-ossian-rebellion\/\",\"name\":\"Soli Kiani: Ossian-Rebellion - Discover-Culture\",\"isPartOf\":{\"@id\":\"https:\/\/discover-culture.com\/de\/#website\"},\"primaryImageOfPage\":{\"@id\":\"https:\/\/discover-culture.com\/partner\/bank-austria-kunstforum-wien\/touren\/soli-kiani-ossian-rebellion\/#primaryimage\"},\"image\":{\"@id\":\"https:\/\/discover-culture.com\/partner\/bank-austria-kunstforum-wien\/touren\/soli-kiani-ossian-rebellion\/#primaryimage\"},\"thumbnailUrl\":\"https:\/\/discover-culture.com\/wp-content\/uploads\/Vernissage_web.jpg\",\"datePublished\":\"2022-04-29T07:01:27+00:00\",\"dateModified\":\"2023-04-14T09:06:53+00:00\",\"description\":\"Finden Sie hier alle Informationen zum Produkt Soli Kiani: Ossian-Rebellion und betreten Sie die neue Welt von Kunst und Kultur!\",\"breadcrumb\":{\"@id\":\"https:\/\/discover-culture.com\/partner\/bank-austria-kunstforum-wien\/touren\/soli-kiani-ossian-rebellion\/#breadcrumb\"},\"inLanguage\":\"de\",\"potentialAction\":[{\"@type\":\"ReadAction\",\"target\":[\"https:\/\/discover-culture.com\/partner\/bank-austria-kunstforum-wien\/touren\/soli-kiani-ossian-rebellion\/\"]}]},{\"@type\":\"ImageObject\",\"inLanguage\":\"de\",\"@id\":\"https:\/\/discover-culture.com\/partner\/bank-austria-kunstforum-wien\/touren\/soli-kiani-ossian-rebellion\/#primaryimage\",\"url\":\"https:\/\/discover-culture.com\/wp-content\/uploads\/Vernissage_web.jpg\",\"contentUrl\":\"https:\/\/discover-culture.com\/wp-content\/uploads\/Vernissage_web.jpg\",\"width\":1800,\"height\":1232,\"caption\":\"Vernissage web\"},{\"@type\":\"BreadcrumbList\",\"@id\":\"https:\/\/discover-culture.com\/partner\/bank-austria-kunstforum-wien\/touren\/soli-kiani-ossian-rebellion\/#breadcrumb\",\"itemListElement\":[{\"@type\":\"ListItem\",\"position\":1,\"name\":\"Home\",\"item\":\"https:\/\/discover-culture.com\/\"},{\"@type\":\"ListItem\",\"position\":2,\"name\":\"Produkte\",\"item\":\"https:\/\/discover-culture.com\/de\/shop\/\"},{\"@type\":\"ListItem\",\"position\":3,\"name\":\"Soli Kiani: Ossian-Rebellion\"}]},{\"@type\":\"WebSite\",\"@id\":\"https:\/\/discover-culture.com\/de\/#website\",\"url\":\"https:\/\/discover-culture.com\/de\/\",\"name\":\"Discover-Culture\",\"description\":\"\",\"potentialAction\":[{\"@type\":\"SearchAction\",\"target\":{\"@type\":\"EntryPoint\",\"urlTemplate\":\"https:\/\/discover-culture.com\/de\/?s={search_term_string}\"},\"query-input\":{\"@type\":\"PropertyValueSpecification\",\"valueRequired\":true,\"valueName\":\"search_term_string\"}}],\"inLanguage\":\"de\"}]}<\/script>\n<!-- \/ Yoast SEO Premium plugin. -->","yoast_head_json":{"title":"Soli Kiani: Ossian-Rebellion - Discover-Culture","description":"Finden Sie hier alle Informationen zum Produkt Soli Kiani: Ossian-Rebellion und betreten Sie die neue Welt von Kunst und Kultur!","robots":{"index":"index","follow":"follow","max-snippet":"max-snippet:-1","max-image-preview":"max-image-preview:large","max-video-preview":"max-video-preview:-1"},"canonical":"https:\/\/discover-culture.com\/de\/partner\/bank-austria-kunstforum-wien\/touren\/soli-kiani-ossian-rebellion\/","og_locale":"de_DE","og_type":"article","og_title":"Soli Kiani: Ossian-Rebellion","og_description":"Finden Sie hier alle Informationen zum Produkt Soli Kiani: Ossian-Rebellion und betreten Sie die neue Welt von Kunst und Kultur!","og_url":"https:\/\/discover-culture.com\/de\/partner\/bank-austria-kunstforum-wien\/touren\/soli-kiani-ossian-rebellion\/","og_site_name":"Discover-Culture","article_modified_time":"2023-04-14T09:06:53+00:00","og_image":[{"width":1800,"height":1232,"url":"https:\/\/discover-culture.com\/wp-content\/uploads\/Vernissage_web.jpg","type":"image\/jpeg"}],"twitter_card":"summary_large_image","schema":{"@context":"https:\/\/schema.org","@graph":[{"@type":"WebPage","@id":"https:\/\/discover-culture.com\/partner\/bank-austria-kunstforum-wien\/touren\/soli-kiani-ossian-rebellion\/","url":"https:\/\/discover-culture.com\/partner\/bank-austria-kunstforum-wien\/touren\/soli-kiani-ossian-rebellion\/","name":"Soli Kiani: Ossian-Rebellion - Discover-Culture","isPartOf":{"@id":"https:\/\/discover-culture.com\/de\/#website"},"primaryImageOfPage":{"@id":"https:\/\/discover-culture.com\/partner\/bank-austria-kunstforum-wien\/touren\/soli-kiani-ossian-rebellion\/#primaryimage"},"image":{"@id":"https:\/\/discover-culture.com\/partner\/bank-austria-kunstforum-wien\/touren\/soli-kiani-ossian-rebellion\/#primaryimage"},"thumbnailUrl":"https:\/\/discover-culture.com\/wp-content\/uploads\/Vernissage_web.jpg","datePublished":"2022-04-29T07:01:27+00:00","dateModified":"2023-04-14T09:06:53+00:00","description":"Finden Sie hier alle Informationen zum Produkt Soli Kiani: Ossian-Rebellion und betreten Sie die neue Welt von Kunst und Kultur!","breadcrumb":{"@id":"https:\/\/discover-culture.com\/partner\/bank-austria-kunstforum-wien\/touren\/soli-kiani-ossian-rebellion\/#breadcrumb"},"inLanguage":"de","potentialAction":[{"@type":"ReadAction","target":["https:\/\/discover-culture.com\/partner\/bank-austria-kunstforum-wien\/touren\/soli-kiani-ossian-rebellion\/"]}]},{"@type":"ImageObject","inLanguage":"de","@id":"https:\/\/discover-culture.com\/partner\/bank-austria-kunstforum-wien\/touren\/soli-kiani-ossian-rebellion\/#primaryimage","url":"https:\/\/discover-culture.com\/wp-content\/uploads\/Vernissage_web.jpg","contentUrl":"https:\/\/discover-culture.com\/wp-content\/uploads\/Vernissage_web.jpg","width":1800,"height":1232,"caption":"Vernissage web"},{"@type":"BreadcrumbList","@id":"https:\/\/discover-culture.com\/partner\/bank-austria-kunstforum-wien\/touren\/soli-kiani-ossian-rebellion\/#breadcrumb","itemListElement":[{"@type":"ListItem","position":1,"name":"Home","item":"https:\/\/discover-culture.com\/"},{"@type":"ListItem","position":2,"name":"Produkte","item":"https:\/\/discover-culture.com\/de\/shop\/"},{"@type":"ListItem","position":3,"name":"Soli Kiani: Ossian-Rebellion"}]},{"@type":"WebSite","@id":"https:\/\/discover-culture.com\/de\/#website","url":"https:\/\/discover-culture.com\/de\/","name":"Discover-Culture","description":"","potentialAction":[{"@type":"SearchAction","target":{"@type":"EntryPoint","urlTemplate":"https:\/\/discover-culture.com\/de\/?s={search_term_string}"},"query-input":{"@type":"PropertyValueSpecification","valueRequired":true,"valueName":"search_term_string"}}],"inLanguage":"de"}]}},"_links":{"self":[{"href":"https:\/\/discover-culture.com\/de\/wp-json\/wp\/v2\/product\/5219","targetHints":{"allow":["GET"]}}],"collection":[{"href":"https:\/\/discover-culture.com\/de\/wp-json\/wp\/v2\/product"}],"about":[{"href":"https:\/\/discover-culture.com\/de\/wp-json\/wp\/v2\/types\/product"}],"wp:featuredmedia":[{"embeddable":true,"href":"https:\/\/discover-culture.com\/de\/wp-json\/wp\/v2\/media\/5220"}],"wp:attachment":[{"href":"https:\/\/discover-culture.com\/de\/wp-json\/wp\/v2\/media?parent=5219"}],"wp:term":[{"taxonomy":"product_brand","embeddable":true,"href":"https:\/\/discover-culture.com\/de\/wp-json\/wp\/v2\/product_brand?post=5219"},{"taxonomy":"product_cat","embeddable":true,"href":"https:\/\/discover-culture.com\/de\/wp-json\/wp\/v2\/product_cat?post=5219"},{"taxonomy":"product_tag","embeddable":true,"href":"https:\/\/discover-culture.com\/de\/wp-json\/wp\/v2\/product_tag?post=5219"}],"curies":[{"name":"wp","href":"https:\/\/api.w.org\/{rel}","templated":true}]}}