{"id":5139,"date":"2022-04-06T09:02:04","date_gmt":"2022-04-06T07:02:04","guid":{"rendered":"https:\/\/discover-culture.com\/partner\/\/touren\/"},"modified":"2024-01-22T12:16:19","modified_gmt":"2024-01-22T10:16:19","slug":"erlebniswelt-schloss-bueckeburg","status":"publish","type":"product","link":"https:\/\/discover-culture.com\/partner\/schloss-bueckeburg\/touren\/erlebniswelt-schloss-bueckeburg","title":{"rendered":"Erlebniswelt Schloss Bueckeburg"},"content":{"rendered":"<section id='lightpress__section--block_3a07bb19d8949b5ec0333d9a478eea92' class='lightpress__section lightpress__section--content'><div class=\"content__grid content__grid\">\n    <div class=\"content__box content__box--one-hundred content__box--text-center\">\n                                                        <h4>Seit \u00fcber 700 Jahren ist Schloss B\u00fcckeburg ein lebendiger Spiegel der Zeit.<\/h4>\n<p>Um das 13. Jahrhundert wurde das Schloss B\u00fcckeburg erstmals unter dem Namen \u201ebuckeborch\u201c als Wohn- und Wehrturm urkundlich erw\u00e4hnt. Er diente der Bewachung eines wichtigen Fernhandelsweges, der vom Baltikum bis zum Rhein f\u00fchrte.<\/p>\n<p>Das 16. Jahrhundert (1560-1620) pr\u00e4gte das Schloss B\u00fcckeburg am st\u00e4rksten: Die mittelalterliche Wehrfestung entwickelte sich in ein gl\u00e4nzendes Renaissanceschloss. Daraufhin wurden im 18. Jahrhundert (1732) die Fassaden und Innenausstattung im Barockstil umgestaltet. <\/p>\n<p>Machen Sie sich auf eine einzigartige virtuelle Entdeckungstour durch eines der wahrscheinlich sch\u00f6nsten Schl\u00f6sser Deutschlands!<\/p>\n\n                                        <\/div>\n    <\/div><\/section>\n\n<section id='lightpress__section--block_3222da21f166d35e7d7c8f9067d5f9e8' class='lightpress__section lightpress__section--content'><div class=\"content__grid content__grid--fifty-fifty\">\n    <div class=\"content__box content__box\">\n                                                    <img decoding=\"async\" class=\"content__image\" src=\"https:\/\/discover-culture.com\/wp-content\/uploads\/Erlaeuterung_Tour_Bueckeburg.jpg\" alt=\"Erlaeuterung Tour Bueckeburg\" loading=\"lazy\">\n                                        <\/div>\n            <div class=\"content__box content__box content__box--text-center\">\n                                                                        <h4>Ihr virtueller Weg vom Startpunkt im Innenhof bis zum 1. Stockwerk des Schlosses:<\/h4>\n<ul>\n<li>1: Innenhof des Schlosses<\/li>\n<li>2: Der Gartensaal<\/li>\n<li>3: Die Schlosskapelle<\/li>\n<li>4+5: Treppenhaus mit Bildergalerie<\/li>\n<li>6: Boiseriesaal<\/li>\n<li>7: Maria-Anna Zimmer<\/li>\n<li>8: Gobelinzimmer<\/li>\n<li>9: Wechsel zu den herrlichen S\u00e4len des Schlosses<\/li>\n<\/ul>\n\n                                                        <\/div>\n    <\/div><\/section>\n\n<section id='lightpress__section--block_f087a5d85377deb08da977952787e14f' class='lightpress__section lightpress__section--content'><div class=\"content__grid content__grid--fifty-fifty\">\n    <div class=\"content__box content__box content__box--text-center\">\n                                                        <h4>Die S\u00e4le virtuell entdecken:<\/h4>\n<ul>\n<li>10: Der wei\u00dfe Saal<\/li>\n<li>11: Der Festsaal<\/li>\n<li>12: Der gelbe Salon<\/li>\n<li>13: Der Gobelinsaal<\/li>\n<li>14: Der Goldene Saal<\/li>\n<li>15: Die G\u00f6tterpforte<\/li>\n<\/ul>\n\n                                        <\/div>\n            <div class=\"content__box content__box\">\n                                                                    <img decoding=\"async\" class=\"content__image\" src=\"https:\/\/discover-culture.com\/wp-content\/uploads\/Erlaeuterung_Tour_Saele_Bueckeburg.jpg\" alt=\"Erlaeuterung Tour Saele Bueckeburg\" loading=\"lazy\">\n                                                        <\/div>\n    <\/div><\/section>\n\n<section id='lightpress__section--block_fb29bdf9302648f5e6c39e2bf83b51e4' class='lightpress__section lightpress__section--content-with-gallery'><h2 class=\"cwg__headline\"><\/h2>\n<div id='lightpress__section--block_69d42e90523e6' class='cwg__content lightpress__section--content'><div class=\"content__grid content__grid\">\n    <div class=\"content__box content__box--one-hundred\">\n                                                        <p><strong>Entdecken Sie bei Ihrer virtuellen Tour durch Schloss B\u00fcckeburg eine verstrichene, glanzvolle Zeit.<\/strong><\/p>\n\n                                        <\/div>\n    <\/div><\/div>\n\n<div class=\"cwg__gallery cwg__gallery--3\">\n                    <picture class=\"cwg__image\">\n            <source srcset=\"https:\/\/discover-culture.com\/wp-content\/uploads\/Der-Gelbe-Salon.webp\" type=\"image\/webp\">\n            <source srcset=\"https:\/\/discover-culture.com\/wp-content\/uploads\/Der-Gelbe-Salon.jpg\" type=\"image\/jpeg\">\n            <img decoding=\"async\" loading=\"lazy\" src=\"https:\/\/discover-culture.com\/wp-content\/uploads\/Der-Gelbe-Salon.jpg\" alt=\"Der Gelbe Salon\">\n        <\/picture>\n                    <picture class=\"cwg__image\">\n            <source srcset=\"https:\/\/discover-culture.com\/wp-content\/uploads\/Schloss_Bueckeburg-1.webp\" type=\"image\/webp\">\n            <source srcset=\"https:\/\/discover-culture.com\/wp-content\/uploads\/Schloss_Bueckeburg-1.jpg\" type=\"image\/jpeg\">\n            <img decoding=\"async\" loading=\"lazy\" src=\"https:\/\/discover-culture.com\/wp-content\/uploads\/Schloss_Bueckeburg-1.jpg\" alt=\"Schloss Bueckeburg 1\">\n        <\/picture>\n                    <picture class=\"cwg__image\">\n            <source srcset=\"https:\/\/discover-culture.com\/wp-content\/uploads\/Maria-Anna-Zimmer.webp\" type=\"image\/webp\">\n            <source srcset=\"https:\/\/discover-culture.com\/wp-content\/uploads\/Maria-Anna-Zimmer.jpg\" type=\"image\/jpeg\">\n            <img decoding=\"async\" loading=\"lazy\" src=\"https:\/\/discover-culture.com\/wp-content\/uploads\/Maria-Anna-Zimmer.jpg\" alt=\"Maria Anna Zimmer\">\n        <\/picture>\n    <\/div><\/section>","protected":false},"excerpt":{"rendered":"","protected":false},"featured_media":5142,"template":"","meta":{"_acf_changed":false,"_relevanssi_hide_post":"","_relevanssi_hide_content":"","_relevanssi_pin_for_all":"","_relevanssi_pin_keywords":"","_relevanssi_unpin_keywords":"","_relevanssi_related_keywords":"","_relevanssi_related_include_ids":"","_relevanssi_related_exclude_ids":"","_relevanssi_related_no_append":"","_relevanssi_related_not_related":"","_relevanssi_related_posts":"3844,3841,3849,3848,3845","_relevanssi_noindex_reason":""},"product_brand":[],"product_cat":[16],"product_tag":[],"class_list":["product-available","product","first","instock","virtual","sold-individually","taxable","purchasable","product-type-bundle"],"bundled_by":[],"bundle_stock_status":"instock","bundle_stock_quantity":"","bundle_virtual":false,"bundle_layout":"default","bundle_add_to_cart_form_location":"default","bundle_editable_in_cart":false,"bundle_sold_individually_context":"product","bundle_item_grouping":"parent","bundle_min_size":"","bundle_max_size":"","bundle_price":{"price":{"min":{"incl_tax":"0","excl_tax":"0"},"max":{"incl_tax":"0","excl_tax":"0"}},"regular_price":{"min":{"incl_tax":"0","excl_tax":"0"},"max":{"incl_tax":"0","excl_tax":"0"}}},"bundled_items":[{"bundled_item_id":19,"product_id":5138,"menu_order":0,"quantity_min":1,"quantity_max":1,"quantity_default":1,"priced_individually":false,"shipped_individually":true,"override_title":false,"title":"","override_description":false,"description":"","optional":false,"hide_thumbnail":false,"discount":"","override_variations":false,"allowed_variations":[],"override_default_variation_attributes":false,"default_variation_attributes":[],"single_product_visibility":"visible","cart_visibility":"visible","order_visibility":"visible","single_product_price_visibility":"visible","cart_price_visibility":"visible","order_price_visibility":"visible","stock_status":"in_stock"},{"bundled_item_id":20,"product_id":5140,"menu_order":1,"quantity_min":1,"quantity_max":1,"quantity_default":1,"priced_individually":false,"shipped_individually":true,"override_title":false,"title":"","override_description":false,"description":"","optional":false,"hide_thumbnail":false,"discount":"","override_variations":false,"allowed_variations":[],"override_default_variation_attributes":false,"default_variation_attributes":[],"single_product_visibility":"visible","cart_visibility":"visible","order_visibility":"visible","single_product_price_visibility":"visible","cart_price_visibility":"visible","order_price_visibility":"visible","stock_status":"in_stock"},{"bundled_item_id":21,"product_id":5141,"menu_order":2,"quantity_min":1,"quantity_max":1,"quantity_default":1,"priced_individually":false,"shipped_individually":true,"override_title":false,"title":"","override_description":false,"description":"","optional":false,"hide_thumbnail":false,"discount":"","override_variations":false,"allowed_variations":[],"override_default_variation_attributes":false,"default_variation_attributes":[],"single_product_visibility":"visible","cart_visibility":"visible","order_visibility":"visible","single_product_price_visibility":"visible","cart_price_visibility":"visible","order_price_visibility":"visible","stock_status":"in_stock"}],"bundle_sell_ids":[],"acf":[],"yoast_head":"<!-- This site is optimized with the Yoast SEO Premium plugin v25.7.1 (Yoast SEO v26.8) - https:\/\/yoast.com\/product\/yoast-seo-premium-wordpress\/ -->\n<title>Erlebniswelt Schloss Bueckeburg - Discover-Culture<\/title>\n<meta name=\"description\" content=\"Finden Sie hier alle Informationen zum Produkt Erlebniswelt Schloss Bueckeburg und betreten Sie die neue Welt von Kunst und Kultur!\" \/>\n<meta name=\"robots\" content=\"index, follow, max-snippet:-1, max-image-preview:large, max-video-preview:-1\" \/>\n<link rel=\"canonical\" href=\"https:\/\/discover-culture.com\/de\/partner\/schloss-bueckeburg\/touren\/erlebniswelt-schloss-bueckeburg\/\" \/>\n<meta property=\"og:locale\" content=\"de_DE\" \/>\n<meta property=\"og:type\" content=\"article\" \/>\n<meta property=\"og:title\" content=\"Erlebniswelt Schloss Bueckeburg\" \/>\n<meta property=\"og:description\" content=\"Finden Sie hier alle Informationen zum Produkt Erlebniswelt Schloss Bueckeburg und betreten Sie die neue Welt von Kunst und Kultur!\" \/>\n<meta property=\"og:url\" content=\"https:\/\/discover-culture.com\/de\/partner\/schloss-bueckeburg\/touren\/erlebniswelt-schloss-bueckeburg\/\" \/>\n<meta property=\"og:site_name\" content=\"Discover-Culture\" \/>\n<meta property=\"article:modified_time\" content=\"2024-01-22T10:16:19+00:00\" \/>\n<meta property=\"og:image\" content=\"https:\/\/discover-culture.com\/wp-content\/uploads\/DSC6219_V01_jpg_jm-scaled.jpg\" \/>\n\t<meta property=\"og:image:width\" content=\"2560\" \/>\n\t<meta property=\"og:image:height\" content=\"1708\" \/>\n\t<meta property=\"og:image:type\" content=\"image\/jpeg\" \/>\n<meta name=\"twitter:card\" content=\"summary_large_image\" \/>\n<meta name=\"twitter:label1\" content=\"Gesch\u00e4tzte Lesezeit\" \/>\n\t<meta name=\"twitter:data1\" content=\"1\u00a0Minute\" \/>\n<script type=\"application\/ld+json\" class=\"yoast-schema-graph\">{\"@context\":\"https:\/\/schema.org\",\"@graph\":[{\"@type\":\"WebPage\",\"@id\":\"https:\/\/discover-culture.com\/partner\/schloss-bueckeburg\/touren\/erlebniswelt-schloss-bueckeburg\/\",\"url\":\"https:\/\/discover-culture.com\/partner\/schloss-bueckeburg\/touren\/erlebniswelt-schloss-bueckeburg\/\",\"name\":\"Erlebniswelt Schloss Bueckeburg - Discover-Culture\",\"isPartOf\":{\"@id\":\"https:\/\/discover-culture.com\/de\/#website\"},\"primaryImageOfPage\":{\"@id\":\"https:\/\/discover-culture.com\/partner\/schloss-bueckeburg\/touren\/erlebniswelt-schloss-bueckeburg\/#primaryimage\"},\"image\":{\"@id\":\"https:\/\/discover-culture.com\/partner\/schloss-bueckeburg\/touren\/erlebniswelt-schloss-bueckeburg\/#primaryimage\"},\"thumbnailUrl\":\"https:\/\/discover-culture.com\/wp-content\/uploads\/DSC6219_V01_jpg_jm-scaled.jpg\",\"datePublished\":\"2022-04-06T07:02:04+00:00\",\"dateModified\":\"2024-01-22T10:16:19+00:00\",\"description\":\"Finden Sie hier alle Informationen zum Produkt Erlebniswelt Schloss Bueckeburg und betreten Sie die neue Welt von Kunst und Kultur!\",\"breadcrumb\":{\"@id\":\"https:\/\/discover-culture.com\/partner\/schloss-bueckeburg\/touren\/erlebniswelt-schloss-bueckeburg\/#breadcrumb\"},\"inLanguage\":\"de\",\"potentialAction\":[{\"@type\":\"ReadAction\",\"target\":[\"https:\/\/discover-culture.com\/partner\/schloss-bueckeburg\/touren\/erlebniswelt-schloss-bueckeburg\/\"]}]},{\"@type\":\"ImageObject\",\"inLanguage\":\"de\",\"@id\":\"https:\/\/discover-culture.com\/partner\/schloss-bueckeburg\/touren\/erlebniswelt-schloss-bueckeburg\/#primaryimage\",\"url\":\"https:\/\/discover-culture.com\/wp-content\/uploads\/DSC6219_V01_jpg_jm-scaled.jpg\",\"contentUrl\":\"https:\/\/discover-culture.com\/wp-content\/uploads\/DSC6219_V01_jpg_jm-scaled.jpg\",\"width\":2560,\"height\":1708,\"caption\":\"DSC6219 V01 jpg jm scaled\"},{\"@type\":\"BreadcrumbList\",\"@id\":\"https:\/\/discover-culture.com\/partner\/schloss-bueckeburg\/touren\/erlebniswelt-schloss-bueckeburg\/#breadcrumb\",\"itemListElement\":[{\"@type\":\"ListItem\",\"position\":1,\"name\":\"Home\",\"item\":\"https:\/\/discover-culture.com\/\"},{\"@type\":\"ListItem\",\"position\":2,\"name\":\"Produkte\",\"item\":\"https:\/\/discover-culture.com\/de\/shop\/\"},{\"@type\":\"ListItem\",\"position\":3,\"name\":\"Erlebniswelt Schloss Bueckeburg\"}]},{\"@type\":\"WebSite\",\"@id\":\"https:\/\/discover-culture.com\/de\/#website\",\"url\":\"https:\/\/discover-culture.com\/de\/\",\"name\":\"Discover-Culture\",\"description\":\"\",\"potentialAction\":[{\"@type\":\"SearchAction\",\"target\":{\"@type\":\"EntryPoint\",\"urlTemplate\":\"https:\/\/discover-culture.com\/de\/?s={search_term_string}\"},\"query-input\":{\"@type\":\"PropertyValueSpecification\",\"valueRequired\":true,\"valueName\":\"search_term_string\"}}],\"inLanguage\":\"de\"}]}<\/script>\n<!-- \/ Yoast SEO Premium plugin. -->","yoast_head_json":{"title":"Erlebniswelt Schloss Bueckeburg - Discover-Culture","description":"Finden Sie hier alle Informationen zum Produkt Erlebniswelt Schloss Bueckeburg und betreten Sie die neue Welt von Kunst und Kultur!","robots":{"index":"index","follow":"follow","max-snippet":"max-snippet:-1","max-image-preview":"max-image-preview:large","max-video-preview":"max-video-preview:-1"},"canonical":"https:\/\/discover-culture.com\/de\/partner\/schloss-bueckeburg\/touren\/erlebniswelt-schloss-bueckeburg\/","og_locale":"de_DE","og_type":"article","og_title":"Erlebniswelt Schloss Bueckeburg","og_description":"Finden Sie hier alle Informationen zum Produkt Erlebniswelt Schloss Bueckeburg und betreten Sie die neue Welt von Kunst und Kultur!","og_url":"https:\/\/discover-culture.com\/de\/partner\/schloss-bueckeburg\/touren\/erlebniswelt-schloss-bueckeburg\/","og_site_name":"Discover-Culture","article_modified_time":"2024-01-22T10:16:19+00:00","og_image":[{"width":2560,"height":1708,"url":"https:\/\/discover-culture.com\/wp-content\/uploads\/DSC6219_V01_jpg_jm-scaled.jpg","type":"image\/jpeg"}],"twitter_card":"summary_large_image","twitter_misc":{"Gesch\u00e4tzte Lesezeit":"1\u00a0Minute"},"schema":{"@context":"https:\/\/schema.org","@graph":[{"@type":"WebPage","@id":"https:\/\/discover-culture.com\/partner\/schloss-bueckeburg\/touren\/erlebniswelt-schloss-bueckeburg\/","url":"https:\/\/discover-culture.com\/partner\/schloss-bueckeburg\/touren\/erlebniswelt-schloss-bueckeburg\/","name":"Erlebniswelt Schloss Bueckeburg - Discover-Culture","isPartOf":{"@id":"https:\/\/discover-culture.com\/de\/#website"},"primaryImageOfPage":{"@id":"https:\/\/discover-culture.com\/partner\/schloss-bueckeburg\/touren\/erlebniswelt-schloss-bueckeburg\/#primaryimage"},"image":{"@id":"https:\/\/discover-culture.com\/partner\/schloss-bueckeburg\/touren\/erlebniswelt-schloss-bueckeburg\/#primaryimage"},"thumbnailUrl":"https:\/\/discover-culture.com\/wp-content\/uploads\/DSC6219_V01_jpg_jm-scaled.jpg","datePublished":"2022-04-06T07:02:04+00:00","dateModified":"2024-01-22T10:16:19+00:00","description":"Finden Sie hier alle Informationen zum Produkt Erlebniswelt Schloss Bueckeburg und betreten Sie die neue Welt von Kunst und Kultur!","breadcrumb":{"@id":"https:\/\/discover-culture.com\/partner\/schloss-bueckeburg\/touren\/erlebniswelt-schloss-bueckeburg\/#breadcrumb"},"inLanguage":"de","potentialAction":[{"@type":"ReadAction","target":["https:\/\/discover-culture.com\/partner\/schloss-bueckeburg\/touren\/erlebniswelt-schloss-bueckeburg\/"]}]},{"@type":"ImageObject","inLanguage":"de","@id":"https:\/\/discover-culture.com\/partner\/schloss-bueckeburg\/touren\/erlebniswelt-schloss-bueckeburg\/#primaryimage","url":"https:\/\/discover-culture.com\/wp-content\/uploads\/DSC6219_V01_jpg_jm-scaled.jpg","contentUrl":"https:\/\/discover-culture.com\/wp-content\/uploads\/DSC6219_V01_jpg_jm-scaled.jpg","width":2560,"height":1708,"caption":"DSC6219 V01 jpg jm scaled"},{"@type":"BreadcrumbList","@id":"https:\/\/discover-culture.com\/partner\/schloss-bueckeburg\/touren\/erlebniswelt-schloss-bueckeburg\/#breadcrumb","itemListElement":[{"@type":"ListItem","position":1,"name":"Home","item":"https:\/\/discover-culture.com\/"},{"@type":"ListItem","position":2,"name":"Produkte","item":"https:\/\/discover-culture.com\/de\/shop\/"},{"@type":"ListItem","position":3,"name":"Erlebniswelt Schloss Bueckeburg"}]},{"@type":"WebSite","@id":"https:\/\/discover-culture.com\/de\/#website","url":"https:\/\/discover-culture.com\/de\/","name":"Discover-Culture","description":"","potentialAction":[{"@type":"SearchAction","target":{"@type":"EntryPoint","urlTemplate":"https:\/\/discover-culture.com\/de\/?s={search_term_string}"},"query-input":{"@type":"PropertyValueSpecification","valueRequired":true,"valueName":"search_term_string"}}],"inLanguage":"de"}]}},"_links":{"self":[{"href":"https:\/\/discover-culture.com\/de\/wp-json\/wp\/v2\/product\/5139","targetHints":{"allow":["GET"]}}],"collection":[{"href":"https:\/\/discover-culture.com\/de\/wp-json\/wp\/v2\/product"}],"about":[{"href":"https:\/\/discover-culture.com\/de\/wp-json\/wp\/v2\/types\/product"}],"wp:featuredmedia":[{"embeddable":true,"href":"https:\/\/discover-culture.com\/de\/wp-json\/wp\/v2\/media\/5142"}],"wp:attachment":[{"href":"https:\/\/discover-culture.com\/de\/wp-json\/wp\/v2\/media?parent=5139"}],"wp:term":[{"taxonomy":"product_brand","embeddable":true,"href":"https:\/\/discover-culture.com\/de\/wp-json\/wp\/v2\/product_brand?post=5139"},{"taxonomy":"product_cat","embeddable":true,"href":"https:\/\/discover-culture.com\/de\/wp-json\/wp\/v2\/product_cat?post=5139"},{"taxonomy":"product_tag","embeddable":true,"href":"https:\/\/discover-culture.com\/de\/wp-json\/wp\/v2\/product_tag?post=5139"}],"curies":[{"name":"wp","href":"https:\/\/api.w.org\/{rel}","templated":true}]}}