{"id":502,"date":"2021-06-23T14:49:54","date_gmt":"2021-06-23T12:49:54","guid":{"rendered":"https:\/\/discover-culture.com\/partner\/\/touren\/"},"modified":"2024-05-07T08:54:59","modified_gmt":"2024-05-07T06:54:59","slug":"museum-f%c3%bcr-gegenwartskunst-verortungen","status":"publish","type":"product","link":"https:\/\/discover-culture.com\/partner\/benediktinerstift-admont\/touren\/museum-f%c3%bcr-gegenwartskunst-verortungen","title":{"rendered":"Museum f\u00fcr Gegenwartskunst : Verortungen"},"content":{"rendered":"<section id='lightpress__section--block_296e7d8812135bec882f57d82f0ac5db' class='lightpress__section lightpress__section--content'><div class=\"content__grid content__grid\">\n    <div class=\"content__box content__box--two-thirds\">\n                                                        <p>Im Stift Admont leben Gegenwartsm\u00f6nche und sind Gegenwartsmenschen besch\u00e4ftigt.<\/p>\n<p>Sie sind um die Wahrung der Traditionen und des historischen Erbes (Restaurierung, Konservierung vorhandener Substanzen, z. B. Kunstwerke, Klosteranlage, Stiftsbibliothek) f\u00fcr nachfolgende Generationen bem\u00fcht.<\/p>\n<p>Ebenso setzen sie sich folgerichtig mit den Ideen, den Werken kreativer Menschen unserer Zeit auseinander. Auf diese Weise wird an diesem Ort mit Vergangenheit aus dem Heute heraus das Alte bewahrt und Neues f\u00fcr die Zukunft geschaffen.<\/p>\n\n                                        <\/div>\n            <div class=\"content__box content__box\">\n                                                                    <img decoding=\"async\" class=\"content__image\" src=\"https:\/\/discover-culture.com\/wp-content\/uploads\/Verortungen3.jpg\" alt=\"Verortungen3\" loading=\"lazy\">\n                                                        <\/div>\n    <\/div><\/section>\n\n<section id='lightpress__section--block_91e2923f6ea4e21aefaa7e7212724ce2' class='lightpress__section lightpress__section--content'><div class=\"content__grid content__grid\">\n    <div class=\"content__box content__box\">\n                                                    <img decoding=\"async\" class=\"content__image\" src=\"https:\/\/discover-culture.com\/wp-content\/uploads\/Verortungen2.jpg\" alt=\"Verortungen2\" loading=\"lazy\">\n                                        <\/div>\n            <div class=\"content__box content__box--one-third\">\n                                                                        <p>&nbsp;<\/p>\n<p>&nbsp;<\/p>\n<p>&nbsp;<\/p>\n<p>Seit 1997 baut das Stift Admont kontinuierlich eine Gegenwartskunst-Sammlung auf. Diese Sammlung beinhaltet derzeit \u00fcber 1500 Einzelwerke von \u00fcber 160 vorwiegend ab Mitte des 20. Jahrhunderts in \u00d6sterreich geborenen oder dort t\u00e4tigen K\u00fcnstlerinnen und K\u00fcnstlern.<\/p>\n<p>Sie setzt sich aus zwei Teilen zusammen: aus Atelier- bzw. Galerieank\u00e4ufen, sowie aus MADE FOR ADMONT-Auftragskunst. Eine Reihe von K\u00fcnstlerinnen und K\u00fcnstlern hat in den letzten Jahren auf Einladung des Stiftes hin bedeutende Werke und Werkgruppen geschaffen.<\/p>\n\n                                                        <\/div>\n    <\/div><\/section>\n\n<section id='lightpress__section--block_e5357a1913ce4e8d0074c2946ac9e767' class='lightpress__section lightpress__section--content'><div class=\"content__grid content__grid--fifty-fifty\">\n    <div class=\"content__box content__box\">\n                                                        <p>&nbsp;<\/p>\n<p>&nbsp;<\/p>\n<p>Durch permanente Ank\u00e4ufe, Dauerleihgaben und Schenkungen befindet sich die Sammlung in einem spannenden, dynamischen Aufbauprozess.<\/p>\n<p>Neben Kunstwerken von arrivierten K\u00fcnstlerInnen, die sich nicht nur in \u00d6sterreich, sondern auch international einen Namen gemacht haben, werden auch immer wieder solche von jungen bzw. weniger bekannten, aber \u00fcberzeugend arbeitenden K\u00fcnstlerInnen angekauft.<\/p>\n<p>Wo immer m\u00f6glich, ist das Stift um die Unterst\u00fctzung der weiteren Entwicklungsm\u00f6glichkeiten junger, noch nicht arrivierter K\u00fcnstlerInnen bem\u00fcht.<\/p>\n\n                                        <\/div>\n            <div class=\"content__box content__box\">\n                                                                    <img decoding=\"async\" class=\"content__image\" src=\"https:\/\/discover-culture.com\/wp-content\/uploads\/Verortungen5.jpg\" alt=\"Verortungen5\" loading=\"lazy\">\n                                                        <\/div>\n    <\/div><\/section>\n\n<section id='lightpress__section--block_8e522dedf122d66a107d3149f7bfdaa9' class='lightpress__section--full-width lightpress__section lightpress__section--section-add-to-cart'><\/section>","protected":false},"excerpt":{"rendered":"<section class=\"elementor-section elementor-top-section elementor-element elementor-element-e03f463 elementor-section-boxed elementor-section-height-default elementor-section-height-default\" data-id=\"e03f463\" data-element_type=\"section\">\n<div class=\"elementor-container elementor-column-gap-no\">\n<div class=\"elementor-row\">\n<div class=\"elementor-column elementor-col-50 elementor-top-column elementor-element elementor-element-9afdabf\" data-id=\"9afdabf\" data-element_type=\"column\">\n<div class=\"elementor-column-wrap elementor-element-populated\">\n<div class=\"elementor-widget-wrap\">\n<div class=\"elementor-element elementor-element-8afcc2f elementor-widget elementor-widget-LCYD_TextEditor\" data-id=\"8afcc2f\" data-element_type=\"widget\" data-widget_type=\"LCYD_TextEditor.default\">\n<div class=\"elementor-widget-container\">\n<div class=\"elementor-text-editor elementor-clearfix\">Die benediktinische Gemeinschaft des Stiftes Admont hat sich w\u00e4hrend ihres mehr als 900j\u00e4hrigen Bestehens immer wieder ma\u00dfgeblich der aktuellen Kunst und Kultur ihrer Zeit ge\u00f6ffnet und diese nach ihren M\u00f6glichkeiten gef\u00f6rdert.<\/div>\n<\/div>\n<\/div>\n<\/div>\n<\/div>\n<\/div>\n<\/div>\n<\/div>\n<\/section>\n<section class=\"elementor-section elementor-top-section elementor-element elementor-element-ec33b50 elementor-section-full_width elementor-section-height-default elementor-section-height-default\" data-id=\"ec33b50\" data-element_type=\"section\">\n<div class=\"elementor-container elementor-column-gap-no\">\n<div class=\"elementor-row\">\n<div class=\"elementor-column elementor-col-100 elementor-top-column elementor-element elementor-element-13b4799\" data-id=\"13b4799\" data-element_type=\"column\">\n<div class=\"elementor-column-wrap elementor-element-populated\">\n<div class=\"elementor-widget-wrap\">\n<div class=\"elementor-element elementor-element-3e95e85 elementor-widget elementor-widget-RenderTwig\" data-id=\"3e95e85\" data-element_type=\"widget\" data-widget_type=\"RenderTwig.default\">\n<div class=\"elementor-widget-container\">\n<div class=\"elementor-section elementor-section-boxed lcyd__app--lightmode\">\n<div class=\"elementor-container\">\n<div class=\"text-image__container  \">\n<div class=\"text-image__text-container \">\n<div class=\"text-image__text-inner\">\n<h3 class=\"text-image__heading\">\u00a0<\/h3>\n<div class=\"text-image__excerpt\">\u00a0<\/div>\n<\/div>\n<\/div>\n<\/div>\n<\/div>\n<\/div>\n<\/div>\n<\/div>\n<\/div>\n<\/div>\n<\/div>\n<\/div>\n<\/div>\n<\/section>\n","protected":false},"featured_media":503,"template":"","meta":{"_acf_changed":false,"_relevanssi_hide_post":"","_relevanssi_hide_content":"","_relevanssi_pin_for_all":"","_relevanssi_pin_keywords":"","_relevanssi_unpin_keywords":"","_relevanssi_related_keywords":"","_relevanssi_related_include_ids":"","_relevanssi_related_exclude_ids":"","_relevanssi_related_no_append":"","_relevanssi_related_not_related":"","_relevanssi_related_posts":"3848,3844,3845,3849,3841","_relevanssi_noindex_reason":""},"product_brand":[],"product_cat":[16],"product_tag":[],"class_list":["product-available","product","first","instock","virtual","sold-individually","taxable","purchasable","product-type-simple"],"bundled_by":[],"bundle_stock_status":"instock","bundle_stock_quantity":null,"bundle_virtual":false,"bundle_layout":"","bundle_add_to_cart_form_location":"","bundle_editable_in_cart":false,"bundle_sold_individually_context":"","bundle_item_grouping":"","bundle_min_size":"","bundle_max_size":"","bundle_price":[],"bundled_items":[],"bundle_sell_ids":[],"acf":[],"yoast_head":"<!-- This site is optimized with the Yoast SEO Premium plugin v25.7.1 (Yoast SEO v26.8) - https:\/\/yoast.com\/product\/yoast-seo-premium-wordpress\/ -->\n<title>Museum f\u00fcr Gegenwartskunst : Verortungen - Discover-Culture<\/title>\n<meta name=\"description\" content=\"Finden Sie hier alle Informationen zum Produkt Museum f\u00fcr Gegenwartskunst : Verortungen und betreten Sie die neue Welt von Kunst und Kultur!\" \/>\n<meta name=\"robots\" content=\"index, follow, max-snippet:-1, max-image-preview:large, max-video-preview:-1\" \/>\n<link rel=\"canonical\" href=\"https:\/\/discover-culture.com\/de\/partner\/benediktinerstift-admont\/touren\/museum-f\u00fcr-gegenwartskunst-verortungen\/\" \/>\n<meta property=\"og:locale\" content=\"de_DE\" \/>\n<meta property=\"og:type\" content=\"article\" \/>\n<meta property=\"og:title\" content=\"Museum f\u00fcr Gegenwartskunst : Verortungen\" \/>\n<meta property=\"og:description\" content=\"Finden Sie hier alle Informationen zum Produkt Museum f\u00fcr Gegenwartskunst : Verortungen und betreten Sie die neue Welt von Kunst und Kultur!\" \/>\n<meta property=\"og:url\" content=\"https:\/\/discover-culture.com\/de\/partner\/benediktinerstift-admont\/touren\/museum-f\u00fcr-gegenwartskunst-verortungen\/\" \/>\n<meta property=\"og:site_name\" content=\"Discover-Culture\" \/>\n<meta property=\"article:modified_time\" content=\"2024-05-07T06:54:59+00:00\" \/>\n<meta property=\"og:image\" content=\"https:\/\/discover-culture.com\/wp-content\/uploads\/verortungen.jpg\" \/>\n\t<meta property=\"og:image:width\" content=\"1924\" \/>\n\t<meta property=\"og:image:height\" content=\"1269\" \/>\n\t<meta property=\"og:image:type\" content=\"image\/jpeg\" \/>\n<meta name=\"twitter:card\" content=\"summary_large_image\" \/>\n<meta name=\"twitter:label1\" content=\"Gesch\u00e4tzte Lesezeit\" \/>\n\t<meta name=\"twitter:data1\" content=\"1\u00a0Minute\" \/>\n<script type=\"application\/ld+json\" class=\"yoast-schema-graph\">{\"@context\":\"https:\/\/schema.org\",\"@graph\":[{\"@type\":\"WebPage\",\"@id\":\"https:\/\/discover-culture.com\/partner\/benediktinerstift-admont\/touren\/museum-f%c3%bcr-gegenwartskunst-verortungen\/\",\"url\":\"https:\/\/discover-culture.com\/partner\/benediktinerstift-admont\/touren\/museum-f%c3%bcr-gegenwartskunst-verortungen\/\",\"name\":\"Museum f\u00fcr Gegenwartskunst : Verortungen - Discover-Culture\",\"isPartOf\":{\"@id\":\"https:\/\/discover-culture.com\/de\/#website\"},\"primaryImageOfPage\":{\"@id\":\"https:\/\/discover-culture.com\/partner\/benediktinerstift-admont\/touren\/museum-f%c3%bcr-gegenwartskunst-verortungen\/#primaryimage\"},\"image\":{\"@id\":\"https:\/\/discover-culture.com\/partner\/benediktinerstift-admont\/touren\/museum-f%c3%bcr-gegenwartskunst-verortungen\/#primaryimage\"},\"thumbnailUrl\":\"https:\/\/discover-culture.com\/wp-content\/uploads\/verortungen.jpg\",\"datePublished\":\"2021-06-23T12:49:54+00:00\",\"dateModified\":\"2024-05-07T06:54:59+00:00\",\"description\":\"Finden Sie hier alle Informationen zum Produkt Museum f\u00fcr Gegenwartskunst : Verortungen und betreten Sie die neue Welt von Kunst und Kultur!\",\"breadcrumb\":{\"@id\":\"https:\/\/discover-culture.com\/partner\/benediktinerstift-admont\/touren\/museum-f%c3%bcr-gegenwartskunst-verortungen\/#breadcrumb\"},\"inLanguage\":\"de\",\"potentialAction\":[{\"@type\":\"ReadAction\",\"target\":[\"https:\/\/discover-culture.com\/partner\/benediktinerstift-admont\/touren\/museum-f%c3%bcr-gegenwartskunst-verortungen\/\"]}]},{\"@type\":\"ImageObject\",\"inLanguage\":\"de\",\"@id\":\"https:\/\/discover-culture.com\/partner\/benediktinerstift-admont\/touren\/museum-f%c3%bcr-gegenwartskunst-verortungen\/#primaryimage\",\"url\":\"https:\/\/discover-culture.com\/wp-content\/uploads\/verortungen.jpg\",\"contentUrl\":\"https:\/\/discover-culture.com\/wp-content\/uploads\/verortungen.jpg\",\"width\":1924,\"height\":1269,\"caption\":\"verortungen\"},{\"@type\":\"BreadcrumbList\",\"@id\":\"https:\/\/discover-culture.com\/partner\/benediktinerstift-admont\/touren\/museum-f%c3%bcr-gegenwartskunst-verortungen\/#breadcrumb\",\"itemListElement\":[{\"@type\":\"ListItem\",\"position\":1,\"name\":\"Home\",\"item\":\"https:\/\/discover-culture.com\/\"},{\"@type\":\"ListItem\",\"position\":2,\"name\":\"Produkte\",\"item\":\"https:\/\/discover-culture.com\/de\/shop\/\"},{\"@type\":\"ListItem\",\"position\":3,\"name\":\"Museum f\u00fcr Gegenwartskunst : Verortungen\"}]},{\"@type\":\"WebSite\",\"@id\":\"https:\/\/discover-culture.com\/de\/#website\",\"url\":\"https:\/\/discover-culture.com\/de\/\",\"name\":\"Discover-Culture\",\"description\":\"\",\"potentialAction\":[{\"@type\":\"SearchAction\",\"target\":{\"@type\":\"EntryPoint\",\"urlTemplate\":\"https:\/\/discover-culture.com\/de\/?s={search_term_string}\"},\"query-input\":{\"@type\":\"PropertyValueSpecification\",\"valueRequired\":true,\"valueName\":\"search_term_string\"}}],\"inLanguage\":\"de\"}]}<\/script>\n<!-- \/ Yoast SEO Premium plugin. -->","yoast_head_json":{"title":"Museum f\u00fcr Gegenwartskunst : Verortungen - Discover-Culture","description":"Finden Sie hier alle Informationen zum Produkt Museum f\u00fcr Gegenwartskunst : Verortungen und betreten Sie die neue Welt von Kunst und Kultur!","robots":{"index":"index","follow":"follow","max-snippet":"max-snippet:-1","max-image-preview":"max-image-preview:large","max-video-preview":"max-video-preview:-1"},"canonical":"https:\/\/discover-culture.com\/de\/partner\/benediktinerstift-admont\/touren\/museum-f\u00fcr-gegenwartskunst-verortungen\/","og_locale":"de_DE","og_type":"article","og_title":"Museum f\u00fcr Gegenwartskunst : Verortungen","og_description":"Finden Sie hier alle Informationen zum Produkt Museum f\u00fcr Gegenwartskunst : Verortungen und betreten Sie die neue Welt von Kunst und Kultur!","og_url":"https:\/\/discover-culture.com\/de\/partner\/benediktinerstift-admont\/touren\/museum-f\u00fcr-gegenwartskunst-verortungen\/","og_site_name":"Discover-Culture","article_modified_time":"2024-05-07T06:54:59+00:00","og_image":[{"width":1924,"height":1269,"url":"https:\/\/discover-culture.com\/wp-content\/uploads\/verortungen.jpg","type":"image\/jpeg"}],"twitter_card":"summary_large_image","twitter_misc":{"Gesch\u00e4tzte Lesezeit":"1\u00a0Minute"},"schema":{"@context":"https:\/\/schema.org","@graph":[{"@type":"WebPage","@id":"https:\/\/discover-culture.com\/partner\/benediktinerstift-admont\/touren\/museum-f%c3%bcr-gegenwartskunst-verortungen\/","url":"https:\/\/discover-culture.com\/partner\/benediktinerstift-admont\/touren\/museum-f%c3%bcr-gegenwartskunst-verortungen\/","name":"Museum f\u00fcr Gegenwartskunst : Verortungen - Discover-Culture","isPartOf":{"@id":"https:\/\/discover-culture.com\/de\/#website"},"primaryImageOfPage":{"@id":"https:\/\/discover-culture.com\/partner\/benediktinerstift-admont\/touren\/museum-f%c3%bcr-gegenwartskunst-verortungen\/#primaryimage"},"image":{"@id":"https:\/\/discover-culture.com\/partner\/benediktinerstift-admont\/touren\/museum-f%c3%bcr-gegenwartskunst-verortungen\/#primaryimage"},"thumbnailUrl":"https:\/\/discover-culture.com\/wp-content\/uploads\/verortungen.jpg","datePublished":"2021-06-23T12:49:54+00:00","dateModified":"2024-05-07T06:54:59+00:00","description":"Finden Sie hier alle Informationen zum Produkt Museum f\u00fcr Gegenwartskunst : Verortungen und betreten Sie die neue Welt von Kunst und Kultur!","breadcrumb":{"@id":"https:\/\/discover-culture.com\/partner\/benediktinerstift-admont\/touren\/museum-f%c3%bcr-gegenwartskunst-verortungen\/#breadcrumb"},"inLanguage":"de","potentialAction":[{"@type":"ReadAction","target":["https:\/\/discover-culture.com\/partner\/benediktinerstift-admont\/touren\/museum-f%c3%bcr-gegenwartskunst-verortungen\/"]}]},{"@type":"ImageObject","inLanguage":"de","@id":"https:\/\/discover-culture.com\/partner\/benediktinerstift-admont\/touren\/museum-f%c3%bcr-gegenwartskunst-verortungen\/#primaryimage","url":"https:\/\/discover-culture.com\/wp-content\/uploads\/verortungen.jpg","contentUrl":"https:\/\/discover-culture.com\/wp-content\/uploads\/verortungen.jpg","width":1924,"height":1269,"caption":"verortungen"},{"@type":"BreadcrumbList","@id":"https:\/\/discover-culture.com\/partner\/benediktinerstift-admont\/touren\/museum-f%c3%bcr-gegenwartskunst-verortungen\/#breadcrumb","itemListElement":[{"@type":"ListItem","position":1,"name":"Home","item":"https:\/\/discover-culture.com\/"},{"@type":"ListItem","position":2,"name":"Produkte","item":"https:\/\/discover-culture.com\/de\/shop\/"},{"@type":"ListItem","position":3,"name":"Museum f\u00fcr Gegenwartskunst : Verortungen"}]},{"@type":"WebSite","@id":"https:\/\/discover-culture.com\/de\/#website","url":"https:\/\/discover-culture.com\/de\/","name":"Discover-Culture","description":"","potentialAction":[{"@type":"SearchAction","target":{"@type":"EntryPoint","urlTemplate":"https:\/\/discover-culture.com\/de\/?s={search_term_string}"},"query-input":{"@type":"PropertyValueSpecification","valueRequired":true,"valueName":"search_term_string"}}],"inLanguage":"de"}]}},"_links":{"self":[{"href":"https:\/\/discover-culture.com\/de\/wp-json\/wp\/v2\/product\/502","targetHints":{"allow":["GET"]}}],"collection":[{"href":"https:\/\/discover-culture.com\/de\/wp-json\/wp\/v2\/product"}],"about":[{"href":"https:\/\/discover-culture.com\/de\/wp-json\/wp\/v2\/types\/product"}],"wp:featuredmedia":[{"embeddable":true,"href":"https:\/\/discover-culture.com\/de\/wp-json\/wp\/v2\/media\/503"}],"wp:attachment":[{"href":"https:\/\/discover-culture.com\/de\/wp-json\/wp\/v2\/media?parent=502"}],"wp:term":[{"taxonomy":"product_brand","embeddable":true,"href":"https:\/\/discover-culture.com\/de\/wp-json\/wp\/v2\/product_brand?post=502"},{"taxonomy":"product_cat","embeddable":true,"href":"https:\/\/discover-culture.com\/de\/wp-json\/wp\/v2\/product_cat?post=502"},{"taxonomy":"product_tag","embeddable":true,"href":"https:\/\/discover-culture.com\/de\/wp-json\/wp\/v2\/product_tag?post=502"}],"curies":[{"name":"wp","href":"https:\/\/api.w.org\/{rel}","templated":true}]}}