{"id":490,"date":"2021-06-23T14:35:30","date_gmt":"2021-06-23T12:35:30","guid":{"rendered":"https:\/\/discover-culture.com\/partner\/\/touren\/"},"modified":"2023-04-14T11:29:18","modified_gmt":"2023-04-14T09:29:18","slug":"hallstatt-im-salzkammergut-teil-1","status":"publish","type":"product","link":"https:\/\/discover-culture.com\/partner\/salzburg-experience\/touren\/hallstatt-im-salzkammergut-teil-1","title":{"rendered":"Hallstatt im Salzkammergut, Teil 1"},"content":{"rendered":"<section id='lightpress__section--block_d5a68a92f7571573b40d18b8fcd79fdf' class='lightpress__section lightpress__section--content'><div class=\"content__grid content__grid\">\n    <div class=\"content__box content__box--one-hundred\">\n                                                        <h3>Kulturfilm Premiere am 04.11.2021, 19:00<\/h3>\n<h4>UNESCO-Welterbest\u00e4tte Hallstatt-Dachstein\/Salzkammergut<\/h4>\n<p>Erfahre in einer Kultur-F\u00fchrung mehr von den Besonderheiten dieser einzigartigen UNESCO-Welterbest\u00e4tte. Hallstatt ist eine von weltweit nur 20 Welterbest\u00e4tten, die gleichtzeitig den Titel Natur-und Kulturerbe erhalten haben.<\/p>\n\n                                        <\/div>\n    <\/div><\/section>\n\n<section id='lightpress__section--block_98cc8d662577a4f5f6359a84cc034035' class='lightpress__section lightpress__section--content'><div class=\"content__grid content__grid--fifty-fifty\">\n    <div class=\"content__box content__box\">\n                                                    <img decoding=\"async\" class=\"content__image\" src=\"https:\/\/discover-culture.com\/wp-content\/uploads\/Hallstatt_Strassen.jpg\" alt=\"Hallstatt Strassen\" loading=\"lazy\">\n                                        <\/div>\n            <div class=\"content__box content__box\">\n                                                                        <\/p>\n<h3>Kultur und Sehensw\u00fcrdigkeiten<\/h3>\n<p>Begleite unsere Expertin Michaela Muhr durch diesen einzigartigen Ort mit seinen wundersch\u00f6nen Kunstdenkm\u00e4lern und der einzigartigen Geografie.<\/p>\n<p>Erfahre\u00a0 mehr \u00fcber die Historie, Besonderheiten und Lebensweisen der Menschen in diesem einzigartigen Ort<\/p>\n\n                                                        <\/div>\n    <\/div><\/section>\n\n<section id='lightpress__section--block_aac466761388c048f36205d59512f534' class='lightpress__section lightpress__section--content'><div class=\"content__grid content__grid--fifty-fifty\">\n    <div class=\"content__box content__box\">\n                                                        <h3>\u00a0<\/h3>\n<h3>Geografie<\/h3>\n<p>Hallstatt liegt im inneren Salzkammergut am Westufer des Hallst\u00e4tter Sees. Auf dem schmalen Uferstreifen zwischen dem See und dem steilen Berghang dr\u00e4ngen sich die H\u00e4user dicht aneinander und sind teilweise sogar mit Pf\u00e4hlen in den See gebaut.<\/p>\n\n                                        <\/div>\n            <div class=\"content__box content__box\">\n                                                                    <img decoding=\"async\" class=\"content__image\" src=\"https:\/\/discover-culture.com\/wp-content\/uploads\/jennieramida-ELZleqyQcQE-unsplash.jpg\" alt=\"jennieramida ELZleqyQcQE unsplash\" loading=\"lazy\">\n                                                        <\/div>\n    <\/div><\/section>\n\n<section id='lightpress__section--block_6c9cd89727e7093e2c5b9d194e932c19' class='lightpress__section lightpress__section--content'><div class=\"content__grid content__grid--fifty-fifty\">\n    <div class=\"content__box content__box\">\n                                                    <img decoding=\"async\" class=\"content__image\" src=\"https:\/\/discover-culture.com\/wp-content\/uploads\/Hallstatt_schiff.jpg\" alt=\"Hallstatt schiff\" loading=\"lazy\">\n                                        <\/div>\n            <div class=\"content__box content__box\">\n                                                                        <h3>Aus der Historie<\/h3>\n<p>Noch bis zum Ende des 19. Jahrhunderts konnte Hallstatt nur mit dem Schiff (von Obertraun oder von Untersee her) oder zu Fu\u00df auf schmalen Saumpfaden erreicht werden.<\/p>\n<p>Im Ort selbst hatte man den geringen Raum zwischen Berg und See bis aufs Letzte genutzt. Verbindungen zwischen den am See stehenden H\u00e4usern gab es nur per Boot oder \u00fcber den \u201eoberen Weg\u201c, einen schmalen Gang \u00fcber Dachb\u00f6den.<\/p>\n\n                                                        <\/div>\n    <\/div><\/section>\n\n<section id='lightpress__section--block_68279bdd0be8a42b0289826e651f07af' class='lightpress__section--full-width lightpress__section lightpress__section--section-add-to-cart'><\/section>","protected":false},"excerpt":{"rendered":"<p>Erfahren Sie in einer Kultur-F\u00fchrung mehr von den Besonderheiten dieser einzigartigen UNESCO-Welterbest\u00e4tte. Hallstatt ist eine von weltweit nur 20 Welterbest\u00e4tten, die gleichtzeitig den Titel Natur-und Kulturerbe erhalten haben.<\/p>\n","protected":false},"featured_media":489,"template":"","meta":{"_acf_changed":false,"_relevanssi_hide_post":"","_relevanssi_hide_content":"","_relevanssi_pin_for_all":"","_relevanssi_pin_keywords":"","_relevanssi_unpin_keywords":"","_relevanssi_related_keywords":"","_relevanssi_related_include_ids":"","_relevanssi_related_exclude_ids":"","_relevanssi_related_no_append":"","_relevanssi_related_not_related":"","_relevanssi_related_posts":"3844,3845,3841,3848,3849","_relevanssi_noindex_reason":""},"product_brand":[],"product_cat":[21],"product_tag":[],"class_list":["product-available","product","first","instock","virtual","sold-individually","taxable","purchasable","product-type-simple"],"bundled_by":[],"bundle_stock_status":"instock","bundle_stock_quantity":null,"bundle_virtual":false,"bundle_layout":"","bundle_add_to_cart_form_location":"","bundle_editable_in_cart":false,"bundle_sold_individually_context":"","bundle_item_grouping":"","bundle_min_size":"","bundle_max_size":"","bundle_price":[],"bundled_items":[],"bundle_sell_ids":[],"acf":[],"yoast_head":"<!-- This site is optimized with the Yoast SEO Premium plugin v25.7.1 (Yoast SEO v26.8) - https:\/\/yoast.com\/product\/yoast-seo-premium-wordpress\/ -->\n<title>Hallstatt im Salzkammergut, Teil 1 - Discover-Culture<\/title>\n<meta name=\"description\" content=\"Noch bis zum Ende des 19. Jahrhunderts konnte Hallstatt nur mit dem Schiff oder zu Fu\u00df auf schmalen Saumpfaden erreicht werden.\" \/>\n<meta name=\"robots\" content=\"index, follow, max-snippet:-1, max-image-preview:large, max-video-preview:-1\" \/>\n<link rel=\"canonical\" href=\"https:\/\/discover-culture.com\/de\/partner\/salzburg-experience\/touren\/hallstatt-im-salzkammergut-teil-1\/\" \/>\n<meta property=\"og:locale\" content=\"de_DE\" \/>\n<meta property=\"og:type\" content=\"article\" \/>\n<meta property=\"og:title\" content=\"Hallstatt im Salzkammergut, Teil 1\" \/>\n<meta property=\"og:description\" content=\"Noch bis zum Ende des 19. Jahrhunderts konnte Hallstatt nur mit dem Schiff oder zu Fu\u00df auf schmalen Saumpfaden erreicht werden.\" \/>\n<meta property=\"og:url\" content=\"https:\/\/discover-culture.com\/de\/partner\/salzburg-experience\/touren\/hallstatt-im-salzkammergut-teil-1\/\" \/>\n<meta property=\"og:site_name\" content=\"Discover-Culture\" \/>\n<meta property=\"article:modified_time\" content=\"2023-04-14T09:29:18+00:00\" \/>\n<meta property=\"og:image\" content=\"https:\/\/discover-culture.com\/wp-content\/uploads\/jo-arounding-c5SwN-KkE4g-unsplash-scaled.jpg\" \/>\n\t<meta property=\"og:image:width\" content=\"2560\" \/>\n\t<meta property=\"og:image:height\" content=\"1707\" \/>\n\t<meta property=\"og:image:type\" content=\"image\/jpeg\" \/>\n<meta name=\"twitter:card\" content=\"summary_large_image\" \/>\n<script type=\"application\/ld+json\" class=\"yoast-schema-graph\">{\"@context\":\"https:\/\/schema.org\",\"@graph\":[{\"@type\":\"WebPage\",\"@id\":\"https:\/\/discover-culture.com\/partner\/salzburg-experience\/touren\/hallstatt-im-salzkammergut-teil-1\/\",\"url\":\"https:\/\/discover-culture.com\/partner\/salzburg-experience\/touren\/hallstatt-im-salzkammergut-teil-1\/\",\"name\":\"Hallstatt im Salzkammergut, Teil 1 - Discover-Culture\",\"isPartOf\":{\"@id\":\"https:\/\/discover-culture.com\/de\/#website\"},\"primaryImageOfPage\":{\"@id\":\"https:\/\/discover-culture.com\/partner\/salzburg-experience\/touren\/hallstatt-im-salzkammergut-teil-1\/#primaryimage\"},\"image\":{\"@id\":\"https:\/\/discover-culture.com\/partner\/salzburg-experience\/touren\/hallstatt-im-salzkammergut-teil-1\/#primaryimage\"},\"thumbnailUrl\":\"https:\/\/discover-culture.com\/wp-content\/uploads\/jo-arounding-c5SwN-KkE4g-unsplash-scaled.jpg\",\"datePublished\":\"2021-06-23T12:35:30+00:00\",\"dateModified\":\"2023-04-14T09:29:18+00:00\",\"description\":\"Noch bis zum Ende des 19. Jahrhunderts konnte Hallstatt nur mit dem Schiff oder zu Fu\u00df auf schmalen Saumpfaden erreicht werden.\",\"breadcrumb\":{\"@id\":\"https:\/\/discover-culture.com\/partner\/salzburg-experience\/touren\/hallstatt-im-salzkammergut-teil-1\/#breadcrumb\"},\"inLanguage\":\"de\",\"potentialAction\":[{\"@type\":\"ReadAction\",\"target\":[\"https:\/\/discover-culture.com\/partner\/salzburg-experience\/touren\/hallstatt-im-salzkammergut-teil-1\/\"]}]},{\"@type\":\"ImageObject\",\"inLanguage\":\"de\",\"@id\":\"https:\/\/discover-culture.com\/partner\/salzburg-experience\/touren\/hallstatt-im-salzkammergut-teil-1\/#primaryimage\",\"url\":\"https:\/\/discover-culture.com\/wp-content\/uploads\/jo-arounding-c5SwN-KkE4g-unsplash-scaled.jpg\",\"contentUrl\":\"https:\/\/discover-culture.com\/wp-content\/uploads\/jo-arounding-c5SwN-KkE4g-unsplash-scaled.jpg\",\"width\":2560,\"height\":1707,\"caption\":\"jo arounding c5SwN KkE4g unsplash scaled\"},{\"@type\":\"BreadcrumbList\",\"@id\":\"https:\/\/discover-culture.com\/partner\/salzburg-experience\/touren\/hallstatt-im-salzkammergut-teil-1\/#breadcrumb\",\"itemListElement\":[{\"@type\":\"ListItem\",\"position\":1,\"name\":\"Home\",\"item\":\"https:\/\/discover-culture.com\/\"},{\"@type\":\"ListItem\",\"position\":2,\"name\":\"Produkte\",\"item\":\"https:\/\/discover-culture.com\/de\/shop\/\"},{\"@type\":\"ListItem\",\"position\":3,\"name\":\"Hallstatt im Salzkammergut, Teil 1\"}]},{\"@type\":\"WebSite\",\"@id\":\"https:\/\/discover-culture.com\/de\/#website\",\"url\":\"https:\/\/discover-culture.com\/de\/\",\"name\":\"Discover-Culture\",\"description\":\"\",\"potentialAction\":[{\"@type\":\"SearchAction\",\"target\":{\"@type\":\"EntryPoint\",\"urlTemplate\":\"https:\/\/discover-culture.com\/de\/?s={search_term_string}\"},\"query-input\":{\"@type\":\"PropertyValueSpecification\",\"valueRequired\":true,\"valueName\":\"search_term_string\"}}],\"inLanguage\":\"de\"}]}<\/script>\n<!-- \/ Yoast SEO Premium plugin. -->","yoast_head_json":{"title":"Hallstatt im Salzkammergut, Teil 1 - Discover-Culture","description":"Noch bis zum Ende des 19. Jahrhunderts konnte Hallstatt nur mit dem Schiff oder zu Fu\u00df auf schmalen Saumpfaden erreicht werden.","robots":{"index":"index","follow":"follow","max-snippet":"max-snippet:-1","max-image-preview":"max-image-preview:large","max-video-preview":"max-video-preview:-1"},"canonical":"https:\/\/discover-culture.com\/de\/partner\/salzburg-experience\/touren\/hallstatt-im-salzkammergut-teil-1\/","og_locale":"de_DE","og_type":"article","og_title":"Hallstatt im Salzkammergut, Teil 1","og_description":"Noch bis zum Ende des 19. Jahrhunderts konnte Hallstatt nur mit dem Schiff oder zu Fu\u00df auf schmalen Saumpfaden erreicht werden.","og_url":"https:\/\/discover-culture.com\/de\/partner\/salzburg-experience\/touren\/hallstatt-im-salzkammergut-teil-1\/","og_site_name":"Discover-Culture","article_modified_time":"2023-04-14T09:29:18+00:00","og_image":[{"width":2560,"height":1707,"url":"https:\/\/discover-culture.com\/wp-content\/uploads\/jo-arounding-c5SwN-KkE4g-unsplash-scaled.jpg","type":"image\/jpeg"}],"twitter_card":"summary_large_image","schema":{"@context":"https:\/\/schema.org","@graph":[{"@type":"WebPage","@id":"https:\/\/discover-culture.com\/partner\/salzburg-experience\/touren\/hallstatt-im-salzkammergut-teil-1\/","url":"https:\/\/discover-culture.com\/partner\/salzburg-experience\/touren\/hallstatt-im-salzkammergut-teil-1\/","name":"Hallstatt im Salzkammergut, Teil 1 - Discover-Culture","isPartOf":{"@id":"https:\/\/discover-culture.com\/de\/#website"},"primaryImageOfPage":{"@id":"https:\/\/discover-culture.com\/partner\/salzburg-experience\/touren\/hallstatt-im-salzkammergut-teil-1\/#primaryimage"},"image":{"@id":"https:\/\/discover-culture.com\/partner\/salzburg-experience\/touren\/hallstatt-im-salzkammergut-teil-1\/#primaryimage"},"thumbnailUrl":"https:\/\/discover-culture.com\/wp-content\/uploads\/jo-arounding-c5SwN-KkE4g-unsplash-scaled.jpg","datePublished":"2021-06-23T12:35:30+00:00","dateModified":"2023-04-14T09:29:18+00:00","description":"Noch bis zum Ende des 19. Jahrhunderts konnte Hallstatt nur mit dem Schiff oder zu Fu\u00df auf schmalen Saumpfaden erreicht werden.","breadcrumb":{"@id":"https:\/\/discover-culture.com\/partner\/salzburg-experience\/touren\/hallstatt-im-salzkammergut-teil-1\/#breadcrumb"},"inLanguage":"de","potentialAction":[{"@type":"ReadAction","target":["https:\/\/discover-culture.com\/partner\/salzburg-experience\/touren\/hallstatt-im-salzkammergut-teil-1\/"]}]},{"@type":"ImageObject","inLanguage":"de","@id":"https:\/\/discover-culture.com\/partner\/salzburg-experience\/touren\/hallstatt-im-salzkammergut-teil-1\/#primaryimage","url":"https:\/\/discover-culture.com\/wp-content\/uploads\/jo-arounding-c5SwN-KkE4g-unsplash-scaled.jpg","contentUrl":"https:\/\/discover-culture.com\/wp-content\/uploads\/jo-arounding-c5SwN-KkE4g-unsplash-scaled.jpg","width":2560,"height":1707,"caption":"jo arounding c5SwN KkE4g unsplash scaled"},{"@type":"BreadcrumbList","@id":"https:\/\/discover-culture.com\/partner\/salzburg-experience\/touren\/hallstatt-im-salzkammergut-teil-1\/#breadcrumb","itemListElement":[{"@type":"ListItem","position":1,"name":"Home","item":"https:\/\/discover-culture.com\/"},{"@type":"ListItem","position":2,"name":"Produkte","item":"https:\/\/discover-culture.com\/de\/shop\/"},{"@type":"ListItem","position":3,"name":"Hallstatt im Salzkammergut, Teil 1"}]},{"@type":"WebSite","@id":"https:\/\/discover-culture.com\/de\/#website","url":"https:\/\/discover-culture.com\/de\/","name":"Discover-Culture","description":"","potentialAction":[{"@type":"SearchAction","target":{"@type":"EntryPoint","urlTemplate":"https:\/\/discover-culture.com\/de\/?s={search_term_string}"},"query-input":{"@type":"PropertyValueSpecification","valueRequired":true,"valueName":"search_term_string"}}],"inLanguage":"de"}]}},"_links":{"self":[{"href":"https:\/\/discover-culture.com\/de\/wp-json\/wp\/v2\/product\/490","targetHints":{"allow":["GET"]}}],"collection":[{"href":"https:\/\/discover-culture.com\/de\/wp-json\/wp\/v2\/product"}],"about":[{"href":"https:\/\/discover-culture.com\/de\/wp-json\/wp\/v2\/types\/product"}],"wp:featuredmedia":[{"embeddable":true,"href":"https:\/\/discover-culture.com\/de\/wp-json\/wp\/v2\/media\/489"}],"wp:attachment":[{"href":"https:\/\/discover-culture.com\/de\/wp-json\/wp\/v2\/media?parent=490"}],"wp:term":[{"taxonomy":"product_brand","embeddable":true,"href":"https:\/\/discover-culture.com\/de\/wp-json\/wp\/v2\/product_brand?post=490"},{"taxonomy":"product_cat","embeddable":true,"href":"https:\/\/discover-culture.com\/de\/wp-json\/wp\/v2\/product_cat?post=490"},{"taxonomy":"product_tag","embeddable":true,"href":"https:\/\/discover-culture.com\/de\/wp-json\/wp\/v2\/product_tag?post=490"}],"curies":[{"name":"wp","href":"https:\/\/api.w.org\/{rel}","templated":true}]}}