{"id":4606,"date":"2021-11-09T10:44:26","date_gmt":"2021-11-09T08:44:26","guid":{"rendered":"https:\/\/discover-culture.com\/partner\/\/touren\/"},"modified":"2024-01-22T10:04:38","modified_gmt":"2024-01-22T08:04:38","slug":"sound-of-music-world","status":"publish","type":"product","link":"https:\/\/discover-culture.com\/partner\/sound-of-music\/touren\/sound-of-music-world","title":{"rendered":"Sound of Music World"},"content":{"rendered":"<section id='lightpress__section--block_bbc0cd0b9141deaae23505c8ff61d637' class='lightpress__section lightpress__section--content'><div class=\"content__grid content__grid--fifty-fifty\">\n    <div class=\"content__box content__box\">\n                                                        <\/p>\n<p>\u00a0<\/p>\n<h3>\u00a0<\/h3>\n<h3>Sound of Music World \u2013 Museum<\/h3>\n<p>Im Zentrum der Sound of Music World stehen wichtige Lebensstationen der Familie Trapp sowie die wohl einzigartige Geschichte des Hollywood Filmes &#8222;Sound of Music&#8220;.<\/p>\n<p>\u00a0<\/p>\n<p>Beginnen Sie Ihre virtuelle Tour in der <strong>Villa Trapp<\/strong> und erfahren Sie hier mehr zur wahren Geschichte der Familie Trapp.<\/p>\n<p>Direkt durch den Salon k\u00f6nnen Sie im <strong>Pavillon Hellbrunn<\/strong> sowie der <strong>Basilika Mondsee<\/strong> virtuell die Film locations noch einmal entdecken.<\/p>\n<p>Ein St\u00fcck Zeitgeschichte schreibt, ausgehend aus dem Museum der Villa Trapp, die virtuelle Tour durch die <strong>Bunkeranlagen<\/strong> aus dem zweiten Weltkrieg. <\/p>\n<p><em>Begeben wir uns gemeinsam auf eine Konfrontation Film versus Realit\u00e4t.<\/em><\/p>\n\n                                        <\/div>\n            <div class=\"content__box content__box\">\n                                                                    <img decoding=\"async\" class=\"content__image\" src=\"https:\/\/discover-culture.com\/wp-content\/uploads\/sound-of-music.png\" alt=\"sound of music\" loading=\"lazy\">\n                                                        <\/div>\n    <\/div><\/section>\n\n<section id='lightpress__section--block_c6cb6c863ffc306bc10bade65c610a55' class='lightpress__section lightpress__section--content'><div class=\"content__grid content__grid--fifty-fifty\">\n    <div class=\"content__box content__box\">\n                                                    <img decoding=\"async\" class=\"content__image\" src=\"https:\/\/discover-culture.com\/wp-content\/uploads\/Villa_Trapp.jpg\" alt=\"Villa Trapp\" loading=\"lazy\">\n                                        <\/div>\n            <div class=\"content__box content__box\">\n                                                                        <p>In eben dieser Geschichte der bekannten singenden Familie vereinen sich Ereignisse, Ver\u00e4nderungen, Kontinuit\u00e4ten und Br\u00fcche im \u00d6sterreich der ersten H\u00e4lfte des 20. Jahrhunderts.<\/p>\n<p>\u00a0<\/p>\n<h4>Die virtuelle Ausstellung widmet sich drei gro\u00dfen Themenbl\u00f6cken:<\/h4>\n<ul>\n<li>Der Familiengeschichte<\/li>\n<li>der Geschichte der Villa Trapp, die u.a. von Himmler als Feldkommandostelle Bergwald genutzt wurde<\/li>\n<li>und einer Konfrontation Film versus Realit\u00e4t<\/li>\n<\/ul>\n\n                                                        <\/div>\n    <\/div><\/section>\n\n<section id='lightpress__section--block_2a31a60e5a941b28a025984f436ca274' class='lightpress__section lightpress__section--content-with-gallery'><h2 class=\"cwg__headline\"><\/h2>\n<div id='lightpress__section--block_69edd5cdbd325' class='cwg__content lightpress__section--content'><div class=\"content__grid content__grid\">\n    <div class=\"content__box content__box--one-hundred\">\n                                                        <p>Ein Schwerpunkt der Familiengeschichte liegt nat\u00fcrlich auch auf der Person Georg von Trapp, Korvettenkapit\u00e4n, Buchautor und heute Repr\u00e4sentant der untergegangenen k. u. k.-Monarchie.<\/p>\n<p>Nach dem Tod seiner ersten Frau, Agathe 1922, dem Umzug der Familie von Nieder\u00f6sterreich in die Villa Trapp und der Heirat Georgs mit Maria Kutschera 1927, verlor die Familie im Zuge der Weltwirtschaftskrise den Gro\u00dfteil ihres Verm\u00f6gens.<\/p>\n<p>Aus der Notwendigkeit heraus begannen die Trapps 1936 \u00f6ffentlich als Chor aufzutreten. So sangen sie in dieser Zeit u.a. vor dem austrofaschistischen Bundeskanzler Schuschnigg ebenso wie vor dem italienischen Diktator Mussolini oder Papst Pius XI.<\/p>\n<p>Nach dem \u201eAnschluss\u201c 1938 plante die Familie die Ausreise aus NS-\u00d6sterreich. In der Ausstellung wird den einzelnen Stationen der Migration bis zum endg\u00fcltigen Fu\u00dffassen der Trapps in den USA nachgegangen.<\/p>\n\n                                        <\/div>\n    <\/div><\/div>\n\n<div class=\"cwg__gallery cwg__gallery--3\">\n                    <picture class=\"cwg__image\">\n            <source srcset=\"https:\/\/discover-culture.com\/wp-content\/uploads\/Villa_Trapp_klein.webp\" type=\"image\/webp\">\n            <source srcset=\"https:\/\/discover-culture.com\/wp-content\/uploads\/Villa_Trapp_klein.jpg\" type=\"image\/jpeg\">\n            <img decoding=\"async\" loading=\"lazy\" src=\"https:\/\/discover-culture.com\/wp-content\/uploads\/Villa_Trapp_klein.jpg\" alt=\"Villa Trapp klein\">\n        <\/picture>\n                    <picture class=\"cwg__image\">\n            <source srcset=\"https:\/\/discover-culture.com\/wp-content\/uploads\/Familie_Trapp.webp\" type=\"image\/webp\">\n            <source srcset=\"https:\/\/discover-culture.com\/wp-content\/uploads\/Familie_Trapp.jpg\" type=\"image\/jpeg\">\n            <img decoding=\"async\" loading=\"lazy\" src=\"https:\/\/discover-culture.com\/wp-content\/uploads\/Familie_Trapp.jpg\" alt=\"Familie Trapp\">\n        <\/picture>\n                    <picture class=\"cwg__image\">\n            <source srcset=\"https:\/\/discover-culture.com\/wp-content\/uploads\/Villa_innen.webp\" type=\"image\/webp\">\n            <source srcset=\"https:\/\/discover-culture.com\/wp-content\/uploads\/Villa_innen.jpg\" type=\"image\/jpeg\">\n            <img decoding=\"async\" loading=\"lazy\" src=\"https:\/\/discover-culture.com\/wp-content\/uploads\/Villa_innen.jpg\" alt=\"Villa innen\">\n        <\/picture>\n    <\/div><\/section>\n\n<section id='lightpress__section--block_0c05556aed56bc8d220be82790101ced' class='lightpress__section lightpress__section--content'><div class=\"content__grid content__grid\">\n    <div class=\"content__box content__box--one-hundred\">\n                                                        <p>Der in der Robert-Wise-Verfilmung The Sound of Music dargestellten filmischen Realit\u00e4t wird schlie\u00dflich die Dreh-Realit\u00e4t sowie die \u00f6sterreichische Zeitgeschichte gegen\u00fcbergestellt. Durch die breite Streuung der Themen, bietet die virtuelle Tour Informationen von der g\u00e4ngigen Familiengeschichte gebunden an den Kommerz von Film und Musical.<\/p>\n\n                                        <\/div>\n    <\/div><\/section>","protected":false},"excerpt":{"rendered":"","protected":false},"featured_media":4607,"template":"","meta":{"_acf_changed":false,"_relevanssi_hide_post":"","_relevanssi_hide_content":"","_relevanssi_pin_for_all":"","_relevanssi_pin_keywords":"","_relevanssi_unpin_keywords":"","_relevanssi_related_keywords":"","_relevanssi_related_include_ids":"","_relevanssi_related_exclude_ids":"","_relevanssi_related_no_append":"","_relevanssi_related_not_related":"","_relevanssi_related_posts":"3841,3844,3849,3848,3845","_relevanssi_noindex_reason":""},"product_brand":[],"product_cat":[16],"product_tag":[],"class_list":["product-available","product","first","instock","virtual","sold-individually","taxable","purchasable","product-type-bundle"],"bundled_by":[],"bundle_stock_status":"instock","bundle_stock_quantity":"","bundle_virtual":true,"bundle_layout":"default","bundle_add_to_cart_form_location":"default","bundle_editable_in_cart":false,"bundle_sold_individually_context":"product","bundle_item_grouping":"parent","bundle_min_size":"","bundle_max_size":"","bundle_price":{"price":{"min":{"incl_tax":"0","excl_tax":"0"},"max":{"incl_tax":"0","excl_tax":"0"}},"regular_price":{"min":{"incl_tax":"0","excl_tax":"0"},"max":{"incl_tax":"0","excl_tax":"0"}}},"bundled_items":[{"bundled_item_id":16,"product_id":4570,"menu_order":0,"quantity_min":1,"quantity_max":1,"quantity_default":1,"priced_individually":false,"shipped_individually":true,"override_title":false,"title":"","override_description":false,"description":"","optional":false,"hide_thumbnail":false,"discount":"","override_variations":false,"allowed_variations":[],"override_default_variation_attributes":false,"default_variation_attributes":[],"single_product_visibility":"hidden","cart_visibility":"hidden","order_visibility":"hidden","single_product_price_visibility":"visible","cart_price_visibility":"visible","order_price_visibility":"visible","stock_status":"in_stock"},{"bundled_item_id":15,"product_id":4579,"menu_order":1,"quantity_min":1,"quantity_max":1,"quantity_default":1,"priced_individually":false,"shipped_individually":true,"override_title":false,"title":"","override_description":false,"description":"","optional":false,"hide_thumbnail":false,"discount":"","override_variations":false,"allowed_variations":[],"override_default_variation_attributes":false,"default_variation_attributes":[],"single_product_visibility":"hidden","cart_visibility":"hidden","order_visibility":"hidden","single_product_price_visibility":"visible","cart_price_visibility":"visible","order_price_visibility":"visible","stock_status":"in_stock"},{"bundled_item_id":17,"product_id":4603,"menu_order":2,"quantity_min":1,"quantity_max":1,"quantity_default":1,"priced_individually":false,"shipped_individually":true,"override_title":false,"title":"","override_description":false,"description":"","optional":false,"hide_thumbnail":false,"discount":"","override_variations":false,"allowed_variations":[],"override_default_variation_attributes":false,"default_variation_attributes":[],"single_product_visibility":"hidden","cart_visibility":"hidden","order_visibility":"hidden","single_product_price_visibility":"visible","cart_price_visibility":"visible","order_price_visibility":"visible","stock_status":"in_stock"},{"bundled_item_id":18,"product_id":4581,"menu_order":3,"quantity_min":1,"quantity_max":1,"quantity_default":1,"priced_individually":false,"shipped_individually":true,"override_title":false,"title":"","override_description":false,"description":"","optional":false,"hide_thumbnail":false,"discount":"","override_variations":false,"allowed_variations":[],"override_default_variation_attributes":false,"default_variation_attributes":[],"single_product_visibility":"hidden","cart_visibility":"hidden","order_visibility":"hidden","single_product_price_visibility":"visible","cart_price_visibility":"visible","order_price_visibility":"visible","stock_status":"in_stock"}],"bundle_sell_ids":[],"acf":[],"yoast_head":"<!-- This site is optimized with the Yoast SEO Premium plugin v25.7.1 (Yoast SEO v26.8) - https:\/\/yoast.com\/product\/yoast-seo-premium-wordpress\/ -->\n<title>Sound of Music World - Discover-Culture<\/title>\n<meta name=\"description\" content=\"Finden Sie hier alle Informationen zum Produkt Sound of Music World und betreten Sie die neue Welt von Kunst und Kultur!\" \/>\n<meta name=\"robots\" content=\"index, follow, max-snippet:-1, max-image-preview:large, max-video-preview:-1\" \/>\n<link rel=\"canonical\" href=\"https:\/\/discover-culture.com\/de\/partner\/sound-of-music\/touren\/sound-of-music-world\/\" \/>\n<meta property=\"og:locale\" content=\"de_DE\" \/>\n<meta property=\"og:type\" content=\"article\" \/>\n<meta property=\"og:title\" content=\"Sound of Music World\" \/>\n<meta property=\"og:description\" content=\"Finden Sie hier alle Informationen zum Produkt Sound of Music World und betreten Sie die neue Welt von Kunst und Kultur!\" \/>\n<meta property=\"og:url\" content=\"https:\/\/discover-culture.com\/de\/partner\/sound-of-music\/touren\/sound-of-music-world\/\" \/>\n<meta property=\"og:site_name\" content=\"Discover-Culture\" \/>\n<meta property=\"article:modified_time\" content=\"2024-01-22T08:04:38+00:00\" \/>\n<meta property=\"og:image\" content=\"https:\/\/discover-culture.com\/wp-content\/uploads\/sound_of_music_world.jpg\" \/>\n\t<meta property=\"og:image:width\" content=\"1200\" \/>\n\t<meta property=\"og:image:height\" content=\"900\" \/>\n\t<meta property=\"og:image:type\" content=\"image\/jpeg\" \/>\n<meta name=\"twitter:card\" content=\"summary_large_image\" \/>\n<meta name=\"twitter:label1\" content=\"Gesch\u00e4tzte Lesezeit\" \/>\n\t<meta name=\"twitter:data1\" content=\"1\u00a0Minute\" \/>\n<script type=\"application\/ld+json\" class=\"yoast-schema-graph\">{\"@context\":\"https:\/\/schema.org\",\"@graph\":[{\"@type\":\"WebPage\",\"@id\":\"https:\/\/discover-culture.com\/partner\/sound-of-music\/touren\/sound-of-music-world\/\",\"url\":\"https:\/\/discover-culture.com\/partner\/sound-of-music\/touren\/sound-of-music-world\/\",\"name\":\"Sound of Music World - Discover-Culture\",\"isPartOf\":{\"@id\":\"https:\/\/discover-culture.com\/de\/#website\"},\"primaryImageOfPage\":{\"@id\":\"https:\/\/discover-culture.com\/partner\/sound-of-music\/touren\/sound-of-music-world\/#primaryimage\"},\"image\":{\"@id\":\"https:\/\/discover-culture.com\/partner\/sound-of-music\/touren\/sound-of-music-world\/#primaryimage\"},\"thumbnailUrl\":\"https:\/\/discover-culture.com\/wp-content\/uploads\/sound_of_music_world.jpg\",\"datePublished\":\"2021-11-09T08:44:26+00:00\",\"dateModified\":\"2024-01-22T08:04:38+00:00\",\"description\":\"Finden Sie hier alle Informationen zum Produkt Sound of Music World und betreten Sie die neue Welt von Kunst und Kultur!\",\"breadcrumb\":{\"@id\":\"https:\/\/discover-culture.com\/partner\/sound-of-music\/touren\/sound-of-music-world\/#breadcrumb\"},\"inLanguage\":\"de\",\"potentialAction\":[{\"@type\":\"ReadAction\",\"target\":[\"https:\/\/discover-culture.com\/partner\/sound-of-music\/touren\/sound-of-music-world\/\"]}]},{\"@type\":\"ImageObject\",\"inLanguage\":\"de\",\"@id\":\"https:\/\/discover-culture.com\/partner\/sound-of-music\/touren\/sound-of-music-world\/#primaryimage\",\"url\":\"https:\/\/discover-culture.com\/wp-content\/uploads\/sound_of_music_world.jpg\",\"contentUrl\":\"https:\/\/discover-culture.com\/wp-content\/uploads\/sound_of_music_world.jpg\",\"width\":1200,\"height\":900,\"caption\":\"sound of music world\"},{\"@type\":\"BreadcrumbList\",\"@id\":\"https:\/\/discover-culture.com\/partner\/sound-of-music\/touren\/sound-of-music-world\/#breadcrumb\",\"itemListElement\":[{\"@type\":\"ListItem\",\"position\":1,\"name\":\"Home\",\"item\":\"https:\/\/discover-culture.com\/\"},{\"@type\":\"ListItem\",\"position\":2,\"name\":\"Produkte\",\"item\":\"https:\/\/discover-culture.com\/de\/shop\/\"},{\"@type\":\"ListItem\",\"position\":3,\"name\":\"Sound of Music World\"}]},{\"@type\":\"WebSite\",\"@id\":\"https:\/\/discover-culture.com\/de\/#website\",\"url\":\"https:\/\/discover-culture.com\/de\/\",\"name\":\"Discover-Culture\",\"description\":\"\",\"potentialAction\":[{\"@type\":\"SearchAction\",\"target\":{\"@type\":\"EntryPoint\",\"urlTemplate\":\"https:\/\/discover-culture.com\/de\/?s={search_term_string}\"},\"query-input\":{\"@type\":\"PropertyValueSpecification\",\"valueRequired\":true,\"valueName\":\"search_term_string\"}}],\"inLanguage\":\"de\"}]}<\/script>\n<!-- \/ Yoast SEO Premium plugin. -->","yoast_head_json":{"title":"Sound of Music World - Discover-Culture","description":"Finden Sie hier alle Informationen zum Produkt Sound of Music World und betreten Sie die neue Welt von Kunst und Kultur!","robots":{"index":"index","follow":"follow","max-snippet":"max-snippet:-1","max-image-preview":"max-image-preview:large","max-video-preview":"max-video-preview:-1"},"canonical":"https:\/\/discover-culture.com\/de\/partner\/sound-of-music\/touren\/sound-of-music-world\/","og_locale":"de_DE","og_type":"article","og_title":"Sound of Music World","og_description":"Finden Sie hier alle Informationen zum Produkt Sound of Music World und betreten Sie die neue Welt von Kunst und Kultur!","og_url":"https:\/\/discover-culture.com\/de\/partner\/sound-of-music\/touren\/sound-of-music-world\/","og_site_name":"Discover-Culture","article_modified_time":"2024-01-22T08:04:38+00:00","og_image":[{"width":1200,"height":900,"url":"https:\/\/discover-culture.com\/wp-content\/uploads\/sound_of_music_world.jpg","type":"image\/jpeg"}],"twitter_card":"summary_large_image","twitter_misc":{"Gesch\u00e4tzte Lesezeit":"1\u00a0Minute"},"schema":{"@context":"https:\/\/schema.org","@graph":[{"@type":"WebPage","@id":"https:\/\/discover-culture.com\/partner\/sound-of-music\/touren\/sound-of-music-world\/","url":"https:\/\/discover-culture.com\/partner\/sound-of-music\/touren\/sound-of-music-world\/","name":"Sound of Music World - Discover-Culture","isPartOf":{"@id":"https:\/\/discover-culture.com\/de\/#website"},"primaryImageOfPage":{"@id":"https:\/\/discover-culture.com\/partner\/sound-of-music\/touren\/sound-of-music-world\/#primaryimage"},"image":{"@id":"https:\/\/discover-culture.com\/partner\/sound-of-music\/touren\/sound-of-music-world\/#primaryimage"},"thumbnailUrl":"https:\/\/discover-culture.com\/wp-content\/uploads\/sound_of_music_world.jpg","datePublished":"2021-11-09T08:44:26+00:00","dateModified":"2024-01-22T08:04:38+00:00","description":"Finden Sie hier alle Informationen zum Produkt Sound of Music World und betreten Sie die neue Welt von Kunst und Kultur!","breadcrumb":{"@id":"https:\/\/discover-culture.com\/partner\/sound-of-music\/touren\/sound-of-music-world\/#breadcrumb"},"inLanguage":"de","potentialAction":[{"@type":"ReadAction","target":["https:\/\/discover-culture.com\/partner\/sound-of-music\/touren\/sound-of-music-world\/"]}]},{"@type":"ImageObject","inLanguage":"de","@id":"https:\/\/discover-culture.com\/partner\/sound-of-music\/touren\/sound-of-music-world\/#primaryimage","url":"https:\/\/discover-culture.com\/wp-content\/uploads\/sound_of_music_world.jpg","contentUrl":"https:\/\/discover-culture.com\/wp-content\/uploads\/sound_of_music_world.jpg","width":1200,"height":900,"caption":"sound of music world"},{"@type":"BreadcrumbList","@id":"https:\/\/discover-culture.com\/partner\/sound-of-music\/touren\/sound-of-music-world\/#breadcrumb","itemListElement":[{"@type":"ListItem","position":1,"name":"Home","item":"https:\/\/discover-culture.com\/"},{"@type":"ListItem","position":2,"name":"Produkte","item":"https:\/\/discover-culture.com\/de\/shop\/"},{"@type":"ListItem","position":3,"name":"Sound of Music World"}]},{"@type":"WebSite","@id":"https:\/\/discover-culture.com\/de\/#website","url":"https:\/\/discover-culture.com\/de\/","name":"Discover-Culture","description":"","potentialAction":[{"@type":"SearchAction","target":{"@type":"EntryPoint","urlTemplate":"https:\/\/discover-culture.com\/de\/?s={search_term_string}"},"query-input":{"@type":"PropertyValueSpecification","valueRequired":true,"valueName":"search_term_string"}}],"inLanguage":"de"}]}},"_links":{"self":[{"href":"https:\/\/discover-culture.com\/de\/wp-json\/wp\/v2\/product\/4606","targetHints":{"allow":["GET"]}}],"collection":[{"href":"https:\/\/discover-culture.com\/de\/wp-json\/wp\/v2\/product"}],"about":[{"href":"https:\/\/discover-culture.com\/de\/wp-json\/wp\/v2\/types\/product"}],"wp:featuredmedia":[{"embeddable":true,"href":"https:\/\/discover-culture.com\/de\/wp-json\/wp\/v2\/media\/4607"}],"wp:attachment":[{"href":"https:\/\/discover-culture.com\/de\/wp-json\/wp\/v2\/media?parent=4606"}],"wp:term":[{"taxonomy":"product_brand","embeddable":true,"href":"https:\/\/discover-culture.com\/de\/wp-json\/wp\/v2\/product_brand?post=4606"},{"taxonomy":"product_cat","embeddable":true,"href":"https:\/\/discover-culture.com\/de\/wp-json\/wp\/v2\/product_cat?post=4606"},{"taxonomy":"product_tag","embeddable":true,"href":"https:\/\/discover-culture.com\/de\/wp-json\/wp\/v2\/product_tag?post=4606"}],"curies":[{"name":"wp","href":"https:\/\/api.w.org\/{rel}","templated":true}]}}