{"id":4544,"date":"2021-10-27T08:57:43","date_gmt":"2021-10-27T06:57:43","guid":{"rendered":"https:\/\/discover-culture.com\/partner\/\/touren\/"},"modified":"2023-04-14T11:19:27","modified_gmt":"2023-04-14T09:19:27","slug":"nationalpark-lounge-schlossinsel","status":"publish","type":"product","link":"https:\/\/discover-culture.com\/partner\/nationalpark-donau-auen\/touren\/nationalpark-lounge-schlossinsel","title":{"rendered":"Nationalpark Lounge &#038; Schlossinsel"},"content":{"rendered":"<section id='lightpress__section--block_f40979db8b7ad8f32b3c60bd3e87289b' class='lightpress__section lightpress__section--content-with-gallery'><h2 class=\"cwg__headline\"><\/h2>\n<div id='lightpress__section--block_69d0e0520c609' class='cwg__content lightpress__section--content'><div class=\"content__grid content__grid\">\n    <div class=\"content__box content__box--one-hundred\">\n                                                        <h3>Natur erforschen im schlossORTH Nationalpark-Zentrum<\/h3>\n<p>Erfahren Sie in der Ausstellung DonAUr\u00e4ume erste Grundlagen \u00fcber den Nationalpark und den Auwald.<\/p>\n<p><a class=\"lcyd__button lcyd__button--animate lcyd__button--arrow lcyd__button--animate\" href=\"https:\/\/www.donauauen.at\/\" target=\"_blank\" rel=\"noopener\">Mehr Informationen<\/a><\/p>\n\n                                        <\/div>\n    <\/div><\/div>\n\n<div class=\"cwg__gallery cwg__gallery--1\">\n                    <picture class=\"cwg__image\">\n            <source srcset=\"https:\/\/discover-culture.com\/wp-content\/uploads\/NPDonauAuen_Logo.webp\" type=\"image\/webp\">\n            <source srcset=\"https:\/\/discover-culture.com\/wp-content\/uploads\/NPDonauAuen_Logo.jpg\" type=\"image\/jpeg\">\n            <img decoding=\"async\" loading=\"lazy\" src=\"https:\/\/discover-culture.com\/wp-content\/uploads\/NPDonauAuen_Logo.jpg\" alt=\"NPDonauAuen Logo\">\n        <\/picture>\n    <\/div><\/section>\n\n<section id='lightpress__section--block_cc1874a7f8692ed23780ef79636c7403' class='lightpress__section lightpress__section--content-with-gallery'><h2 class=\"cwg__headline\"><\/h2>\n<div id='lightpress__section--block_69d0e05216c67' class='cwg__content lightpress__section--content'><div class=\"content__grid content__grid\">\n    <div class=\"content__box content__box--one-hundred\">\n                                                        <h4>Willkommen im Tor zur Au<\/h4>\n<p>Das schlossORTH Nationalpark-Zentrum ist sowohl Nationalparkinfostelle als auch Ausflugsziel und Veranstaltungsort.<br \/>\nDie Ausstellungsr\u00e4ume mit der Nationalpark Lounge bereiten optimal auf das Erlebnis AU vor.<\/p>\n<p>Das Auerlebnisgel\u00e4nde Schlossinsel ist bei G\u00e4sten besonders beliebt, es stellt Tiere und Pflanzen der Flusslandschaft vor.<\/p>\n\n                                        <\/div>\n    <\/div><\/div>\n\n<div class=\"cwg__gallery cwg__gallery--3\">\n                    <picture class=\"cwg__image\">\n            <source srcset=\"https:\/\/discover-culture.com\/wp-content\/uploads\/Nationalpark_Lounge3.webp\" type=\"image\/webp\">\n            <source srcset=\"https:\/\/discover-culture.com\/wp-content\/uploads\/Nationalpark_Lounge3.jpg\" type=\"image\/jpeg\">\n            <img decoding=\"async\" loading=\"lazy\" src=\"https:\/\/discover-culture.com\/wp-content\/uploads\/Nationalpark_Lounge3.jpg\" alt=\"Nationalpark Lounge3\">\n        <\/picture>\n                    <picture class=\"cwg__image\">\n            <source srcset=\"https:\/\/discover-culture.com\/wp-content\/uploads\/Nationalpark_Lounge2.webp\" type=\"image\/webp\">\n            <source srcset=\"https:\/\/discover-culture.com\/wp-content\/uploads\/Nationalpark_Lounge2.jpg\" type=\"image\/jpeg\">\n            <img decoding=\"async\" loading=\"lazy\" src=\"https:\/\/discover-culture.com\/wp-content\/uploads\/Nationalpark_Lounge2.jpg\" alt=\"Nationalpark Lounge2\">\n        <\/picture>\n                    <picture class=\"cwg__image\">\n            <source srcset=\"https:\/\/discover-culture.com\/wp-content\/uploads\/Nationalpark_Lounge1.webp\" type=\"image\/webp\">\n            <source srcset=\"https:\/\/discover-culture.com\/wp-content\/uploads\/Nationalpark_Lounge1.jpg\" type=\"image\/jpeg\">\n            <img decoding=\"async\" loading=\"lazy\" src=\"https:\/\/discover-culture.com\/wp-content\/uploads\/Nationalpark_Lounge1.jpg\" alt=\"Nationalpark Lounge1\">\n        <\/picture>\n    <\/div><\/section>\n\n<section id='lightpress__section--block_6b6f7402d4fda7ef13e2e10ca5c02c19' class='lightpress__section lightpress__section--content'><div class=\"content__grid content__grid\">\n    <div class=\"content__box content__box--one-hundred\">\n                                                        <h3>Die Schloss Insel<\/h3>\n<p>Auf dem Auerlebnisgel\u00e4nde Schlossinsel k\u00f6nnen Sie charakteristische Lebensr\u00e4ume, Tiere und Pflanzen der Flusslandschaft auf einem Rundgang entdecken.<\/p>\n<p>Zur barrierefreien Umweltbildung f\u00fcr Menschen mit besonderen Bed\u00fcrfnissen gibt es an mehreren Stationen taktile \u00dcbersichtspl\u00e4ne und drehbare Infotafeln mit 3D-Tiermodellen, darunter Ziesel und Europ\u00e4ische Sumpfschildkr\u00f6te. Audiotexte liefern \u00fcber spezielle QR Codes die Beschreibung der Lebewesen und Hintergrundwissen.<\/p>\n<p>Eine Spurenstation zeigt Trittsiegel, Felle, Geweihe sowie weitere Hinweise auf Tiere wie Biber, Hirsch, Reh und Fuchs. Auf Kinder warten mehrere Spielbereiche.<\/p>\n\n                                        <\/div>\n    <\/div><\/section>\n\n<section id='lightpress__section--block_3c01cd0bcb85a9282eec97e2791f064f' class='lightpress__section lightpress__section--content-with-gallery'><h2 class=\"cwg__headline\"><\/h2>\n<div id='lightpress__section--block_69d0e052210bf' class='cwg__content lightpress__section--content'><div class=\"content__grid content__grid\">\n    <div class=\"content__box content__box--one-hundred\">\n                                                        <p>Betrachten Sie die Europ\u00e4ische Sumpfschildkr\u00f6te, Emys orbicularis aus der N\u00e4he. Entdecken Sie unsere heimischen Nattern in ihrer meisterhaften Tarnung.<\/p>\n<p>Erblicken Sie unter Wasser eine F\u00fclle an Fischen &#8211; jedoch ohne nass zu werden! Erkunden Sie die typische Flora der Auen von der zarten Sumpfschwertlilie und der kletternden Waldrebe bis zur m\u00e4chtigen Silberpappel.<\/p>\n\n                                        <\/div>\n    <\/div><\/div>\n\n<div class=\"cwg__gallery cwg__gallery--3\">\n                    <picture class=\"cwg__image\">\n            <source srcset=\"https:\/\/discover-culture.com\/wp-content\/uploads\/Schlossinsel_2.webp\" type=\"image\/webp\">\n            <source srcset=\"https:\/\/discover-culture.com\/wp-content\/uploads\/Schlossinsel_2.jpg\" type=\"image\/jpeg\">\n            <img decoding=\"async\" loading=\"lazy\" src=\"https:\/\/discover-culture.com\/wp-content\/uploads\/Schlossinsel_2.jpg\" alt=\"Schlossinsel 2\">\n        <\/picture>\n                    <picture class=\"cwg__image\">\n            <source srcset=\"https:\/\/discover-culture.com\/wp-content\/uploads\/Schlossinsel_1.webp\" type=\"image\/webp\">\n            <source srcset=\"https:\/\/discover-culture.com\/wp-content\/uploads\/Schlossinsel_1.jpg\" type=\"image\/jpeg\">\n            <img decoding=\"async\" loading=\"lazy\" src=\"https:\/\/discover-culture.com\/wp-content\/uploads\/Schlossinsel_1.jpg\" alt=\"Schlossinsel 1\">\n        <\/picture>\n                    <picture class=\"cwg__image\">\n            <source srcset=\"https:\/\/discover-culture.com\/wp-content\/uploads\/Schlossinsel_3.webp\" type=\"image\/webp\">\n            <source srcset=\"https:\/\/discover-culture.com\/wp-content\/uploads\/Schlossinsel_3.jpg\" type=\"image\/jpeg\">\n            <img decoding=\"async\" loading=\"lazy\" src=\"https:\/\/discover-culture.com\/wp-content\/uploads\/Schlossinsel_3.jpg\" alt=\"Schlossinsel 3\">\n        <\/picture>\n    <\/div><\/section>\n\n<section id='lightpress__section--block_7df4cf6711790cef442f8d8cfc6a0571' class='lightpress__section lightpress__section--content'><div class=\"content__grid content__grid--fifty-fifty\">\n    <div class=\"content__box content__box\">\n                                                        <p>\u00a0<\/p>\n<p>\u00a0<\/p>\n<p>Betrachten Sie die Europ\u00e4ische Sumpfschildkr\u00f6te, Emys orbicularis aus der N\u00e4he. Entdecken Sie unsere heimischen Nattern in ihrer meisterhaften Tarnung. Erblicken Sie unter Wasser eine F\u00fclle an Fischen &#8211; jedoch ohne nass zu werden! Erkunden Sie die typische Flora der Auen von der zarten Sumpfschwertlilie und der kletternden Waldrebe bis zur m\u00e4chtigen Silberpappel.<\/p>\n\n                                        <\/div>\n            <div class=\"content__box content__box\">\n                                                                    <img decoding=\"async\" class=\"content__image\" src=\"https:\/\/discover-culture.com\/wp-content\/uploads\/Schlossinsel_Fische.jpg\" alt=\"Schlossinsel Fische\" loading=\"lazy\">\n                                                        <\/div>\n    <\/div><\/section>\n\n<section id='lightpress__section--block_d31367bf1d28bd8da0757d859d697616' class='lightpress__section lightpress__section--content-with-gallery'><h2 class=\"cwg__headline\"><\/h2>\n<div id='lightpress__section--block_69d0e0522b4c6' class='cwg__content lightpress__section--content'><div class=\"content__grid content__grid\">\n    <div class=\"content__box content__box--one-hundred\">\n                                                        <p>Als Teil des schlossORTH Nationalpark-Zentrums ist die Schlossinsel nur mit gel\u00f6ster Eintrittkarte zu besichtigen. Die Fl\u00e4chen f\u00fcr die Schlossinsel wurden von den \u00d6sterreichischen Bundesforsten unentgeltlich zur Verf\u00fcgung gestellt. Die Errichtung des Auerlebnisfreigel\u00e4ndes wurde von der Europ\u00e4ischen Union gef\u00f6rdert.<\/p>\n\n                                        <\/div>\n    <\/div><\/div>\n\n<div class=\"cwg__gallery cwg__gallery--3\">\n                    <picture class=\"cwg__image\">\n            <source srcset=\"https:\/\/discover-culture.com\/wp-content\/uploads\/Schlossinsel_Schlange.webp\" type=\"image\/webp\">\n            <source srcset=\"https:\/\/discover-culture.com\/wp-content\/uploads\/Schlossinsel_Schlange.jpg\" type=\"image\/jpeg\">\n            <img decoding=\"async\" loading=\"lazy\" src=\"https:\/\/discover-culture.com\/wp-content\/uploads\/Schlossinsel_Schlange.jpg\" alt=\"Schlossinsel Schlange\">\n        <\/picture>\n                    <picture class=\"cwg__image\">\n            <source srcset=\"https:\/\/discover-culture.com\/wp-content\/uploads\/Schlossinsel_Blume.webp\" type=\"image\/webp\">\n            <source srcset=\"https:\/\/discover-culture.com\/wp-content\/uploads\/Schlossinsel_Blume.jpg\" type=\"image\/jpeg\">\n            <img decoding=\"async\" loading=\"lazy\" src=\"https:\/\/discover-culture.com\/wp-content\/uploads\/Schlossinsel_Blume.jpg\" alt=\"Schlossinsel Blume\">\n        <\/picture>\n                    <picture class=\"cwg__image\">\n            <source srcset=\"https:\/\/discover-culture.com\/wp-content\/uploads\/Schlossinsel_roeschen.webp\" type=\"image\/webp\">\n            <source srcset=\"https:\/\/discover-culture.com\/wp-content\/uploads\/Schlossinsel_roeschen.jpg\" type=\"image\/jpeg\">\n            <img decoding=\"async\" loading=\"lazy\" src=\"https:\/\/discover-culture.com\/wp-content\/uploads\/Schlossinsel_roeschen.jpg\" alt=\"Schlossinsel roeschen\">\n        <\/picture>\n    <\/div><\/section>\n\n<section id='lightpress__section--block_24d8a5392ca98bec0b1c35ffcdd6550d' class='lightpress__section lightpress__section--image'>                        <img decoding=\"async\" src=\"https:\/\/discover-culture.com\/wp-content\/uploads\/Logo_Leiste_EU.jpg\" alt=\"Logo Leiste EU\">\n<\/section>","protected":false},"excerpt":{"rendered":"","protected":false},"featured_media":4205,"template":"","meta":{"_acf_changed":false,"_relevanssi_hide_post":"","_relevanssi_hide_content":"","_relevanssi_pin_for_all":"","_relevanssi_pin_keywords":"","_relevanssi_unpin_keywords":"","_relevanssi_related_keywords":"","_relevanssi_related_include_ids":"","_relevanssi_related_exclude_ids":"","_relevanssi_related_no_append":"","_relevanssi_related_not_related":"","_relevanssi_related_posts":"3848,3841,3845,3849,3844","_relevanssi_noindex_reason":""},"product_brand":[],"product_cat":[16],"product_tag":[],"class_list":["product-available","product","first","instock","virtual","sold-individually","taxable","purchasable","product-type-bundle"],"bundled_by":[],"bundle_stock_status":"instock","bundle_stock_quantity":"","bundle_virtual":false,"bundle_layout":"default","bundle_add_to_cart_form_location":"default","bundle_editable_in_cart":false,"bundle_sold_individually_context":"product","bundle_item_grouping":"parent","bundle_min_size":"","bundle_max_size":"","bundle_price":{"price":{"min":{"incl_tax":"0","excl_tax":"0"},"max":{"incl_tax":"0","excl_tax":"0"}},"regular_price":{"min":{"incl_tax":"0","excl_tax":"0"},"max":{"incl_tax":"0","excl_tax":"0"}}},"bundled_items":[{"bundled_item_id":4,"product_id":4204,"menu_order":0,"quantity_min":1,"quantity_max":1,"quantity_default":1,"priced_individually":false,"shipped_individually":true,"override_title":false,"title":"","override_description":false,"description":"","optional":false,"hide_thumbnail":false,"discount":"","override_variations":false,"allowed_variations":[],"override_default_variation_attributes":false,"default_variation_attributes":[],"single_product_visibility":"visible","cart_visibility":"visible","order_visibility":"visible","single_product_price_visibility":"visible","cart_price_visibility":"visible","order_price_visibility":"visible","stock_status":"in_stock"},{"bundled_item_id":5,"product_id":4177,"menu_order":1,"quantity_min":1,"quantity_max":1,"quantity_default":1,"priced_individually":false,"shipped_individually":true,"override_title":false,"title":"","override_description":false,"description":"","optional":false,"hide_thumbnail":false,"discount":"","override_variations":false,"allowed_variations":[],"override_default_variation_attributes":false,"default_variation_attributes":[],"single_product_visibility":"visible","cart_visibility":"visible","order_visibility":"visible","single_product_price_visibility":"visible","cart_price_visibility":"visible","order_price_visibility":"visible","stock_status":"in_stock"}],"bundle_sell_ids":[],"acf":[],"yoast_head":"<!-- This site is optimized with the Yoast SEO Premium plugin v25.7.1 (Yoast SEO v26.8) - https:\/\/yoast.com\/product\/yoast-seo-premium-wordpress\/ -->\n<title>Nationalpark Lounge &amp; Schlossinsel - Discover-Culture<\/title>\n<meta name=\"description\" content=\"Finden Sie hier alle Informationen zum Produkt Nationalpark Lounge &amp; Schlossinsel und betreten Sie die neue Welt von Kunst und Kultur!\" \/>\n<meta name=\"robots\" content=\"index, follow, max-snippet:-1, max-image-preview:large, max-video-preview:-1\" \/>\n<link rel=\"canonical\" href=\"https:\/\/discover-culture.com\/de\/partner\/nationalpark-donau-auen\/touren\/nationalpark-lounge-schlossinsel\/\" \/>\n<meta property=\"og:locale\" content=\"de_DE\" \/>\n<meta property=\"og:type\" content=\"article\" \/>\n<meta property=\"og:title\" content=\"Nationalpark Lounge &amp; Schlossinsel\" \/>\n<meta property=\"og:description\" content=\"Finden Sie hier alle Informationen zum Produkt Nationalpark Lounge &amp; Schlossinsel und betreten Sie die neue Welt von Kunst und Kultur!\" \/>\n<meta property=\"og:url\" content=\"https:\/\/discover-culture.com\/de\/partner\/nationalpark-donau-auen\/touren\/nationalpark-lounge-schlossinsel\/\" \/>\n<meta property=\"og:site_name\" content=\"Discover-Culture\" \/>\n<meta property=\"article:modified_time\" content=\"2023-04-14T09:19:27+00:00\" \/>\n<meta property=\"og:image\" content=\"https:\/\/discover-culture.com\/wp-content\/uploads\/Schloss_Orth_Nationalpark-1.jpg\" \/>\n\t<meta property=\"og:image:width\" content=\"1500\" \/>\n\t<meta property=\"og:image:height\" content=\"991\" \/>\n\t<meta property=\"og:image:type\" content=\"image\/jpeg\" \/>\n<meta name=\"twitter:card\" content=\"summary_large_image\" \/>\n<script type=\"application\/ld+json\" class=\"yoast-schema-graph\">{\"@context\":\"https:\/\/schema.org\",\"@graph\":[{\"@type\":\"WebPage\",\"@id\":\"https:\/\/discover-culture.com\/partner\/nationalpark-donau-auen\/touren\/nationalpark-lounge-schlossinsel\/\",\"url\":\"https:\/\/discover-culture.com\/partner\/nationalpark-donau-auen\/touren\/nationalpark-lounge-schlossinsel\/\",\"name\":\"Nationalpark Lounge & Schlossinsel - Discover-Culture\",\"isPartOf\":{\"@id\":\"https:\/\/discover-culture.com\/de\/#website\"},\"primaryImageOfPage\":{\"@id\":\"https:\/\/discover-culture.com\/partner\/nationalpark-donau-auen\/touren\/nationalpark-lounge-schlossinsel\/#primaryimage\"},\"image\":{\"@id\":\"https:\/\/discover-culture.com\/partner\/nationalpark-donau-auen\/touren\/nationalpark-lounge-schlossinsel\/#primaryimage\"},\"thumbnailUrl\":\"https:\/\/discover-culture.com\/wp-content\/uploads\/Schloss_Orth_Nationalpark-1.jpg\",\"datePublished\":\"2021-10-27T06:57:43+00:00\",\"dateModified\":\"2023-04-14T09:19:27+00:00\",\"description\":\"Finden Sie hier alle Informationen zum Produkt Nationalpark Lounge & Schlossinsel und betreten Sie die neue Welt von Kunst und Kultur!\",\"breadcrumb\":{\"@id\":\"https:\/\/discover-culture.com\/partner\/nationalpark-donau-auen\/touren\/nationalpark-lounge-schlossinsel\/#breadcrumb\"},\"inLanguage\":\"de\",\"potentialAction\":[{\"@type\":\"ReadAction\",\"target\":[\"https:\/\/discover-culture.com\/partner\/nationalpark-donau-auen\/touren\/nationalpark-lounge-schlossinsel\/\"]}]},{\"@type\":\"ImageObject\",\"inLanguage\":\"de\",\"@id\":\"https:\/\/discover-culture.com\/partner\/nationalpark-donau-auen\/touren\/nationalpark-lounge-schlossinsel\/#primaryimage\",\"url\":\"https:\/\/discover-culture.com\/wp-content\/uploads\/Schloss_Orth_Nationalpark-1.jpg\",\"contentUrl\":\"https:\/\/discover-culture.com\/wp-content\/uploads\/Schloss_Orth_Nationalpark-1.jpg\",\"width\":1500,\"height\":991,\"caption\":\"Schloss Orth Nationalpark 1\"},{\"@type\":\"BreadcrumbList\",\"@id\":\"https:\/\/discover-culture.com\/partner\/nationalpark-donau-auen\/touren\/nationalpark-lounge-schlossinsel\/#breadcrumb\",\"itemListElement\":[{\"@type\":\"ListItem\",\"position\":1,\"name\":\"Home\",\"item\":\"https:\/\/discover-culture.com\/\"},{\"@type\":\"ListItem\",\"position\":2,\"name\":\"Produkte\",\"item\":\"https:\/\/discover-culture.com\/de\/shop\/\"},{\"@type\":\"ListItem\",\"position\":3,\"name\":\"Nationalpark Lounge &#038; Schlossinsel\"}]},{\"@type\":\"WebSite\",\"@id\":\"https:\/\/discover-culture.com\/de\/#website\",\"url\":\"https:\/\/discover-culture.com\/de\/\",\"name\":\"Discover-Culture\",\"description\":\"\",\"potentialAction\":[{\"@type\":\"SearchAction\",\"target\":{\"@type\":\"EntryPoint\",\"urlTemplate\":\"https:\/\/discover-culture.com\/de\/?s={search_term_string}\"},\"query-input\":{\"@type\":\"PropertyValueSpecification\",\"valueRequired\":true,\"valueName\":\"search_term_string\"}}],\"inLanguage\":\"de\"}]}<\/script>\n<!-- \/ Yoast SEO Premium plugin. -->","yoast_head_json":{"title":"Nationalpark Lounge & Schlossinsel - Discover-Culture","description":"Finden Sie hier alle Informationen zum Produkt Nationalpark Lounge & Schlossinsel und betreten Sie die neue Welt von Kunst und Kultur!","robots":{"index":"index","follow":"follow","max-snippet":"max-snippet:-1","max-image-preview":"max-image-preview:large","max-video-preview":"max-video-preview:-1"},"canonical":"https:\/\/discover-culture.com\/de\/partner\/nationalpark-donau-auen\/touren\/nationalpark-lounge-schlossinsel\/","og_locale":"de_DE","og_type":"article","og_title":"Nationalpark Lounge & Schlossinsel","og_description":"Finden Sie hier alle Informationen zum Produkt Nationalpark Lounge & Schlossinsel und betreten Sie die neue Welt von Kunst und Kultur!","og_url":"https:\/\/discover-culture.com\/de\/partner\/nationalpark-donau-auen\/touren\/nationalpark-lounge-schlossinsel\/","og_site_name":"Discover-Culture","article_modified_time":"2023-04-14T09:19:27+00:00","og_image":[{"width":1500,"height":991,"url":"https:\/\/discover-culture.com\/wp-content\/uploads\/Schloss_Orth_Nationalpark-1.jpg","type":"image\/jpeg"}],"twitter_card":"summary_large_image","schema":{"@context":"https:\/\/schema.org","@graph":[{"@type":"WebPage","@id":"https:\/\/discover-culture.com\/partner\/nationalpark-donau-auen\/touren\/nationalpark-lounge-schlossinsel\/","url":"https:\/\/discover-culture.com\/partner\/nationalpark-donau-auen\/touren\/nationalpark-lounge-schlossinsel\/","name":"Nationalpark Lounge & Schlossinsel - Discover-Culture","isPartOf":{"@id":"https:\/\/discover-culture.com\/de\/#website"},"primaryImageOfPage":{"@id":"https:\/\/discover-culture.com\/partner\/nationalpark-donau-auen\/touren\/nationalpark-lounge-schlossinsel\/#primaryimage"},"image":{"@id":"https:\/\/discover-culture.com\/partner\/nationalpark-donau-auen\/touren\/nationalpark-lounge-schlossinsel\/#primaryimage"},"thumbnailUrl":"https:\/\/discover-culture.com\/wp-content\/uploads\/Schloss_Orth_Nationalpark-1.jpg","datePublished":"2021-10-27T06:57:43+00:00","dateModified":"2023-04-14T09:19:27+00:00","description":"Finden Sie hier alle Informationen zum Produkt Nationalpark Lounge & Schlossinsel und betreten Sie die neue Welt von Kunst und Kultur!","breadcrumb":{"@id":"https:\/\/discover-culture.com\/partner\/nationalpark-donau-auen\/touren\/nationalpark-lounge-schlossinsel\/#breadcrumb"},"inLanguage":"de","potentialAction":[{"@type":"ReadAction","target":["https:\/\/discover-culture.com\/partner\/nationalpark-donau-auen\/touren\/nationalpark-lounge-schlossinsel\/"]}]},{"@type":"ImageObject","inLanguage":"de","@id":"https:\/\/discover-culture.com\/partner\/nationalpark-donau-auen\/touren\/nationalpark-lounge-schlossinsel\/#primaryimage","url":"https:\/\/discover-culture.com\/wp-content\/uploads\/Schloss_Orth_Nationalpark-1.jpg","contentUrl":"https:\/\/discover-culture.com\/wp-content\/uploads\/Schloss_Orth_Nationalpark-1.jpg","width":1500,"height":991,"caption":"Schloss Orth Nationalpark 1"},{"@type":"BreadcrumbList","@id":"https:\/\/discover-culture.com\/partner\/nationalpark-donau-auen\/touren\/nationalpark-lounge-schlossinsel\/#breadcrumb","itemListElement":[{"@type":"ListItem","position":1,"name":"Home","item":"https:\/\/discover-culture.com\/"},{"@type":"ListItem","position":2,"name":"Produkte","item":"https:\/\/discover-culture.com\/de\/shop\/"},{"@type":"ListItem","position":3,"name":"Nationalpark Lounge &#038; Schlossinsel"}]},{"@type":"WebSite","@id":"https:\/\/discover-culture.com\/de\/#website","url":"https:\/\/discover-culture.com\/de\/","name":"Discover-Culture","description":"","potentialAction":[{"@type":"SearchAction","target":{"@type":"EntryPoint","urlTemplate":"https:\/\/discover-culture.com\/de\/?s={search_term_string}"},"query-input":{"@type":"PropertyValueSpecification","valueRequired":true,"valueName":"search_term_string"}}],"inLanguage":"de"}]}},"_links":{"self":[{"href":"https:\/\/discover-culture.com\/de\/wp-json\/wp\/v2\/product\/4544","targetHints":{"allow":["GET"]}}],"collection":[{"href":"https:\/\/discover-culture.com\/de\/wp-json\/wp\/v2\/product"}],"about":[{"href":"https:\/\/discover-culture.com\/de\/wp-json\/wp\/v2\/types\/product"}],"wp:featuredmedia":[{"embeddable":true,"href":"https:\/\/discover-culture.com\/de\/wp-json\/wp\/v2\/media\/4205"}],"wp:attachment":[{"href":"https:\/\/discover-culture.com\/de\/wp-json\/wp\/v2\/media?parent=4544"}],"wp:term":[{"taxonomy":"product_brand","embeddable":true,"href":"https:\/\/discover-culture.com\/de\/wp-json\/wp\/v2\/product_brand?post=4544"},{"taxonomy":"product_cat","embeddable":true,"href":"https:\/\/discover-culture.com\/de\/wp-json\/wp\/v2\/product_cat?post=4544"},{"taxonomy":"product_tag","embeddable":true,"href":"https:\/\/discover-culture.com\/de\/wp-json\/wp\/v2\/product_tag?post=4544"}],"curies":[{"name":"wp","href":"https:\/\/api.w.org\/{rel}","templated":true}]}}