{"id":430,"date":"2021-06-23T12:38:26","date_gmt":"2021-06-23T10:38:26","guid":{"rendered":"https:\/\/discover-culture.com\/partner\/\/touren\/"},"modified":"2023-04-14T11:29:53","modified_gmt":"2023-04-14T09:29:53","slug":"dom-zu-gurk","status":"publish","type":"product","link":"https:\/\/discover-culture.com\/partner\/dom-zu-gurk\/touren\/dom-zu-gurk","title":{"rendered":"Dom zu Gurk"},"content":{"rendered":"<section id='lightpress__section--block_0685fbe3e7010cb62d00852793bcc3b0' class='lightpress__section lightpress__section--content'><div class=\"content__grid content__grid\">\n    <div class=\"content__box content__box--one-hundred\">\n                                                        <h3>Dom zu Gurk<\/h3>\n<p>In herausragender 360 Grad und 3D-Qualit\u00e4t ist es m\u00f6glich, diesen aussergew\u00f6hnlichen Dom in seiner Einzigartigkeit zu erforschen.<\/p>\n\n                                        <\/div>\n    <\/div><\/section>\n\n<section id='lightpress__section--block_e63e6ac0ab68c0a549761f027c9b8de6' class='lightpress__section lightpress__section--content'><div class=\"content__grid content__grid--fifty-fifty\">\n    <div class=\"content__box content__box\">\n                                                        <h3 class=\"text-image__heading\">Das Grab der Hemma von Gurk<\/h3>\n<p>Die mit 100 S\u00e4ulen gestaltete Krypta ist der \u00e4lteste Teil der Kirche.<\/p>\n<p>Im Jahr ihrer Weihe 1174 wurde das Grab der heiligen Hemma von Gurk dorthin verlegt.<\/p>\n\n                                        <\/div>\n            <div class=\"content__box content__box\">\n                                                                    <img decoding=\"async\" class=\"content__image\" src=\"https:\/\/discover-culture.com\/wp-content\/uploads\/Hemma-von-Gurk_Grab.jpg\" alt=\"Hemma von Gurk Grab\" loading=\"lazy\">\n                                                        <\/div>\n    <\/div><\/section>\n\n<section id='lightpress__section--block_0eec49ecd20ccae57c666bf829544437' class='lightpress__section lightpress__section--content'><div class=\"content__grid content__grid--fifty-fifty\">\n    <div class=\"content__box content__box\">\n                                                    <img decoding=\"async\" class=\"content__image\" src=\"https:\/\/discover-culture.com\/wp-content\/uploads\/Dom_Gurk_altar.jpg\" alt=\"Dom Gurk altar\" loading=\"lazy\">\n                                        <\/div>\n            <div class=\"content__box content__box\">\n                                                                        <h3>Der Hochaltar<\/h3>\n<p>Der Hochaltar wurde von dem s\u00e4chsischen Bildhauer Michael H\u00f6nel 1625\u20131632 geschaffen und 1654 von Johann Seitlinger gro\u00dfteils in Gold gefasst.<\/p>\n<p>Mit einer H\u00f6he von 16 Metern und einer Breite von fast neun Metern f\u00fcllt er die Hauptapsis ganz aus. Er enth\u00e4lt 72 Vollfiguren und 82 Engelsk\u00f6pfe.<\/p>\n<p>Die Altarmensa stammt noch vom romanischen Hochaltar und hat eine mit Kosmatendekor verzierte Verkleidung aus der Zeit um 1200, ein au\u00dferhalb Italiens selten zu sehender Dekor.<\/p>\n\n                                                        <\/div>\n    <\/div><\/section>\n\n<section id='lightpress__section--block_8e41f9cc5c0af23f1369c8e79116027d' class='lightpress__section--full-width lightpress__section lightpress__section--section-add-to-cart'><\/section>","protected":false},"excerpt":{"rendered":"<p>Machen Sie sich auf einen virtuellen Rundgang durch die zwischen 1140 und 1200 im hochromanischen Stil erbaute Basilika.<\/p>\n","protected":false},"featured_media":402,"template":"","meta":{"_acf_changed":false,"_relevanssi_hide_post":"","_relevanssi_hide_content":"","_relevanssi_pin_for_all":"","_relevanssi_pin_keywords":"","_relevanssi_unpin_keywords":"","_relevanssi_related_keywords":"","_relevanssi_related_include_ids":"","_relevanssi_related_exclude_ids":"","_relevanssi_related_no_append":"","_relevanssi_related_not_related":"","_relevanssi_related_posts":"3848,3845,3849,3844,3841","_relevanssi_noindex_reason":""},"product_brand":[],"product_cat":[16],"product_tag":[],"class_list":["product-available","product","first","instock","virtual","sold-individually","taxable","purchasable","product-type-simple"],"bundled_by":[],"bundle_stock_status":"instock","bundle_stock_quantity":null,"bundle_virtual":false,"bundle_layout":"","bundle_add_to_cart_form_location":"","bundle_editable_in_cart":false,"bundle_sold_individually_context":"","bundle_item_grouping":"","bundle_min_size":"","bundle_max_size":"","bundle_price":[],"bundled_items":[],"bundle_sell_ids":[],"acf":[],"yoast_head":"<!-- This site is optimized with the Yoast SEO Premium plugin v25.7.1 (Yoast SEO v26.8) - https:\/\/yoast.com\/product\/yoast-seo-premium-wordpress\/ -->\n<title>Dom zu Gurk - Discover-Culture<\/title>\n<meta name=\"description\" content=\"Finden Sie hier alle Informationen zum Produkt Dom zu Gurk und betreten Sie die neue Welt von Kunst und Kultur!\" \/>\n<meta name=\"robots\" content=\"index, follow, max-snippet:-1, max-image-preview:large, max-video-preview:-1\" \/>\n<link rel=\"canonical\" href=\"https:\/\/discover-culture.com\/de\/partner\/dom-zu-gurk\/touren\/dom-zu-gurk\/\" \/>\n<meta property=\"og:locale\" content=\"de_DE\" \/>\n<meta property=\"og:type\" content=\"article\" \/>\n<meta property=\"og:title\" content=\"Dom zu Gurk\" \/>\n<meta property=\"og:description\" content=\"Finden Sie hier alle Informationen zum Produkt Dom zu Gurk und betreten Sie die neue Welt von Kunst und Kultur!\" \/>\n<meta property=\"og:url\" content=\"https:\/\/discover-culture.com\/de\/partner\/dom-zu-gurk\/touren\/dom-zu-gurk\/\" \/>\n<meta property=\"og:site_name\" content=\"Discover-Culture\" \/>\n<meta property=\"article:modified_time\" content=\"2023-04-14T09:29:53+00:00\" \/>\n<meta property=\"og:image\" content=\"https:\/\/discover-culture.com\/wp-content\/uploads\/Gurk_Cathedral.jpg\" \/>\n\t<meta property=\"og:image:width\" content=\"1200\" \/>\n\t<meta property=\"og:image:height\" content=\"1600\" \/>\n\t<meta property=\"og:image:type\" content=\"image\/jpeg\" \/>\n<meta name=\"twitter:card\" content=\"summary_large_image\" \/>\n<script type=\"application\/ld+json\" class=\"yoast-schema-graph\">{\"@context\":\"https:\/\/schema.org\",\"@graph\":[{\"@type\":\"WebPage\",\"@id\":\"https:\/\/discover-culture.com\/partner\/dom-zu-gurk\/touren\/dom-zu-gurk\/\",\"url\":\"https:\/\/discover-culture.com\/partner\/dom-zu-gurk\/touren\/dom-zu-gurk\/\",\"name\":\"Dom zu Gurk - Discover-Culture\",\"isPartOf\":{\"@id\":\"https:\/\/discover-culture.com\/de\/#website\"},\"primaryImageOfPage\":{\"@id\":\"https:\/\/discover-culture.com\/partner\/dom-zu-gurk\/touren\/dom-zu-gurk\/#primaryimage\"},\"image\":{\"@id\":\"https:\/\/discover-culture.com\/partner\/dom-zu-gurk\/touren\/dom-zu-gurk\/#primaryimage\"},\"thumbnailUrl\":\"https:\/\/discover-culture.com\/wp-content\/uploads\/Gurk_Cathedral.jpg\",\"datePublished\":\"2021-06-23T10:38:26+00:00\",\"dateModified\":\"2023-04-14T09:29:53+00:00\",\"description\":\"Finden Sie hier alle Informationen zum Produkt Dom zu Gurk und betreten Sie die neue Welt von Kunst und Kultur!\",\"breadcrumb\":{\"@id\":\"https:\/\/discover-culture.com\/partner\/dom-zu-gurk\/touren\/dom-zu-gurk\/#breadcrumb\"},\"inLanguage\":\"de\",\"potentialAction\":[{\"@type\":\"ReadAction\",\"target\":[\"https:\/\/discover-culture.com\/partner\/dom-zu-gurk\/touren\/dom-zu-gurk\/\"]}]},{\"@type\":\"ImageObject\",\"inLanguage\":\"de\",\"@id\":\"https:\/\/discover-culture.com\/partner\/dom-zu-gurk\/touren\/dom-zu-gurk\/#primaryimage\",\"url\":\"https:\/\/discover-culture.com\/wp-content\/uploads\/Gurk_Cathedral.jpg\",\"contentUrl\":\"https:\/\/discover-culture.com\/wp-content\/uploads\/Gurk_Cathedral.jpg\",\"width\":1200,\"height\":1600,\"caption\":\"Gurk Cathedral\"},{\"@type\":\"BreadcrumbList\",\"@id\":\"https:\/\/discover-culture.com\/partner\/dom-zu-gurk\/touren\/dom-zu-gurk\/#breadcrumb\",\"itemListElement\":[{\"@type\":\"ListItem\",\"position\":1,\"name\":\"Home\",\"item\":\"https:\/\/discover-culture.com\/\"},{\"@type\":\"ListItem\",\"position\":2,\"name\":\"Produkte\",\"item\":\"https:\/\/discover-culture.com\/de\/shop\/\"},{\"@type\":\"ListItem\",\"position\":3,\"name\":\"Dom zu Gurk\"}]},{\"@type\":\"WebSite\",\"@id\":\"https:\/\/discover-culture.com\/de\/#website\",\"url\":\"https:\/\/discover-culture.com\/de\/\",\"name\":\"Discover-Culture\",\"description\":\"\",\"potentialAction\":[{\"@type\":\"SearchAction\",\"target\":{\"@type\":\"EntryPoint\",\"urlTemplate\":\"https:\/\/discover-culture.com\/de\/?s={search_term_string}\"},\"query-input\":{\"@type\":\"PropertyValueSpecification\",\"valueRequired\":true,\"valueName\":\"search_term_string\"}}],\"inLanguage\":\"de\"}]}<\/script>\n<!-- \/ Yoast SEO Premium plugin. -->","yoast_head_json":{"title":"Dom zu Gurk - Discover-Culture","description":"Finden Sie hier alle Informationen zum Produkt Dom zu Gurk und betreten Sie die neue Welt von Kunst und Kultur!","robots":{"index":"index","follow":"follow","max-snippet":"max-snippet:-1","max-image-preview":"max-image-preview:large","max-video-preview":"max-video-preview:-1"},"canonical":"https:\/\/discover-culture.com\/de\/partner\/dom-zu-gurk\/touren\/dom-zu-gurk\/","og_locale":"de_DE","og_type":"article","og_title":"Dom zu Gurk","og_description":"Finden Sie hier alle Informationen zum Produkt Dom zu Gurk und betreten Sie die neue Welt von Kunst und Kultur!","og_url":"https:\/\/discover-culture.com\/de\/partner\/dom-zu-gurk\/touren\/dom-zu-gurk\/","og_site_name":"Discover-Culture","article_modified_time":"2023-04-14T09:29:53+00:00","og_image":[{"width":1200,"height":1600,"url":"https:\/\/discover-culture.com\/wp-content\/uploads\/Gurk_Cathedral.jpg","type":"image\/jpeg"}],"twitter_card":"summary_large_image","schema":{"@context":"https:\/\/schema.org","@graph":[{"@type":"WebPage","@id":"https:\/\/discover-culture.com\/partner\/dom-zu-gurk\/touren\/dom-zu-gurk\/","url":"https:\/\/discover-culture.com\/partner\/dom-zu-gurk\/touren\/dom-zu-gurk\/","name":"Dom zu Gurk - Discover-Culture","isPartOf":{"@id":"https:\/\/discover-culture.com\/de\/#website"},"primaryImageOfPage":{"@id":"https:\/\/discover-culture.com\/partner\/dom-zu-gurk\/touren\/dom-zu-gurk\/#primaryimage"},"image":{"@id":"https:\/\/discover-culture.com\/partner\/dom-zu-gurk\/touren\/dom-zu-gurk\/#primaryimage"},"thumbnailUrl":"https:\/\/discover-culture.com\/wp-content\/uploads\/Gurk_Cathedral.jpg","datePublished":"2021-06-23T10:38:26+00:00","dateModified":"2023-04-14T09:29:53+00:00","description":"Finden Sie hier alle Informationen zum Produkt Dom zu Gurk und betreten Sie die neue Welt von Kunst und Kultur!","breadcrumb":{"@id":"https:\/\/discover-culture.com\/partner\/dom-zu-gurk\/touren\/dom-zu-gurk\/#breadcrumb"},"inLanguage":"de","potentialAction":[{"@type":"ReadAction","target":["https:\/\/discover-culture.com\/partner\/dom-zu-gurk\/touren\/dom-zu-gurk\/"]}]},{"@type":"ImageObject","inLanguage":"de","@id":"https:\/\/discover-culture.com\/partner\/dom-zu-gurk\/touren\/dom-zu-gurk\/#primaryimage","url":"https:\/\/discover-culture.com\/wp-content\/uploads\/Gurk_Cathedral.jpg","contentUrl":"https:\/\/discover-culture.com\/wp-content\/uploads\/Gurk_Cathedral.jpg","width":1200,"height":1600,"caption":"Gurk Cathedral"},{"@type":"BreadcrumbList","@id":"https:\/\/discover-culture.com\/partner\/dom-zu-gurk\/touren\/dom-zu-gurk\/#breadcrumb","itemListElement":[{"@type":"ListItem","position":1,"name":"Home","item":"https:\/\/discover-culture.com\/"},{"@type":"ListItem","position":2,"name":"Produkte","item":"https:\/\/discover-culture.com\/de\/shop\/"},{"@type":"ListItem","position":3,"name":"Dom zu Gurk"}]},{"@type":"WebSite","@id":"https:\/\/discover-culture.com\/de\/#website","url":"https:\/\/discover-culture.com\/de\/","name":"Discover-Culture","description":"","potentialAction":[{"@type":"SearchAction","target":{"@type":"EntryPoint","urlTemplate":"https:\/\/discover-culture.com\/de\/?s={search_term_string}"},"query-input":{"@type":"PropertyValueSpecification","valueRequired":true,"valueName":"search_term_string"}}],"inLanguage":"de"}]}},"_links":{"self":[{"href":"https:\/\/discover-culture.com\/de\/wp-json\/wp\/v2\/product\/430","targetHints":{"allow":["GET"]}}],"collection":[{"href":"https:\/\/discover-culture.com\/de\/wp-json\/wp\/v2\/product"}],"about":[{"href":"https:\/\/discover-culture.com\/de\/wp-json\/wp\/v2\/types\/product"}],"wp:featuredmedia":[{"embeddable":true,"href":"https:\/\/discover-culture.com\/de\/wp-json\/wp\/v2\/media\/402"}],"wp:attachment":[{"href":"https:\/\/discover-culture.com\/de\/wp-json\/wp\/v2\/media?parent=430"}],"wp:term":[{"taxonomy":"product_brand","embeddable":true,"href":"https:\/\/discover-culture.com\/de\/wp-json\/wp\/v2\/product_brand?post=430"},{"taxonomy":"product_cat","embeddable":true,"href":"https:\/\/discover-culture.com\/de\/wp-json\/wp\/v2\/product_cat?post=430"},{"taxonomy":"product_tag","embeddable":true,"href":"https:\/\/discover-culture.com\/de\/wp-json\/wp\/v2\/product_tag?post=430"}],"curies":[{"name":"wp","href":"https:\/\/api.w.org\/{rel}","templated":true}]}}