{"id":426,"date":"2021-06-23T12:13:24","date_gmt":"2021-06-23T10:13:24","guid":{"rendered":"https:\/\/discover-culture.com\/partner\/\/touren\/"},"modified":"2023-04-14T11:30:27","modified_gmt":"2023-04-14T09:30:27","slug":"stiftsbibliothek","status":"publish","type":"product","link":"https:\/\/discover-culture.com\/partner\/stift-wilten\/touren\/stiftsbibliothek","title":{"rendered":"Stiftsbibliothek"},"content":{"rendered":"<section id='lightpress__section--block_93372b70f3feaa189c16a8ef10a5875a' class='lightpress__section lightpress__section--content'><div class=\"content__grid content__grid\">\n    <div class=\"content__box content__box--one-hundred\">\n                                                        <h3>Stiftsbibliothek<\/h3>\n<p>Die Bibliothek des Stiftes Wilten dient als wissenschaftliche Bibliothek,als Studienbibliothek sowie zur hausinternen Verwendung. Sammelgebiete: Tirolensia, Wiltinensia, Pr\u00e4monstratensia, Theologie, Kunst und Geschichte.<\/p>\n\n                                        <\/div>\n    <\/div><\/section>\n\n<section id='lightpress__section--block_d783c1abd320f4d7d7867e9bd26967ca' class='lightpress__section lightpress__section--content'><div class=\"content__grid content__grid--fifty-fifty\">\n    <div class=\"content__box content__box\">\n                                                        <div class=\"text-image__text-container \">\n<div class=\"text-image__text-inner\">\n<div class=\"text-image__excerpt\">\n<h3>Aus der Historie<\/h3>\n<p>Eine Klosterbibliothek ist schon f\u00fcr die fr\u00fcheste Zeit des 1138 von Papst Innozenz II. best\u00e4tigten Pr\u00e4monstratenserstiftes Wilten bezeugt. In einer Schenkungsurkunde aus dem Jahr 1140, deren Echtheit nicht best\u00e4tig ist, werden neben liturgischen Ger\u00e4ten auch B\u00fccher angef\u00fchrt.<\/p>\n<\/div>\n<\/div>\n<\/div>\n\n                                        <\/div>\n            <div class=\"content__box content__box\">\n                                                                    <img decoding=\"async\" class=\"content__image\" src=\"https:\/\/discover-culture.com\/wp-content\/uploads\/Bibliothek-Stift-Wilten.jpg\" alt=\"Bibliothek Stift Wilten\" loading=\"lazy\">\n                                                        <\/div>\n    <\/div><\/section>\n\n<section id='lightpress__section--block_1be8131999841ec70b56e3b89751e662' class='lightpress__section lightpress__section--content'><div class=\"content__grid content__grid--fifty-fifty\">\n    <div class=\"content__box content__box\">\n                                                        <div class=\"text-image__text-container \">\n<div class=\"text-image__text-inner\">\n<h3 class=\"text-image__excerpt\">Bestandsgeschichte<\/h3>\n<p>Aus dem 14. und 15. Jh sind noch einige Hss. und zahlreiche Inkunabeln vorhanden. Dar\u00fcber hinaus gibt es Nachrichten \u00fcber Buchentlehnungen und die Namen einiger Schreiber aus dem Wiltener Skriptorium.<\/p>\n<\/div>\n<\/div>\n\n                                        <\/div>\n            <div class=\"content__box content__box\">\n                                                                    <img decoding=\"async\" class=\"content__image\" src=\"https:\/\/discover-culture.com\/wp-content\/uploads\/Bibliothek_Buecher.jpg\" alt=\"Bibliothek Buecher\" loading=\"lazy\">\n                                                        <\/div>\n    <\/div><\/section>","protected":false},"excerpt":{"rendered":"<p>Der barocke Raum bewahrt unbezahlbares Wissen: Die Bibliothek umfasst ca. 60.000 B\u00e4nde, 34 Handschriften, 253 Inkunabeln.<\/p>\n","protected":false},"featured_media":411,"template":"","meta":{"_acf_changed":false,"_relevanssi_hide_post":"","_relevanssi_hide_content":"","_relevanssi_pin_for_all":"","_relevanssi_pin_keywords":"","_relevanssi_unpin_keywords":"","_relevanssi_related_keywords":"","_relevanssi_related_include_ids":"","_relevanssi_related_exclude_ids":"","_relevanssi_related_no_append":"","_relevanssi_related_not_related":"","_relevanssi_related_posts":"3845,3841,3848,3844,3849","_relevanssi_noindex_reason":""},"product_brand":[],"product_cat":[16],"product_tag":[],"class_list":["product-available","product","first","instock","virtual","sold-individually","taxable","purchasable","product-type-simple"],"bundled_by":[],"bundle_stock_status":"instock","bundle_stock_quantity":null,"bundle_virtual":false,"bundle_layout":"","bundle_add_to_cart_form_location":"","bundle_editable_in_cart":false,"bundle_sold_individually_context":"","bundle_item_grouping":"","bundle_min_size":"","bundle_max_size":"","bundle_price":[],"bundled_items":[],"bundle_sell_ids":[],"acf":[],"yoast_head":"<!-- This site is optimized with the Yoast SEO Premium plugin v25.7.1 (Yoast SEO v26.8) - https:\/\/yoast.com\/product\/yoast-seo-premium-wordpress\/ -->\n<title>Stiftsbibliothek - Discover-Culture<\/title>\n<meta name=\"description\" content=\"Finden Sie hier alle Informationen zum Produkt Stiftsbibliothek und betreten Sie die neue Welt von Kunst und Kultur!\" \/>\n<meta name=\"robots\" content=\"index, follow, max-snippet:-1, max-image-preview:large, max-video-preview:-1\" \/>\n<link rel=\"canonical\" href=\"https:\/\/discover-culture.com\/de\/partner\/stift-wilten\/touren\/stiftsbibliothek\/\" \/>\n<meta property=\"og:locale\" content=\"de_DE\" \/>\n<meta property=\"og:type\" content=\"article\" \/>\n<meta property=\"og:title\" content=\"Stiftsbibliothek\" \/>\n<meta property=\"og:description\" content=\"Finden Sie hier alle Informationen zum Produkt Stiftsbibliothek und betreten Sie die neue Welt von Kunst und Kultur!\" \/>\n<meta property=\"og:url\" content=\"https:\/\/discover-culture.com\/de\/partner\/stift-wilten\/touren\/stiftsbibliothek\/\" \/>\n<meta property=\"og:site_name\" content=\"Discover-Culture\" \/>\n<meta property=\"article:modified_time\" content=\"2023-04-14T09:30:27+00:00\" \/>\n<meta property=\"og:image\" content=\"https:\/\/discover-culture.com\/wp-content\/uploads\/Bibliothek_Uebersicht.jpg\" \/>\n\t<meta property=\"og:image:width\" content=\"1366\" \/>\n\t<meta property=\"og:image:height\" content=\"768\" \/>\n\t<meta property=\"og:image:type\" content=\"image\/jpeg\" \/>\n<meta name=\"twitter:card\" content=\"summary_large_image\" \/>\n<script type=\"application\/ld+json\" class=\"yoast-schema-graph\">{\"@context\":\"https:\/\/schema.org\",\"@graph\":[{\"@type\":\"WebPage\",\"@id\":\"https:\/\/discover-culture.com\/partner\/stift-wilten\/touren\/stiftsbibliothek\/\",\"url\":\"https:\/\/discover-culture.com\/partner\/stift-wilten\/touren\/stiftsbibliothek\/\",\"name\":\"Stiftsbibliothek - Discover-Culture\",\"isPartOf\":{\"@id\":\"https:\/\/discover-culture.com\/de\/#website\"},\"primaryImageOfPage\":{\"@id\":\"https:\/\/discover-culture.com\/partner\/stift-wilten\/touren\/stiftsbibliothek\/#primaryimage\"},\"image\":{\"@id\":\"https:\/\/discover-culture.com\/partner\/stift-wilten\/touren\/stiftsbibliothek\/#primaryimage\"},\"thumbnailUrl\":\"https:\/\/discover-culture.com\/wp-content\/uploads\/Bibliothek_Uebersicht.jpg\",\"datePublished\":\"2021-06-23T10:13:24+00:00\",\"dateModified\":\"2023-04-14T09:30:27+00:00\",\"description\":\"Finden Sie hier alle Informationen zum Produkt Stiftsbibliothek und betreten Sie die neue Welt von Kunst und Kultur!\",\"breadcrumb\":{\"@id\":\"https:\/\/discover-culture.com\/partner\/stift-wilten\/touren\/stiftsbibliothek\/#breadcrumb\"},\"inLanguage\":\"de\",\"potentialAction\":[{\"@type\":\"ReadAction\",\"target\":[\"https:\/\/discover-culture.com\/partner\/stift-wilten\/touren\/stiftsbibliothek\/\"]}]},{\"@type\":\"ImageObject\",\"inLanguage\":\"de\",\"@id\":\"https:\/\/discover-culture.com\/partner\/stift-wilten\/touren\/stiftsbibliothek\/#primaryimage\",\"url\":\"https:\/\/discover-culture.com\/wp-content\/uploads\/Bibliothek_Uebersicht.jpg\",\"contentUrl\":\"https:\/\/discover-culture.com\/wp-content\/uploads\/Bibliothek_Uebersicht.jpg\",\"width\":1366,\"height\":768,\"caption\":\"Bibliothek Uebersicht\"},{\"@type\":\"BreadcrumbList\",\"@id\":\"https:\/\/discover-culture.com\/partner\/stift-wilten\/touren\/stiftsbibliothek\/#breadcrumb\",\"itemListElement\":[{\"@type\":\"ListItem\",\"position\":1,\"name\":\"Home\",\"item\":\"https:\/\/discover-culture.com\/\"},{\"@type\":\"ListItem\",\"position\":2,\"name\":\"Produkte\",\"item\":\"https:\/\/discover-culture.com\/de\/shop\/\"},{\"@type\":\"ListItem\",\"position\":3,\"name\":\"Stiftsbibliothek\"}]},{\"@type\":\"WebSite\",\"@id\":\"https:\/\/discover-culture.com\/de\/#website\",\"url\":\"https:\/\/discover-culture.com\/de\/\",\"name\":\"Discover-Culture\",\"description\":\"\",\"potentialAction\":[{\"@type\":\"SearchAction\",\"target\":{\"@type\":\"EntryPoint\",\"urlTemplate\":\"https:\/\/discover-culture.com\/de\/?s={search_term_string}\"},\"query-input\":{\"@type\":\"PropertyValueSpecification\",\"valueRequired\":true,\"valueName\":\"search_term_string\"}}],\"inLanguage\":\"de\"}]}<\/script>\n<!-- \/ Yoast SEO Premium plugin. -->","yoast_head_json":{"title":"Stiftsbibliothek - Discover-Culture","description":"Finden Sie hier alle Informationen zum Produkt Stiftsbibliothek und betreten Sie die neue Welt von Kunst und Kultur!","robots":{"index":"index","follow":"follow","max-snippet":"max-snippet:-1","max-image-preview":"max-image-preview:large","max-video-preview":"max-video-preview:-1"},"canonical":"https:\/\/discover-culture.com\/de\/partner\/stift-wilten\/touren\/stiftsbibliothek\/","og_locale":"de_DE","og_type":"article","og_title":"Stiftsbibliothek","og_description":"Finden Sie hier alle Informationen zum Produkt Stiftsbibliothek und betreten Sie die neue Welt von Kunst und Kultur!","og_url":"https:\/\/discover-culture.com\/de\/partner\/stift-wilten\/touren\/stiftsbibliothek\/","og_site_name":"Discover-Culture","article_modified_time":"2023-04-14T09:30:27+00:00","og_image":[{"width":1366,"height":768,"url":"https:\/\/discover-culture.com\/wp-content\/uploads\/Bibliothek_Uebersicht.jpg","type":"image\/jpeg"}],"twitter_card":"summary_large_image","schema":{"@context":"https:\/\/schema.org","@graph":[{"@type":"WebPage","@id":"https:\/\/discover-culture.com\/partner\/stift-wilten\/touren\/stiftsbibliothek\/","url":"https:\/\/discover-culture.com\/partner\/stift-wilten\/touren\/stiftsbibliothek\/","name":"Stiftsbibliothek - Discover-Culture","isPartOf":{"@id":"https:\/\/discover-culture.com\/de\/#website"},"primaryImageOfPage":{"@id":"https:\/\/discover-culture.com\/partner\/stift-wilten\/touren\/stiftsbibliothek\/#primaryimage"},"image":{"@id":"https:\/\/discover-culture.com\/partner\/stift-wilten\/touren\/stiftsbibliothek\/#primaryimage"},"thumbnailUrl":"https:\/\/discover-culture.com\/wp-content\/uploads\/Bibliothek_Uebersicht.jpg","datePublished":"2021-06-23T10:13:24+00:00","dateModified":"2023-04-14T09:30:27+00:00","description":"Finden Sie hier alle Informationen zum Produkt Stiftsbibliothek und betreten Sie die neue Welt von Kunst und Kultur!","breadcrumb":{"@id":"https:\/\/discover-culture.com\/partner\/stift-wilten\/touren\/stiftsbibliothek\/#breadcrumb"},"inLanguage":"de","potentialAction":[{"@type":"ReadAction","target":["https:\/\/discover-culture.com\/partner\/stift-wilten\/touren\/stiftsbibliothek\/"]}]},{"@type":"ImageObject","inLanguage":"de","@id":"https:\/\/discover-culture.com\/partner\/stift-wilten\/touren\/stiftsbibliothek\/#primaryimage","url":"https:\/\/discover-culture.com\/wp-content\/uploads\/Bibliothek_Uebersicht.jpg","contentUrl":"https:\/\/discover-culture.com\/wp-content\/uploads\/Bibliothek_Uebersicht.jpg","width":1366,"height":768,"caption":"Bibliothek Uebersicht"},{"@type":"BreadcrumbList","@id":"https:\/\/discover-culture.com\/partner\/stift-wilten\/touren\/stiftsbibliothek\/#breadcrumb","itemListElement":[{"@type":"ListItem","position":1,"name":"Home","item":"https:\/\/discover-culture.com\/"},{"@type":"ListItem","position":2,"name":"Produkte","item":"https:\/\/discover-culture.com\/de\/shop\/"},{"@type":"ListItem","position":3,"name":"Stiftsbibliothek"}]},{"@type":"WebSite","@id":"https:\/\/discover-culture.com\/de\/#website","url":"https:\/\/discover-culture.com\/de\/","name":"Discover-Culture","description":"","potentialAction":[{"@type":"SearchAction","target":{"@type":"EntryPoint","urlTemplate":"https:\/\/discover-culture.com\/de\/?s={search_term_string}"},"query-input":{"@type":"PropertyValueSpecification","valueRequired":true,"valueName":"search_term_string"}}],"inLanguage":"de"}]}},"_links":{"self":[{"href":"https:\/\/discover-culture.com\/de\/wp-json\/wp\/v2\/product\/426","targetHints":{"allow":["GET"]}}],"collection":[{"href":"https:\/\/discover-culture.com\/de\/wp-json\/wp\/v2\/product"}],"about":[{"href":"https:\/\/discover-culture.com\/de\/wp-json\/wp\/v2\/types\/product"}],"wp:featuredmedia":[{"embeddable":true,"href":"https:\/\/discover-culture.com\/de\/wp-json\/wp\/v2\/media\/411"}],"wp:attachment":[{"href":"https:\/\/discover-culture.com\/de\/wp-json\/wp\/v2\/media?parent=426"}],"wp:term":[{"taxonomy":"product_brand","embeddable":true,"href":"https:\/\/discover-culture.com\/de\/wp-json\/wp\/v2\/product_brand?post=426"},{"taxonomy":"product_cat","embeddable":true,"href":"https:\/\/discover-culture.com\/de\/wp-json\/wp\/v2\/product_cat?post=426"},{"taxonomy":"product_tag","embeddable":true,"href":"https:\/\/discover-culture.com\/de\/wp-json\/wp\/v2\/product_tag?post=426"}],"curies":[{"name":"wp","href":"https:\/\/api.w.org\/{rel}","templated":true}]}}